{"id":79425,"date":"2025-12-15T00:20:21","date_gmt":"2025-12-14T23:20:21","guid":{"rendered":"https:\/\/www.koonings.com\/product\/ladybird-isolde-lb123ch1\/"},"modified":"2026-02-03T19:55:06","modified_gmt":"2026-02-03T18:55:06","slug":"ladybird-isolde-lb123ch1","status":"publish","type":"product","link":"https:\/\/www.koonings.com\/de\/product\/ladybird-isolde-lb123ch1\/","title":{"rendered":"Marienk\u00e4fer Isolde LB123CH1"},"content":{"rendered":"<p>Modernes und romantisches Hochzeitskleid aus der Ladybird Kollektion. Sensationelles Hochzeitskleid Isolde mit einem transparenten, mit Pailletten bestickten Spitzenmieder und einem weiten V-Ausschnitt mit \u00fcberschnittener Spitzenbord\u00fcre. Mit sch\u00f6nen Spitzenapplikationen am Rock f\u00fcr einen vertr\u00e4umten Look!  <\/p>\n","protected":false},"featured_media":69706,"template":"","meta":{"_acf_changed":false,"ghostkit_customizer_options":"","ghostkit_custom_css":"","ghostkit_custom_js_head":"","ghostkit_custom_js_foot":"","ghostkit_typography":""},"productdetails":[381],"productneck":[356],"productcolor":[393,392],"maat":[],"productsupplier":[437],"productsleeve":[359],"productcategory":[18],"productsilhouette":[388],"productstyle":[371,372,366],"class_list":["post-79425","product","type-product","status-publish","has-post-thumbnail","hentry","productdetails-381","productneck-356","productcolor-393","productcolor-392","productsupplier-ladybird","productsleeve-359","productcategory-trouwjurken","productsilhouette-388","productstyle-371","productstyle-372","productstyle-366"],"acf":[],"yoast_head":"<!-- This site is optimized with the Yoast SEO plugin v27.3 - https:\/\/yoast.com\/product\/yoast-seo-wordpress\/ -->\n<title>Marienk\u00e4fer Isolde LB123CH1 | Koonings<\/title>\n<meta name=\"description\" content=\"Modernes und romantisches Hochzeitskleid aus der Ladybird Kollektion. Sensationelles Hochzeitskleid Isolde mit einem transparenten, mit Pailletten bestickten Spitzenmieder und einem weiten V-Ausschnitt mit \u00fcberschnittener Spitzenbord\u00fcre. Mit sch\u00f6nen Spitzenapplikationen am Rock f\u00fcr einen vertr\u00e4umten Look!\" \/>\n<meta name=\"robots\" content=\"index, follow, max-snippet:-1, max-image-preview:large, max-video-preview:-1\" \/>\n<link rel=\"canonical\" href=\"https:\/\/www.koonings.com\/de\/product\/ladybird-isolde-lb123ch1\/\" \/>\n<meta property=\"og:locale\" content=\"de_DE\" \/>\n<meta property=\"og:type\" content=\"article\" \/>\n<meta property=\"og:title\" content=\"Marienk\u00e4fer Isolde LB123CH1 | Koonings\" \/>\n<meta property=\"og:description\" content=\"Modernes und romantisches Hochzeitskleid aus der Ladybird Kollektion. Sensationelles Hochzeitskleid Isolde mit einem transparenten, mit Pailletten bestickten Spitzenmieder und einem weiten V-Ausschnitt mit \u00fcberschnittener Spitzenbord\u00fcre. Mit sch\u00f6nen Spitzenapplikationen am Rock f\u00fcr einen vertr\u00e4umten Look!\" \/>\n<meta property=\"og:url\" content=\"https:\/\/www.koonings.com\/de\/product\/ladybird-isolde-lb123ch1\/\" \/>\n<meta property=\"og:site_name\" content=\"Koonings\" \/>\n<meta property=\"article:publisher\" content=\"https:\/\/www.facebook.com\/kooningstheweddingpalace\" \/>\n<meta property=\"article:modified_time\" content=\"2026-02-03T18:55:06+00:00\" \/>\n<meta property=\"og:image\" content=\"https:\/\/www.koonings.com\/wp-content\/uploads\/2024\/11\/39223_73a9a0e96421d86644dad2b0d8910f8c395aef039892e7461e7c4fdb74c0980f81d02f04.jpeg\" \/>\n\t<meta property=\"og:image:width\" content=\"1119\" \/>\n\t<meta property=\"og:image:height\" content=\"1583\" \/>\n\t<meta property=\"og:image:type\" content=\"image\/jpeg\" \/>\n<meta name=\"twitter:card\" content=\"summary_large_image\" \/>\n<script type=\"application\/ld+json\" class=\"yoast-schema-graph\">{\"@context\":\"https:\\\/\\\/schema.org\",\"@graph\":[{\"@type\":\"WebPage\",\"@id\":\"https:\\\/\\\/www.koonings.com\\\/de\\\/product\\\/ladybird-isolde-lb123ch1\\\/\",\"url\":\"https:\\\/\\\/www.koonings.com\\\/de\\\/product\\\/ladybird-isolde-lb123ch1\\\/\",\"name\":\"Marienk\u00e4fer Isolde LB123CH1 | Koonings\",\"isPartOf\":{\"@id\":\"https:\\\/\\\/www.koonings.com\\\/de\\\/#website\"},\"primaryImageOfPage\":{\"@id\":\"https:\\\/\\\/www.koonings.com\\\/de\\\/product\\\/ladybird-isolde-lb123ch1\\\/#primaryimage\"},\"image\":{\"@id\":\"https:\\\/\\\/www.koonings.com\\\/de\\\/product\\\/ladybird-isolde-lb123ch1\\\/#primaryimage\"},\"thumbnailUrl\":\"https:\\\/\\\/www.koonings.com\\\/wp-content\\\/uploads\\\/2024\\\/11\\\/39223_73a9a0e96421d86644dad2b0d8910f8c395aef039892e7461e7c4fdb74c0980f81d02f04.jpeg\",\"datePublished\":\"2025-12-14T23:20:21+00:00\",\"dateModified\":\"2026-02-03T18:55:06+00:00\",\"description\":\"Modernes und romantisches Hochzeitskleid aus der Ladybird Kollektion. Sensationelles Hochzeitskleid Isolde mit einem transparenten, mit Pailletten bestickten Spitzenmieder und einem weiten V-Ausschnitt mit \u00fcberschnittener Spitzenbord\u00fcre. Mit sch\u00f6nen Spitzenapplikationen am Rock f\u00fcr einen vertr\u00e4umten Look!\",\"breadcrumb\":{\"@id\":\"https:\\\/\\\/www.koonings.com\\\/de\\\/product\\\/ladybird-isolde-lb123ch1\\\/#breadcrumb\"},\"inLanguage\":\"de\",\"potentialAction\":[{\"@type\":\"ReadAction\",\"target\":[\"https:\\\/\\\/www.koonings.com\\\/de\\\/product\\\/ladybird-isolde-lb123ch1\\\/\"]}]},{\"@type\":\"ImageObject\",\"inLanguage\":\"de\",\"@id\":\"https:\\\/\\\/www.koonings.com\\\/de\\\/product\\\/ladybird-isolde-lb123ch1\\\/#primaryimage\",\"url\":\"https:\\\/\\\/www.koonings.com\\\/wp-content\\\/uploads\\\/2024\\\/11\\\/39223_73a9a0e96421d86644dad2b0d8910f8c395aef039892e7461e7c4fdb74c0980f81d02f04.jpeg\",\"contentUrl\":\"https:\\\/\\\/www.koonings.com\\\/wp-content\\\/uploads\\\/2024\\\/11\\\/39223_73a9a0e96421d86644dad2b0d8910f8c395aef039892e7461e7c4fdb74c0980f81d02f04.jpeg\",\"width\":1119,\"height\":1583},{\"@type\":\"BreadcrumbList\",\"@id\":\"https:\\\/\\\/www.koonings.com\\\/de\\\/product\\\/ladybird-isolde-lb123ch1\\\/#breadcrumb\",\"itemListElement\":[{\"@type\":\"ListItem\",\"position\":1,\"name\":\"Home\",\"item\":\"https:\\\/\\\/www.koonings.com\\\/de\\\/\"},{\"@type\":\"ListItem\",\"position\":2,\"name\":\"Marienk\u00e4fer Isolde LB123CH1\"}]},{\"@type\":\"WebSite\",\"@id\":\"https:\\\/\\\/www.koonings.com\\\/de\\\/#website\",\"url\":\"https:\\\/\\\/www.koonings.com\\\/de\\\/\",\"name\":\"Koonings\",\"description\":\"De grootste bruidsmodewinkel ter wereld\",\"publisher\":{\"@id\":\"https:\\\/\\\/www.koonings.com\\\/de\\\/#organization\"},\"potentialAction\":[{\"@type\":\"SearchAction\",\"target\":{\"@type\":\"EntryPoint\",\"urlTemplate\":\"https:\\\/\\\/www.koonings.com\\\/de\\\/?s={search_term_string}\"},\"query-input\":{\"@type\":\"PropertyValueSpecification\",\"valueRequired\":true,\"valueName\":\"search_term_string\"}}],\"inLanguage\":\"de\"},{\"@type\":\"Organization\",\"@id\":\"https:\\\/\\\/www.koonings.com\\\/de\\\/#organization\",\"name\":\"Koonings\",\"url\":\"https:\\\/\\\/www.koonings.com\\\/de\\\/\",\"logo\":{\"@type\":\"ImageObject\",\"inLanguage\":\"de\",\"@id\":\"https:\\\/\\\/www.koonings.com\\\/de\\\/#\\\/schema\\\/logo\\\/image\\\/\",\"url\":\"https:\\\/\\\/www.koonings.com\\\/wp-content\\\/uploads\\\/2024\\\/07\\\/logo.png\",\"contentUrl\":\"https:\\\/\\\/www.koonings.com\\\/wp-content\\\/uploads\\\/2024\\\/07\\\/logo.png\",\"width\":600,\"height\":428,\"caption\":\"Koonings\"},\"image\":{\"@id\":\"https:\\\/\\\/www.koonings.com\\\/de\\\/#\\\/schema\\\/logo\\\/image\\\/\"},\"sameAs\":[\"https:\\\/\\\/www.facebook.com\\\/kooningstheweddingpalace\",\"https:\\\/\\\/www.instagram.com\\\/kooningstheweddingpalace\",\"https:\\\/\\\/www.pinterest.com\\\/koonings\",\"https:\\\/\\\/www.youtube.com\\\/kooningstheweddingpalace\"]}]}<\/script>\n<!-- \/ Yoast SEO plugin. -->","yoast_head_json":{"title":"Marienk\u00e4fer Isolde LB123CH1 | Koonings","description":"Modernes und romantisches Hochzeitskleid aus der Ladybird Kollektion. Sensationelles Hochzeitskleid Isolde mit einem transparenten, mit Pailletten bestickten Spitzenmieder und einem weiten V-Ausschnitt mit \u00fcberschnittener Spitzenbord\u00fcre. Mit sch\u00f6nen Spitzenapplikationen am Rock f\u00fcr einen vertr\u00e4umten Look!","robots":{"index":"index","follow":"follow","max-snippet":"max-snippet:-1","max-image-preview":"max-image-preview:large","max-video-preview":"max-video-preview:-1"},"canonical":"https:\/\/www.koonings.com\/de\/product\/ladybird-isolde-lb123ch1\/","og_locale":"de_DE","og_type":"article","og_title":"Marienk\u00e4fer Isolde LB123CH1 | Koonings","og_description":"Modernes und romantisches Hochzeitskleid aus der Ladybird Kollektion. Sensationelles Hochzeitskleid Isolde mit einem transparenten, mit Pailletten bestickten Spitzenmieder und einem weiten V-Ausschnitt mit \u00fcberschnittener Spitzenbord\u00fcre. Mit sch\u00f6nen Spitzenapplikationen am Rock f\u00fcr einen vertr\u00e4umten Look!","og_url":"https:\/\/www.koonings.com\/de\/product\/ladybird-isolde-lb123ch1\/","og_site_name":"Koonings","article_publisher":"https:\/\/www.facebook.com\/kooningstheweddingpalace","article_modified_time":"2026-02-03T18:55:06+00:00","og_image":[{"width":1119,"height":1583,"url":"https:\/\/www.koonings.com\/wp-content\/uploads\/2024\/11\/39223_73a9a0e96421d86644dad2b0d8910f8c395aef039892e7461e7c4fdb74c0980f81d02f04.jpeg","type":"image\/jpeg"}],"twitter_card":"summary_large_image","schema":{"@context":"https:\/\/schema.org","@graph":[{"@type":"WebPage","@id":"https:\/\/www.koonings.com\/de\/product\/ladybird-isolde-lb123ch1\/","url":"https:\/\/www.koonings.com\/de\/product\/ladybird-isolde-lb123ch1\/","name":"Marienk\u00e4fer Isolde LB123CH1 | Koonings","isPartOf":{"@id":"https:\/\/www.koonings.com\/de\/#website"},"primaryImageOfPage":{"@id":"https:\/\/www.koonings.com\/de\/product\/ladybird-isolde-lb123ch1\/#primaryimage"},"image":{"@id":"https:\/\/www.koonings.com\/de\/product\/ladybird-isolde-lb123ch1\/#primaryimage"},"thumbnailUrl":"https:\/\/www.koonings.com\/wp-content\/uploads\/2024\/11\/39223_73a9a0e96421d86644dad2b0d8910f8c395aef039892e7461e7c4fdb74c0980f81d02f04.jpeg","datePublished":"2025-12-14T23:20:21+00:00","dateModified":"2026-02-03T18:55:06+00:00","description":"Modernes und romantisches Hochzeitskleid aus der Ladybird Kollektion. Sensationelles Hochzeitskleid Isolde mit einem transparenten, mit Pailletten bestickten Spitzenmieder und einem weiten V-Ausschnitt mit \u00fcberschnittener Spitzenbord\u00fcre. Mit sch\u00f6nen Spitzenapplikationen am Rock f\u00fcr einen vertr\u00e4umten Look!","breadcrumb":{"@id":"https:\/\/www.koonings.com\/de\/product\/ladybird-isolde-lb123ch1\/#breadcrumb"},"inLanguage":"de","potentialAction":[{"@type":"ReadAction","target":["https:\/\/www.koonings.com\/de\/product\/ladybird-isolde-lb123ch1\/"]}]},{"@type":"ImageObject","inLanguage":"de","@id":"https:\/\/www.koonings.com\/de\/product\/ladybird-isolde-lb123ch1\/#primaryimage","url":"https:\/\/www.koonings.com\/wp-content\/uploads\/2024\/11\/39223_73a9a0e96421d86644dad2b0d8910f8c395aef039892e7461e7c4fdb74c0980f81d02f04.jpeg","contentUrl":"https:\/\/www.koonings.com\/wp-content\/uploads\/2024\/11\/39223_73a9a0e96421d86644dad2b0d8910f8c395aef039892e7461e7c4fdb74c0980f81d02f04.jpeg","width":1119,"height":1583},{"@type":"BreadcrumbList","@id":"https:\/\/www.koonings.com\/de\/product\/ladybird-isolde-lb123ch1\/#breadcrumb","itemListElement":[{"@type":"ListItem","position":1,"name":"Home","item":"https:\/\/www.koonings.com\/de\/"},{"@type":"ListItem","position":2,"name":"Marienk\u00e4fer Isolde LB123CH1"}]},{"@type":"WebSite","@id":"https:\/\/www.koonings.com\/de\/#website","url":"https:\/\/www.koonings.com\/de\/","name":"Koonings","description":"De grootste bruidsmodewinkel ter wereld","publisher":{"@id":"https:\/\/www.koonings.com\/de\/#organization"},"potentialAction":[{"@type":"SearchAction","target":{"@type":"EntryPoint","urlTemplate":"https:\/\/www.koonings.com\/de\/?s={search_term_string}"},"query-input":{"@type":"PropertyValueSpecification","valueRequired":true,"valueName":"search_term_string"}}],"inLanguage":"de"},{"@type":"Organization","@id":"https:\/\/www.koonings.com\/de\/#organization","name":"Koonings","url":"https:\/\/www.koonings.com\/de\/","logo":{"@type":"ImageObject","inLanguage":"de","@id":"https:\/\/www.koonings.com\/de\/#\/schema\/logo\/image\/","url":"https:\/\/www.koonings.com\/wp-content\/uploads\/2024\/07\/logo.png","contentUrl":"https:\/\/www.koonings.com\/wp-content\/uploads\/2024\/07\/logo.png","width":600,"height":428,"caption":"Koonings"},"image":{"@id":"https:\/\/www.koonings.com\/de\/#\/schema\/logo\/image\/"},"sameAs":["https:\/\/www.facebook.com\/kooningstheweddingpalace","https:\/\/www.instagram.com\/kooningstheweddingpalace","https:\/\/www.pinterest.com\/koonings","https:\/\/www.youtube.com\/kooningstheweddingpalace"]}]}},"_links":{"self":[{"href":"https:\/\/www.koonings.com\/de\/wp-json\/wp\/v2\/product\/79425","targetHints":{"allow":["GET"]}}],"collection":[{"href":"https:\/\/www.koonings.com\/de\/wp-json\/wp\/v2\/product"}],"about":[{"href":"https:\/\/www.koonings.com\/de\/wp-json\/wp\/v2\/types\/product"}],"wp:featuredmedia":[{"embeddable":true,"href":"https:\/\/www.koonings.com\/de\/wp-json\/wp\/v2\/media\/69706"}],"wp:attachment":[{"href":"https:\/\/www.koonings.com\/de\/wp-json\/wp\/v2\/media?parent=79425"}],"wp:term":[{"taxonomy":"productdetails","embeddable":true,"href":"https:\/\/www.koonings.com\/de\/wp-json\/wp\/v2\/productdetails?post=79425"},{"taxonomy":"productneck","embeddable":true,"href":"https:\/\/www.koonings.com\/de\/wp-json\/wp\/v2\/productneck?post=79425"},{"taxonomy":"productcolor","embeddable":true,"href":"https:\/\/www.koonings.com\/de\/wp-json\/wp\/v2\/productcolor?post=79425"},{"taxonomy":"maat","embeddable":true,"href":"https:\/\/www.koonings.com\/de\/wp-json\/wp\/v2\/maat?post=79425"},{"taxonomy":"productsupplier","embeddable":true,"href":"https:\/\/www.koonings.com\/de\/wp-json\/wp\/v2\/productsupplier?post=79425"},{"taxonomy":"productsleeve","embeddable":true,"href":"https:\/\/www.koonings.com\/de\/wp-json\/wp\/v2\/productsleeve?post=79425"},{"taxonomy":"productcategory","embeddable":true,"href":"https:\/\/www.koonings.com\/de\/wp-json\/wp\/v2\/productcategory?post=79425"},{"taxonomy":"productsilhouette","embeddable":true,"href":"https:\/\/www.koonings.com\/de\/wp-json\/wp\/v2\/productsilhouette?post=79425"},{"taxonomy":"productstyle","embeddable":true,"href":"https:\/\/www.koonings.com\/de\/wp-json\/wp\/v2\/productstyle?post=79425"}],"curies":[{"name":"wp","href":"https:\/\/api.w.org\/{rel}","templated":true}]}}