{"id":79345,"date":"2026-04-28T18:26:41","date_gmt":"2026-04-28T16:26:41","guid":{"rendered":"https:\/\/www.koonings.com\/product\/enzoani-unity-2\/"},"modified":"2025-06-05T13:43:16","modified_gmt":"2025-06-05T11:43:16","slug":"enzoani-unity-2","status":"publish","type":"product","link":"https:\/\/www.koonings.com\/de\/product\/enzoani-unity-2\/","title":{"rendered":"Enzoani unity"},"content":{"rendered":"<p>Strahlen Sie Selbstvertrauen und Raffinesse aus in diesem verzierten Meerjungfrauenkleid aus Spitze, UNITY. Der romantische herzf\u00f6rmige Ausschnitt und die aufwendigen Spitzendetails sorgen f\u00fcr einen bezaubernden Look, w\u00e4hrend die figurschmeichelnde Silhouette mit Illusionsausschnitten an der Seite daf\u00fcr sorgt, dass alle Augen auf Sie gerichtet sind, wenn Sie zum Altar schreiten. Dieses Kleid ist mit handgestickten 3D-Blumenapplikationen, glitzernder botanischer Stickereispitze und passenden abnehmbaren Schultertr\u00e4gern verziert.  <\/p>\n","protected":false},"featured_media":70106,"template":"","meta":{"_acf_changed":false,"ghostkit_customizer_options":"","ghostkit_custom_css":"","ghostkit_custom_js_head":"","ghostkit_custom_js_foot":"","ghostkit_typography":""},"productdetails":[379,381],"productneck":[354,355],"productcolor":[393,392],"maat":[],"productsupplier":[406],"productsleeve":[363],"productcategory":[18],"productsilhouette":[387],"productstyle":[366],"class_list":["post-79345","product","type-product","status-publish","has-post-thumbnail","hentry","productdetails-379","productdetails-381","productneck-354","productneck-355","productcolor-393","productcolor-392","productsupplier-enzoani","productsleeve-363","productcategory-trouwjurken","productsilhouette-387","productstyle-366"],"acf":[],"yoast_head":"<!-- This site is optimized with the Yoast SEO plugin v27.3 - https:\/\/yoast.com\/product\/yoast-seo-wordpress\/ -->\n<title>Enzoani unity | Koonings<\/title>\n<meta name=\"description\" content=\"Strahlen Sie Selbstvertrauen und Raffinesse aus in diesem verzierten Meerjungfrauenkleid aus Spitze, UNITY. Der romantische herzf\u00f6rmige Ausschnitt und die aufwendigen Spitzendetails sorgen f\u00fcr einen bezaubernden Look, w\u00e4hrend die figurschmeichelnde Silhouette mit Illusionsausschnitten an der Seite daf\u00fcr sorgt, dass alle Augen auf Sie gerichtet sind, wenn Sie zum Altar schreiten. Dieses Kleid ist mit handgestickten 3D-Blumenapplikationen, glitzernder botanischer Stickereispitze und passenden abnehmbaren Schultertr\u00e4gern verziert.\" \/>\n<meta name=\"robots\" content=\"index, follow, max-snippet:-1, max-image-preview:large, max-video-preview:-1\" \/>\n<link rel=\"canonical\" href=\"https:\/\/www.koonings.com\/de\/product\/enzoani-unity-2\/\" \/>\n<meta property=\"og:locale\" content=\"de_DE\" \/>\n<meta property=\"og:type\" content=\"article\" \/>\n<meta property=\"og:title\" content=\"Enzoani unity | Koonings\" \/>\n<meta property=\"og:description\" content=\"Strahlen Sie Selbstvertrauen und Raffinesse aus in diesem verzierten Meerjungfrauenkleid aus Spitze, UNITY. Der romantische herzf\u00f6rmige Ausschnitt und die aufwendigen Spitzendetails sorgen f\u00fcr einen bezaubernden Look, w\u00e4hrend die figurschmeichelnde Silhouette mit Illusionsausschnitten an der Seite daf\u00fcr sorgt, dass alle Augen auf Sie gerichtet sind, wenn Sie zum Altar schreiten. Dieses Kleid ist mit handgestickten 3D-Blumenapplikationen, glitzernder botanischer Stickereispitze und passenden abnehmbaren Schultertr\u00e4gern verziert.\" \/>\n<meta property=\"og:url\" content=\"https:\/\/www.koonings.com\/de\/product\/enzoani-unity-2\/\" \/>\n<meta property=\"og:site_name\" content=\"Koonings\" \/>\n<meta property=\"article:publisher\" content=\"https:\/\/www.facebook.com\/kooningstheweddingpalace\" \/>\n<meta property=\"og:image\" content=\"https:\/\/www.koonings.com\/wp-content\/uploads\/2024\/11\/41250_98ed2f165c602660ad268a9ded0a2ec800ea85d7b819813f5d0f58733ed50d3127104413.jpeg\" \/>\n\t<meta property=\"og:image:width\" content=\"1035\" \/>\n\t<meta property=\"og:image:height\" content=\"1380\" \/>\n\t<meta property=\"og:image:type\" content=\"image\/jpeg\" \/>\n<meta name=\"twitter:card\" content=\"summary_large_image\" \/>\n<script type=\"application\/ld+json\" class=\"yoast-schema-graph\">{\"@context\":\"https:\\\/\\\/schema.org\",\"@graph\":[{\"@type\":\"WebPage\",\"@id\":\"https:\\\/\\\/www.koonings.com\\\/de\\\/product\\\/enzoani-unity-2\\\/\",\"url\":\"https:\\\/\\\/www.koonings.com\\\/de\\\/product\\\/enzoani-unity-2\\\/\",\"name\":\"Enzoani unity | Koonings\",\"isPartOf\":{\"@id\":\"https:\\\/\\\/www.koonings.com\\\/de\\\/#website\"},\"primaryImageOfPage\":{\"@id\":\"https:\\\/\\\/www.koonings.com\\\/de\\\/product\\\/enzoani-unity-2\\\/#primaryimage\"},\"image\":{\"@id\":\"https:\\\/\\\/www.koonings.com\\\/de\\\/product\\\/enzoani-unity-2\\\/#primaryimage\"},\"thumbnailUrl\":\"https:\\\/\\\/www.koonings.com\\\/wp-content\\\/uploads\\\/2024\\\/11\\\/41250_98ed2f165c602660ad268a9ded0a2ec800ea85d7b819813f5d0f58733ed50d3127104413.jpeg\",\"datePublished\":\"2026-04-28T16:26:41+00:00\",\"description\":\"Strahlen Sie Selbstvertrauen und Raffinesse aus in diesem verzierten Meerjungfrauenkleid aus Spitze, UNITY. Der romantische herzf\u00f6rmige Ausschnitt und die aufwendigen Spitzendetails sorgen f\u00fcr einen bezaubernden Look, w\u00e4hrend die figurschmeichelnde Silhouette mit Illusionsausschnitten an der Seite daf\u00fcr sorgt, dass alle Augen auf Sie gerichtet sind, wenn Sie zum Altar schreiten. Dieses Kleid ist mit handgestickten 3D-Blumenapplikationen, glitzernder botanischer Stickereispitze und passenden abnehmbaren Schultertr\u00e4gern verziert.\",\"breadcrumb\":{\"@id\":\"https:\\\/\\\/www.koonings.com\\\/de\\\/product\\\/enzoani-unity-2\\\/#breadcrumb\"},\"inLanguage\":\"de\",\"potentialAction\":[{\"@type\":\"ReadAction\",\"target\":[\"https:\\\/\\\/www.koonings.com\\\/de\\\/product\\\/enzoani-unity-2\\\/\"]}]},{\"@type\":\"ImageObject\",\"inLanguage\":\"de\",\"@id\":\"https:\\\/\\\/www.koonings.com\\\/de\\\/product\\\/enzoani-unity-2\\\/#primaryimage\",\"url\":\"https:\\\/\\\/www.koonings.com\\\/wp-content\\\/uploads\\\/2024\\\/11\\\/41250_98ed2f165c602660ad268a9ded0a2ec800ea85d7b819813f5d0f58733ed50d3127104413.jpeg\",\"contentUrl\":\"https:\\\/\\\/www.koonings.com\\\/wp-content\\\/uploads\\\/2024\\\/11\\\/41250_98ed2f165c602660ad268a9ded0a2ec800ea85d7b819813f5d0f58733ed50d3127104413.jpeg\",\"width\":1035,\"height\":1380},{\"@type\":\"BreadcrumbList\",\"@id\":\"https:\\\/\\\/www.koonings.com\\\/de\\\/product\\\/enzoani-unity-2\\\/#breadcrumb\",\"itemListElement\":[{\"@type\":\"ListItem\",\"position\":1,\"name\":\"Home\",\"item\":\"https:\\\/\\\/www.koonings.com\\\/de\\\/\"},{\"@type\":\"ListItem\",\"position\":2,\"name\":\"Enzoani unity\"}]},{\"@type\":\"WebSite\",\"@id\":\"https:\\\/\\\/www.koonings.com\\\/de\\\/#website\",\"url\":\"https:\\\/\\\/www.koonings.com\\\/de\\\/\",\"name\":\"Koonings\",\"description\":\"De grootste bruidsmodewinkel ter wereld\",\"publisher\":{\"@id\":\"https:\\\/\\\/www.koonings.com\\\/de\\\/#organization\"},\"potentialAction\":[{\"@type\":\"SearchAction\",\"target\":{\"@type\":\"EntryPoint\",\"urlTemplate\":\"https:\\\/\\\/www.koonings.com\\\/de\\\/?s={search_term_string}\"},\"query-input\":{\"@type\":\"PropertyValueSpecification\",\"valueRequired\":true,\"valueName\":\"search_term_string\"}}],\"inLanguage\":\"de\"},{\"@type\":\"Organization\",\"@id\":\"https:\\\/\\\/www.koonings.com\\\/de\\\/#organization\",\"name\":\"Koonings\",\"url\":\"https:\\\/\\\/www.koonings.com\\\/de\\\/\",\"logo\":{\"@type\":\"ImageObject\",\"inLanguage\":\"de\",\"@id\":\"https:\\\/\\\/www.koonings.com\\\/de\\\/#\\\/schema\\\/logo\\\/image\\\/\",\"url\":\"https:\\\/\\\/www.koonings.com\\\/wp-content\\\/uploads\\\/2024\\\/07\\\/logo.png\",\"contentUrl\":\"https:\\\/\\\/www.koonings.com\\\/wp-content\\\/uploads\\\/2024\\\/07\\\/logo.png\",\"width\":600,\"height\":428,\"caption\":\"Koonings\"},\"image\":{\"@id\":\"https:\\\/\\\/www.koonings.com\\\/de\\\/#\\\/schema\\\/logo\\\/image\\\/\"},\"sameAs\":[\"https:\\\/\\\/www.facebook.com\\\/kooningstheweddingpalace\",\"https:\\\/\\\/www.instagram.com\\\/kooningstheweddingpalace\",\"https:\\\/\\\/www.pinterest.com\\\/koonings\",\"https:\\\/\\\/www.youtube.com\\\/kooningstheweddingpalace\"]}]}<\/script>\n<!-- \/ Yoast SEO plugin. -->","yoast_head_json":{"title":"Enzoani unity | Koonings","description":"Strahlen Sie Selbstvertrauen und Raffinesse aus in diesem verzierten Meerjungfrauenkleid aus Spitze, UNITY. Der romantische herzf\u00f6rmige Ausschnitt und die aufwendigen Spitzendetails sorgen f\u00fcr einen bezaubernden Look, w\u00e4hrend die figurschmeichelnde Silhouette mit Illusionsausschnitten an der Seite daf\u00fcr sorgt, dass alle Augen auf Sie gerichtet sind, wenn Sie zum Altar schreiten. Dieses Kleid ist mit handgestickten 3D-Blumenapplikationen, glitzernder botanischer Stickereispitze und passenden abnehmbaren Schultertr\u00e4gern verziert.","robots":{"index":"index","follow":"follow","max-snippet":"max-snippet:-1","max-image-preview":"max-image-preview:large","max-video-preview":"max-video-preview:-1"},"canonical":"https:\/\/www.koonings.com\/de\/product\/enzoani-unity-2\/","og_locale":"de_DE","og_type":"article","og_title":"Enzoani unity | Koonings","og_description":"Strahlen Sie Selbstvertrauen und Raffinesse aus in diesem verzierten Meerjungfrauenkleid aus Spitze, UNITY. Der romantische herzf\u00f6rmige Ausschnitt und die aufwendigen Spitzendetails sorgen f\u00fcr einen bezaubernden Look, w\u00e4hrend die figurschmeichelnde Silhouette mit Illusionsausschnitten an der Seite daf\u00fcr sorgt, dass alle Augen auf Sie gerichtet sind, wenn Sie zum Altar schreiten. Dieses Kleid ist mit handgestickten 3D-Blumenapplikationen, glitzernder botanischer Stickereispitze und passenden abnehmbaren Schultertr\u00e4gern verziert.","og_url":"https:\/\/www.koonings.com\/de\/product\/enzoani-unity-2\/","og_site_name":"Koonings","article_publisher":"https:\/\/www.facebook.com\/kooningstheweddingpalace","og_image":[{"width":1035,"height":1380,"url":"https:\/\/www.koonings.com\/wp-content\/uploads\/2024\/11\/41250_98ed2f165c602660ad268a9ded0a2ec800ea85d7b819813f5d0f58733ed50d3127104413.jpeg","type":"image\/jpeg"}],"twitter_card":"summary_large_image","schema":{"@context":"https:\/\/schema.org","@graph":[{"@type":"WebPage","@id":"https:\/\/www.koonings.com\/de\/product\/enzoani-unity-2\/","url":"https:\/\/www.koonings.com\/de\/product\/enzoani-unity-2\/","name":"Enzoani unity | Koonings","isPartOf":{"@id":"https:\/\/www.koonings.com\/de\/#website"},"primaryImageOfPage":{"@id":"https:\/\/www.koonings.com\/de\/product\/enzoani-unity-2\/#primaryimage"},"image":{"@id":"https:\/\/www.koonings.com\/de\/product\/enzoani-unity-2\/#primaryimage"},"thumbnailUrl":"https:\/\/www.koonings.com\/wp-content\/uploads\/2024\/11\/41250_98ed2f165c602660ad268a9ded0a2ec800ea85d7b819813f5d0f58733ed50d3127104413.jpeg","datePublished":"2026-04-28T16:26:41+00:00","description":"Strahlen Sie Selbstvertrauen und Raffinesse aus in diesem verzierten Meerjungfrauenkleid aus Spitze, UNITY. Der romantische herzf\u00f6rmige Ausschnitt und die aufwendigen Spitzendetails sorgen f\u00fcr einen bezaubernden Look, w\u00e4hrend die figurschmeichelnde Silhouette mit Illusionsausschnitten an der Seite daf\u00fcr sorgt, dass alle Augen auf Sie gerichtet sind, wenn Sie zum Altar schreiten. Dieses Kleid ist mit handgestickten 3D-Blumenapplikationen, glitzernder botanischer Stickereispitze und passenden abnehmbaren Schultertr\u00e4gern verziert.","breadcrumb":{"@id":"https:\/\/www.koonings.com\/de\/product\/enzoani-unity-2\/#breadcrumb"},"inLanguage":"de","potentialAction":[{"@type":"ReadAction","target":["https:\/\/www.koonings.com\/de\/product\/enzoani-unity-2\/"]}]},{"@type":"ImageObject","inLanguage":"de","@id":"https:\/\/www.koonings.com\/de\/product\/enzoani-unity-2\/#primaryimage","url":"https:\/\/www.koonings.com\/wp-content\/uploads\/2024\/11\/41250_98ed2f165c602660ad268a9ded0a2ec800ea85d7b819813f5d0f58733ed50d3127104413.jpeg","contentUrl":"https:\/\/www.koonings.com\/wp-content\/uploads\/2024\/11\/41250_98ed2f165c602660ad268a9ded0a2ec800ea85d7b819813f5d0f58733ed50d3127104413.jpeg","width":1035,"height":1380},{"@type":"BreadcrumbList","@id":"https:\/\/www.koonings.com\/de\/product\/enzoani-unity-2\/#breadcrumb","itemListElement":[{"@type":"ListItem","position":1,"name":"Home","item":"https:\/\/www.koonings.com\/de\/"},{"@type":"ListItem","position":2,"name":"Enzoani unity"}]},{"@type":"WebSite","@id":"https:\/\/www.koonings.com\/de\/#website","url":"https:\/\/www.koonings.com\/de\/","name":"Koonings","description":"De grootste bruidsmodewinkel ter wereld","publisher":{"@id":"https:\/\/www.koonings.com\/de\/#organization"},"potentialAction":[{"@type":"SearchAction","target":{"@type":"EntryPoint","urlTemplate":"https:\/\/www.koonings.com\/de\/?s={search_term_string}"},"query-input":{"@type":"PropertyValueSpecification","valueRequired":true,"valueName":"search_term_string"}}],"inLanguage":"de"},{"@type":"Organization","@id":"https:\/\/www.koonings.com\/de\/#organization","name":"Koonings","url":"https:\/\/www.koonings.com\/de\/","logo":{"@type":"ImageObject","inLanguage":"de","@id":"https:\/\/www.koonings.com\/de\/#\/schema\/logo\/image\/","url":"https:\/\/www.koonings.com\/wp-content\/uploads\/2024\/07\/logo.png","contentUrl":"https:\/\/www.koonings.com\/wp-content\/uploads\/2024\/07\/logo.png","width":600,"height":428,"caption":"Koonings"},"image":{"@id":"https:\/\/www.koonings.com\/de\/#\/schema\/logo\/image\/"},"sameAs":["https:\/\/www.facebook.com\/kooningstheweddingpalace","https:\/\/www.instagram.com\/kooningstheweddingpalace","https:\/\/www.pinterest.com\/koonings","https:\/\/www.youtube.com\/kooningstheweddingpalace"]}]}},"_links":{"self":[{"href":"https:\/\/www.koonings.com\/de\/wp-json\/wp\/v2\/product\/79345","targetHints":{"allow":["GET"]}}],"collection":[{"href":"https:\/\/www.koonings.com\/de\/wp-json\/wp\/v2\/product"}],"about":[{"href":"https:\/\/www.koonings.com\/de\/wp-json\/wp\/v2\/types\/product"}],"wp:featuredmedia":[{"embeddable":true,"href":"https:\/\/www.koonings.com\/de\/wp-json\/wp\/v2\/media\/70106"}],"wp:attachment":[{"href":"https:\/\/www.koonings.com\/de\/wp-json\/wp\/v2\/media?parent=79345"}],"wp:term":[{"taxonomy":"productdetails","embeddable":true,"href":"https:\/\/www.koonings.com\/de\/wp-json\/wp\/v2\/productdetails?post=79345"},{"taxonomy":"productneck","embeddable":true,"href":"https:\/\/www.koonings.com\/de\/wp-json\/wp\/v2\/productneck?post=79345"},{"taxonomy":"productcolor","embeddable":true,"href":"https:\/\/www.koonings.com\/de\/wp-json\/wp\/v2\/productcolor?post=79345"},{"taxonomy":"maat","embeddable":true,"href":"https:\/\/www.koonings.com\/de\/wp-json\/wp\/v2\/maat?post=79345"},{"taxonomy":"productsupplier","embeddable":true,"href":"https:\/\/www.koonings.com\/de\/wp-json\/wp\/v2\/productsupplier?post=79345"},{"taxonomy":"productsleeve","embeddable":true,"href":"https:\/\/www.koonings.com\/de\/wp-json\/wp\/v2\/productsleeve?post=79345"},{"taxonomy":"productcategory","embeddable":true,"href":"https:\/\/www.koonings.com\/de\/wp-json\/wp\/v2\/productcategory?post=79345"},{"taxonomy":"productsilhouette","embeddable":true,"href":"https:\/\/www.koonings.com\/de\/wp-json\/wp\/v2\/productsilhouette?post=79345"},{"taxonomy":"productstyle","embeddable":true,"href":"https:\/\/www.koonings.com\/de\/wp-json\/wp\/v2\/productstyle?post=79345"}],"curies":[{"name":"wp","href":"https:\/\/api.w.org\/{rel}","templated":true}]}}