{"id":79312,"date":"2026-05-06T15:22:55","date_gmt":"2026-05-06T13:22:55","guid":{"rendered":"https:\/\/www.koonings.com\/product\/milla-nova-keith\/"},"modified":"2025-06-05T13:43:30","modified_gmt":"2025-06-05T11:43:30","slug":"milla-nova-keith","status":"publish","type":"product","link":"https:\/\/www.koonings.com\/de\/product\/milla-nova-keith\/","title":{"rendered":"Milla Nova Keith"},"content":{"rendered":"<p>Fesselndes, halbtransparentes Hochzeitskleid in A-Linie, das mit 3D-Blumen, Perlen und Pailletten verziert ist. Es besteht aus einem herzf\u00f6rmigen Korsett mit T\u00fclltr\u00e4gern, die Sie auf verschiedene Weise binden oder auf die Schultern fallen lassen k\u00f6nnen. Der Maxirock ist mit Spitze besetzt und hat eine lange, bauschige Schleppe.  <\/p>\n","protected":false},"featured_media":70460,"template":"","meta":{"_acf_changed":false,"ghostkit_customizer_options":"","ghostkit_custom_css":"","ghostkit_custom_js_head":"","ghostkit_custom_js_foot":"","ghostkit_typography":""},"productdetails":[379,377],"productneck":[354],"productcolor":[392],"maat":[],"productsupplier":[446],"productsleeve":[363],"productcategory":[18],"productsilhouette":[384],"productstyle":[366,370],"class_list":["post-79312","product","type-product","status-publish","has-post-thumbnail","hentry","productdetails-379","productdetails-377","productneck-354","productcolor-392","productsupplier-milla-nova","productsleeve-363","productcategory-trouwjurken","productsilhouette-384","productstyle-366","productstyle-370"],"acf":[],"yoast_head":"<!-- This site is optimized with the Yoast SEO plugin v27.3 - https:\/\/yoast.com\/product\/yoast-seo-wordpress\/ -->\n<title>Milla Nova Keith | Koonings<\/title>\n<meta name=\"description\" content=\"Fesselndes, halbtransparentes Hochzeitskleid in A-Linie, das mit 3D-Blumen, Perlen und Pailletten verziert ist. Es besteht aus einem herzf\u00f6rmigen Korsett mit T\u00fclltr\u00e4gern, die Sie auf verschiedene Weise binden oder auf die Schultern fallen lassen k\u00f6nnen. Der Maxirock ist mit Spitze besetzt und hat eine lange, bauschige Schleppe.\" \/>\n<meta name=\"robots\" content=\"index, follow, max-snippet:-1, max-image-preview:large, max-video-preview:-1\" \/>\n<link rel=\"canonical\" href=\"https:\/\/www.koonings.com\/de\/product\/milla-nova-keith\/\" \/>\n<meta property=\"og:locale\" content=\"de_DE\" \/>\n<meta property=\"og:type\" content=\"article\" \/>\n<meta property=\"og:title\" content=\"Milla Nova Keith | Koonings\" \/>\n<meta property=\"og:description\" content=\"Fesselndes, halbtransparentes Hochzeitskleid in A-Linie, das mit 3D-Blumen, Perlen und Pailletten verziert ist. Es besteht aus einem herzf\u00f6rmigen Korsett mit T\u00fclltr\u00e4gern, die Sie auf verschiedene Weise binden oder auf die Schultern fallen lassen k\u00f6nnen. Der Maxirock ist mit Spitze besetzt und hat eine lange, bauschige Schleppe.\" \/>\n<meta property=\"og:url\" content=\"https:\/\/www.koonings.com\/de\/product\/milla-nova-keith\/\" \/>\n<meta property=\"og:site_name\" content=\"Koonings\" \/>\n<meta property=\"article:publisher\" content=\"https:\/\/www.facebook.com\/kooningstheweddingpalace\" \/>\n<meta property=\"og:image\" content=\"https:\/\/www.koonings.com\/wp-content\/uploads\/2024\/11\/40873_91b7fb5f72ed364687e42afca16f9b59f02ff19e86c56a5cd72ea2982af02d483c175a2d-scaled.jpeg\" \/>\n\t<meta property=\"og:image:width\" content=\"1807\" \/>\n\t<meta property=\"og:image:height\" content=\"2560\" \/>\n\t<meta property=\"og:image:type\" content=\"image\/jpeg\" \/>\n<meta name=\"twitter:card\" content=\"summary_large_image\" \/>\n<script type=\"application\/ld+json\" class=\"yoast-schema-graph\">{\"@context\":\"https:\\\/\\\/schema.org\",\"@graph\":[{\"@type\":\"WebPage\",\"@id\":\"https:\\\/\\\/www.koonings.com\\\/de\\\/product\\\/milla-nova-keith\\\/\",\"url\":\"https:\\\/\\\/www.koonings.com\\\/de\\\/product\\\/milla-nova-keith\\\/\",\"name\":\"Milla Nova Keith | Koonings\",\"isPartOf\":{\"@id\":\"https:\\\/\\\/www.koonings.com\\\/de\\\/#website\"},\"primaryImageOfPage\":{\"@id\":\"https:\\\/\\\/www.koonings.com\\\/de\\\/product\\\/milla-nova-keith\\\/#primaryimage\"},\"image\":{\"@id\":\"https:\\\/\\\/www.koonings.com\\\/de\\\/product\\\/milla-nova-keith\\\/#primaryimage\"},\"thumbnailUrl\":\"https:\\\/\\\/www.koonings.com\\\/wp-content\\\/uploads\\\/2024\\\/11\\\/40873_91b7fb5f72ed364687e42afca16f9b59f02ff19e86c56a5cd72ea2982af02d483c175a2d-scaled.jpeg\",\"datePublished\":\"2026-05-06T13:22:55+00:00\",\"description\":\"Fesselndes, halbtransparentes Hochzeitskleid in A-Linie, das mit 3D-Blumen, Perlen und Pailletten verziert ist. Es besteht aus einem herzf\u00f6rmigen Korsett mit T\u00fclltr\u00e4gern, die Sie auf verschiedene Weise binden oder auf die Schultern fallen lassen k\u00f6nnen. Der Maxirock ist mit Spitze besetzt und hat eine lange, bauschige Schleppe.\",\"breadcrumb\":{\"@id\":\"https:\\\/\\\/www.koonings.com\\\/de\\\/product\\\/milla-nova-keith\\\/#breadcrumb\"},\"inLanguage\":\"de\",\"potentialAction\":[{\"@type\":\"ReadAction\",\"target\":[\"https:\\\/\\\/www.koonings.com\\\/de\\\/product\\\/milla-nova-keith\\\/\"]}]},{\"@type\":\"ImageObject\",\"inLanguage\":\"de\",\"@id\":\"https:\\\/\\\/www.koonings.com\\\/de\\\/product\\\/milla-nova-keith\\\/#primaryimage\",\"url\":\"https:\\\/\\\/www.koonings.com\\\/wp-content\\\/uploads\\\/2024\\\/11\\\/40873_91b7fb5f72ed364687e42afca16f9b59f02ff19e86c56a5cd72ea2982af02d483c175a2d-scaled.jpeg\",\"contentUrl\":\"https:\\\/\\\/www.koonings.com\\\/wp-content\\\/uploads\\\/2024\\\/11\\\/40873_91b7fb5f72ed364687e42afca16f9b59f02ff19e86c56a5cd72ea2982af02d483c175a2d-scaled.jpeg\",\"width\":1807,\"height\":2560},{\"@type\":\"BreadcrumbList\",\"@id\":\"https:\\\/\\\/www.koonings.com\\\/de\\\/product\\\/milla-nova-keith\\\/#breadcrumb\",\"itemListElement\":[{\"@type\":\"ListItem\",\"position\":1,\"name\":\"Home\",\"item\":\"https:\\\/\\\/www.koonings.com\\\/de\\\/\"},{\"@type\":\"ListItem\",\"position\":2,\"name\":\"Milla Nova Keith\"}]},{\"@type\":\"WebSite\",\"@id\":\"https:\\\/\\\/www.koonings.com\\\/de\\\/#website\",\"url\":\"https:\\\/\\\/www.koonings.com\\\/de\\\/\",\"name\":\"Koonings\",\"description\":\"De grootste bruidsmodewinkel ter wereld\",\"publisher\":{\"@id\":\"https:\\\/\\\/www.koonings.com\\\/de\\\/#organization\"},\"potentialAction\":[{\"@type\":\"SearchAction\",\"target\":{\"@type\":\"EntryPoint\",\"urlTemplate\":\"https:\\\/\\\/www.koonings.com\\\/de\\\/?s={search_term_string}\"},\"query-input\":{\"@type\":\"PropertyValueSpecification\",\"valueRequired\":true,\"valueName\":\"search_term_string\"}}],\"inLanguage\":\"de\"},{\"@type\":\"Organization\",\"@id\":\"https:\\\/\\\/www.koonings.com\\\/de\\\/#organization\",\"name\":\"Koonings\",\"url\":\"https:\\\/\\\/www.koonings.com\\\/de\\\/\",\"logo\":{\"@type\":\"ImageObject\",\"inLanguage\":\"de\",\"@id\":\"https:\\\/\\\/www.koonings.com\\\/de\\\/#\\\/schema\\\/logo\\\/image\\\/\",\"url\":\"https:\\\/\\\/www.koonings.com\\\/wp-content\\\/uploads\\\/2024\\\/07\\\/logo.png\",\"contentUrl\":\"https:\\\/\\\/www.koonings.com\\\/wp-content\\\/uploads\\\/2024\\\/07\\\/logo.png\",\"width\":600,\"height\":428,\"caption\":\"Koonings\"},\"image\":{\"@id\":\"https:\\\/\\\/www.koonings.com\\\/de\\\/#\\\/schema\\\/logo\\\/image\\\/\"},\"sameAs\":[\"https:\\\/\\\/www.facebook.com\\\/kooningstheweddingpalace\",\"https:\\\/\\\/www.instagram.com\\\/kooningstheweddingpalace\",\"https:\\\/\\\/www.pinterest.com\\\/koonings\",\"https:\\\/\\\/www.youtube.com\\\/kooningstheweddingpalace\"]}]}<\/script>\n<!-- \/ Yoast SEO plugin. -->","yoast_head_json":{"title":"Milla Nova Keith | Koonings","description":"Fesselndes, halbtransparentes Hochzeitskleid in A-Linie, das mit 3D-Blumen, Perlen und Pailletten verziert ist. Es besteht aus einem herzf\u00f6rmigen Korsett mit T\u00fclltr\u00e4gern, die Sie auf verschiedene Weise binden oder auf die Schultern fallen lassen k\u00f6nnen. Der Maxirock ist mit Spitze besetzt und hat eine lange, bauschige Schleppe.","robots":{"index":"index","follow":"follow","max-snippet":"max-snippet:-1","max-image-preview":"max-image-preview:large","max-video-preview":"max-video-preview:-1"},"canonical":"https:\/\/www.koonings.com\/de\/product\/milla-nova-keith\/","og_locale":"de_DE","og_type":"article","og_title":"Milla Nova Keith | Koonings","og_description":"Fesselndes, halbtransparentes Hochzeitskleid in A-Linie, das mit 3D-Blumen, Perlen und Pailletten verziert ist. Es besteht aus einem herzf\u00f6rmigen Korsett mit T\u00fclltr\u00e4gern, die Sie auf verschiedene Weise binden oder auf die Schultern fallen lassen k\u00f6nnen. Der Maxirock ist mit Spitze besetzt und hat eine lange, bauschige Schleppe.","og_url":"https:\/\/www.koonings.com\/de\/product\/milla-nova-keith\/","og_site_name":"Koonings","article_publisher":"https:\/\/www.facebook.com\/kooningstheweddingpalace","og_image":[{"width":1807,"height":2560,"url":"https:\/\/www.koonings.com\/wp-content\/uploads\/2024\/11\/40873_91b7fb5f72ed364687e42afca16f9b59f02ff19e86c56a5cd72ea2982af02d483c175a2d-scaled.jpeg","type":"image\/jpeg"}],"twitter_card":"summary_large_image","schema":{"@context":"https:\/\/schema.org","@graph":[{"@type":"WebPage","@id":"https:\/\/www.koonings.com\/de\/product\/milla-nova-keith\/","url":"https:\/\/www.koonings.com\/de\/product\/milla-nova-keith\/","name":"Milla Nova Keith | Koonings","isPartOf":{"@id":"https:\/\/www.koonings.com\/de\/#website"},"primaryImageOfPage":{"@id":"https:\/\/www.koonings.com\/de\/product\/milla-nova-keith\/#primaryimage"},"image":{"@id":"https:\/\/www.koonings.com\/de\/product\/milla-nova-keith\/#primaryimage"},"thumbnailUrl":"https:\/\/www.koonings.com\/wp-content\/uploads\/2024\/11\/40873_91b7fb5f72ed364687e42afca16f9b59f02ff19e86c56a5cd72ea2982af02d483c175a2d-scaled.jpeg","datePublished":"2026-05-06T13:22:55+00:00","description":"Fesselndes, halbtransparentes Hochzeitskleid in A-Linie, das mit 3D-Blumen, Perlen und Pailletten verziert ist. Es besteht aus einem herzf\u00f6rmigen Korsett mit T\u00fclltr\u00e4gern, die Sie auf verschiedene Weise binden oder auf die Schultern fallen lassen k\u00f6nnen. Der Maxirock ist mit Spitze besetzt und hat eine lange, bauschige Schleppe.","breadcrumb":{"@id":"https:\/\/www.koonings.com\/de\/product\/milla-nova-keith\/#breadcrumb"},"inLanguage":"de","potentialAction":[{"@type":"ReadAction","target":["https:\/\/www.koonings.com\/de\/product\/milla-nova-keith\/"]}]},{"@type":"ImageObject","inLanguage":"de","@id":"https:\/\/www.koonings.com\/de\/product\/milla-nova-keith\/#primaryimage","url":"https:\/\/www.koonings.com\/wp-content\/uploads\/2024\/11\/40873_91b7fb5f72ed364687e42afca16f9b59f02ff19e86c56a5cd72ea2982af02d483c175a2d-scaled.jpeg","contentUrl":"https:\/\/www.koonings.com\/wp-content\/uploads\/2024\/11\/40873_91b7fb5f72ed364687e42afca16f9b59f02ff19e86c56a5cd72ea2982af02d483c175a2d-scaled.jpeg","width":1807,"height":2560},{"@type":"BreadcrumbList","@id":"https:\/\/www.koonings.com\/de\/product\/milla-nova-keith\/#breadcrumb","itemListElement":[{"@type":"ListItem","position":1,"name":"Home","item":"https:\/\/www.koonings.com\/de\/"},{"@type":"ListItem","position":2,"name":"Milla Nova Keith"}]},{"@type":"WebSite","@id":"https:\/\/www.koonings.com\/de\/#website","url":"https:\/\/www.koonings.com\/de\/","name":"Koonings","description":"De grootste bruidsmodewinkel ter wereld","publisher":{"@id":"https:\/\/www.koonings.com\/de\/#organization"},"potentialAction":[{"@type":"SearchAction","target":{"@type":"EntryPoint","urlTemplate":"https:\/\/www.koonings.com\/de\/?s={search_term_string}"},"query-input":{"@type":"PropertyValueSpecification","valueRequired":true,"valueName":"search_term_string"}}],"inLanguage":"de"},{"@type":"Organization","@id":"https:\/\/www.koonings.com\/de\/#organization","name":"Koonings","url":"https:\/\/www.koonings.com\/de\/","logo":{"@type":"ImageObject","inLanguage":"de","@id":"https:\/\/www.koonings.com\/de\/#\/schema\/logo\/image\/","url":"https:\/\/www.koonings.com\/wp-content\/uploads\/2024\/07\/logo.png","contentUrl":"https:\/\/www.koonings.com\/wp-content\/uploads\/2024\/07\/logo.png","width":600,"height":428,"caption":"Koonings"},"image":{"@id":"https:\/\/www.koonings.com\/de\/#\/schema\/logo\/image\/"},"sameAs":["https:\/\/www.facebook.com\/kooningstheweddingpalace","https:\/\/www.instagram.com\/kooningstheweddingpalace","https:\/\/www.pinterest.com\/koonings","https:\/\/www.youtube.com\/kooningstheweddingpalace"]}]}},"_links":{"self":[{"href":"https:\/\/www.koonings.com\/de\/wp-json\/wp\/v2\/product\/79312","targetHints":{"allow":["GET"]}}],"collection":[{"href":"https:\/\/www.koonings.com\/de\/wp-json\/wp\/v2\/product"}],"about":[{"href":"https:\/\/www.koonings.com\/de\/wp-json\/wp\/v2\/types\/product"}],"wp:featuredmedia":[{"embeddable":true,"href":"https:\/\/www.koonings.com\/de\/wp-json\/wp\/v2\/media\/70460"}],"wp:attachment":[{"href":"https:\/\/www.koonings.com\/de\/wp-json\/wp\/v2\/media?parent=79312"}],"wp:term":[{"taxonomy":"productdetails","embeddable":true,"href":"https:\/\/www.koonings.com\/de\/wp-json\/wp\/v2\/productdetails?post=79312"},{"taxonomy":"productneck","embeddable":true,"href":"https:\/\/www.koonings.com\/de\/wp-json\/wp\/v2\/productneck?post=79312"},{"taxonomy":"productcolor","embeddable":true,"href":"https:\/\/www.koonings.com\/de\/wp-json\/wp\/v2\/productcolor?post=79312"},{"taxonomy":"maat","embeddable":true,"href":"https:\/\/www.koonings.com\/de\/wp-json\/wp\/v2\/maat?post=79312"},{"taxonomy":"productsupplier","embeddable":true,"href":"https:\/\/www.koonings.com\/de\/wp-json\/wp\/v2\/productsupplier?post=79312"},{"taxonomy":"productsleeve","embeddable":true,"href":"https:\/\/www.koonings.com\/de\/wp-json\/wp\/v2\/productsleeve?post=79312"},{"taxonomy":"productcategory","embeddable":true,"href":"https:\/\/www.koonings.com\/de\/wp-json\/wp\/v2\/productcategory?post=79312"},{"taxonomy":"productsilhouette","embeddable":true,"href":"https:\/\/www.koonings.com\/de\/wp-json\/wp\/v2\/productsilhouette?post=79312"},{"taxonomy":"productstyle","embeddable":true,"href":"https:\/\/www.koonings.com\/de\/wp-json\/wp\/v2\/productstyle?post=79312"}],"curies":[{"name":"wp","href":"https:\/\/api.w.org\/{rel}","templated":true}]}}