{"id":79297,"date":"2025-12-15T00:42:36","date_gmt":"2025-12-14T23:42:36","guid":{"rendered":"https:\/\/www.koonings.com\/product\/milla-nova-celesta-2\/"},"modified":"2026-02-03T19:58:13","modified_gmt":"2026-02-03T18:58:13","slug":"milla-nova-celesta-2","status":"publish","type":"product","link":"https:\/\/www.koonings.com\/de\/product\/milla-nova-celesta-2\/","title":{"rendered":"Milla Nova Celesta"},"content":{"rendered":"<p>Zartes lang\u00e4rmeliges Hochzeitskleid in Elfenbein. Mit einem halbtransparenten, mit Pailletten verzierten Spitzenmieder, einem tiefen Illusionsausschnitt, schimmernden, durchsichtigen langen \u00c4rmeln, einem offenen R\u00fccken mit Knopfverschluss und einem glitzernden, bauschigen T\u00fcllrock mit einer langen Schleppe. <\/p>\n","protected":false},"featured_media":70565,"template":"","meta":{"_acf_changed":false,"ghostkit_customizer_options":"","ghostkit_custom_css":"","ghostkit_custom_js_head":"","ghostkit_custom_js_foot":"","ghostkit_typography":""},"productdetails":[377,376],"productneck":[356],"productcolor":[392],"maat":[],"productsupplier":[446],"productsleeve":[362],"productcategory":[18],"productsilhouette":[384,388],"productstyle":[372],"class_list":["post-79297","product","type-product","status-publish","has-post-thumbnail","hentry","productdetails-377","productdetails-376","productneck-356","productcolor-392","productsupplier-milla-nova","productsleeve-362","productcategory-trouwjurken","productsilhouette-384","productsilhouette-388","productstyle-372"],"acf":[],"yoast_head":"<!-- This site is optimized with the Yoast SEO plugin v27.3 - https:\/\/yoast.com\/product\/yoast-seo-wordpress\/ -->\n<title>Milla Nova Celesta | Koonings<\/title>\n<meta name=\"description\" content=\"Zartes lang\u00e4rmeliges Hochzeitskleid in Elfenbein. Mit einem halbtransparenten, mit Pailletten verzierten Spitzenmieder, einem tiefen Illusionsausschnitt, schimmernden, durchsichtigen langen \u00c4rmeln, einem offenen R\u00fccken mit Knopfverschluss und einem glitzernden, bauschigen T\u00fcllrock mit einer langen Schleppe.\" \/>\n<meta name=\"robots\" content=\"index, follow, max-snippet:-1, max-image-preview:large, max-video-preview:-1\" \/>\n<link rel=\"canonical\" href=\"https:\/\/www.koonings.com\/de\/product\/milla-nova-celesta-2\/\" \/>\n<meta property=\"og:locale\" content=\"de_DE\" \/>\n<meta property=\"og:type\" content=\"article\" \/>\n<meta property=\"og:title\" content=\"Milla Nova Celesta | Koonings\" \/>\n<meta property=\"og:description\" content=\"Zartes lang\u00e4rmeliges Hochzeitskleid in Elfenbein. Mit einem halbtransparenten, mit Pailletten verzierten Spitzenmieder, einem tiefen Illusionsausschnitt, schimmernden, durchsichtigen langen \u00c4rmeln, einem offenen R\u00fccken mit Knopfverschluss und einem glitzernden, bauschigen T\u00fcllrock mit einer langen Schleppe.\" \/>\n<meta property=\"og:url\" content=\"https:\/\/www.koonings.com\/de\/product\/milla-nova-celesta-2\/\" \/>\n<meta property=\"og:site_name\" content=\"Koonings\" \/>\n<meta property=\"article:publisher\" content=\"https:\/\/www.facebook.com\/kooningstheweddingpalace\" \/>\n<meta property=\"article:modified_time\" content=\"2026-02-03T18:58:13+00:00\" \/>\n<meta property=\"og:image\" content=\"https:\/\/www.koonings.com\/wp-content\/uploads\/2024\/11\/48819_0f210aef495429ba1a886975bd17da139c5ae32d5c03669195beedc12a2fbfbf9b3e3d11-scaled.jpeg\" \/>\n\t<meta property=\"og:image:width\" content=\"1811\" \/>\n\t<meta property=\"og:image:height\" content=\"2560\" \/>\n\t<meta property=\"og:image:type\" content=\"image\/jpeg\" \/>\n<meta name=\"twitter:card\" content=\"summary_large_image\" \/>\n<script type=\"application\/ld+json\" class=\"yoast-schema-graph\">{\"@context\":\"https:\\\/\\\/schema.org\",\"@graph\":[{\"@type\":\"WebPage\",\"@id\":\"https:\\\/\\\/www.koonings.com\\\/de\\\/product\\\/milla-nova-celesta-2\\\/\",\"url\":\"https:\\\/\\\/www.koonings.com\\\/de\\\/product\\\/milla-nova-celesta-2\\\/\",\"name\":\"Milla Nova Celesta | Koonings\",\"isPartOf\":{\"@id\":\"https:\\\/\\\/www.koonings.com\\\/de\\\/#website\"},\"primaryImageOfPage\":{\"@id\":\"https:\\\/\\\/www.koonings.com\\\/de\\\/product\\\/milla-nova-celesta-2\\\/#primaryimage\"},\"image\":{\"@id\":\"https:\\\/\\\/www.koonings.com\\\/de\\\/product\\\/milla-nova-celesta-2\\\/#primaryimage\"},\"thumbnailUrl\":\"https:\\\/\\\/www.koonings.com\\\/wp-content\\\/uploads\\\/2024\\\/11\\\/48819_0f210aef495429ba1a886975bd17da139c5ae32d5c03669195beedc12a2fbfbf9b3e3d11-scaled.jpeg\",\"datePublished\":\"2025-12-14T23:42:36+00:00\",\"dateModified\":\"2026-02-03T18:58:13+00:00\",\"description\":\"Zartes lang\u00e4rmeliges Hochzeitskleid in Elfenbein. Mit einem halbtransparenten, mit Pailletten verzierten Spitzenmieder, einem tiefen Illusionsausschnitt, schimmernden, durchsichtigen langen \u00c4rmeln, einem offenen R\u00fccken mit Knopfverschluss und einem glitzernden, bauschigen T\u00fcllrock mit einer langen Schleppe.\",\"breadcrumb\":{\"@id\":\"https:\\\/\\\/www.koonings.com\\\/de\\\/product\\\/milla-nova-celesta-2\\\/#breadcrumb\"},\"inLanguage\":\"de\",\"potentialAction\":[{\"@type\":\"ReadAction\",\"target\":[\"https:\\\/\\\/www.koonings.com\\\/de\\\/product\\\/milla-nova-celesta-2\\\/\"]}]},{\"@type\":\"ImageObject\",\"inLanguage\":\"de\",\"@id\":\"https:\\\/\\\/www.koonings.com\\\/de\\\/product\\\/milla-nova-celesta-2\\\/#primaryimage\",\"url\":\"https:\\\/\\\/www.koonings.com\\\/wp-content\\\/uploads\\\/2024\\\/11\\\/48819_0f210aef495429ba1a886975bd17da139c5ae32d5c03669195beedc12a2fbfbf9b3e3d11-scaled.jpeg\",\"contentUrl\":\"https:\\\/\\\/www.koonings.com\\\/wp-content\\\/uploads\\\/2024\\\/11\\\/48819_0f210aef495429ba1a886975bd17da139c5ae32d5c03669195beedc12a2fbfbf9b3e3d11-scaled.jpeg\",\"width\":1811,\"height\":2560},{\"@type\":\"BreadcrumbList\",\"@id\":\"https:\\\/\\\/www.koonings.com\\\/de\\\/product\\\/milla-nova-celesta-2\\\/#breadcrumb\",\"itemListElement\":[{\"@type\":\"ListItem\",\"position\":1,\"name\":\"Home\",\"item\":\"https:\\\/\\\/www.koonings.com\\\/de\\\/\"},{\"@type\":\"ListItem\",\"position\":2,\"name\":\"Milla Nova Celesta\"}]},{\"@type\":\"WebSite\",\"@id\":\"https:\\\/\\\/www.koonings.com\\\/de\\\/#website\",\"url\":\"https:\\\/\\\/www.koonings.com\\\/de\\\/\",\"name\":\"Koonings\",\"description\":\"De grootste bruidsmodewinkel ter wereld\",\"publisher\":{\"@id\":\"https:\\\/\\\/www.koonings.com\\\/de\\\/#organization\"},\"potentialAction\":[{\"@type\":\"SearchAction\",\"target\":{\"@type\":\"EntryPoint\",\"urlTemplate\":\"https:\\\/\\\/www.koonings.com\\\/de\\\/?s={search_term_string}\"},\"query-input\":{\"@type\":\"PropertyValueSpecification\",\"valueRequired\":true,\"valueName\":\"search_term_string\"}}],\"inLanguage\":\"de\"},{\"@type\":\"Organization\",\"@id\":\"https:\\\/\\\/www.koonings.com\\\/de\\\/#organization\",\"name\":\"Koonings\",\"url\":\"https:\\\/\\\/www.koonings.com\\\/de\\\/\",\"logo\":{\"@type\":\"ImageObject\",\"inLanguage\":\"de\",\"@id\":\"https:\\\/\\\/www.koonings.com\\\/de\\\/#\\\/schema\\\/logo\\\/image\\\/\",\"url\":\"https:\\\/\\\/www.koonings.com\\\/wp-content\\\/uploads\\\/2024\\\/07\\\/logo.png\",\"contentUrl\":\"https:\\\/\\\/www.koonings.com\\\/wp-content\\\/uploads\\\/2024\\\/07\\\/logo.png\",\"width\":600,\"height\":428,\"caption\":\"Koonings\"},\"image\":{\"@id\":\"https:\\\/\\\/www.koonings.com\\\/de\\\/#\\\/schema\\\/logo\\\/image\\\/\"},\"sameAs\":[\"https:\\\/\\\/www.facebook.com\\\/kooningstheweddingpalace\",\"https:\\\/\\\/www.instagram.com\\\/kooningstheweddingpalace\",\"https:\\\/\\\/www.pinterest.com\\\/koonings\",\"https:\\\/\\\/www.youtube.com\\\/kooningstheweddingpalace\"]}]}<\/script>\n<!-- \/ Yoast SEO plugin. -->","yoast_head_json":{"title":"Milla Nova Celesta | Koonings","description":"Zartes lang\u00e4rmeliges Hochzeitskleid in Elfenbein. Mit einem halbtransparenten, mit Pailletten verzierten Spitzenmieder, einem tiefen Illusionsausschnitt, schimmernden, durchsichtigen langen \u00c4rmeln, einem offenen R\u00fccken mit Knopfverschluss und einem glitzernden, bauschigen T\u00fcllrock mit einer langen Schleppe.","robots":{"index":"index","follow":"follow","max-snippet":"max-snippet:-1","max-image-preview":"max-image-preview:large","max-video-preview":"max-video-preview:-1"},"canonical":"https:\/\/www.koonings.com\/de\/product\/milla-nova-celesta-2\/","og_locale":"de_DE","og_type":"article","og_title":"Milla Nova Celesta | Koonings","og_description":"Zartes lang\u00e4rmeliges Hochzeitskleid in Elfenbein. Mit einem halbtransparenten, mit Pailletten verzierten Spitzenmieder, einem tiefen Illusionsausschnitt, schimmernden, durchsichtigen langen \u00c4rmeln, einem offenen R\u00fccken mit Knopfverschluss und einem glitzernden, bauschigen T\u00fcllrock mit einer langen Schleppe.","og_url":"https:\/\/www.koonings.com\/de\/product\/milla-nova-celesta-2\/","og_site_name":"Koonings","article_publisher":"https:\/\/www.facebook.com\/kooningstheweddingpalace","article_modified_time":"2026-02-03T18:58:13+00:00","og_image":[{"width":1811,"height":2560,"url":"https:\/\/www.koonings.com\/wp-content\/uploads\/2024\/11\/48819_0f210aef495429ba1a886975bd17da139c5ae32d5c03669195beedc12a2fbfbf9b3e3d11-scaled.jpeg","type":"image\/jpeg"}],"twitter_card":"summary_large_image","schema":{"@context":"https:\/\/schema.org","@graph":[{"@type":"WebPage","@id":"https:\/\/www.koonings.com\/de\/product\/milla-nova-celesta-2\/","url":"https:\/\/www.koonings.com\/de\/product\/milla-nova-celesta-2\/","name":"Milla Nova Celesta | Koonings","isPartOf":{"@id":"https:\/\/www.koonings.com\/de\/#website"},"primaryImageOfPage":{"@id":"https:\/\/www.koonings.com\/de\/product\/milla-nova-celesta-2\/#primaryimage"},"image":{"@id":"https:\/\/www.koonings.com\/de\/product\/milla-nova-celesta-2\/#primaryimage"},"thumbnailUrl":"https:\/\/www.koonings.com\/wp-content\/uploads\/2024\/11\/48819_0f210aef495429ba1a886975bd17da139c5ae32d5c03669195beedc12a2fbfbf9b3e3d11-scaled.jpeg","datePublished":"2025-12-14T23:42:36+00:00","dateModified":"2026-02-03T18:58:13+00:00","description":"Zartes lang\u00e4rmeliges Hochzeitskleid in Elfenbein. Mit einem halbtransparenten, mit Pailletten verzierten Spitzenmieder, einem tiefen Illusionsausschnitt, schimmernden, durchsichtigen langen \u00c4rmeln, einem offenen R\u00fccken mit Knopfverschluss und einem glitzernden, bauschigen T\u00fcllrock mit einer langen Schleppe.","breadcrumb":{"@id":"https:\/\/www.koonings.com\/de\/product\/milla-nova-celesta-2\/#breadcrumb"},"inLanguage":"de","potentialAction":[{"@type":"ReadAction","target":["https:\/\/www.koonings.com\/de\/product\/milla-nova-celesta-2\/"]}]},{"@type":"ImageObject","inLanguage":"de","@id":"https:\/\/www.koonings.com\/de\/product\/milla-nova-celesta-2\/#primaryimage","url":"https:\/\/www.koonings.com\/wp-content\/uploads\/2024\/11\/48819_0f210aef495429ba1a886975bd17da139c5ae32d5c03669195beedc12a2fbfbf9b3e3d11-scaled.jpeg","contentUrl":"https:\/\/www.koonings.com\/wp-content\/uploads\/2024\/11\/48819_0f210aef495429ba1a886975bd17da139c5ae32d5c03669195beedc12a2fbfbf9b3e3d11-scaled.jpeg","width":1811,"height":2560},{"@type":"BreadcrumbList","@id":"https:\/\/www.koonings.com\/de\/product\/milla-nova-celesta-2\/#breadcrumb","itemListElement":[{"@type":"ListItem","position":1,"name":"Home","item":"https:\/\/www.koonings.com\/de\/"},{"@type":"ListItem","position":2,"name":"Milla Nova Celesta"}]},{"@type":"WebSite","@id":"https:\/\/www.koonings.com\/de\/#website","url":"https:\/\/www.koonings.com\/de\/","name":"Koonings","description":"De grootste bruidsmodewinkel ter wereld","publisher":{"@id":"https:\/\/www.koonings.com\/de\/#organization"},"potentialAction":[{"@type":"SearchAction","target":{"@type":"EntryPoint","urlTemplate":"https:\/\/www.koonings.com\/de\/?s={search_term_string}"},"query-input":{"@type":"PropertyValueSpecification","valueRequired":true,"valueName":"search_term_string"}}],"inLanguage":"de"},{"@type":"Organization","@id":"https:\/\/www.koonings.com\/de\/#organization","name":"Koonings","url":"https:\/\/www.koonings.com\/de\/","logo":{"@type":"ImageObject","inLanguage":"de","@id":"https:\/\/www.koonings.com\/de\/#\/schema\/logo\/image\/","url":"https:\/\/www.koonings.com\/wp-content\/uploads\/2024\/07\/logo.png","contentUrl":"https:\/\/www.koonings.com\/wp-content\/uploads\/2024\/07\/logo.png","width":600,"height":428,"caption":"Koonings"},"image":{"@id":"https:\/\/www.koonings.com\/de\/#\/schema\/logo\/image\/"},"sameAs":["https:\/\/www.facebook.com\/kooningstheweddingpalace","https:\/\/www.instagram.com\/kooningstheweddingpalace","https:\/\/www.pinterest.com\/koonings","https:\/\/www.youtube.com\/kooningstheweddingpalace"]}]}},"_links":{"self":[{"href":"https:\/\/www.koonings.com\/de\/wp-json\/wp\/v2\/product\/79297","targetHints":{"allow":["GET"]}}],"collection":[{"href":"https:\/\/www.koonings.com\/de\/wp-json\/wp\/v2\/product"}],"about":[{"href":"https:\/\/www.koonings.com\/de\/wp-json\/wp\/v2\/types\/product"}],"wp:featuredmedia":[{"embeddable":true,"href":"https:\/\/www.koonings.com\/de\/wp-json\/wp\/v2\/media\/70565"}],"wp:attachment":[{"href":"https:\/\/www.koonings.com\/de\/wp-json\/wp\/v2\/media?parent=79297"}],"wp:term":[{"taxonomy":"productdetails","embeddable":true,"href":"https:\/\/www.koonings.com\/de\/wp-json\/wp\/v2\/productdetails?post=79297"},{"taxonomy":"productneck","embeddable":true,"href":"https:\/\/www.koonings.com\/de\/wp-json\/wp\/v2\/productneck?post=79297"},{"taxonomy":"productcolor","embeddable":true,"href":"https:\/\/www.koonings.com\/de\/wp-json\/wp\/v2\/productcolor?post=79297"},{"taxonomy":"maat","embeddable":true,"href":"https:\/\/www.koonings.com\/de\/wp-json\/wp\/v2\/maat?post=79297"},{"taxonomy":"productsupplier","embeddable":true,"href":"https:\/\/www.koonings.com\/de\/wp-json\/wp\/v2\/productsupplier?post=79297"},{"taxonomy":"productsleeve","embeddable":true,"href":"https:\/\/www.koonings.com\/de\/wp-json\/wp\/v2\/productsleeve?post=79297"},{"taxonomy":"productcategory","embeddable":true,"href":"https:\/\/www.koonings.com\/de\/wp-json\/wp\/v2\/productcategory?post=79297"},{"taxonomy":"productsilhouette","embeddable":true,"href":"https:\/\/www.koonings.com\/de\/wp-json\/wp\/v2\/productsilhouette?post=79297"},{"taxonomy":"productstyle","embeddable":true,"href":"https:\/\/www.koonings.com\/de\/wp-json\/wp\/v2\/productstyle?post=79297"}],"curies":[{"name":"wp","href":"https:\/\/api.w.org\/{rel}","templated":true}]}}