{"id":79291,"date":"2025-12-15T00:42:36","date_gmt":"2025-12-14T23:42:36","guid":{"rendered":"https:\/\/www.koonings.com\/product\/milla-nova-eridana-2\/"},"modified":"2026-02-03T19:58:21","modified_gmt":"2026-02-03T18:58:21","slug":"milla-nova-eridana-2","status":"publish","type":"product","link":"https:\/\/www.koonings.com\/de\/product\/milla-nova-eridana-2\/","title":{"rendered":"Milla Nova Eridana"},"content":{"rendered":"<p>Elegantes Hochzeitskleid in A-Linie aus Mikado. Das \u00e4rmellose Design hat einen geometrischen Ausschnitt und eine drapierte Taille, die in einen sch\u00f6nen vollen Rock \u00fcbergeht.<br \/>\nKann mit einem schulterfreien Bolero aus Mikado mit durchscheinenden langen \u00c4rmeln, die mit Kristallen verziert sind, erg\u00e4nzt werden. <\/p>\n","protected":false},"featured_media":70578,"template":"","meta":{"_acf_changed":false,"ghostkit_customizer_options":"","ghostkit_custom_css":"","ghostkit_custom_js_head":"","ghostkit_custom_js_foot":"","ghostkit_typography":""},"productdetails":[],"productneck":[354],"productcolor":[392],"maat":[],"productsupplier":[446],"productsleeve":[363],"productcategory":[18],"productsilhouette":[384],"productstyle":[366],"class_list":["post-79291","product","type-product","status-publish","has-post-thumbnail","hentry","productneck-354","productcolor-392","productsupplier-milla-nova","productsleeve-363","productcategory-trouwjurken","productsilhouette-384","productstyle-366"],"acf":[],"yoast_head":"<!-- This site is optimized with the Yoast SEO plugin v26.8 - https:\/\/yoast.com\/product\/yoast-seo-wordpress\/ -->\n<title>Milla Nova Eridana | Koonings<\/title>\n<meta name=\"description\" content=\"Elegantes Hochzeitskleid in A-Linie aus Mikado. Das \u00e4rmellose Design hat einen geometrischen Ausschnitt und eine drapierte Taille, die in einen sch\u00f6nen vollen Rock \u00fcbergeht. Kann mit einem schulterfreien Bolero aus Mikado mit durchscheinenden langen \u00c4rmeln, die mit Kristallen verziert sind, erg\u00e4nzt werden.\" \/>\n<meta name=\"robots\" content=\"index, follow, max-snippet:-1, max-image-preview:large, max-video-preview:-1\" \/>\n<link rel=\"canonical\" href=\"https:\/\/www.koonings.com\/de\/product\/milla-nova-eridana-2\/\" \/>\n<meta property=\"og:locale\" content=\"de_DE\" \/>\n<meta property=\"og:type\" content=\"article\" \/>\n<meta property=\"og:title\" content=\"Milla Nova Eridana | Koonings\" \/>\n<meta property=\"og:description\" content=\"Elegantes Hochzeitskleid in A-Linie aus Mikado. Das \u00e4rmellose Design hat einen geometrischen Ausschnitt und eine drapierte Taille, die in einen sch\u00f6nen vollen Rock \u00fcbergeht. Kann mit einem schulterfreien Bolero aus Mikado mit durchscheinenden langen \u00c4rmeln, die mit Kristallen verziert sind, erg\u00e4nzt werden.\" \/>\n<meta property=\"og:url\" content=\"https:\/\/www.koonings.com\/de\/product\/milla-nova-eridana-2\/\" \/>\n<meta property=\"og:site_name\" content=\"Koonings\" \/>\n<meta property=\"article:publisher\" content=\"https:\/\/www.facebook.com\/kooningstheweddingpalace\" \/>\n<meta property=\"article:modified_time\" content=\"2026-02-03T18:58:21+00:00\" \/>\n<meta property=\"og:image\" content=\"https:\/\/www.koonings.com\/wp-content\/uploads\/2024\/11\/48820_6a433ae9677ea77c18c4560df18c48b3820afefc7717ee26a134940b04f6c9128f577730.jpeg\" \/>\n\t<meta property=\"og:image:width\" content=\"1248\" \/>\n\t<meta property=\"og:image:height\" content=\"1765\" \/>\n\t<meta property=\"og:image:type\" content=\"image\/jpeg\" \/>\n<meta name=\"twitter:card\" content=\"summary_large_image\" \/>\n<script type=\"application\/ld+json\" class=\"yoast-schema-graph\">{\"@context\":\"https:\/\/schema.org\",\"@graph\":[{\"@type\":\"WebPage\",\"@id\":\"https:\/\/www.koonings.com\/de\/product\/milla-nova-eridana-2\/\",\"url\":\"https:\/\/www.koonings.com\/de\/product\/milla-nova-eridana-2\/\",\"name\":\"Milla Nova Eridana | Koonings\",\"isPartOf\":{\"@id\":\"https:\/\/www.koonings.com\/de\/#website\"},\"primaryImageOfPage\":{\"@id\":\"https:\/\/www.koonings.com\/de\/product\/milla-nova-eridana-2\/#primaryimage\"},\"image\":{\"@id\":\"https:\/\/www.koonings.com\/de\/product\/milla-nova-eridana-2\/#primaryimage\"},\"thumbnailUrl\":\"https:\/\/www.koonings.com\/wp-content\/uploads\/2024\/11\/48820_6a433ae9677ea77c18c4560df18c48b3820afefc7717ee26a134940b04f6c9128f577730.jpeg\",\"datePublished\":\"2025-12-14T23:42:36+00:00\",\"dateModified\":\"2026-02-03T18:58:21+00:00\",\"description\":\"Elegantes Hochzeitskleid in A-Linie aus Mikado. Das \u00e4rmellose Design hat einen geometrischen Ausschnitt und eine drapierte Taille, die in einen sch\u00f6nen vollen Rock \u00fcbergeht. Kann mit einem schulterfreien Bolero aus Mikado mit durchscheinenden langen \u00c4rmeln, die mit Kristallen verziert sind, erg\u00e4nzt werden.\",\"breadcrumb\":{\"@id\":\"https:\/\/www.koonings.com\/de\/product\/milla-nova-eridana-2\/#breadcrumb\"},\"inLanguage\":\"de\",\"potentialAction\":[{\"@type\":\"ReadAction\",\"target\":[\"https:\/\/www.koonings.com\/de\/product\/milla-nova-eridana-2\/\"]}]},{\"@type\":\"ImageObject\",\"inLanguage\":\"de\",\"@id\":\"https:\/\/www.koonings.com\/de\/product\/milla-nova-eridana-2\/#primaryimage\",\"url\":\"https:\/\/www.koonings.com\/wp-content\/uploads\/2024\/11\/48820_6a433ae9677ea77c18c4560df18c48b3820afefc7717ee26a134940b04f6c9128f577730.jpeg\",\"contentUrl\":\"https:\/\/www.koonings.com\/wp-content\/uploads\/2024\/11\/48820_6a433ae9677ea77c18c4560df18c48b3820afefc7717ee26a134940b04f6c9128f577730.jpeg\",\"width\":1248,\"height\":1765},{\"@type\":\"BreadcrumbList\",\"@id\":\"https:\/\/www.koonings.com\/de\/product\/milla-nova-eridana-2\/#breadcrumb\",\"itemListElement\":[{\"@type\":\"ListItem\",\"position\":1,\"name\":\"Home\",\"item\":\"https:\/\/www.koonings.com\/de\/\"},{\"@type\":\"ListItem\",\"position\":2,\"name\":\"Milla Nova Eridana\"}]},{\"@type\":\"WebSite\",\"@id\":\"https:\/\/www.koonings.com\/de\/#website\",\"url\":\"https:\/\/www.koonings.com\/de\/\",\"name\":\"Koonings\",\"description\":\"De grootste bruidsmodewinkel ter wereld\",\"publisher\":{\"@id\":\"https:\/\/www.koonings.com\/de\/#organization\"},\"potentialAction\":[{\"@type\":\"SearchAction\",\"target\":{\"@type\":\"EntryPoint\",\"urlTemplate\":\"https:\/\/www.koonings.com\/de\/?s={search_term_string}\"},\"query-input\":{\"@type\":\"PropertyValueSpecification\",\"valueRequired\":true,\"valueName\":\"search_term_string\"}}],\"inLanguage\":\"de\"},{\"@type\":\"Organization\",\"@id\":\"https:\/\/www.koonings.com\/de\/#organization\",\"name\":\"Koonings\",\"url\":\"https:\/\/www.koonings.com\/de\/\",\"logo\":{\"@type\":\"ImageObject\",\"inLanguage\":\"de\",\"@id\":\"https:\/\/www.koonings.com\/de\/#\/schema\/logo\/image\/\",\"url\":\"https:\/\/www.koonings.com\/wp-content\/uploads\/2024\/07\/logo.png\",\"contentUrl\":\"https:\/\/www.koonings.com\/wp-content\/uploads\/2024\/07\/logo.png\",\"width\":600,\"height\":428,\"caption\":\"Koonings\"},\"image\":{\"@id\":\"https:\/\/www.koonings.com\/de\/#\/schema\/logo\/image\/\"},\"sameAs\":[\"https:\/\/www.facebook.com\/kooningstheweddingpalace\",\"https:\/\/www.instagram.com\/kooningstheweddingpalace\",\"https:\/\/www.pinterest.com\/koonings\",\"https:\/\/www.youtube.com\/kooningstheweddingpalace\"]}]}<\/script>\n<!-- \/ Yoast SEO plugin. -->","yoast_head_json":{"title":"Milla Nova Eridana | Koonings","description":"Elegantes Hochzeitskleid in A-Linie aus Mikado. Das \u00e4rmellose Design hat einen geometrischen Ausschnitt und eine drapierte Taille, die in einen sch\u00f6nen vollen Rock \u00fcbergeht. Kann mit einem schulterfreien Bolero aus Mikado mit durchscheinenden langen \u00c4rmeln, die mit Kristallen verziert sind, erg\u00e4nzt werden.","robots":{"index":"index","follow":"follow","max-snippet":"max-snippet:-1","max-image-preview":"max-image-preview:large","max-video-preview":"max-video-preview:-1"},"canonical":"https:\/\/www.koonings.com\/de\/product\/milla-nova-eridana-2\/","og_locale":"de_DE","og_type":"article","og_title":"Milla Nova Eridana | Koonings","og_description":"Elegantes Hochzeitskleid in A-Linie aus Mikado. Das \u00e4rmellose Design hat einen geometrischen Ausschnitt und eine drapierte Taille, die in einen sch\u00f6nen vollen Rock \u00fcbergeht. Kann mit einem schulterfreien Bolero aus Mikado mit durchscheinenden langen \u00c4rmeln, die mit Kristallen verziert sind, erg\u00e4nzt werden.","og_url":"https:\/\/www.koonings.com\/de\/product\/milla-nova-eridana-2\/","og_site_name":"Koonings","article_publisher":"https:\/\/www.facebook.com\/kooningstheweddingpalace","article_modified_time":"2026-02-03T18:58:21+00:00","og_image":[{"width":1248,"height":1765,"url":"https:\/\/www.koonings.com\/wp-content\/uploads\/2024\/11\/48820_6a433ae9677ea77c18c4560df18c48b3820afefc7717ee26a134940b04f6c9128f577730.jpeg","type":"image\/jpeg"}],"twitter_card":"summary_large_image","schema":{"@context":"https:\/\/schema.org","@graph":[{"@type":"WebPage","@id":"https:\/\/www.koonings.com\/de\/product\/milla-nova-eridana-2\/","url":"https:\/\/www.koonings.com\/de\/product\/milla-nova-eridana-2\/","name":"Milla Nova Eridana | Koonings","isPartOf":{"@id":"https:\/\/www.koonings.com\/de\/#website"},"primaryImageOfPage":{"@id":"https:\/\/www.koonings.com\/de\/product\/milla-nova-eridana-2\/#primaryimage"},"image":{"@id":"https:\/\/www.koonings.com\/de\/product\/milla-nova-eridana-2\/#primaryimage"},"thumbnailUrl":"https:\/\/www.koonings.com\/wp-content\/uploads\/2024\/11\/48820_6a433ae9677ea77c18c4560df18c48b3820afefc7717ee26a134940b04f6c9128f577730.jpeg","datePublished":"2025-12-14T23:42:36+00:00","dateModified":"2026-02-03T18:58:21+00:00","description":"Elegantes Hochzeitskleid in A-Linie aus Mikado. Das \u00e4rmellose Design hat einen geometrischen Ausschnitt und eine drapierte Taille, die in einen sch\u00f6nen vollen Rock \u00fcbergeht. Kann mit einem schulterfreien Bolero aus Mikado mit durchscheinenden langen \u00c4rmeln, die mit Kristallen verziert sind, erg\u00e4nzt werden.","breadcrumb":{"@id":"https:\/\/www.koonings.com\/de\/product\/milla-nova-eridana-2\/#breadcrumb"},"inLanguage":"de","potentialAction":[{"@type":"ReadAction","target":["https:\/\/www.koonings.com\/de\/product\/milla-nova-eridana-2\/"]}]},{"@type":"ImageObject","inLanguage":"de","@id":"https:\/\/www.koonings.com\/de\/product\/milla-nova-eridana-2\/#primaryimage","url":"https:\/\/www.koonings.com\/wp-content\/uploads\/2024\/11\/48820_6a433ae9677ea77c18c4560df18c48b3820afefc7717ee26a134940b04f6c9128f577730.jpeg","contentUrl":"https:\/\/www.koonings.com\/wp-content\/uploads\/2024\/11\/48820_6a433ae9677ea77c18c4560df18c48b3820afefc7717ee26a134940b04f6c9128f577730.jpeg","width":1248,"height":1765},{"@type":"BreadcrumbList","@id":"https:\/\/www.koonings.com\/de\/product\/milla-nova-eridana-2\/#breadcrumb","itemListElement":[{"@type":"ListItem","position":1,"name":"Home","item":"https:\/\/www.koonings.com\/de\/"},{"@type":"ListItem","position":2,"name":"Milla Nova Eridana"}]},{"@type":"WebSite","@id":"https:\/\/www.koonings.com\/de\/#website","url":"https:\/\/www.koonings.com\/de\/","name":"Koonings","description":"De grootste bruidsmodewinkel ter wereld","publisher":{"@id":"https:\/\/www.koonings.com\/de\/#organization"},"potentialAction":[{"@type":"SearchAction","target":{"@type":"EntryPoint","urlTemplate":"https:\/\/www.koonings.com\/de\/?s={search_term_string}"},"query-input":{"@type":"PropertyValueSpecification","valueRequired":true,"valueName":"search_term_string"}}],"inLanguage":"de"},{"@type":"Organization","@id":"https:\/\/www.koonings.com\/de\/#organization","name":"Koonings","url":"https:\/\/www.koonings.com\/de\/","logo":{"@type":"ImageObject","inLanguage":"de","@id":"https:\/\/www.koonings.com\/de\/#\/schema\/logo\/image\/","url":"https:\/\/www.koonings.com\/wp-content\/uploads\/2024\/07\/logo.png","contentUrl":"https:\/\/www.koonings.com\/wp-content\/uploads\/2024\/07\/logo.png","width":600,"height":428,"caption":"Koonings"},"image":{"@id":"https:\/\/www.koonings.com\/de\/#\/schema\/logo\/image\/"},"sameAs":["https:\/\/www.facebook.com\/kooningstheweddingpalace","https:\/\/www.instagram.com\/kooningstheweddingpalace","https:\/\/www.pinterest.com\/koonings","https:\/\/www.youtube.com\/kooningstheweddingpalace"]}]}},"_links":{"self":[{"href":"https:\/\/www.koonings.com\/de\/wp-json\/wp\/v2\/product\/79291","targetHints":{"allow":["GET"]}}],"collection":[{"href":"https:\/\/www.koonings.com\/de\/wp-json\/wp\/v2\/product"}],"about":[{"href":"https:\/\/www.koonings.com\/de\/wp-json\/wp\/v2\/types\/product"}],"wp:featuredmedia":[{"embeddable":true,"href":"https:\/\/www.koonings.com\/de\/wp-json\/wp\/v2\/media\/70578"}],"wp:attachment":[{"href":"https:\/\/www.koonings.com\/de\/wp-json\/wp\/v2\/media?parent=79291"}],"wp:term":[{"taxonomy":"productdetails","embeddable":true,"href":"https:\/\/www.koonings.com\/de\/wp-json\/wp\/v2\/productdetails?post=79291"},{"taxonomy":"productneck","embeddable":true,"href":"https:\/\/www.koonings.com\/de\/wp-json\/wp\/v2\/productneck?post=79291"},{"taxonomy":"productcolor","embeddable":true,"href":"https:\/\/www.koonings.com\/de\/wp-json\/wp\/v2\/productcolor?post=79291"},{"taxonomy":"maat","embeddable":true,"href":"https:\/\/www.koonings.com\/de\/wp-json\/wp\/v2\/maat?post=79291"},{"taxonomy":"productsupplier","embeddable":true,"href":"https:\/\/www.koonings.com\/de\/wp-json\/wp\/v2\/productsupplier?post=79291"},{"taxonomy":"productsleeve","embeddable":true,"href":"https:\/\/www.koonings.com\/de\/wp-json\/wp\/v2\/productsleeve?post=79291"},{"taxonomy":"productcategory","embeddable":true,"href":"https:\/\/www.koonings.com\/de\/wp-json\/wp\/v2\/productcategory?post=79291"},{"taxonomy":"productsilhouette","embeddable":true,"href":"https:\/\/www.koonings.com\/de\/wp-json\/wp\/v2\/productsilhouette?post=79291"},{"taxonomy":"productstyle","embeddable":true,"href":"https:\/\/www.koonings.com\/de\/wp-json\/wp\/v2\/productstyle?post=79291"}],"curies":[{"name":"wp","href":"https:\/\/api.w.org\/{rel}","templated":true}]}}