{"id":79273,"date":"2026-05-06T15:20:44","date_gmt":"2026-05-06T13:20:44","guid":{"rendered":"https:\/\/www.koonings.com\/product\/milla-nova-deja\/"},"modified":"2025-06-05T13:45:10","modified_gmt":"2025-06-05T11:45:10","slug":"milla-nova-deja","status":"publish","type":"product","link":"https:\/\/www.koonings.com\/de\/product\/milla-nova-deja\/","title":{"rendered":"Milla Nova Deja"},"content":{"rendered":"<p>Dieses auff\u00e4llige tr\u00e4gerlose Minikleid wurde f\u00fcr moderne Br\u00e4ute entworfen. Es ist aus satiniertem Material gefertigt, hat einen geraden Ausschnitt und geht in der Taille in einen Minirock \u00fcber. Perfekt als zweites Hochzeitskleid oder als Abendkleid f\u00fcr eine Party.  <\/p>\n","protected":false},"featured_media":70701,"template":"","meta":{"_acf_changed":false,"ghostkit_customizer_options":"","ghostkit_custom_css":"","ghostkit_custom_js_head":"","ghostkit_custom_js_foot":"","ghostkit_typography":""},"productdetails":[],"productneck":[352],"productcolor":[392],"maat":[],"productsupplier":[446],"productsleeve":[],"productcategory":[18],"productsilhouette":[386],"productstyle":[371,370],"class_list":["post-79273","product","type-product","status-publish","has-post-thumbnail","hentry","productneck-352","productcolor-392","productsupplier-milla-nova","productcategory-trouwjurken","productsilhouette-386","productstyle-371","productstyle-370"],"acf":[],"yoast_head":"<!-- This site is optimized with the Yoast SEO plugin v27.3 - https:\/\/yoast.com\/product\/yoast-seo-wordpress\/ -->\n<title>Milla Nova Deja | Koonings<\/title>\n<meta name=\"description\" content=\"Dieses auff\u00e4llige tr\u00e4gerlose Minikleid wurde f\u00fcr moderne Br\u00e4ute entworfen. Es ist aus satiniertem Material gefertigt, hat einen geraden Ausschnitt und geht in der Taille in einen Minirock \u00fcber. Perfekt als zweites Hochzeitskleid oder als Abendkleid f\u00fcr eine Party.\" \/>\n<meta name=\"robots\" content=\"index, follow, max-snippet:-1, max-image-preview:large, max-video-preview:-1\" \/>\n<link rel=\"canonical\" href=\"https:\/\/www.koonings.com\/de\/product\/milla-nova-deja\/\" \/>\n<meta property=\"og:locale\" content=\"de_DE\" \/>\n<meta property=\"og:type\" content=\"article\" \/>\n<meta property=\"og:title\" content=\"Milla Nova Deja | Koonings\" \/>\n<meta property=\"og:description\" content=\"Dieses auff\u00e4llige tr\u00e4gerlose Minikleid wurde f\u00fcr moderne Br\u00e4ute entworfen. Es ist aus satiniertem Material gefertigt, hat einen geraden Ausschnitt und geht in der Taille in einen Minirock \u00fcber. Perfekt als zweites Hochzeitskleid oder als Abendkleid f\u00fcr eine Party.\" \/>\n<meta property=\"og:url\" content=\"https:\/\/www.koonings.com\/de\/product\/milla-nova-deja\/\" \/>\n<meta property=\"og:site_name\" content=\"Koonings\" \/>\n<meta property=\"article:publisher\" content=\"https:\/\/www.facebook.com\/kooningstheweddingpalace\" \/>\n<meta property=\"og:image\" content=\"https:\/\/www.koonings.com\/wp-content\/uploads\/2024\/11\/40666_4a908a6b6693905ac6c2386bf32d64d96fe0bdb24707d098432f734e039886e38fc8cb70-scaled.jpeg\" \/>\n\t<meta property=\"og:image:width\" content=\"1810\" \/>\n\t<meta property=\"og:image:height\" content=\"2560\" \/>\n\t<meta property=\"og:image:type\" content=\"image\/jpeg\" \/>\n<meta name=\"twitter:card\" content=\"summary_large_image\" \/>\n<script type=\"application\/ld+json\" class=\"yoast-schema-graph\">{\"@context\":\"https:\\\/\\\/schema.org\",\"@graph\":[{\"@type\":\"WebPage\",\"@id\":\"https:\\\/\\\/www.koonings.com\\\/de\\\/product\\\/milla-nova-deja\\\/\",\"url\":\"https:\\\/\\\/www.koonings.com\\\/de\\\/product\\\/milla-nova-deja\\\/\",\"name\":\"Milla Nova Deja | Koonings\",\"isPartOf\":{\"@id\":\"https:\\\/\\\/www.koonings.com\\\/de\\\/#website\"},\"primaryImageOfPage\":{\"@id\":\"https:\\\/\\\/www.koonings.com\\\/de\\\/product\\\/milla-nova-deja\\\/#primaryimage\"},\"image\":{\"@id\":\"https:\\\/\\\/www.koonings.com\\\/de\\\/product\\\/milla-nova-deja\\\/#primaryimage\"},\"thumbnailUrl\":\"https:\\\/\\\/www.koonings.com\\\/wp-content\\\/uploads\\\/2024\\\/11\\\/40666_4a908a6b6693905ac6c2386bf32d64d96fe0bdb24707d098432f734e039886e38fc8cb70-scaled.jpeg\",\"datePublished\":\"2026-05-06T13:20:44+00:00\",\"description\":\"Dieses auff\u00e4llige tr\u00e4gerlose Minikleid wurde f\u00fcr moderne Br\u00e4ute entworfen. Es ist aus satiniertem Material gefertigt, hat einen geraden Ausschnitt und geht in der Taille in einen Minirock \u00fcber. Perfekt als zweites Hochzeitskleid oder als Abendkleid f\u00fcr eine Party.\",\"breadcrumb\":{\"@id\":\"https:\\\/\\\/www.koonings.com\\\/de\\\/product\\\/milla-nova-deja\\\/#breadcrumb\"},\"inLanguage\":\"de\",\"potentialAction\":[{\"@type\":\"ReadAction\",\"target\":[\"https:\\\/\\\/www.koonings.com\\\/de\\\/product\\\/milla-nova-deja\\\/\"]}]},{\"@type\":\"ImageObject\",\"inLanguage\":\"de\",\"@id\":\"https:\\\/\\\/www.koonings.com\\\/de\\\/product\\\/milla-nova-deja\\\/#primaryimage\",\"url\":\"https:\\\/\\\/www.koonings.com\\\/wp-content\\\/uploads\\\/2024\\\/11\\\/40666_4a908a6b6693905ac6c2386bf32d64d96fe0bdb24707d098432f734e039886e38fc8cb70-scaled.jpeg\",\"contentUrl\":\"https:\\\/\\\/www.koonings.com\\\/wp-content\\\/uploads\\\/2024\\\/11\\\/40666_4a908a6b6693905ac6c2386bf32d64d96fe0bdb24707d098432f734e039886e38fc8cb70-scaled.jpeg\",\"width\":1810,\"height\":2560},{\"@type\":\"BreadcrumbList\",\"@id\":\"https:\\\/\\\/www.koonings.com\\\/de\\\/product\\\/milla-nova-deja\\\/#breadcrumb\",\"itemListElement\":[{\"@type\":\"ListItem\",\"position\":1,\"name\":\"Home\",\"item\":\"https:\\\/\\\/www.koonings.com\\\/de\\\/\"},{\"@type\":\"ListItem\",\"position\":2,\"name\":\"Milla Nova Deja\"}]},{\"@type\":\"WebSite\",\"@id\":\"https:\\\/\\\/www.koonings.com\\\/de\\\/#website\",\"url\":\"https:\\\/\\\/www.koonings.com\\\/de\\\/\",\"name\":\"Koonings\",\"description\":\"De grootste bruidsmodewinkel ter wereld\",\"publisher\":{\"@id\":\"https:\\\/\\\/www.koonings.com\\\/de\\\/#organization\"},\"potentialAction\":[{\"@type\":\"SearchAction\",\"target\":{\"@type\":\"EntryPoint\",\"urlTemplate\":\"https:\\\/\\\/www.koonings.com\\\/de\\\/?s={search_term_string}\"},\"query-input\":{\"@type\":\"PropertyValueSpecification\",\"valueRequired\":true,\"valueName\":\"search_term_string\"}}],\"inLanguage\":\"de\"},{\"@type\":\"Organization\",\"@id\":\"https:\\\/\\\/www.koonings.com\\\/de\\\/#organization\",\"name\":\"Koonings\",\"url\":\"https:\\\/\\\/www.koonings.com\\\/de\\\/\",\"logo\":{\"@type\":\"ImageObject\",\"inLanguage\":\"de\",\"@id\":\"https:\\\/\\\/www.koonings.com\\\/de\\\/#\\\/schema\\\/logo\\\/image\\\/\",\"url\":\"https:\\\/\\\/www.koonings.com\\\/wp-content\\\/uploads\\\/2024\\\/07\\\/logo.png\",\"contentUrl\":\"https:\\\/\\\/www.koonings.com\\\/wp-content\\\/uploads\\\/2024\\\/07\\\/logo.png\",\"width\":600,\"height\":428,\"caption\":\"Koonings\"},\"image\":{\"@id\":\"https:\\\/\\\/www.koonings.com\\\/de\\\/#\\\/schema\\\/logo\\\/image\\\/\"},\"sameAs\":[\"https:\\\/\\\/www.facebook.com\\\/kooningstheweddingpalace\",\"https:\\\/\\\/www.instagram.com\\\/kooningstheweddingpalace\",\"https:\\\/\\\/www.pinterest.com\\\/koonings\",\"https:\\\/\\\/www.youtube.com\\\/kooningstheweddingpalace\"]}]}<\/script>\n<!-- \/ Yoast SEO plugin. -->","yoast_head_json":{"title":"Milla Nova Deja | Koonings","description":"Dieses auff\u00e4llige tr\u00e4gerlose Minikleid wurde f\u00fcr moderne Br\u00e4ute entworfen. Es ist aus satiniertem Material gefertigt, hat einen geraden Ausschnitt und geht in der Taille in einen Minirock \u00fcber. Perfekt als zweites Hochzeitskleid oder als Abendkleid f\u00fcr eine Party.","robots":{"index":"index","follow":"follow","max-snippet":"max-snippet:-1","max-image-preview":"max-image-preview:large","max-video-preview":"max-video-preview:-1"},"canonical":"https:\/\/www.koonings.com\/de\/product\/milla-nova-deja\/","og_locale":"de_DE","og_type":"article","og_title":"Milla Nova Deja | Koonings","og_description":"Dieses auff\u00e4llige tr\u00e4gerlose Minikleid wurde f\u00fcr moderne Br\u00e4ute entworfen. Es ist aus satiniertem Material gefertigt, hat einen geraden Ausschnitt und geht in der Taille in einen Minirock \u00fcber. Perfekt als zweites Hochzeitskleid oder als Abendkleid f\u00fcr eine Party.","og_url":"https:\/\/www.koonings.com\/de\/product\/milla-nova-deja\/","og_site_name":"Koonings","article_publisher":"https:\/\/www.facebook.com\/kooningstheweddingpalace","og_image":[{"width":1810,"height":2560,"url":"https:\/\/www.koonings.com\/wp-content\/uploads\/2024\/11\/40666_4a908a6b6693905ac6c2386bf32d64d96fe0bdb24707d098432f734e039886e38fc8cb70-scaled.jpeg","type":"image\/jpeg"}],"twitter_card":"summary_large_image","schema":{"@context":"https:\/\/schema.org","@graph":[{"@type":"WebPage","@id":"https:\/\/www.koonings.com\/de\/product\/milla-nova-deja\/","url":"https:\/\/www.koonings.com\/de\/product\/milla-nova-deja\/","name":"Milla Nova Deja | Koonings","isPartOf":{"@id":"https:\/\/www.koonings.com\/de\/#website"},"primaryImageOfPage":{"@id":"https:\/\/www.koonings.com\/de\/product\/milla-nova-deja\/#primaryimage"},"image":{"@id":"https:\/\/www.koonings.com\/de\/product\/milla-nova-deja\/#primaryimage"},"thumbnailUrl":"https:\/\/www.koonings.com\/wp-content\/uploads\/2024\/11\/40666_4a908a6b6693905ac6c2386bf32d64d96fe0bdb24707d098432f734e039886e38fc8cb70-scaled.jpeg","datePublished":"2026-05-06T13:20:44+00:00","description":"Dieses auff\u00e4llige tr\u00e4gerlose Minikleid wurde f\u00fcr moderne Br\u00e4ute entworfen. Es ist aus satiniertem Material gefertigt, hat einen geraden Ausschnitt und geht in der Taille in einen Minirock \u00fcber. Perfekt als zweites Hochzeitskleid oder als Abendkleid f\u00fcr eine Party.","breadcrumb":{"@id":"https:\/\/www.koonings.com\/de\/product\/milla-nova-deja\/#breadcrumb"},"inLanguage":"de","potentialAction":[{"@type":"ReadAction","target":["https:\/\/www.koonings.com\/de\/product\/milla-nova-deja\/"]}]},{"@type":"ImageObject","inLanguage":"de","@id":"https:\/\/www.koonings.com\/de\/product\/milla-nova-deja\/#primaryimage","url":"https:\/\/www.koonings.com\/wp-content\/uploads\/2024\/11\/40666_4a908a6b6693905ac6c2386bf32d64d96fe0bdb24707d098432f734e039886e38fc8cb70-scaled.jpeg","contentUrl":"https:\/\/www.koonings.com\/wp-content\/uploads\/2024\/11\/40666_4a908a6b6693905ac6c2386bf32d64d96fe0bdb24707d098432f734e039886e38fc8cb70-scaled.jpeg","width":1810,"height":2560},{"@type":"BreadcrumbList","@id":"https:\/\/www.koonings.com\/de\/product\/milla-nova-deja\/#breadcrumb","itemListElement":[{"@type":"ListItem","position":1,"name":"Home","item":"https:\/\/www.koonings.com\/de\/"},{"@type":"ListItem","position":2,"name":"Milla Nova Deja"}]},{"@type":"WebSite","@id":"https:\/\/www.koonings.com\/de\/#website","url":"https:\/\/www.koonings.com\/de\/","name":"Koonings","description":"De grootste bruidsmodewinkel ter wereld","publisher":{"@id":"https:\/\/www.koonings.com\/de\/#organization"},"potentialAction":[{"@type":"SearchAction","target":{"@type":"EntryPoint","urlTemplate":"https:\/\/www.koonings.com\/de\/?s={search_term_string}"},"query-input":{"@type":"PropertyValueSpecification","valueRequired":true,"valueName":"search_term_string"}}],"inLanguage":"de"},{"@type":"Organization","@id":"https:\/\/www.koonings.com\/de\/#organization","name":"Koonings","url":"https:\/\/www.koonings.com\/de\/","logo":{"@type":"ImageObject","inLanguage":"de","@id":"https:\/\/www.koonings.com\/de\/#\/schema\/logo\/image\/","url":"https:\/\/www.koonings.com\/wp-content\/uploads\/2024\/07\/logo.png","contentUrl":"https:\/\/www.koonings.com\/wp-content\/uploads\/2024\/07\/logo.png","width":600,"height":428,"caption":"Koonings"},"image":{"@id":"https:\/\/www.koonings.com\/de\/#\/schema\/logo\/image\/"},"sameAs":["https:\/\/www.facebook.com\/kooningstheweddingpalace","https:\/\/www.instagram.com\/kooningstheweddingpalace","https:\/\/www.pinterest.com\/koonings","https:\/\/www.youtube.com\/kooningstheweddingpalace"]}]}},"_links":{"self":[{"href":"https:\/\/www.koonings.com\/de\/wp-json\/wp\/v2\/product\/79273","targetHints":{"allow":["GET"]}}],"collection":[{"href":"https:\/\/www.koonings.com\/de\/wp-json\/wp\/v2\/product"}],"about":[{"href":"https:\/\/www.koonings.com\/de\/wp-json\/wp\/v2\/types\/product"}],"wp:featuredmedia":[{"embeddable":true,"href":"https:\/\/www.koonings.com\/de\/wp-json\/wp\/v2\/media\/70701"}],"wp:attachment":[{"href":"https:\/\/www.koonings.com\/de\/wp-json\/wp\/v2\/media?parent=79273"}],"wp:term":[{"taxonomy":"productdetails","embeddable":true,"href":"https:\/\/www.koonings.com\/de\/wp-json\/wp\/v2\/productdetails?post=79273"},{"taxonomy":"productneck","embeddable":true,"href":"https:\/\/www.koonings.com\/de\/wp-json\/wp\/v2\/productneck?post=79273"},{"taxonomy":"productcolor","embeddable":true,"href":"https:\/\/www.koonings.com\/de\/wp-json\/wp\/v2\/productcolor?post=79273"},{"taxonomy":"maat","embeddable":true,"href":"https:\/\/www.koonings.com\/de\/wp-json\/wp\/v2\/maat?post=79273"},{"taxonomy":"productsupplier","embeddable":true,"href":"https:\/\/www.koonings.com\/de\/wp-json\/wp\/v2\/productsupplier?post=79273"},{"taxonomy":"productsleeve","embeddable":true,"href":"https:\/\/www.koonings.com\/de\/wp-json\/wp\/v2\/productsleeve?post=79273"},{"taxonomy":"productcategory","embeddable":true,"href":"https:\/\/www.koonings.com\/de\/wp-json\/wp\/v2\/productcategory?post=79273"},{"taxonomy":"productsilhouette","embeddable":true,"href":"https:\/\/www.koonings.com\/de\/wp-json\/wp\/v2\/productsilhouette?post=79273"},{"taxonomy":"productstyle","embeddable":true,"href":"https:\/\/www.koonings.com\/de\/wp-json\/wp\/v2\/productstyle?post=79273"}],"curies":[{"name":"wp","href":"https:\/\/api.w.org\/{rel}","templated":true}]}}