{"id":79233,"date":"2025-12-15T00:30:24","date_gmt":"2025-12-14T23:30:24","guid":{"rendered":"https:\/\/www.koonings.com\/product\/martha-blanc-fadia\/"},"modified":"2026-02-03T19:47:57","modified_gmt":"2026-02-03T18:47:57","slug":"martha-blanc-fadia","status":"publish","type":"product","link":"https:\/\/www.koonings.com\/de\/product\/martha-blanc-fadia\/","title":{"rendered":"Martha Blanc Fadia"},"content":{"rendered":"<p>Fadia ist ein klassisches Hochzeitskleid in A-Linie aus der Kollektion von Koonings, das in Brokat gehalten ist. Das Mieder hat einen h\u00fcbschen \u00fcberkreuzten, schulterfreien Ausschnitt. Eine Reihe stoffbezogener Kn\u00f6pfe verl\u00e4uft \u00fcber den R\u00fccken. Der geschwungene Rock mit Frontschlitz und Taschen vervollst\u00e4ndigt den Look. Ein Entwurf von Martha Blanc f\u00fcr die Braut.    <\/p>\n","protected":false},"featured_media":67032,"template":"","meta":{"_acf_changed":false,"ghostkit_customizer_options":"","ghostkit_custom_css":"","ghostkit_custom_js_head":"","ghostkit_custom_js_foot":"","ghostkit_typography":""},"productdetails":[378],"productneck":[356],"productcolor":[392],"maat":[375],"productsupplier":[482],"productsleeve":[363],"productcategory":[18],"productsilhouette":[384],"productstyle":[369],"class_list":["post-79233","product","type-product","status-publish","has-post-thumbnail","hentry","productdetails-378","productneck-356","productcolor-392","maat-375","productsupplier-martha-blanc","productsleeve-363","productcategory-trouwjurken","productsilhouette-384","productstyle-369"],"acf":[],"yoast_head":"<!-- This site is optimized with the Yoast SEO plugin v26.8 - https:\/\/yoast.com\/product\/yoast-seo-wordpress\/ -->\n<title>Martha Blanc Fadia | Koonings<\/title>\n<meta name=\"description\" content=\"Fadia ist ein klassisches Hochzeitskleid in A-Linie aus der Kollektion von Koonings, das in Brokat gehalten ist. Das Mieder hat einen h\u00fcbschen \u00fcberkreuzten, schulterfreien Ausschnitt. Eine Reihe stoffbezogener Kn\u00f6pfe verl\u00e4uft \u00fcber den R\u00fccken. Der geschwungene Rock mit Frontschlitz und Taschen vervollst\u00e4ndigt den Look. Ein Entwurf von Martha Blanc f\u00fcr die Braut.\" \/>\n<meta name=\"robots\" content=\"index, follow, max-snippet:-1, max-image-preview:large, max-video-preview:-1\" \/>\n<link rel=\"canonical\" href=\"https:\/\/www.koonings.com\/de\/product\/martha-blanc-fadia\/\" \/>\n<meta property=\"og:locale\" content=\"de_DE\" \/>\n<meta property=\"og:type\" content=\"article\" \/>\n<meta property=\"og:title\" content=\"Martha Blanc Fadia | Koonings\" \/>\n<meta property=\"og:description\" content=\"Fadia ist ein klassisches Hochzeitskleid in A-Linie aus der Kollektion von Koonings, das in Brokat gehalten ist. Das Mieder hat einen h\u00fcbschen \u00fcberkreuzten, schulterfreien Ausschnitt. Eine Reihe stoffbezogener Kn\u00f6pfe verl\u00e4uft \u00fcber den R\u00fccken. Der geschwungene Rock mit Frontschlitz und Taschen vervollst\u00e4ndigt den Look. Ein Entwurf von Martha Blanc f\u00fcr die Braut.\" \/>\n<meta property=\"og:url\" content=\"https:\/\/www.koonings.com\/de\/product\/martha-blanc-fadia\/\" \/>\n<meta property=\"og:site_name\" content=\"Koonings\" \/>\n<meta property=\"article:publisher\" content=\"https:\/\/www.facebook.com\/kooningstheweddingpalace\" \/>\n<meta property=\"article:modified_time\" content=\"2026-02-03T18:47:57+00:00\" \/>\n<meta property=\"og:image\" content=\"https:\/\/www.koonings.com\/wp-content\/uploads\/2024\/11\/40465_dd4667f50b179d92b510e30ac651ebe4b5706e07e94a44b07832757c770e351c5d978876.jpeg\" \/>\n\t<meta property=\"og:image:width\" content=\"1199\" \/>\n\t<meta property=\"og:image:height\" content=\"1695\" \/>\n\t<meta property=\"og:image:type\" content=\"image\/jpeg\" \/>\n<meta name=\"twitter:card\" content=\"summary_large_image\" \/>\n<script type=\"application\/ld+json\" class=\"yoast-schema-graph\">{\"@context\":\"https:\/\/schema.org\",\"@graph\":[{\"@type\":\"WebPage\",\"@id\":\"https:\/\/www.koonings.com\/de\/product\/martha-blanc-fadia\/\",\"url\":\"https:\/\/www.koonings.com\/de\/product\/martha-blanc-fadia\/\",\"name\":\"Martha Blanc Fadia | Koonings\",\"isPartOf\":{\"@id\":\"https:\/\/www.koonings.com\/de\/#website\"},\"primaryImageOfPage\":{\"@id\":\"https:\/\/www.koonings.com\/de\/product\/martha-blanc-fadia\/#primaryimage\"},\"image\":{\"@id\":\"https:\/\/www.koonings.com\/de\/product\/martha-blanc-fadia\/#primaryimage\"},\"thumbnailUrl\":\"https:\/\/www.koonings.com\/wp-content\/uploads\/2024\/11\/40465_dd4667f50b179d92b510e30ac651ebe4b5706e07e94a44b07832757c770e351c5d978876.jpeg\",\"datePublished\":\"2025-12-14T23:30:24+00:00\",\"dateModified\":\"2026-02-03T18:47:57+00:00\",\"description\":\"Fadia ist ein klassisches Hochzeitskleid in A-Linie aus der Kollektion von Koonings, das in Brokat gehalten ist. Das Mieder hat einen h\u00fcbschen \u00fcberkreuzten, schulterfreien Ausschnitt. Eine Reihe stoffbezogener Kn\u00f6pfe verl\u00e4uft \u00fcber den R\u00fccken. Der geschwungene Rock mit Frontschlitz und Taschen vervollst\u00e4ndigt den Look. Ein Entwurf von Martha Blanc f\u00fcr die Braut.\",\"breadcrumb\":{\"@id\":\"https:\/\/www.koonings.com\/de\/product\/martha-blanc-fadia\/#breadcrumb\"},\"inLanguage\":\"de\",\"potentialAction\":[{\"@type\":\"ReadAction\",\"target\":[\"https:\/\/www.koonings.com\/de\/product\/martha-blanc-fadia\/\"]}]},{\"@type\":\"ImageObject\",\"inLanguage\":\"de\",\"@id\":\"https:\/\/www.koonings.com\/de\/product\/martha-blanc-fadia\/#primaryimage\",\"url\":\"https:\/\/www.koonings.com\/wp-content\/uploads\/2024\/11\/40465_dd4667f50b179d92b510e30ac651ebe4b5706e07e94a44b07832757c770e351c5d978876.jpeg\",\"contentUrl\":\"https:\/\/www.koonings.com\/wp-content\/uploads\/2024\/11\/40465_dd4667f50b179d92b510e30ac651ebe4b5706e07e94a44b07832757c770e351c5d978876.jpeg\",\"width\":1199,\"height\":1695},{\"@type\":\"BreadcrumbList\",\"@id\":\"https:\/\/www.koonings.com\/de\/product\/martha-blanc-fadia\/#breadcrumb\",\"itemListElement\":[{\"@type\":\"ListItem\",\"position\":1,\"name\":\"Home\",\"item\":\"https:\/\/www.koonings.com\/de\/\"},{\"@type\":\"ListItem\",\"position\":2,\"name\":\"Martha Blanc Fadia\"}]},{\"@type\":\"WebSite\",\"@id\":\"https:\/\/www.koonings.com\/de\/#website\",\"url\":\"https:\/\/www.koonings.com\/de\/\",\"name\":\"Koonings\",\"description\":\"De grootste bruidsmodewinkel ter wereld\",\"publisher\":{\"@id\":\"https:\/\/www.koonings.com\/de\/#organization\"},\"potentialAction\":[{\"@type\":\"SearchAction\",\"target\":{\"@type\":\"EntryPoint\",\"urlTemplate\":\"https:\/\/www.koonings.com\/de\/?s={search_term_string}\"},\"query-input\":{\"@type\":\"PropertyValueSpecification\",\"valueRequired\":true,\"valueName\":\"search_term_string\"}}],\"inLanguage\":\"de\"},{\"@type\":\"Organization\",\"@id\":\"https:\/\/www.koonings.com\/de\/#organization\",\"name\":\"Koonings\",\"url\":\"https:\/\/www.koonings.com\/de\/\",\"logo\":{\"@type\":\"ImageObject\",\"inLanguage\":\"de\",\"@id\":\"https:\/\/www.koonings.com\/de\/#\/schema\/logo\/image\/\",\"url\":\"https:\/\/www.koonings.com\/wp-content\/uploads\/2024\/07\/logo.png\",\"contentUrl\":\"https:\/\/www.koonings.com\/wp-content\/uploads\/2024\/07\/logo.png\",\"width\":600,\"height\":428,\"caption\":\"Koonings\"},\"image\":{\"@id\":\"https:\/\/www.koonings.com\/de\/#\/schema\/logo\/image\/\"},\"sameAs\":[\"https:\/\/www.facebook.com\/kooningstheweddingpalace\",\"https:\/\/www.instagram.com\/kooningstheweddingpalace\",\"https:\/\/www.pinterest.com\/koonings\",\"https:\/\/www.youtube.com\/kooningstheweddingpalace\"]}]}<\/script>\n<!-- \/ Yoast SEO plugin. -->","yoast_head_json":{"title":"Martha Blanc Fadia | Koonings","description":"Fadia ist ein klassisches Hochzeitskleid in A-Linie aus der Kollektion von Koonings, das in Brokat gehalten ist. Das Mieder hat einen h\u00fcbschen \u00fcberkreuzten, schulterfreien Ausschnitt. Eine Reihe stoffbezogener Kn\u00f6pfe verl\u00e4uft \u00fcber den R\u00fccken. Der geschwungene Rock mit Frontschlitz und Taschen vervollst\u00e4ndigt den Look. Ein Entwurf von Martha Blanc f\u00fcr die Braut.","robots":{"index":"index","follow":"follow","max-snippet":"max-snippet:-1","max-image-preview":"max-image-preview:large","max-video-preview":"max-video-preview:-1"},"canonical":"https:\/\/www.koonings.com\/de\/product\/martha-blanc-fadia\/","og_locale":"de_DE","og_type":"article","og_title":"Martha Blanc Fadia | Koonings","og_description":"Fadia ist ein klassisches Hochzeitskleid in A-Linie aus der Kollektion von Koonings, das in Brokat gehalten ist. Das Mieder hat einen h\u00fcbschen \u00fcberkreuzten, schulterfreien Ausschnitt. Eine Reihe stoffbezogener Kn\u00f6pfe verl\u00e4uft \u00fcber den R\u00fccken. Der geschwungene Rock mit Frontschlitz und Taschen vervollst\u00e4ndigt den Look. Ein Entwurf von Martha Blanc f\u00fcr die Braut.","og_url":"https:\/\/www.koonings.com\/de\/product\/martha-blanc-fadia\/","og_site_name":"Koonings","article_publisher":"https:\/\/www.facebook.com\/kooningstheweddingpalace","article_modified_time":"2026-02-03T18:47:57+00:00","og_image":[{"width":1199,"height":1695,"url":"https:\/\/www.koonings.com\/wp-content\/uploads\/2024\/11\/40465_dd4667f50b179d92b510e30ac651ebe4b5706e07e94a44b07832757c770e351c5d978876.jpeg","type":"image\/jpeg"}],"twitter_card":"summary_large_image","schema":{"@context":"https:\/\/schema.org","@graph":[{"@type":"WebPage","@id":"https:\/\/www.koonings.com\/de\/product\/martha-blanc-fadia\/","url":"https:\/\/www.koonings.com\/de\/product\/martha-blanc-fadia\/","name":"Martha Blanc Fadia | Koonings","isPartOf":{"@id":"https:\/\/www.koonings.com\/de\/#website"},"primaryImageOfPage":{"@id":"https:\/\/www.koonings.com\/de\/product\/martha-blanc-fadia\/#primaryimage"},"image":{"@id":"https:\/\/www.koonings.com\/de\/product\/martha-blanc-fadia\/#primaryimage"},"thumbnailUrl":"https:\/\/www.koonings.com\/wp-content\/uploads\/2024\/11\/40465_dd4667f50b179d92b510e30ac651ebe4b5706e07e94a44b07832757c770e351c5d978876.jpeg","datePublished":"2025-12-14T23:30:24+00:00","dateModified":"2026-02-03T18:47:57+00:00","description":"Fadia ist ein klassisches Hochzeitskleid in A-Linie aus der Kollektion von Koonings, das in Brokat gehalten ist. Das Mieder hat einen h\u00fcbschen \u00fcberkreuzten, schulterfreien Ausschnitt. Eine Reihe stoffbezogener Kn\u00f6pfe verl\u00e4uft \u00fcber den R\u00fccken. Der geschwungene Rock mit Frontschlitz und Taschen vervollst\u00e4ndigt den Look. Ein Entwurf von Martha Blanc f\u00fcr die Braut.","breadcrumb":{"@id":"https:\/\/www.koonings.com\/de\/product\/martha-blanc-fadia\/#breadcrumb"},"inLanguage":"de","potentialAction":[{"@type":"ReadAction","target":["https:\/\/www.koonings.com\/de\/product\/martha-blanc-fadia\/"]}]},{"@type":"ImageObject","inLanguage":"de","@id":"https:\/\/www.koonings.com\/de\/product\/martha-blanc-fadia\/#primaryimage","url":"https:\/\/www.koonings.com\/wp-content\/uploads\/2024\/11\/40465_dd4667f50b179d92b510e30ac651ebe4b5706e07e94a44b07832757c770e351c5d978876.jpeg","contentUrl":"https:\/\/www.koonings.com\/wp-content\/uploads\/2024\/11\/40465_dd4667f50b179d92b510e30ac651ebe4b5706e07e94a44b07832757c770e351c5d978876.jpeg","width":1199,"height":1695},{"@type":"BreadcrumbList","@id":"https:\/\/www.koonings.com\/de\/product\/martha-blanc-fadia\/#breadcrumb","itemListElement":[{"@type":"ListItem","position":1,"name":"Home","item":"https:\/\/www.koonings.com\/de\/"},{"@type":"ListItem","position":2,"name":"Martha Blanc Fadia"}]},{"@type":"WebSite","@id":"https:\/\/www.koonings.com\/de\/#website","url":"https:\/\/www.koonings.com\/de\/","name":"Koonings","description":"De grootste bruidsmodewinkel ter wereld","publisher":{"@id":"https:\/\/www.koonings.com\/de\/#organization"},"potentialAction":[{"@type":"SearchAction","target":{"@type":"EntryPoint","urlTemplate":"https:\/\/www.koonings.com\/de\/?s={search_term_string}"},"query-input":{"@type":"PropertyValueSpecification","valueRequired":true,"valueName":"search_term_string"}}],"inLanguage":"de"},{"@type":"Organization","@id":"https:\/\/www.koonings.com\/de\/#organization","name":"Koonings","url":"https:\/\/www.koonings.com\/de\/","logo":{"@type":"ImageObject","inLanguage":"de","@id":"https:\/\/www.koonings.com\/de\/#\/schema\/logo\/image\/","url":"https:\/\/www.koonings.com\/wp-content\/uploads\/2024\/07\/logo.png","contentUrl":"https:\/\/www.koonings.com\/wp-content\/uploads\/2024\/07\/logo.png","width":600,"height":428,"caption":"Koonings"},"image":{"@id":"https:\/\/www.koonings.com\/de\/#\/schema\/logo\/image\/"},"sameAs":["https:\/\/www.facebook.com\/kooningstheweddingpalace","https:\/\/www.instagram.com\/kooningstheweddingpalace","https:\/\/www.pinterest.com\/koonings","https:\/\/www.youtube.com\/kooningstheweddingpalace"]}]}},"_links":{"self":[{"href":"https:\/\/www.koonings.com\/de\/wp-json\/wp\/v2\/product\/79233","targetHints":{"allow":["GET"]}}],"collection":[{"href":"https:\/\/www.koonings.com\/de\/wp-json\/wp\/v2\/product"}],"about":[{"href":"https:\/\/www.koonings.com\/de\/wp-json\/wp\/v2\/types\/product"}],"wp:featuredmedia":[{"embeddable":true,"href":"https:\/\/www.koonings.com\/de\/wp-json\/wp\/v2\/media\/67032"}],"wp:attachment":[{"href":"https:\/\/www.koonings.com\/de\/wp-json\/wp\/v2\/media?parent=79233"}],"wp:term":[{"taxonomy":"productdetails","embeddable":true,"href":"https:\/\/www.koonings.com\/de\/wp-json\/wp\/v2\/productdetails?post=79233"},{"taxonomy":"productneck","embeddable":true,"href":"https:\/\/www.koonings.com\/de\/wp-json\/wp\/v2\/productneck?post=79233"},{"taxonomy":"productcolor","embeddable":true,"href":"https:\/\/www.koonings.com\/de\/wp-json\/wp\/v2\/productcolor?post=79233"},{"taxonomy":"maat","embeddable":true,"href":"https:\/\/www.koonings.com\/de\/wp-json\/wp\/v2\/maat?post=79233"},{"taxonomy":"productsupplier","embeddable":true,"href":"https:\/\/www.koonings.com\/de\/wp-json\/wp\/v2\/productsupplier?post=79233"},{"taxonomy":"productsleeve","embeddable":true,"href":"https:\/\/www.koonings.com\/de\/wp-json\/wp\/v2\/productsleeve?post=79233"},{"taxonomy":"productcategory","embeddable":true,"href":"https:\/\/www.koonings.com\/de\/wp-json\/wp\/v2\/productcategory?post=79233"},{"taxonomy":"productsilhouette","embeddable":true,"href":"https:\/\/www.koonings.com\/de\/wp-json\/wp\/v2\/productsilhouette?post=79233"},{"taxonomy":"productstyle","embeddable":true,"href":"https:\/\/www.koonings.com\/de\/wp-json\/wp\/v2\/productstyle?post=79233"}],"curies":[{"name":"wp","href":"https:\/\/api.w.org\/{rel}","templated":true}]}}