{"id":79206,"date":"2026-04-28T18:16:43","date_gmt":"2026-04-28T16:16:43","guid":{"rendered":"https:\/\/www.koonings.com\/product\/herve-paris-leo-za\/"},"modified":"2025-06-05T13:38:40","modified_gmt":"2025-06-05T11:38:40","slug":"herve-paris-leo-za","status":"publish","type":"product","link":"https:\/\/www.koonings.com\/de\/product\/herve-paris-leo-za\/","title":{"rendered":"Herve Paris Leo-ZA"},"content":{"rendered":"<p>Leo-ZA ist eine Vision von romantischem Charme in einer A-Linien-Silhouette. Das aus luxuri\u00f6sem Chiffon gefertigte Mieder von Leo-ZA aus Illusionsspitze verleiht Ihrem Brautkleid einen Hauch von zartem Charme. Der schlichte Rock verleiht diesem Look eine anmutige Schlichtheit und lenkt den Fokus auf die sch\u00f6nen Details des Mieders.<\/p>\n<p>Dieses Kleid ist auch erh\u00e4ltlich: Mit \u00c4rmeln &#8211; Leo Mit einfarbigem Rock &#8211; Leo-A Ohne \u00c4rmel &#8211; Leo-Z   <\/p>\n","protected":false},"featured_media":67221,"template":"","meta":{"_acf_changed":false,"ghostkit_customizer_options":"","ghostkit_custom_css":"","ghostkit_custom_js_head":"","ghostkit_custom_js_foot":"","ghostkit_typography":""},"productdetails":[376],"productneck":[356],"productcolor":[393,392],"maat":[],"productsupplier":[424],"productsleeve":[359],"productcategory":[18],"productsilhouette":[384],"productstyle":[365,366],"class_list":["post-79206","product","type-product","status-publish","has-post-thumbnail","hentry","productdetails-376","productneck-356","productcolor-393","productcolor-392","productsupplier-herve-paris","productsleeve-359","productcategory-trouwjurken","productsilhouette-384","productstyle-365","productstyle-366"],"acf":[],"yoast_head":"<!-- This site is optimized with the Yoast SEO plugin v27.3 - https:\/\/yoast.com\/product\/yoast-seo-wordpress\/ -->\n<title>Herve Paris Leo-ZA | Koonings<\/title>\n<meta name=\"description\" content=\"Leo-ZA ist eine Vision von romantischem Charme in einer A-Linien-Silhouette. Das aus luxuri\u00f6sem Chiffon gefertigte Mieder von Leo-ZA aus Illusionsspitze verleiht Ihrem Brautkleid einen Hauch von zartem Charme. Der schlichte Rock verleiht diesem Look eine anmutige Schlichtheit und lenkt den Fokus auf die sch\u00f6nen Details des Mieders. Dieses Kleid ist auch erh\u00e4ltlich: Mit \u00c4rmeln - Leo Mit einfarbigem Rock - Leo-A Ohne \u00c4rmel - Leo-Z\" \/>\n<meta name=\"robots\" content=\"index, follow, max-snippet:-1, max-image-preview:large, max-video-preview:-1\" \/>\n<link rel=\"canonical\" href=\"https:\/\/www.koonings.com\/de\/product\/herve-paris-leo-za\/\" \/>\n<meta property=\"og:locale\" content=\"de_DE\" \/>\n<meta property=\"og:type\" content=\"article\" \/>\n<meta property=\"og:title\" content=\"Herve Paris Leo-ZA | Koonings\" \/>\n<meta property=\"og:description\" content=\"Leo-ZA ist eine Vision von romantischem Charme in einer A-Linien-Silhouette. Das aus luxuri\u00f6sem Chiffon gefertigte Mieder von Leo-ZA aus Illusionsspitze verleiht Ihrem Brautkleid einen Hauch von zartem Charme. Der schlichte Rock verleiht diesem Look eine anmutige Schlichtheit und lenkt den Fokus auf die sch\u00f6nen Details des Mieders. Dieses Kleid ist auch erh\u00e4ltlich: Mit \u00c4rmeln - Leo Mit einfarbigem Rock - Leo-A Ohne \u00c4rmel - Leo-Z\" \/>\n<meta property=\"og:url\" content=\"https:\/\/www.koonings.com\/de\/product\/herve-paris-leo-za\/\" \/>\n<meta property=\"og:site_name\" content=\"Koonings\" \/>\n<meta property=\"article:publisher\" content=\"https:\/\/www.facebook.com\/kooningstheweddingpalace\" \/>\n<meta property=\"og:image\" content=\"https:\/\/www.koonings.com\/wp-content\/uploads\/2024\/11\/40296_0922fc14c42dc269b7084d8812902c85633e64e3dfa7fa0dd30ffbebbed7a855bf9b574a.jpeg\" \/>\n\t<meta property=\"og:image:width\" content=\"1408\" \/>\n\t<meta property=\"og:image:height\" content=\"1994\" \/>\n\t<meta property=\"og:image:type\" content=\"image\/jpeg\" \/>\n<meta name=\"twitter:card\" content=\"summary_large_image\" \/>\n<script type=\"application\/ld+json\" class=\"yoast-schema-graph\">{\"@context\":\"https:\\\/\\\/schema.org\",\"@graph\":[{\"@type\":\"WebPage\",\"@id\":\"https:\\\/\\\/www.koonings.com\\\/de\\\/product\\\/herve-paris-leo-za\\\/\",\"url\":\"https:\\\/\\\/www.koonings.com\\\/de\\\/product\\\/herve-paris-leo-za\\\/\",\"name\":\"Herve Paris Leo-ZA | Koonings\",\"isPartOf\":{\"@id\":\"https:\\\/\\\/www.koonings.com\\\/de\\\/#website\"},\"primaryImageOfPage\":{\"@id\":\"https:\\\/\\\/www.koonings.com\\\/de\\\/product\\\/herve-paris-leo-za\\\/#primaryimage\"},\"image\":{\"@id\":\"https:\\\/\\\/www.koonings.com\\\/de\\\/product\\\/herve-paris-leo-za\\\/#primaryimage\"},\"thumbnailUrl\":\"https:\\\/\\\/www.koonings.com\\\/wp-content\\\/uploads\\\/2024\\\/11\\\/40296_0922fc14c42dc269b7084d8812902c85633e64e3dfa7fa0dd30ffbebbed7a855bf9b574a.jpeg\",\"datePublished\":\"2026-04-28T16:16:43+00:00\",\"description\":\"Leo-ZA ist eine Vision von romantischem Charme in einer A-Linien-Silhouette. Das aus luxuri\u00f6sem Chiffon gefertigte Mieder von Leo-ZA aus Illusionsspitze verleiht Ihrem Brautkleid einen Hauch von zartem Charme. Der schlichte Rock verleiht diesem Look eine anmutige Schlichtheit und lenkt den Fokus auf die sch\u00f6nen Details des Mieders. Dieses Kleid ist auch erh\u00e4ltlich: Mit \u00c4rmeln - Leo Mit einfarbigem Rock - Leo-A Ohne \u00c4rmel - Leo-Z\",\"breadcrumb\":{\"@id\":\"https:\\\/\\\/www.koonings.com\\\/de\\\/product\\\/herve-paris-leo-za\\\/#breadcrumb\"},\"inLanguage\":\"de\",\"potentialAction\":[{\"@type\":\"ReadAction\",\"target\":[\"https:\\\/\\\/www.koonings.com\\\/de\\\/product\\\/herve-paris-leo-za\\\/\"]}]},{\"@type\":\"ImageObject\",\"inLanguage\":\"de\",\"@id\":\"https:\\\/\\\/www.koonings.com\\\/de\\\/product\\\/herve-paris-leo-za\\\/#primaryimage\",\"url\":\"https:\\\/\\\/www.koonings.com\\\/wp-content\\\/uploads\\\/2024\\\/11\\\/40296_0922fc14c42dc269b7084d8812902c85633e64e3dfa7fa0dd30ffbebbed7a855bf9b574a.jpeg\",\"contentUrl\":\"https:\\\/\\\/www.koonings.com\\\/wp-content\\\/uploads\\\/2024\\\/11\\\/40296_0922fc14c42dc269b7084d8812902c85633e64e3dfa7fa0dd30ffbebbed7a855bf9b574a.jpeg\",\"width\":1408,\"height\":1994},{\"@type\":\"BreadcrumbList\",\"@id\":\"https:\\\/\\\/www.koonings.com\\\/de\\\/product\\\/herve-paris-leo-za\\\/#breadcrumb\",\"itemListElement\":[{\"@type\":\"ListItem\",\"position\":1,\"name\":\"Home\",\"item\":\"https:\\\/\\\/www.koonings.com\\\/de\\\/\"},{\"@type\":\"ListItem\",\"position\":2,\"name\":\"Herve Paris Leo-ZA\"}]},{\"@type\":\"WebSite\",\"@id\":\"https:\\\/\\\/www.koonings.com\\\/de\\\/#website\",\"url\":\"https:\\\/\\\/www.koonings.com\\\/de\\\/\",\"name\":\"Koonings\",\"description\":\"De grootste bruidsmodewinkel ter wereld\",\"publisher\":{\"@id\":\"https:\\\/\\\/www.koonings.com\\\/de\\\/#organization\"},\"potentialAction\":[{\"@type\":\"SearchAction\",\"target\":{\"@type\":\"EntryPoint\",\"urlTemplate\":\"https:\\\/\\\/www.koonings.com\\\/de\\\/?s={search_term_string}\"},\"query-input\":{\"@type\":\"PropertyValueSpecification\",\"valueRequired\":true,\"valueName\":\"search_term_string\"}}],\"inLanguage\":\"de\"},{\"@type\":\"Organization\",\"@id\":\"https:\\\/\\\/www.koonings.com\\\/de\\\/#organization\",\"name\":\"Koonings\",\"url\":\"https:\\\/\\\/www.koonings.com\\\/de\\\/\",\"logo\":{\"@type\":\"ImageObject\",\"inLanguage\":\"de\",\"@id\":\"https:\\\/\\\/www.koonings.com\\\/de\\\/#\\\/schema\\\/logo\\\/image\\\/\",\"url\":\"https:\\\/\\\/www.koonings.com\\\/wp-content\\\/uploads\\\/2024\\\/07\\\/logo.png\",\"contentUrl\":\"https:\\\/\\\/www.koonings.com\\\/wp-content\\\/uploads\\\/2024\\\/07\\\/logo.png\",\"width\":600,\"height\":428,\"caption\":\"Koonings\"},\"image\":{\"@id\":\"https:\\\/\\\/www.koonings.com\\\/de\\\/#\\\/schema\\\/logo\\\/image\\\/\"},\"sameAs\":[\"https:\\\/\\\/www.facebook.com\\\/kooningstheweddingpalace\",\"https:\\\/\\\/www.instagram.com\\\/kooningstheweddingpalace\",\"https:\\\/\\\/www.pinterest.com\\\/koonings\",\"https:\\\/\\\/www.youtube.com\\\/kooningstheweddingpalace\"]}]}<\/script>\n<!-- \/ Yoast SEO plugin. -->","yoast_head_json":{"title":"Herve Paris Leo-ZA | Koonings","description":"Leo-ZA ist eine Vision von romantischem Charme in einer A-Linien-Silhouette. Das aus luxuri\u00f6sem Chiffon gefertigte Mieder von Leo-ZA aus Illusionsspitze verleiht Ihrem Brautkleid einen Hauch von zartem Charme. Der schlichte Rock verleiht diesem Look eine anmutige Schlichtheit und lenkt den Fokus auf die sch\u00f6nen Details des Mieders. Dieses Kleid ist auch erh\u00e4ltlich: Mit \u00c4rmeln - Leo Mit einfarbigem Rock - Leo-A Ohne \u00c4rmel - Leo-Z","robots":{"index":"index","follow":"follow","max-snippet":"max-snippet:-1","max-image-preview":"max-image-preview:large","max-video-preview":"max-video-preview:-1"},"canonical":"https:\/\/www.koonings.com\/de\/product\/herve-paris-leo-za\/","og_locale":"de_DE","og_type":"article","og_title":"Herve Paris Leo-ZA | Koonings","og_description":"Leo-ZA ist eine Vision von romantischem Charme in einer A-Linien-Silhouette. Das aus luxuri\u00f6sem Chiffon gefertigte Mieder von Leo-ZA aus Illusionsspitze verleiht Ihrem Brautkleid einen Hauch von zartem Charme. Der schlichte Rock verleiht diesem Look eine anmutige Schlichtheit und lenkt den Fokus auf die sch\u00f6nen Details des Mieders. Dieses Kleid ist auch erh\u00e4ltlich: Mit \u00c4rmeln - Leo Mit einfarbigem Rock - Leo-A Ohne \u00c4rmel - Leo-Z","og_url":"https:\/\/www.koonings.com\/de\/product\/herve-paris-leo-za\/","og_site_name":"Koonings","article_publisher":"https:\/\/www.facebook.com\/kooningstheweddingpalace","og_image":[{"width":1408,"height":1994,"url":"https:\/\/www.koonings.com\/wp-content\/uploads\/2024\/11\/40296_0922fc14c42dc269b7084d8812902c85633e64e3dfa7fa0dd30ffbebbed7a855bf9b574a.jpeg","type":"image\/jpeg"}],"twitter_card":"summary_large_image","schema":{"@context":"https:\/\/schema.org","@graph":[{"@type":"WebPage","@id":"https:\/\/www.koonings.com\/de\/product\/herve-paris-leo-za\/","url":"https:\/\/www.koonings.com\/de\/product\/herve-paris-leo-za\/","name":"Herve Paris Leo-ZA | Koonings","isPartOf":{"@id":"https:\/\/www.koonings.com\/de\/#website"},"primaryImageOfPage":{"@id":"https:\/\/www.koonings.com\/de\/product\/herve-paris-leo-za\/#primaryimage"},"image":{"@id":"https:\/\/www.koonings.com\/de\/product\/herve-paris-leo-za\/#primaryimage"},"thumbnailUrl":"https:\/\/www.koonings.com\/wp-content\/uploads\/2024\/11\/40296_0922fc14c42dc269b7084d8812902c85633e64e3dfa7fa0dd30ffbebbed7a855bf9b574a.jpeg","datePublished":"2026-04-28T16:16:43+00:00","description":"Leo-ZA ist eine Vision von romantischem Charme in einer A-Linien-Silhouette. Das aus luxuri\u00f6sem Chiffon gefertigte Mieder von Leo-ZA aus Illusionsspitze verleiht Ihrem Brautkleid einen Hauch von zartem Charme. Der schlichte Rock verleiht diesem Look eine anmutige Schlichtheit und lenkt den Fokus auf die sch\u00f6nen Details des Mieders. Dieses Kleid ist auch erh\u00e4ltlich: Mit \u00c4rmeln - Leo Mit einfarbigem Rock - Leo-A Ohne \u00c4rmel - Leo-Z","breadcrumb":{"@id":"https:\/\/www.koonings.com\/de\/product\/herve-paris-leo-za\/#breadcrumb"},"inLanguage":"de","potentialAction":[{"@type":"ReadAction","target":["https:\/\/www.koonings.com\/de\/product\/herve-paris-leo-za\/"]}]},{"@type":"ImageObject","inLanguage":"de","@id":"https:\/\/www.koonings.com\/de\/product\/herve-paris-leo-za\/#primaryimage","url":"https:\/\/www.koonings.com\/wp-content\/uploads\/2024\/11\/40296_0922fc14c42dc269b7084d8812902c85633e64e3dfa7fa0dd30ffbebbed7a855bf9b574a.jpeg","contentUrl":"https:\/\/www.koonings.com\/wp-content\/uploads\/2024\/11\/40296_0922fc14c42dc269b7084d8812902c85633e64e3dfa7fa0dd30ffbebbed7a855bf9b574a.jpeg","width":1408,"height":1994},{"@type":"BreadcrumbList","@id":"https:\/\/www.koonings.com\/de\/product\/herve-paris-leo-za\/#breadcrumb","itemListElement":[{"@type":"ListItem","position":1,"name":"Home","item":"https:\/\/www.koonings.com\/de\/"},{"@type":"ListItem","position":2,"name":"Herve Paris Leo-ZA"}]},{"@type":"WebSite","@id":"https:\/\/www.koonings.com\/de\/#website","url":"https:\/\/www.koonings.com\/de\/","name":"Koonings","description":"De grootste bruidsmodewinkel ter wereld","publisher":{"@id":"https:\/\/www.koonings.com\/de\/#organization"},"potentialAction":[{"@type":"SearchAction","target":{"@type":"EntryPoint","urlTemplate":"https:\/\/www.koonings.com\/de\/?s={search_term_string}"},"query-input":{"@type":"PropertyValueSpecification","valueRequired":true,"valueName":"search_term_string"}}],"inLanguage":"de"},{"@type":"Organization","@id":"https:\/\/www.koonings.com\/de\/#organization","name":"Koonings","url":"https:\/\/www.koonings.com\/de\/","logo":{"@type":"ImageObject","inLanguage":"de","@id":"https:\/\/www.koonings.com\/de\/#\/schema\/logo\/image\/","url":"https:\/\/www.koonings.com\/wp-content\/uploads\/2024\/07\/logo.png","contentUrl":"https:\/\/www.koonings.com\/wp-content\/uploads\/2024\/07\/logo.png","width":600,"height":428,"caption":"Koonings"},"image":{"@id":"https:\/\/www.koonings.com\/de\/#\/schema\/logo\/image\/"},"sameAs":["https:\/\/www.facebook.com\/kooningstheweddingpalace","https:\/\/www.instagram.com\/kooningstheweddingpalace","https:\/\/www.pinterest.com\/koonings","https:\/\/www.youtube.com\/kooningstheweddingpalace"]}]}},"_links":{"self":[{"href":"https:\/\/www.koonings.com\/de\/wp-json\/wp\/v2\/product\/79206","targetHints":{"allow":["GET"]}}],"collection":[{"href":"https:\/\/www.koonings.com\/de\/wp-json\/wp\/v2\/product"}],"about":[{"href":"https:\/\/www.koonings.com\/de\/wp-json\/wp\/v2\/types\/product"}],"wp:featuredmedia":[{"embeddable":true,"href":"https:\/\/www.koonings.com\/de\/wp-json\/wp\/v2\/media\/67221"}],"wp:attachment":[{"href":"https:\/\/www.koonings.com\/de\/wp-json\/wp\/v2\/media?parent=79206"}],"wp:term":[{"taxonomy":"productdetails","embeddable":true,"href":"https:\/\/www.koonings.com\/de\/wp-json\/wp\/v2\/productdetails?post=79206"},{"taxonomy":"productneck","embeddable":true,"href":"https:\/\/www.koonings.com\/de\/wp-json\/wp\/v2\/productneck?post=79206"},{"taxonomy":"productcolor","embeddable":true,"href":"https:\/\/www.koonings.com\/de\/wp-json\/wp\/v2\/productcolor?post=79206"},{"taxonomy":"maat","embeddable":true,"href":"https:\/\/www.koonings.com\/de\/wp-json\/wp\/v2\/maat?post=79206"},{"taxonomy":"productsupplier","embeddable":true,"href":"https:\/\/www.koonings.com\/de\/wp-json\/wp\/v2\/productsupplier?post=79206"},{"taxonomy":"productsleeve","embeddable":true,"href":"https:\/\/www.koonings.com\/de\/wp-json\/wp\/v2\/productsleeve?post=79206"},{"taxonomy":"productcategory","embeddable":true,"href":"https:\/\/www.koonings.com\/de\/wp-json\/wp\/v2\/productcategory?post=79206"},{"taxonomy":"productsilhouette","embeddable":true,"href":"https:\/\/www.koonings.com\/de\/wp-json\/wp\/v2\/productsilhouette?post=79206"},{"taxonomy":"productstyle","embeddable":true,"href":"https:\/\/www.koonings.com\/de\/wp-json\/wp\/v2\/productstyle?post=79206"}],"curies":[{"name":"wp","href":"https:\/\/api.w.org\/{rel}","templated":true}]}}