{"id":79200,"date":"2025-12-15T00:28:37","date_gmt":"2025-12-14T23:28:37","guid":{"rendered":"https:\/\/www.koonings.com\/product\/herve-paris-leticia-ca\/"},"modified":"2026-02-03T19:48:25","modified_gmt":"2026-02-03T18:48:25","slug":"herve-paris-leticia-ca","status":"publish","type":"product","link":"https:\/\/www.koonings.com\/de\/product\/herve-paris-leticia-ca\/","title":{"rendered":"Herve Paris Leticia-CA"},"content":{"rendered":"<p>Leticia-CA, ein vertr\u00e4umtes A-Linien-Kleid, das Boho-Charme mit Vintage-Eleganz verbindet. Das Mieder aus Illusionsspitze mit Fl\u00fcgel\u00e4rmeln strahlt eine moderne Essenz aus. Gepaart mit einem Rock aus Chiffon verk\u00f6rpert Leticia zeitlose Romantik mit einem Hauch von Boho. Dieses Kleid ist auch erh\u00e4ltlich:<br \/>\nMit \u00c4rmeln und Rock mit Spitze &#8211; Leticia<br \/>\nMit \u00c4rmeln &#8211; Leticia-A<br \/>\nMit Kappen\u00e4rmeln und Rock mit Spitze &#8211; Leticia C   <\/p>\n","protected":false},"featured_media":67234,"template":"","meta":{"_acf_changed":false,"ghostkit_customizer_options":"","ghostkit_custom_css":"","ghostkit_custom_js_head":"","ghostkit_custom_js_foot":"","ghostkit_typography":""},"productdetails":[],"productneck":[356],"productcolor":[392],"maat":[],"productsupplier":[424],"productsleeve":[361],"productcategory":[18],"productsilhouette":[384],"productstyle":[364,366],"class_list":["post-79200","product","type-product","status-publish","has-post-thumbnail","hentry","productneck-356","productcolor-392","productsupplier-herve-paris","productsleeve-361","productcategory-trouwjurken","productsilhouette-384","productstyle-364","productstyle-366"],"acf":[],"yoast_head":"<!-- This site is optimized with the Yoast SEO plugin v27.3 - https:\/\/yoast.com\/product\/yoast-seo-wordpress\/ -->\n<title>Herve Paris Leticia-CA | Koonings<\/title>\n<meta name=\"description\" content=\"Leticia-CA, ein vertr\u00e4umtes A-Linien-Kleid, das Boho-Charme mit Vintage-Eleganz verbindet. Das Mieder aus Illusionsspitze mit Fl\u00fcgel\u00e4rmeln strahlt eine moderne Essenz aus. Gepaart mit einem Rock aus Chiffon verk\u00f6rpert Leticia zeitlose Romantik mit einem Hauch von Boho. Dieses Kleid ist auch erh\u00e4ltlich: Mit \u00c4rmeln und Rock mit Spitze - Leticia Mit \u00c4rmeln - Leticia-A Mit Kappen\u00e4rmeln und Rock mit Spitze - Leticia C\" \/>\n<meta name=\"robots\" content=\"index, follow, max-snippet:-1, max-image-preview:large, max-video-preview:-1\" \/>\n<link rel=\"canonical\" href=\"https:\/\/www.koonings.com\/de\/product\/herve-paris-leticia-ca\/\" \/>\n<meta property=\"og:locale\" content=\"de_DE\" \/>\n<meta property=\"og:type\" content=\"article\" \/>\n<meta property=\"og:title\" content=\"Herve Paris Leticia-CA | Koonings\" \/>\n<meta property=\"og:description\" content=\"Leticia-CA, ein vertr\u00e4umtes A-Linien-Kleid, das Boho-Charme mit Vintage-Eleganz verbindet. Das Mieder aus Illusionsspitze mit Fl\u00fcgel\u00e4rmeln strahlt eine moderne Essenz aus. Gepaart mit einem Rock aus Chiffon verk\u00f6rpert Leticia zeitlose Romantik mit einem Hauch von Boho. Dieses Kleid ist auch erh\u00e4ltlich: Mit \u00c4rmeln und Rock mit Spitze - Leticia Mit \u00c4rmeln - Leticia-A Mit Kappen\u00e4rmeln und Rock mit Spitze - Leticia C\" \/>\n<meta property=\"og:url\" content=\"https:\/\/www.koonings.com\/de\/product\/herve-paris-leticia-ca\/\" \/>\n<meta property=\"og:site_name\" content=\"Koonings\" \/>\n<meta property=\"article:publisher\" content=\"https:\/\/www.facebook.com\/kooningstheweddingpalace\" \/>\n<meta property=\"article:modified_time\" content=\"2026-02-03T18:48:25+00:00\" \/>\n<meta property=\"og:image\" content=\"https:\/\/www.koonings.com\/wp-content\/uploads\/2024\/11\/40297_bbd1830358d6b8a557f871eb517865fd060c3cb6f57dcd591db1a2bdf277495cac43f450.jpeg\" \/>\n\t<meta property=\"og:image:width\" content=\"1210\" \/>\n\t<meta property=\"og:image:height\" content=\"1708\" \/>\n\t<meta property=\"og:image:type\" content=\"image\/jpeg\" \/>\n<meta name=\"twitter:card\" content=\"summary_large_image\" \/>\n<script type=\"application\/ld+json\" class=\"yoast-schema-graph\">{\"@context\":\"https:\\\/\\\/schema.org\",\"@graph\":[{\"@type\":\"WebPage\",\"@id\":\"https:\\\/\\\/www.koonings.com\\\/de\\\/product\\\/herve-paris-leticia-ca\\\/\",\"url\":\"https:\\\/\\\/www.koonings.com\\\/de\\\/product\\\/herve-paris-leticia-ca\\\/\",\"name\":\"Herve Paris Leticia-CA | Koonings\",\"isPartOf\":{\"@id\":\"https:\\\/\\\/www.koonings.com\\\/de\\\/#website\"},\"primaryImageOfPage\":{\"@id\":\"https:\\\/\\\/www.koonings.com\\\/de\\\/product\\\/herve-paris-leticia-ca\\\/#primaryimage\"},\"image\":{\"@id\":\"https:\\\/\\\/www.koonings.com\\\/de\\\/product\\\/herve-paris-leticia-ca\\\/#primaryimage\"},\"thumbnailUrl\":\"https:\\\/\\\/www.koonings.com\\\/wp-content\\\/uploads\\\/2024\\\/11\\\/40297_bbd1830358d6b8a557f871eb517865fd060c3cb6f57dcd591db1a2bdf277495cac43f450.jpeg\",\"datePublished\":\"2025-12-14T23:28:37+00:00\",\"dateModified\":\"2026-02-03T18:48:25+00:00\",\"description\":\"Leticia-CA, ein vertr\u00e4umtes A-Linien-Kleid, das Boho-Charme mit Vintage-Eleganz verbindet. Das Mieder aus Illusionsspitze mit Fl\u00fcgel\u00e4rmeln strahlt eine moderne Essenz aus. Gepaart mit einem Rock aus Chiffon verk\u00f6rpert Leticia zeitlose Romantik mit einem Hauch von Boho. Dieses Kleid ist auch erh\u00e4ltlich: Mit \u00c4rmeln und Rock mit Spitze - Leticia Mit \u00c4rmeln - Leticia-A Mit Kappen\u00e4rmeln und Rock mit Spitze - Leticia C\",\"breadcrumb\":{\"@id\":\"https:\\\/\\\/www.koonings.com\\\/de\\\/product\\\/herve-paris-leticia-ca\\\/#breadcrumb\"},\"inLanguage\":\"de\",\"potentialAction\":[{\"@type\":\"ReadAction\",\"target\":[\"https:\\\/\\\/www.koonings.com\\\/de\\\/product\\\/herve-paris-leticia-ca\\\/\"]}]},{\"@type\":\"ImageObject\",\"inLanguage\":\"de\",\"@id\":\"https:\\\/\\\/www.koonings.com\\\/de\\\/product\\\/herve-paris-leticia-ca\\\/#primaryimage\",\"url\":\"https:\\\/\\\/www.koonings.com\\\/wp-content\\\/uploads\\\/2024\\\/11\\\/40297_bbd1830358d6b8a557f871eb517865fd060c3cb6f57dcd591db1a2bdf277495cac43f450.jpeg\",\"contentUrl\":\"https:\\\/\\\/www.koonings.com\\\/wp-content\\\/uploads\\\/2024\\\/11\\\/40297_bbd1830358d6b8a557f871eb517865fd060c3cb6f57dcd591db1a2bdf277495cac43f450.jpeg\",\"width\":1210,\"height\":1708},{\"@type\":\"BreadcrumbList\",\"@id\":\"https:\\\/\\\/www.koonings.com\\\/de\\\/product\\\/herve-paris-leticia-ca\\\/#breadcrumb\",\"itemListElement\":[{\"@type\":\"ListItem\",\"position\":1,\"name\":\"Home\",\"item\":\"https:\\\/\\\/www.koonings.com\\\/de\\\/\"},{\"@type\":\"ListItem\",\"position\":2,\"name\":\"Herve Paris Leticia-CA\"}]},{\"@type\":\"WebSite\",\"@id\":\"https:\\\/\\\/www.koonings.com\\\/de\\\/#website\",\"url\":\"https:\\\/\\\/www.koonings.com\\\/de\\\/\",\"name\":\"Koonings\",\"description\":\"De grootste bruidsmodewinkel ter wereld\",\"publisher\":{\"@id\":\"https:\\\/\\\/www.koonings.com\\\/de\\\/#organization\"},\"potentialAction\":[{\"@type\":\"SearchAction\",\"target\":{\"@type\":\"EntryPoint\",\"urlTemplate\":\"https:\\\/\\\/www.koonings.com\\\/de\\\/?s={search_term_string}\"},\"query-input\":{\"@type\":\"PropertyValueSpecification\",\"valueRequired\":true,\"valueName\":\"search_term_string\"}}],\"inLanguage\":\"de\"},{\"@type\":\"Organization\",\"@id\":\"https:\\\/\\\/www.koonings.com\\\/de\\\/#organization\",\"name\":\"Koonings\",\"url\":\"https:\\\/\\\/www.koonings.com\\\/de\\\/\",\"logo\":{\"@type\":\"ImageObject\",\"inLanguage\":\"de\",\"@id\":\"https:\\\/\\\/www.koonings.com\\\/de\\\/#\\\/schema\\\/logo\\\/image\\\/\",\"url\":\"https:\\\/\\\/www.koonings.com\\\/wp-content\\\/uploads\\\/2024\\\/07\\\/logo.png\",\"contentUrl\":\"https:\\\/\\\/www.koonings.com\\\/wp-content\\\/uploads\\\/2024\\\/07\\\/logo.png\",\"width\":600,\"height\":428,\"caption\":\"Koonings\"},\"image\":{\"@id\":\"https:\\\/\\\/www.koonings.com\\\/de\\\/#\\\/schema\\\/logo\\\/image\\\/\"},\"sameAs\":[\"https:\\\/\\\/www.facebook.com\\\/kooningstheweddingpalace\",\"https:\\\/\\\/www.instagram.com\\\/kooningstheweddingpalace\",\"https:\\\/\\\/www.pinterest.com\\\/koonings\",\"https:\\\/\\\/www.youtube.com\\\/kooningstheweddingpalace\"]}]}<\/script>\n<!-- \/ Yoast SEO plugin. -->","yoast_head_json":{"title":"Herve Paris Leticia-CA | Koonings","description":"Leticia-CA, ein vertr\u00e4umtes A-Linien-Kleid, das Boho-Charme mit Vintage-Eleganz verbindet. Das Mieder aus Illusionsspitze mit Fl\u00fcgel\u00e4rmeln strahlt eine moderne Essenz aus. Gepaart mit einem Rock aus Chiffon verk\u00f6rpert Leticia zeitlose Romantik mit einem Hauch von Boho. Dieses Kleid ist auch erh\u00e4ltlich: Mit \u00c4rmeln und Rock mit Spitze - Leticia Mit \u00c4rmeln - Leticia-A Mit Kappen\u00e4rmeln und Rock mit Spitze - Leticia C","robots":{"index":"index","follow":"follow","max-snippet":"max-snippet:-1","max-image-preview":"max-image-preview:large","max-video-preview":"max-video-preview:-1"},"canonical":"https:\/\/www.koonings.com\/de\/product\/herve-paris-leticia-ca\/","og_locale":"de_DE","og_type":"article","og_title":"Herve Paris Leticia-CA | Koonings","og_description":"Leticia-CA, ein vertr\u00e4umtes A-Linien-Kleid, das Boho-Charme mit Vintage-Eleganz verbindet. Das Mieder aus Illusionsspitze mit Fl\u00fcgel\u00e4rmeln strahlt eine moderne Essenz aus. Gepaart mit einem Rock aus Chiffon verk\u00f6rpert Leticia zeitlose Romantik mit einem Hauch von Boho. Dieses Kleid ist auch erh\u00e4ltlich: Mit \u00c4rmeln und Rock mit Spitze - Leticia Mit \u00c4rmeln - Leticia-A Mit Kappen\u00e4rmeln und Rock mit Spitze - Leticia C","og_url":"https:\/\/www.koonings.com\/de\/product\/herve-paris-leticia-ca\/","og_site_name":"Koonings","article_publisher":"https:\/\/www.facebook.com\/kooningstheweddingpalace","article_modified_time":"2026-02-03T18:48:25+00:00","og_image":[{"width":1210,"height":1708,"url":"https:\/\/www.koonings.com\/wp-content\/uploads\/2024\/11\/40297_bbd1830358d6b8a557f871eb517865fd060c3cb6f57dcd591db1a2bdf277495cac43f450.jpeg","type":"image\/jpeg"}],"twitter_card":"summary_large_image","schema":{"@context":"https:\/\/schema.org","@graph":[{"@type":"WebPage","@id":"https:\/\/www.koonings.com\/de\/product\/herve-paris-leticia-ca\/","url":"https:\/\/www.koonings.com\/de\/product\/herve-paris-leticia-ca\/","name":"Herve Paris Leticia-CA | Koonings","isPartOf":{"@id":"https:\/\/www.koonings.com\/de\/#website"},"primaryImageOfPage":{"@id":"https:\/\/www.koonings.com\/de\/product\/herve-paris-leticia-ca\/#primaryimage"},"image":{"@id":"https:\/\/www.koonings.com\/de\/product\/herve-paris-leticia-ca\/#primaryimage"},"thumbnailUrl":"https:\/\/www.koonings.com\/wp-content\/uploads\/2024\/11\/40297_bbd1830358d6b8a557f871eb517865fd060c3cb6f57dcd591db1a2bdf277495cac43f450.jpeg","datePublished":"2025-12-14T23:28:37+00:00","dateModified":"2026-02-03T18:48:25+00:00","description":"Leticia-CA, ein vertr\u00e4umtes A-Linien-Kleid, das Boho-Charme mit Vintage-Eleganz verbindet. Das Mieder aus Illusionsspitze mit Fl\u00fcgel\u00e4rmeln strahlt eine moderne Essenz aus. Gepaart mit einem Rock aus Chiffon verk\u00f6rpert Leticia zeitlose Romantik mit einem Hauch von Boho. Dieses Kleid ist auch erh\u00e4ltlich: Mit \u00c4rmeln und Rock mit Spitze - Leticia Mit \u00c4rmeln - Leticia-A Mit Kappen\u00e4rmeln und Rock mit Spitze - Leticia C","breadcrumb":{"@id":"https:\/\/www.koonings.com\/de\/product\/herve-paris-leticia-ca\/#breadcrumb"},"inLanguage":"de","potentialAction":[{"@type":"ReadAction","target":["https:\/\/www.koonings.com\/de\/product\/herve-paris-leticia-ca\/"]}]},{"@type":"ImageObject","inLanguage":"de","@id":"https:\/\/www.koonings.com\/de\/product\/herve-paris-leticia-ca\/#primaryimage","url":"https:\/\/www.koonings.com\/wp-content\/uploads\/2024\/11\/40297_bbd1830358d6b8a557f871eb517865fd060c3cb6f57dcd591db1a2bdf277495cac43f450.jpeg","contentUrl":"https:\/\/www.koonings.com\/wp-content\/uploads\/2024\/11\/40297_bbd1830358d6b8a557f871eb517865fd060c3cb6f57dcd591db1a2bdf277495cac43f450.jpeg","width":1210,"height":1708},{"@type":"BreadcrumbList","@id":"https:\/\/www.koonings.com\/de\/product\/herve-paris-leticia-ca\/#breadcrumb","itemListElement":[{"@type":"ListItem","position":1,"name":"Home","item":"https:\/\/www.koonings.com\/de\/"},{"@type":"ListItem","position":2,"name":"Herve Paris Leticia-CA"}]},{"@type":"WebSite","@id":"https:\/\/www.koonings.com\/de\/#website","url":"https:\/\/www.koonings.com\/de\/","name":"Koonings","description":"De grootste bruidsmodewinkel ter wereld","publisher":{"@id":"https:\/\/www.koonings.com\/de\/#organization"},"potentialAction":[{"@type":"SearchAction","target":{"@type":"EntryPoint","urlTemplate":"https:\/\/www.koonings.com\/de\/?s={search_term_string}"},"query-input":{"@type":"PropertyValueSpecification","valueRequired":true,"valueName":"search_term_string"}}],"inLanguage":"de"},{"@type":"Organization","@id":"https:\/\/www.koonings.com\/de\/#organization","name":"Koonings","url":"https:\/\/www.koonings.com\/de\/","logo":{"@type":"ImageObject","inLanguage":"de","@id":"https:\/\/www.koonings.com\/de\/#\/schema\/logo\/image\/","url":"https:\/\/www.koonings.com\/wp-content\/uploads\/2024\/07\/logo.png","contentUrl":"https:\/\/www.koonings.com\/wp-content\/uploads\/2024\/07\/logo.png","width":600,"height":428,"caption":"Koonings"},"image":{"@id":"https:\/\/www.koonings.com\/de\/#\/schema\/logo\/image\/"},"sameAs":["https:\/\/www.facebook.com\/kooningstheweddingpalace","https:\/\/www.instagram.com\/kooningstheweddingpalace","https:\/\/www.pinterest.com\/koonings","https:\/\/www.youtube.com\/kooningstheweddingpalace"]}]}},"_links":{"self":[{"href":"https:\/\/www.koonings.com\/de\/wp-json\/wp\/v2\/product\/79200","targetHints":{"allow":["GET"]}}],"collection":[{"href":"https:\/\/www.koonings.com\/de\/wp-json\/wp\/v2\/product"}],"about":[{"href":"https:\/\/www.koonings.com\/de\/wp-json\/wp\/v2\/types\/product"}],"wp:featuredmedia":[{"embeddable":true,"href":"https:\/\/www.koonings.com\/de\/wp-json\/wp\/v2\/media\/67234"}],"wp:attachment":[{"href":"https:\/\/www.koonings.com\/de\/wp-json\/wp\/v2\/media?parent=79200"}],"wp:term":[{"taxonomy":"productdetails","embeddable":true,"href":"https:\/\/www.koonings.com\/de\/wp-json\/wp\/v2\/productdetails?post=79200"},{"taxonomy":"productneck","embeddable":true,"href":"https:\/\/www.koonings.com\/de\/wp-json\/wp\/v2\/productneck?post=79200"},{"taxonomy":"productcolor","embeddable":true,"href":"https:\/\/www.koonings.com\/de\/wp-json\/wp\/v2\/productcolor?post=79200"},{"taxonomy":"maat","embeddable":true,"href":"https:\/\/www.koonings.com\/de\/wp-json\/wp\/v2\/maat?post=79200"},{"taxonomy":"productsupplier","embeddable":true,"href":"https:\/\/www.koonings.com\/de\/wp-json\/wp\/v2\/productsupplier?post=79200"},{"taxonomy":"productsleeve","embeddable":true,"href":"https:\/\/www.koonings.com\/de\/wp-json\/wp\/v2\/productsleeve?post=79200"},{"taxonomy":"productcategory","embeddable":true,"href":"https:\/\/www.koonings.com\/de\/wp-json\/wp\/v2\/productcategory?post=79200"},{"taxonomy":"productsilhouette","embeddable":true,"href":"https:\/\/www.koonings.com\/de\/wp-json\/wp\/v2\/productsilhouette?post=79200"},{"taxonomy":"productstyle","embeddable":true,"href":"https:\/\/www.koonings.com\/de\/wp-json\/wp\/v2\/productstyle?post=79200"}],"curies":[{"name":"wp","href":"https:\/\/api.w.org\/{rel}","templated":true}]}}