{"id":79187,"date":"2025-12-15T00:40:42","date_gmt":"2025-12-14T23:40:42","guid":{"rendered":"https:\/\/www.koonings.com\/product\/enzoani-pen-liv-clementine\/"},"modified":"2026-02-03T19:48:57","modified_gmt":"2026-02-03T18:48:57","slug":"enzoani-pen-liv-clementine","status":"publish","type":"product","link":"https:\/\/www.koonings.com\/de\/product\/enzoani-pen-liv-clementine\/","title":{"rendered":"Enzoani Stift-Liv Clementine"},"content":{"rendered":"<p>Darf ich vorstellen: das atemberaubende Kleid CLEMENTINE. Dieses Kleid in A-Linie ist mit zarten 3D-Blumenapplikationen aus Chiffon und aufwendig bestickter floraler Spitze verziert und strahlt Romantik und Charme aus. Das Overlay aus Glitzert\u00fcll sorgt f\u00fcr einen Hauch von Funkeln, w\u00e4hrend Lagen von T\u00fcll in Kombination mit einem Futter aus Organza und Chiffon eine traumhafte Silhouette schaffen. Mit einer abnehmbaren Jacke, die den Ausschnitt in ein schickes Dekollet\u00e9 mit einer Schleife verwandelt, bietet dieses Kleid Vielseitigkeit und Raffinesse f\u00fcr die moderne Braut.   <\/p>\n","protected":false},"featured_media":67362,"template":"","meta":{"_acf_changed":false,"ghostkit_customizer_options":"","ghostkit_custom_css":"","ghostkit_custom_js_head":"","ghostkit_custom_js_foot":"","ghostkit_typography":""},"productdetails":[379,376,381],"productneck":[350],"productcolor":[393,392],"maat":[],"productsupplier":[443],"productsleeve":[],"productcategory":[18],"productsilhouette":[384],"productstyle":[366],"class_list":["post-79187","product","type-product","status-publish","has-post-thumbnail","hentry","productdetails-379","productdetails-376","productdetails-381","productneck-350","productcolor-393","productcolor-392","productsupplier-enzoani-pen-liv","productcategory-trouwjurken","productsilhouette-384","productstyle-366"],"acf":[],"yoast_head":"<!-- This site is optimized with the Yoast SEO plugin v27.3 - https:\/\/yoast.com\/product\/yoast-seo-wordpress\/ -->\n<title>Enzoani Stift-Liv Clementine | Koonings<\/title>\n<meta name=\"description\" content=\"Darf ich vorstellen: das atemberaubende Kleid CLEMENTINE. Dieses Kleid in A-Linie ist mit zarten 3D-Blumenapplikationen aus Chiffon und aufwendig bestickter floraler Spitze verziert und strahlt Romantik und Charme aus. Das Overlay aus Glitzert\u00fcll sorgt f\u00fcr einen Hauch von Funkeln, w\u00e4hrend Lagen von T\u00fcll in Kombination mit einem Futter aus Organza und Chiffon eine traumhafte Silhouette schaffen. Mit einer abnehmbaren Jacke, die den Ausschnitt in ein schickes Dekollet\u00e9 mit einer Schleife verwandelt, bietet dieses Kleid Vielseitigkeit und Raffinesse f\u00fcr die moderne Braut.\" \/>\n<meta name=\"robots\" content=\"index, follow, max-snippet:-1, max-image-preview:large, max-video-preview:-1\" \/>\n<link rel=\"canonical\" href=\"https:\/\/www.koonings.com\/de\/product\/enzoani-pen-liv-clementine\/\" \/>\n<meta property=\"og:locale\" content=\"de_DE\" \/>\n<meta property=\"og:type\" content=\"article\" \/>\n<meta property=\"og:title\" content=\"Enzoani Stift-Liv Clementine | Koonings\" \/>\n<meta property=\"og:description\" content=\"Darf ich vorstellen: das atemberaubende Kleid CLEMENTINE. Dieses Kleid in A-Linie ist mit zarten 3D-Blumenapplikationen aus Chiffon und aufwendig bestickter floraler Spitze verziert und strahlt Romantik und Charme aus. Das Overlay aus Glitzert\u00fcll sorgt f\u00fcr einen Hauch von Funkeln, w\u00e4hrend Lagen von T\u00fcll in Kombination mit einem Futter aus Organza und Chiffon eine traumhafte Silhouette schaffen. Mit einer abnehmbaren Jacke, die den Ausschnitt in ein schickes Dekollet\u00e9 mit einer Schleife verwandelt, bietet dieses Kleid Vielseitigkeit und Raffinesse f\u00fcr die moderne Braut.\" \/>\n<meta property=\"og:url\" content=\"https:\/\/www.koonings.com\/de\/product\/enzoani-pen-liv-clementine\/\" \/>\n<meta property=\"og:site_name\" content=\"Koonings\" \/>\n<meta property=\"article:publisher\" content=\"https:\/\/www.facebook.com\/kooningstheweddingpalace\" \/>\n<meta property=\"article:modified_time\" content=\"2026-02-03T18:48:57+00:00\" \/>\n<meta property=\"og:image\" content=\"https:\/\/www.koonings.com\/wp-content\/uploads\/2024\/11\/41148_fb07f054a097b83aee4f70ba31f99ff0a69e1ec3bb9542b114e51acfdc0d370fd2b5d32a.jpeg\" \/>\n\t<meta property=\"og:image:width\" content=\"1035\" \/>\n\t<meta property=\"og:image:height\" content=\"1380\" \/>\n\t<meta property=\"og:image:type\" content=\"image\/jpeg\" \/>\n<meta name=\"twitter:card\" content=\"summary_large_image\" \/>\n<script type=\"application\/ld+json\" class=\"yoast-schema-graph\">{\"@context\":\"https:\\\/\\\/schema.org\",\"@graph\":[{\"@type\":\"WebPage\",\"@id\":\"https:\\\/\\\/www.koonings.com\\\/de\\\/product\\\/enzoani-pen-liv-clementine\\\/\",\"url\":\"https:\\\/\\\/www.koonings.com\\\/de\\\/product\\\/enzoani-pen-liv-clementine\\\/\",\"name\":\"Enzoani Stift-Liv Clementine | Koonings\",\"isPartOf\":{\"@id\":\"https:\\\/\\\/www.koonings.com\\\/de\\\/#website\"},\"primaryImageOfPage\":{\"@id\":\"https:\\\/\\\/www.koonings.com\\\/de\\\/product\\\/enzoani-pen-liv-clementine\\\/#primaryimage\"},\"image\":{\"@id\":\"https:\\\/\\\/www.koonings.com\\\/de\\\/product\\\/enzoani-pen-liv-clementine\\\/#primaryimage\"},\"thumbnailUrl\":\"https:\\\/\\\/www.koonings.com\\\/wp-content\\\/uploads\\\/2024\\\/11\\\/41148_fb07f054a097b83aee4f70ba31f99ff0a69e1ec3bb9542b114e51acfdc0d370fd2b5d32a.jpeg\",\"datePublished\":\"2025-12-14T23:40:42+00:00\",\"dateModified\":\"2026-02-03T18:48:57+00:00\",\"description\":\"Darf ich vorstellen: das atemberaubende Kleid CLEMENTINE. Dieses Kleid in A-Linie ist mit zarten 3D-Blumenapplikationen aus Chiffon und aufwendig bestickter floraler Spitze verziert und strahlt Romantik und Charme aus. Das Overlay aus Glitzert\u00fcll sorgt f\u00fcr einen Hauch von Funkeln, w\u00e4hrend Lagen von T\u00fcll in Kombination mit einem Futter aus Organza und Chiffon eine traumhafte Silhouette schaffen. Mit einer abnehmbaren Jacke, die den Ausschnitt in ein schickes Dekollet\u00e9 mit einer Schleife verwandelt, bietet dieses Kleid Vielseitigkeit und Raffinesse f\u00fcr die moderne Braut.\",\"breadcrumb\":{\"@id\":\"https:\\\/\\\/www.koonings.com\\\/de\\\/product\\\/enzoani-pen-liv-clementine\\\/#breadcrumb\"},\"inLanguage\":\"de\",\"potentialAction\":[{\"@type\":\"ReadAction\",\"target\":[\"https:\\\/\\\/www.koonings.com\\\/de\\\/product\\\/enzoani-pen-liv-clementine\\\/\"]}]},{\"@type\":\"ImageObject\",\"inLanguage\":\"de\",\"@id\":\"https:\\\/\\\/www.koonings.com\\\/de\\\/product\\\/enzoani-pen-liv-clementine\\\/#primaryimage\",\"url\":\"https:\\\/\\\/www.koonings.com\\\/wp-content\\\/uploads\\\/2024\\\/11\\\/41148_fb07f054a097b83aee4f70ba31f99ff0a69e1ec3bb9542b114e51acfdc0d370fd2b5d32a.jpeg\",\"contentUrl\":\"https:\\\/\\\/www.koonings.com\\\/wp-content\\\/uploads\\\/2024\\\/11\\\/41148_fb07f054a097b83aee4f70ba31f99ff0a69e1ec3bb9542b114e51acfdc0d370fd2b5d32a.jpeg\",\"width\":1035,\"height\":1380},{\"@type\":\"BreadcrumbList\",\"@id\":\"https:\\\/\\\/www.koonings.com\\\/de\\\/product\\\/enzoani-pen-liv-clementine\\\/#breadcrumb\",\"itemListElement\":[{\"@type\":\"ListItem\",\"position\":1,\"name\":\"Home\",\"item\":\"https:\\\/\\\/www.koonings.com\\\/de\\\/\"},{\"@type\":\"ListItem\",\"position\":2,\"name\":\"Enzoani Stift-Liv Clementine\"}]},{\"@type\":\"WebSite\",\"@id\":\"https:\\\/\\\/www.koonings.com\\\/de\\\/#website\",\"url\":\"https:\\\/\\\/www.koonings.com\\\/de\\\/\",\"name\":\"Koonings\",\"description\":\"De grootste bruidsmodewinkel ter wereld\",\"publisher\":{\"@id\":\"https:\\\/\\\/www.koonings.com\\\/de\\\/#organization\"},\"potentialAction\":[{\"@type\":\"SearchAction\",\"target\":{\"@type\":\"EntryPoint\",\"urlTemplate\":\"https:\\\/\\\/www.koonings.com\\\/de\\\/?s={search_term_string}\"},\"query-input\":{\"@type\":\"PropertyValueSpecification\",\"valueRequired\":true,\"valueName\":\"search_term_string\"}}],\"inLanguage\":\"de\"},{\"@type\":\"Organization\",\"@id\":\"https:\\\/\\\/www.koonings.com\\\/de\\\/#organization\",\"name\":\"Koonings\",\"url\":\"https:\\\/\\\/www.koonings.com\\\/de\\\/\",\"logo\":{\"@type\":\"ImageObject\",\"inLanguage\":\"de\",\"@id\":\"https:\\\/\\\/www.koonings.com\\\/de\\\/#\\\/schema\\\/logo\\\/image\\\/\",\"url\":\"https:\\\/\\\/www.koonings.com\\\/wp-content\\\/uploads\\\/2024\\\/07\\\/logo.png\",\"contentUrl\":\"https:\\\/\\\/www.koonings.com\\\/wp-content\\\/uploads\\\/2024\\\/07\\\/logo.png\",\"width\":600,\"height\":428,\"caption\":\"Koonings\"},\"image\":{\"@id\":\"https:\\\/\\\/www.koonings.com\\\/de\\\/#\\\/schema\\\/logo\\\/image\\\/\"},\"sameAs\":[\"https:\\\/\\\/www.facebook.com\\\/kooningstheweddingpalace\",\"https:\\\/\\\/www.instagram.com\\\/kooningstheweddingpalace\",\"https:\\\/\\\/www.pinterest.com\\\/koonings\",\"https:\\\/\\\/www.youtube.com\\\/kooningstheweddingpalace\"]}]}<\/script>\n<!-- \/ Yoast SEO plugin. -->","yoast_head_json":{"title":"Enzoani Stift-Liv Clementine | Koonings","description":"Darf ich vorstellen: das atemberaubende Kleid CLEMENTINE. Dieses Kleid in A-Linie ist mit zarten 3D-Blumenapplikationen aus Chiffon und aufwendig bestickter floraler Spitze verziert und strahlt Romantik und Charme aus. Das Overlay aus Glitzert\u00fcll sorgt f\u00fcr einen Hauch von Funkeln, w\u00e4hrend Lagen von T\u00fcll in Kombination mit einem Futter aus Organza und Chiffon eine traumhafte Silhouette schaffen. Mit einer abnehmbaren Jacke, die den Ausschnitt in ein schickes Dekollet\u00e9 mit einer Schleife verwandelt, bietet dieses Kleid Vielseitigkeit und Raffinesse f\u00fcr die moderne Braut.","robots":{"index":"index","follow":"follow","max-snippet":"max-snippet:-1","max-image-preview":"max-image-preview:large","max-video-preview":"max-video-preview:-1"},"canonical":"https:\/\/www.koonings.com\/de\/product\/enzoani-pen-liv-clementine\/","og_locale":"de_DE","og_type":"article","og_title":"Enzoani Stift-Liv Clementine | Koonings","og_description":"Darf ich vorstellen: das atemberaubende Kleid CLEMENTINE. Dieses Kleid in A-Linie ist mit zarten 3D-Blumenapplikationen aus Chiffon und aufwendig bestickter floraler Spitze verziert und strahlt Romantik und Charme aus. Das Overlay aus Glitzert\u00fcll sorgt f\u00fcr einen Hauch von Funkeln, w\u00e4hrend Lagen von T\u00fcll in Kombination mit einem Futter aus Organza und Chiffon eine traumhafte Silhouette schaffen. Mit einer abnehmbaren Jacke, die den Ausschnitt in ein schickes Dekollet\u00e9 mit einer Schleife verwandelt, bietet dieses Kleid Vielseitigkeit und Raffinesse f\u00fcr die moderne Braut.","og_url":"https:\/\/www.koonings.com\/de\/product\/enzoani-pen-liv-clementine\/","og_site_name":"Koonings","article_publisher":"https:\/\/www.facebook.com\/kooningstheweddingpalace","article_modified_time":"2026-02-03T18:48:57+00:00","og_image":[{"width":1035,"height":1380,"url":"https:\/\/www.koonings.com\/wp-content\/uploads\/2024\/11\/41148_fb07f054a097b83aee4f70ba31f99ff0a69e1ec3bb9542b114e51acfdc0d370fd2b5d32a.jpeg","type":"image\/jpeg"}],"twitter_card":"summary_large_image","schema":{"@context":"https:\/\/schema.org","@graph":[{"@type":"WebPage","@id":"https:\/\/www.koonings.com\/de\/product\/enzoani-pen-liv-clementine\/","url":"https:\/\/www.koonings.com\/de\/product\/enzoani-pen-liv-clementine\/","name":"Enzoani Stift-Liv Clementine | Koonings","isPartOf":{"@id":"https:\/\/www.koonings.com\/de\/#website"},"primaryImageOfPage":{"@id":"https:\/\/www.koonings.com\/de\/product\/enzoani-pen-liv-clementine\/#primaryimage"},"image":{"@id":"https:\/\/www.koonings.com\/de\/product\/enzoani-pen-liv-clementine\/#primaryimage"},"thumbnailUrl":"https:\/\/www.koonings.com\/wp-content\/uploads\/2024\/11\/41148_fb07f054a097b83aee4f70ba31f99ff0a69e1ec3bb9542b114e51acfdc0d370fd2b5d32a.jpeg","datePublished":"2025-12-14T23:40:42+00:00","dateModified":"2026-02-03T18:48:57+00:00","description":"Darf ich vorstellen: das atemberaubende Kleid CLEMENTINE. Dieses Kleid in A-Linie ist mit zarten 3D-Blumenapplikationen aus Chiffon und aufwendig bestickter floraler Spitze verziert und strahlt Romantik und Charme aus. Das Overlay aus Glitzert\u00fcll sorgt f\u00fcr einen Hauch von Funkeln, w\u00e4hrend Lagen von T\u00fcll in Kombination mit einem Futter aus Organza und Chiffon eine traumhafte Silhouette schaffen. Mit einer abnehmbaren Jacke, die den Ausschnitt in ein schickes Dekollet\u00e9 mit einer Schleife verwandelt, bietet dieses Kleid Vielseitigkeit und Raffinesse f\u00fcr die moderne Braut.","breadcrumb":{"@id":"https:\/\/www.koonings.com\/de\/product\/enzoani-pen-liv-clementine\/#breadcrumb"},"inLanguage":"de","potentialAction":[{"@type":"ReadAction","target":["https:\/\/www.koonings.com\/de\/product\/enzoani-pen-liv-clementine\/"]}]},{"@type":"ImageObject","inLanguage":"de","@id":"https:\/\/www.koonings.com\/de\/product\/enzoani-pen-liv-clementine\/#primaryimage","url":"https:\/\/www.koonings.com\/wp-content\/uploads\/2024\/11\/41148_fb07f054a097b83aee4f70ba31f99ff0a69e1ec3bb9542b114e51acfdc0d370fd2b5d32a.jpeg","contentUrl":"https:\/\/www.koonings.com\/wp-content\/uploads\/2024\/11\/41148_fb07f054a097b83aee4f70ba31f99ff0a69e1ec3bb9542b114e51acfdc0d370fd2b5d32a.jpeg","width":1035,"height":1380},{"@type":"BreadcrumbList","@id":"https:\/\/www.koonings.com\/de\/product\/enzoani-pen-liv-clementine\/#breadcrumb","itemListElement":[{"@type":"ListItem","position":1,"name":"Home","item":"https:\/\/www.koonings.com\/de\/"},{"@type":"ListItem","position":2,"name":"Enzoani Stift-Liv Clementine"}]},{"@type":"WebSite","@id":"https:\/\/www.koonings.com\/de\/#website","url":"https:\/\/www.koonings.com\/de\/","name":"Koonings","description":"De grootste bruidsmodewinkel ter wereld","publisher":{"@id":"https:\/\/www.koonings.com\/de\/#organization"},"potentialAction":[{"@type":"SearchAction","target":{"@type":"EntryPoint","urlTemplate":"https:\/\/www.koonings.com\/de\/?s={search_term_string}"},"query-input":{"@type":"PropertyValueSpecification","valueRequired":true,"valueName":"search_term_string"}}],"inLanguage":"de"},{"@type":"Organization","@id":"https:\/\/www.koonings.com\/de\/#organization","name":"Koonings","url":"https:\/\/www.koonings.com\/de\/","logo":{"@type":"ImageObject","inLanguage":"de","@id":"https:\/\/www.koonings.com\/de\/#\/schema\/logo\/image\/","url":"https:\/\/www.koonings.com\/wp-content\/uploads\/2024\/07\/logo.png","contentUrl":"https:\/\/www.koonings.com\/wp-content\/uploads\/2024\/07\/logo.png","width":600,"height":428,"caption":"Koonings"},"image":{"@id":"https:\/\/www.koonings.com\/de\/#\/schema\/logo\/image\/"},"sameAs":["https:\/\/www.facebook.com\/kooningstheweddingpalace","https:\/\/www.instagram.com\/kooningstheweddingpalace","https:\/\/www.pinterest.com\/koonings","https:\/\/www.youtube.com\/kooningstheweddingpalace"]}]}},"_links":{"self":[{"href":"https:\/\/www.koonings.com\/de\/wp-json\/wp\/v2\/product\/79187","targetHints":{"allow":["GET"]}}],"collection":[{"href":"https:\/\/www.koonings.com\/de\/wp-json\/wp\/v2\/product"}],"about":[{"href":"https:\/\/www.koonings.com\/de\/wp-json\/wp\/v2\/types\/product"}],"wp:featuredmedia":[{"embeddable":true,"href":"https:\/\/www.koonings.com\/de\/wp-json\/wp\/v2\/media\/67362"}],"wp:attachment":[{"href":"https:\/\/www.koonings.com\/de\/wp-json\/wp\/v2\/media?parent=79187"}],"wp:term":[{"taxonomy":"productdetails","embeddable":true,"href":"https:\/\/www.koonings.com\/de\/wp-json\/wp\/v2\/productdetails?post=79187"},{"taxonomy":"productneck","embeddable":true,"href":"https:\/\/www.koonings.com\/de\/wp-json\/wp\/v2\/productneck?post=79187"},{"taxonomy":"productcolor","embeddable":true,"href":"https:\/\/www.koonings.com\/de\/wp-json\/wp\/v2\/productcolor?post=79187"},{"taxonomy":"maat","embeddable":true,"href":"https:\/\/www.koonings.com\/de\/wp-json\/wp\/v2\/maat?post=79187"},{"taxonomy":"productsupplier","embeddable":true,"href":"https:\/\/www.koonings.com\/de\/wp-json\/wp\/v2\/productsupplier?post=79187"},{"taxonomy":"productsleeve","embeddable":true,"href":"https:\/\/www.koonings.com\/de\/wp-json\/wp\/v2\/productsleeve?post=79187"},{"taxonomy":"productcategory","embeddable":true,"href":"https:\/\/www.koonings.com\/de\/wp-json\/wp\/v2\/productcategory?post=79187"},{"taxonomy":"productsilhouette","embeddable":true,"href":"https:\/\/www.koonings.com\/de\/wp-json\/wp\/v2\/productsilhouette?post=79187"},{"taxonomy":"productstyle","embeddable":true,"href":"https:\/\/www.koonings.com\/de\/wp-json\/wp\/v2\/productstyle?post=79187"}],"curies":[{"name":"wp","href":"https:\/\/api.w.org\/{rel}","templated":true}]}}