{"id":79168,"date":"2026-04-28T18:26:23","date_gmt":"2026-04-28T16:26:23","guid":{"rendered":"https:\/\/www.koonings.com\/product\/enzoani-prive-ember\/"},"modified":"2025-06-05T13:39:11","modified_gmt":"2025-06-05T11:39:11","slug":"enzoani-prive-ember","status":"publish","type":"product","link":"https:\/\/www.koonings.com\/de\/product\/enzoani-prive-ember\/","title":{"rendered":"Enzoani Prive Ember"},"content":{"rendered":"<p>Mit seinem klassischen herzf\u00f6rmigen Ausschnitt, den abnehmbaren schulterfreien Tr\u00e4gern und den aufw\u00e4ndigen Details aus floraler Spitze verstr\u00f6mt EMBER femininen Charme und zeitlose Romantik. Das taillierte Mieder mit Illusionskorsett betont die Figur, w\u00e4hrend der schlanke Rock aus Chiffon, bestickter floraler Spitze und Barockspitze eine ebenso schmeichelhafte wie elegante Silhouette schafft. Der Illusionsr\u00fccken mit T\u00fcllverzierung verleiht diesem Brautkleid einen Hauch von sanftem Glamour und macht es absolut traumhaft.  <\/p>\n","protected":false},"featured_media":67545,"template":"","meta":{"_acf_changed":false,"ghostkit_customizer_options":"","ghostkit_custom_css":"","ghostkit_custom_js_head":"","ghostkit_custom_js_foot":"","ghostkit_typography":""},"productdetails":[379,376],"productneck":[354,355],"productcolor":[393,392],"maat":[],"productsupplier":[461],"productsleeve":[],"productcategory":[18],"productsilhouette":[387],"productstyle":[369],"class_list":["post-79168","product","type-product","status-publish","has-post-thumbnail","hentry","productdetails-379","productdetails-376","productneck-354","productneck-355","productcolor-393","productcolor-392","productsupplier-enzoani-prive","productcategory-trouwjurken","productsilhouette-387","productstyle-369"],"acf":[],"yoast_head":"<!-- This site is optimized with the Yoast SEO plugin v27.3 - https:\/\/yoast.com\/product\/yoast-seo-wordpress\/ -->\n<title>Enzoani Prive Ember | Koonings<\/title>\n<meta name=\"description\" content=\"Mit seinem klassischen herzf\u00f6rmigen Ausschnitt, den abnehmbaren schulterfreien Tr\u00e4gern und den aufw\u00e4ndigen Details aus floraler Spitze verstr\u00f6mt EMBER femininen Charme und zeitlose Romantik. Das taillierte Mieder mit Illusionskorsett betont die Figur, w\u00e4hrend der schlanke Rock aus Chiffon, bestickter floraler Spitze und Barockspitze eine ebenso schmeichelhafte wie elegante Silhouette schafft. Der Illusionsr\u00fccken mit T\u00fcllverzierung verleiht diesem Brautkleid einen Hauch von sanftem Glamour und macht es absolut traumhaft.\" \/>\n<meta name=\"robots\" content=\"index, follow, max-snippet:-1, max-image-preview:large, max-video-preview:-1\" \/>\n<link rel=\"canonical\" href=\"https:\/\/www.koonings.com\/de\/product\/enzoani-prive-ember\/\" \/>\n<meta property=\"og:locale\" content=\"de_DE\" \/>\n<meta property=\"og:type\" content=\"article\" \/>\n<meta property=\"og:title\" content=\"Enzoani Prive Ember | Koonings\" \/>\n<meta property=\"og:description\" content=\"Mit seinem klassischen herzf\u00f6rmigen Ausschnitt, den abnehmbaren schulterfreien Tr\u00e4gern und den aufw\u00e4ndigen Details aus floraler Spitze verstr\u00f6mt EMBER femininen Charme und zeitlose Romantik. Das taillierte Mieder mit Illusionskorsett betont die Figur, w\u00e4hrend der schlanke Rock aus Chiffon, bestickter floraler Spitze und Barockspitze eine ebenso schmeichelhafte wie elegante Silhouette schafft. Der Illusionsr\u00fccken mit T\u00fcllverzierung verleiht diesem Brautkleid einen Hauch von sanftem Glamour und macht es absolut traumhaft.\" \/>\n<meta property=\"og:url\" content=\"https:\/\/www.koonings.com\/de\/product\/enzoani-prive-ember\/\" \/>\n<meta property=\"og:site_name\" content=\"Koonings\" \/>\n<meta property=\"article:publisher\" content=\"https:\/\/www.facebook.com\/kooningstheweddingpalace\" \/>\n<meta property=\"og:image\" content=\"https:\/\/www.koonings.com\/wp-content\/uploads\/2024\/11\/41171_b51e6c656ecd55cade688e8aee366038254463bc06592c15e2a14045bfdd9ff87ebe0b4c.jpeg\" \/>\n\t<meta property=\"og:image:width\" content=\"1035\" \/>\n\t<meta property=\"og:image:height\" content=\"1380\" \/>\n\t<meta property=\"og:image:type\" content=\"image\/jpeg\" \/>\n<meta name=\"twitter:card\" content=\"summary_large_image\" \/>\n<script type=\"application\/ld+json\" class=\"yoast-schema-graph\">{\"@context\":\"https:\\\/\\\/schema.org\",\"@graph\":[{\"@type\":\"WebPage\",\"@id\":\"https:\\\/\\\/www.koonings.com\\\/de\\\/product\\\/enzoani-prive-ember\\\/\",\"url\":\"https:\\\/\\\/www.koonings.com\\\/de\\\/product\\\/enzoani-prive-ember\\\/\",\"name\":\"Enzoani Prive Ember | Koonings\",\"isPartOf\":{\"@id\":\"https:\\\/\\\/www.koonings.com\\\/de\\\/#website\"},\"primaryImageOfPage\":{\"@id\":\"https:\\\/\\\/www.koonings.com\\\/de\\\/product\\\/enzoani-prive-ember\\\/#primaryimage\"},\"image\":{\"@id\":\"https:\\\/\\\/www.koonings.com\\\/de\\\/product\\\/enzoani-prive-ember\\\/#primaryimage\"},\"thumbnailUrl\":\"https:\\\/\\\/www.koonings.com\\\/wp-content\\\/uploads\\\/2024\\\/11\\\/41171_b51e6c656ecd55cade688e8aee366038254463bc06592c15e2a14045bfdd9ff87ebe0b4c.jpeg\",\"datePublished\":\"2026-04-28T16:26:23+00:00\",\"description\":\"Mit seinem klassischen herzf\u00f6rmigen Ausschnitt, den abnehmbaren schulterfreien Tr\u00e4gern und den aufw\u00e4ndigen Details aus floraler Spitze verstr\u00f6mt EMBER femininen Charme und zeitlose Romantik. Das taillierte Mieder mit Illusionskorsett betont die Figur, w\u00e4hrend der schlanke Rock aus Chiffon, bestickter floraler Spitze und Barockspitze eine ebenso schmeichelhafte wie elegante Silhouette schafft. Der Illusionsr\u00fccken mit T\u00fcllverzierung verleiht diesem Brautkleid einen Hauch von sanftem Glamour und macht es absolut traumhaft.\",\"breadcrumb\":{\"@id\":\"https:\\\/\\\/www.koonings.com\\\/de\\\/product\\\/enzoani-prive-ember\\\/#breadcrumb\"},\"inLanguage\":\"de\",\"potentialAction\":[{\"@type\":\"ReadAction\",\"target\":[\"https:\\\/\\\/www.koonings.com\\\/de\\\/product\\\/enzoani-prive-ember\\\/\"]}]},{\"@type\":\"ImageObject\",\"inLanguage\":\"de\",\"@id\":\"https:\\\/\\\/www.koonings.com\\\/de\\\/product\\\/enzoani-prive-ember\\\/#primaryimage\",\"url\":\"https:\\\/\\\/www.koonings.com\\\/wp-content\\\/uploads\\\/2024\\\/11\\\/41171_b51e6c656ecd55cade688e8aee366038254463bc06592c15e2a14045bfdd9ff87ebe0b4c.jpeg\",\"contentUrl\":\"https:\\\/\\\/www.koonings.com\\\/wp-content\\\/uploads\\\/2024\\\/11\\\/41171_b51e6c656ecd55cade688e8aee366038254463bc06592c15e2a14045bfdd9ff87ebe0b4c.jpeg\",\"width\":1035,\"height\":1380},{\"@type\":\"BreadcrumbList\",\"@id\":\"https:\\\/\\\/www.koonings.com\\\/de\\\/product\\\/enzoani-prive-ember\\\/#breadcrumb\",\"itemListElement\":[{\"@type\":\"ListItem\",\"position\":1,\"name\":\"Home\",\"item\":\"https:\\\/\\\/www.koonings.com\\\/de\\\/\"},{\"@type\":\"ListItem\",\"position\":2,\"name\":\"Enzoani Prive Ember\"}]},{\"@type\":\"WebSite\",\"@id\":\"https:\\\/\\\/www.koonings.com\\\/de\\\/#website\",\"url\":\"https:\\\/\\\/www.koonings.com\\\/de\\\/\",\"name\":\"Koonings\",\"description\":\"De grootste bruidsmodewinkel ter wereld\",\"publisher\":{\"@id\":\"https:\\\/\\\/www.koonings.com\\\/de\\\/#organization\"},\"potentialAction\":[{\"@type\":\"SearchAction\",\"target\":{\"@type\":\"EntryPoint\",\"urlTemplate\":\"https:\\\/\\\/www.koonings.com\\\/de\\\/?s={search_term_string}\"},\"query-input\":{\"@type\":\"PropertyValueSpecification\",\"valueRequired\":true,\"valueName\":\"search_term_string\"}}],\"inLanguage\":\"de\"},{\"@type\":\"Organization\",\"@id\":\"https:\\\/\\\/www.koonings.com\\\/de\\\/#organization\",\"name\":\"Koonings\",\"url\":\"https:\\\/\\\/www.koonings.com\\\/de\\\/\",\"logo\":{\"@type\":\"ImageObject\",\"inLanguage\":\"de\",\"@id\":\"https:\\\/\\\/www.koonings.com\\\/de\\\/#\\\/schema\\\/logo\\\/image\\\/\",\"url\":\"https:\\\/\\\/www.koonings.com\\\/wp-content\\\/uploads\\\/2024\\\/07\\\/logo.png\",\"contentUrl\":\"https:\\\/\\\/www.koonings.com\\\/wp-content\\\/uploads\\\/2024\\\/07\\\/logo.png\",\"width\":600,\"height\":428,\"caption\":\"Koonings\"},\"image\":{\"@id\":\"https:\\\/\\\/www.koonings.com\\\/de\\\/#\\\/schema\\\/logo\\\/image\\\/\"},\"sameAs\":[\"https:\\\/\\\/www.facebook.com\\\/kooningstheweddingpalace\",\"https:\\\/\\\/www.instagram.com\\\/kooningstheweddingpalace\",\"https:\\\/\\\/www.pinterest.com\\\/koonings\",\"https:\\\/\\\/www.youtube.com\\\/kooningstheweddingpalace\"]}]}<\/script>\n<!-- \/ Yoast SEO plugin. -->","yoast_head_json":{"title":"Enzoani Prive Ember | Koonings","description":"Mit seinem klassischen herzf\u00f6rmigen Ausschnitt, den abnehmbaren schulterfreien Tr\u00e4gern und den aufw\u00e4ndigen Details aus floraler Spitze verstr\u00f6mt EMBER femininen Charme und zeitlose Romantik. Das taillierte Mieder mit Illusionskorsett betont die Figur, w\u00e4hrend der schlanke Rock aus Chiffon, bestickter floraler Spitze und Barockspitze eine ebenso schmeichelhafte wie elegante Silhouette schafft. Der Illusionsr\u00fccken mit T\u00fcllverzierung verleiht diesem Brautkleid einen Hauch von sanftem Glamour und macht es absolut traumhaft.","robots":{"index":"index","follow":"follow","max-snippet":"max-snippet:-1","max-image-preview":"max-image-preview:large","max-video-preview":"max-video-preview:-1"},"canonical":"https:\/\/www.koonings.com\/de\/product\/enzoani-prive-ember\/","og_locale":"de_DE","og_type":"article","og_title":"Enzoani Prive Ember | Koonings","og_description":"Mit seinem klassischen herzf\u00f6rmigen Ausschnitt, den abnehmbaren schulterfreien Tr\u00e4gern und den aufw\u00e4ndigen Details aus floraler Spitze verstr\u00f6mt EMBER femininen Charme und zeitlose Romantik. Das taillierte Mieder mit Illusionskorsett betont die Figur, w\u00e4hrend der schlanke Rock aus Chiffon, bestickter floraler Spitze und Barockspitze eine ebenso schmeichelhafte wie elegante Silhouette schafft. Der Illusionsr\u00fccken mit T\u00fcllverzierung verleiht diesem Brautkleid einen Hauch von sanftem Glamour und macht es absolut traumhaft.","og_url":"https:\/\/www.koonings.com\/de\/product\/enzoani-prive-ember\/","og_site_name":"Koonings","article_publisher":"https:\/\/www.facebook.com\/kooningstheweddingpalace","og_image":[{"width":1035,"height":1380,"url":"https:\/\/www.koonings.com\/wp-content\/uploads\/2024\/11\/41171_b51e6c656ecd55cade688e8aee366038254463bc06592c15e2a14045bfdd9ff87ebe0b4c.jpeg","type":"image\/jpeg"}],"twitter_card":"summary_large_image","schema":{"@context":"https:\/\/schema.org","@graph":[{"@type":"WebPage","@id":"https:\/\/www.koonings.com\/de\/product\/enzoani-prive-ember\/","url":"https:\/\/www.koonings.com\/de\/product\/enzoani-prive-ember\/","name":"Enzoani Prive Ember | Koonings","isPartOf":{"@id":"https:\/\/www.koonings.com\/de\/#website"},"primaryImageOfPage":{"@id":"https:\/\/www.koonings.com\/de\/product\/enzoani-prive-ember\/#primaryimage"},"image":{"@id":"https:\/\/www.koonings.com\/de\/product\/enzoani-prive-ember\/#primaryimage"},"thumbnailUrl":"https:\/\/www.koonings.com\/wp-content\/uploads\/2024\/11\/41171_b51e6c656ecd55cade688e8aee366038254463bc06592c15e2a14045bfdd9ff87ebe0b4c.jpeg","datePublished":"2026-04-28T16:26:23+00:00","description":"Mit seinem klassischen herzf\u00f6rmigen Ausschnitt, den abnehmbaren schulterfreien Tr\u00e4gern und den aufw\u00e4ndigen Details aus floraler Spitze verstr\u00f6mt EMBER femininen Charme und zeitlose Romantik. Das taillierte Mieder mit Illusionskorsett betont die Figur, w\u00e4hrend der schlanke Rock aus Chiffon, bestickter floraler Spitze und Barockspitze eine ebenso schmeichelhafte wie elegante Silhouette schafft. Der Illusionsr\u00fccken mit T\u00fcllverzierung verleiht diesem Brautkleid einen Hauch von sanftem Glamour und macht es absolut traumhaft.","breadcrumb":{"@id":"https:\/\/www.koonings.com\/de\/product\/enzoani-prive-ember\/#breadcrumb"},"inLanguage":"de","potentialAction":[{"@type":"ReadAction","target":["https:\/\/www.koonings.com\/de\/product\/enzoani-prive-ember\/"]}]},{"@type":"ImageObject","inLanguage":"de","@id":"https:\/\/www.koonings.com\/de\/product\/enzoani-prive-ember\/#primaryimage","url":"https:\/\/www.koonings.com\/wp-content\/uploads\/2024\/11\/41171_b51e6c656ecd55cade688e8aee366038254463bc06592c15e2a14045bfdd9ff87ebe0b4c.jpeg","contentUrl":"https:\/\/www.koonings.com\/wp-content\/uploads\/2024\/11\/41171_b51e6c656ecd55cade688e8aee366038254463bc06592c15e2a14045bfdd9ff87ebe0b4c.jpeg","width":1035,"height":1380},{"@type":"BreadcrumbList","@id":"https:\/\/www.koonings.com\/de\/product\/enzoani-prive-ember\/#breadcrumb","itemListElement":[{"@type":"ListItem","position":1,"name":"Home","item":"https:\/\/www.koonings.com\/de\/"},{"@type":"ListItem","position":2,"name":"Enzoani Prive Ember"}]},{"@type":"WebSite","@id":"https:\/\/www.koonings.com\/de\/#website","url":"https:\/\/www.koonings.com\/de\/","name":"Koonings","description":"De grootste bruidsmodewinkel ter wereld","publisher":{"@id":"https:\/\/www.koonings.com\/de\/#organization"},"potentialAction":[{"@type":"SearchAction","target":{"@type":"EntryPoint","urlTemplate":"https:\/\/www.koonings.com\/de\/?s={search_term_string}"},"query-input":{"@type":"PropertyValueSpecification","valueRequired":true,"valueName":"search_term_string"}}],"inLanguage":"de"},{"@type":"Organization","@id":"https:\/\/www.koonings.com\/de\/#organization","name":"Koonings","url":"https:\/\/www.koonings.com\/de\/","logo":{"@type":"ImageObject","inLanguage":"de","@id":"https:\/\/www.koonings.com\/de\/#\/schema\/logo\/image\/","url":"https:\/\/www.koonings.com\/wp-content\/uploads\/2024\/07\/logo.png","contentUrl":"https:\/\/www.koonings.com\/wp-content\/uploads\/2024\/07\/logo.png","width":600,"height":428,"caption":"Koonings"},"image":{"@id":"https:\/\/www.koonings.com\/de\/#\/schema\/logo\/image\/"},"sameAs":["https:\/\/www.facebook.com\/kooningstheweddingpalace","https:\/\/www.instagram.com\/kooningstheweddingpalace","https:\/\/www.pinterest.com\/koonings","https:\/\/www.youtube.com\/kooningstheweddingpalace"]}]}},"_links":{"self":[{"href":"https:\/\/www.koonings.com\/de\/wp-json\/wp\/v2\/product\/79168","targetHints":{"allow":["GET"]}}],"collection":[{"href":"https:\/\/www.koonings.com\/de\/wp-json\/wp\/v2\/product"}],"about":[{"href":"https:\/\/www.koonings.com\/de\/wp-json\/wp\/v2\/types\/product"}],"wp:featuredmedia":[{"embeddable":true,"href":"https:\/\/www.koonings.com\/de\/wp-json\/wp\/v2\/media\/67545"}],"wp:attachment":[{"href":"https:\/\/www.koonings.com\/de\/wp-json\/wp\/v2\/media?parent=79168"}],"wp:term":[{"taxonomy":"productdetails","embeddable":true,"href":"https:\/\/www.koonings.com\/de\/wp-json\/wp\/v2\/productdetails?post=79168"},{"taxonomy":"productneck","embeddable":true,"href":"https:\/\/www.koonings.com\/de\/wp-json\/wp\/v2\/productneck?post=79168"},{"taxonomy":"productcolor","embeddable":true,"href":"https:\/\/www.koonings.com\/de\/wp-json\/wp\/v2\/productcolor?post=79168"},{"taxonomy":"maat","embeddable":true,"href":"https:\/\/www.koonings.com\/de\/wp-json\/wp\/v2\/maat?post=79168"},{"taxonomy":"productsupplier","embeddable":true,"href":"https:\/\/www.koonings.com\/de\/wp-json\/wp\/v2\/productsupplier?post=79168"},{"taxonomy":"productsleeve","embeddable":true,"href":"https:\/\/www.koonings.com\/de\/wp-json\/wp\/v2\/productsleeve?post=79168"},{"taxonomy":"productcategory","embeddable":true,"href":"https:\/\/www.koonings.com\/de\/wp-json\/wp\/v2\/productcategory?post=79168"},{"taxonomy":"productsilhouette","embeddable":true,"href":"https:\/\/www.koonings.com\/de\/wp-json\/wp\/v2\/productsilhouette?post=79168"},{"taxonomy":"productstyle","embeddable":true,"href":"https:\/\/www.koonings.com\/de\/wp-json\/wp\/v2\/productstyle?post=79168"}],"curies":[{"name":"wp","href":"https:\/\/api.w.org\/{rel}","templated":true}]}}