{"id":79161,"date":"2026-03-27T16:24:31","date_gmt":"2026-03-27T15:24:31","guid":{"rendered":"https:\/\/www.koonings.com\/product\/enzoani-portrait-alara-2\/"},"modified":"2025-06-05T13:39:11","modified_gmt":"2025-06-05T11:39:11","slug":"enzoani-portrait-alara-2","status":"publish","type":"product","link":"https:\/\/www.koonings.com\/de\/product\/enzoani-portrait-alara-2\/","title":{"rendered":"Enzoani Portrait Alara"},"content":{"rendered":"<p>Portrait x ALARA ist ein klassisches Meerjungfrauenkleid mit einem sanften Hauch von Vintage-Vibes. Eine Schicht aus aufwendig bestickter Spitze mit Blumen und Pailletten schwebt auf s\u00fc\u00dfer Chantilly-Spitze und flie\u00dft m\u00fchelos in eine durchsichtige Schleppe. Ein sexy, tiefes Dekollet\u00e9 mit dicken Spaghettitr\u00e4gern und ein hochgezogener R\u00fccken sorgen f\u00fcr m\u00fchelosen Halt bei diesem wundersch\u00f6nen Kleid. Die wundersch\u00f6ne Passform und die ausgestellte Silhouette werden durch zarte, verdeckte Kn\u00f6pfe auf dem R\u00fccken verziert.   <\/p>\n","protected":false},"featured_media":67562,"template":"","meta":{"_acf_changed":false,"ghostkit_customizer_options":"","ghostkit_custom_css":"","ghostkit_custom_js_head":"","ghostkit_custom_js_foot":"","ghostkit_typography":""},"productdetails":[379,376,381],"productneck":[356],"productcolor":[392],"maat":[375],"productsupplier":[460],"productsleeve":[359],"productcategory":[18],"productsilhouette":[387,389],"productstyle":[370,368],"class_list":["post-79161","product","type-product","status-publish","has-post-thumbnail","hentry","productdetails-379","productdetails-376","productdetails-381","productneck-356","productcolor-392","maat-375","productsupplier-enzoani-portrait","productsleeve-359","productcategory-trouwjurken","productsilhouette-387","productsilhouette-389","productstyle-370","productstyle-368"],"acf":[],"yoast_head":"<!-- This site is optimized with the Yoast SEO plugin v26.8 - https:\/\/yoast.com\/product\/yoast-seo-wordpress\/ -->\n<title>Enzoani Portrait Alara | Koonings<\/title>\n<meta name=\"description\" content=\"Portrait x ALARA ist ein klassisches Meerjungfrauenkleid mit einem sanften Hauch von Vintage-Vibes. Eine Schicht aus aufwendig bestickter Spitze mit Blumen und Pailletten schwebt auf s\u00fc\u00dfer Chantilly-Spitze und flie\u00dft m\u00fchelos in eine durchsichtige Schleppe. Ein sexy, tiefes Dekollet\u00e9 mit dicken Spaghettitr\u00e4gern und ein hochgezogener R\u00fccken sorgen f\u00fcr m\u00fchelosen Halt bei diesem wundersch\u00f6nen Kleid. Die wundersch\u00f6ne Passform und die ausgestellte Silhouette werden durch zarte, verdeckte Kn\u00f6pfe auf dem R\u00fccken verziert.\" \/>\n<meta name=\"robots\" content=\"index, follow, max-snippet:-1, max-image-preview:large, max-video-preview:-1\" \/>\n<link rel=\"canonical\" href=\"https:\/\/www.koonings.com\/de\/product\/enzoani-portrait-alara-2\/\" \/>\n<meta property=\"og:locale\" content=\"de_DE\" \/>\n<meta property=\"og:type\" content=\"article\" \/>\n<meta property=\"og:title\" content=\"Enzoani Portrait Alara | Koonings\" \/>\n<meta property=\"og:description\" content=\"Portrait x ALARA ist ein klassisches Meerjungfrauenkleid mit einem sanften Hauch von Vintage-Vibes. Eine Schicht aus aufwendig bestickter Spitze mit Blumen und Pailletten schwebt auf s\u00fc\u00dfer Chantilly-Spitze und flie\u00dft m\u00fchelos in eine durchsichtige Schleppe. Ein sexy, tiefes Dekollet\u00e9 mit dicken Spaghettitr\u00e4gern und ein hochgezogener R\u00fccken sorgen f\u00fcr m\u00fchelosen Halt bei diesem wundersch\u00f6nen Kleid. Die wundersch\u00f6ne Passform und die ausgestellte Silhouette werden durch zarte, verdeckte Kn\u00f6pfe auf dem R\u00fccken verziert.\" \/>\n<meta property=\"og:url\" content=\"https:\/\/www.koonings.com\/de\/product\/enzoani-portrait-alara-2\/\" \/>\n<meta property=\"og:site_name\" content=\"Koonings\" \/>\n<meta property=\"article:publisher\" content=\"https:\/\/www.facebook.com\/kooningstheweddingpalace\" \/>\n<meta property=\"og:image\" content=\"https:\/\/www.koonings.com\/wp-content\/uploads\/2024\/11\/41176_6043ce112ef3f1fc17b776d10fba46eeb7ed13d1d0cf1d6ce2461a8e55f103a8982eb715.jpeg\" \/>\n\t<meta property=\"og:image:width\" content=\"951\" \/>\n\t<meta property=\"og:image:height\" content=\"1344\" \/>\n\t<meta property=\"og:image:type\" content=\"image\/jpeg\" \/>\n<meta name=\"twitter:card\" content=\"summary_large_image\" \/>\n<script type=\"application\/ld+json\" class=\"yoast-schema-graph\">{\"@context\":\"https:\/\/schema.org\",\"@graph\":[{\"@type\":\"WebPage\",\"@id\":\"https:\/\/www.koonings.com\/de\/product\/enzoani-portrait-alara-2\/\",\"url\":\"https:\/\/www.koonings.com\/de\/product\/enzoani-portrait-alara-2\/\",\"name\":\"Enzoani Portrait Alara | Koonings\",\"isPartOf\":{\"@id\":\"https:\/\/www.koonings.com\/de\/#website\"},\"primaryImageOfPage\":{\"@id\":\"https:\/\/www.koonings.com\/de\/product\/enzoani-portrait-alara-2\/#primaryimage\"},\"image\":{\"@id\":\"https:\/\/www.koonings.com\/de\/product\/enzoani-portrait-alara-2\/#primaryimage\"},\"thumbnailUrl\":\"https:\/\/www.koonings.com\/wp-content\/uploads\/2024\/11\/41176_6043ce112ef3f1fc17b776d10fba46eeb7ed13d1d0cf1d6ce2461a8e55f103a8982eb715.jpeg\",\"datePublished\":\"2026-03-27T15:24:31+00:00\",\"description\":\"Portrait x ALARA ist ein klassisches Meerjungfrauenkleid mit einem sanften Hauch von Vintage-Vibes. Eine Schicht aus aufwendig bestickter Spitze mit Blumen und Pailletten schwebt auf s\u00fc\u00dfer Chantilly-Spitze und flie\u00dft m\u00fchelos in eine durchsichtige Schleppe. Ein sexy, tiefes Dekollet\u00e9 mit dicken Spaghettitr\u00e4gern und ein hochgezogener R\u00fccken sorgen f\u00fcr m\u00fchelosen Halt bei diesem wundersch\u00f6nen Kleid. Die wundersch\u00f6ne Passform und die ausgestellte Silhouette werden durch zarte, verdeckte Kn\u00f6pfe auf dem R\u00fccken verziert.\",\"breadcrumb\":{\"@id\":\"https:\/\/www.koonings.com\/de\/product\/enzoani-portrait-alara-2\/#breadcrumb\"},\"inLanguage\":\"de\",\"potentialAction\":[{\"@type\":\"ReadAction\",\"target\":[\"https:\/\/www.koonings.com\/de\/product\/enzoani-portrait-alara-2\/\"]}]},{\"@type\":\"ImageObject\",\"inLanguage\":\"de\",\"@id\":\"https:\/\/www.koonings.com\/de\/product\/enzoani-portrait-alara-2\/#primaryimage\",\"url\":\"https:\/\/www.koonings.com\/wp-content\/uploads\/2024\/11\/41176_6043ce112ef3f1fc17b776d10fba46eeb7ed13d1d0cf1d6ce2461a8e55f103a8982eb715.jpeg\",\"contentUrl\":\"https:\/\/www.koonings.com\/wp-content\/uploads\/2024\/11\/41176_6043ce112ef3f1fc17b776d10fba46eeb7ed13d1d0cf1d6ce2461a8e55f103a8982eb715.jpeg\",\"width\":951,\"height\":1344},{\"@type\":\"BreadcrumbList\",\"@id\":\"https:\/\/www.koonings.com\/de\/product\/enzoani-portrait-alara-2\/#breadcrumb\",\"itemListElement\":[{\"@type\":\"ListItem\",\"position\":1,\"name\":\"Home\",\"item\":\"https:\/\/www.koonings.com\/de\/\"},{\"@type\":\"ListItem\",\"position\":2,\"name\":\"Enzoani Portrait Alara\"}]},{\"@type\":\"WebSite\",\"@id\":\"https:\/\/www.koonings.com\/de\/#website\",\"url\":\"https:\/\/www.koonings.com\/de\/\",\"name\":\"Koonings\",\"description\":\"De grootste bruidsmodewinkel ter wereld\",\"publisher\":{\"@id\":\"https:\/\/www.koonings.com\/de\/#organization\"},\"potentialAction\":[{\"@type\":\"SearchAction\",\"target\":{\"@type\":\"EntryPoint\",\"urlTemplate\":\"https:\/\/www.koonings.com\/de\/?s={search_term_string}\"},\"query-input\":{\"@type\":\"PropertyValueSpecification\",\"valueRequired\":true,\"valueName\":\"search_term_string\"}}],\"inLanguage\":\"de\"},{\"@type\":\"Organization\",\"@id\":\"https:\/\/www.koonings.com\/de\/#organization\",\"name\":\"Koonings\",\"url\":\"https:\/\/www.koonings.com\/de\/\",\"logo\":{\"@type\":\"ImageObject\",\"inLanguage\":\"de\",\"@id\":\"https:\/\/www.koonings.com\/de\/#\/schema\/logo\/image\/\",\"url\":\"https:\/\/www.koonings.com\/wp-content\/uploads\/2024\/07\/logo.png\",\"contentUrl\":\"https:\/\/www.koonings.com\/wp-content\/uploads\/2024\/07\/logo.png\",\"width\":600,\"height\":428,\"caption\":\"Koonings\"},\"image\":{\"@id\":\"https:\/\/www.koonings.com\/de\/#\/schema\/logo\/image\/\"},\"sameAs\":[\"https:\/\/www.facebook.com\/kooningstheweddingpalace\",\"https:\/\/www.instagram.com\/kooningstheweddingpalace\",\"https:\/\/www.pinterest.com\/koonings\",\"https:\/\/www.youtube.com\/kooningstheweddingpalace\"]}]}<\/script>\n<!-- \/ Yoast SEO plugin. -->","yoast_head_json":{"title":"Enzoani Portrait Alara | Koonings","description":"Portrait x ALARA ist ein klassisches Meerjungfrauenkleid mit einem sanften Hauch von Vintage-Vibes. Eine Schicht aus aufwendig bestickter Spitze mit Blumen und Pailletten schwebt auf s\u00fc\u00dfer Chantilly-Spitze und flie\u00dft m\u00fchelos in eine durchsichtige Schleppe. Ein sexy, tiefes Dekollet\u00e9 mit dicken Spaghettitr\u00e4gern und ein hochgezogener R\u00fccken sorgen f\u00fcr m\u00fchelosen Halt bei diesem wundersch\u00f6nen Kleid. Die wundersch\u00f6ne Passform und die ausgestellte Silhouette werden durch zarte, verdeckte Kn\u00f6pfe auf dem R\u00fccken verziert.","robots":{"index":"index","follow":"follow","max-snippet":"max-snippet:-1","max-image-preview":"max-image-preview:large","max-video-preview":"max-video-preview:-1"},"canonical":"https:\/\/www.koonings.com\/de\/product\/enzoani-portrait-alara-2\/","og_locale":"de_DE","og_type":"article","og_title":"Enzoani Portrait Alara | Koonings","og_description":"Portrait x ALARA ist ein klassisches Meerjungfrauenkleid mit einem sanften Hauch von Vintage-Vibes. Eine Schicht aus aufwendig bestickter Spitze mit Blumen und Pailletten schwebt auf s\u00fc\u00dfer Chantilly-Spitze und flie\u00dft m\u00fchelos in eine durchsichtige Schleppe. Ein sexy, tiefes Dekollet\u00e9 mit dicken Spaghettitr\u00e4gern und ein hochgezogener R\u00fccken sorgen f\u00fcr m\u00fchelosen Halt bei diesem wundersch\u00f6nen Kleid. Die wundersch\u00f6ne Passform und die ausgestellte Silhouette werden durch zarte, verdeckte Kn\u00f6pfe auf dem R\u00fccken verziert.","og_url":"https:\/\/www.koonings.com\/de\/product\/enzoani-portrait-alara-2\/","og_site_name":"Koonings","article_publisher":"https:\/\/www.facebook.com\/kooningstheweddingpalace","og_image":[{"width":951,"height":1344,"url":"https:\/\/www.koonings.com\/wp-content\/uploads\/2024\/11\/41176_6043ce112ef3f1fc17b776d10fba46eeb7ed13d1d0cf1d6ce2461a8e55f103a8982eb715.jpeg","type":"image\/jpeg"}],"twitter_card":"summary_large_image","schema":{"@context":"https:\/\/schema.org","@graph":[{"@type":"WebPage","@id":"https:\/\/www.koonings.com\/de\/product\/enzoani-portrait-alara-2\/","url":"https:\/\/www.koonings.com\/de\/product\/enzoani-portrait-alara-2\/","name":"Enzoani Portrait Alara | Koonings","isPartOf":{"@id":"https:\/\/www.koonings.com\/de\/#website"},"primaryImageOfPage":{"@id":"https:\/\/www.koonings.com\/de\/product\/enzoani-portrait-alara-2\/#primaryimage"},"image":{"@id":"https:\/\/www.koonings.com\/de\/product\/enzoani-portrait-alara-2\/#primaryimage"},"thumbnailUrl":"https:\/\/www.koonings.com\/wp-content\/uploads\/2024\/11\/41176_6043ce112ef3f1fc17b776d10fba46eeb7ed13d1d0cf1d6ce2461a8e55f103a8982eb715.jpeg","datePublished":"2026-03-27T15:24:31+00:00","description":"Portrait x ALARA ist ein klassisches Meerjungfrauenkleid mit einem sanften Hauch von Vintage-Vibes. Eine Schicht aus aufwendig bestickter Spitze mit Blumen und Pailletten schwebt auf s\u00fc\u00dfer Chantilly-Spitze und flie\u00dft m\u00fchelos in eine durchsichtige Schleppe. Ein sexy, tiefes Dekollet\u00e9 mit dicken Spaghettitr\u00e4gern und ein hochgezogener R\u00fccken sorgen f\u00fcr m\u00fchelosen Halt bei diesem wundersch\u00f6nen Kleid. Die wundersch\u00f6ne Passform und die ausgestellte Silhouette werden durch zarte, verdeckte Kn\u00f6pfe auf dem R\u00fccken verziert.","breadcrumb":{"@id":"https:\/\/www.koonings.com\/de\/product\/enzoani-portrait-alara-2\/#breadcrumb"},"inLanguage":"de","potentialAction":[{"@type":"ReadAction","target":["https:\/\/www.koonings.com\/de\/product\/enzoani-portrait-alara-2\/"]}]},{"@type":"ImageObject","inLanguage":"de","@id":"https:\/\/www.koonings.com\/de\/product\/enzoani-portrait-alara-2\/#primaryimage","url":"https:\/\/www.koonings.com\/wp-content\/uploads\/2024\/11\/41176_6043ce112ef3f1fc17b776d10fba46eeb7ed13d1d0cf1d6ce2461a8e55f103a8982eb715.jpeg","contentUrl":"https:\/\/www.koonings.com\/wp-content\/uploads\/2024\/11\/41176_6043ce112ef3f1fc17b776d10fba46eeb7ed13d1d0cf1d6ce2461a8e55f103a8982eb715.jpeg","width":951,"height":1344},{"@type":"BreadcrumbList","@id":"https:\/\/www.koonings.com\/de\/product\/enzoani-portrait-alara-2\/#breadcrumb","itemListElement":[{"@type":"ListItem","position":1,"name":"Home","item":"https:\/\/www.koonings.com\/de\/"},{"@type":"ListItem","position":2,"name":"Enzoani Portrait Alara"}]},{"@type":"WebSite","@id":"https:\/\/www.koonings.com\/de\/#website","url":"https:\/\/www.koonings.com\/de\/","name":"Koonings","description":"De grootste bruidsmodewinkel ter wereld","publisher":{"@id":"https:\/\/www.koonings.com\/de\/#organization"},"potentialAction":[{"@type":"SearchAction","target":{"@type":"EntryPoint","urlTemplate":"https:\/\/www.koonings.com\/de\/?s={search_term_string}"},"query-input":{"@type":"PropertyValueSpecification","valueRequired":true,"valueName":"search_term_string"}}],"inLanguage":"de"},{"@type":"Organization","@id":"https:\/\/www.koonings.com\/de\/#organization","name":"Koonings","url":"https:\/\/www.koonings.com\/de\/","logo":{"@type":"ImageObject","inLanguage":"de","@id":"https:\/\/www.koonings.com\/de\/#\/schema\/logo\/image\/","url":"https:\/\/www.koonings.com\/wp-content\/uploads\/2024\/07\/logo.png","contentUrl":"https:\/\/www.koonings.com\/wp-content\/uploads\/2024\/07\/logo.png","width":600,"height":428,"caption":"Koonings"},"image":{"@id":"https:\/\/www.koonings.com\/de\/#\/schema\/logo\/image\/"},"sameAs":["https:\/\/www.facebook.com\/kooningstheweddingpalace","https:\/\/www.instagram.com\/kooningstheweddingpalace","https:\/\/www.pinterest.com\/koonings","https:\/\/www.youtube.com\/kooningstheweddingpalace"]}]}},"_links":{"self":[{"href":"https:\/\/www.koonings.com\/de\/wp-json\/wp\/v2\/product\/79161","targetHints":{"allow":["GET"]}}],"collection":[{"href":"https:\/\/www.koonings.com\/de\/wp-json\/wp\/v2\/product"}],"about":[{"href":"https:\/\/www.koonings.com\/de\/wp-json\/wp\/v2\/types\/product"}],"wp:featuredmedia":[{"embeddable":true,"href":"https:\/\/www.koonings.com\/de\/wp-json\/wp\/v2\/media\/67562"}],"wp:attachment":[{"href":"https:\/\/www.koonings.com\/de\/wp-json\/wp\/v2\/media?parent=79161"}],"wp:term":[{"taxonomy":"productdetails","embeddable":true,"href":"https:\/\/www.koonings.com\/de\/wp-json\/wp\/v2\/productdetails?post=79161"},{"taxonomy":"productneck","embeddable":true,"href":"https:\/\/www.koonings.com\/de\/wp-json\/wp\/v2\/productneck?post=79161"},{"taxonomy":"productcolor","embeddable":true,"href":"https:\/\/www.koonings.com\/de\/wp-json\/wp\/v2\/productcolor?post=79161"},{"taxonomy":"maat","embeddable":true,"href":"https:\/\/www.koonings.com\/de\/wp-json\/wp\/v2\/maat?post=79161"},{"taxonomy":"productsupplier","embeddable":true,"href":"https:\/\/www.koonings.com\/de\/wp-json\/wp\/v2\/productsupplier?post=79161"},{"taxonomy":"productsleeve","embeddable":true,"href":"https:\/\/www.koonings.com\/de\/wp-json\/wp\/v2\/productsleeve?post=79161"},{"taxonomy":"productcategory","embeddable":true,"href":"https:\/\/www.koonings.com\/de\/wp-json\/wp\/v2\/productcategory?post=79161"},{"taxonomy":"productsilhouette","embeddable":true,"href":"https:\/\/www.koonings.com\/de\/wp-json\/wp\/v2\/productsilhouette?post=79161"},{"taxonomy":"productstyle","embeddable":true,"href":"https:\/\/www.koonings.com\/de\/wp-json\/wp\/v2\/productstyle?post=79161"}],"curies":[{"name":"wp","href":"https:\/\/api.w.org\/{rel}","templated":true}]}}