{"id":79160,"date":"2026-05-06T15:26:39","date_gmt":"2026-05-06T13:26:39","guid":{"rendered":"https:\/\/www.koonings.com\/product\/enzoani-portrait-bethenny\/"},"modified":"2025-06-05T13:39:18","modified_gmt":"2025-06-05T11:39:18","slug":"enzoani-portrait-bethenny","status":"publish","type":"product","link":"https:\/\/www.koonings.com\/de\/product\/enzoani-portrait-bethenny\/","title":{"rendered":"Enzoani Portrait Bethenny"},"content":{"rendered":"<p>F\u00fcr zeitlose Eleganz mit einer romantischen Note bietet Portrait x BETHENNY ein verf\u00fchrerisches Oberteil mit einem tiefen Ausschnitt, der mit aufwendiger, floral bestickter Spitze verziert ist, und zarten, verdeckten Kn\u00f6pfen an der hochgezogenen, korsett\u00e4hnlichen R\u00fcckenpartie. Dieses atemberaubende Kleid wird durch einen mehrlagigen, luftigen Chiffonrock ausbalanciert, der mit einem auff\u00e4lligen hohen Schlitz f\u00fcr eine Extraportion Sexiness sorgt. <\/p>\n","protected":false},"featured_media":67600,"template":"","meta":{"_acf_changed":false,"ghostkit_customizer_options":"","ghostkit_custom_css":"","ghostkit_custom_js_head":"","ghostkit_custom_js_foot":"","ghostkit_typography":""},"productdetails":[379,376,378],"productneck":[354,356],"productcolor":[393,392],"maat":[375],"productsupplier":[460],"productsleeve":[],"productcategory":[18],"productsilhouette":[389],"productstyle":[366,370],"class_list":["post-79160","product","type-product","status-publish","has-post-thumbnail","hentry","productdetails-379","productdetails-376","productdetails-378","productneck-354","productneck-356","productcolor-393","productcolor-392","maat-375","productsupplier-enzoani-portrait","productcategory-trouwjurken","productsilhouette-389","productstyle-366","productstyle-370"],"acf":[],"yoast_head":"<!-- This site is optimized with the Yoast SEO plugin v27.3 - https:\/\/yoast.com\/product\/yoast-seo-wordpress\/ -->\n<title>Enzoani Portrait Bethenny | Koonings<\/title>\n<meta name=\"description\" content=\"F\u00fcr zeitlose Eleganz mit einer romantischen Note bietet Portrait x BETHENNY ein verf\u00fchrerisches Oberteil mit einem tiefen Ausschnitt, der mit aufwendiger, floral bestickter Spitze verziert ist, und zarten, verdeckten Kn\u00f6pfen an der hochgezogenen, korsett\u00e4hnlichen R\u00fcckenpartie. Dieses atemberaubende Kleid wird durch einen mehrlagigen, luftigen Chiffonrock ausbalanciert, der mit einem auff\u00e4lligen hohen Schlitz f\u00fcr eine Extraportion Sexiness sorgt.\" \/>\n<meta name=\"robots\" content=\"index, follow, max-snippet:-1, max-image-preview:large, max-video-preview:-1\" \/>\n<link rel=\"canonical\" href=\"https:\/\/www.koonings.com\/de\/product\/enzoani-portrait-bethenny\/\" \/>\n<meta property=\"og:locale\" content=\"de_DE\" \/>\n<meta property=\"og:type\" content=\"article\" \/>\n<meta property=\"og:title\" content=\"Enzoani Portrait Bethenny | Koonings\" \/>\n<meta property=\"og:description\" content=\"F\u00fcr zeitlose Eleganz mit einer romantischen Note bietet Portrait x BETHENNY ein verf\u00fchrerisches Oberteil mit einem tiefen Ausschnitt, der mit aufwendiger, floral bestickter Spitze verziert ist, und zarten, verdeckten Kn\u00f6pfen an der hochgezogenen, korsett\u00e4hnlichen R\u00fcckenpartie. Dieses atemberaubende Kleid wird durch einen mehrlagigen, luftigen Chiffonrock ausbalanciert, der mit einem auff\u00e4lligen hohen Schlitz f\u00fcr eine Extraportion Sexiness sorgt.\" \/>\n<meta property=\"og:url\" content=\"https:\/\/www.koonings.com\/de\/product\/enzoani-portrait-bethenny\/\" \/>\n<meta property=\"og:site_name\" content=\"Koonings\" \/>\n<meta property=\"article:publisher\" content=\"https:\/\/www.facebook.com\/kooningstheweddingpalace\" \/>\n<meta property=\"og:image\" content=\"https:\/\/www.koonings.com\/wp-content\/uploads\/2024\/11\/41181_a335901329cae6c53d82cd1b8c8bf9c9311e6524ac9484a9b7ad1940ef51f009c61970de.jpeg\" \/>\n\t<meta property=\"og:image:width\" content=\"958\" \/>\n\t<meta property=\"og:image:height\" content=\"1356\" \/>\n\t<meta property=\"og:image:type\" content=\"image\/jpeg\" \/>\n<meta name=\"twitter:card\" content=\"summary_large_image\" \/>\n<script type=\"application\/ld+json\" class=\"yoast-schema-graph\">{\"@context\":\"https:\\\/\\\/schema.org\",\"@graph\":[{\"@type\":\"WebPage\",\"@id\":\"https:\\\/\\\/www.koonings.com\\\/de\\\/product\\\/enzoani-portrait-bethenny\\\/\",\"url\":\"https:\\\/\\\/www.koonings.com\\\/de\\\/product\\\/enzoani-portrait-bethenny\\\/\",\"name\":\"Enzoani Portrait Bethenny | Koonings\",\"isPartOf\":{\"@id\":\"https:\\\/\\\/www.koonings.com\\\/de\\\/#website\"},\"primaryImageOfPage\":{\"@id\":\"https:\\\/\\\/www.koonings.com\\\/de\\\/product\\\/enzoani-portrait-bethenny\\\/#primaryimage\"},\"image\":{\"@id\":\"https:\\\/\\\/www.koonings.com\\\/de\\\/product\\\/enzoani-portrait-bethenny\\\/#primaryimage\"},\"thumbnailUrl\":\"https:\\\/\\\/www.koonings.com\\\/wp-content\\\/uploads\\\/2024\\\/11\\\/41181_a335901329cae6c53d82cd1b8c8bf9c9311e6524ac9484a9b7ad1940ef51f009c61970de.jpeg\",\"datePublished\":\"2026-05-06T13:26:39+00:00\",\"description\":\"F\u00fcr zeitlose Eleganz mit einer romantischen Note bietet Portrait x BETHENNY ein verf\u00fchrerisches Oberteil mit einem tiefen Ausschnitt, der mit aufwendiger, floral bestickter Spitze verziert ist, und zarten, verdeckten Kn\u00f6pfen an der hochgezogenen, korsett\u00e4hnlichen R\u00fcckenpartie. Dieses atemberaubende Kleid wird durch einen mehrlagigen, luftigen Chiffonrock ausbalanciert, der mit einem auff\u00e4lligen hohen Schlitz f\u00fcr eine Extraportion Sexiness sorgt.\",\"breadcrumb\":{\"@id\":\"https:\\\/\\\/www.koonings.com\\\/de\\\/product\\\/enzoani-portrait-bethenny\\\/#breadcrumb\"},\"inLanguage\":\"de\",\"potentialAction\":[{\"@type\":\"ReadAction\",\"target\":[\"https:\\\/\\\/www.koonings.com\\\/de\\\/product\\\/enzoani-portrait-bethenny\\\/\"]}]},{\"@type\":\"ImageObject\",\"inLanguage\":\"de\",\"@id\":\"https:\\\/\\\/www.koonings.com\\\/de\\\/product\\\/enzoani-portrait-bethenny\\\/#primaryimage\",\"url\":\"https:\\\/\\\/www.koonings.com\\\/wp-content\\\/uploads\\\/2024\\\/11\\\/41181_a335901329cae6c53d82cd1b8c8bf9c9311e6524ac9484a9b7ad1940ef51f009c61970de.jpeg\",\"contentUrl\":\"https:\\\/\\\/www.koonings.com\\\/wp-content\\\/uploads\\\/2024\\\/11\\\/41181_a335901329cae6c53d82cd1b8c8bf9c9311e6524ac9484a9b7ad1940ef51f009c61970de.jpeg\",\"width\":958,\"height\":1356},{\"@type\":\"BreadcrumbList\",\"@id\":\"https:\\\/\\\/www.koonings.com\\\/de\\\/product\\\/enzoani-portrait-bethenny\\\/#breadcrumb\",\"itemListElement\":[{\"@type\":\"ListItem\",\"position\":1,\"name\":\"Home\",\"item\":\"https:\\\/\\\/www.koonings.com\\\/de\\\/\"},{\"@type\":\"ListItem\",\"position\":2,\"name\":\"Enzoani Portrait Bethenny\"}]},{\"@type\":\"WebSite\",\"@id\":\"https:\\\/\\\/www.koonings.com\\\/de\\\/#website\",\"url\":\"https:\\\/\\\/www.koonings.com\\\/de\\\/\",\"name\":\"Koonings\",\"description\":\"De grootste bruidsmodewinkel ter wereld\",\"publisher\":{\"@id\":\"https:\\\/\\\/www.koonings.com\\\/de\\\/#organization\"},\"potentialAction\":[{\"@type\":\"SearchAction\",\"target\":{\"@type\":\"EntryPoint\",\"urlTemplate\":\"https:\\\/\\\/www.koonings.com\\\/de\\\/?s={search_term_string}\"},\"query-input\":{\"@type\":\"PropertyValueSpecification\",\"valueRequired\":true,\"valueName\":\"search_term_string\"}}],\"inLanguage\":\"de\"},{\"@type\":\"Organization\",\"@id\":\"https:\\\/\\\/www.koonings.com\\\/de\\\/#organization\",\"name\":\"Koonings\",\"url\":\"https:\\\/\\\/www.koonings.com\\\/de\\\/\",\"logo\":{\"@type\":\"ImageObject\",\"inLanguage\":\"de\",\"@id\":\"https:\\\/\\\/www.koonings.com\\\/de\\\/#\\\/schema\\\/logo\\\/image\\\/\",\"url\":\"https:\\\/\\\/www.koonings.com\\\/wp-content\\\/uploads\\\/2024\\\/07\\\/logo.png\",\"contentUrl\":\"https:\\\/\\\/www.koonings.com\\\/wp-content\\\/uploads\\\/2024\\\/07\\\/logo.png\",\"width\":600,\"height\":428,\"caption\":\"Koonings\"},\"image\":{\"@id\":\"https:\\\/\\\/www.koonings.com\\\/de\\\/#\\\/schema\\\/logo\\\/image\\\/\"},\"sameAs\":[\"https:\\\/\\\/www.facebook.com\\\/kooningstheweddingpalace\",\"https:\\\/\\\/www.instagram.com\\\/kooningstheweddingpalace\",\"https:\\\/\\\/www.pinterest.com\\\/koonings\",\"https:\\\/\\\/www.youtube.com\\\/kooningstheweddingpalace\"]}]}<\/script>\n<!-- \/ Yoast SEO plugin. -->","yoast_head_json":{"title":"Enzoani Portrait Bethenny | Koonings","description":"F\u00fcr zeitlose Eleganz mit einer romantischen Note bietet Portrait x BETHENNY ein verf\u00fchrerisches Oberteil mit einem tiefen Ausschnitt, der mit aufwendiger, floral bestickter Spitze verziert ist, und zarten, verdeckten Kn\u00f6pfen an der hochgezogenen, korsett\u00e4hnlichen R\u00fcckenpartie. Dieses atemberaubende Kleid wird durch einen mehrlagigen, luftigen Chiffonrock ausbalanciert, der mit einem auff\u00e4lligen hohen Schlitz f\u00fcr eine Extraportion Sexiness sorgt.","robots":{"index":"index","follow":"follow","max-snippet":"max-snippet:-1","max-image-preview":"max-image-preview:large","max-video-preview":"max-video-preview:-1"},"canonical":"https:\/\/www.koonings.com\/de\/product\/enzoani-portrait-bethenny\/","og_locale":"de_DE","og_type":"article","og_title":"Enzoani Portrait Bethenny | Koonings","og_description":"F\u00fcr zeitlose Eleganz mit einer romantischen Note bietet Portrait x BETHENNY ein verf\u00fchrerisches Oberteil mit einem tiefen Ausschnitt, der mit aufwendiger, floral bestickter Spitze verziert ist, und zarten, verdeckten Kn\u00f6pfen an der hochgezogenen, korsett\u00e4hnlichen R\u00fcckenpartie. Dieses atemberaubende Kleid wird durch einen mehrlagigen, luftigen Chiffonrock ausbalanciert, der mit einem auff\u00e4lligen hohen Schlitz f\u00fcr eine Extraportion Sexiness sorgt.","og_url":"https:\/\/www.koonings.com\/de\/product\/enzoani-portrait-bethenny\/","og_site_name":"Koonings","article_publisher":"https:\/\/www.facebook.com\/kooningstheweddingpalace","og_image":[{"width":958,"height":1356,"url":"https:\/\/www.koonings.com\/wp-content\/uploads\/2024\/11\/41181_a335901329cae6c53d82cd1b8c8bf9c9311e6524ac9484a9b7ad1940ef51f009c61970de.jpeg","type":"image\/jpeg"}],"twitter_card":"summary_large_image","schema":{"@context":"https:\/\/schema.org","@graph":[{"@type":"WebPage","@id":"https:\/\/www.koonings.com\/de\/product\/enzoani-portrait-bethenny\/","url":"https:\/\/www.koonings.com\/de\/product\/enzoani-portrait-bethenny\/","name":"Enzoani Portrait Bethenny | Koonings","isPartOf":{"@id":"https:\/\/www.koonings.com\/de\/#website"},"primaryImageOfPage":{"@id":"https:\/\/www.koonings.com\/de\/product\/enzoani-portrait-bethenny\/#primaryimage"},"image":{"@id":"https:\/\/www.koonings.com\/de\/product\/enzoani-portrait-bethenny\/#primaryimage"},"thumbnailUrl":"https:\/\/www.koonings.com\/wp-content\/uploads\/2024\/11\/41181_a335901329cae6c53d82cd1b8c8bf9c9311e6524ac9484a9b7ad1940ef51f009c61970de.jpeg","datePublished":"2026-05-06T13:26:39+00:00","description":"F\u00fcr zeitlose Eleganz mit einer romantischen Note bietet Portrait x BETHENNY ein verf\u00fchrerisches Oberteil mit einem tiefen Ausschnitt, der mit aufwendiger, floral bestickter Spitze verziert ist, und zarten, verdeckten Kn\u00f6pfen an der hochgezogenen, korsett\u00e4hnlichen R\u00fcckenpartie. Dieses atemberaubende Kleid wird durch einen mehrlagigen, luftigen Chiffonrock ausbalanciert, der mit einem auff\u00e4lligen hohen Schlitz f\u00fcr eine Extraportion Sexiness sorgt.","breadcrumb":{"@id":"https:\/\/www.koonings.com\/de\/product\/enzoani-portrait-bethenny\/#breadcrumb"},"inLanguage":"de","potentialAction":[{"@type":"ReadAction","target":["https:\/\/www.koonings.com\/de\/product\/enzoani-portrait-bethenny\/"]}]},{"@type":"ImageObject","inLanguage":"de","@id":"https:\/\/www.koonings.com\/de\/product\/enzoani-portrait-bethenny\/#primaryimage","url":"https:\/\/www.koonings.com\/wp-content\/uploads\/2024\/11\/41181_a335901329cae6c53d82cd1b8c8bf9c9311e6524ac9484a9b7ad1940ef51f009c61970de.jpeg","contentUrl":"https:\/\/www.koonings.com\/wp-content\/uploads\/2024\/11\/41181_a335901329cae6c53d82cd1b8c8bf9c9311e6524ac9484a9b7ad1940ef51f009c61970de.jpeg","width":958,"height":1356},{"@type":"BreadcrumbList","@id":"https:\/\/www.koonings.com\/de\/product\/enzoani-portrait-bethenny\/#breadcrumb","itemListElement":[{"@type":"ListItem","position":1,"name":"Home","item":"https:\/\/www.koonings.com\/de\/"},{"@type":"ListItem","position":2,"name":"Enzoani Portrait Bethenny"}]},{"@type":"WebSite","@id":"https:\/\/www.koonings.com\/de\/#website","url":"https:\/\/www.koonings.com\/de\/","name":"Koonings","description":"De grootste bruidsmodewinkel ter wereld","publisher":{"@id":"https:\/\/www.koonings.com\/de\/#organization"},"potentialAction":[{"@type":"SearchAction","target":{"@type":"EntryPoint","urlTemplate":"https:\/\/www.koonings.com\/de\/?s={search_term_string}"},"query-input":{"@type":"PropertyValueSpecification","valueRequired":true,"valueName":"search_term_string"}}],"inLanguage":"de"},{"@type":"Organization","@id":"https:\/\/www.koonings.com\/de\/#organization","name":"Koonings","url":"https:\/\/www.koonings.com\/de\/","logo":{"@type":"ImageObject","inLanguage":"de","@id":"https:\/\/www.koonings.com\/de\/#\/schema\/logo\/image\/","url":"https:\/\/www.koonings.com\/wp-content\/uploads\/2024\/07\/logo.png","contentUrl":"https:\/\/www.koonings.com\/wp-content\/uploads\/2024\/07\/logo.png","width":600,"height":428,"caption":"Koonings"},"image":{"@id":"https:\/\/www.koonings.com\/de\/#\/schema\/logo\/image\/"},"sameAs":["https:\/\/www.facebook.com\/kooningstheweddingpalace","https:\/\/www.instagram.com\/kooningstheweddingpalace","https:\/\/www.pinterest.com\/koonings","https:\/\/www.youtube.com\/kooningstheweddingpalace"]}]}},"_links":{"self":[{"href":"https:\/\/www.koonings.com\/de\/wp-json\/wp\/v2\/product\/79160","targetHints":{"allow":["GET"]}}],"collection":[{"href":"https:\/\/www.koonings.com\/de\/wp-json\/wp\/v2\/product"}],"about":[{"href":"https:\/\/www.koonings.com\/de\/wp-json\/wp\/v2\/types\/product"}],"wp:featuredmedia":[{"embeddable":true,"href":"https:\/\/www.koonings.com\/de\/wp-json\/wp\/v2\/media\/67600"}],"wp:attachment":[{"href":"https:\/\/www.koonings.com\/de\/wp-json\/wp\/v2\/media?parent=79160"}],"wp:term":[{"taxonomy":"productdetails","embeddable":true,"href":"https:\/\/www.koonings.com\/de\/wp-json\/wp\/v2\/productdetails?post=79160"},{"taxonomy":"productneck","embeddable":true,"href":"https:\/\/www.koonings.com\/de\/wp-json\/wp\/v2\/productneck?post=79160"},{"taxonomy":"productcolor","embeddable":true,"href":"https:\/\/www.koonings.com\/de\/wp-json\/wp\/v2\/productcolor?post=79160"},{"taxonomy":"maat","embeddable":true,"href":"https:\/\/www.koonings.com\/de\/wp-json\/wp\/v2\/maat?post=79160"},{"taxonomy":"productsupplier","embeddable":true,"href":"https:\/\/www.koonings.com\/de\/wp-json\/wp\/v2\/productsupplier?post=79160"},{"taxonomy":"productsleeve","embeddable":true,"href":"https:\/\/www.koonings.com\/de\/wp-json\/wp\/v2\/productsleeve?post=79160"},{"taxonomy":"productcategory","embeddable":true,"href":"https:\/\/www.koonings.com\/de\/wp-json\/wp\/v2\/productcategory?post=79160"},{"taxonomy":"productsilhouette","embeddable":true,"href":"https:\/\/www.koonings.com\/de\/wp-json\/wp\/v2\/productsilhouette?post=79160"},{"taxonomy":"productstyle","embeddable":true,"href":"https:\/\/www.koonings.com\/de\/wp-json\/wp\/v2\/productstyle?post=79160"}],"curies":[{"name":"wp","href":"https:\/\/api.w.org\/{rel}","templated":true}]}}