{"id":79153,"date":"2026-04-21T18:28:09","date_gmt":"2026-04-21T16:28:09","guid":{"rendered":"https:\/\/www.koonings.com\/product\/enzoani-portrait-omarra\/"},"modified":"2025-06-05T13:39:14","modified_gmt":"2025-06-05T11:39:14","slug":"enzoani-portrait-omarra","status":"publish","type":"product","link":"https:\/\/www.koonings.com\/de\/product\/enzoani-portrait-omarra\/","title":{"rendered":"Enzoani Portrait Omarra"},"content":{"rendered":"<p>Der Traum eines modernen M\u00e4rchenkleides wird wahr. Portrait x OMARRA ist ein atemberaubender A-Linien-Look mit einem Mieder mit tiefem, herzf\u00f6rmigem Ausschnitt, der von dicken Tr\u00e4gern mit Perlen umrahmt und mit der exquisitesten, funkelnden, bestickten Blumenspitze verziert ist. Glitzernder T\u00fcll sorgt f\u00fcr dezentes Funkeln und erg\u00e4nzt die traumhaften Schichten aus weichem Organza und T\u00fcll. Ein sexy und st\u00fctzender R\u00fccken aus Spitze vervollst\u00e4ndigt diesen perfekten romantischen Look.   <\/p>\n","protected":false},"featured_media":67629,"template":"","meta":{"_acf_changed":false,"ghostkit_customizer_options":"","ghostkit_custom_css":"","ghostkit_custom_js_head":"","ghostkit_custom_js_foot":"","ghostkit_typography":""},"productdetails":[377,381],"productneck":[355],"productcolor":[392],"maat":[375],"productsupplier":[460],"productsleeve":[359],"productcategory":[18],"productsilhouette":[384],"productstyle":[371,366,370],"class_list":["post-79153","product","type-product","status-publish","has-post-thumbnail","hentry","productdetails-377","productdetails-381","productneck-355","productcolor-392","maat-375","productsupplier-enzoani-portrait","productsleeve-359","productcategory-trouwjurken","productsilhouette-384","productstyle-371","productstyle-366","productstyle-370"],"acf":[],"yoast_head":"<!-- This site is optimized with the Yoast SEO plugin v27.3 - https:\/\/yoast.com\/product\/yoast-seo-wordpress\/ -->\n<title>Enzoani Portrait Omarra | Koonings<\/title>\n<meta name=\"description\" content=\"Der Traum eines modernen M\u00e4rchenkleides wird wahr. Portrait x OMARRA ist ein atemberaubender A-Linien-Look mit einem Mieder mit tiefem, herzf\u00f6rmigem Ausschnitt, der von dicken Tr\u00e4gern mit Perlen umrahmt und mit der exquisitesten, funkelnden, bestickten Blumenspitze verziert ist. Glitzernder T\u00fcll sorgt f\u00fcr dezentes Funkeln und erg\u00e4nzt die traumhaften Schichten aus weichem Organza und T\u00fcll. Ein sexy und st\u00fctzender R\u00fccken aus Spitze vervollst\u00e4ndigt diesen perfekten romantischen Look.\" \/>\n<meta name=\"robots\" content=\"index, follow, max-snippet:-1, max-image-preview:large, max-video-preview:-1\" \/>\n<link rel=\"canonical\" href=\"https:\/\/www.koonings.com\/de\/product\/enzoani-portrait-omarra\/\" \/>\n<meta property=\"og:locale\" content=\"de_DE\" \/>\n<meta property=\"og:type\" content=\"article\" \/>\n<meta property=\"og:title\" content=\"Enzoani Portrait Omarra | Koonings\" \/>\n<meta property=\"og:description\" content=\"Der Traum eines modernen M\u00e4rchenkleides wird wahr. Portrait x OMARRA ist ein atemberaubender A-Linien-Look mit einem Mieder mit tiefem, herzf\u00f6rmigem Ausschnitt, der von dicken Tr\u00e4gern mit Perlen umrahmt und mit der exquisitesten, funkelnden, bestickten Blumenspitze verziert ist. Glitzernder T\u00fcll sorgt f\u00fcr dezentes Funkeln und erg\u00e4nzt die traumhaften Schichten aus weichem Organza und T\u00fcll. Ein sexy und st\u00fctzender R\u00fccken aus Spitze vervollst\u00e4ndigt diesen perfekten romantischen Look.\" \/>\n<meta property=\"og:url\" content=\"https:\/\/www.koonings.com\/de\/product\/enzoani-portrait-omarra\/\" \/>\n<meta property=\"og:site_name\" content=\"Koonings\" \/>\n<meta property=\"article:publisher\" content=\"https:\/\/www.facebook.com\/kooningstheweddingpalace\" \/>\n<meta property=\"og:image\" content=\"https:\/\/www.koonings.com\/wp-content\/uploads\/2024\/11\/41182_f94fb8214dab1603dbaf9ba116e6c01d5d299abab31eac4d918e506830a73c1bf9ad64c8.jpeg\" \/>\n\t<meta property=\"og:image:width\" content=\"957\" \/>\n\t<meta property=\"og:image:height\" content=\"1354\" \/>\n\t<meta property=\"og:image:type\" content=\"image\/jpeg\" \/>\n<meta name=\"twitter:card\" content=\"summary_large_image\" \/>\n<script type=\"application\/ld+json\" class=\"yoast-schema-graph\">{\"@context\":\"https:\\\/\\\/schema.org\",\"@graph\":[{\"@type\":\"WebPage\",\"@id\":\"https:\\\/\\\/www.koonings.com\\\/de\\\/product\\\/enzoani-portrait-omarra\\\/\",\"url\":\"https:\\\/\\\/www.koonings.com\\\/de\\\/product\\\/enzoani-portrait-omarra\\\/\",\"name\":\"Enzoani Portrait Omarra | Koonings\",\"isPartOf\":{\"@id\":\"https:\\\/\\\/www.koonings.com\\\/de\\\/#website\"},\"primaryImageOfPage\":{\"@id\":\"https:\\\/\\\/www.koonings.com\\\/de\\\/product\\\/enzoani-portrait-omarra\\\/#primaryimage\"},\"image\":{\"@id\":\"https:\\\/\\\/www.koonings.com\\\/de\\\/product\\\/enzoani-portrait-omarra\\\/#primaryimage\"},\"thumbnailUrl\":\"https:\\\/\\\/www.koonings.com\\\/wp-content\\\/uploads\\\/2024\\\/11\\\/41182_f94fb8214dab1603dbaf9ba116e6c01d5d299abab31eac4d918e506830a73c1bf9ad64c8.jpeg\",\"datePublished\":\"2026-04-21T16:28:09+00:00\",\"description\":\"Der Traum eines modernen M\u00e4rchenkleides wird wahr. Portrait x OMARRA ist ein atemberaubender A-Linien-Look mit einem Mieder mit tiefem, herzf\u00f6rmigem Ausschnitt, der von dicken Tr\u00e4gern mit Perlen umrahmt und mit der exquisitesten, funkelnden, bestickten Blumenspitze verziert ist. Glitzernder T\u00fcll sorgt f\u00fcr dezentes Funkeln und erg\u00e4nzt die traumhaften Schichten aus weichem Organza und T\u00fcll. Ein sexy und st\u00fctzender R\u00fccken aus Spitze vervollst\u00e4ndigt diesen perfekten romantischen Look.\",\"breadcrumb\":{\"@id\":\"https:\\\/\\\/www.koonings.com\\\/de\\\/product\\\/enzoani-portrait-omarra\\\/#breadcrumb\"},\"inLanguage\":\"de\",\"potentialAction\":[{\"@type\":\"ReadAction\",\"target\":[\"https:\\\/\\\/www.koonings.com\\\/de\\\/product\\\/enzoani-portrait-omarra\\\/\"]}]},{\"@type\":\"ImageObject\",\"inLanguage\":\"de\",\"@id\":\"https:\\\/\\\/www.koonings.com\\\/de\\\/product\\\/enzoani-portrait-omarra\\\/#primaryimage\",\"url\":\"https:\\\/\\\/www.koonings.com\\\/wp-content\\\/uploads\\\/2024\\\/11\\\/41182_f94fb8214dab1603dbaf9ba116e6c01d5d299abab31eac4d918e506830a73c1bf9ad64c8.jpeg\",\"contentUrl\":\"https:\\\/\\\/www.koonings.com\\\/wp-content\\\/uploads\\\/2024\\\/11\\\/41182_f94fb8214dab1603dbaf9ba116e6c01d5d299abab31eac4d918e506830a73c1bf9ad64c8.jpeg\",\"width\":957,\"height\":1354},{\"@type\":\"BreadcrumbList\",\"@id\":\"https:\\\/\\\/www.koonings.com\\\/de\\\/product\\\/enzoani-portrait-omarra\\\/#breadcrumb\",\"itemListElement\":[{\"@type\":\"ListItem\",\"position\":1,\"name\":\"Home\",\"item\":\"https:\\\/\\\/www.koonings.com\\\/de\\\/\"},{\"@type\":\"ListItem\",\"position\":2,\"name\":\"Enzoani Portrait Omarra\"}]},{\"@type\":\"WebSite\",\"@id\":\"https:\\\/\\\/www.koonings.com\\\/de\\\/#website\",\"url\":\"https:\\\/\\\/www.koonings.com\\\/de\\\/\",\"name\":\"Koonings\",\"description\":\"De grootste bruidsmodewinkel ter wereld\",\"publisher\":{\"@id\":\"https:\\\/\\\/www.koonings.com\\\/de\\\/#organization\"},\"potentialAction\":[{\"@type\":\"SearchAction\",\"target\":{\"@type\":\"EntryPoint\",\"urlTemplate\":\"https:\\\/\\\/www.koonings.com\\\/de\\\/?s={search_term_string}\"},\"query-input\":{\"@type\":\"PropertyValueSpecification\",\"valueRequired\":true,\"valueName\":\"search_term_string\"}}],\"inLanguage\":\"de\"},{\"@type\":\"Organization\",\"@id\":\"https:\\\/\\\/www.koonings.com\\\/de\\\/#organization\",\"name\":\"Koonings\",\"url\":\"https:\\\/\\\/www.koonings.com\\\/de\\\/\",\"logo\":{\"@type\":\"ImageObject\",\"inLanguage\":\"de\",\"@id\":\"https:\\\/\\\/www.koonings.com\\\/de\\\/#\\\/schema\\\/logo\\\/image\\\/\",\"url\":\"https:\\\/\\\/www.koonings.com\\\/wp-content\\\/uploads\\\/2024\\\/07\\\/logo.png\",\"contentUrl\":\"https:\\\/\\\/www.koonings.com\\\/wp-content\\\/uploads\\\/2024\\\/07\\\/logo.png\",\"width\":600,\"height\":428,\"caption\":\"Koonings\"},\"image\":{\"@id\":\"https:\\\/\\\/www.koonings.com\\\/de\\\/#\\\/schema\\\/logo\\\/image\\\/\"},\"sameAs\":[\"https:\\\/\\\/www.facebook.com\\\/kooningstheweddingpalace\",\"https:\\\/\\\/www.instagram.com\\\/kooningstheweddingpalace\",\"https:\\\/\\\/www.pinterest.com\\\/koonings\",\"https:\\\/\\\/www.youtube.com\\\/kooningstheweddingpalace\"]}]}<\/script>\n<!-- \/ Yoast SEO plugin. -->","yoast_head_json":{"title":"Enzoani Portrait Omarra | Koonings","description":"Der Traum eines modernen M\u00e4rchenkleides wird wahr. Portrait x OMARRA ist ein atemberaubender A-Linien-Look mit einem Mieder mit tiefem, herzf\u00f6rmigem Ausschnitt, der von dicken Tr\u00e4gern mit Perlen umrahmt und mit der exquisitesten, funkelnden, bestickten Blumenspitze verziert ist. Glitzernder T\u00fcll sorgt f\u00fcr dezentes Funkeln und erg\u00e4nzt die traumhaften Schichten aus weichem Organza und T\u00fcll. Ein sexy und st\u00fctzender R\u00fccken aus Spitze vervollst\u00e4ndigt diesen perfekten romantischen Look.","robots":{"index":"index","follow":"follow","max-snippet":"max-snippet:-1","max-image-preview":"max-image-preview:large","max-video-preview":"max-video-preview:-1"},"canonical":"https:\/\/www.koonings.com\/de\/product\/enzoani-portrait-omarra\/","og_locale":"de_DE","og_type":"article","og_title":"Enzoani Portrait Omarra | Koonings","og_description":"Der Traum eines modernen M\u00e4rchenkleides wird wahr. Portrait x OMARRA ist ein atemberaubender A-Linien-Look mit einem Mieder mit tiefem, herzf\u00f6rmigem Ausschnitt, der von dicken Tr\u00e4gern mit Perlen umrahmt und mit der exquisitesten, funkelnden, bestickten Blumenspitze verziert ist. Glitzernder T\u00fcll sorgt f\u00fcr dezentes Funkeln und erg\u00e4nzt die traumhaften Schichten aus weichem Organza und T\u00fcll. Ein sexy und st\u00fctzender R\u00fccken aus Spitze vervollst\u00e4ndigt diesen perfekten romantischen Look.","og_url":"https:\/\/www.koonings.com\/de\/product\/enzoani-portrait-omarra\/","og_site_name":"Koonings","article_publisher":"https:\/\/www.facebook.com\/kooningstheweddingpalace","og_image":[{"width":957,"height":1354,"url":"https:\/\/www.koonings.com\/wp-content\/uploads\/2024\/11\/41182_f94fb8214dab1603dbaf9ba116e6c01d5d299abab31eac4d918e506830a73c1bf9ad64c8.jpeg","type":"image\/jpeg"}],"twitter_card":"summary_large_image","schema":{"@context":"https:\/\/schema.org","@graph":[{"@type":"WebPage","@id":"https:\/\/www.koonings.com\/de\/product\/enzoani-portrait-omarra\/","url":"https:\/\/www.koonings.com\/de\/product\/enzoani-portrait-omarra\/","name":"Enzoani Portrait Omarra | Koonings","isPartOf":{"@id":"https:\/\/www.koonings.com\/de\/#website"},"primaryImageOfPage":{"@id":"https:\/\/www.koonings.com\/de\/product\/enzoani-portrait-omarra\/#primaryimage"},"image":{"@id":"https:\/\/www.koonings.com\/de\/product\/enzoani-portrait-omarra\/#primaryimage"},"thumbnailUrl":"https:\/\/www.koonings.com\/wp-content\/uploads\/2024\/11\/41182_f94fb8214dab1603dbaf9ba116e6c01d5d299abab31eac4d918e506830a73c1bf9ad64c8.jpeg","datePublished":"2026-04-21T16:28:09+00:00","description":"Der Traum eines modernen M\u00e4rchenkleides wird wahr. Portrait x OMARRA ist ein atemberaubender A-Linien-Look mit einem Mieder mit tiefem, herzf\u00f6rmigem Ausschnitt, der von dicken Tr\u00e4gern mit Perlen umrahmt und mit der exquisitesten, funkelnden, bestickten Blumenspitze verziert ist. Glitzernder T\u00fcll sorgt f\u00fcr dezentes Funkeln und erg\u00e4nzt die traumhaften Schichten aus weichem Organza und T\u00fcll. Ein sexy und st\u00fctzender R\u00fccken aus Spitze vervollst\u00e4ndigt diesen perfekten romantischen Look.","breadcrumb":{"@id":"https:\/\/www.koonings.com\/de\/product\/enzoani-portrait-omarra\/#breadcrumb"},"inLanguage":"de","potentialAction":[{"@type":"ReadAction","target":["https:\/\/www.koonings.com\/de\/product\/enzoani-portrait-omarra\/"]}]},{"@type":"ImageObject","inLanguage":"de","@id":"https:\/\/www.koonings.com\/de\/product\/enzoani-portrait-omarra\/#primaryimage","url":"https:\/\/www.koonings.com\/wp-content\/uploads\/2024\/11\/41182_f94fb8214dab1603dbaf9ba116e6c01d5d299abab31eac4d918e506830a73c1bf9ad64c8.jpeg","contentUrl":"https:\/\/www.koonings.com\/wp-content\/uploads\/2024\/11\/41182_f94fb8214dab1603dbaf9ba116e6c01d5d299abab31eac4d918e506830a73c1bf9ad64c8.jpeg","width":957,"height":1354},{"@type":"BreadcrumbList","@id":"https:\/\/www.koonings.com\/de\/product\/enzoani-portrait-omarra\/#breadcrumb","itemListElement":[{"@type":"ListItem","position":1,"name":"Home","item":"https:\/\/www.koonings.com\/de\/"},{"@type":"ListItem","position":2,"name":"Enzoani Portrait Omarra"}]},{"@type":"WebSite","@id":"https:\/\/www.koonings.com\/de\/#website","url":"https:\/\/www.koonings.com\/de\/","name":"Koonings","description":"De grootste bruidsmodewinkel ter wereld","publisher":{"@id":"https:\/\/www.koonings.com\/de\/#organization"},"potentialAction":[{"@type":"SearchAction","target":{"@type":"EntryPoint","urlTemplate":"https:\/\/www.koonings.com\/de\/?s={search_term_string}"},"query-input":{"@type":"PropertyValueSpecification","valueRequired":true,"valueName":"search_term_string"}}],"inLanguage":"de"},{"@type":"Organization","@id":"https:\/\/www.koonings.com\/de\/#organization","name":"Koonings","url":"https:\/\/www.koonings.com\/de\/","logo":{"@type":"ImageObject","inLanguage":"de","@id":"https:\/\/www.koonings.com\/de\/#\/schema\/logo\/image\/","url":"https:\/\/www.koonings.com\/wp-content\/uploads\/2024\/07\/logo.png","contentUrl":"https:\/\/www.koonings.com\/wp-content\/uploads\/2024\/07\/logo.png","width":600,"height":428,"caption":"Koonings"},"image":{"@id":"https:\/\/www.koonings.com\/de\/#\/schema\/logo\/image\/"},"sameAs":["https:\/\/www.facebook.com\/kooningstheweddingpalace","https:\/\/www.instagram.com\/kooningstheweddingpalace","https:\/\/www.pinterest.com\/koonings","https:\/\/www.youtube.com\/kooningstheweddingpalace"]}]}},"_links":{"self":[{"href":"https:\/\/www.koonings.com\/de\/wp-json\/wp\/v2\/product\/79153","targetHints":{"allow":["GET"]}}],"collection":[{"href":"https:\/\/www.koonings.com\/de\/wp-json\/wp\/v2\/product"}],"about":[{"href":"https:\/\/www.koonings.com\/de\/wp-json\/wp\/v2\/types\/product"}],"wp:featuredmedia":[{"embeddable":true,"href":"https:\/\/www.koonings.com\/de\/wp-json\/wp\/v2\/media\/67629"}],"wp:attachment":[{"href":"https:\/\/www.koonings.com\/de\/wp-json\/wp\/v2\/media?parent=79153"}],"wp:term":[{"taxonomy":"productdetails","embeddable":true,"href":"https:\/\/www.koonings.com\/de\/wp-json\/wp\/v2\/productdetails?post=79153"},{"taxonomy":"productneck","embeddable":true,"href":"https:\/\/www.koonings.com\/de\/wp-json\/wp\/v2\/productneck?post=79153"},{"taxonomy":"productcolor","embeddable":true,"href":"https:\/\/www.koonings.com\/de\/wp-json\/wp\/v2\/productcolor?post=79153"},{"taxonomy":"maat","embeddable":true,"href":"https:\/\/www.koonings.com\/de\/wp-json\/wp\/v2\/maat?post=79153"},{"taxonomy":"productsupplier","embeddable":true,"href":"https:\/\/www.koonings.com\/de\/wp-json\/wp\/v2\/productsupplier?post=79153"},{"taxonomy":"productsleeve","embeddable":true,"href":"https:\/\/www.koonings.com\/de\/wp-json\/wp\/v2\/productsleeve?post=79153"},{"taxonomy":"productcategory","embeddable":true,"href":"https:\/\/www.koonings.com\/de\/wp-json\/wp\/v2\/productcategory?post=79153"},{"taxonomy":"productsilhouette","embeddable":true,"href":"https:\/\/www.koonings.com\/de\/wp-json\/wp\/v2\/productsilhouette?post=79153"},{"taxonomy":"productstyle","embeddable":true,"href":"https:\/\/www.koonings.com\/de\/wp-json\/wp\/v2\/productstyle?post=79153"}],"curies":[{"name":"wp","href":"https:\/\/api.w.org\/{rel}","templated":true}]}}