{"id":79147,"date":"2026-05-06T15:26:23","date_gmt":"2026-05-06T13:26:23","guid":{"rendered":"https:\/\/www.koonings.com\/product\/enzoani-love-collection-dallas\/"},"modified":"2025-06-05T13:39:18","modified_gmt":"2025-06-05T11:39:18","slug":"enzoani-love-collection-dallas","status":"publish","type":"product","link":"https:\/\/www.koonings.com\/de\/product\/enzoani-love-collection-dallas\/","title":{"rendered":"Enzoani Love Collection Dallas"},"content":{"rendered":"<p>Hier haben wir das Hochzeitskleid DALLAS, das mit aufwendig bestickter floraler Spitze, zarter Chantilly-Spitze und luftigen Lagen aus T\u00fcll und Chiffon verziert ist. Das ansteckbare Korsett am R\u00fccken verleiht dem Kleid einen Hauch von Romantik und sorgt f\u00fcr eine individuelle Passform, die Komfort und Eleganz an Ihrem besonderen Tag garantiert. <\/p>\n","protected":false},"featured_media":67700,"template":"","meta":{"_acf_changed":false,"ghostkit_customizer_options":"","ghostkit_custom_css":"","ghostkit_custom_js_head":"","ghostkit_custom_js_foot":"","ghostkit_typography":""},"productdetails":[376,381],"productneck":[355],"productcolor":[392],"maat":[],"productsupplier":[475],"productsleeve":[359],"productcategory":[18],"productsilhouette":[384,389],"productstyle":[365,371],"class_list":["post-79147","product","type-product","status-publish","has-post-thumbnail","hentry","productdetails-376","productdetails-381","productneck-355","productcolor-392","productsupplier-enzoani-love-collection","productsleeve-359","productcategory-trouwjurken","productsilhouette-384","productsilhouette-389","productstyle-365","productstyle-371"],"acf":[],"yoast_head":"<!-- This site is optimized with the Yoast SEO plugin v27.3 - https:\/\/yoast.com\/product\/yoast-seo-wordpress\/ -->\n<title>Enzoani Love Collection Dallas | Koonings<\/title>\n<meta name=\"description\" content=\"Hier haben wir das Hochzeitskleid DALLAS, das mit aufwendig bestickter floraler Spitze, zarter Chantilly-Spitze und luftigen Lagen aus T\u00fcll und Chiffon verziert ist. Das ansteckbare Korsett am R\u00fccken verleiht dem Kleid einen Hauch von Romantik und sorgt f\u00fcr eine individuelle Passform, die Komfort und Eleganz an Ihrem besonderen Tag garantiert.\" \/>\n<meta name=\"robots\" content=\"index, follow, max-snippet:-1, max-image-preview:large, max-video-preview:-1\" \/>\n<link rel=\"canonical\" href=\"https:\/\/www.koonings.com\/de\/product\/enzoani-love-collection-dallas\/\" \/>\n<meta property=\"og:locale\" content=\"de_DE\" \/>\n<meta property=\"og:type\" content=\"article\" \/>\n<meta property=\"og:title\" content=\"Enzoani Love Collection Dallas | Koonings\" \/>\n<meta property=\"og:description\" content=\"Hier haben wir das Hochzeitskleid DALLAS, das mit aufwendig bestickter floraler Spitze, zarter Chantilly-Spitze und luftigen Lagen aus T\u00fcll und Chiffon verziert ist. Das ansteckbare Korsett am R\u00fccken verleiht dem Kleid einen Hauch von Romantik und sorgt f\u00fcr eine individuelle Passform, die Komfort und Eleganz an Ihrem besonderen Tag garantiert.\" \/>\n<meta property=\"og:url\" content=\"https:\/\/www.koonings.com\/de\/product\/enzoani-love-collection-dallas\/\" \/>\n<meta property=\"og:site_name\" content=\"Koonings\" \/>\n<meta property=\"article:publisher\" content=\"https:\/\/www.facebook.com\/kooningstheweddingpalace\" \/>\n<meta property=\"og:image\" content=\"https:\/\/www.koonings.com\/wp-content\/uploads\/2024\/11\/41131_f256f910a0f176f2060352fc0c741146f252fabeef270f04989d2e42f6997abd528cd85e.jpeg\" \/>\n\t<meta property=\"og:image:width\" content=\"1035\" \/>\n\t<meta property=\"og:image:height\" content=\"1380\" \/>\n\t<meta property=\"og:image:type\" content=\"image\/jpeg\" \/>\n<meta name=\"twitter:card\" content=\"summary_large_image\" \/>\n<script type=\"application\/ld+json\" class=\"yoast-schema-graph\">{\"@context\":\"https:\\\/\\\/schema.org\",\"@graph\":[{\"@type\":\"WebPage\",\"@id\":\"https:\\\/\\\/www.koonings.com\\\/de\\\/product\\\/enzoani-love-collection-dallas\\\/\",\"url\":\"https:\\\/\\\/www.koonings.com\\\/de\\\/product\\\/enzoani-love-collection-dallas\\\/\",\"name\":\"Enzoani Love Collection Dallas | Koonings\",\"isPartOf\":{\"@id\":\"https:\\\/\\\/www.koonings.com\\\/de\\\/#website\"},\"primaryImageOfPage\":{\"@id\":\"https:\\\/\\\/www.koonings.com\\\/de\\\/product\\\/enzoani-love-collection-dallas\\\/#primaryimage\"},\"image\":{\"@id\":\"https:\\\/\\\/www.koonings.com\\\/de\\\/product\\\/enzoani-love-collection-dallas\\\/#primaryimage\"},\"thumbnailUrl\":\"https:\\\/\\\/www.koonings.com\\\/wp-content\\\/uploads\\\/2024\\\/11\\\/41131_f256f910a0f176f2060352fc0c741146f252fabeef270f04989d2e42f6997abd528cd85e.jpeg\",\"datePublished\":\"2026-05-06T13:26:23+00:00\",\"description\":\"Hier haben wir das Hochzeitskleid DALLAS, das mit aufwendig bestickter floraler Spitze, zarter Chantilly-Spitze und luftigen Lagen aus T\u00fcll und Chiffon verziert ist. Das ansteckbare Korsett am R\u00fccken verleiht dem Kleid einen Hauch von Romantik und sorgt f\u00fcr eine individuelle Passform, die Komfort und Eleganz an Ihrem besonderen Tag garantiert.\",\"breadcrumb\":{\"@id\":\"https:\\\/\\\/www.koonings.com\\\/de\\\/product\\\/enzoani-love-collection-dallas\\\/#breadcrumb\"},\"inLanguage\":\"de\",\"potentialAction\":[{\"@type\":\"ReadAction\",\"target\":[\"https:\\\/\\\/www.koonings.com\\\/de\\\/product\\\/enzoani-love-collection-dallas\\\/\"]}]},{\"@type\":\"ImageObject\",\"inLanguage\":\"de\",\"@id\":\"https:\\\/\\\/www.koonings.com\\\/de\\\/product\\\/enzoani-love-collection-dallas\\\/#primaryimage\",\"url\":\"https:\\\/\\\/www.koonings.com\\\/wp-content\\\/uploads\\\/2024\\\/11\\\/41131_f256f910a0f176f2060352fc0c741146f252fabeef270f04989d2e42f6997abd528cd85e.jpeg\",\"contentUrl\":\"https:\\\/\\\/www.koonings.com\\\/wp-content\\\/uploads\\\/2024\\\/11\\\/41131_f256f910a0f176f2060352fc0c741146f252fabeef270f04989d2e42f6997abd528cd85e.jpeg\",\"width\":1035,\"height\":1380},{\"@type\":\"BreadcrumbList\",\"@id\":\"https:\\\/\\\/www.koonings.com\\\/de\\\/product\\\/enzoani-love-collection-dallas\\\/#breadcrumb\",\"itemListElement\":[{\"@type\":\"ListItem\",\"position\":1,\"name\":\"Home\",\"item\":\"https:\\\/\\\/www.koonings.com\\\/de\\\/\"},{\"@type\":\"ListItem\",\"position\":2,\"name\":\"Enzoani Love Collection Dallas\"}]},{\"@type\":\"WebSite\",\"@id\":\"https:\\\/\\\/www.koonings.com\\\/de\\\/#website\",\"url\":\"https:\\\/\\\/www.koonings.com\\\/de\\\/\",\"name\":\"Koonings\",\"description\":\"De grootste bruidsmodewinkel ter wereld\",\"publisher\":{\"@id\":\"https:\\\/\\\/www.koonings.com\\\/de\\\/#organization\"},\"potentialAction\":[{\"@type\":\"SearchAction\",\"target\":{\"@type\":\"EntryPoint\",\"urlTemplate\":\"https:\\\/\\\/www.koonings.com\\\/de\\\/?s={search_term_string}\"},\"query-input\":{\"@type\":\"PropertyValueSpecification\",\"valueRequired\":true,\"valueName\":\"search_term_string\"}}],\"inLanguage\":\"de\"},{\"@type\":\"Organization\",\"@id\":\"https:\\\/\\\/www.koonings.com\\\/de\\\/#organization\",\"name\":\"Koonings\",\"url\":\"https:\\\/\\\/www.koonings.com\\\/de\\\/\",\"logo\":{\"@type\":\"ImageObject\",\"inLanguage\":\"de\",\"@id\":\"https:\\\/\\\/www.koonings.com\\\/de\\\/#\\\/schema\\\/logo\\\/image\\\/\",\"url\":\"https:\\\/\\\/www.koonings.com\\\/wp-content\\\/uploads\\\/2024\\\/07\\\/logo.png\",\"contentUrl\":\"https:\\\/\\\/www.koonings.com\\\/wp-content\\\/uploads\\\/2024\\\/07\\\/logo.png\",\"width\":600,\"height\":428,\"caption\":\"Koonings\"},\"image\":{\"@id\":\"https:\\\/\\\/www.koonings.com\\\/de\\\/#\\\/schema\\\/logo\\\/image\\\/\"},\"sameAs\":[\"https:\\\/\\\/www.facebook.com\\\/kooningstheweddingpalace\",\"https:\\\/\\\/www.instagram.com\\\/kooningstheweddingpalace\",\"https:\\\/\\\/www.pinterest.com\\\/koonings\",\"https:\\\/\\\/www.youtube.com\\\/kooningstheweddingpalace\"]}]}<\/script>\n<!-- \/ Yoast SEO plugin. -->","yoast_head_json":{"title":"Enzoani Love Collection Dallas | Koonings","description":"Hier haben wir das Hochzeitskleid DALLAS, das mit aufwendig bestickter floraler Spitze, zarter Chantilly-Spitze und luftigen Lagen aus T\u00fcll und Chiffon verziert ist. Das ansteckbare Korsett am R\u00fccken verleiht dem Kleid einen Hauch von Romantik und sorgt f\u00fcr eine individuelle Passform, die Komfort und Eleganz an Ihrem besonderen Tag garantiert.","robots":{"index":"index","follow":"follow","max-snippet":"max-snippet:-1","max-image-preview":"max-image-preview:large","max-video-preview":"max-video-preview:-1"},"canonical":"https:\/\/www.koonings.com\/de\/product\/enzoani-love-collection-dallas\/","og_locale":"de_DE","og_type":"article","og_title":"Enzoani Love Collection Dallas | Koonings","og_description":"Hier haben wir das Hochzeitskleid DALLAS, das mit aufwendig bestickter floraler Spitze, zarter Chantilly-Spitze und luftigen Lagen aus T\u00fcll und Chiffon verziert ist. Das ansteckbare Korsett am R\u00fccken verleiht dem Kleid einen Hauch von Romantik und sorgt f\u00fcr eine individuelle Passform, die Komfort und Eleganz an Ihrem besonderen Tag garantiert.","og_url":"https:\/\/www.koonings.com\/de\/product\/enzoani-love-collection-dallas\/","og_site_name":"Koonings","article_publisher":"https:\/\/www.facebook.com\/kooningstheweddingpalace","og_image":[{"width":1035,"height":1380,"url":"https:\/\/www.koonings.com\/wp-content\/uploads\/2024\/11\/41131_f256f910a0f176f2060352fc0c741146f252fabeef270f04989d2e42f6997abd528cd85e.jpeg","type":"image\/jpeg"}],"twitter_card":"summary_large_image","schema":{"@context":"https:\/\/schema.org","@graph":[{"@type":"WebPage","@id":"https:\/\/www.koonings.com\/de\/product\/enzoani-love-collection-dallas\/","url":"https:\/\/www.koonings.com\/de\/product\/enzoani-love-collection-dallas\/","name":"Enzoani Love Collection Dallas | Koonings","isPartOf":{"@id":"https:\/\/www.koonings.com\/de\/#website"},"primaryImageOfPage":{"@id":"https:\/\/www.koonings.com\/de\/product\/enzoani-love-collection-dallas\/#primaryimage"},"image":{"@id":"https:\/\/www.koonings.com\/de\/product\/enzoani-love-collection-dallas\/#primaryimage"},"thumbnailUrl":"https:\/\/www.koonings.com\/wp-content\/uploads\/2024\/11\/41131_f256f910a0f176f2060352fc0c741146f252fabeef270f04989d2e42f6997abd528cd85e.jpeg","datePublished":"2026-05-06T13:26:23+00:00","description":"Hier haben wir das Hochzeitskleid DALLAS, das mit aufwendig bestickter floraler Spitze, zarter Chantilly-Spitze und luftigen Lagen aus T\u00fcll und Chiffon verziert ist. Das ansteckbare Korsett am R\u00fccken verleiht dem Kleid einen Hauch von Romantik und sorgt f\u00fcr eine individuelle Passform, die Komfort und Eleganz an Ihrem besonderen Tag garantiert.","breadcrumb":{"@id":"https:\/\/www.koonings.com\/de\/product\/enzoani-love-collection-dallas\/#breadcrumb"},"inLanguage":"de","potentialAction":[{"@type":"ReadAction","target":["https:\/\/www.koonings.com\/de\/product\/enzoani-love-collection-dallas\/"]}]},{"@type":"ImageObject","inLanguage":"de","@id":"https:\/\/www.koonings.com\/de\/product\/enzoani-love-collection-dallas\/#primaryimage","url":"https:\/\/www.koonings.com\/wp-content\/uploads\/2024\/11\/41131_f256f910a0f176f2060352fc0c741146f252fabeef270f04989d2e42f6997abd528cd85e.jpeg","contentUrl":"https:\/\/www.koonings.com\/wp-content\/uploads\/2024\/11\/41131_f256f910a0f176f2060352fc0c741146f252fabeef270f04989d2e42f6997abd528cd85e.jpeg","width":1035,"height":1380},{"@type":"BreadcrumbList","@id":"https:\/\/www.koonings.com\/de\/product\/enzoani-love-collection-dallas\/#breadcrumb","itemListElement":[{"@type":"ListItem","position":1,"name":"Home","item":"https:\/\/www.koonings.com\/de\/"},{"@type":"ListItem","position":2,"name":"Enzoani Love Collection Dallas"}]},{"@type":"WebSite","@id":"https:\/\/www.koonings.com\/de\/#website","url":"https:\/\/www.koonings.com\/de\/","name":"Koonings","description":"De grootste bruidsmodewinkel ter wereld","publisher":{"@id":"https:\/\/www.koonings.com\/de\/#organization"},"potentialAction":[{"@type":"SearchAction","target":{"@type":"EntryPoint","urlTemplate":"https:\/\/www.koonings.com\/de\/?s={search_term_string}"},"query-input":{"@type":"PropertyValueSpecification","valueRequired":true,"valueName":"search_term_string"}}],"inLanguage":"de"},{"@type":"Organization","@id":"https:\/\/www.koonings.com\/de\/#organization","name":"Koonings","url":"https:\/\/www.koonings.com\/de\/","logo":{"@type":"ImageObject","inLanguage":"de","@id":"https:\/\/www.koonings.com\/de\/#\/schema\/logo\/image\/","url":"https:\/\/www.koonings.com\/wp-content\/uploads\/2024\/07\/logo.png","contentUrl":"https:\/\/www.koonings.com\/wp-content\/uploads\/2024\/07\/logo.png","width":600,"height":428,"caption":"Koonings"},"image":{"@id":"https:\/\/www.koonings.com\/de\/#\/schema\/logo\/image\/"},"sameAs":["https:\/\/www.facebook.com\/kooningstheweddingpalace","https:\/\/www.instagram.com\/kooningstheweddingpalace","https:\/\/www.pinterest.com\/koonings","https:\/\/www.youtube.com\/kooningstheweddingpalace"]}]}},"_links":{"self":[{"href":"https:\/\/www.koonings.com\/de\/wp-json\/wp\/v2\/product\/79147","targetHints":{"allow":["GET"]}}],"collection":[{"href":"https:\/\/www.koonings.com\/de\/wp-json\/wp\/v2\/product"}],"about":[{"href":"https:\/\/www.koonings.com\/de\/wp-json\/wp\/v2\/types\/product"}],"wp:featuredmedia":[{"embeddable":true,"href":"https:\/\/www.koonings.com\/de\/wp-json\/wp\/v2\/media\/67700"}],"wp:attachment":[{"href":"https:\/\/www.koonings.com\/de\/wp-json\/wp\/v2\/media?parent=79147"}],"wp:term":[{"taxonomy":"productdetails","embeddable":true,"href":"https:\/\/www.koonings.com\/de\/wp-json\/wp\/v2\/productdetails?post=79147"},{"taxonomy":"productneck","embeddable":true,"href":"https:\/\/www.koonings.com\/de\/wp-json\/wp\/v2\/productneck?post=79147"},{"taxonomy":"productcolor","embeddable":true,"href":"https:\/\/www.koonings.com\/de\/wp-json\/wp\/v2\/productcolor?post=79147"},{"taxonomy":"maat","embeddable":true,"href":"https:\/\/www.koonings.com\/de\/wp-json\/wp\/v2\/maat?post=79147"},{"taxonomy":"productsupplier","embeddable":true,"href":"https:\/\/www.koonings.com\/de\/wp-json\/wp\/v2\/productsupplier?post=79147"},{"taxonomy":"productsleeve","embeddable":true,"href":"https:\/\/www.koonings.com\/de\/wp-json\/wp\/v2\/productsleeve?post=79147"},{"taxonomy":"productcategory","embeddable":true,"href":"https:\/\/www.koonings.com\/de\/wp-json\/wp\/v2\/productcategory?post=79147"},{"taxonomy":"productsilhouette","embeddable":true,"href":"https:\/\/www.koonings.com\/de\/wp-json\/wp\/v2\/productsilhouette?post=79147"},{"taxonomy":"productstyle","embeddable":true,"href":"https:\/\/www.koonings.com\/de\/wp-json\/wp\/v2\/productstyle?post=79147"}],"curies":[{"name":"wp","href":"https:\/\/api.w.org\/{rel}","templated":true}]}}