{"id":79127,"date":"2026-05-06T15:26:27","date_gmt":"2026-05-06T13:26:27","guid":{"rendered":"https:\/\/www.koonings.com\/product\/enzoani-prive-esmeralda\/"},"modified":"2025-06-05T13:39:27","modified_gmt":"2025-06-05T11:39:27","slug":"enzoani-prive-esmeralda","status":"publish","type":"product","link":"https:\/\/www.koonings.com\/de\/product\/enzoani-prive-esmeralda\/","title":{"rendered":"Enzoani Prive Esmeralda"},"content":{"rendered":"<p>Schillern Sie bei jeder Bewegung! ESMERALDA pr\u00e4sentiert einen aufwendigen, einzigartigen Blumenstoff, der mit schimmernden Pailletten und 3D-Blumen verziert ist und einen ebenso romantischen wie fesselnden Look kreiert. Der schimmernde, volumin\u00f6se Ballkleidrock mit einem sexy hohen Schlitz sorgt f\u00fcr einen Hauch von Dramatik, w\u00e4hrend das wundersch\u00f6ne R\u00fcckenkorsett Ihre Kurven wundersch\u00f6n akzentuiert und konturiert, so dass Sie sich an Ihrem besonderen Tag wie eine Prinzessin f\u00fchlen.  <\/p>\n","protected":false},"featured_media":67837,"template":"","meta":{"_acf_changed":false,"ghostkit_customizer_options":"","ghostkit_custom_css":"","ghostkit_custom_js_head":"","ghostkit_custom_js_foot":"","ghostkit_typography":""},"productdetails":[379,377,378],"productneck":[354,355],"productcolor":[393,392],"maat":[],"productsupplier":[461],"productsleeve":[],"productcategory":[18],"productsilhouette":[388],"productstyle":[372,370],"class_list":["post-79127","product","type-product","status-publish","has-post-thumbnail","hentry","productdetails-379","productdetails-377","productdetails-378","productneck-354","productneck-355","productcolor-393","productcolor-392","productsupplier-enzoani-prive","productcategory-trouwjurken","productsilhouette-388","productstyle-372","productstyle-370"],"acf":[],"yoast_head":"<!-- This site is optimized with the Yoast SEO plugin v27.3 - https:\/\/yoast.com\/product\/yoast-seo-wordpress\/ -->\n<title>Enzoani Prive Esmeralda | Koonings<\/title>\n<meta name=\"description\" content=\"Schillern Sie bei jeder Bewegung! ESMERALDA pr\u00e4sentiert einen aufwendigen, einzigartigen Blumenstoff, der mit schimmernden Pailletten und 3D-Blumen verziert ist und einen ebenso romantischen wie fesselnden Look kreiert. Der schimmernde, volumin\u00f6se Ballkleidrock mit einem sexy hohen Schlitz sorgt f\u00fcr einen Hauch von Dramatik, w\u00e4hrend das wundersch\u00f6ne R\u00fcckenkorsett Ihre Kurven wundersch\u00f6n akzentuiert und konturiert, so dass Sie sich an Ihrem besonderen Tag wie eine Prinzessin f\u00fchlen.\" \/>\n<meta name=\"robots\" content=\"index, follow, max-snippet:-1, max-image-preview:large, max-video-preview:-1\" \/>\n<link rel=\"canonical\" href=\"https:\/\/www.koonings.com\/de\/product\/enzoani-prive-esmeralda\/\" \/>\n<meta property=\"og:locale\" content=\"de_DE\" \/>\n<meta property=\"og:type\" content=\"article\" \/>\n<meta property=\"og:title\" content=\"Enzoani Prive Esmeralda | Koonings\" \/>\n<meta property=\"og:description\" content=\"Schillern Sie bei jeder Bewegung! ESMERALDA pr\u00e4sentiert einen aufwendigen, einzigartigen Blumenstoff, der mit schimmernden Pailletten und 3D-Blumen verziert ist und einen ebenso romantischen wie fesselnden Look kreiert. Der schimmernde, volumin\u00f6se Ballkleidrock mit einem sexy hohen Schlitz sorgt f\u00fcr einen Hauch von Dramatik, w\u00e4hrend das wundersch\u00f6ne R\u00fcckenkorsett Ihre Kurven wundersch\u00f6n akzentuiert und konturiert, so dass Sie sich an Ihrem besonderen Tag wie eine Prinzessin f\u00fchlen.\" \/>\n<meta property=\"og:url\" content=\"https:\/\/www.koonings.com\/de\/product\/enzoani-prive-esmeralda\/\" \/>\n<meta property=\"og:site_name\" content=\"Koonings\" \/>\n<meta property=\"article:publisher\" content=\"https:\/\/www.facebook.com\/kooningstheweddingpalace\" \/>\n<meta property=\"og:image\" content=\"https:\/\/www.koonings.com\/wp-content\/uploads\/2024\/11\/41147_4fd32b826035909d60c4eca87959c98c4f65b65d538858f0c87724905d7716c55cb7cce7.jpeg\" \/>\n\t<meta property=\"og:image:width\" content=\"943\" \/>\n\t<meta property=\"og:image:height\" content=\"1331\" \/>\n\t<meta property=\"og:image:type\" content=\"image\/jpeg\" \/>\n<meta name=\"twitter:card\" content=\"summary_large_image\" \/>\n<script type=\"application\/ld+json\" class=\"yoast-schema-graph\">{\"@context\":\"https:\\\/\\\/schema.org\",\"@graph\":[{\"@type\":\"WebPage\",\"@id\":\"https:\\\/\\\/www.koonings.com\\\/de\\\/product\\\/enzoani-prive-esmeralda\\\/\",\"url\":\"https:\\\/\\\/www.koonings.com\\\/de\\\/product\\\/enzoani-prive-esmeralda\\\/\",\"name\":\"Enzoani Prive Esmeralda | Koonings\",\"isPartOf\":{\"@id\":\"https:\\\/\\\/www.koonings.com\\\/de\\\/#website\"},\"primaryImageOfPage\":{\"@id\":\"https:\\\/\\\/www.koonings.com\\\/de\\\/product\\\/enzoani-prive-esmeralda\\\/#primaryimage\"},\"image\":{\"@id\":\"https:\\\/\\\/www.koonings.com\\\/de\\\/product\\\/enzoani-prive-esmeralda\\\/#primaryimage\"},\"thumbnailUrl\":\"https:\\\/\\\/www.koonings.com\\\/wp-content\\\/uploads\\\/2024\\\/11\\\/41147_4fd32b826035909d60c4eca87959c98c4f65b65d538858f0c87724905d7716c55cb7cce7.jpeg\",\"datePublished\":\"2026-05-06T13:26:27+00:00\",\"description\":\"Schillern Sie bei jeder Bewegung! ESMERALDA pr\u00e4sentiert einen aufwendigen, einzigartigen Blumenstoff, der mit schimmernden Pailletten und 3D-Blumen verziert ist und einen ebenso romantischen wie fesselnden Look kreiert. Der schimmernde, volumin\u00f6se Ballkleidrock mit einem sexy hohen Schlitz sorgt f\u00fcr einen Hauch von Dramatik, w\u00e4hrend das wundersch\u00f6ne R\u00fcckenkorsett Ihre Kurven wundersch\u00f6n akzentuiert und konturiert, so dass Sie sich an Ihrem besonderen Tag wie eine Prinzessin f\u00fchlen.\",\"breadcrumb\":{\"@id\":\"https:\\\/\\\/www.koonings.com\\\/de\\\/product\\\/enzoani-prive-esmeralda\\\/#breadcrumb\"},\"inLanguage\":\"de\",\"potentialAction\":[{\"@type\":\"ReadAction\",\"target\":[\"https:\\\/\\\/www.koonings.com\\\/de\\\/product\\\/enzoani-prive-esmeralda\\\/\"]}]},{\"@type\":\"ImageObject\",\"inLanguage\":\"de\",\"@id\":\"https:\\\/\\\/www.koonings.com\\\/de\\\/product\\\/enzoani-prive-esmeralda\\\/#primaryimage\",\"url\":\"https:\\\/\\\/www.koonings.com\\\/wp-content\\\/uploads\\\/2024\\\/11\\\/41147_4fd32b826035909d60c4eca87959c98c4f65b65d538858f0c87724905d7716c55cb7cce7.jpeg\",\"contentUrl\":\"https:\\\/\\\/www.koonings.com\\\/wp-content\\\/uploads\\\/2024\\\/11\\\/41147_4fd32b826035909d60c4eca87959c98c4f65b65d538858f0c87724905d7716c55cb7cce7.jpeg\",\"width\":943,\"height\":1331},{\"@type\":\"BreadcrumbList\",\"@id\":\"https:\\\/\\\/www.koonings.com\\\/de\\\/product\\\/enzoani-prive-esmeralda\\\/#breadcrumb\",\"itemListElement\":[{\"@type\":\"ListItem\",\"position\":1,\"name\":\"Home\",\"item\":\"https:\\\/\\\/www.koonings.com\\\/de\\\/\"},{\"@type\":\"ListItem\",\"position\":2,\"name\":\"Enzoani Prive Esmeralda\"}]},{\"@type\":\"WebSite\",\"@id\":\"https:\\\/\\\/www.koonings.com\\\/de\\\/#website\",\"url\":\"https:\\\/\\\/www.koonings.com\\\/de\\\/\",\"name\":\"Koonings\",\"description\":\"De grootste bruidsmodewinkel ter wereld\",\"publisher\":{\"@id\":\"https:\\\/\\\/www.koonings.com\\\/de\\\/#organization\"},\"potentialAction\":[{\"@type\":\"SearchAction\",\"target\":{\"@type\":\"EntryPoint\",\"urlTemplate\":\"https:\\\/\\\/www.koonings.com\\\/de\\\/?s={search_term_string}\"},\"query-input\":{\"@type\":\"PropertyValueSpecification\",\"valueRequired\":true,\"valueName\":\"search_term_string\"}}],\"inLanguage\":\"de\"},{\"@type\":\"Organization\",\"@id\":\"https:\\\/\\\/www.koonings.com\\\/de\\\/#organization\",\"name\":\"Koonings\",\"url\":\"https:\\\/\\\/www.koonings.com\\\/de\\\/\",\"logo\":{\"@type\":\"ImageObject\",\"inLanguage\":\"de\",\"@id\":\"https:\\\/\\\/www.koonings.com\\\/de\\\/#\\\/schema\\\/logo\\\/image\\\/\",\"url\":\"https:\\\/\\\/www.koonings.com\\\/wp-content\\\/uploads\\\/2024\\\/07\\\/logo.png\",\"contentUrl\":\"https:\\\/\\\/www.koonings.com\\\/wp-content\\\/uploads\\\/2024\\\/07\\\/logo.png\",\"width\":600,\"height\":428,\"caption\":\"Koonings\"},\"image\":{\"@id\":\"https:\\\/\\\/www.koonings.com\\\/de\\\/#\\\/schema\\\/logo\\\/image\\\/\"},\"sameAs\":[\"https:\\\/\\\/www.facebook.com\\\/kooningstheweddingpalace\",\"https:\\\/\\\/www.instagram.com\\\/kooningstheweddingpalace\",\"https:\\\/\\\/www.pinterest.com\\\/koonings\",\"https:\\\/\\\/www.youtube.com\\\/kooningstheweddingpalace\"]}]}<\/script>\n<!-- \/ Yoast SEO plugin. -->","yoast_head_json":{"title":"Enzoani Prive Esmeralda | Koonings","description":"Schillern Sie bei jeder Bewegung! ESMERALDA pr\u00e4sentiert einen aufwendigen, einzigartigen Blumenstoff, der mit schimmernden Pailletten und 3D-Blumen verziert ist und einen ebenso romantischen wie fesselnden Look kreiert. Der schimmernde, volumin\u00f6se Ballkleidrock mit einem sexy hohen Schlitz sorgt f\u00fcr einen Hauch von Dramatik, w\u00e4hrend das wundersch\u00f6ne R\u00fcckenkorsett Ihre Kurven wundersch\u00f6n akzentuiert und konturiert, so dass Sie sich an Ihrem besonderen Tag wie eine Prinzessin f\u00fchlen.","robots":{"index":"index","follow":"follow","max-snippet":"max-snippet:-1","max-image-preview":"max-image-preview:large","max-video-preview":"max-video-preview:-1"},"canonical":"https:\/\/www.koonings.com\/de\/product\/enzoani-prive-esmeralda\/","og_locale":"de_DE","og_type":"article","og_title":"Enzoani Prive Esmeralda | Koonings","og_description":"Schillern Sie bei jeder Bewegung! ESMERALDA pr\u00e4sentiert einen aufwendigen, einzigartigen Blumenstoff, der mit schimmernden Pailletten und 3D-Blumen verziert ist und einen ebenso romantischen wie fesselnden Look kreiert. Der schimmernde, volumin\u00f6se Ballkleidrock mit einem sexy hohen Schlitz sorgt f\u00fcr einen Hauch von Dramatik, w\u00e4hrend das wundersch\u00f6ne R\u00fcckenkorsett Ihre Kurven wundersch\u00f6n akzentuiert und konturiert, so dass Sie sich an Ihrem besonderen Tag wie eine Prinzessin f\u00fchlen.","og_url":"https:\/\/www.koonings.com\/de\/product\/enzoani-prive-esmeralda\/","og_site_name":"Koonings","article_publisher":"https:\/\/www.facebook.com\/kooningstheweddingpalace","og_image":[{"width":943,"height":1331,"url":"https:\/\/www.koonings.com\/wp-content\/uploads\/2024\/11\/41147_4fd32b826035909d60c4eca87959c98c4f65b65d538858f0c87724905d7716c55cb7cce7.jpeg","type":"image\/jpeg"}],"twitter_card":"summary_large_image","schema":{"@context":"https:\/\/schema.org","@graph":[{"@type":"WebPage","@id":"https:\/\/www.koonings.com\/de\/product\/enzoani-prive-esmeralda\/","url":"https:\/\/www.koonings.com\/de\/product\/enzoani-prive-esmeralda\/","name":"Enzoani Prive Esmeralda | Koonings","isPartOf":{"@id":"https:\/\/www.koonings.com\/de\/#website"},"primaryImageOfPage":{"@id":"https:\/\/www.koonings.com\/de\/product\/enzoani-prive-esmeralda\/#primaryimage"},"image":{"@id":"https:\/\/www.koonings.com\/de\/product\/enzoani-prive-esmeralda\/#primaryimage"},"thumbnailUrl":"https:\/\/www.koonings.com\/wp-content\/uploads\/2024\/11\/41147_4fd32b826035909d60c4eca87959c98c4f65b65d538858f0c87724905d7716c55cb7cce7.jpeg","datePublished":"2026-05-06T13:26:27+00:00","description":"Schillern Sie bei jeder Bewegung! ESMERALDA pr\u00e4sentiert einen aufwendigen, einzigartigen Blumenstoff, der mit schimmernden Pailletten und 3D-Blumen verziert ist und einen ebenso romantischen wie fesselnden Look kreiert. Der schimmernde, volumin\u00f6se Ballkleidrock mit einem sexy hohen Schlitz sorgt f\u00fcr einen Hauch von Dramatik, w\u00e4hrend das wundersch\u00f6ne R\u00fcckenkorsett Ihre Kurven wundersch\u00f6n akzentuiert und konturiert, so dass Sie sich an Ihrem besonderen Tag wie eine Prinzessin f\u00fchlen.","breadcrumb":{"@id":"https:\/\/www.koonings.com\/de\/product\/enzoani-prive-esmeralda\/#breadcrumb"},"inLanguage":"de","potentialAction":[{"@type":"ReadAction","target":["https:\/\/www.koonings.com\/de\/product\/enzoani-prive-esmeralda\/"]}]},{"@type":"ImageObject","inLanguage":"de","@id":"https:\/\/www.koonings.com\/de\/product\/enzoani-prive-esmeralda\/#primaryimage","url":"https:\/\/www.koonings.com\/wp-content\/uploads\/2024\/11\/41147_4fd32b826035909d60c4eca87959c98c4f65b65d538858f0c87724905d7716c55cb7cce7.jpeg","contentUrl":"https:\/\/www.koonings.com\/wp-content\/uploads\/2024\/11\/41147_4fd32b826035909d60c4eca87959c98c4f65b65d538858f0c87724905d7716c55cb7cce7.jpeg","width":943,"height":1331},{"@type":"BreadcrumbList","@id":"https:\/\/www.koonings.com\/de\/product\/enzoani-prive-esmeralda\/#breadcrumb","itemListElement":[{"@type":"ListItem","position":1,"name":"Home","item":"https:\/\/www.koonings.com\/de\/"},{"@type":"ListItem","position":2,"name":"Enzoani Prive Esmeralda"}]},{"@type":"WebSite","@id":"https:\/\/www.koonings.com\/de\/#website","url":"https:\/\/www.koonings.com\/de\/","name":"Koonings","description":"De grootste bruidsmodewinkel ter wereld","publisher":{"@id":"https:\/\/www.koonings.com\/de\/#organization"},"potentialAction":[{"@type":"SearchAction","target":{"@type":"EntryPoint","urlTemplate":"https:\/\/www.koonings.com\/de\/?s={search_term_string}"},"query-input":{"@type":"PropertyValueSpecification","valueRequired":true,"valueName":"search_term_string"}}],"inLanguage":"de"},{"@type":"Organization","@id":"https:\/\/www.koonings.com\/de\/#organization","name":"Koonings","url":"https:\/\/www.koonings.com\/de\/","logo":{"@type":"ImageObject","inLanguage":"de","@id":"https:\/\/www.koonings.com\/de\/#\/schema\/logo\/image\/","url":"https:\/\/www.koonings.com\/wp-content\/uploads\/2024\/07\/logo.png","contentUrl":"https:\/\/www.koonings.com\/wp-content\/uploads\/2024\/07\/logo.png","width":600,"height":428,"caption":"Koonings"},"image":{"@id":"https:\/\/www.koonings.com\/de\/#\/schema\/logo\/image\/"},"sameAs":["https:\/\/www.facebook.com\/kooningstheweddingpalace","https:\/\/www.instagram.com\/kooningstheweddingpalace","https:\/\/www.pinterest.com\/koonings","https:\/\/www.youtube.com\/kooningstheweddingpalace"]}]}},"_links":{"self":[{"href":"https:\/\/www.koonings.com\/de\/wp-json\/wp\/v2\/product\/79127","targetHints":{"allow":["GET"]}}],"collection":[{"href":"https:\/\/www.koonings.com\/de\/wp-json\/wp\/v2\/product"}],"about":[{"href":"https:\/\/www.koonings.com\/de\/wp-json\/wp\/v2\/types\/product"}],"wp:featuredmedia":[{"embeddable":true,"href":"https:\/\/www.koonings.com\/de\/wp-json\/wp\/v2\/media\/67837"}],"wp:attachment":[{"href":"https:\/\/www.koonings.com\/de\/wp-json\/wp\/v2\/media?parent=79127"}],"wp:term":[{"taxonomy":"productdetails","embeddable":true,"href":"https:\/\/www.koonings.com\/de\/wp-json\/wp\/v2\/productdetails?post=79127"},{"taxonomy":"productneck","embeddable":true,"href":"https:\/\/www.koonings.com\/de\/wp-json\/wp\/v2\/productneck?post=79127"},{"taxonomy":"productcolor","embeddable":true,"href":"https:\/\/www.koonings.com\/de\/wp-json\/wp\/v2\/productcolor?post=79127"},{"taxonomy":"maat","embeddable":true,"href":"https:\/\/www.koonings.com\/de\/wp-json\/wp\/v2\/maat?post=79127"},{"taxonomy":"productsupplier","embeddable":true,"href":"https:\/\/www.koonings.com\/de\/wp-json\/wp\/v2\/productsupplier?post=79127"},{"taxonomy":"productsleeve","embeddable":true,"href":"https:\/\/www.koonings.com\/de\/wp-json\/wp\/v2\/productsleeve?post=79127"},{"taxonomy":"productcategory","embeddable":true,"href":"https:\/\/www.koonings.com\/de\/wp-json\/wp\/v2\/productcategory?post=79127"},{"taxonomy":"productsilhouette","embeddable":true,"href":"https:\/\/www.koonings.com\/de\/wp-json\/wp\/v2\/productsilhouette?post=79127"},{"taxonomy":"productstyle","embeddable":true,"href":"https:\/\/www.koonings.com\/de\/wp-json\/wp\/v2\/productstyle?post=79127"}],"curies":[{"name":"wp","href":"https:\/\/api.w.org\/{rel}","templated":true}]}}