{"id":79116,"date":"2025-12-15T00:16:15","date_gmt":"2025-12-14T23:16:15","guid":{"rendered":"https:\/\/www.koonings.com\/product\/enzoani-love-collection-clover-2\/"},"modified":"2026-02-03T19:50:09","modified_gmt":"2026-02-03T18:50:09","slug":"enzoani-love-collection-clover-2","status":"publish","type":"product","link":"https:\/\/www.koonings.com\/de\/product\/enzoani-love-collection-clover-2\/","title":{"rendered":"Enzoani Love Kollektion Klee"},"content":{"rendered":"<p>Erf\u00fcllen Sie sich Ihre \u00e4therischen Brauttr\u00e4ume mit CLOVER. Dieses zauberhafte Kleid in A-Linie besticht durch wundersch\u00f6ne botanische Spitze entlang des V-Ausschnitts und ein Mieder mit Illusionskorsett, das in den luftigen T\u00fcllrock \u00fcbergeht. Die hauchd\u00fcnnen Spaghettitr\u00e4ger sind mit zierlichen Fliegendetails versehen, die dem Kleid einen vertr\u00e4umten Touch verleihen. Der geschmackvolle Schlitz und der V-f\u00f6rmige R\u00fccken aus Illusionsspitze vervollst\u00e4ndigen diese atemberaubende Sch\u00f6nheit.   <\/p>\n","protected":false},"featured_media":68033,"template":"","meta":{"_acf_changed":false,"ghostkit_customizer_options":"","ghostkit_custom_css":"","ghostkit_custom_js_head":"","ghostkit_custom_js_foot":"","ghostkit_typography":""},"productdetails":[379,376,378,381],"productneck":[356],"productcolor":[393,392],"maat":[],"productsupplier":[475],"productsleeve":[359],"productcategory":[18],"productsilhouette":[384,389],"productstyle":[366,370],"class_list":["post-79116","product","type-product","status-publish","has-post-thumbnail","hentry","productdetails-379","productdetails-376","productdetails-378","productdetails-381","productneck-356","productcolor-393","productcolor-392","productsupplier-enzoani-love-collection","productsleeve-359","productcategory-trouwjurken","productsilhouette-384","productsilhouette-389","productstyle-366","productstyle-370"],"acf":[],"yoast_head":"<!-- This site is optimized with the Yoast SEO plugin v27.3 - https:\/\/yoast.com\/product\/yoast-seo-wordpress\/ -->\n<title>Enzoani Love Kollektion Klee | Koonings<\/title>\n<meta name=\"description\" content=\"Erf\u00fcllen Sie sich Ihre \u00e4therischen Brauttr\u00e4ume mit CLOVER. Dieses zauberhafte Kleid in A-Linie besticht durch wundersch\u00f6ne botanische Spitze entlang des V-Ausschnitts und ein Mieder mit Illusionskorsett, das in den luftigen T\u00fcllrock \u00fcbergeht. Die hauchd\u00fcnnen Spaghettitr\u00e4ger sind mit zierlichen Fliegendetails versehen, die dem Kleid einen vertr\u00e4umten Touch verleihen. Der geschmackvolle Schlitz und der V-f\u00f6rmige R\u00fccken aus Illusionsspitze vervollst\u00e4ndigen diese atemberaubende Sch\u00f6nheit.\" \/>\n<meta name=\"robots\" content=\"index, follow, max-snippet:-1, max-image-preview:large, max-video-preview:-1\" \/>\n<link rel=\"canonical\" href=\"https:\/\/www.koonings.com\/de\/product\/enzoani-love-collection-clover-2\/\" \/>\n<meta property=\"og:locale\" content=\"de_DE\" \/>\n<meta property=\"og:type\" content=\"article\" \/>\n<meta property=\"og:title\" content=\"Enzoani Love Kollektion Klee | Koonings\" \/>\n<meta property=\"og:description\" content=\"Erf\u00fcllen Sie sich Ihre \u00e4therischen Brauttr\u00e4ume mit CLOVER. Dieses zauberhafte Kleid in A-Linie besticht durch wundersch\u00f6ne botanische Spitze entlang des V-Ausschnitts und ein Mieder mit Illusionskorsett, das in den luftigen T\u00fcllrock \u00fcbergeht. Die hauchd\u00fcnnen Spaghettitr\u00e4ger sind mit zierlichen Fliegendetails versehen, die dem Kleid einen vertr\u00e4umten Touch verleihen. Der geschmackvolle Schlitz und der V-f\u00f6rmige R\u00fccken aus Illusionsspitze vervollst\u00e4ndigen diese atemberaubende Sch\u00f6nheit.\" \/>\n<meta property=\"og:url\" content=\"https:\/\/www.koonings.com\/de\/product\/enzoani-love-collection-clover-2\/\" \/>\n<meta property=\"og:site_name\" content=\"Koonings\" \/>\n<meta property=\"article:publisher\" content=\"https:\/\/www.facebook.com\/kooningstheweddingpalace\" \/>\n<meta property=\"article:modified_time\" content=\"2026-02-03T18:50:09+00:00\" \/>\n<meta property=\"og:image\" content=\"https:\/\/www.koonings.com\/wp-content\/uploads\/2024\/11\/38678_77d4656184b28812a932abb7056d9a8c7e88f7901728e3432810349fce36215e7da05780.jpeg\" \/>\n\t<meta property=\"og:image:width\" content=\"1064\" \/>\n\t<meta property=\"og:image:height\" content=\"1418\" \/>\n\t<meta property=\"og:image:type\" content=\"image\/jpeg\" \/>\n<meta name=\"twitter:card\" content=\"summary_large_image\" \/>\n<script type=\"application\/ld+json\" class=\"yoast-schema-graph\">{\"@context\":\"https:\\\/\\\/schema.org\",\"@graph\":[{\"@type\":\"WebPage\",\"@id\":\"https:\\\/\\\/www.koonings.com\\\/de\\\/product\\\/enzoani-love-collection-clover-2\\\/\",\"url\":\"https:\\\/\\\/www.koonings.com\\\/de\\\/product\\\/enzoani-love-collection-clover-2\\\/\",\"name\":\"Enzoani Love Kollektion Klee | Koonings\",\"isPartOf\":{\"@id\":\"https:\\\/\\\/www.koonings.com\\\/de\\\/#website\"},\"primaryImageOfPage\":{\"@id\":\"https:\\\/\\\/www.koonings.com\\\/de\\\/product\\\/enzoani-love-collection-clover-2\\\/#primaryimage\"},\"image\":{\"@id\":\"https:\\\/\\\/www.koonings.com\\\/de\\\/product\\\/enzoani-love-collection-clover-2\\\/#primaryimage\"},\"thumbnailUrl\":\"https:\\\/\\\/www.koonings.com\\\/wp-content\\\/uploads\\\/2024\\\/11\\\/38678_77d4656184b28812a932abb7056d9a8c7e88f7901728e3432810349fce36215e7da05780.jpeg\",\"datePublished\":\"2025-12-14T23:16:15+00:00\",\"dateModified\":\"2026-02-03T18:50:09+00:00\",\"description\":\"Erf\u00fcllen Sie sich Ihre \u00e4therischen Brauttr\u00e4ume mit CLOVER. Dieses zauberhafte Kleid in A-Linie besticht durch wundersch\u00f6ne botanische Spitze entlang des V-Ausschnitts und ein Mieder mit Illusionskorsett, das in den luftigen T\u00fcllrock \u00fcbergeht. Die hauchd\u00fcnnen Spaghettitr\u00e4ger sind mit zierlichen Fliegendetails versehen, die dem Kleid einen vertr\u00e4umten Touch verleihen. Der geschmackvolle Schlitz und der V-f\u00f6rmige R\u00fccken aus Illusionsspitze vervollst\u00e4ndigen diese atemberaubende Sch\u00f6nheit.\",\"breadcrumb\":{\"@id\":\"https:\\\/\\\/www.koonings.com\\\/de\\\/product\\\/enzoani-love-collection-clover-2\\\/#breadcrumb\"},\"inLanguage\":\"de\",\"potentialAction\":[{\"@type\":\"ReadAction\",\"target\":[\"https:\\\/\\\/www.koonings.com\\\/de\\\/product\\\/enzoani-love-collection-clover-2\\\/\"]}]},{\"@type\":\"ImageObject\",\"inLanguage\":\"de\",\"@id\":\"https:\\\/\\\/www.koonings.com\\\/de\\\/product\\\/enzoani-love-collection-clover-2\\\/#primaryimage\",\"url\":\"https:\\\/\\\/www.koonings.com\\\/wp-content\\\/uploads\\\/2024\\\/11\\\/38678_77d4656184b28812a932abb7056d9a8c7e88f7901728e3432810349fce36215e7da05780.jpeg\",\"contentUrl\":\"https:\\\/\\\/www.koonings.com\\\/wp-content\\\/uploads\\\/2024\\\/11\\\/38678_77d4656184b28812a932abb7056d9a8c7e88f7901728e3432810349fce36215e7da05780.jpeg\",\"width\":1064,\"height\":1418},{\"@type\":\"BreadcrumbList\",\"@id\":\"https:\\\/\\\/www.koonings.com\\\/de\\\/product\\\/enzoani-love-collection-clover-2\\\/#breadcrumb\",\"itemListElement\":[{\"@type\":\"ListItem\",\"position\":1,\"name\":\"Home\",\"item\":\"https:\\\/\\\/www.koonings.com\\\/de\\\/\"},{\"@type\":\"ListItem\",\"position\":2,\"name\":\"Enzoani Love Kollektion Klee\"}]},{\"@type\":\"WebSite\",\"@id\":\"https:\\\/\\\/www.koonings.com\\\/de\\\/#website\",\"url\":\"https:\\\/\\\/www.koonings.com\\\/de\\\/\",\"name\":\"Koonings\",\"description\":\"De grootste bruidsmodewinkel ter wereld\",\"publisher\":{\"@id\":\"https:\\\/\\\/www.koonings.com\\\/de\\\/#organization\"},\"potentialAction\":[{\"@type\":\"SearchAction\",\"target\":{\"@type\":\"EntryPoint\",\"urlTemplate\":\"https:\\\/\\\/www.koonings.com\\\/de\\\/?s={search_term_string}\"},\"query-input\":{\"@type\":\"PropertyValueSpecification\",\"valueRequired\":true,\"valueName\":\"search_term_string\"}}],\"inLanguage\":\"de\"},{\"@type\":\"Organization\",\"@id\":\"https:\\\/\\\/www.koonings.com\\\/de\\\/#organization\",\"name\":\"Koonings\",\"url\":\"https:\\\/\\\/www.koonings.com\\\/de\\\/\",\"logo\":{\"@type\":\"ImageObject\",\"inLanguage\":\"de\",\"@id\":\"https:\\\/\\\/www.koonings.com\\\/de\\\/#\\\/schema\\\/logo\\\/image\\\/\",\"url\":\"https:\\\/\\\/www.koonings.com\\\/wp-content\\\/uploads\\\/2024\\\/07\\\/logo.png\",\"contentUrl\":\"https:\\\/\\\/www.koonings.com\\\/wp-content\\\/uploads\\\/2024\\\/07\\\/logo.png\",\"width\":600,\"height\":428,\"caption\":\"Koonings\"},\"image\":{\"@id\":\"https:\\\/\\\/www.koonings.com\\\/de\\\/#\\\/schema\\\/logo\\\/image\\\/\"},\"sameAs\":[\"https:\\\/\\\/www.facebook.com\\\/kooningstheweddingpalace\",\"https:\\\/\\\/www.instagram.com\\\/kooningstheweddingpalace\",\"https:\\\/\\\/www.pinterest.com\\\/koonings\",\"https:\\\/\\\/www.youtube.com\\\/kooningstheweddingpalace\"]}]}<\/script>\n<!-- \/ Yoast SEO plugin. -->","yoast_head_json":{"title":"Enzoani Love Kollektion Klee | Koonings","description":"Erf\u00fcllen Sie sich Ihre \u00e4therischen Brauttr\u00e4ume mit CLOVER. Dieses zauberhafte Kleid in A-Linie besticht durch wundersch\u00f6ne botanische Spitze entlang des V-Ausschnitts und ein Mieder mit Illusionskorsett, das in den luftigen T\u00fcllrock \u00fcbergeht. Die hauchd\u00fcnnen Spaghettitr\u00e4ger sind mit zierlichen Fliegendetails versehen, die dem Kleid einen vertr\u00e4umten Touch verleihen. Der geschmackvolle Schlitz und der V-f\u00f6rmige R\u00fccken aus Illusionsspitze vervollst\u00e4ndigen diese atemberaubende Sch\u00f6nheit.","robots":{"index":"index","follow":"follow","max-snippet":"max-snippet:-1","max-image-preview":"max-image-preview:large","max-video-preview":"max-video-preview:-1"},"canonical":"https:\/\/www.koonings.com\/de\/product\/enzoani-love-collection-clover-2\/","og_locale":"de_DE","og_type":"article","og_title":"Enzoani Love Kollektion Klee | Koonings","og_description":"Erf\u00fcllen Sie sich Ihre \u00e4therischen Brauttr\u00e4ume mit CLOVER. Dieses zauberhafte Kleid in A-Linie besticht durch wundersch\u00f6ne botanische Spitze entlang des V-Ausschnitts und ein Mieder mit Illusionskorsett, das in den luftigen T\u00fcllrock \u00fcbergeht. Die hauchd\u00fcnnen Spaghettitr\u00e4ger sind mit zierlichen Fliegendetails versehen, die dem Kleid einen vertr\u00e4umten Touch verleihen. Der geschmackvolle Schlitz und der V-f\u00f6rmige R\u00fccken aus Illusionsspitze vervollst\u00e4ndigen diese atemberaubende Sch\u00f6nheit.","og_url":"https:\/\/www.koonings.com\/de\/product\/enzoani-love-collection-clover-2\/","og_site_name":"Koonings","article_publisher":"https:\/\/www.facebook.com\/kooningstheweddingpalace","article_modified_time":"2026-02-03T18:50:09+00:00","og_image":[{"width":1064,"height":1418,"url":"https:\/\/www.koonings.com\/wp-content\/uploads\/2024\/11\/38678_77d4656184b28812a932abb7056d9a8c7e88f7901728e3432810349fce36215e7da05780.jpeg","type":"image\/jpeg"}],"twitter_card":"summary_large_image","schema":{"@context":"https:\/\/schema.org","@graph":[{"@type":"WebPage","@id":"https:\/\/www.koonings.com\/de\/product\/enzoani-love-collection-clover-2\/","url":"https:\/\/www.koonings.com\/de\/product\/enzoani-love-collection-clover-2\/","name":"Enzoani Love Kollektion Klee | Koonings","isPartOf":{"@id":"https:\/\/www.koonings.com\/de\/#website"},"primaryImageOfPage":{"@id":"https:\/\/www.koonings.com\/de\/product\/enzoani-love-collection-clover-2\/#primaryimage"},"image":{"@id":"https:\/\/www.koonings.com\/de\/product\/enzoani-love-collection-clover-2\/#primaryimage"},"thumbnailUrl":"https:\/\/www.koonings.com\/wp-content\/uploads\/2024\/11\/38678_77d4656184b28812a932abb7056d9a8c7e88f7901728e3432810349fce36215e7da05780.jpeg","datePublished":"2025-12-14T23:16:15+00:00","dateModified":"2026-02-03T18:50:09+00:00","description":"Erf\u00fcllen Sie sich Ihre \u00e4therischen Brauttr\u00e4ume mit CLOVER. Dieses zauberhafte Kleid in A-Linie besticht durch wundersch\u00f6ne botanische Spitze entlang des V-Ausschnitts und ein Mieder mit Illusionskorsett, das in den luftigen T\u00fcllrock \u00fcbergeht. Die hauchd\u00fcnnen Spaghettitr\u00e4ger sind mit zierlichen Fliegendetails versehen, die dem Kleid einen vertr\u00e4umten Touch verleihen. Der geschmackvolle Schlitz und der V-f\u00f6rmige R\u00fccken aus Illusionsspitze vervollst\u00e4ndigen diese atemberaubende Sch\u00f6nheit.","breadcrumb":{"@id":"https:\/\/www.koonings.com\/de\/product\/enzoani-love-collection-clover-2\/#breadcrumb"},"inLanguage":"de","potentialAction":[{"@type":"ReadAction","target":["https:\/\/www.koonings.com\/de\/product\/enzoani-love-collection-clover-2\/"]}]},{"@type":"ImageObject","inLanguage":"de","@id":"https:\/\/www.koonings.com\/de\/product\/enzoani-love-collection-clover-2\/#primaryimage","url":"https:\/\/www.koonings.com\/wp-content\/uploads\/2024\/11\/38678_77d4656184b28812a932abb7056d9a8c7e88f7901728e3432810349fce36215e7da05780.jpeg","contentUrl":"https:\/\/www.koonings.com\/wp-content\/uploads\/2024\/11\/38678_77d4656184b28812a932abb7056d9a8c7e88f7901728e3432810349fce36215e7da05780.jpeg","width":1064,"height":1418},{"@type":"BreadcrumbList","@id":"https:\/\/www.koonings.com\/de\/product\/enzoani-love-collection-clover-2\/#breadcrumb","itemListElement":[{"@type":"ListItem","position":1,"name":"Home","item":"https:\/\/www.koonings.com\/de\/"},{"@type":"ListItem","position":2,"name":"Enzoani Love Kollektion Klee"}]},{"@type":"WebSite","@id":"https:\/\/www.koonings.com\/de\/#website","url":"https:\/\/www.koonings.com\/de\/","name":"Koonings","description":"De grootste bruidsmodewinkel ter wereld","publisher":{"@id":"https:\/\/www.koonings.com\/de\/#organization"},"potentialAction":[{"@type":"SearchAction","target":{"@type":"EntryPoint","urlTemplate":"https:\/\/www.koonings.com\/de\/?s={search_term_string}"},"query-input":{"@type":"PropertyValueSpecification","valueRequired":true,"valueName":"search_term_string"}}],"inLanguage":"de"},{"@type":"Organization","@id":"https:\/\/www.koonings.com\/de\/#organization","name":"Koonings","url":"https:\/\/www.koonings.com\/de\/","logo":{"@type":"ImageObject","inLanguage":"de","@id":"https:\/\/www.koonings.com\/de\/#\/schema\/logo\/image\/","url":"https:\/\/www.koonings.com\/wp-content\/uploads\/2024\/07\/logo.png","contentUrl":"https:\/\/www.koonings.com\/wp-content\/uploads\/2024\/07\/logo.png","width":600,"height":428,"caption":"Koonings"},"image":{"@id":"https:\/\/www.koonings.com\/de\/#\/schema\/logo\/image\/"},"sameAs":["https:\/\/www.facebook.com\/kooningstheweddingpalace","https:\/\/www.instagram.com\/kooningstheweddingpalace","https:\/\/www.pinterest.com\/koonings","https:\/\/www.youtube.com\/kooningstheweddingpalace"]}]}},"_links":{"self":[{"href":"https:\/\/www.koonings.com\/de\/wp-json\/wp\/v2\/product\/79116","targetHints":{"allow":["GET"]}}],"collection":[{"href":"https:\/\/www.koonings.com\/de\/wp-json\/wp\/v2\/product"}],"about":[{"href":"https:\/\/www.koonings.com\/de\/wp-json\/wp\/v2\/types\/product"}],"wp:featuredmedia":[{"embeddable":true,"href":"https:\/\/www.koonings.com\/de\/wp-json\/wp\/v2\/media\/68033"}],"wp:attachment":[{"href":"https:\/\/www.koonings.com\/de\/wp-json\/wp\/v2\/media?parent=79116"}],"wp:term":[{"taxonomy":"productdetails","embeddable":true,"href":"https:\/\/www.koonings.com\/de\/wp-json\/wp\/v2\/productdetails?post=79116"},{"taxonomy":"productneck","embeddable":true,"href":"https:\/\/www.koonings.com\/de\/wp-json\/wp\/v2\/productneck?post=79116"},{"taxonomy":"productcolor","embeddable":true,"href":"https:\/\/www.koonings.com\/de\/wp-json\/wp\/v2\/productcolor?post=79116"},{"taxonomy":"maat","embeddable":true,"href":"https:\/\/www.koonings.com\/de\/wp-json\/wp\/v2\/maat?post=79116"},{"taxonomy":"productsupplier","embeddable":true,"href":"https:\/\/www.koonings.com\/de\/wp-json\/wp\/v2\/productsupplier?post=79116"},{"taxonomy":"productsleeve","embeddable":true,"href":"https:\/\/www.koonings.com\/de\/wp-json\/wp\/v2\/productsleeve?post=79116"},{"taxonomy":"productcategory","embeddable":true,"href":"https:\/\/www.koonings.com\/de\/wp-json\/wp\/v2\/productcategory?post=79116"},{"taxonomy":"productsilhouette","embeddable":true,"href":"https:\/\/www.koonings.com\/de\/wp-json\/wp\/v2\/productsilhouette?post=79116"},{"taxonomy":"productstyle","embeddable":true,"href":"https:\/\/www.koonings.com\/de\/wp-json\/wp\/v2\/productstyle?post=79116"}],"curies":[{"name":"wp","href":"https:\/\/api.w.org\/{rel}","templated":true}]}}