{"id":79104,"date":"2026-04-28T18:26:12","date_gmt":"2026-04-28T16:26:12","guid":{"rendered":"https:\/\/www.koonings.com\/product\/enzoani-love-collection-dixie\/"},"modified":"2025-06-05T13:39:45","modified_gmt":"2025-06-05T11:39:45","slug":"enzoani-love-collection-dixie","status":"publish","type":"product","link":"https:\/\/www.koonings.com\/de\/product\/enzoani-love-collection-dixie\/","title":{"rendered":"Enzoani Love Collection Dixie"},"content":{"rendered":"<p>DIXIE ist ein Meerjungfrauen-Stil, der sich von allen anderen Kleidern dieser Kollektion unterscheidet. Die elegante Silhouette aus Stretch-Georgette ist mit atemberaubenden 3D-gestickten Mikado-Blumenapplikationen verziert, die sich bis zu den abnehmbaren schulterfreien Tr\u00e4gern erstrecken, die wundersch\u00f6n vom klassischen herzf\u00f6rmigen Ausschnitt fallen. Ein traumhafter Rock aus weichem T\u00fcll sorgt f\u00fcr eine romantische und m\u00fchelose Harmonie.  <\/p>\n","protected":false},"featured_media":68079,"template":"","meta":{"_acf_changed":false,"ghostkit_customizer_options":"","ghostkit_custom_css":"","ghostkit_custom_js_head":"","ghostkit_custom_js_foot":"","ghostkit_typography":""},"productdetails":[379,381],"productneck":[354,355],"productcolor":[392],"maat":[],"productsupplier":[475],"productsleeve":[363],"productcategory":[18],"productsilhouette":[387],"productstyle":[369,366],"class_list":["post-79104","product","type-product","status-publish","has-post-thumbnail","hentry","productdetails-379","productdetails-381","productneck-354","productneck-355","productcolor-392","productsupplier-enzoani-love-collection","productsleeve-363","productcategory-trouwjurken","productsilhouette-387","productstyle-369","productstyle-366"],"acf":[],"yoast_head":"<!-- This site is optimized with the Yoast SEO plugin v27.3 - https:\/\/yoast.com\/product\/yoast-seo-wordpress\/ -->\n<title>Enzoani Love Collection Dixie | Koonings<\/title>\n<meta name=\"description\" content=\"DIXIE ist ein Meerjungfrauen-Stil, der sich von allen anderen Kleidern dieser Kollektion unterscheidet. Die elegante Silhouette aus Stretch-Georgette ist mit atemberaubenden 3D-gestickten Mikado-Blumenapplikationen verziert, die sich bis zu den abnehmbaren schulterfreien Tr\u00e4gern erstrecken, die wundersch\u00f6n vom klassischen herzf\u00f6rmigen Ausschnitt fallen. Ein traumhafter Rock aus weichem T\u00fcll sorgt f\u00fcr eine romantische und m\u00fchelose Harmonie.\" \/>\n<meta name=\"robots\" content=\"index, follow, max-snippet:-1, max-image-preview:large, max-video-preview:-1\" \/>\n<link rel=\"canonical\" href=\"https:\/\/www.koonings.com\/de\/product\/enzoani-love-collection-dixie\/\" \/>\n<meta property=\"og:locale\" content=\"de_DE\" \/>\n<meta property=\"og:type\" content=\"article\" \/>\n<meta property=\"og:title\" content=\"Enzoani Love Collection Dixie | Koonings\" \/>\n<meta property=\"og:description\" content=\"DIXIE ist ein Meerjungfrauen-Stil, der sich von allen anderen Kleidern dieser Kollektion unterscheidet. Die elegante Silhouette aus Stretch-Georgette ist mit atemberaubenden 3D-gestickten Mikado-Blumenapplikationen verziert, die sich bis zu den abnehmbaren schulterfreien Tr\u00e4gern erstrecken, die wundersch\u00f6n vom klassischen herzf\u00f6rmigen Ausschnitt fallen. Ein traumhafter Rock aus weichem T\u00fcll sorgt f\u00fcr eine romantische und m\u00fchelose Harmonie.\" \/>\n<meta property=\"og:url\" content=\"https:\/\/www.koonings.com\/de\/product\/enzoani-love-collection-dixie\/\" \/>\n<meta property=\"og:site_name\" content=\"Koonings\" \/>\n<meta property=\"article:publisher\" content=\"https:\/\/www.facebook.com\/kooningstheweddingpalace\" \/>\n<meta property=\"og:image\" content=\"https:\/\/www.koonings.com\/wp-content\/uploads\/2024\/11\/41134_94298068ee85e18aff112b20e3eaa188f380eeee391697b80bd0528d4ab412e1ff6cae7d.jpeg\" \/>\n\t<meta property=\"og:image:width\" content=\"1035\" \/>\n\t<meta property=\"og:image:height\" content=\"1380\" \/>\n\t<meta property=\"og:image:type\" content=\"image\/jpeg\" \/>\n<meta name=\"twitter:card\" content=\"summary_large_image\" \/>\n<script type=\"application\/ld+json\" class=\"yoast-schema-graph\">{\"@context\":\"https:\\\/\\\/schema.org\",\"@graph\":[{\"@type\":\"WebPage\",\"@id\":\"https:\\\/\\\/www.koonings.com\\\/de\\\/product\\\/enzoani-love-collection-dixie\\\/\",\"url\":\"https:\\\/\\\/www.koonings.com\\\/de\\\/product\\\/enzoani-love-collection-dixie\\\/\",\"name\":\"Enzoani Love Collection Dixie | Koonings\",\"isPartOf\":{\"@id\":\"https:\\\/\\\/www.koonings.com\\\/de\\\/#website\"},\"primaryImageOfPage\":{\"@id\":\"https:\\\/\\\/www.koonings.com\\\/de\\\/product\\\/enzoani-love-collection-dixie\\\/#primaryimage\"},\"image\":{\"@id\":\"https:\\\/\\\/www.koonings.com\\\/de\\\/product\\\/enzoani-love-collection-dixie\\\/#primaryimage\"},\"thumbnailUrl\":\"https:\\\/\\\/www.koonings.com\\\/wp-content\\\/uploads\\\/2024\\\/11\\\/41134_94298068ee85e18aff112b20e3eaa188f380eeee391697b80bd0528d4ab412e1ff6cae7d.jpeg\",\"datePublished\":\"2026-04-28T16:26:12+00:00\",\"description\":\"DIXIE ist ein Meerjungfrauen-Stil, der sich von allen anderen Kleidern dieser Kollektion unterscheidet. Die elegante Silhouette aus Stretch-Georgette ist mit atemberaubenden 3D-gestickten Mikado-Blumenapplikationen verziert, die sich bis zu den abnehmbaren schulterfreien Tr\u00e4gern erstrecken, die wundersch\u00f6n vom klassischen herzf\u00f6rmigen Ausschnitt fallen. Ein traumhafter Rock aus weichem T\u00fcll sorgt f\u00fcr eine romantische und m\u00fchelose Harmonie.\",\"breadcrumb\":{\"@id\":\"https:\\\/\\\/www.koonings.com\\\/de\\\/product\\\/enzoani-love-collection-dixie\\\/#breadcrumb\"},\"inLanguage\":\"de\",\"potentialAction\":[{\"@type\":\"ReadAction\",\"target\":[\"https:\\\/\\\/www.koonings.com\\\/de\\\/product\\\/enzoani-love-collection-dixie\\\/\"]}]},{\"@type\":\"ImageObject\",\"inLanguage\":\"de\",\"@id\":\"https:\\\/\\\/www.koonings.com\\\/de\\\/product\\\/enzoani-love-collection-dixie\\\/#primaryimage\",\"url\":\"https:\\\/\\\/www.koonings.com\\\/wp-content\\\/uploads\\\/2024\\\/11\\\/41134_94298068ee85e18aff112b20e3eaa188f380eeee391697b80bd0528d4ab412e1ff6cae7d.jpeg\",\"contentUrl\":\"https:\\\/\\\/www.koonings.com\\\/wp-content\\\/uploads\\\/2024\\\/11\\\/41134_94298068ee85e18aff112b20e3eaa188f380eeee391697b80bd0528d4ab412e1ff6cae7d.jpeg\",\"width\":1035,\"height\":1380},{\"@type\":\"BreadcrumbList\",\"@id\":\"https:\\\/\\\/www.koonings.com\\\/de\\\/product\\\/enzoani-love-collection-dixie\\\/#breadcrumb\",\"itemListElement\":[{\"@type\":\"ListItem\",\"position\":1,\"name\":\"Home\",\"item\":\"https:\\\/\\\/www.koonings.com\\\/de\\\/\"},{\"@type\":\"ListItem\",\"position\":2,\"name\":\"Enzoani Love Collection Dixie\"}]},{\"@type\":\"WebSite\",\"@id\":\"https:\\\/\\\/www.koonings.com\\\/de\\\/#website\",\"url\":\"https:\\\/\\\/www.koonings.com\\\/de\\\/\",\"name\":\"Koonings\",\"description\":\"De grootste bruidsmodewinkel ter wereld\",\"publisher\":{\"@id\":\"https:\\\/\\\/www.koonings.com\\\/de\\\/#organization\"},\"potentialAction\":[{\"@type\":\"SearchAction\",\"target\":{\"@type\":\"EntryPoint\",\"urlTemplate\":\"https:\\\/\\\/www.koonings.com\\\/de\\\/?s={search_term_string}\"},\"query-input\":{\"@type\":\"PropertyValueSpecification\",\"valueRequired\":true,\"valueName\":\"search_term_string\"}}],\"inLanguage\":\"de\"},{\"@type\":\"Organization\",\"@id\":\"https:\\\/\\\/www.koonings.com\\\/de\\\/#organization\",\"name\":\"Koonings\",\"url\":\"https:\\\/\\\/www.koonings.com\\\/de\\\/\",\"logo\":{\"@type\":\"ImageObject\",\"inLanguage\":\"de\",\"@id\":\"https:\\\/\\\/www.koonings.com\\\/de\\\/#\\\/schema\\\/logo\\\/image\\\/\",\"url\":\"https:\\\/\\\/www.koonings.com\\\/wp-content\\\/uploads\\\/2024\\\/07\\\/logo.png\",\"contentUrl\":\"https:\\\/\\\/www.koonings.com\\\/wp-content\\\/uploads\\\/2024\\\/07\\\/logo.png\",\"width\":600,\"height\":428,\"caption\":\"Koonings\"},\"image\":{\"@id\":\"https:\\\/\\\/www.koonings.com\\\/de\\\/#\\\/schema\\\/logo\\\/image\\\/\"},\"sameAs\":[\"https:\\\/\\\/www.facebook.com\\\/kooningstheweddingpalace\",\"https:\\\/\\\/www.instagram.com\\\/kooningstheweddingpalace\",\"https:\\\/\\\/www.pinterest.com\\\/koonings\",\"https:\\\/\\\/www.youtube.com\\\/kooningstheweddingpalace\"]}]}<\/script>\n<!-- \/ Yoast SEO plugin. -->","yoast_head_json":{"title":"Enzoani Love Collection Dixie | Koonings","description":"DIXIE ist ein Meerjungfrauen-Stil, der sich von allen anderen Kleidern dieser Kollektion unterscheidet. Die elegante Silhouette aus Stretch-Georgette ist mit atemberaubenden 3D-gestickten Mikado-Blumenapplikationen verziert, die sich bis zu den abnehmbaren schulterfreien Tr\u00e4gern erstrecken, die wundersch\u00f6n vom klassischen herzf\u00f6rmigen Ausschnitt fallen. Ein traumhafter Rock aus weichem T\u00fcll sorgt f\u00fcr eine romantische und m\u00fchelose Harmonie.","robots":{"index":"index","follow":"follow","max-snippet":"max-snippet:-1","max-image-preview":"max-image-preview:large","max-video-preview":"max-video-preview:-1"},"canonical":"https:\/\/www.koonings.com\/de\/product\/enzoani-love-collection-dixie\/","og_locale":"de_DE","og_type":"article","og_title":"Enzoani Love Collection Dixie | Koonings","og_description":"DIXIE ist ein Meerjungfrauen-Stil, der sich von allen anderen Kleidern dieser Kollektion unterscheidet. Die elegante Silhouette aus Stretch-Georgette ist mit atemberaubenden 3D-gestickten Mikado-Blumenapplikationen verziert, die sich bis zu den abnehmbaren schulterfreien Tr\u00e4gern erstrecken, die wundersch\u00f6n vom klassischen herzf\u00f6rmigen Ausschnitt fallen. Ein traumhafter Rock aus weichem T\u00fcll sorgt f\u00fcr eine romantische und m\u00fchelose Harmonie.","og_url":"https:\/\/www.koonings.com\/de\/product\/enzoani-love-collection-dixie\/","og_site_name":"Koonings","article_publisher":"https:\/\/www.facebook.com\/kooningstheweddingpalace","og_image":[{"width":1035,"height":1380,"url":"https:\/\/www.koonings.com\/wp-content\/uploads\/2024\/11\/41134_94298068ee85e18aff112b20e3eaa188f380eeee391697b80bd0528d4ab412e1ff6cae7d.jpeg","type":"image\/jpeg"}],"twitter_card":"summary_large_image","schema":{"@context":"https:\/\/schema.org","@graph":[{"@type":"WebPage","@id":"https:\/\/www.koonings.com\/de\/product\/enzoani-love-collection-dixie\/","url":"https:\/\/www.koonings.com\/de\/product\/enzoani-love-collection-dixie\/","name":"Enzoani Love Collection Dixie | Koonings","isPartOf":{"@id":"https:\/\/www.koonings.com\/de\/#website"},"primaryImageOfPage":{"@id":"https:\/\/www.koonings.com\/de\/product\/enzoani-love-collection-dixie\/#primaryimage"},"image":{"@id":"https:\/\/www.koonings.com\/de\/product\/enzoani-love-collection-dixie\/#primaryimage"},"thumbnailUrl":"https:\/\/www.koonings.com\/wp-content\/uploads\/2024\/11\/41134_94298068ee85e18aff112b20e3eaa188f380eeee391697b80bd0528d4ab412e1ff6cae7d.jpeg","datePublished":"2026-04-28T16:26:12+00:00","description":"DIXIE ist ein Meerjungfrauen-Stil, der sich von allen anderen Kleidern dieser Kollektion unterscheidet. Die elegante Silhouette aus Stretch-Georgette ist mit atemberaubenden 3D-gestickten Mikado-Blumenapplikationen verziert, die sich bis zu den abnehmbaren schulterfreien Tr\u00e4gern erstrecken, die wundersch\u00f6n vom klassischen herzf\u00f6rmigen Ausschnitt fallen. Ein traumhafter Rock aus weichem T\u00fcll sorgt f\u00fcr eine romantische und m\u00fchelose Harmonie.","breadcrumb":{"@id":"https:\/\/www.koonings.com\/de\/product\/enzoani-love-collection-dixie\/#breadcrumb"},"inLanguage":"de","potentialAction":[{"@type":"ReadAction","target":["https:\/\/www.koonings.com\/de\/product\/enzoani-love-collection-dixie\/"]}]},{"@type":"ImageObject","inLanguage":"de","@id":"https:\/\/www.koonings.com\/de\/product\/enzoani-love-collection-dixie\/#primaryimage","url":"https:\/\/www.koonings.com\/wp-content\/uploads\/2024\/11\/41134_94298068ee85e18aff112b20e3eaa188f380eeee391697b80bd0528d4ab412e1ff6cae7d.jpeg","contentUrl":"https:\/\/www.koonings.com\/wp-content\/uploads\/2024\/11\/41134_94298068ee85e18aff112b20e3eaa188f380eeee391697b80bd0528d4ab412e1ff6cae7d.jpeg","width":1035,"height":1380},{"@type":"BreadcrumbList","@id":"https:\/\/www.koonings.com\/de\/product\/enzoani-love-collection-dixie\/#breadcrumb","itemListElement":[{"@type":"ListItem","position":1,"name":"Home","item":"https:\/\/www.koonings.com\/de\/"},{"@type":"ListItem","position":2,"name":"Enzoani Love Collection Dixie"}]},{"@type":"WebSite","@id":"https:\/\/www.koonings.com\/de\/#website","url":"https:\/\/www.koonings.com\/de\/","name":"Koonings","description":"De grootste bruidsmodewinkel ter wereld","publisher":{"@id":"https:\/\/www.koonings.com\/de\/#organization"},"potentialAction":[{"@type":"SearchAction","target":{"@type":"EntryPoint","urlTemplate":"https:\/\/www.koonings.com\/de\/?s={search_term_string}"},"query-input":{"@type":"PropertyValueSpecification","valueRequired":true,"valueName":"search_term_string"}}],"inLanguage":"de"},{"@type":"Organization","@id":"https:\/\/www.koonings.com\/de\/#organization","name":"Koonings","url":"https:\/\/www.koonings.com\/de\/","logo":{"@type":"ImageObject","inLanguage":"de","@id":"https:\/\/www.koonings.com\/de\/#\/schema\/logo\/image\/","url":"https:\/\/www.koonings.com\/wp-content\/uploads\/2024\/07\/logo.png","contentUrl":"https:\/\/www.koonings.com\/wp-content\/uploads\/2024\/07\/logo.png","width":600,"height":428,"caption":"Koonings"},"image":{"@id":"https:\/\/www.koonings.com\/de\/#\/schema\/logo\/image\/"},"sameAs":["https:\/\/www.facebook.com\/kooningstheweddingpalace","https:\/\/www.instagram.com\/kooningstheweddingpalace","https:\/\/www.pinterest.com\/koonings","https:\/\/www.youtube.com\/kooningstheweddingpalace"]}]}},"_links":{"self":[{"href":"https:\/\/www.koonings.com\/de\/wp-json\/wp\/v2\/product\/79104","targetHints":{"allow":["GET"]}}],"collection":[{"href":"https:\/\/www.koonings.com\/de\/wp-json\/wp\/v2\/product"}],"about":[{"href":"https:\/\/www.koonings.com\/de\/wp-json\/wp\/v2\/types\/product"}],"wp:featuredmedia":[{"embeddable":true,"href":"https:\/\/www.koonings.com\/de\/wp-json\/wp\/v2\/media\/68079"}],"wp:attachment":[{"href":"https:\/\/www.koonings.com\/de\/wp-json\/wp\/v2\/media?parent=79104"}],"wp:term":[{"taxonomy":"productdetails","embeddable":true,"href":"https:\/\/www.koonings.com\/de\/wp-json\/wp\/v2\/productdetails?post=79104"},{"taxonomy":"productneck","embeddable":true,"href":"https:\/\/www.koonings.com\/de\/wp-json\/wp\/v2\/productneck?post=79104"},{"taxonomy":"productcolor","embeddable":true,"href":"https:\/\/www.koonings.com\/de\/wp-json\/wp\/v2\/productcolor?post=79104"},{"taxonomy":"maat","embeddable":true,"href":"https:\/\/www.koonings.com\/de\/wp-json\/wp\/v2\/maat?post=79104"},{"taxonomy":"productsupplier","embeddable":true,"href":"https:\/\/www.koonings.com\/de\/wp-json\/wp\/v2\/productsupplier?post=79104"},{"taxonomy":"productsleeve","embeddable":true,"href":"https:\/\/www.koonings.com\/de\/wp-json\/wp\/v2\/productsleeve?post=79104"},{"taxonomy":"productcategory","embeddable":true,"href":"https:\/\/www.koonings.com\/de\/wp-json\/wp\/v2\/productcategory?post=79104"},{"taxonomy":"productsilhouette","embeddable":true,"href":"https:\/\/www.koonings.com\/de\/wp-json\/wp\/v2\/productsilhouette?post=79104"},{"taxonomy":"productstyle","embeddable":true,"href":"https:\/\/www.koonings.com\/de\/wp-json\/wp\/v2\/productstyle?post=79104"}],"curies":[{"name":"wp","href":"https:\/\/api.w.org\/{rel}","templated":true}]}}