{"id":79101,"date":"2026-04-28T18:26:40","date_gmt":"2026-04-28T16:26:40","guid":{"rendered":"https:\/\/www.koonings.com\/product\/enzoani-love-collection-dream\/"},"modified":"2025-06-05T13:39:48","modified_gmt":"2025-06-05T11:39:48","slug":"enzoani-love-collection-dream","status":"publish","type":"product","link":"https:\/\/www.koonings.com\/de\/product\/enzoani-love-collection-dream\/","title":{"rendered":"Enzoani Love Collection Dream"},"content":{"rendered":"<p>Das Kleid DREAM wird seinem Namen zweifellos gerecht! Mit einem bezaubernden tr\u00e4gerlosen Mieder, das mit wundersch\u00f6nen 3D-gestickten Mikado-Blumenapplikationen und Chantilly-Spitze verziert ist, geht dieses A-Linien-Hochzeitskleid in Lagen aus weichem T\u00fcll \u00fcber und schafft so eine romantische und \u00e4therische Silhouette, die perfekt f\u00fcr die Braut ist, die nach einem zeitlosen und doch skurrilen Look sucht. Ein Illusionskorsett am R\u00fccken und ein Schlitz am vorderen Teil des Rocks sorgen f\u00fcr einen subtilen, sexy Touch und einen unvergesslichen Brautlook.  <\/p>\n","protected":false},"featured_media":68129,"template":"","meta":{"_acf_changed":false,"ghostkit_customizer_options":"","ghostkit_custom_css":"","ghostkit_custom_js_head":"","ghostkit_custom_js_foot":"","ghostkit_typography":""},"productdetails":[379,376,378,381],"productneck":[354,355],"productcolor":[393,392],"maat":[],"productsupplier":[475],"productsleeve":[],"productcategory":[18],"productsilhouette":[384],"productstyle":[366,370],"class_list":["post-79101","product","type-product","status-publish","has-post-thumbnail","hentry","productdetails-379","productdetails-376","productdetails-378","productdetails-381","productneck-354","productneck-355","productcolor-393","productcolor-392","productsupplier-enzoani-love-collection","productcategory-trouwjurken","productsilhouette-384","productstyle-366","productstyle-370"],"acf":[],"yoast_head":"<!-- This site is optimized with the Yoast SEO plugin v27.3 - https:\/\/yoast.com\/product\/yoast-seo-wordpress\/ -->\n<title>Enzoani Love Collection Dream | Koonings<\/title>\n<meta name=\"description\" content=\"Das Kleid DREAM wird seinem Namen zweifellos gerecht! Mit einem bezaubernden tr\u00e4gerlosen Mieder, das mit wundersch\u00f6nen 3D-gestickten Mikado-Blumenapplikationen und Chantilly-Spitze verziert ist, geht dieses A-Linien-Hochzeitskleid in Lagen aus weichem T\u00fcll \u00fcber und schafft so eine romantische und \u00e4therische Silhouette, die perfekt f\u00fcr die Braut ist, die nach einem zeitlosen und doch skurrilen Look sucht. Ein Illusionskorsett am R\u00fccken und ein Schlitz am vorderen Teil des Rocks sorgen f\u00fcr einen subtilen, sexy Touch und einen unvergesslichen Brautlook.\" \/>\n<meta name=\"robots\" content=\"index, follow, max-snippet:-1, max-image-preview:large, max-video-preview:-1\" \/>\n<link rel=\"canonical\" href=\"https:\/\/www.koonings.com\/de\/product\/enzoani-love-collection-dream\/\" \/>\n<meta property=\"og:locale\" content=\"de_DE\" \/>\n<meta property=\"og:type\" content=\"article\" \/>\n<meta property=\"og:title\" content=\"Enzoani Love Collection Dream | Koonings\" \/>\n<meta property=\"og:description\" content=\"Das Kleid DREAM wird seinem Namen zweifellos gerecht! Mit einem bezaubernden tr\u00e4gerlosen Mieder, das mit wundersch\u00f6nen 3D-gestickten Mikado-Blumenapplikationen und Chantilly-Spitze verziert ist, geht dieses A-Linien-Hochzeitskleid in Lagen aus weichem T\u00fcll \u00fcber und schafft so eine romantische und \u00e4therische Silhouette, die perfekt f\u00fcr die Braut ist, die nach einem zeitlosen und doch skurrilen Look sucht. Ein Illusionskorsett am R\u00fccken und ein Schlitz am vorderen Teil des Rocks sorgen f\u00fcr einen subtilen, sexy Touch und einen unvergesslichen Brautlook.\" \/>\n<meta property=\"og:url\" content=\"https:\/\/www.koonings.com\/de\/product\/enzoani-love-collection-dream\/\" \/>\n<meta property=\"og:site_name\" content=\"Koonings\" \/>\n<meta property=\"article:publisher\" content=\"https:\/\/www.facebook.com\/kooningstheweddingpalace\" \/>\n<meta property=\"og:image\" content=\"https:\/\/www.koonings.com\/wp-content\/uploads\/2024\/11\/41235_01b098f3aec3f963a0792ea87fafffacc93dd7399edb6ee257640ebb10dcc861d420ca8c.jpeg\" \/>\n\t<meta property=\"og:image:width\" content=\"1035\" \/>\n\t<meta property=\"og:image:height\" content=\"1380\" \/>\n\t<meta property=\"og:image:type\" content=\"image\/jpeg\" \/>\n<meta name=\"twitter:card\" content=\"summary_large_image\" \/>\n<script type=\"application\/ld+json\" class=\"yoast-schema-graph\">{\"@context\":\"https:\\\/\\\/schema.org\",\"@graph\":[{\"@type\":\"WebPage\",\"@id\":\"https:\\\/\\\/www.koonings.com\\\/de\\\/product\\\/enzoani-love-collection-dream\\\/\",\"url\":\"https:\\\/\\\/www.koonings.com\\\/de\\\/product\\\/enzoani-love-collection-dream\\\/\",\"name\":\"Enzoani Love Collection Dream | Koonings\",\"isPartOf\":{\"@id\":\"https:\\\/\\\/www.koonings.com\\\/de\\\/#website\"},\"primaryImageOfPage\":{\"@id\":\"https:\\\/\\\/www.koonings.com\\\/de\\\/product\\\/enzoani-love-collection-dream\\\/#primaryimage\"},\"image\":{\"@id\":\"https:\\\/\\\/www.koonings.com\\\/de\\\/product\\\/enzoani-love-collection-dream\\\/#primaryimage\"},\"thumbnailUrl\":\"https:\\\/\\\/www.koonings.com\\\/wp-content\\\/uploads\\\/2024\\\/11\\\/41235_01b098f3aec3f963a0792ea87fafffacc93dd7399edb6ee257640ebb10dcc861d420ca8c.jpeg\",\"datePublished\":\"2026-04-28T16:26:40+00:00\",\"description\":\"Das Kleid DREAM wird seinem Namen zweifellos gerecht! Mit einem bezaubernden tr\u00e4gerlosen Mieder, das mit wundersch\u00f6nen 3D-gestickten Mikado-Blumenapplikationen und Chantilly-Spitze verziert ist, geht dieses A-Linien-Hochzeitskleid in Lagen aus weichem T\u00fcll \u00fcber und schafft so eine romantische und \u00e4therische Silhouette, die perfekt f\u00fcr die Braut ist, die nach einem zeitlosen und doch skurrilen Look sucht. Ein Illusionskorsett am R\u00fccken und ein Schlitz am vorderen Teil des Rocks sorgen f\u00fcr einen subtilen, sexy Touch und einen unvergesslichen Brautlook.\",\"breadcrumb\":{\"@id\":\"https:\\\/\\\/www.koonings.com\\\/de\\\/product\\\/enzoani-love-collection-dream\\\/#breadcrumb\"},\"inLanguage\":\"de\",\"potentialAction\":[{\"@type\":\"ReadAction\",\"target\":[\"https:\\\/\\\/www.koonings.com\\\/de\\\/product\\\/enzoani-love-collection-dream\\\/\"]}]},{\"@type\":\"ImageObject\",\"inLanguage\":\"de\",\"@id\":\"https:\\\/\\\/www.koonings.com\\\/de\\\/product\\\/enzoani-love-collection-dream\\\/#primaryimage\",\"url\":\"https:\\\/\\\/www.koonings.com\\\/wp-content\\\/uploads\\\/2024\\\/11\\\/41235_01b098f3aec3f963a0792ea87fafffacc93dd7399edb6ee257640ebb10dcc861d420ca8c.jpeg\",\"contentUrl\":\"https:\\\/\\\/www.koonings.com\\\/wp-content\\\/uploads\\\/2024\\\/11\\\/41235_01b098f3aec3f963a0792ea87fafffacc93dd7399edb6ee257640ebb10dcc861d420ca8c.jpeg\",\"width\":1035,\"height\":1380},{\"@type\":\"BreadcrumbList\",\"@id\":\"https:\\\/\\\/www.koonings.com\\\/de\\\/product\\\/enzoani-love-collection-dream\\\/#breadcrumb\",\"itemListElement\":[{\"@type\":\"ListItem\",\"position\":1,\"name\":\"Home\",\"item\":\"https:\\\/\\\/www.koonings.com\\\/de\\\/\"},{\"@type\":\"ListItem\",\"position\":2,\"name\":\"Enzoani Love Collection Dream\"}]},{\"@type\":\"WebSite\",\"@id\":\"https:\\\/\\\/www.koonings.com\\\/de\\\/#website\",\"url\":\"https:\\\/\\\/www.koonings.com\\\/de\\\/\",\"name\":\"Koonings\",\"description\":\"De grootste bruidsmodewinkel ter wereld\",\"publisher\":{\"@id\":\"https:\\\/\\\/www.koonings.com\\\/de\\\/#organization\"},\"potentialAction\":[{\"@type\":\"SearchAction\",\"target\":{\"@type\":\"EntryPoint\",\"urlTemplate\":\"https:\\\/\\\/www.koonings.com\\\/de\\\/?s={search_term_string}\"},\"query-input\":{\"@type\":\"PropertyValueSpecification\",\"valueRequired\":true,\"valueName\":\"search_term_string\"}}],\"inLanguage\":\"de\"},{\"@type\":\"Organization\",\"@id\":\"https:\\\/\\\/www.koonings.com\\\/de\\\/#organization\",\"name\":\"Koonings\",\"url\":\"https:\\\/\\\/www.koonings.com\\\/de\\\/\",\"logo\":{\"@type\":\"ImageObject\",\"inLanguage\":\"de\",\"@id\":\"https:\\\/\\\/www.koonings.com\\\/de\\\/#\\\/schema\\\/logo\\\/image\\\/\",\"url\":\"https:\\\/\\\/www.koonings.com\\\/wp-content\\\/uploads\\\/2024\\\/07\\\/logo.png\",\"contentUrl\":\"https:\\\/\\\/www.koonings.com\\\/wp-content\\\/uploads\\\/2024\\\/07\\\/logo.png\",\"width\":600,\"height\":428,\"caption\":\"Koonings\"},\"image\":{\"@id\":\"https:\\\/\\\/www.koonings.com\\\/de\\\/#\\\/schema\\\/logo\\\/image\\\/\"},\"sameAs\":[\"https:\\\/\\\/www.facebook.com\\\/kooningstheweddingpalace\",\"https:\\\/\\\/www.instagram.com\\\/kooningstheweddingpalace\",\"https:\\\/\\\/www.pinterest.com\\\/koonings\",\"https:\\\/\\\/www.youtube.com\\\/kooningstheweddingpalace\"]}]}<\/script>\n<!-- \/ Yoast SEO plugin. -->","yoast_head_json":{"title":"Enzoani Love Collection Dream | Koonings","description":"Das Kleid DREAM wird seinem Namen zweifellos gerecht! Mit einem bezaubernden tr\u00e4gerlosen Mieder, das mit wundersch\u00f6nen 3D-gestickten Mikado-Blumenapplikationen und Chantilly-Spitze verziert ist, geht dieses A-Linien-Hochzeitskleid in Lagen aus weichem T\u00fcll \u00fcber und schafft so eine romantische und \u00e4therische Silhouette, die perfekt f\u00fcr die Braut ist, die nach einem zeitlosen und doch skurrilen Look sucht. Ein Illusionskorsett am R\u00fccken und ein Schlitz am vorderen Teil des Rocks sorgen f\u00fcr einen subtilen, sexy Touch und einen unvergesslichen Brautlook.","robots":{"index":"index","follow":"follow","max-snippet":"max-snippet:-1","max-image-preview":"max-image-preview:large","max-video-preview":"max-video-preview:-1"},"canonical":"https:\/\/www.koonings.com\/de\/product\/enzoani-love-collection-dream\/","og_locale":"de_DE","og_type":"article","og_title":"Enzoani Love Collection Dream | Koonings","og_description":"Das Kleid DREAM wird seinem Namen zweifellos gerecht! Mit einem bezaubernden tr\u00e4gerlosen Mieder, das mit wundersch\u00f6nen 3D-gestickten Mikado-Blumenapplikationen und Chantilly-Spitze verziert ist, geht dieses A-Linien-Hochzeitskleid in Lagen aus weichem T\u00fcll \u00fcber und schafft so eine romantische und \u00e4therische Silhouette, die perfekt f\u00fcr die Braut ist, die nach einem zeitlosen und doch skurrilen Look sucht. Ein Illusionskorsett am R\u00fccken und ein Schlitz am vorderen Teil des Rocks sorgen f\u00fcr einen subtilen, sexy Touch und einen unvergesslichen Brautlook.","og_url":"https:\/\/www.koonings.com\/de\/product\/enzoani-love-collection-dream\/","og_site_name":"Koonings","article_publisher":"https:\/\/www.facebook.com\/kooningstheweddingpalace","og_image":[{"width":1035,"height":1380,"url":"https:\/\/www.koonings.com\/wp-content\/uploads\/2024\/11\/41235_01b098f3aec3f963a0792ea87fafffacc93dd7399edb6ee257640ebb10dcc861d420ca8c.jpeg","type":"image\/jpeg"}],"twitter_card":"summary_large_image","schema":{"@context":"https:\/\/schema.org","@graph":[{"@type":"WebPage","@id":"https:\/\/www.koonings.com\/de\/product\/enzoani-love-collection-dream\/","url":"https:\/\/www.koonings.com\/de\/product\/enzoani-love-collection-dream\/","name":"Enzoani Love Collection Dream | Koonings","isPartOf":{"@id":"https:\/\/www.koonings.com\/de\/#website"},"primaryImageOfPage":{"@id":"https:\/\/www.koonings.com\/de\/product\/enzoani-love-collection-dream\/#primaryimage"},"image":{"@id":"https:\/\/www.koonings.com\/de\/product\/enzoani-love-collection-dream\/#primaryimage"},"thumbnailUrl":"https:\/\/www.koonings.com\/wp-content\/uploads\/2024\/11\/41235_01b098f3aec3f963a0792ea87fafffacc93dd7399edb6ee257640ebb10dcc861d420ca8c.jpeg","datePublished":"2026-04-28T16:26:40+00:00","description":"Das Kleid DREAM wird seinem Namen zweifellos gerecht! Mit einem bezaubernden tr\u00e4gerlosen Mieder, das mit wundersch\u00f6nen 3D-gestickten Mikado-Blumenapplikationen und Chantilly-Spitze verziert ist, geht dieses A-Linien-Hochzeitskleid in Lagen aus weichem T\u00fcll \u00fcber und schafft so eine romantische und \u00e4therische Silhouette, die perfekt f\u00fcr die Braut ist, die nach einem zeitlosen und doch skurrilen Look sucht. Ein Illusionskorsett am R\u00fccken und ein Schlitz am vorderen Teil des Rocks sorgen f\u00fcr einen subtilen, sexy Touch und einen unvergesslichen Brautlook.","breadcrumb":{"@id":"https:\/\/www.koonings.com\/de\/product\/enzoani-love-collection-dream\/#breadcrumb"},"inLanguage":"de","potentialAction":[{"@type":"ReadAction","target":["https:\/\/www.koonings.com\/de\/product\/enzoani-love-collection-dream\/"]}]},{"@type":"ImageObject","inLanguage":"de","@id":"https:\/\/www.koonings.com\/de\/product\/enzoani-love-collection-dream\/#primaryimage","url":"https:\/\/www.koonings.com\/wp-content\/uploads\/2024\/11\/41235_01b098f3aec3f963a0792ea87fafffacc93dd7399edb6ee257640ebb10dcc861d420ca8c.jpeg","contentUrl":"https:\/\/www.koonings.com\/wp-content\/uploads\/2024\/11\/41235_01b098f3aec3f963a0792ea87fafffacc93dd7399edb6ee257640ebb10dcc861d420ca8c.jpeg","width":1035,"height":1380},{"@type":"BreadcrumbList","@id":"https:\/\/www.koonings.com\/de\/product\/enzoani-love-collection-dream\/#breadcrumb","itemListElement":[{"@type":"ListItem","position":1,"name":"Home","item":"https:\/\/www.koonings.com\/de\/"},{"@type":"ListItem","position":2,"name":"Enzoani Love Collection Dream"}]},{"@type":"WebSite","@id":"https:\/\/www.koonings.com\/de\/#website","url":"https:\/\/www.koonings.com\/de\/","name":"Koonings","description":"De grootste bruidsmodewinkel ter wereld","publisher":{"@id":"https:\/\/www.koonings.com\/de\/#organization"},"potentialAction":[{"@type":"SearchAction","target":{"@type":"EntryPoint","urlTemplate":"https:\/\/www.koonings.com\/de\/?s={search_term_string}"},"query-input":{"@type":"PropertyValueSpecification","valueRequired":true,"valueName":"search_term_string"}}],"inLanguage":"de"},{"@type":"Organization","@id":"https:\/\/www.koonings.com\/de\/#organization","name":"Koonings","url":"https:\/\/www.koonings.com\/de\/","logo":{"@type":"ImageObject","inLanguage":"de","@id":"https:\/\/www.koonings.com\/de\/#\/schema\/logo\/image\/","url":"https:\/\/www.koonings.com\/wp-content\/uploads\/2024\/07\/logo.png","contentUrl":"https:\/\/www.koonings.com\/wp-content\/uploads\/2024\/07\/logo.png","width":600,"height":428,"caption":"Koonings"},"image":{"@id":"https:\/\/www.koonings.com\/de\/#\/schema\/logo\/image\/"},"sameAs":["https:\/\/www.facebook.com\/kooningstheweddingpalace","https:\/\/www.instagram.com\/kooningstheweddingpalace","https:\/\/www.pinterest.com\/koonings","https:\/\/www.youtube.com\/kooningstheweddingpalace"]}]}},"_links":{"self":[{"href":"https:\/\/www.koonings.com\/de\/wp-json\/wp\/v2\/product\/79101","targetHints":{"allow":["GET"]}}],"collection":[{"href":"https:\/\/www.koonings.com\/de\/wp-json\/wp\/v2\/product"}],"about":[{"href":"https:\/\/www.koonings.com\/de\/wp-json\/wp\/v2\/types\/product"}],"wp:featuredmedia":[{"embeddable":true,"href":"https:\/\/www.koonings.com\/de\/wp-json\/wp\/v2\/media\/68129"}],"wp:attachment":[{"href":"https:\/\/www.koonings.com\/de\/wp-json\/wp\/v2\/media?parent=79101"}],"wp:term":[{"taxonomy":"productdetails","embeddable":true,"href":"https:\/\/www.koonings.com\/de\/wp-json\/wp\/v2\/productdetails?post=79101"},{"taxonomy":"productneck","embeddable":true,"href":"https:\/\/www.koonings.com\/de\/wp-json\/wp\/v2\/productneck?post=79101"},{"taxonomy":"productcolor","embeddable":true,"href":"https:\/\/www.koonings.com\/de\/wp-json\/wp\/v2\/productcolor?post=79101"},{"taxonomy":"maat","embeddable":true,"href":"https:\/\/www.koonings.com\/de\/wp-json\/wp\/v2\/maat?post=79101"},{"taxonomy":"productsupplier","embeddable":true,"href":"https:\/\/www.koonings.com\/de\/wp-json\/wp\/v2\/productsupplier?post=79101"},{"taxonomy":"productsleeve","embeddable":true,"href":"https:\/\/www.koonings.com\/de\/wp-json\/wp\/v2\/productsleeve?post=79101"},{"taxonomy":"productcategory","embeddable":true,"href":"https:\/\/www.koonings.com\/de\/wp-json\/wp\/v2\/productcategory?post=79101"},{"taxonomy":"productsilhouette","embeddable":true,"href":"https:\/\/www.koonings.com\/de\/wp-json\/wp\/v2\/productsilhouette?post=79101"},{"taxonomy":"productstyle","embeddable":true,"href":"https:\/\/www.koonings.com\/de\/wp-json\/wp\/v2\/productstyle?post=79101"}],"curies":[{"name":"wp","href":"https:\/\/api.w.org\/{rel}","templated":true}]}}