{"id":79083,"date":"2026-05-16T20:38:38","date_gmt":"2026-05-16T18:38:38","guid":{"rendered":"https:\/\/www.koonings.com\/product\/enzoani-love-collection-claire-2\/"},"modified":"2025-06-05T13:39:56","modified_gmt":"2025-06-05T11:39:56","slug":"enzoani-love-collection-claire-2","status":"publish","type":"product","link":"https:\/\/www.koonings.com\/de\/product\/enzoani-love-collection-claire-2\/","title":{"rendered":"Enzoani Love Collection Claire"},"content":{"rendered":"<p>CLAIRE versetzt uns in Trance und ist perfekt f\u00fcr unsere vertr\u00e4umten Romantiker. Diese \u00e4therische A-Linien-Sch\u00f6nheit verf\u00fcgt \u00fcber einen tiefen herzf\u00f6rmigen Ausschnitt mit aufwendigen 3D-Blumenmustern und bestickter Spitze auf glitzerndem Glitzert\u00fcllstoff. Die romantischen sichtbaren Korsettst\u00e4bchen, die seitlichen Illusionsausschnitte und die schulterfreien T\u00fclltr\u00e4ger sorgen f\u00fcr einen bezaubernden Brautlook. Die h\u00fcbsche Spitze ist sorgf\u00e4ltig entlang des korsettartigen R\u00fcckens und des Gucklochs platziert und geht in einen weichen, glitzernden T\u00fcllrock \u00fcber.   <\/p>\n","protected":false},"featured_media":68288,"template":"","meta":{"_acf_changed":false,"ghostkit_customizer_options":"","ghostkit_custom_css":"","ghostkit_custom_js_head":"","ghostkit_custom_js_foot":"","ghostkit_typography":""},"productdetails":[376,378,381],"productneck":[354,355],"productcolor":[393,392],"maat":[],"productsupplier":[475],"productsleeve":[],"productcategory":[18],"productsilhouette":[384],"productstyle":[366,370],"class_list":["post-79083","product","type-product","status-publish","has-post-thumbnail","hentry","productdetails-376","productdetails-378","productdetails-381","productneck-354","productneck-355","productcolor-393","productcolor-392","productsupplier-enzoani-love-collection","productcategory-trouwjurken","productsilhouette-384","productstyle-366","productstyle-370"],"acf":[],"yoast_head":"<!-- This site is optimized with the Yoast SEO plugin v27.3 - https:\/\/yoast.com\/product\/yoast-seo-wordpress\/ -->\n<title>Enzoani Love Collection Claire | Koonings<\/title>\n<meta name=\"description\" content=\"CLAIRE versetzt uns in Trance und ist perfekt f\u00fcr unsere vertr\u00e4umten Romantiker. Diese \u00e4therische A-Linien-Sch\u00f6nheit verf\u00fcgt \u00fcber einen tiefen herzf\u00f6rmigen Ausschnitt mit aufwendigen 3D-Blumenmustern und bestickter Spitze auf glitzerndem Glitzert\u00fcllstoff. Die romantischen sichtbaren Korsettst\u00e4bchen, die seitlichen Illusionsausschnitte und die schulterfreien T\u00fclltr\u00e4ger sorgen f\u00fcr einen bezaubernden Brautlook. Die h\u00fcbsche Spitze ist sorgf\u00e4ltig entlang des korsettartigen R\u00fcckens und des Gucklochs platziert und geht in einen weichen, glitzernden T\u00fcllrock \u00fcber.\" \/>\n<meta name=\"robots\" content=\"index, follow, max-snippet:-1, max-image-preview:large, max-video-preview:-1\" \/>\n<link rel=\"canonical\" href=\"https:\/\/www.koonings.com\/de\/product\/enzoani-love-collection-claire-2\/\" \/>\n<meta property=\"og:locale\" content=\"de_DE\" \/>\n<meta property=\"og:type\" content=\"article\" \/>\n<meta property=\"og:title\" content=\"Enzoani Love Collection Claire | Koonings\" \/>\n<meta property=\"og:description\" content=\"CLAIRE versetzt uns in Trance und ist perfekt f\u00fcr unsere vertr\u00e4umten Romantiker. Diese \u00e4therische A-Linien-Sch\u00f6nheit verf\u00fcgt \u00fcber einen tiefen herzf\u00f6rmigen Ausschnitt mit aufwendigen 3D-Blumenmustern und bestickter Spitze auf glitzerndem Glitzert\u00fcllstoff. Die romantischen sichtbaren Korsettst\u00e4bchen, die seitlichen Illusionsausschnitte und die schulterfreien T\u00fclltr\u00e4ger sorgen f\u00fcr einen bezaubernden Brautlook. Die h\u00fcbsche Spitze ist sorgf\u00e4ltig entlang des korsettartigen R\u00fcckens und des Gucklochs platziert und geht in einen weichen, glitzernden T\u00fcllrock \u00fcber.\" \/>\n<meta property=\"og:url\" content=\"https:\/\/www.koonings.com\/de\/product\/enzoani-love-collection-claire-2\/\" \/>\n<meta property=\"og:site_name\" content=\"Koonings\" \/>\n<meta property=\"article:publisher\" content=\"https:\/\/www.facebook.com\/kooningstheweddingpalace\" \/>\n<meta property=\"og:image\" content=\"https:\/\/www.koonings.com\/wp-content\/uploads\/2024\/11\/49054_64b55025af8420b20cc74d97fa6f7e5205db2777c9c140a6ecde3a8246fe73da7066769e.jpeg\" \/>\n\t<meta property=\"og:image:width\" content=\"1064\" \/>\n\t<meta property=\"og:image:height\" content=\"1418\" \/>\n\t<meta property=\"og:image:type\" content=\"image\/jpeg\" \/>\n<meta name=\"twitter:card\" content=\"summary_large_image\" \/>\n<script type=\"application\/ld+json\" class=\"yoast-schema-graph\">{\"@context\":\"https:\\\/\\\/schema.org\",\"@graph\":[{\"@type\":\"WebPage\",\"@id\":\"https:\\\/\\\/www.koonings.com\\\/de\\\/product\\\/enzoani-love-collection-claire-2\\\/\",\"url\":\"https:\\\/\\\/www.koonings.com\\\/de\\\/product\\\/enzoani-love-collection-claire-2\\\/\",\"name\":\"Enzoani Love Collection Claire | Koonings\",\"isPartOf\":{\"@id\":\"https:\\\/\\\/www.koonings.com\\\/de\\\/#website\"},\"primaryImageOfPage\":{\"@id\":\"https:\\\/\\\/www.koonings.com\\\/de\\\/product\\\/enzoani-love-collection-claire-2\\\/#primaryimage\"},\"image\":{\"@id\":\"https:\\\/\\\/www.koonings.com\\\/de\\\/product\\\/enzoani-love-collection-claire-2\\\/#primaryimage\"},\"thumbnailUrl\":\"https:\\\/\\\/www.koonings.com\\\/wp-content\\\/uploads\\\/2024\\\/11\\\/49054_64b55025af8420b20cc74d97fa6f7e5205db2777c9c140a6ecde3a8246fe73da7066769e.jpeg\",\"datePublished\":\"2026-05-16T18:38:38+00:00\",\"description\":\"CLAIRE versetzt uns in Trance und ist perfekt f\u00fcr unsere vertr\u00e4umten Romantiker. Diese \u00e4therische A-Linien-Sch\u00f6nheit verf\u00fcgt \u00fcber einen tiefen herzf\u00f6rmigen Ausschnitt mit aufwendigen 3D-Blumenmustern und bestickter Spitze auf glitzerndem Glitzert\u00fcllstoff. Die romantischen sichtbaren Korsettst\u00e4bchen, die seitlichen Illusionsausschnitte und die schulterfreien T\u00fclltr\u00e4ger sorgen f\u00fcr einen bezaubernden Brautlook. Die h\u00fcbsche Spitze ist sorgf\u00e4ltig entlang des korsettartigen R\u00fcckens und des Gucklochs platziert und geht in einen weichen, glitzernden T\u00fcllrock \u00fcber.\",\"breadcrumb\":{\"@id\":\"https:\\\/\\\/www.koonings.com\\\/de\\\/product\\\/enzoani-love-collection-claire-2\\\/#breadcrumb\"},\"inLanguage\":\"de\",\"potentialAction\":[{\"@type\":\"ReadAction\",\"target\":[\"https:\\\/\\\/www.koonings.com\\\/de\\\/product\\\/enzoani-love-collection-claire-2\\\/\"]}]},{\"@type\":\"ImageObject\",\"inLanguage\":\"de\",\"@id\":\"https:\\\/\\\/www.koonings.com\\\/de\\\/product\\\/enzoani-love-collection-claire-2\\\/#primaryimage\",\"url\":\"https:\\\/\\\/www.koonings.com\\\/wp-content\\\/uploads\\\/2024\\\/11\\\/49054_64b55025af8420b20cc74d97fa6f7e5205db2777c9c140a6ecde3a8246fe73da7066769e.jpeg\",\"contentUrl\":\"https:\\\/\\\/www.koonings.com\\\/wp-content\\\/uploads\\\/2024\\\/11\\\/49054_64b55025af8420b20cc74d97fa6f7e5205db2777c9c140a6ecde3a8246fe73da7066769e.jpeg\",\"width\":1064,\"height\":1418},{\"@type\":\"BreadcrumbList\",\"@id\":\"https:\\\/\\\/www.koonings.com\\\/de\\\/product\\\/enzoani-love-collection-claire-2\\\/#breadcrumb\",\"itemListElement\":[{\"@type\":\"ListItem\",\"position\":1,\"name\":\"Home\",\"item\":\"https:\\\/\\\/www.koonings.com\\\/de\\\/\"},{\"@type\":\"ListItem\",\"position\":2,\"name\":\"Enzoani Love Collection Claire\"}]},{\"@type\":\"WebSite\",\"@id\":\"https:\\\/\\\/www.koonings.com\\\/de\\\/#website\",\"url\":\"https:\\\/\\\/www.koonings.com\\\/de\\\/\",\"name\":\"Koonings\",\"description\":\"De grootste bruidsmodewinkel ter wereld\",\"publisher\":{\"@id\":\"https:\\\/\\\/www.koonings.com\\\/de\\\/#organization\"},\"potentialAction\":[{\"@type\":\"SearchAction\",\"target\":{\"@type\":\"EntryPoint\",\"urlTemplate\":\"https:\\\/\\\/www.koonings.com\\\/de\\\/?s={search_term_string}\"},\"query-input\":{\"@type\":\"PropertyValueSpecification\",\"valueRequired\":true,\"valueName\":\"search_term_string\"}}],\"inLanguage\":\"de\"},{\"@type\":\"Organization\",\"@id\":\"https:\\\/\\\/www.koonings.com\\\/de\\\/#organization\",\"name\":\"Koonings\",\"url\":\"https:\\\/\\\/www.koonings.com\\\/de\\\/\",\"logo\":{\"@type\":\"ImageObject\",\"inLanguage\":\"de\",\"@id\":\"https:\\\/\\\/www.koonings.com\\\/de\\\/#\\\/schema\\\/logo\\\/image\\\/\",\"url\":\"https:\\\/\\\/www.koonings.com\\\/wp-content\\\/uploads\\\/2024\\\/07\\\/logo.png\",\"contentUrl\":\"https:\\\/\\\/www.koonings.com\\\/wp-content\\\/uploads\\\/2024\\\/07\\\/logo.png\",\"width\":600,\"height\":428,\"caption\":\"Koonings\"},\"image\":{\"@id\":\"https:\\\/\\\/www.koonings.com\\\/de\\\/#\\\/schema\\\/logo\\\/image\\\/\"},\"sameAs\":[\"https:\\\/\\\/www.facebook.com\\\/kooningstheweddingpalace\",\"https:\\\/\\\/www.instagram.com\\\/kooningstheweddingpalace\",\"https:\\\/\\\/www.pinterest.com\\\/koonings\",\"https:\\\/\\\/www.youtube.com\\\/kooningstheweddingpalace\"]}]}<\/script>\n<!-- \/ Yoast SEO plugin. -->","yoast_head_json":{"title":"Enzoani Love Collection Claire | Koonings","description":"CLAIRE versetzt uns in Trance und ist perfekt f\u00fcr unsere vertr\u00e4umten Romantiker. Diese \u00e4therische A-Linien-Sch\u00f6nheit verf\u00fcgt \u00fcber einen tiefen herzf\u00f6rmigen Ausschnitt mit aufwendigen 3D-Blumenmustern und bestickter Spitze auf glitzerndem Glitzert\u00fcllstoff. Die romantischen sichtbaren Korsettst\u00e4bchen, die seitlichen Illusionsausschnitte und die schulterfreien T\u00fclltr\u00e4ger sorgen f\u00fcr einen bezaubernden Brautlook. Die h\u00fcbsche Spitze ist sorgf\u00e4ltig entlang des korsettartigen R\u00fcckens und des Gucklochs platziert und geht in einen weichen, glitzernden T\u00fcllrock \u00fcber.","robots":{"index":"index","follow":"follow","max-snippet":"max-snippet:-1","max-image-preview":"max-image-preview:large","max-video-preview":"max-video-preview:-1"},"canonical":"https:\/\/www.koonings.com\/de\/product\/enzoani-love-collection-claire-2\/","og_locale":"de_DE","og_type":"article","og_title":"Enzoani Love Collection Claire | Koonings","og_description":"CLAIRE versetzt uns in Trance und ist perfekt f\u00fcr unsere vertr\u00e4umten Romantiker. Diese \u00e4therische A-Linien-Sch\u00f6nheit verf\u00fcgt \u00fcber einen tiefen herzf\u00f6rmigen Ausschnitt mit aufwendigen 3D-Blumenmustern und bestickter Spitze auf glitzerndem Glitzert\u00fcllstoff. Die romantischen sichtbaren Korsettst\u00e4bchen, die seitlichen Illusionsausschnitte und die schulterfreien T\u00fclltr\u00e4ger sorgen f\u00fcr einen bezaubernden Brautlook. Die h\u00fcbsche Spitze ist sorgf\u00e4ltig entlang des korsettartigen R\u00fcckens und des Gucklochs platziert und geht in einen weichen, glitzernden T\u00fcllrock \u00fcber.","og_url":"https:\/\/www.koonings.com\/de\/product\/enzoani-love-collection-claire-2\/","og_site_name":"Koonings","article_publisher":"https:\/\/www.facebook.com\/kooningstheweddingpalace","og_image":[{"width":1064,"height":1418,"url":"https:\/\/www.koonings.com\/wp-content\/uploads\/2024\/11\/49054_64b55025af8420b20cc74d97fa6f7e5205db2777c9c140a6ecde3a8246fe73da7066769e.jpeg","type":"image\/jpeg"}],"twitter_card":"summary_large_image","schema":{"@context":"https:\/\/schema.org","@graph":[{"@type":"WebPage","@id":"https:\/\/www.koonings.com\/de\/product\/enzoani-love-collection-claire-2\/","url":"https:\/\/www.koonings.com\/de\/product\/enzoani-love-collection-claire-2\/","name":"Enzoani Love Collection Claire | Koonings","isPartOf":{"@id":"https:\/\/www.koonings.com\/de\/#website"},"primaryImageOfPage":{"@id":"https:\/\/www.koonings.com\/de\/product\/enzoani-love-collection-claire-2\/#primaryimage"},"image":{"@id":"https:\/\/www.koonings.com\/de\/product\/enzoani-love-collection-claire-2\/#primaryimage"},"thumbnailUrl":"https:\/\/www.koonings.com\/wp-content\/uploads\/2024\/11\/49054_64b55025af8420b20cc74d97fa6f7e5205db2777c9c140a6ecde3a8246fe73da7066769e.jpeg","datePublished":"2026-05-16T18:38:38+00:00","description":"CLAIRE versetzt uns in Trance und ist perfekt f\u00fcr unsere vertr\u00e4umten Romantiker. Diese \u00e4therische A-Linien-Sch\u00f6nheit verf\u00fcgt \u00fcber einen tiefen herzf\u00f6rmigen Ausschnitt mit aufwendigen 3D-Blumenmustern und bestickter Spitze auf glitzerndem Glitzert\u00fcllstoff. Die romantischen sichtbaren Korsettst\u00e4bchen, die seitlichen Illusionsausschnitte und die schulterfreien T\u00fclltr\u00e4ger sorgen f\u00fcr einen bezaubernden Brautlook. Die h\u00fcbsche Spitze ist sorgf\u00e4ltig entlang des korsettartigen R\u00fcckens und des Gucklochs platziert und geht in einen weichen, glitzernden T\u00fcllrock \u00fcber.","breadcrumb":{"@id":"https:\/\/www.koonings.com\/de\/product\/enzoani-love-collection-claire-2\/#breadcrumb"},"inLanguage":"de","potentialAction":[{"@type":"ReadAction","target":["https:\/\/www.koonings.com\/de\/product\/enzoani-love-collection-claire-2\/"]}]},{"@type":"ImageObject","inLanguage":"de","@id":"https:\/\/www.koonings.com\/de\/product\/enzoani-love-collection-claire-2\/#primaryimage","url":"https:\/\/www.koonings.com\/wp-content\/uploads\/2024\/11\/49054_64b55025af8420b20cc74d97fa6f7e5205db2777c9c140a6ecde3a8246fe73da7066769e.jpeg","contentUrl":"https:\/\/www.koonings.com\/wp-content\/uploads\/2024\/11\/49054_64b55025af8420b20cc74d97fa6f7e5205db2777c9c140a6ecde3a8246fe73da7066769e.jpeg","width":1064,"height":1418},{"@type":"BreadcrumbList","@id":"https:\/\/www.koonings.com\/de\/product\/enzoani-love-collection-claire-2\/#breadcrumb","itemListElement":[{"@type":"ListItem","position":1,"name":"Home","item":"https:\/\/www.koonings.com\/de\/"},{"@type":"ListItem","position":2,"name":"Enzoani Love Collection Claire"}]},{"@type":"WebSite","@id":"https:\/\/www.koonings.com\/de\/#website","url":"https:\/\/www.koonings.com\/de\/","name":"Koonings","description":"De grootste bruidsmodewinkel ter wereld","publisher":{"@id":"https:\/\/www.koonings.com\/de\/#organization"},"potentialAction":[{"@type":"SearchAction","target":{"@type":"EntryPoint","urlTemplate":"https:\/\/www.koonings.com\/de\/?s={search_term_string}"},"query-input":{"@type":"PropertyValueSpecification","valueRequired":true,"valueName":"search_term_string"}}],"inLanguage":"de"},{"@type":"Organization","@id":"https:\/\/www.koonings.com\/de\/#organization","name":"Koonings","url":"https:\/\/www.koonings.com\/de\/","logo":{"@type":"ImageObject","inLanguage":"de","@id":"https:\/\/www.koonings.com\/de\/#\/schema\/logo\/image\/","url":"https:\/\/www.koonings.com\/wp-content\/uploads\/2024\/07\/logo.png","contentUrl":"https:\/\/www.koonings.com\/wp-content\/uploads\/2024\/07\/logo.png","width":600,"height":428,"caption":"Koonings"},"image":{"@id":"https:\/\/www.koonings.com\/de\/#\/schema\/logo\/image\/"},"sameAs":["https:\/\/www.facebook.com\/kooningstheweddingpalace","https:\/\/www.instagram.com\/kooningstheweddingpalace","https:\/\/www.pinterest.com\/koonings","https:\/\/www.youtube.com\/kooningstheweddingpalace"]}]}},"_links":{"self":[{"href":"https:\/\/www.koonings.com\/de\/wp-json\/wp\/v2\/product\/79083","targetHints":{"allow":["GET"]}}],"collection":[{"href":"https:\/\/www.koonings.com\/de\/wp-json\/wp\/v2\/product"}],"about":[{"href":"https:\/\/www.koonings.com\/de\/wp-json\/wp\/v2\/types\/product"}],"wp:featuredmedia":[{"embeddable":true,"href":"https:\/\/www.koonings.com\/de\/wp-json\/wp\/v2\/media\/68288"}],"wp:attachment":[{"href":"https:\/\/www.koonings.com\/de\/wp-json\/wp\/v2\/media?parent=79083"}],"wp:term":[{"taxonomy":"productdetails","embeddable":true,"href":"https:\/\/www.koonings.com\/de\/wp-json\/wp\/v2\/productdetails?post=79083"},{"taxonomy":"productneck","embeddable":true,"href":"https:\/\/www.koonings.com\/de\/wp-json\/wp\/v2\/productneck?post=79083"},{"taxonomy":"productcolor","embeddable":true,"href":"https:\/\/www.koonings.com\/de\/wp-json\/wp\/v2\/productcolor?post=79083"},{"taxonomy":"maat","embeddable":true,"href":"https:\/\/www.koonings.com\/de\/wp-json\/wp\/v2\/maat?post=79083"},{"taxonomy":"productsupplier","embeddable":true,"href":"https:\/\/www.koonings.com\/de\/wp-json\/wp\/v2\/productsupplier?post=79083"},{"taxonomy":"productsleeve","embeddable":true,"href":"https:\/\/www.koonings.com\/de\/wp-json\/wp\/v2\/productsleeve?post=79083"},{"taxonomy":"productcategory","embeddable":true,"href":"https:\/\/www.koonings.com\/de\/wp-json\/wp\/v2\/productcategory?post=79083"},{"taxonomy":"productsilhouette","embeddable":true,"href":"https:\/\/www.koonings.com\/de\/wp-json\/wp\/v2\/productsilhouette?post=79083"},{"taxonomy":"productstyle","embeddable":true,"href":"https:\/\/www.koonings.com\/de\/wp-json\/wp\/v2\/productstyle?post=79083"}],"curies":[{"name":"wp","href":"https:\/\/api.w.org\/{rel}","templated":true}]}}