{"id":79060,"date":"2025-12-15T00:28:17","date_gmt":"2025-12-14T23:28:17","guid":{"rendered":"https:\/\/www.koonings.com\/product\/essense-of-australia-d3941zz11\/"},"modified":"2026-02-03T19:50:51","modified_gmt":"2026-02-03T18:50:51","slug":"essense-of-australia-d3941zz11","status":"publish","type":"product","link":"https:\/\/www.koonings.com\/de\/product\/essense-of-australia-d3941zz11\/","title":{"rendered":"Essenz von Australien D3941ZZ11"},"content":{"rendered":"<p>Stil D3941 ist sowohl raffiniert als auch gewagt und l\u00e4sst die moderne Braut ihre innere Fashionista zum Ausdruck bringen. Ein tr\u00e4gerloses, drapiertes Mieder umh\u00fcllt die Figur in einer vom Designer entworfenen Passform, bevor es in einen vollen, volumin\u00f6sen Ballkleidrock mit hohem Beinschlitz \u00fcbergeht. Hochgl\u00e4nzender Organza-Stoff f\u00e4ngt bei jeder Bewegung das Licht ein und verleiht dem verf\u00fchrerischen, durchsichtigen Mieder und Rock eine pr\u00e4chtige Note. Dieses klassische Ballkleid strahlt in jedem Detail modernen Glamour aus und verwandelt sich in einen atemberaubenden, unvergleichlichen Look, den Sie nie vergessen werden. Dieses Kleid ist auch in Elfenbein, Silberfolie und gro\u00dfen Gr\u00f6\u00dfen erh\u00e4ltlich.    <\/p>\n","protected":false},"featured_media":68394,"template":"","meta":{"_acf_changed":false,"ghostkit_customizer_options":"","ghostkit_custom_css":"","ghostkit_custom_js_head":"","ghostkit_custom_js_foot":"","ghostkit_typography":""},"productdetails":[378],"productneck":[354,355],"productcolor":[392],"maat":[],"productsupplier":[444],"productsleeve":[],"productcategory":[18],"productsilhouette":[384,388,389],"productstyle":[365,366,370],"class_list":["post-79060","product","type-product","status-publish","has-post-thumbnail","hentry","productdetails-378","productneck-354","productneck-355","productcolor-392","productsupplier-essense-of-australia","productcategory-trouwjurken","productsilhouette-384","productsilhouette-388","productsilhouette-389","productstyle-365","productstyle-366","productstyle-370"],"acf":[],"yoast_head":"<!-- This site is optimized with the Yoast SEO plugin v27.3 - https:\/\/yoast.com\/product\/yoast-seo-wordpress\/ -->\n<title>Essenz von Australien D3941ZZ11 | Koonings<\/title>\n<meta name=\"description\" content=\"Stil D3941 ist sowohl raffiniert als auch gewagt und l\u00e4sst die moderne Braut ihre innere Fashionista zum Ausdruck bringen. Ein tr\u00e4gerloses, drapiertes Mieder umh\u00fcllt die Figur in einer vom Designer entworfenen Passform, bevor es in einen vollen, volumin\u00f6sen Ballkleidrock mit hohem Beinschlitz \u00fcbergeht. Hochgl\u00e4nzender Organza-Stoff f\u00e4ngt bei jeder Bewegung das Licht ein und verleiht dem verf\u00fchrerischen, durchsichtigen Mieder und Rock eine pr\u00e4chtige Note. Dieses klassische Ballkleid strahlt in jedem Detail modernen Glamour aus und verwandelt sich in einen atemberaubenden, unvergleichlichen Look, den Sie nie vergessen werden. Dieses Kleid ist auch in Elfenbein, Silberfolie und gro\u00dfen Gr\u00f6\u00dfen erh\u00e4ltlich.\" \/>\n<meta name=\"robots\" content=\"index, follow, max-snippet:-1, max-image-preview:large, max-video-preview:-1\" \/>\n<link rel=\"canonical\" href=\"https:\/\/www.koonings.com\/de\/product\/essense-of-australia-d3941zz11\/\" \/>\n<meta property=\"og:locale\" content=\"de_DE\" \/>\n<meta property=\"og:type\" content=\"article\" \/>\n<meta property=\"og:title\" content=\"Essenz von Australien D3941ZZ11 | Koonings\" \/>\n<meta property=\"og:description\" content=\"Stil D3941 ist sowohl raffiniert als auch gewagt und l\u00e4sst die moderne Braut ihre innere Fashionista zum Ausdruck bringen. Ein tr\u00e4gerloses, drapiertes Mieder umh\u00fcllt die Figur in einer vom Designer entworfenen Passform, bevor es in einen vollen, volumin\u00f6sen Ballkleidrock mit hohem Beinschlitz \u00fcbergeht. Hochgl\u00e4nzender Organza-Stoff f\u00e4ngt bei jeder Bewegung das Licht ein und verleiht dem verf\u00fchrerischen, durchsichtigen Mieder und Rock eine pr\u00e4chtige Note. Dieses klassische Ballkleid strahlt in jedem Detail modernen Glamour aus und verwandelt sich in einen atemberaubenden, unvergleichlichen Look, den Sie nie vergessen werden. Dieses Kleid ist auch in Elfenbein, Silberfolie und gro\u00dfen Gr\u00f6\u00dfen erh\u00e4ltlich.\" \/>\n<meta property=\"og:url\" content=\"https:\/\/www.koonings.com\/de\/product\/essense-of-australia-d3941zz11\/\" \/>\n<meta property=\"og:site_name\" content=\"Koonings\" \/>\n<meta property=\"article:publisher\" content=\"https:\/\/www.facebook.com\/kooningstheweddingpalace\" \/>\n<meta property=\"article:modified_time\" content=\"2026-02-03T18:50:51+00:00\" \/>\n<meta property=\"og:image\" content=\"https:\/\/www.koonings.com\/wp-content\/uploads\/2024\/11\/40068_02b507cb6ecc20f76d650f3c48db1ff6495f91eb32f357689808b7e2bc0618457b0bddd8.jpeg\" \/>\n\t<meta property=\"og:image:width\" content=\"1451\" \/>\n\t<meta property=\"og:image:height\" content=\"2054\" \/>\n\t<meta property=\"og:image:type\" content=\"image\/jpeg\" \/>\n<meta name=\"twitter:card\" content=\"summary_large_image\" \/>\n<meta name=\"twitter:label1\" content=\"Gesch\u00e4tzte Lesezeit\" \/>\n\t<meta name=\"twitter:data1\" content=\"1\u00a0Minute\" \/>\n<script type=\"application\/ld+json\" class=\"yoast-schema-graph\">{\"@context\":\"https:\\\/\\\/schema.org\",\"@graph\":[{\"@type\":\"WebPage\",\"@id\":\"https:\\\/\\\/www.koonings.com\\\/de\\\/product\\\/essense-of-australia-d3941zz11\\\/\",\"url\":\"https:\\\/\\\/www.koonings.com\\\/de\\\/product\\\/essense-of-australia-d3941zz11\\\/\",\"name\":\"Essenz von Australien D3941ZZ11 | Koonings\",\"isPartOf\":{\"@id\":\"https:\\\/\\\/www.koonings.com\\\/de\\\/#website\"},\"primaryImageOfPage\":{\"@id\":\"https:\\\/\\\/www.koonings.com\\\/de\\\/product\\\/essense-of-australia-d3941zz11\\\/#primaryimage\"},\"image\":{\"@id\":\"https:\\\/\\\/www.koonings.com\\\/de\\\/product\\\/essense-of-australia-d3941zz11\\\/#primaryimage\"},\"thumbnailUrl\":\"https:\\\/\\\/www.koonings.com\\\/wp-content\\\/uploads\\\/2024\\\/11\\\/40068_02b507cb6ecc20f76d650f3c48db1ff6495f91eb32f357689808b7e2bc0618457b0bddd8.jpeg\",\"datePublished\":\"2025-12-14T23:28:17+00:00\",\"dateModified\":\"2026-02-03T18:50:51+00:00\",\"description\":\"Stil D3941 ist sowohl raffiniert als auch gewagt und l\u00e4sst die moderne Braut ihre innere Fashionista zum Ausdruck bringen. Ein tr\u00e4gerloses, drapiertes Mieder umh\u00fcllt die Figur in einer vom Designer entworfenen Passform, bevor es in einen vollen, volumin\u00f6sen Ballkleidrock mit hohem Beinschlitz \u00fcbergeht. Hochgl\u00e4nzender Organza-Stoff f\u00e4ngt bei jeder Bewegung das Licht ein und verleiht dem verf\u00fchrerischen, durchsichtigen Mieder und Rock eine pr\u00e4chtige Note. Dieses klassische Ballkleid strahlt in jedem Detail modernen Glamour aus und verwandelt sich in einen atemberaubenden, unvergleichlichen Look, den Sie nie vergessen werden. Dieses Kleid ist auch in Elfenbein, Silberfolie und gro\u00dfen Gr\u00f6\u00dfen erh\u00e4ltlich.\",\"breadcrumb\":{\"@id\":\"https:\\\/\\\/www.koonings.com\\\/de\\\/product\\\/essense-of-australia-d3941zz11\\\/#breadcrumb\"},\"inLanguage\":\"de\",\"potentialAction\":[{\"@type\":\"ReadAction\",\"target\":[\"https:\\\/\\\/www.koonings.com\\\/de\\\/product\\\/essense-of-australia-d3941zz11\\\/\"]}]},{\"@type\":\"ImageObject\",\"inLanguage\":\"de\",\"@id\":\"https:\\\/\\\/www.koonings.com\\\/de\\\/product\\\/essense-of-australia-d3941zz11\\\/#primaryimage\",\"url\":\"https:\\\/\\\/www.koonings.com\\\/wp-content\\\/uploads\\\/2024\\\/11\\\/40068_02b507cb6ecc20f76d650f3c48db1ff6495f91eb32f357689808b7e2bc0618457b0bddd8.jpeg\",\"contentUrl\":\"https:\\\/\\\/www.koonings.com\\\/wp-content\\\/uploads\\\/2024\\\/11\\\/40068_02b507cb6ecc20f76d650f3c48db1ff6495f91eb32f357689808b7e2bc0618457b0bddd8.jpeg\",\"width\":1451,\"height\":2054},{\"@type\":\"BreadcrumbList\",\"@id\":\"https:\\\/\\\/www.koonings.com\\\/de\\\/product\\\/essense-of-australia-d3941zz11\\\/#breadcrumb\",\"itemListElement\":[{\"@type\":\"ListItem\",\"position\":1,\"name\":\"Home\",\"item\":\"https:\\\/\\\/www.koonings.com\\\/de\\\/\"},{\"@type\":\"ListItem\",\"position\":2,\"name\":\"Essenz von Australien D3941ZZ11\"}]},{\"@type\":\"WebSite\",\"@id\":\"https:\\\/\\\/www.koonings.com\\\/de\\\/#website\",\"url\":\"https:\\\/\\\/www.koonings.com\\\/de\\\/\",\"name\":\"Koonings\",\"description\":\"De grootste bruidsmodewinkel ter wereld\",\"publisher\":{\"@id\":\"https:\\\/\\\/www.koonings.com\\\/de\\\/#organization\"},\"potentialAction\":[{\"@type\":\"SearchAction\",\"target\":{\"@type\":\"EntryPoint\",\"urlTemplate\":\"https:\\\/\\\/www.koonings.com\\\/de\\\/?s={search_term_string}\"},\"query-input\":{\"@type\":\"PropertyValueSpecification\",\"valueRequired\":true,\"valueName\":\"search_term_string\"}}],\"inLanguage\":\"de\"},{\"@type\":\"Organization\",\"@id\":\"https:\\\/\\\/www.koonings.com\\\/de\\\/#organization\",\"name\":\"Koonings\",\"url\":\"https:\\\/\\\/www.koonings.com\\\/de\\\/\",\"logo\":{\"@type\":\"ImageObject\",\"inLanguage\":\"de\",\"@id\":\"https:\\\/\\\/www.koonings.com\\\/de\\\/#\\\/schema\\\/logo\\\/image\\\/\",\"url\":\"https:\\\/\\\/www.koonings.com\\\/wp-content\\\/uploads\\\/2024\\\/07\\\/logo.png\",\"contentUrl\":\"https:\\\/\\\/www.koonings.com\\\/wp-content\\\/uploads\\\/2024\\\/07\\\/logo.png\",\"width\":600,\"height\":428,\"caption\":\"Koonings\"},\"image\":{\"@id\":\"https:\\\/\\\/www.koonings.com\\\/de\\\/#\\\/schema\\\/logo\\\/image\\\/\"},\"sameAs\":[\"https:\\\/\\\/www.facebook.com\\\/kooningstheweddingpalace\",\"https:\\\/\\\/www.instagram.com\\\/kooningstheweddingpalace\",\"https:\\\/\\\/www.pinterest.com\\\/koonings\",\"https:\\\/\\\/www.youtube.com\\\/kooningstheweddingpalace\"]}]}<\/script>\n<!-- \/ Yoast SEO plugin. -->","yoast_head_json":{"title":"Essenz von Australien D3941ZZ11 | Koonings","description":"Stil D3941 ist sowohl raffiniert als auch gewagt und l\u00e4sst die moderne Braut ihre innere Fashionista zum Ausdruck bringen. Ein tr\u00e4gerloses, drapiertes Mieder umh\u00fcllt die Figur in einer vom Designer entworfenen Passform, bevor es in einen vollen, volumin\u00f6sen Ballkleidrock mit hohem Beinschlitz \u00fcbergeht. Hochgl\u00e4nzender Organza-Stoff f\u00e4ngt bei jeder Bewegung das Licht ein und verleiht dem verf\u00fchrerischen, durchsichtigen Mieder und Rock eine pr\u00e4chtige Note. Dieses klassische Ballkleid strahlt in jedem Detail modernen Glamour aus und verwandelt sich in einen atemberaubenden, unvergleichlichen Look, den Sie nie vergessen werden. Dieses Kleid ist auch in Elfenbein, Silberfolie und gro\u00dfen Gr\u00f6\u00dfen erh\u00e4ltlich.","robots":{"index":"index","follow":"follow","max-snippet":"max-snippet:-1","max-image-preview":"max-image-preview:large","max-video-preview":"max-video-preview:-1"},"canonical":"https:\/\/www.koonings.com\/de\/product\/essense-of-australia-d3941zz11\/","og_locale":"de_DE","og_type":"article","og_title":"Essenz von Australien D3941ZZ11 | Koonings","og_description":"Stil D3941 ist sowohl raffiniert als auch gewagt und l\u00e4sst die moderne Braut ihre innere Fashionista zum Ausdruck bringen. Ein tr\u00e4gerloses, drapiertes Mieder umh\u00fcllt die Figur in einer vom Designer entworfenen Passform, bevor es in einen vollen, volumin\u00f6sen Ballkleidrock mit hohem Beinschlitz \u00fcbergeht. Hochgl\u00e4nzender Organza-Stoff f\u00e4ngt bei jeder Bewegung das Licht ein und verleiht dem verf\u00fchrerischen, durchsichtigen Mieder und Rock eine pr\u00e4chtige Note. Dieses klassische Ballkleid strahlt in jedem Detail modernen Glamour aus und verwandelt sich in einen atemberaubenden, unvergleichlichen Look, den Sie nie vergessen werden. Dieses Kleid ist auch in Elfenbein, Silberfolie und gro\u00dfen Gr\u00f6\u00dfen erh\u00e4ltlich.","og_url":"https:\/\/www.koonings.com\/de\/product\/essense-of-australia-d3941zz11\/","og_site_name":"Koonings","article_publisher":"https:\/\/www.facebook.com\/kooningstheweddingpalace","article_modified_time":"2026-02-03T18:50:51+00:00","og_image":[{"width":1451,"height":2054,"url":"https:\/\/www.koonings.com\/wp-content\/uploads\/2024\/11\/40068_02b507cb6ecc20f76d650f3c48db1ff6495f91eb32f357689808b7e2bc0618457b0bddd8.jpeg","type":"image\/jpeg"}],"twitter_card":"summary_large_image","twitter_misc":{"Gesch\u00e4tzte Lesezeit":"1\u00a0Minute"},"schema":{"@context":"https:\/\/schema.org","@graph":[{"@type":"WebPage","@id":"https:\/\/www.koonings.com\/de\/product\/essense-of-australia-d3941zz11\/","url":"https:\/\/www.koonings.com\/de\/product\/essense-of-australia-d3941zz11\/","name":"Essenz von Australien D3941ZZ11 | Koonings","isPartOf":{"@id":"https:\/\/www.koonings.com\/de\/#website"},"primaryImageOfPage":{"@id":"https:\/\/www.koonings.com\/de\/product\/essense-of-australia-d3941zz11\/#primaryimage"},"image":{"@id":"https:\/\/www.koonings.com\/de\/product\/essense-of-australia-d3941zz11\/#primaryimage"},"thumbnailUrl":"https:\/\/www.koonings.com\/wp-content\/uploads\/2024\/11\/40068_02b507cb6ecc20f76d650f3c48db1ff6495f91eb32f357689808b7e2bc0618457b0bddd8.jpeg","datePublished":"2025-12-14T23:28:17+00:00","dateModified":"2026-02-03T18:50:51+00:00","description":"Stil D3941 ist sowohl raffiniert als auch gewagt und l\u00e4sst die moderne Braut ihre innere Fashionista zum Ausdruck bringen. Ein tr\u00e4gerloses, drapiertes Mieder umh\u00fcllt die Figur in einer vom Designer entworfenen Passform, bevor es in einen vollen, volumin\u00f6sen Ballkleidrock mit hohem Beinschlitz \u00fcbergeht. Hochgl\u00e4nzender Organza-Stoff f\u00e4ngt bei jeder Bewegung das Licht ein und verleiht dem verf\u00fchrerischen, durchsichtigen Mieder und Rock eine pr\u00e4chtige Note. Dieses klassische Ballkleid strahlt in jedem Detail modernen Glamour aus und verwandelt sich in einen atemberaubenden, unvergleichlichen Look, den Sie nie vergessen werden. Dieses Kleid ist auch in Elfenbein, Silberfolie und gro\u00dfen Gr\u00f6\u00dfen erh\u00e4ltlich.","breadcrumb":{"@id":"https:\/\/www.koonings.com\/de\/product\/essense-of-australia-d3941zz11\/#breadcrumb"},"inLanguage":"de","potentialAction":[{"@type":"ReadAction","target":["https:\/\/www.koonings.com\/de\/product\/essense-of-australia-d3941zz11\/"]}]},{"@type":"ImageObject","inLanguage":"de","@id":"https:\/\/www.koonings.com\/de\/product\/essense-of-australia-d3941zz11\/#primaryimage","url":"https:\/\/www.koonings.com\/wp-content\/uploads\/2024\/11\/40068_02b507cb6ecc20f76d650f3c48db1ff6495f91eb32f357689808b7e2bc0618457b0bddd8.jpeg","contentUrl":"https:\/\/www.koonings.com\/wp-content\/uploads\/2024\/11\/40068_02b507cb6ecc20f76d650f3c48db1ff6495f91eb32f357689808b7e2bc0618457b0bddd8.jpeg","width":1451,"height":2054},{"@type":"BreadcrumbList","@id":"https:\/\/www.koonings.com\/de\/product\/essense-of-australia-d3941zz11\/#breadcrumb","itemListElement":[{"@type":"ListItem","position":1,"name":"Home","item":"https:\/\/www.koonings.com\/de\/"},{"@type":"ListItem","position":2,"name":"Essenz von Australien D3941ZZ11"}]},{"@type":"WebSite","@id":"https:\/\/www.koonings.com\/de\/#website","url":"https:\/\/www.koonings.com\/de\/","name":"Koonings","description":"De grootste bruidsmodewinkel ter wereld","publisher":{"@id":"https:\/\/www.koonings.com\/de\/#organization"},"potentialAction":[{"@type":"SearchAction","target":{"@type":"EntryPoint","urlTemplate":"https:\/\/www.koonings.com\/de\/?s={search_term_string}"},"query-input":{"@type":"PropertyValueSpecification","valueRequired":true,"valueName":"search_term_string"}}],"inLanguage":"de"},{"@type":"Organization","@id":"https:\/\/www.koonings.com\/de\/#organization","name":"Koonings","url":"https:\/\/www.koonings.com\/de\/","logo":{"@type":"ImageObject","inLanguage":"de","@id":"https:\/\/www.koonings.com\/de\/#\/schema\/logo\/image\/","url":"https:\/\/www.koonings.com\/wp-content\/uploads\/2024\/07\/logo.png","contentUrl":"https:\/\/www.koonings.com\/wp-content\/uploads\/2024\/07\/logo.png","width":600,"height":428,"caption":"Koonings"},"image":{"@id":"https:\/\/www.koonings.com\/de\/#\/schema\/logo\/image\/"},"sameAs":["https:\/\/www.facebook.com\/kooningstheweddingpalace","https:\/\/www.instagram.com\/kooningstheweddingpalace","https:\/\/www.pinterest.com\/koonings","https:\/\/www.youtube.com\/kooningstheweddingpalace"]}]}},"_links":{"self":[{"href":"https:\/\/www.koonings.com\/de\/wp-json\/wp\/v2\/product\/79060","targetHints":{"allow":["GET"]}}],"collection":[{"href":"https:\/\/www.koonings.com\/de\/wp-json\/wp\/v2\/product"}],"about":[{"href":"https:\/\/www.koonings.com\/de\/wp-json\/wp\/v2\/types\/product"}],"wp:featuredmedia":[{"embeddable":true,"href":"https:\/\/www.koonings.com\/de\/wp-json\/wp\/v2\/media\/68394"}],"wp:attachment":[{"href":"https:\/\/www.koonings.com\/de\/wp-json\/wp\/v2\/media?parent=79060"}],"wp:term":[{"taxonomy":"productdetails","embeddable":true,"href":"https:\/\/www.koonings.com\/de\/wp-json\/wp\/v2\/productdetails?post=79060"},{"taxonomy":"productneck","embeddable":true,"href":"https:\/\/www.koonings.com\/de\/wp-json\/wp\/v2\/productneck?post=79060"},{"taxonomy":"productcolor","embeddable":true,"href":"https:\/\/www.koonings.com\/de\/wp-json\/wp\/v2\/productcolor?post=79060"},{"taxonomy":"maat","embeddable":true,"href":"https:\/\/www.koonings.com\/de\/wp-json\/wp\/v2\/maat?post=79060"},{"taxonomy":"productsupplier","embeddable":true,"href":"https:\/\/www.koonings.com\/de\/wp-json\/wp\/v2\/productsupplier?post=79060"},{"taxonomy":"productsleeve","embeddable":true,"href":"https:\/\/www.koonings.com\/de\/wp-json\/wp\/v2\/productsleeve?post=79060"},{"taxonomy":"productcategory","embeddable":true,"href":"https:\/\/www.koonings.com\/de\/wp-json\/wp\/v2\/productcategory?post=79060"},{"taxonomy":"productsilhouette","embeddable":true,"href":"https:\/\/www.koonings.com\/de\/wp-json\/wp\/v2\/productsilhouette?post=79060"},{"taxonomy":"productstyle","embeddable":true,"href":"https:\/\/www.koonings.com\/de\/wp-json\/wp\/v2\/productstyle?post=79060"}],"curies":[{"name":"wp","href":"https:\/\/api.w.org\/{rel}","templated":true}]}}