{"id":79042,"date":"2024-11-18T15:48:18","date_gmt":"2024-11-18T14:48:18","guid":{"rendered":"https:\/\/www.koonings.com\/product\/ladybird-bhranti-lb125ce1\/"},"modified":"2026-02-03T19:51:08","modified_gmt":"2026-02-03T18:51:08","slug":"ladybird-bhranti-lb125ce1","status":"publish","type":"product","link":"https:\/\/www.koonings.com\/de\/product\/ladybird-bhranti-lb125ce1\/","title":{"rendered":"Marienk\u00e4fer Bhranti LB125CE1"},"content":{"rendered":"<p>Das Ladybird Bhranti Hochzeitskleid zeichnet sich durch eine sch\u00f6ne, flie\u00dfende A-Linie aus, die Ihre Figur dezent betont und Ihnen einen raffinierten Look verleiht. Das Oberteil hat einen tiefen Ausschnitt mit zarten Spitzendetails und durchsichtigen Schultertr\u00e4gern, die f\u00fcr einen romantischen Look sorgen. Die Taille wird durch ein dezentes Band akzentuiert, das Ihre Silhouette noch besser zur Geltung bringt.<\/p>\n","protected":false},"featured_media":68541,"template":"","meta":{"_acf_changed":false,"ghostkit_customizer_options":"","ghostkit_custom_css":"","ghostkit_custom_js_head":"","ghostkit_custom_js_foot":"","ghostkit_typography":""},"productdetails":[376,381],"productneck":[356],"productcolor":[392],"maat":[],"productsupplier":[437],"productsleeve":[359],"productcategory":[18],"productsilhouette":[384,389],"productstyle":[366],"class_list":["post-79042","product","type-product","status-publish","has-post-thumbnail","hentry","productdetails-376","productdetails-381","productneck-356","productcolor-392","productsupplier-ladybird","productsleeve-359","productcategory-trouwjurken","productsilhouette-384","productsilhouette-389","productstyle-366"],"acf":[],"yoast_head":"<!-- This site is optimized with the Yoast SEO plugin v27.3 - https:\/\/yoast.com\/product\/yoast-seo-wordpress\/ -->\n<title>Marienk\u00e4fer Bhranti LB125CE1 | Koonings<\/title>\n<meta name=\"description\" content=\"Das Ladybird Bhranti Hochzeitskleid zeichnet sich durch eine sch\u00f6ne, flie\u00dfende A-Linie aus, die Ihre Figur dezent betont und Ihnen einen raffinierten Look verleiht. Das Oberteil hat einen tiefen Ausschnitt mit zarten Spitzendetails und durchsichtigen Schultertr\u00e4gern, die f\u00fcr einen romantischen Look sorgen. Die Taille wird durch ein dezentes Band akzentuiert, das Ihre Silhouette noch besser zur Geltung bringt.\" \/>\n<meta name=\"robots\" content=\"index, follow, max-snippet:-1, max-image-preview:large, max-video-preview:-1\" \/>\n<link rel=\"canonical\" href=\"https:\/\/www.koonings.com\/de\/product\/ladybird-bhranti-lb125ce1\/\" \/>\n<meta property=\"og:locale\" content=\"de_DE\" \/>\n<meta property=\"og:type\" content=\"article\" \/>\n<meta property=\"og:title\" content=\"Marienk\u00e4fer Bhranti LB125CE1 | Koonings\" \/>\n<meta property=\"og:description\" content=\"Das Ladybird Bhranti Hochzeitskleid zeichnet sich durch eine sch\u00f6ne, flie\u00dfende A-Linie aus, die Ihre Figur dezent betont und Ihnen einen raffinierten Look verleiht. Das Oberteil hat einen tiefen Ausschnitt mit zarten Spitzendetails und durchsichtigen Schultertr\u00e4gern, die f\u00fcr einen romantischen Look sorgen. Die Taille wird durch ein dezentes Band akzentuiert, das Ihre Silhouette noch besser zur Geltung bringt.\" \/>\n<meta property=\"og:url\" content=\"https:\/\/www.koonings.com\/de\/product\/ladybird-bhranti-lb125ce1\/\" \/>\n<meta property=\"og:site_name\" content=\"Koonings\" \/>\n<meta property=\"article:publisher\" content=\"https:\/\/www.facebook.com\/kooningstheweddingpalace\" \/>\n<meta property=\"article:modified_time\" content=\"2026-02-03T18:51:08+00:00\" \/>\n<meta property=\"og:image\" content=\"https:\/\/www.koonings.com\/wp-content\/uploads\/2024\/11\/48950_e25c773b17cd33f6533f51df6ed7039cf388459901ecdfe6b91dfb22daf74348f4de571f-scaled.jpeg\" \/>\n\t<meta property=\"og:image:width\" content=\"1811\" \/>\n\t<meta property=\"og:image:height\" content=\"2560\" \/>\n\t<meta property=\"og:image:type\" content=\"image\/jpeg\" \/>\n<meta name=\"twitter:card\" content=\"summary_large_image\" \/>\n<script type=\"application\/ld+json\" class=\"yoast-schema-graph\">{\"@context\":\"https:\\\/\\\/schema.org\",\"@graph\":[{\"@type\":\"WebPage\",\"@id\":\"https:\\\/\\\/www.koonings.com\\\/de\\\/product\\\/ladybird-bhranti-lb125ce1\\\/\",\"url\":\"https:\\\/\\\/www.koonings.com\\\/de\\\/product\\\/ladybird-bhranti-lb125ce1\\\/\",\"name\":\"Marienk\u00e4fer Bhranti LB125CE1 | Koonings\",\"isPartOf\":{\"@id\":\"https:\\\/\\\/www.koonings.com\\\/de\\\/#website\"},\"primaryImageOfPage\":{\"@id\":\"https:\\\/\\\/www.koonings.com\\\/de\\\/product\\\/ladybird-bhranti-lb125ce1\\\/#primaryimage\"},\"image\":{\"@id\":\"https:\\\/\\\/www.koonings.com\\\/de\\\/product\\\/ladybird-bhranti-lb125ce1\\\/#primaryimage\"},\"thumbnailUrl\":\"https:\\\/\\\/www.koonings.com\\\/wp-content\\\/uploads\\\/2024\\\/11\\\/48950_e25c773b17cd33f6533f51df6ed7039cf388459901ecdfe6b91dfb22daf74348f4de571f-scaled.jpeg\",\"datePublished\":\"2024-11-18T14:48:18+00:00\",\"dateModified\":\"2026-02-03T18:51:08+00:00\",\"description\":\"Das Ladybird Bhranti Hochzeitskleid zeichnet sich durch eine sch\u00f6ne, flie\u00dfende A-Linie aus, die Ihre Figur dezent betont und Ihnen einen raffinierten Look verleiht. Das Oberteil hat einen tiefen Ausschnitt mit zarten Spitzendetails und durchsichtigen Schultertr\u00e4gern, die f\u00fcr einen romantischen Look sorgen. Die Taille wird durch ein dezentes Band akzentuiert, das Ihre Silhouette noch besser zur Geltung bringt.\",\"breadcrumb\":{\"@id\":\"https:\\\/\\\/www.koonings.com\\\/de\\\/product\\\/ladybird-bhranti-lb125ce1\\\/#breadcrumb\"},\"inLanguage\":\"de\",\"potentialAction\":[{\"@type\":\"ReadAction\",\"target\":[\"https:\\\/\\\/www.koonings.com\\\/de\\\/product\\\/ladybird-bhranti-lb125ce1\\\/\"]}]},{\"@type\":\"ImageObject\",\"inLanguage\":\"de\",\"@id\":\"https:\\\/\\\/www.koonings.com\\\/de\\\/product\\\/ladybird-bhranti-lb125ce1\\\/#primaryimage\",\"url\":\"https:\\\/\\\/www.koonings.com\\\/wp-content\\\/uploads\\\/2024\\\/11\\\/48950_e25c773b17cd33f6533f51df6ed7039cf388459901ecdfe6b91dfb22daf74348f4de571f-scaled.jpeg\",\"contentUrl\":\"https:\\\/\\\/www.koonings.com\\\/wp-content\\\/uploads\\\/2024\\\/11\\\/48950_e25c773b17cd33f6533f51df6ed7039cf388459901ecdfe6b91dfb22daf74348f4de571f-scaled.jpeg\",\"width\":1811,\"height\":2560},{\"@type\":\"BreadcrumbList\",\"@id\":\"https:\\\/\\\/www.koonings.com\\\/de\\\/product\\\/ladybird-bhranti-lb125ce1\\\/#breadcrumb\",\"itemListElement\":[{\"@type\":\"ListItem\",\"position\":1,\"name\":\"Home\",\"item\":\"https:\\\/\\\/www.koonings.com\\\/de\\\/\"},{\"@type\":\"ListItem\",\"position\":2,\"name\":\"Marienk\u00e4fer Bhranti LB125CE1\"}]},{\"@type\":\"WebSite\",\"@id\":\"https:\\\/\\\/www.koonings.com\\\/de\\\/#website\",\"url\":\"https:\\\/\\\/www.koonings.com\\\/de\\\/\",\"name\":\"Koonings\",\"description\":\"De grootste bruidsmodewinkel ter wereld\",\"publisher\":{\"@id\":\"https:\\\/\\\/www.koonings.com\\\/de\\\/#organization\"},\"potentialAction\":[{\"@type\":\"SearchAction\",\"target\":{\"@type\":\"EntryPoint\",\"urlTemplate\":\"https:\\\/\\\/www.koonings.com\\\/de\\\/?s={search_term_string}\"},\"query-input\":{\"@type\":\"PropertyValueSpecification\",\"valueRequired\":true,\"valueName\":\"search_term_string\"}}],\"inLanguage\":\"de\"},{\"@type\":\"Organization\",\"@id\":\"https:\\\/\\\/www.koonings.com\\\/de\\\/#organization\",\"name\":\"Koonings\",\"url\":\"https:\\\/\\\/www.koonings.com\\\/de\\\/\",\"logo\":{\"@type\":\"ImageObject\",\"inLanguage\":\"de\",\"@id\":\"https:\\\/\\\/www.koonings.com\\\/de\\\/#\\\/schema\\\/logo\\\/image\\\/\",\"url\":\"https:\\\/\\\/www.koonings.com\\\/wp-content\\\/uploads\\\/2024\\\/07\\\/logo.png\",\"contentUrl\":\"https:\\\/\\\/www.koonings.com\\\/wp-content\\\/uploads\\\/2024\\\/07\\\/logo.png\",\"width\":600,\"height\":428,\"caption\":\"Koonings\"},\"image\":{\"@id\":\"https:\\\/\\\/www.koonings.com\\\/de\\\/#\\\/schema\\\/logo\\\/image\\\/\"},\"sameAs\":[\"https:\\\/\\\/www.facebook.com\\\/kooningstheweddingpalace\",\"https:\\\/\\\/www.instagram.com\\\/kooningstheweddingpalace\",\"https:\\\/\\\/www.pinterest.com\\\/koonings\",\"https:\\\/\\\/www.youtube.com\\\/kooningstheweddingpalace\"]}]}<\/script>\n<!-- \/ Yoast SEO plugin. -->","yoast_head_json":{"title":"Marienk\u00e4fer Bhranti LB125CE1 | Koonings","description":"Das Ladybird Bhranti Hochzeitskleid zeichnet sich durch eine sch\u00f6ne, flie\u00dfende A-Linie aus, die Ihre Figur dezent betont und Ihnen einen raffinierten Look verleiht. Das Oberteil hat einen tiefen Ausschnitt mit zarten Spitzendetails und durchsichtigen Schultertr\u00e4gern, die f\u00fcr einen romantischen Look sorgen. Die Taille wird durch ein dezentes Band akzentuiert, das Ihre Silhouette noch besser zur Geltung bringt.","robots":{"index":"index","follow":"follow","max-snippet":"max-snippet:-1","max-image-preview":"max-image-preview:large","max-video-preview":"max-video-preview:-1"},"canonical":"https:\/\/www.koonings.com\/de\/product\/ladybird-bhranti-lb125ce1\/","og_locale":"de_DE","og_type":"article","og_title":"Marienk\u00e4fer Bhranti LB125CE1 | Koonings","og_description":"Das Ladybird Bhranti Hochzeitskleid zeichnet sich durch eine sch\u00f6ne, flie\u00dfende A-Linie aus, die Ihre Figur dezent betont und Ihnen einen raffinierten Look verleiht. Das Oberteil hat einen tiefen Ausschnitt mit zarten Spitzendetails und durchsichtigen Schultertr\u00e4gern, die f\u00fcr einen romantischen Look sorgen. Die Taille wird durch ein dezentes Band akzentuiert, das Ihre Silhouette noch besser zur Geltung bringt.","og_url":"https:\/\/www.koonings.com\/de\/product\/ladybird-bhranti-lb125ce1\/","og_site_name":"Koonings","article_publisher":"https:\/\/www.facebook.com\/kooningstheweddingpalace","article_modified_time":"2026-02-03T18:51:08+00:00","og_image":[{"width":1811,"height":2560,"url":"https:\/\/www.koonings.com\/wp-content\/uploads\/2024\/11\/48950_e25c773b17cd33f6533f51df6ed7039cf388459901ecdfe6b91dfb22daf74348f4de571f-scaled.jpeg","type":"image\/jpeg"}],"twitter_card":"summary_large_image","schema":{"@context":"https:\/\/schema.org","@graph":[{"@type":"WebPage","@id":"https:\/\/www.koonings.com\/de\/product\/ladybird-bhranti-lb125ce1\/","url":"https:\/\/www.koonings.com\/de\/product\/ladybird-bhranti-lb125ce1\/","name":"Marienk\u00e4fer Bhranti LB125CE1 | Koonings","isPartOf":{"@id":"https:\/\/www.koonings.com\/de\/#website"},"primaryImageOfPage":{"@id":"https:\/\/www.koonings.com\/de\/product\/ladybird-bhranti-lb125ce1\/#primaryimage"},"image":{"@id":"https:\/\/www.koonings.com\/de\/product\/ladybird-bhranti-lb125ce1\/#primaryimage"},"thumbnailUrl":"https:\/\/www.koonings.com\/wp-content\/uploads\/2024\/11\/48950_e25c773b17cd33f6533f51df6ed7039cf388459901ecdfe6b91dfb22daf74348f4de571f-scaled.jpeg","datePublished":"2024-11-18T14:48:18+00:00","dateModified":"2026-02-03T18:51:08+00:00","description":"Das Ladybird Bhranti Hochzeitskleid zeichnet sich durch eine sch\u00f6ne, flie\u00dfende A-Linie aus, die Ihre Figur dezent betont und Ihnen einen raffinierten Look verleiht. Das Oberteil hat einen tiefen Ausschnitt mit zarten Spitzendetails und durchsichtigen Schultertr\u00e4gern, die f\u00fcr einen romantischen Look sorgen. Die Taille wird durch ein dezentes Band akzentuiert, das Ihre Silhouette noch besser zur Geltung bringt.","breadcrumb":{"@id":"https:\/\/www.koonings.com\/de\/product\/ladybird-bhranti-lb125ce1\/#breadcrumb"},"inLanguage":"de","potentialAction":[{"@type":"ReadAction","target":["https:\/\/www.koonings.com\/de\/product\/ladybird-bhranti-lb125ce1\/"]}]},{"@type":"ImageObject","inLanguage":"de","@id":"https:\/\/www.koonings.com\/de\/product\/ladybird-bhranti-lb125ce1\/#primaryimage","url":"https:\/\/www.koonings.com\/wp-content\/uploads\/2024\/11\/48950_e25c773b17cd33f6533f51df6ed7039cf388459901ecdfe6b91dfb22daf74348f4de571f-scaled.jpeg","contentUrl":"https:\/\/www.koonings.com\/wp-content\/uploads\/2024\/11\/48950_e25c773b17cd33f6533f51df6ed7039cf388459901ecdfe6b91dfb22daf74348f4de571f-scaled.jpeg","width":1811,"height":2560},{"@type":"BreadcrumbList","@id":"https:\/\/www.koonings.com\/de\/product\/ladybird-bhranti-lb125ce1\/#breadcrumb","itemListElement":[{"@type":"ListItem","position":1,"name":"Home","item":"https:\/\/www.koonings.com\/de\/"},{"@type":"ListItem","position":2,"name":"Marienk\u00e4fer Bhranti LB125CE1"}]},{"@type":"WebSite","@id":"https:\/\/www.koonings.com\/de\/#website","url":"https:\/\/www.koonings.com\/de\/","name":"Koonings","description":"De grootste bruidsmodewinkel ter wereld","publisher":{"@id":"https:\/\/www.koonings.com\/de\/#organization"},"potentialAction":[{"@type":"SearchAction","target":{"@type":"EntryPoint","urlTemplate":"https:\/\/www.koonings.com\/de\/?s={search_term_string}"},"query-input":{"@type":"PropertyValueSpecification","valueRequired":true,"valueName":"search_term_string"}}],"inLanguage":"de"},{"@type":"Organization","@id":"https:\/\/www.koonings.com\/de\/#organization","name":"Koonings","url":"https:\/\/www.koonings.com\/de\/","logo":{"@type":"ImageObject","inLanguage":"de","@id":"https:\/\/www.koonings.com\/de\/#\/schema\/logo\/image\/","url":"https:\/\/www.koonings.com\/wp-content\/uploads\/2024\/07\/logo.png","contentUrl":"https:\/\/www.koonings.com\/wp-content\/uploads\/2024\/07\/logo.png","width":600,"height":428,"caption":"Koonings"},"image":{"@id":"https:\/\/www.koonings.com\/de\/#\/schema\/logo\/image\/"},"sameAs":["https:\/\/www.facebook.com\/kooningstheweddingpalace","https:\/\/www.instagram.com\/kooningstheweddingpalace","https:\/\/www.pinterest.com\/koonings","https:\/\/www.youtube.com\/kooningstheweddingpalace"]}]}},"_links":{"self":[{"href":"https:\/\/www.koonings.com\/de\/wp-json\/wp\/v2\/product\/79042","targetHints":{"allow":["GET"]}}],"collection":[{"href":"https:\/\/www.koonings.com\/de\/wp-json\/wp\/v2\/product"}],"about":[{"href":"https:\/\/www.koonings.com\/de\/wp-json\/wp\/v2\/types\/product"}],"wp:featuredmedia":[{"embeddable":true,"href":"https:\/\/www.koonings.com\/de\/wp-json\/wp\/v2\/media\/68541"}],"wp:attachment":[{"href":"https:\/\/www.koonings.com\/de\/wp-json\/wp\/v2\/media?parent=79042"}],"wp:term":[{"taxonomy":"productdetails","embeddable":true,"href":"https:\/\/www.koonings.com\/de\/wp-json\/wp\/v2\/productdetails?post=79042"},{"taxonomy":"productneck","embeddable":true,"href":"https:\/\/www.koonings.com\/de\/wp-json\/wp\/v2\/productneck?post=79042"},{"taxonomy":"productcolor","embeddable":true,"href":"https:\/\/www.koonings.com\/de\/wp-json\/wp\/v2\/productcolor?post=79042"},{"taxonomy":"maat","embeddable":true,"href":"https:\/\/www.koonings.com\/de\/wp-json\/wp\/v2\/maat?post=79042"},{"taxonomy":"productsupplier","embeddable":true,"href":"https:\/\/www.koonings.com\/de\/wp-json\/wp\/v2\/productsupplier?post=79042"},{"taxonomy":"productsleeve","embeddable":true,"href":"https:\/\/www.koonings.com\/de\/wp-json\/wp\/v2\/productsleeve?post=79042"},{"taxonomy":"productcategory","embeddable":true,"href":"https:\/\/www.koonings.com\/de\/wp-json\/wp\/v2\/productcategory?post=79042"},{"taxonomy":"productsilhouette","embeddable":true,"href":"https:\/\/www.koonings.com\/de\/wp-json\/wp\/v2\/productsilhouette?post=79042"},{"taxonomy":"productstyle","embeddable":true,"href":"https:\/\/www.koonings.com\/de\/wp-json\/wp\/v2\/productstyle?post=79042"}],"curies":[{"name":"wp","href":"https:\/\/api.w.org\/{rel}","templated":true}]}}