{"id":79011,"date":"2026-05-06T15:06:26","date_gmt":"2026-05-06T13:06:26","guid":{"rendered":"https:\/\/www.koonings.com\/product\/demetrios-1115\/"},"modified":"2026-02-16T14:50:09","modified_gmt":"2026-02-16T13:50:09","slug":"demetrios-1115","status":"publish","type":"product","link":"https:\/\/www.koonings.com\/de\/product\/demetrios-1115\/","title":{"rendered":"Demetrios 1115"},"content":{"rendered":"<p>Dieses Hochzeitskleid verleiht Ihnen einen extravaganten Braut-Look. Das liegt zum Teil an seiner extremen Meerjungfrau-Silhouette und der vollen, runden Schleppe. Das gesamte Kleid besteht aus zarter Spitze. Das Mieder hat ein tiefes Dekollet\u00e9, ohne zu auff\u00e4llig zu sein. Die d\u00fcnnen Schultertr\u00e4ger gehen am R\u00fccken in einen V-Ausschnitt \u00fcber.    <\/p>\n","protected":false},"featured_media":68784,"template":"","meta":{"_acf_changed":false,"ghostkit_customizer_options":"","ghostkit_custom_css":"","ghostkit_custom_js_head":"","ghostkit_custom_js_foot":"","ghostkit_typography":""},"productdetails":[],"productneck":[356],"productcolor":[393,392],"maat":[],"productsupplier":[402],"productsleeve":[359],"productcategory":[18],"productsilhouette":[387,390],"productstyle":[],"class_list":["post-79011","product","type-product","status-publish","has-post-thumbnail","hentry","productneck-356","productcolor-393","productcolor-392","productsupplier-demetrios","productsleeve-359","productcategory-trouwjurken","productsilhouette-387","productsilhouette-390"],"acf":[],"yoast_head":"<!-- This site is optimized with the Yoast SEO plugin v27.3 - https:\/\/yoast.com\/product\/yoast-seo-wordpress\/ -->\n<title>Demetrios 1115 | Koonings<\/title>\n<meta name=\"description\" content=\"Dieses Hochzeitskleid verleiht Ihnen einen extravaganten Braut-Look. Das liegt zum Teil an seiner extremen Meerjungfrau-Silhouette und der vollen, runden Schleppe. Das gesamte Kleid besteht aus zarter Spitze. Das Mieder hat ein tiefes Dekollet\u00e9, ohne zu auff\u00e4llig zu sein. Die d\u00fcnnen Schultertr\u00e4ger gehen am R\u00fccken in einen V-Ausschnitt \u00fcber.\" \/>\n<meta name=\"robots\" content=\"index, follow, max-snippet:-1, max-image-preview:large, max-video-preview:-1\" \/>\n<link rel=\"canonical\" href=\"https:\/\/www.koonings.com\/de\/product\/demetrios-1115\/\" \/>\n<meta property=\"og:locale\" content=\"de_DE\" \/>\n<meta property=\"og:type\" content=\"article\" \/>\n<meta property=\"og:title\" content=\"Demetrios 1115 | Koonings\" \/>\n<meta property=\"og:description\" content=\"Dieses Hochzeitskleid verleiht Ihnen einen extravaganten Braut-Look. Das liegt zum Teil an seiner extremen Meerjungfrau-Silhouette und der vollen, runden Schleppe. Das gesamte Kleid besteht aus zarter Spitze. Das Mieder hat ein tiefes Dekollet\u00e9, ohne zu auff\u00e4llig zu sein. Die d\u00fcnnen Schultertr\u00e4ger gehen am R\u00fccken in einen V-Ausschnitt \u00fcber.\" \/>\n<meta property=\"og:url\" content=\"https:\/\/www.koonings.com\/de\/product\/demetrios-1115\/\" \/>\n<meta property=\"og:site_name\" content=\"Koonings\" \/>\n<meta property=\"article:publisher\" content=\"https:\/\/www.facebook.com\/kooningstheweddingpalace\" \/>\n<meta property=\"og:image\" content=\"https:\/\/www.koonings.com\/wp-content\/uploads\/2024\/11\/32671_b6d90c3e64e83170efa6706ccca4fa5202bdef8bb25219b7b44e656e1bf4068ba8df5ff4-scaled.jpeg\" \/>\n\t<meta property=\"og:image:width\" content=\"1811\" \/>\n\t<meta property=\"og:image:height\" content=\"2560\" \/>\n\t<meta property=\"og:image:type\" content=\"image\/jpeg\" \/>\n<meta name=\"twitter:card\" content=\"summary_large_image\" \/>\n<script type=\"application\/ld+json\" class=\"yoast-schema-graph\">{\"@context\":\"https:\\\/\\\/schema.org\",\"@graph\":[{\"@type\":\"WebPage\",\"@id\":\"https:\\\/\\\/www.koonings.com\\\/de\\\/product\\\/demetrios-1115\\\/\",\"url\":\"https:\\\/\\\/www.koonings.com\\\/de\\\/product\\\/demetrios-1115\\\/\",\"name\":\"Demetrios 1115 | Koonings\",\"isPartOf\":{\"@id\":\"https:\\\/\\\/www.koonings.com\\\/de\\\/#website\"},\"primaryImageOfPage\":{\"@id\":\"https:\\\/\\\/www.koonings.com\\\/de\\\/product\\\/demetrios-1115\\\/#primaryimage\"},\"image\":{\"@id\":\"https:\\\/\\\/www.koonings.com\\\/de\\\/product\\\/demetrios-1115\\\/#primaryimage\"},\"thumbnailUrl\":\"https:\\\/\\\/www.koonings.com\\\/wp-content\\\/uploads\\\/2024\\\/11\\\/32671_b6d90c3e64e83170efa6706ccca4fa5202bdef8bb25219b7b44e656e1bf4068ba8df5ff4-scaled.jpeg\",\"datePublished\":\"2026-05-06T13:06:26+00:00\",\"description\":\"Dieses Hochzeitskleid verleiht Ihnen einen extravaganten Braut-Look. Das liegt zum Teil an seiner extremen Meerjungfrau-Silhouette und der vollen, runden Schleppe. Das gesamte Kleid besteht aus zarter Spitze. Das Mieder hat ein tiefes Dekollet\u00e9, ohne zu auff\u00e4llig zu sein. Die d\u00fcnnen Schultertr\u00e4ger gehen am R\u00fccken in einen V-Ausschnitt \u00fcber.\",\"breadcrumb\":{\"@id\":\"https:\\\/\\\/www.koonings.com\\\/de\\\/product\\\/demetrios-1115\\\/#breadcrumb\"},\"inLanguage\":\"de\",\"potentialAction\":[{\"@type\":\"ReadAction\",\"target\":[\"https:\\\/\\\/www.koonings.com\\\/de\\\/product\\\/demetrios-1115\\\/\"]}]},{\"@type\":\"ImageObject\",\"inLanguage\":\"de\",\"@id\":\"https:\\\/\\\/www.koonings.com\\\/de\\\/product\\\/demetrios-1115\\\/#primaryimage\",\"url\":\"https:\\\/\\\/www.koonings.com\\\/wp-content\\\/uploads\\\/2024\\\/11\\\/32671_b6d90c3e64e83170efa6706ccca4fa5202bdef8bb25219b7b44e656e1bf4068ba8df5ff4-scaled.jpeg\",\"contentUrl\":\"https:\\\/\\\/www.koonings.com\\\/wp-content\\\/uploads\\\/2024\\\/11\\\/32671_b6d90c3e64e83170efa6706ccca4fa5202bdef8bb25219b7b44e656e1bf4068ba8df5ff4-scaled.jpeg\",\"width\":1811,\"height\":2560},{\"@type\":\"BreadcrumbList\",\"@id\":\"https:\\\/\\\/www.koonings.com\\\/de\\\/product\\\/demetrios-1115\\\/#breadcrumb\",\"itemListElement\":[{\"@type\":\"ListItem\",\"position\":1,\"name\":\"Home\",\"item\":\"https:\\\/\\\/www.koonings.com\\\/de\\\/\"},{\"@type\":\"ListItem\",\"position\":2,\"name\":\"Demetrios 1115\"}]},{\"@type\":\"WebSite\",\"@id\":\"https:\\\/\\\/www.koonings.com\\\/de\\\/#website\",\"url\":\"https:\\\/\\\/www.koonings.com\\\/de\\\/\",\"name\":\"Koonings\",\"description\":\"De grootste bruidsmodewinkel ter wereld\",\"publisher\":{\"@id\":\"https:\\\/\\\/www.koonings.com\\\/de\\\/#organization\"},\"potentialAction\":[{\"@type\":\"SearchAction\",\"target\":{\"@type\":\"EntryPoint\",\"urlTemplate\":\"https:\\\/\\\/www.koonings.com\\\/de\\\/?s={search_term_string}\"},\"query-input\":{\"@type\":\"PropertyValueSpecification\",\"valueRequired\":true,\"valueName\":\"search_term_string\"}}],\"inLanguage\":\"de\"},{\"@type\":\"Organization\",\"@id\":\"https:\\\/\\\/www.koonings.com\\\/de\\\/#organization\",\"name\":\"Koonings\",\"url\":\"https:\\\/\\\/www.koonings.com\\\/de\\\/\",\"logo\":{\"@type\":\"ImageObject\",\"inLanguage\":\"de\",\"@id\":\"https:\\\/\\\/www.koonings.com\\\/de\\\/#\\\/schema\\\/logo\\\/image\\\/\",\"url\":\"https:\\\/\\\/www.koonings.com\\\/wp-content\\\/uploads\\\/2024\\\/07\\\/logo.png\",\"contentUrl\":\"https:\\\/\\\/www.koonings.com\\\/wp-content\\\/uploads\\\/2024\\\/07\\\/logo.png\",\"width\":600,\"height\":428,\"caption\":\"Koonings\"},\"image\":{\"@id\":\"https:\\\/\\\/www.koonings.com\\\/de\\\/#\\\/schema\\\/logo\\\/image\\\/\"},\"sameAs\":[\"https:\\\/\\\/www.facebook.com\\\/kooningstheweddingpalace\",\"https:\\\/\\\/www.instagram.com\\\/kooningstheweddingpalace\",\"https:\\\/\\\/www.pinterest.com\\\/koonings\",\"https:\\\/\\\/www.youtube.com\\\/kooningstheweddingpalace\"]}]}<\/script>\n<!-- \/ Yoast SEO plugin. -->","yoast_head_json":{"title":"Demetrios 1115 | Koonings","description":"Dieses Hochzeitskleid verleiht Ihnen einen extravaganten Braut-Look. Das liegt zum Teil an seiner extremen Meerjungfrau-Silhouette und der vollen, runden Schleppe. Das gesamte Kleid besteht aus zarter Spitze. Das Mieder hat ein tiefes Dekollet\u00e9, ohne zu auff\u00e4llig zu sein. Die d\u00fcnnen Schultertr\u00e4ger gehen am R\u00fccken in einen V-Ausschnitt \u00fcber.","robots":{"index":"index","follow":"follow","max-snippet":"max-snippet:-1","max-image-preview":"max-image-preview:large","max-video-preview":"max-video-preview:-1"},"canonical":"https:\/\/www.koonings.com\/de\/product\/demetrios-1115\/","og_locale":"de_DE","og_type":"article","og_title":"Demetrios 1115 | Koonings","og_description":"Dieses Hochzeitskleid verleiht Ihnen einen extravaganten Braut-Look. Das liegt zum Teil an seiner extremen Meerjungfrau-Silhouette und der vollen, runden Schleppe. Das gesamte Kleid besteht aus zarter Spitze. Das Mieder hat ein tiefes Dekollet\u00e9, ohne zu auff\u00e4llig zu sein. Die d\u00fcnnen Schultertr\u00e4ger gehen am R\u00fccken in einen V-Ausschnitt \u00fcber.","og_url":"https:\/\/www.koonings.com\/de\/product\/demetrios-1115\/","og_site_name":"Koonings","article_publisher":"https:\/\/www.facebook.com\/kooningstheweddingpalace","og_image":[{"width":1811,"height":2560,"url":"https:\/\/www.koonings.com\/wp-content\/uploads\/2024\/11\/32671_b6d90c3e64e83170efa6706ccca4fa5202bdef8bb25219b7b44e656e1bf4068ba8df5ff4-scaled.jpeg","type":"image\/jpeg"}],"twitter_card":"summary_large_image","schema":{"@context":"https:\/\/schema.org","@graph":[{"@type":"WebPage","@id":"https:\/\/www.koonings.com\/de\/product\/demetrios-1115\/","url":"https:\/\/www.koonings.com\/de\/product\/demetrios-1115\/","name":"Demetrios 1115 | Koonings","isPartOf":{"@id":"https:\/\/www.koonings.com\/de\/#website"},"primaryImageOfPage":{"@id":"https:\/\/www.koonings.com\/de\/product\/demetrios-1115\/#primaryimage"},"image":{"@id":"https:\/\/www.koonings.com\/de\/product\/demetrios-1115\/#primaryimage"},"thumbnailUrl":"https:\/\/www.koonings.com\/wp-content\/uploads\/2024\/11\/32671_b6d90c3e64e83170efa6706ccca4fa5202bdef8bb25219b7b44e656e1bf4068ba8df5ff4-scaled.jpeg","datePublished":"2026-05-06T13:06:26+00:00","description":"Dieses Hochzeitskleid verleiht Ihnen einen extravaganten Braut-Look. Das liegt zum Teil an seiner extremen Meerjungfrau-Silhouette und der vollen, runden Schleppe. Das gesamte Kleid besteht aus zarter Spitze. Das Mieder hat ein tiefes Dekollet\u00e9, ohne zu auff\u00e4llig zu sein. Die d\u00fcnnen Schultertr\u00e4ger gehen am R\u00fccken in einen V-Ausschnitt \u00fcber.","breadcrumb":{"@id":"https:\/\/www.koonings.com\/de\/product\/demetrios-1115\/#breadcrumb"},"inLanguage":"de","potentialAction":[{"@type":"ReadAction","target":["https:\/\/www.koonings.com\/de\/product\/demetrios-1115\/"]}]},{"@type":"ImageObject","inLanguage":"de","@id":"https:\/\/www.koonings.com\/de\/product\/demetrios-1115\/#primaryimage","url":"https:\/\/www.koonings.com\/wp-content\/uploads\/2024\/11\/32671_b6d90c3e64e83170efa6706ccca4fa5202bdef8bb25219b7b44e656e1bf4068ba8df5ff4-scaled.jpeg","contentUrl":"https:\/\/www.koonings.com\/wp-content\/uploads\/2024\/11\/32671_b6d90c3e64e83170efa6706ccca4fa5202bdef8bb25219b7b44e656e1bf4068ba8df5ff4-scaled.jpeg","width":1811,"height":2560},{"@type":"BreadcrumbList","@id":"https:\/\/www.koonings.com\/de\/product\/demetrios-1115\/#breadcrumb","itemListElement":[{"@type":"ListItem","position":1,"name":"Home","item":"https:\/\/www.koonings.com\/de\/"},{"@type":"ListItem","position":2,"name":"Demetrios 1115"}]},{"@type":"WebSite","@id":"https:\/\/www.koonings.com\/de\/#website","url":"https:\/\/www.koonings.com\/de\/","name":"Koonings","description":"De grootste bruidsmodewinkel ter wereld","publisher":{"@id":"https:\/\/www.koonings.com\/de\/#organization"},"potentialAction":[{"@type":"SearchAction","target":{"@type":"EntryPoint","urlTemplate":"https:\/\/www.koonings.com\/de\/?s={search_term_string}"},"query-input":{"@type":"PropertyValueSpecification","valueRequired":true,"valueName":"search_term_string"}}],"inLanguage":"de"},{"@type":"Organization","@id":"https:\/\/www.koonings.com\/de\/#organization","name":"Koonings","url":"https:\/\/www.koonings.com\/de\/","logo":{"@type":"ImageObject","inLanguage":"de","@id":"https:\/\/www.koonings.com\/de\/#\/schema\/logo\/image\/","url":"https:\/\/www.koonings.com\/wp-content\/uploads\/2024\/07\/logo.png","contentUrl":"https:\/\/www.koonings.com\/wp-content\/uploads\/2024\/07\/logo.png","width":600,"height":428,"caption":"Koonings"},"image":{"@id":"https:\/\/www.koonings.com\/de\/#\/schema\/logo\/image\/"},"sameAs":["https:\/\/www.facebook.com\/kooningstheweddingpalace","https:\/\/www.instagram.com\/kooningstheweddingpalace","https:\/\/www.pinterest.com\/koonings","https:\/\/www.youtube.com\/kooningstheweddingpalace"]}]}},"_links":{"self":[{"href":"https:\/\/www.koonings.com\/de\/wp-json\/wp\/v2\/product\/79011","targetHints":{"allow":["GET"]}}],"collection":[{"href":"https:\/\/www.koonings.com\/de\/wp-json\/wp\/v2\/product"}],"about":[{"href":"https:\/\/www.koonings.com\/de\/wp-json\/wp\/v2\/types\/product"}],"wp:featuredmedia":[{"embeddable":true,"href":"https:\/\/www.koonings.com\/de\/wp-json\/wp\/v2\/media\/68784"}],"wp:attachment":[{"href":"https:\/\/www.koonings.com\/de\/wp-json\/wp\/v2\/media?parent=79011"}],"wp:term":[{"taxonomy":"productdetails","embeddable":true,"href":"https:\/\/www.koonings.com\/de\/wp-json\/wp\/v2\/productdetails?post=79011"},{"taxonomy":"productneck","embeddable":true,"href":"https:\/\/www.koonings.com\/de\/wp-json\/wp\/v2\/productneck?post=79011"},{"taxonomy":"productcolor","embeddable":true,"href":"https:\/\/www.koonings.com\/de\/wp-json\/wp\/v2\/productcolor?post=79011"},{"taxonomy":"maat","embeddable":true,"href":"https:\/\/www.koonings.com\/de\/wp-json\/wp\/v2\/maat?post=79011"},{"taxonomy":"productsupplier","embeddable":true,"href":"https:\/\/www.koonings.com\/de\/wp-json\/wp\/v2\/productsupplier?post=79011"},{"taxonomy":"productsleeve","embeddable":true,"href":"https:\/\/www.koonings.com\/de\/wp-json\/wp\/v2\/productsleeve?post=79011"},{"taxonomy":"productcategory","embeddable":true,"href":"https:\/\/www.koonings.com\/de\/wp-json\/wp\/v2\/productcategory?post=79011"},{"taxonomy":"productsilhouette","embeddable":true,"href":"https:\/\/www.koonings.com\/de\/wp-json\/wp\/v2\/productsilhouette?post=79011"},{"taxonomy":"productstyle","embeddable":true,"href":"https:\/\/www.koonings.com\/de\/wp-json\/wp\/v2\/productstyle?post=79011"}],"curies":[{"name":"wp","href":"https:\/\/api.w.org\/{rel}","templated":true}]}}