{"id":78848,"date":"2026-04-28T18:28:54","date_gmt":"2026-04-28T16:28:54","guid":{"rendered":"https:\/\/www.koonings.com\/product\/milla-nova-amberleigh\/"},"modified":"2025-06-05T13:36:48","modified_gmt":"2025-06-05T11:36:48","slug":"milla-nova-amberleigh","status":"publish","type":"product","link":"https:\/\/www.koonings.com\/de\/product\/milla-nova-amberleigh\/","title":{"rendered":"Milla Nova Amberleigh"},"content":{"rendered":"<p>K\u00f6nigliches Statement-Hochzeitskleid, vollst\u00e4ndig von Hand versch\u00f6nert. Mit einem vollst\u00e4ndig handverzierten Mieder mit Kristall-Rollkragen, langen \u00c4rmeln mit Pailletten und eckigen Schultern sowie einem extrem volumin\u00f6sen Rock mit einer gro\u00dfen, vollst\u00e4ndig verzierten Schleppe. Das Korsett ist doppelt gen\u00e4ht, mit einem zus\u00e4tzlichen formgebenden, abnehmbaren Korsett. Das Kleid kann mit dem Amberleigh Stirnband vervollst\u00e4ndigt werden.   <\/p>\n","protected":false},"featured_media":65554,"template":"","meta":{"_acf_changed":false,"ghostkit_customizer_options":"","ghostkit_custom_css":"","ghostkit_custom_js_head":"","ghostkit_custom_js_foot":"","ghostkit_typography":""},"productdetails":[379,377,376],"productneck":[350],"productcolor":[394],"maat":[],"productsupplier":[446],"productsleeve":[362],"productcategory":[18],"productsilhouette":[388],"productstyle":[372,366],"class_list":["post-78848","product","type-product","status-publish","has-post-thumbnail","hentry","productdetails-379","productdetails-377","productdetails-376","productneck-350","productcolor-394","productsupplier-milla-nova","productsleeve-362","productcategory-trouwjurken","productsilhouette-388","productstyle-372","productstyle-366"],"acf":[],"yoast_head":"<!-- This site is optimized with the Yoast SEO plugin v27.3 - https:\/\/yoast.com\/product\/yoast-seo-wordpress\/ -->\n<title>Milla Nova Amberleigh | Koonings<\/title>\n<meta name=\"description\" content=\"K\u00f6nigliches Statement-Hochzeitskleid, vollst\u00e4ndig von Hand versch\u00f6nert. Mit einem vollst\u00e4ndig handverzierten Mieder mit Kristall-Rollkragen, langen \u00c4rmeln mit Pailletten und eckigen Schultern sowie einem extrem volumin\u00f6sen Rock mit einer gro\u00dfen, vollst\u00e4ndig verzierten Schleppe. Das Korsett ist doppelt gen\u00e4ht, mit einem zus\u00e4tzlichen formgebenden, abnehmbaren Korsett. Das Kleid kann mit dem Amberleigh Stirnband vervollst\u00e4ndigt werden.\" \/>\n<meta name=\"robots\" content=\"index, follow, max-snippet:-1, max-image-preview:large, max-video-preview:-1\" \/>\n<link rel=\"canonical\" href=\"https:\/\/www.koonings.com\/de\/product\/milla-nova-amberleigh\/\" \/>\n<meta property=\"og:locale\" content=\"de_DE\" \/>\n<meta property=\"og:type\" content=\"article\" \/>\n<meta property=\"og:title\" content=\"Milla Nova Amberleigh | Koonings\" \/>\n<meta property=\"og:description\" content=\"K\u00f6nigliches Statement-Hochzeitskleid, vollst\u00e4ndig von Hand versch\u00f6nert. Mit einem vollst\u00e4ndig handverzierten Mieder mit Kristall-Rollkragen, langen \u00c4rmeln mit Pailletten und eckigen Schultern sowie einem extrem volumin\u00f6sen Rock mit einer gro\u00dfen, vollst\u00e4ndig verzierten Schleppe. Das Korsett ist doppelt gen\u00e4ht, mit einem zus\u00e4tzlichen formgebenden, abnehmbaren Korsett. Das Kleid kann mit dem Amberleigh Stirnband vervollst\u00e4ndigt werden.\" \/>\n<meta property=\"og:url\" content=\"https:\/\/www.koonings.com\/de\/product\/milla-nova-amberleigh\/\" \/>\n<meta property=\"og:site_name\" content=\"Koonings\" \/>\n<meta property=\"article:publisher\" content=\"https:\/\/www.facebook.com\/kooningstheweddingpalace\" \/>\n<meta property=\"og:image\" content=\"https:\/\/www.koonings.com\/wp-content\/uploads\/2024\/11\/49260_2c0db06ab65cc3034ef83d4a22ad7425f3957ca313e6b4c43a189b1a66f4962145ef23d2.jpeg\" \/>\n\t<meta property=\"og:image:width\" content=\"812\" \/>\n\t<meta property=\"og:image:height\" content=\"1147\" \/>\n\t<meta property=\"og:image:type\" content=\"image\/jpeg\" \/>\n<meta name=\"twitter:card\" content=\"summary_large_image\" \/>\n<script type=\"application\/ld+json\" class=\"yoast-schema-graph\">{\"@context\":\"https:\\\/\\\/schema.org\",\"@graph\":[{\"@type\":\"WebPage\",\"@id\":\"https:\\\/\\\/www.koonings.com\\\/de\\\/product\\\/milla-nova-amberleigh\\\/\",\"url\":\"https:\\\/\\\/www.koonings.com\\\/de\\\/product\\\/milla-nova-amberleigh\\\/\",\"name\":\"Milla Nova Amberleigh | Koonings\",\"isPartOf\":{\"@id\":\"https:\\\/\\\/www.koonings.com\\\/de\\\/#website\"},\"primaryImageOfPage\":{\"@id\":\"https:\\\/\\\/www.koonings.com\\\/de\\\/product\\\/milla-nova-amberleigh\\\/#primaryimage\"},\"image\":{\"@id\":\"https:\\\/\\\/www.koonings.com\\\/de\\\/product\\\/milla-nova-amberleigh\\\/#primaryimage\"},\"thumbnailUrl\":\"https:\\\/\\\/www.koonings.com\\\/wp-content\\\/uploads\\\/2024\\\/11\\\/49260_2c0db06ab65cc3034ef83d4a22ad7425f3957ca313e6b4c43a189b1a66f4962145ef23d2.jpeg\",\"datePublished\":\"2026-04-28T16:28:54+00:00\",\"description\":\"K\u00f6nigliches Statement-Hochzeitskleid, vollst\u00e4ndig von Hand versch\u00f6nert. Mit einem vollst\u00e4ndig handverzierten Mieder mit Kristall-Rollkragen, langen \u00c4rmeln mit Pailletten und eckigen Schultern sowie einem extrem volumin\u00f6sen Rock mit einer gro\u00dfen, vollst\u00e4ndig verzierten Schleppe. Das Korsett ist doppelt gen\u00e4ht, mit einem zus\u00e4tzlichen formgebenden, abnehmbaren Korsett. Das Kleid kann mit dem Amberleigh Stirnband vervollst\u00e4ndigt werden.\",\"breadcrumb\":{\"@id\":\"https:\\\/\\\/www.koonings.com\\\/de\\\/product\\\/milla-nova-amberleigh\\\/#breadcrumb\"},\"inLanguage\":\"de\",\"potentialAction\":[{\"@type\":\"ReadAction\",\"target\":[\"https:\\\/\\\/www.koonings.com\\\/de\\\/product\\\/milla-nova-amberleigh\\\/\"]}]},{\"@type\":\"ImageObject\",\"inLanguage\":\"de\",\"@id\":\"https:\\\/\\\/www.koonings.com\\\/de\\\/product\\\/milla-nova-amberleigh\\\/#primaryimage\",\"url\":\"https:\\\/\\\/www.koonings.com\\\/wp-content\\\/uploads\\\/2024\\\/11\\\/49260_2c0db06ab65cc3034ef83d4a22ad7425f3957ca313e6b4c43a189b1a66f4962145ef23d2.jpeg\",\"contentUrl\":\"https:\\\/\\\/www.koonings.com\\\/wp-content\\\/uploads\\\/2024\\\/11\\\/49260_2c0db06ab65cc3034ef83d4a22ad7425f3957ca313e6b4c43a189b1a66f4962145ef23d2.jpeg\",\"width\":812,\"height\":1147},{\"@type\":\"BreadcrumbList\",\"@id\":\"https:\\\/\\\/www.koonings.com\\\/de\\\/product\\\/milla-nova-amberleigh\\\/#breadcrumb\",\"itemListElement\":[{\"@type\":\"ListItem\",\"position\":1,\"name\":\"Home\",\"item\":\"https:\\\/\\\/www.koonings.com\\\/de\\\/\"},{\"@type\":\"ListItem\",\"position\":2,\"name\":\"Milla Nova Amberleigh\"}]},{\"@type\":\"WebSite\",\"@id\":\"https:\\\/\\\/www.koonings.com\\\/de\\\/#website\",\"url\":\"https:\\\/\\\/www.koonings.com\\\/de\\\/\",\"name\":\"Koonings\",\"description\":\"De grootste bruidsmodewinkel ter wereld\",\"publisher\":{\"@id\":\"https:\\\/\\\/www.koonings.com\\\/de\\\/#organization\"},\"potentialAction\":[{\"@type\":\"SearchAction\",\"target\":{\"@type\":\"EntryPoint\",\"urlTemplate\":\"https:\\\/\\\/www.koonings.com\\\/de\\\/?s={search_term_string}\"},\"query-input\":{\"@type\":\"PropertyValueSpecification\",\"valueRequired\":true,\"valueName\":\"search_term_string\"}}],\"inLanguage\":\"de\"},{\"@type\":\"Organization\",\"@id\":\"https:\\\/\\\/www.koonings.com\\\/de\\\/#organization\",\"name\":\"Koonings\",\"url\":\"https:\\\/\\\/www.koonings.com\\\/de\\\/\",\"logo\":{\"@type\":\"ImageObject\",\"inLanguage\":\"de\",\"@id\":\"https:\\\/\\\/www.koonings.com\\\/de\\\/#\\\/schema\\\/logo\\\/image\\\/\",\"url\":\"https:\\\/\\\/www.koonings.com\\\/wp-content\\\/uploads\\\/2024\\\/07\\\/logo.png\",\"contentUrl\":\"https:\\\/\\\/www.koonings.com\\\/wp-content\\\/uploads\\\/2024\\\/07\\\/logo.png\",\"width\":600,\"height\":428,\"caption\":\"Koonings\"},\"image\":{\"@id\":\"https:\\\/\\\/www.koonings.com\\\/de\\\/#\\\/schema\\\/logo\\\/image\\\/\"},\"sameAs\":[\"https:\\\/\\\/www.facebook.com\\\/kooningstheweddingpalace\",\"https:\\\/\\\/www.instagram.com\\\/kooningstheweddingpalace\",\"https:\\\/\\\/www.pinterest.com\\\/koonings\",\"https:\\\/\\\/www.youtube.com\\\/kooningstheweddingpalace\"]}]}<\/script>\n<!-- \/ Yoast SEO plugin. -->","yoast_head_json":{"title":"Milla Nova Amberleigh | Koonings","description":"K\u00f6nigliches Statement-Hochzeitskleid, vollst\u00e4ndig von Hand versch\u00f6nert. Mit einem vollst\u00e4ndig handverzierten Mieder mit Kristall-Rollkragen, langen \u00c4rmeln mit Pailletten und eckigen Schultern sowie einem extrem volumin\u00f6sen Rock mit einer gro\u00dfen, vollst\u00e4ndig verzierten Schleppe. Das Korsett ist doppelt gen\u00e4ht, mit einem zus\u00e4tzlichen formgebenden, abnehmbaren Korsett. Das Kleid kann mit dem Amberleigh Stirnband vervollst\u00e4ndigt werden.","robots":{"index":"index","follow":"follow","max-snippet":"max-snippet:-1","max-image-preview":"max-image-preview:large","max-video-preview":"max-video-preview:-1"},"canonical":"https:\/\/www.koonings.com\/de\/product\/milla-nova-amberleigh\/","og_locale":"de_DE","og_type":"article","og_title":"Milla Nova Amberleigh | Koonings","og_description":"K\u00f6nigliches Statement-Hochzeitskleid, vollst\u00e4ndig von Hand versch\u00f6nert. Mit einem vollst\u00e4ndig handverzierten Mieder mit Kristall-Rollkragen, langen \u00c4rmeln mit Pailletten und eckigen Schultern sowie einem extrem volumin\u00f6sen Rock mit einer gro\u00dfen, vollst\u00e4ndig verzierten Schleppe. Das Korsett ist doppelt gen\u00e4ht, mit einem zus\u00e4tzlichen formgebenden, abnehmbaren Korsett. Das Kleid kann mit dem Amberleigh Stirnband vervollst\u00e4ndigt werden.","og_url":"https:\/\/www.koonings.com\/de\/product\/milla-nova-amberleigh\/","og_site_name":"Koonings","article_publisher":"https:\/\/www.facebook.com\/kooningstheweddingpalace","og_image":[{"width":812,"height":1147,"url":"https:\/\/www.koonings.com\/wp-content\/uploads\/2024\/11\/49260_2c0db06ab65cc3034ef83d4a22ad7425f3957ca313e6b4c43a189b1a66f4962145ef23d2.jpeg","type":"image\/jpeg"}],"twitter_card":"summary_large_image","schema":{"@context":"https:\/\/schema.org","@graph":[{"@type":"WebPage","@id":"https:\/\/www.koonings.com\/de\/product\/milla-nova-amberleigh\/","url":"https:\/\/www.koonings.com\/de\/product\/milla-nova-amberleigh\/","name":"Milla Nova Amberleigh | Koonings","isPartOf":{"@id":"https:\/\/www.koonings.com\/de\/#website"},"primaryImageOfPage":{"@id":"https:\/\/www.koonings.com\/de\/product\/milla-nova-amberleigh\/#primaryimage"},"image":{"@id":"https:\/\/www.koonings.com\/de\/product\/milla-nova-amberleigh\/#primaryimage"},"thumbnailUrl":"https:\/\/www.koonings.com\/wp-content\/uploads\/2024\/11\/49260_2c0db06ab65cc3034ef83d4a22ad7425f3957ca313e6b4c43a189b1a66f4962145ef23d2.jpeg","datePublished":"2026-04-28T16:28:54+00:00","description":"K\u00f6nigliches Statement-Hochzeitskleid, vollst\u00e4ndig von Hand versch\u00f6nert. Mit einem vollst\u00e4ndig handverzierten Mieder mit Kristall-Rollkragen, langen \u00c4rmeln mit Pailletten und eckigen Schultern sowie einem extrem volumin\u00f6sen Rock mit einer gro\u00dfen, vollst\u00e4ndig verzierten Schleppe. Das Korsett ist doppelt gen\u00e4ht, mit einem zus\u00e4tzlichen formgebenden, abnehmbaren Korsett. Das Kleid kann mit dem Amberleigh Stirnband vervollst\u00e4ndigt werden.","breadcrumb":{"@id":"https:\/\/www.koonings.com\/de\/product\/milla-nova-amberleigh\/#breadcrumb"},"inLanguage":"de","potentialAction":[{"@type":"ReadAction","target":["https:\/\/www.koonings.com\/de\/product\/milla-nova-amberleigh\/"]}]},{"@type":"ImageObject","inLanguage":"de","@id":"https:\/\/www.koonings.com\/de\/product\/milla-nova-amberleigh\/#primaryimage","url":"https:\/\/www.koonings.com\/wp-content\/uploads\/2024\/11\/49260_2c0db06ab65cc3034ef83d4a22ad7425f3957ca313e6b4c43a189b1a66f4962145ef23d2.jpeg","contentUrl":"https:\/\/www.koonings.com\/wp-content\/uploads\/2024\/11\/49260_2c0db06ab65cc3034ef83d4a22ad7425f3957ca313e6b4c43a189b1a66f4962145ef23d2.jpeg","width":812,"height":1147},{"@type":"BreadcrumbList","@id":"https:\/\/www.koonings.com\/de\/product\/milla-nova-amberleigh\/#breadcrumb","itemListElement":[{"@type":"ListItem","position":1,"name":"Home","item":"https:\/\/www.koonings.com\/de\/"},{"@type":"ListItem","position":2,"name":"Milla Nova Amberleigh"}]},{"@type":"WebSite","@id":"https:\/\/www.koonings.com\/de\/#website","url":"https:\/\/www.koonings.com\/de\/","name":"Koonings","description":"De grootste bruidsmodewinkel ter wereld","publisher":{"@id":"https:\/\/www.koonings.com\/de\/#organization"},"potentialAction":[{"@type":"SearchAction","target":{"@type":"EntryPoint","urlTemplate":"https:\/\/www.koonings.com\/de\/?s={search_term_string}"},"query-input":{"@type":"PropertyValueSpecification","valueRequired":true,"valueName":"search_term_string"}}],"inLanguage":"de"},{"@type":"Organization","@id":"https:\/\/www.koonings.com\/de\/#organization","name":"Koonings","url":"https:\/\/www.koonings.com\/de\/","logo":{"@type":"ImageObject","inLanguage":"de","@id":"https:\/\/www.koonings.com\/de\/#\/schema\/logo\/image\/","url":"https:\/\/www.koonings.com\/wp-content\/uploads\/2024\/07\/logo.png","contentUrl":"https:\/\/www.koonings.com\/wp-content\/uploads\/2024\/07\/logo.png","width":600,"height":428,"caption":"Koonings"},"image":{"@id":"https:\/\/www.koonings.com\/de\/#\/schema\/logo\/image\/"},"sameAs":["https:\/\/www.facebook.com\/kooningstheweddingpalace","https:\/\/www.instagram.com\/kooningstheweddingpalace","https:\/\/www.pinterest.com\/koonings","https:\/\/www.youtube.com\/kooningstheweddingpalace"]}]}},"_links":{"self":[{"href":"https:\/\/www.koonings.com\/de\/wp-json\/wp\/v2\/product\/78848","targetHints":{"allow":["GET"]}}],"collection":[{"href":"https:\/\/www.koonings.com\/de\/wp-json\/wp\/v2\/product"}],"about":[{"href":"https:\/\/www.koonings.com\/de\/wp-json\/wp\/v2\/types\/product"}],"wp:featuredmedia":[{"embeddable":true,"href":"https:\/\/www.koonings.com\/de\/wp-json\/wp\/v2\/media\/65554"}],"wp:attachment":[{"href":"https:\/\/www.koonings.com\/de\/wp-json\/wp\/v2\/media?parent=78848"}],"wp:term":[{"taxonomy":"productdetails","embeddable":true,"href":"https:\/\/www.koonings.com\/de\/wp-json\/wp\/v2\/productdetails?post=78848"},{"taxonomy":"productneck","embeddable":true,"href":"https:\/\/www.koonings.com\/de\/wp-json\/wp\/v2\/productneck?post=78848"},{"taxonomy":"productcolor","embeddable":true,"href":"https:\/\/www.koonings.com\/de\/wp-json\/wp\/v2\/productcolor?post=78848"},{"taxonomy":"maat","embeddable":true,"href":"https:\/\/www.koonings.com\/de\/wp-json\/wp\/v2\/maat?post=78848"},{"taxonomy":"productsupplier","embeddable":true,"href":"https:\/\/www.koonings.com\/de\/wp-json\/wp\/v2\/productsupplier?post=78848"},{"taxonomy":"productsleeve","embeddable":true,"href":"https:\/\/www.koonings.com\/de\/wp-json\/wp\/v2\/productsleeve?post=78848"},{"taxonomy":"productcategory","embeddable":true,"href":"https:\/\/www.koonings.com\/de\/wp-json\/wp\/v2\/productcategory?post=78848"},{"taxonomy":"productsilhouette","embeddable":true,"href":"https:\/\/www.koonings.com\/de\/wp-json\/wp\/v2\/productsilhouette?post=78848"},{"taxonomy":"productstyle","embeddable":true,"href":"https:\/\/www.koonings.com\/de\/wp-json\/wp\/v2\/productstyle?post=78848"}],"curies":[{"name":"wp","href":"https:\/\/api.w.org\/{rel}","templated":true}]}}