{"id":78819,"date":"2024-11-18T15:46:24","date_gmt":"2024-11-18T14:46:24","guid":{"rendered":"https:\/\/www.koonings.com\/product\/modeca-dafna-2\/"},"modified":"2026-02-03T19:42:43","modified_gmt":"2026-02-03T18:42:43","slug":"modeca-dafna-2","status":"publish","type":"product","link":"https:\/\/www.koonings.com\/de\/product\/modeca-dafna-2\/","title":{"rendered":"Modeca Dafna"},"content":{"rendered":"<p>Das elegante und bezaubernde Dafna Brautkleid bezaubert mit seinem tiefen Ausschnitt und dem mit zarter Perlenspitze verzierten Illusionsmieder. Der glitzernde T\u00fcllrock vervollst\u00e4ndigt diesen Braut-Look und sorgt daf\u00fcr, dass Sie bei jedem Schritt vor den Traualtar gl\u00e4nzen. Dieses Kleid ist auch mit einfarbigem T\u00fcll erh\u00e4ltlich &#8211; Dafna-A.  <\/p>\n","protected":false},"featured_media":65739,"template":"","meta":{"_acf_changed":false,"ghostkit_customizer_options":"","ghostkit_custom_css":"","ghostkit_custom_js_head":"","ghostkit_custom_js_foot":"","ghostkit_typography":""},"productdetails":[376,383,381],"productneck":[351,356],"productcolor":[393,392],"maat":[],"productsupplier":[434],"productsleeve":[359],"productcategory":[18],"productsilhouette":[384],"productstyle":[366,370],"class_list":["post-78819","product","type-product","status-publish","has-post-thumbnail","hentry","productdetails-376","productdetails-383","productdetails-381","productneck-351","productneck-356","productcolor-393","productcolor-392","productsupplier-modeca","productsleeve-359","productcategory-trouwjurken","productsilhouette-384","productstyle-366","productstyle-370"],"acf":[],"yoast_head":"<!-- This site is optimized with the Yoast SEO plugin v27.3 - https:\/\/yoast.com\/product\/yoast-seo-wordpress\/ -->\n<title>Modeca Dafna | Koonings<\/title>\n<meta name=\"description\" content=\"Das elegante und bezaubernde Dafna Brautkleid bezaubert mit seinem tiefen Ausschnitt und dem mit zarter Perlenspitze verzierten Illusionsmieder. Der glitzernde T\u00fcllrock vervollst\u00e4ndigt diesen Braut-Look und sorgt daf\u00fcr, dass Sie bei jedem Schritt vor den Traualtar gl\u00e4nzen. Dieses Kleid ist auch mit einfarbigem T\u00fcll erh\u00e4ltlich - Dafna-A.\" \/>\n<meta name=\"robots\" content=\"index, follow, max-snippet:-1, max-image-preview:large, max-video-preview:-1\" \/>\n<link rel=\"canonical\" href=\"https:\/\/www.koonings.com\/de\/product\/modeca-dafna-2\/\" \/>\n<meta property=\"og:locale\" content=\"de_DE\" \/>\n<meta property=\"og:type\" content=\"article\" \/>\n<meta property=\"og:title\" content=\"Modeca Dafna | Koonings\" \/>\n<meta property=\"og:description\" content=\"Das elegante und bezaubernde Dafna Brautkleid bezaubert mit seinem tiefen Ausschnitt und dem mit zarter Perlenspitze verzierten Illusionsmieder. Der glitzernde T\u00fcllrock vervollst\u00e4ndigt diesen Braut-Look und sorgt daf\u00fcr, dass Sie bei jedem Schritt vor den Traualtar gl\u00e4nzen. Dieses Kleid ist auch mit einfarbigem T\u00fcll erh\u00e4ltlich - Dafna-A.\" \/>\n<meta property=\"og:url\" content=\"https:\/\/www.koonings.com\/de\/product\/modeca-dafna-2\/\" \/>\n<meta property=\"og:site_name\" content=\"Koonings\" \/>\n<meta property=\"article:publisher\" content=\"https:\/\/www.facebook.com\/kooningstheweddingpalace\" \/>\n<meta property=\"article:modified_time\" content=\"2026-02-03T18:42:43+00:00\" \/>\n<meta property=\"og:image\" content=\"https:\/\/www.koonings.com\/wp-content\/uploads\/2024\/11\/48849_89ac907f927dff716d404b8c9d40f8dfa16d73c0c5658a65d30e93ea96399baed8f24706.jpeg\" \/>\n\t<meta property=\"og:image:width\" content=\"759\" \/>\n\t<meta property=\"og:image:height\" content=\"1073\" \/>\n\t<meta property=\"og:image:type\" content=\"image\/jpeg\" \/>\n<meta name=\"twitter:card\" content=\"summary_large_image\" \/>\n<script type=\"application\/ld+json\" class=\"yoast-schema-graph\">{\"@context\":\"https:\\\/\\\/schema.org\",\"@graph\":[{\"@type\":\"WebPage\",\"@id\":\"https:\\\/\\\/www.koonings.com\\\/de\\\/product\\\/modeca-dafna-2\\\/\",\"url\":\"https:\\\/\\\/www.koonings.com\\\/de\\\/product\\\/modeca-dafna-2\\\/\",\"name\":\"Modeca Dafna | Koonings\",\"isPartOf\":{\"@id\":\"https:\\\/\\\/www.koonings.com\\\/de\\\/#website\"},\"primaryImageOfPage\":{\"@id\":\"https:\\\/\\\/www.koonings.com\\\/de\\\/product\\\/modeca-dafna-2\\\/#primaryimage\"},\"image\":{\"@id\":\"https:\\\/\\\/www.koonings.com\\\/de\\\/product\\\/modeca-dafna-2\\\/#primaryimage\"},\"thumbnailUrl\":\"https:\\\/\\\/www.koonings.com\\\/wp-content\\\/uploads\\\/2024\\\/11\\\/48849_89ac907f927dff716d404b8c9d40f8dfa16d73c0c5658a65d30e93ea96399baed8f24706.jpeg\",\"datePublished\":\"2024-11-18T14:46:24+00:00\",\"dateModified\":\"2026-02-03T18:42:43+00:00\",\"description\":\"Das elegante und bezaubernde Dafna Brautkleid bezaubert mit seinem tiefen Ausschnitt und dem mit zarter Perlenspitze verzierten Illusionsmieder. Der glitzernde T\u00fcllrock vervollst\u00e4ndigt diesen Braut-Look und sorgt daf\u00fcr, dass Sie bei jedem Schritt vor den Traualtar gl\u00e4nzen. Dieses Kleid ist auch mit einfarbigem T\u00fcll erh\u00e4ltlich - Dafna-A.\",\"breadcrumb\":{\"@id\":\"https:\\\/\\\/www.koonings.com\\\/de\\\/product\\\/modeca-dafna-2\\\/#breadcrumb\"},\"inLanguage\":\"de\",\"potentialAction\":[{\"@type\":\"ReadAction\",\"target\":[\"https:\\\/\\\/www.koonings.com\\\/de\\\/product\\\/modeca-dafna-2\\\/\"]}]},{\"@type\":\"ImageObject\",\"inLanguage\":\"de\",\"@id\":\"https:\\\/\\\/www.koonings.com\\\/de\\\/product\\\/modeca-dafna-2\\\/#primaryimage\",\"url\":\"https:\\\/\\\/www.koonings.com\\\/wp-content\\\/uploads\\\/2024\\\/11\\\/48849_89ac907f927dff716d404b8c9d40f8dfa16d73c0c5658a65d30e93ea96399baed8f24706.jpeg\",\"contentUrl\":\"https:\\\/\\\/www.koonings.com\\\/wp-content\\\/uploads\\\/2024\\\/11\\\/48849_89ac907f927dff716d404b8c9d40f8dfa16d73c0c5658a65d30e93ea96399baed8f24706.jpeg\",\"width\":759,\"height\":1073},{\"@type\":\"BreadcrumbList\",\"@id\":\"https:\\\/\\\/www.koonings.com\\\/de\\\/product\\\/modeca-dafna-2\\\/#breadcrumb\",\"itemListElement\":[{\"@type\":\"ListItem\",\"position\":1,\"name\":\"Home\",\"item\":\"https:\\\/\\\/www.koonings.com\\\/de\\\/\"},{\"@type\":\"ListItem\",\"position\":2,\"name\":\"Modeca Dafna\"}]},{\"@type\":\"WebSite\",\"@id\":\"https:\\\/\\\/www.koonings.com\\\/de\\\/#website\",\"url\":\"https:\\\/\\\/www.koonings.com\\\/de\\\/\",\"name\":\"Koonings\",\"description\":\"De grootste bruidsmodewinkel ter wereld\",\"publisher\":{\"@id\":\"https:\\\/\\\/www.koonings.com\\\/de\\\/#organization\"},\"potentialAction\":[{\"@type\":\"SearchAction\",\"target\":{\"@type\":\"EntryPoint\",\"urlTemplate\":\"https:\\\/\\\/www.koonings.com\\\/de\\\/?s={search_term_string}\"},\"query-input\":{\"@type\":\"PropertyValueSpecification\",\"valueRequired\":true,\"valueName\":\"search_term_string\"}}],\"inLanguage\":\"de\"},{\"@type\":\"Organization\",\"@id\":\"https:\\\/\\\/www.koonings.com\\\/de\\\/#organization\",\"name\":\"Koonings\",\"url\":\"https:\\\/\\\/www.koonings.com\\\/de\\\/\",\"logo\":{\"@type\":\"ImageObject\",\"inLanguage\":\"de\",\"@id\":\"https:\\\/\\\/www.koonings.com\\\/de\\\/#\\\/schema\\\/logo\\\/image\\\/\",\"url\":\"https:\\\/\\\/www.koonings.com\\\/wp-content\\\/uploads\\\/2024\\\/07\\\/logo.png\",\"contentUrl\":\"https:\\\/\\\/www.koonings.com\\\/wp-content\\\/uploads\\\/2024\\\/07\\\/logo.png\",\"width\":600,\"height\":428,\"caption\":\"Koonings\"},\"image\":{\"@id\":\"https:\\\/\\\/www.koonings.com\\\/de\\\/#\\\/schema\\\/logo\\\/image\\\/\"},\"sameAs\":[\"https:\\\/\\\/www.facebook.com\\\/kooningstheweddingpalace\",\"https:\\\/\\\/www.instagram.com\\\/kooningstheweddingpalace\",\"https:\\\/\\\/www.pinterest.com\\\/koonings\",\"https:\\\/\\\/www.youtube.com\\\/kooningstheweddingpalace\"]}]}<\/script>\n<!-- \/ Yoast SEO plugin. -->","yoast_head_json":{"title":"Modeca Dafna | Koonings","description":"Das elegante und bezaubernde Dafna Brautkleid bezaubert mit seinem tiefen Ausschnitt und dem mit zarter Perlenspitze verzierten Illusionsmieder. Der glitzernde T\u00fcllrock vervollst\u00e4ndigt diesen Braut-Look und sorgt daf\u00fcr, dass Sie bei jedem Schritt vor den Traualtar gl\u00e4nzen. Dieses Kleid ist auch mit einfarbigem T\u00fcll erh\u00e4ltlich - Dafna-A.","robots":{"index":"index","follow":"follow","max-snippet":"max-snippet:-1","max-image-preview":"max-image-preview:large","max-video-preview":"max-video-preview:-1"},"canonical":"https:\/\/www.koonings.com\/de\/product\/modeca-dafna-2\/","og_locale":"de_DE","og_type":"article","og_title":"Modeca Dafna | Koonings","og_description":"Das elegante und bezaubernde Dafna Brautkleid bezaubert mit seinem tiefen Ausschnitt und dem mit zarter Perlenspitze verzierten Illusionsmieder. Der glitzernde T\u00fcllrock vervollst\u00e4ndigt diesen Braut-Look und sorgt daf\u00fcr, dass Sie bei jedem Schritt vor den Traualtar gl\u00e4nzen. Dieses Kleid ist auch mit einfarbigem T\u00fcll erh\u00e4ltlich - Dafna-A.","og_url":"https:\/\/www.koonings.com\/de\/product\/modeca-dafna-2\/","og_site_name":"Koonings","article_publisher":"https:\/\/www.facebook.com\/kooningstheweddingpalace","article_modified_time":"2026-02-03T18:42:43+00:00","og_image":[{"width":759,"height":1073,"url":"https:\/\/www.koonings.com\/wp-content\/uploads\/2024\/11\/48849_89ac907f927dff716d404b8c9d40f8dfa16d73c0c5658a65d30e93ea96399baed8f24706.jpeg","type":"image\/jpeg"}],"twitter_card":"summary_large_image","schema":{"@context":"https:\/\/schema.org","@graph":[{"@type":"WebPage","@id":"https:\/\/www.koonings.com\/de\/product\/modeca-dafna-2\/","url":"https:\/\/www.koonings.com\/de\/product\/modeca-dafna-2\/","name":"Modeca Dafna | Koonings","isPartOf":{"@id":"https:\/\/www.koonings.com\/de\/#website"},"primaryImageOfPage":{"@id":"https:\/\/www.koonings.com\/de\/product\/modeca-dafna-2\/#primaryimage"},"image":{"@id":"https:\/\/www.koonings.com\/de\/product\/modeca-dafna-2\/#primaryimage"},"thumbnailUrl":"https:\/\/www.koonings.com\/wp-content\/uploads\/2024\/11\/48849_89ac907f927dff716d404b8c9d40f8dfa16d73c0c5658a65d30e93ea96399baed8f24706.jpeg","datePublished":"2024-11-18T14:46:24+00:00","dateModified":"2026-02-03T18:42:43+00:00","description":"Das elegante und bezaubernde Dafna Brautkleid bezaubert mit seinem tiefen Ausschnitt und dem mit zarter Perlenspitze verzierten Illusionsmieder. Der glitzernde T\u00fcllrock vervollst\u00e4ndigt diesen Braut-Look und sorgt daf\u00fcr, dass Sie bei jedem Schritt vor den Traualtar gl\u00e4nzen. Dieses Kleid ist auch mit einfarbigem T\u00fcll erh\u00e4ltlich - Dafna-A.","breadcrumb":{"@id":"https:\/\/www.koonings.com\/de\/product\/modeca-dafna-2\/#breadcrumb"},"inLanguage":"de","potentialAction":[{"@type":"ReadAction","target":["https:\/\/www.koonings.com\/de\/product\/modeca-dafna-2\/"]}]},{"@type":"ImageObject","inLanguage":"de","@id":"https:\/\/www.koonings.com\/de\/product\/modeca-dafna-2\/#primaryimage","url":"https:\/\/www.koonings.com\/wp-content\/uploads\/2024\/11\/48849_89ac907f927dff716d404b8c9d40f8dfa16d73c0c5658a65d30e93ea96399baed8f24706.jpeg","contentUrl":"https:\/\/www.koonings.com\/wp-content\/uploads\/2024\/11\/48849_89ac907f927dff716d404b8c9d40f8dfa16d73c0c5658a65d30e93ea96399baed8f24706.jpeg","width":759,"height":1073},{"@type":"BreadcrumbList","@id":"https:\/\/www.koonings.com\/de\/product\/modeca-dafna-2\/#breadcrumb","itemListElement":[{"@type":"ListItem","position":1,"name":"Home","item":"https:\/\/www.koonings.com\/de\/"},{"@type":"ListItem","position":2,"name":"Modeca Dafna"}]},{"@type":"WebSite","@id":"https:\/\/www.koonings.com\/de\/#website","url":"https:\/\/www.koonings.com\/de\/","name":"Koonings","description":"De grootste bruidsmodewinkel ter wereld","publisher":{"@id":"https:\/\/www.koonings.com\/de\/#organization"},"potentialAction":[{"@type":"SearchAction","target":{"@type":"EntryPoint","urlTemplate":"https:\/\/www.koonings.com\/de\/?s={search_term_string}"},"query-input":{"@type":"PropertyValueSpecification","valueRequired":true,"valueName":"search_term_string"}}],"inLanguage":"de"},{"@type":"Organization","@id":"https:\/\/www.koonings.com\/de\/#organization","name":"Koonings","url":"https:\/\/www.koonings.com\/de\/","logo":{"@type":"ImageObject","inLanguage":"de","@id":"https:\/\/www.koonings.com\/de\/#\/schema\/logo\/image\/","url":"https:\/\/www.koonings.com\/wp-content\/uploads\/2024\/07\/logo.png","contentUrl":"https:\/\/www.koonings.com\/wp-content\/uploads\/2024\/07\/logo.png","width":600,"height":428,"caption":"Koonings"},"image":{"@id":"https:\/\/www.koonings.com\/de\/#\/schema\/logo\/image\/"},"sameAs":["https:\/\/www.facebook.com\/kooningstheweddingpalace","https:\/\/www.instagram.com\/kooningstheweddingpalace","https:\/\/www.pinterest.com\/koonings","https:\/\/www.youtube.com\/kooningstheweddingpalace"]}]}},"_links":{"self":[{"href":"https:\/\/www.koonings.com\/de\/wp-json\/wp\/v2\/product\/78819","targetHints":{"allow":["GET"]}}],"collection":[{"href":"https:\/\/www.koonings.com\/de\/wp-json\/wp\/v2\/product"}],"about":[{"href":"https:\/\/www.koonings.com\/de\/wp-json\/wp\/v2\/types\/product"}],"wp:featuredmedia":[{"embeddable":true,"href":"https:\/\/www.koonings.com\/de\/wp-json\/wp\/v2\/media\/65739"}],"wp:attachment":[{"href":"https:\/\/www.koonings.com\/de\/wp-json\/wp\/v2\/media?parent=78819"}],"wp:term":[{"taxonomy":"productdetails","embeddable":true,"href":"https:\/\/www.koonings.com\/de\/wp-json\/wp\/v2\/productdetails?post=78819"},{"taxonomy":"productneck","embeddable":true,"href":"https:\/\/www.koonings.com\/de\/wp-json\/wp\/v2\/productneck?post=78819"},{"taxonomy":"productcolor","embeddable":true,"href":"https:\/\/www.koonings.com\/de\/wp-json\/wp\/v2\/productcolor?post=78819"},{"taxonomy":"maat","embeddable":true,"href":"https:\/\/www.koonings.com\/de\/wp-json\/wp\/v2\/maat?post=78819"},{"taxonomy":"productsupplier","embeddable":true,"href":"https:\/\/www.koonings.com\/de\/wp-json\/wp\/v2\/productsupplier?post=78819"},{"taxonomy":"productsleeve","embeddable":true,"href":"https:\/\/www.koonings.com\/de\/wp-json\/wp\/v2\/productsleeve?post=78819"},{"taxonomy":"productcategory","embeddable":true,"href":"https:\/\/www.koonings.com\/de\/wp-json\/wp\/v2\/productcategory?post=78819"},{"taxonomy":"productsilhouette","embeddable":true,"href":"https:\/\/www.koonings.com\/de\/wp-json\/wp\/v2\/productsilhouette?post=78819"},{"taxonomy":"productstyle","embeddable":true,"href":"https:\/\/www.koonings.com\/de\/wp-json\/wp\/v2\/productstyle?post=78819"}],"curies":[{"name":"wp","href":"https:\/\/api.w.org\/{rel}","templated":true}]}}