{"id":78808,"date":"2024-11-18T15:46:31","date_gmt":"2024-11-18T14:46:31","guid":{"rendered":"https:\/\/www.koonings.com\/product\/modeca-davin\/"},"modified":"2026-02-03T19:43:10","modified_gmt":"2026-02-03T18:43:10","slug":"modeca-davin","status":"publish","type":"product","link":"https:\/\/www.koonings.com\/de\/product\/modeca-davin\/","title":{"rendered":"Modeca Davin"},"content":{"rendered":"<p>Das umwerfende Davin Kleid ist daf\u00fcr gemacht, Herzen zu erobern und die Aufmerksamkeit auf sich zu ziehen. Dieses tr\u00e4gerlose Kleid in A-Linie hat ein bezauberndes Mieder aus Illusionsspitze, das mit komplizierten Blumenmustern verziert ist und einen romantischen Look schafft, der einfach unwiderstehlich ist. Der tiefe herzf\u00f6rmige Ausschnitt strahlt Selbstbewusstsein und Anmut aus. Der glitzernde T\u00fcllrock mit einem k\u00fchnen Schlitz vervollst\u00e4ndigt diesen Look. Dieses Kleid ist auch mit einfarbigem T\u00fcll erh\u00e4ltlich &#8211; Davin-A.    <\/p>\n","protected":false},"featured_media":65807,"template":"","meta":{"_acf_changed":false,"ghostkit_customizer_options":"","ghostkit_custom_css":"","ghostkit_custom_js_head":"","ghostkit_custom_js_foot":"","ghostkit_typography":""},"productdetails":[378,381],"productneck":[351,354,355],"productcolor":[393,392],"maat":[],"productsupplier":[434],"productsleeve":[],"productcategory":[18],"productsilhouette":[384],"productstyle":[366,370],"class_list":["post-78808","product","type-product","status-publish","has-post-thumbnail","hentry","productdetails-378","productdetails-381","productneck-351","productneck-354","productneck-355","productcolor-393","productcolor-392","productsupplier-modeca","productcategory-trouwjurken","productsilhouette-384","productstyle-366","productstyle-370"],"acf":[],"yoast_head":"<!-- This site is optimized with the Yoast SEO plugin v27.3 - https:\/\/yoast.com\/product\/yoast-seo-wordpress\/ -->\n<title>Modeca Davin | Koonings<\/title>\n<meta name=\"description\" content=\"Das umwerfende Davin Kleid ist daf\u00fcr gemacht, Herzen zu erobern und die Aufmerksamkeit auf sich zu ziehen. Dieses tr\u00e4gerlose Kleid in A-Linie hat ein bezauberndes Mieder aus Illusionsspitze, das mit komplizierten Blumenmustern verziert ist und einen romantischen Look schafft, der einfach unwiderstehlich ist. Der tiefe herzf\u00f6rmige Ausschnitt strahlt Selbstbewusstsein und Anmut aus. Der glitzernde T\u00fcllrock mit einem k\u00fchnen Schlitz vervollst\u00e4ndigt diesen Look. Dieses Kleid ist auch mit einfarbigem T\u00fcll erh\u00e4ltlich - Davin-A.\" \/>\n<meta name=\"robots\" content=\"index, follow, max-snippet:-1, max-image-preview:large, max-video-preview:-1\" \/>\n<link rel=\"canonical\" href=\"https:\/\/www.koonings.com\/de\/product\/modeca-davin\/\" \/>\n<meta property=\"og:locale\" content=\"de_DE\" \/>\n<meta property=\"og:type\" content=\"article\" \/>\n<meta property=\"og:title\" content=\"Modeca Davin | Koonings\" \/>\n<meta property=\"og:description\" content=\"Das umwerfende Davin Kleid ist daf\u00fcr gemacht, Herzen zu erobern und die Aufmerksamkeit auf sich zu ziehen. Dieses tr\u00e4gerlose Kleid in A-Linie hat ein bezauberndes Mieder aus Illusionsspitze, das mit komplizierten Blumenmustern verziert ist und einen romantischen Look schafft, der einfach unwiderstehlich ist. Der tiefe herzf\u00f6rmige Ausschnitt strahlt Selbstbewusstsein und Anmut aus. Der glitzernde T\u00fcllrock mit einem k\u00fchnen Schlitz vervollst\u00e4ndigt diesen Look. Dieses Kleid ist auch mit einfarbigem T\u00fcll erh\u00e4ltlich - Davin-A.\" \/>\n<meta property=\"og:url\" content=\"https:\/\/www.koonings.com\/de\/product\/modeca-davin\/\" \/>\n<meta property=\"og:site_name\" content=\"Koonings\" \/>\n<meta property=\"article:publisher\" content=\"https:\/\/www.facebook.com\/kooningstheweddingpalace\" \/>\n<meta property=\"article:modified_time\" content=\"2026-02-03T18:43:10+00:00\" \/>\n<meta property=\"og:image\" content=\"https:\/\/www.koonings.com\/wp-content\/uploads\/2024\/11\/48869_3aa083baba0695f485afedd3c8b8a48c29dfb51eb8e501e2309356d49d814991a5bf5b13.jpeg\" \/>\n\t<meta property=\"og:image:width\" content=\"877\" \/>\n\t<meta property=\"og:image:height\" content=\"1241\" \/>\n\t<meta property=\"og:image:type\" content=\"image\/jpeg\" \/>\n<meta name=\"twitter:card\" content=\"summary_large_image\" \/>\n<script type=\"application\/ld+json\" class=\"yoast-schema-graph\">{\"@context\":\"https:\\\/\\\/schema.org\",\"@graph\":[{\"@type\":\"WebPage\",\"@id\":\"https:\\\/\\\/www.koonings.com\\\/de\\\/product\\\/modeca-davin\\\/\",\"url\":\"https:\\\/\\\/www.koonings.com\\\/de\\\/product\\\/modeca-davin\\\/\",\"name\":\"Modeca Davin | Koonings\",\"isPartOf\":{\"@id\":\"https:\\\/\\\/www.koonings.com\\\/de\\\/#website\"},\"primaryImageOfPage\":{\"@id\":\"https:\\\/\\\/www.koonings.com\\\/de\\\/product\\\/modeca-davin\\\/#primaryimage\"},\"image\":{\"@id\":\"https:\\\/\\\/www.koonings.com\\\/de\\\/product\\\/modeca-davin\\\/#primaryimage\"},\"thumbnailUrl\":\"https:\\\/\\\/www.koonings.com\\\/wp-content\\\/uploads\\\/2024\\\/11\\\/48869_3aa083baba0695f485afedd3c8b8a48c29dfb51eb8e501e2309356d49d814991a5bf5b13.jpeg\",\"datePublished\":\"2024-11-18T14:46:31+00:00\",\"dateModified\":\"2026-02-03T18:43:10+00:00\",\"description\":\"Das umwerfende Davin Kleid ist daf\u00fcr gemacht, Herzen zu erobern und die Aufmerksamkeit auf sich zu ziehen. Dieses tr\u00e4gerlose Kleid in A-Linie hat ein bezauberndes Mieder aus Illusionsspitze, das mit komplizierten Blumenmustern verziert ist und einen romantischen Look schafft, der einfach unwiderstehlich ist. Der tiefe herzf\u00f6rmige Ausschnitt strahlt Selbstbewusstsein und Anmut aus. Der glitzernde T\u00fcllrock mit einem k\u00fchnen Schlitz vervollst\u00e4ndigt diesen Look. Dieses Kleid ist auch mit einfarbigem T\u00fcll erh\u00e4ltlich - Davin-A.\",\"breadcrumb\":{\"@id\":\"https:\\\/\\\/www.koonings.com\\\/de\\\/product\\\/modeca-davin\\\/#breadcrumb\"},\"inLanguage\":\"de\",\"potentialAction\":[{\"@type\":\"ReadAction\",\"target\":[\"https:\\\/\\\/www.koonings.com\\\/de\\\/product\\\/modeca-davin\\\/\"]}]},{\"@type\":\"ImageObject\",\"inLanguage\":\"de\",\"@id\":\"https:\\\/\\\/www.koonings.com\\\/de\\\/product\\\/modeca-davin\\\/#primaryimage\",\"url\":\"https:\\\/\\\/www.koonings.com\\\/wp-content\\\/uploads\\\/2024\\\/11\\\/48869_3aa083baba0695f485afedd3c8b8a48c29dfb51eb8e501e2309356d49d814991a5bf5b13.jpeg\",\"contentUrl\":\"https:\\\/\\\/www.koonings.com\\\/wp-content\\\/uploads\\\/2024\\\/11\\\/48869_3aa083baba0695f485afedd3c8b8a48c29dfb51eb8e501e2309356d49d814991a5bf5b13.jpeg\",\"width\":877,\"height\":1241},{\"@type\":\"BreadcrumbList\",\"@id\":\"https:\\\/\\\/www.koonings.com\\\/de\\\/product\\\/modeca-davin\\\/#breadcrumb\",\"itemListElement\":[{\"@type\":\"ListItem\",\"position\":1,\"name\":\"Home\",\"item\":\"https:\\\/\\\/www.koonings.com\\\/de\\\/\"},{\"@type\":\"ListItem\",\"position\":2,\"name\":\"Modeca Davin\"}]},{\"@type\":\"WebSite\",\"@id\":\"https:\\\/\\\/www.koonings.com\\\/de\\\/#website\",\"url\":\"https:\\\/\\\/www.koonings.com\\\/de\\\/\",\"name\":\"Koonings\",\"description\":\"De grootste bruidsmodewinkel ter wereld\",\"publisher\":{\"@id\":\"https:\\\/\\\/www.koonings.com\\\/de\\\/#organization\"},\"potentialAction\":[{\"@type\":\"SearchAction\",\"target\":{\"@type\":\"EntryPoint\",\"urlTemplate\":\"https:\\\/\\\/www.koonings.com\\\/de\\\/?s={search_term_string}\"},\"query-input\":{\"@type\":\"PropertyValueSpecification\",\"valueRequired\":true,\"valueName\":\"search_term_string\"}}],\"inLanguage\":\"de\"},{\"@type\":\"Organization\",\"@id\":\"https:\\\/\\\/www.koonings.com\\\/de\\\/#organization\",\"name\":\"Koonings\",\"url\":\"https:\\\/\\\/www.koonings.com\\\/de\\\/\",\"logo\":{\"@type\":\"ImageObject\",\"inLanguage\":\"de\",\"@id\":\"https:\\\/\\\/www.koonings.com\\\/de\\\/#\\\/schema\\\/logo\\\/image\\\/\",\"url\":\"https:\\\/\\\/www.koonings.com\\\/wp-content\\\/uploads\\\/2024\\\/07\\\/logo.png\",\"contentUrl\":\"https:\\\/\\\/www.koonings.com\\\/wp-content\\\/uploads\\\/2024\\\/07\\\/logo.png\",\"width\":600,\"height\":428,\"caption\":\"Koonings\"},\"image\":{\"@id\":\"https:\\\/\\\/www.koonings.com\\\/de\\\/#\\\/schema\\\/logo\\\/image\\\/\"},\"sameAs\":[\"https:\\\/\\\/www.facebook.com\\\/kooningstheweddingpalace\",\"https:\\\/\\\/www.instagram.com\\\/kooningstheweddingpalace\",\"https:\\\/\\\/www.pinterest.com\\\/koonings\",\"https:\\\/\\\/www.youtube.com\\\/kooningstheweddingpalace\"]}]}<\/script>\n<!-- \/ Yoast SEO plugin. -->","yoast_head_json":{"title":"Modeca Davin | Koonings","description":"Das umwerfende Davin Kleid ist daf\u00fcr gemacht, Herzen zu erobern und die Aufmerksamkeit auf sich zu ziehen. Dieses tr\u00e4gerlose Kleid in A-Linie hat ein bezauberndes Mieder aus Illusionsspitze, das mit komplizierten Blumenmustern verziert ist und einen romantischen Look schafft, der einfach unwiderstehlich ist. Der tiefe herzf\u00f6rmige Ausschnitt strahlt Selbstbewusstsein und Anmut aus. Der glitzernde T\u00fcllrock mit einem k\u00fchnen Schlitz vervollst\u00e4ndigt diesen Look. Dieses Kleid ist auch mit einfarbigem T\u00fcll erh\u00e4ltlich - Davin-A.","robots":{"index":"index","follow":"follow","max-snippet":"max-snippet:-1","max-image-preview":"max-image-preview:large","max-video-preview":"max-video-preview:-1"},"canonical":"https:\/\/www.koonings.com\/de\/product\/modeca-davin\/","og_locale":"de_DE","og_type":"article","og_title":"Modeca Davin | Koonings","og_description":"Das umwerfende Davin Kleid ist daf\u00fcr gemacht, Herzen zu erobern und die Aufmerksamkeit auf sich zu ziehen. Dieses tr\u00e4gerlose Kleid in A-Linie hat ein bezauberndes Mieder aus Illusionsspitze, das mit komplizierten Blumenmustern verziert ist und einen romantischen Look schafft, der einfach unwiderstehlich ist. Der tiefe herzf\u00f6rmige Ausschnitt strahlt Selbstbewusstsein und Anmut aus. Der glitzernde T\u00fcllrock mit einem k\u00fchnen Schlitz vervollst\u00e4ndigt diesen Look. Dieses Kleid ist auch mit einfarbigem T\u00fcll erh\u00e4ltlich - Davin-A.","og_url":"https:\/\/www.koonings.com\/de\/product\/modeca-davin\/","og_site_name":"Koonings","article_publisher":"https:\/\/www.facebook.com\/kooningstheweddingpalace","article_modified_time":"2026-02-03T18:43:10+00:00","og_image":[{"width":877,"height":1241,"url":"https:\/\/www.koonings.com\/wp-content\/uploads\/2024\/11\/48869_3aa083baba0695f485afedd3c8b8a48c29dfb51eb8e501e2309356d49d814991a5bf5b13.jpeg","type":"image\/jpeg"}],"twitter_card":"summary_large_image","schema":{"@context":"https:\/\/schema.org","@graph":[{"@type":"WebPage","@id":"https:\/\/www.koonings.com\/de\/product\/modeca-davin\/","url":"https:\/\/www.koonings.com\/de\/product\/modeca-davin\/","name":"Modeca Davin | Koonings","isPartOf":{"@id":"https:\/\/www.koonings.com\/de\/#website"},"primaryImageOfPage":{"@id":"https:\/\/www.koonings.com\/de\/product\/modeca-davin\/#primaryimage"},"image":{"@id":"https:\/\/www.koonings.com\/de\/product\/modeca-davin\/#primaryimage"},"thumbnailUrl":"https:\/\/www.koonings.com\/wp-content\/uploads\/2024\/11\/48869_3aa083baba0695f485afedd3c8b8a48c29dfb51eb8e501e2309356d49d814991a5bf5b13.jpeg","datePublished":"2024-11-18T14:46:31+00:00","dateModified":"2026-02-03T18:43:10+00:00","description":"Das umwerfende Davin Kleid ist daf\u00fcr gemacht, Herzen zu erobern und die Aufmerksamkeit auf sich zu ziehen. Dieses tr\u00e4gerlose Kleid in A-Linie hat ein bezauberndes Mieder aus Illusionsspitze, das mit komplizierten Blumenmustern verziert ist und einen romantischen Look schafft, der einfach unwiderstehlich ist. Der tiefe herzf\u00f6rmige Ausschnitt strahlt Selbstbewusstsein und Anmut aus. Der glitzernde T\u00fcllrock mit einem k\u00fchnen Schlitz vervollst\u00e4ndigt diesen Look. Dieses Kleid ist auch mit einfarbigem T\u00fcll erh\u00e4ltlich - Davin-A.","breadcrumb":{"@id":"https:\/\/www.koonings.com\/de\/product\/modeca-davin\/#breadcrumb"},"inLanguage":"de","potentialAction":[{"@type":"ReadAction","target":["https:\/\/www.koonings.com\/de\/product\/modeca-davin\/"]}]},{"@type":"ImageObject","inLanguage":"de","@id":"https:\/\/www.koonings.com\/de\/product\/modeca-davin\/#primaryimage","url":"https:\/\/www.koonings.com\/wp-content\/uploads\/2024\/11\/48869_3aa083baba0695f485afedd3c8b8a48c29dfb51eb8e501e2309356d49d814991a5bf5b13.jpeg","contentUrl":"https:\/\/www.koonings.com\/wp-content\/uploads\/2024\/11\/48869_3aa083baba0695f485afedd3c8b8a48c29dfb51eb8e501e2309356d49d814991a5bf5b13.jpeg","width":877,"height":1241},{"@type":"BreadcrumbList","@id":"https:\/\/www.koonings.com\/de\/product\/modeca-davin\/#breadcrumb","itemListElement":[{"@type":"ListItem","position":1,"name":"Home","item":"https:\/\/www.koonings.com\/de\/"},{"@type":"ListItem","position":2,"name":"Modeca Davin"}]},{"@type":"WebSite","@id":"https:\/\/www.koonings.com\/de\/#website","url":"https:\/\/www.koonings.com\/de\/","name":"Koonings","description":"De grootste bruidsmodewinkel ter wereld","publisher":{"@id":"https:\/\/www.koonings.com\/de\/#organization"},"potentialAction":[{"@type":"SearchAction","target":{"@type":"EntryPoint","urlTemplate":"https:\/\/www.koonings.com\/de\/?s={search_term_string}"},"query-input":{"@type":"PropertyValueSpecification","valueRequired":true,"valueName":"search_term_string"}}],"inLanguage":"de"},{"@type":"Organization","@id":"https:\/\/www.koonings.com\/de\/#organization","name":"Koonings","url":"https:\/\/www.koonings.com\/de\/","logo":{"@type":"ImageObject","inLanguage":"de","@id":"https:\/\/www.koonings.com\/de\/#\/schema\/logo\/image\/","url":"https:\/\/www.koonings.com\/wp-content\/uploads\/2024\/07\/logo.png","contentUrl":"https:\/\/www.koonings.com\/wp-content\/uploads\/2024\/07\/logo.png","width":600,"height":428,"caption":"Koonings"},"image":{"@id":"https:\/\/www.koonings.com\/de\/#\/schema\/logo\/image\/"},"sameAs":["https:\/\/www.facebook.com\/kooningstheweddingpalace","https:\/\/www.instagram.com\/kooningstheweddingpalace","https:\/\/www.pinterest.com\/koonings","https:\/\/www.youtube.com\/kooningstheweddingpalace"]}]}},"_links":{"self":[{"href":"https:\/\/www.koonings.com\/de\/wp-json\/wp\/v2\/product\/78808","targetHints":{"allow":["GET"]}}],"collection":[{"href":"https:\/\/www.koonings.com\/de\/wp-json\/wp\/v2\/product"}],"about":[{"href":"https:\/\/www.koonings.com\/de\/wp-json\/wp\/v2\/types\/product"}],"wp:featuredmedia":[{"embeddable":true,"href":"https:\/\/www.koonings.com\/de\/wp-json\/wp\/v2\/media\/65807"}],"wp:attachment":[{"href":"https:\/\/www.koonings.com\/de\/wp-json\/wp\/v2\/media?parent=78808"}],"wp:term":[{"taxonomy":"productdetails","embeddable":true,"href":"https:\/\/www.koonings.com\/de\/wp-json\/wp\/v2\/productdetails?post=78808"},{"taxonomy":"productneck","embeddable":true,"href":"https:\/\/www.koonings.com\/de\/wp-json\/wp\/v2\/productneck?post=78808"},{"taxonomy":"productcolor","embeddable":true,"href":"https:\/\/www.koonings.com\/de\/wp-json\/wp\/v2\/productcolor?post=78808"},{"taxonomy":"maat","embeddable":true,"href":"https:\/\/www.koonings.com\/de\/wp-json\/wp\/v2\/maat?post=78808"},{"taxonomy":"productsupplier","embeddable":true,"href":"https:\/\/www.koonings.com\/de\/wp-json\/wp\/v2\/productsupplier?post=78808"},{"taxonomy":"productsleeve","embeddable":true,"href":"https:\/\/www.koonings.com\/de\/wp-json\/wp\/v2\/productsleeve?post=78808"},{"taxonomy":"productcategory","embeddable":true,"href":"https:\/\/www.koonings.com\/de\/wp-json\/wp\/v2\/productcategory?post=78808"},{"taxonomy":"productsilhouette","embeddable":true,"href":"https:\/\/www.koonings.com\/de\/wp-json\/wp\/v2\/productsilhouette?post=78808"},{"taxonomy":"productstyle","embeddable":true,"href":"https:\/\/www.koonings.com\/de\/wp-json\/wp\/v2\/productstyle?post=78808"}],"curies":[{"name":"wp","href":"https:\/\/api.w.org\/{rel}","templated":true}]}}