{"id":78748,"date":"2026-04-28T18:06:49","date_gmt":"2026-04-28T16:06:49","guid":{"rendered":"https:\/\/www.koonings.com\/product\/modeca-rio\/"},"modified":"2026-02-16T14:47:49","modified_gmt":"2026-02-16T13:47:49","slug":"modeca-rio","status":"publish","type":"product","link":"https:\/\/www.koonings.com\/de\/product\/modeca-rio\/","title":{"rendered":"Modeca Rio"},"content":{"rendered":"<p>Entscheiden Sie sich f\u00fcr immer mit diesem A-Linien-Design Rio. Wundersch\u00f6ne Spitze in einem Blumen- und Blattmuster schm\u00fcckt das Illusionsmieder. Sch\u00f6ne Spitzenapplikationen wurden sorgf\u00e4ltig auf dem glitzernden T\u00fcllrock und der Schleppe platziert und verleihen diesem Kleid einen romantischen und femininen Touch. Das Kleid ist mit einem offenen R\u00fccken f\u00fcr einen gewagten Look ausgestattet.   <\/p>\n","protected":false},"featured_media":66173,"template":"","meta":{"_acf_changed":false,"ghostkit_customizer_options":"","ghostkit_custom_css":"","ghostkit_custom_js_head":"","ghostkit_custom_js_foot":"","ghostkit_typography":""},"productdetails":[376,381],"productneck":[356],"productcolor":[393,392],"maat":[],"productsupplier":[434],"productsleeve":[359],"productcategory":[18],"productsilhouette":[384,389],"productstyle":[366,370],"class_list":["post-78748","product","type-product","status-publish","has-post-thumbnail","hentry","productdetails-376","productdetails-381","productneck-356","productcolor-393","productcolor-392","productsupplier-modeca","productsleeve-359","productcategory-trouwjurken","productsilhouette-384","productsilhouette-389","productstyle-366","productstyle-370"],"acf":[],"yoast_head":"<!-- This site is optimized with the Yoast SEO plugin v27.3 - https:\/\/yoast.com\/product\/yoast-seo-wordpress\/ -->\n<title>Modeca Rio | Koonings<\/title>\n<meta name=\"description\" content=\"Entscheiden Sie sich f\u00fcr immer mit diesem A-Linien-Design Rio. Wundersch\u00f6ne Spitze in einem Blumen- und Blattmuster schm\u00fcckt das Illusionsmieder. Sch\u00f6ne Spitzenapplikationen wurden sorgf\u00e4ltig auf dem glitzernden T\u00fcllrock und der Schleppe platziert und verleihen diesem Kleid einen romantischen und femininen Touch. Das Kleid ist mit einem offenen R\u00fccken f\u00fcr einen gewagten Look ausgestattet.\" \/>\n<meta name=\"robots\" content=\"index, follow, max-snippet:-1, max-image-preview:large, max-video-preview:-1\" \/>\n<link rel=\"canonical\" href=\"https:\/\/www.koonings.com\/de\/product\/modeca-rio\/\" \/>\n<meta property=\"og:locale\" content=\"de_DE\" \/>\n<meta property=\"og:type\" content=\"article\" \/>\n<meta property=\"og:title\" content=\"Modeca Rio | Koonings\" \/>\n<meta property=\"og:description\" content=\"Entscheiden Sie sich f\u00fcr immer mit diesem A-Linien-Design Rio. Wundersch\u00f6ne Spitze in einem Blumen- und Blattmuster schm\u00fcckt das Illusionsmieder. Sch\u00f6ne Spitzenapplikationen wurden sorgf\u00e4ltig auf dem glitzernden T\u00fcllrock und der Schleppe platziert und verleihen diesem Kleid einen romantischen und femininen Touch. Das Kleid ist mit einem offenen R\u00fccken f\u00fcr einen gewagten Look ausgestattet.\" \/>\n<meta property=\"og:url\" content=\"https:\/\/www.koonings.com\/de\/product\/modeca-rio\/\" \/>\n<meta property=\"og:site_name\" content=\"Koonings\" \/>\n<meta property=\"article:publisher\" content=\"https:\/\/www.facebook.com\/kooningstheweddingpalace\" \/>\n<meta property=\"og:image\" content=\"https:\/\/www.koonings.com\/wp-content\/uploads\/2024\/11\/37034_92ba012ce5e2a77b8747cc3f3b590801c1d668311f7e3d73c9c090dd22d036608a40bc55-scaled.jpeg\" \/>\n\t<meta property=\"og:image:width\" content=\"1806\" \/>\n\t<meta property=\"og:image:height\" content=\"2560\" \/>\n\t<meta property=\"og:image:type\" content=\"image\/jpeg\" \/>\n<meta name=\"twitter:card\" content=\"summary_large_image\" \/>\n<script type=\"application\/ld+json\" class=\"yoast-schema-graph\">{\"@context\":\"https:\\\/\\\/schema.org\",\"@graph\":[{\"@type\":\"WebPage\",\"@id\":\"https:\\\/\\\/www.koonings.com\\\/de\\\/product\\\/modeca-rio\\\/\",\"url\":\"https:\\\/\\\/www.koonings.com\\\/de\\\/product\\\/modeca-rio\\\/\",\"name\":\"Modeca Rio | Koonings\",\"isPartOf\":{\"@id\":\"https:\\\/\\\/www.koonings.com\\\/de\\\/#website\"},\"primaryImageOfPage\":{\"@id\":\"https:\\\/\\\/www.koonings.com\\\/de\\\/product\\\/modeca-rio\\\/#primaryimage\"},\"image\":{\"@id\":\"https:\\\/\\\/www.koonings.com\\\/de\\\/product\\\/modeca-rio\\\/#primaryimage\"},\"thumbnailUrl\":\"https:\\\/\\\/www.koonings.com\\\/wp-content\\\/uploads\\\/2024\\\/11\\\/37034_92ba012ce5e2a77b8747cc3f3b590801c1d668311f7e3d73c9c090dd22d036608a40bc55-scaled.jpeg\",\"datePublished\":\"2026-04-28T16:06:49+00:00\",\"description\":\"Entscheiden Sie sich f\u00fcr immer mit diesem A-Linien-Design Rio. Wundersch\u00f6ne Spitze in einem Blumen- und Blattmuster schm\u00fcckt das Illusionsmieder. Sch\u00f6ne Spitzenapplikationen wurden sorgf\u00e4ltig auf dem glitzernden T\u00fcllrock und der Schleppe platziert und verleihen diesem Kleid einen romantischen und femininen Touch. Das Kleid ist mit einem offenen R\u00fccken f\u00fcr einen gewagten Look ausgestattet.\",\"breadcrumb\":{\"@id\":\"https:\\\/\\\/www.koonings.com\\\/de\\\/product\\\/modeca-rio\\\/#breadcrumb\"},\"inLanguage\":\"de\",\"potentialAction\":[{\"@type\":\"ReadAction\",\"target\":[\"https:\\\/\\\/www.koonings.com\\\/de\\\/product\\\/modeca-rio\\\/\"]}]},{\"@type\":\"ImageObject\",\"inLanguage\":\"de\",\"@id\":\"https:\\\/\\\/www.koonings.com\\\/de\\\/product\\\/modeca-rio\\\/#primaryimage\",\"url\":\"https:\\\/\\\/www.koonings.com\\\/wp-content\\\/uploads\\\/2024\\\/11\\\/37034_92ba012ce5e2a77b8747cc3f3b590801c1d668311f7e3d73c9c090dd22d036608a40bc55-scaled.jpeg\",\"contentUrl\":\"https:\\\/\\\/www.koonings.com\\\/wp-content\\\/uploads\\\/2024\\\/11\\\/37034_92ba012ce5e2a77b8747cc3f3b590801c1d668311f7e3d73c9c090dd22d036608a40bc55-scaled.jpeg\",\"width\":1806,\"height\":2560},{\"@type\":\"BreadcrumbList\",\"@id\":\"https:\\\/\\\/www.koonings.com\\\/de\\\/product\\\/modeca-rio\\\/#breadcrumb\",\"itemListElement\":[{\"@type\":\"ListItem\",\"position\":1,\"name\":\"Home\",\"item\":\"https:\\\/\\\/www.koonings.com\\\/de\\\/\"},{\"@type\":\"ListItem\",\"position\":2,\"name\":\"Modeca Rio\"}]},{\"@type\":\"WebSite\",\"@id\":\"https:\\\/\\\/www.koonings.com\\\/de\\\/#website\",\"url\":\"https:\\\/\\\/www.koonings.com\\\/de\\\/\",\"name\":\"Koonings\",\"description\":\"De grootste bruidsmodewinkel ter wereld\",\"publisher\":{\"@id\":\"https:\\\/\\\/www.koonings.com\\\/de\\\/#organization\"},\"potentialAction\":[{\"@type\":\"SearchAction\",\"target\":{\"@type\":\"EntryPoint\",\"urlTemplate\":\"https:\\\/\\\/www.koonings.com\\\/de\\\/?s={search_term_string}\"},\"query-input\":{\"@type\":\"PropertyValueSpecification\",\"valueRequired\":true,\"valueName\":\"search_term_string\"}}],\"inLanguage\":\"de\"},{\"@type\":\"Organization\",\"@id\":\"https:\\\/\\\/www.koonings.com\\\/de\\\/#organization\",\"name\":\"Koonings\",\"url\":\"https:\\\/\\\/www.koonings.com\\\/de\\\/\",\"logo\":{\"@type\":\"ImageObject\",\"inLanguage\":\"de\",\"@id\":\"https:\\\/\\\/www.koonings.com\\\/de\\\/#\\\/schema\\\/logo\\\/image\\\/\",\"url\":\"https:\\\/\\\/www.koonings.com\\\/wp-content\\\/uploads\\\/2024\\\/07\\\/logo.png\",\"contentUrl\":\"https:\\\/\\\/www.koonings.com\\\/wp-content\\\/uploads\\\/2024\\\/07\\\/logo.png\",\"width\":600,\"height\":428,\"caption\":\"Koonings\"},\"image\":{\"@id\":\"https:\\\/\\\/www.koonings.com\\\/de\\\/#\\\/schema\\\/logo\\\/image\\\/\"},\"sameAs\":[\"https:\\\/\\\/www.facebook.com\\\/kooningstheweddingpalace\",\"https:\\\/\\\/www.instagram.com\\\/kooningstheweddingpalace\",\"https:\\\/\\\/www.pinterest.com\\\/koonings\",\"https:\\\/\\\/www.youtube.com\\\/kooningstheweddingpalace\"]}]}<\/script>\n<!-- \/ Yoast SEO plugin. -->","yoast_head_json":{"title":"Modeca Rio | Koonings","description":"Entscheiden Sie sich f\u00fcr immer mit diesem A-Linien-Design Rio. Wundersch\u00f6ne Spitze in einem Blumen- und Blattmuster schm\u00fcckt das Illusionsmieder. Sch\u00f6ne Spitzenapplikationen wurden sorgf\u00e4ltig auf dem glitzernden T\u00fcllrock und der Schleppe platziert und verleihen diesem Kleid einen romantischen und femininen Touch. Das Kleid ist mit einem offenen R\u00fccken f\u00fcr einen gewagten Look ausgestattet.","robots":{"index":"index","follow":"follow","max-snippet":"max-snippet:-1","max-image-preview":"max-image-preview:large","max-video-preview":"max-video-preview:-1"},"canonical":"https:\/\/www.koonings.com\/de\/product\/modeca-rio\/","og_locale":"de_DE","og_type":"article","og_title":"Modeca Rio | Koonings","og_description":"Entscheiden Sie sich f\u00fcr immer mit diesem A-Linien-Design Rio. Wundersch\u00f6ne Spitze in einem Blumen- und Blattmuster schm\u00fcckt das Illusionsmieder. Sch\u00f6ne Spitzenapplikationen wurden sorgf\u00e4ltig auf dem glitzernden T\u00fcllrock und der Schleppe platziert und verleihen diesem Kleid einen romantischen und femininen Touch. Das Kleid ist mit einem offenen R\u00fccken f\u00fcr einen gewagten Look ausgestattet.","og_url":"https:\/\/www.koonings.com\/de\/product\/modeca-rio\/","og_site_name":"Koonings","article_publisher":"https:\/\/www.facebook.com\/kooningstheweddingpalace","og_image":[{"width":1806,"height":2560,"url":"https:\/\/www.koonings.com\/wp-content\/uploads\/2024\/11\/37034_92ba012ce5e2a77b8747cc3f3b590801c1d668311f7e3d73c9c090dd22d036608a40bc55-scaled.jpeg","type":"image\/jpeg"}],"twitter_card":"summary_large_image","schema":{"@context":"https:\/\/schema.org","@graph":[{"@type":"WebPage","@id":"https:\/\/www.koonings.com\/de\/product\/modeca-rio\/","url":"https:\/\/www.koonings.com\/de\/product\/modeca-rio\/","name":"Modeca Rio | Koonings","isPartOf":{"@id":"https:\/\/www.koonings.com\/de\/#website"},"primaryImageOfPage":{"@id":"https:\/\/www.koonings.com\/de\/product\/modeca-rio\/#primaryimage"},"image":{"@id":"https:\/\/www.koonings.com\/de\/product\/modeca-rio\/#primaryimage"},"thumbnailUrl":"https:\/\/www.koonings.com\/wp-content\/uploads\/2024\/11\/37034_92ba012ce5e2a77b8747cc3f3b590801c1d668311f7e3d73c9c090dd22d036608a40bc55-scaled.jpeg","datePublished":"2026-04-28T16:06:49+00:00","description":"Entscheiden Sie sich f\u00fcr immer mit diesem A-Linien-Design Rio. Wundersch\u00f6ne Spitze in einem Blumen- und Blattmuster schm\u00fcckt das Illusionsmieder. Sch\u00f6ne Spitzenapplikationen wurden sorgf\u00e4ltig auf dem glitzernden T\u00fcllrock und der Schleppe platziert und verleihen diesem Kleid einen romantischen und femininen Touch. Das Kleid ist mit einem offenen R\u00fccken f\u00fcr einen gewagten Look ausgestattet.","breadcrumb":{"@id":"https:\/\/www.koonings.com\/de\/product\/modeca-rio\/#breadcrumb"},"inLanguage":"de","potentialAction":[{"@type":"ReadAction","target":["https:\/\/www.koonings.com\/de\/product\/modeca-rio\/"]}]},{"@type":"ImageObject","inLanguage":"de","@id":"https:\/\/www.koonings.com\/de\/product\/modeca-rio\/#primaryimage","url":"https:\/\/www.koonings.com\/wp-content\/uploads\/2024\/11\/37034_92ba012ce5e2a77b8747cc3f3b590801c1d668311f7e3d73c9c090dd22d036608a40bc55-scaled.jpeg","contentUrl":"https:\/\/www.koonings.com\/wp-content\/uploads\/2024\/11\/37034_92ba012ce5e2a77b8747cc3f3b590801c1d668311f7e3d73c9c090dd22d036608a40bc55-scaled.jpeg","width":1806,"height":2560},{"@type":"BreadcrumbList","@id":"https:\/\/www.koonings.com\/de\/product\/modeca-rio\/#breadcrumb","itemListElement":[{"@type":"ListItem","position":1,"name":"Home","item":"https:\/\/www.koonings.com\/de\/"},{"@type":"ListItem","position":2,"name":"Modeca Rio"}]},{"@type":"WebSite","@id":"https:\/\/www.koonings.com\/de\/#website","url":"https:\/\/www.koonings.com\/de\/","name":"Koonings","description":"De grootste bruidsmodewinkel ter wereld","publisher":{"@id":"https:\/\/www.koonings.com\/de\/#organization"},"potentialAction":[{"@type":"SearchAction","target":{"@type":"EntryPoint","urlTemplate":"https:\/\/www.koonings.com\/de\/?s={search_term_string}"},"query-input":{"@type":"PropertyValueSpecification","valueRequired":true,"valueName":"search_term_string"}}],"inLanguage":"de"},{"@type":"Organization","@id":"https:\/\/www.koonings.com\/de\/#organization","name":"Koonings","url":"https:\/\/www.koonings.com\/de\/","logo":{"@type":"ImageObject","inLanguage":"de","@id":"https:\/\/www.koonings.com\/de\/#\/schema\/logo\/image\/","url":"https:\/\/www.koonings.com\/wp-content\/uploads\/2024\/07\/logo.png","contentUrl":"https:\/\/www.koonings.com\/wp-content\/uploads\/2024\/07\/logo.png","width":600,"height":428,"caption":"Koonings"},"image":{"@id":"https:\/\/www.koonings.com\/de\/#\/schema\/logo\/image\/"},"sameAs":["https:\/\/www.facebook.com\/kooningstheweddingpalace","https:\/\/www.instagram.com\/kooningstheweddingpalace","https:\/\/www.pinterest.com\/koonings","https:\/\/www.youtube.com\/kooningstheweddingpalace"]}]}},"_links":{"self":[{"href":"https:\/\/www.koonings.com\/de\/wp-json\/wp\/v2\/product\/78748","targetHints":{"allow":["GET"]}}],"collection":[{"href":"https:\/\/www.koonings.com\/de\/wp-json\/wp\/v2\/product"}],"about":[{"href":"https:\/\/www.koonings.com\/de\/wp-json\/wp\/v2\/types\/product"}],"wp:featuredmedia":[{"embeddable":true,"href":"https:\/\/www.koonings.com\/de\/wp-json\/wp\/v2\/media\/66173"}],"wp:attachment":[{"href":"https:\/\/www.koonings.com\/de\/wp-json\/wp\/v2\/media?parent=78748"}],"wp:term":[{"taxonomy":"productdetails","embeddable":true,"href":"https:\/\/www.koonings.com\/de\/wp-json\/wp\/v2\/productdetails?post=78748"},{"taxonomy":"productneck","embeddable":true,"href":"https:\/\/www.koonings.com\/de\/wp-json\/wp\/v2\/productneck?post=78748"},{"taxonomy":"productcolor","embeddable":true,"href":"https:\/\/www.koonings.com\/de\/wp-json\/wp\/v2\/productcolor?post=78748"},{"taxonomy":"maat","embeddable":true,"href":"https:\/\/www.koonings.com\/de\/wp-json\/wp\/v2\/maat?post=78748"},{"taxonomy":"productsupplier","embeddable":true,"href":"https:\/\/www.koonings.com\/de\/wp-json\/wp\/v2\/productsupplier?post=78748"},{"taxonomy":"productsleeve","embeddable":true,"href":"https:\/\/www.koonings.com\/de\/wp-json\/wp\/v2\/productsleeve?post=78748"},{"taxonomy":"productcategory","embeddable":true,"href":"https:\/\/www.koonings.com\/de\/wp-json\/wp\/v2\/productcategory?post=78748"},{"taxonomy":"productsilhouette","embeddable":true,"href":"https:\/\/www.koonings.com\/de\/wp-json\/wp\/v2\/productsilhouette?post=78748"},{"taxonomy":"productstyle","embeddable":true,"href":"https:\/\/www.koonings.com\/de\/wp-json\/wp\/v2\/productstyle?post=78748"}],"curies":[{"name":"wp","href":"https:\/\/api.w.org\/{rel}","templated":true}]}}