{"id":78747,"date":"2026-04-28T18:08:14","date_gmt":"2026-04-28T16:08:14","guid":{"rendered":"https:\/\/www.koonings.com\/product\/modeca-rian\/"},"modified":"2026-02-16T14:47:48","modified_gmt":"2026-02-16T13:47:48","slug":"modeca-rian","status":"publish","type":"product","link":"https:\/\/www.koonings.com\/de\/product\/modeca-rian\/","title":{"rendered":"Modeca Rian"},"content":{"rendered":"<p>Das Fit &amp; Flare Kleid Rian wird Ihre Figur wundersch\u00f6n zur Geltung bringen. Dieses Kleid wurde f\u00fcr die glamour\u00f6se und modische Braut entworfen und verf\u00fcgt \u00fcber ein wundersch\u00f6nes Spitzenmieder mit tiefem Ausschnitt und durchsichtigen Seiten, die diesem Kleid ein sexy Flair verleihen. Der taillierte Rock aus glitzerndem T\u00fcll ist mit wundersch\u00f6nen Spitzenapplikationen verziert und l\u00e4uft unten in eine kapellenlange Schleppe aus.  <\/p>\n","protected":false},"featured_media":66223,"template":"","meta":{"_acf_changed":false,"ghostkit_customizer_options":"","ghostkit_custom_css":"","ghostkit_custom_js_head":"","ghostkit_custom_js_foot":"","ghostkit_typography":""},"productdetails":[379,381],"productneck":[356],"productcolor":[393,392],"maat":[],"productsupplier":[434],"productsleeve":[359],"productcategory":[18],"productsilhouette":[387,390],"productstyle":[366],"class_list":["post-78747","product","type-product","status-publish","has-post-thumbnail","hentry","productdetails-379","productdetails-381","productneck-356","productcolor-393","productcolor-392","productsupplier-modeca","productsleeve-359","productcategory-trouwjurken","productsilhouette-387","productsilhouette-390","productstyle-366"],"acf":[],"yoast_head":"<!-- This site is optimized with the Yoast SEO plugin v27.3 - https:\/\/yoast.com\/product\/yoast-seo-wordpress\/ -->\n<title>Modeca Rian | Koonings<\/title>\n<meta name=\"description\" content=\"Das Fit &amp; Flare Kleid Rian wird Ihre Figur wundersch\u00f6n zur Geltung bringen. Dieses Kleid wurde f\u00fcr die glamour\u00f6se und modische Braut entworfen und verf\u00fcgt \u00fcber ein wundersch\u00f6nes Spitzenmieder mit tiefem Ausschnitt und durchsichtigen Seiten, die diesem Kleid ein sexy Flair verleihen. Der taillierte Rock aus glitzerndem T\u00fcll ist mit wundersch\u00f6nen Spitzenapplikationen verziert und l\u00e4uft unten in eine kapellenlange Schleppe aus.\" \/>\n<meta name=\"robots\" content=\"index, follow, max-snippet:-1, max-image-preview:large, max-video-preview:-1\" \/>\n<link rel=\"canonical\" href=\"https:\/\/www.koonings.com\/de\/product\/modeca-rian\/\" \/>\n<meta property=\"og:locale\" content=\"de_DE\" \/>\n<meta property=\"og:type\" content=\"article\" \/>\n<meta property=\"og:title\" content=\"Modeca Rian | Koonings\" \/>\n<meta property=\"og:description\" content=\"Das Fit &amp; Flare Kleid Rian wird Ihre Figur wundersch\u00f6n zur Geltung bringen. Dieses Kleid wurde f\u00fcr die glamour\u00f6se und modische Braut entworfen und verf\u00fcgt \u00fcber ein wundersch\u00f6nes Spitzenmieder mit tiefem Ausschnitt und durchsichtigen Seiten, die diesem Kleid ein sexy Flair verleihen. Der taillierte Rock aus glitzerndem T\u00fcll ist mit wundersch\u00f6nen Spitzenapplikationen verziert und l\u00e4uft unten in eine kapellenlange Schleppe aus.\" \/>\n<meta property=\"og:url\" content=\"https:\/\/www.koonings.com\/de\/product\/modeca-rian\/\" \/>\n<meta property=\"og:site_name\" content=\"Koonings\" \/>\n<meta property=\"article:publisher\" content=\"https:\/\/www.facebook.com\/kooningstheweddingpalace\" \/>\n<meta property=\"og:image\" content=\"https:\/\/www.koonings.com\/wp-content\/uploads\/2024\/11\/37544_6d066ff66dccb6dae23e104d465ab18bbf4973d0cfd397858255e5c903c708280837f390-scaled.jpeg\" \/>\n\t<meta property=\"og:image:width\" content=\"1812\" \/>\n\t<meta property=\"og:image:height\" content=\"2560\" \/>\n\t<meta property=\"og:image:type\" content=\"image\/jpeg\" \/>\n<meta name=\"twitter:card\" content=\"summary_large_image\" \/>\n<script type=\"application\/ld+json\" class=\"yoast-schema-graph\">{\"@context\":\"https:\\\/\\\/schema.org\",\"@graph\":[{\"@type\":\"WebPage\",\"@id\":\"https:\\\/\\\/www.koonings.com\\\/de\\\/product\\\/modeca-rian\\\/\",\"url\":\"https:\\\/\\\/www.koonings.com\\\/de\\\/product\\\/modeca-rian\\\/\",\"name\":\"Modeca Rian | Koonings\",\"isPartOf\":{\"@id\":\"https:\\\/\\\/www.koonings.com\\\/de\\\/#website\"},\"primaryImageOfPage\":{\"@id\":\"https:\\\/\\\/www.koonings.com\\\/de\\\/product\\\/modeca-rian\\\/#primaryimage\"},\"image\":{\"@id\":\"https:\\\/\\\/www.koonings.com\\\/de\\\/product\\\/modeca-rian\\\/#primaryimage\"},\"thumbnailUrl\":\"https:\\\/\\\/www.koonings.com\\\/wp-content\\\/uploads\\\/2024\\\/11\\\/37544_6d066ff66dccb6dae23e104d465ab18bbf4973d0cfd397858255e5c903c708280837f390-scaled.jpeg\",\"datePublished\":\"2026-04-28T16:08:14+00:00\",\"description\":\"Das Fit & Flare Kleid Rian wird Ihre Figur wundersch\u00f6n zur Geltung bringen. Dieses Kleid wurde f\u00fcr die glamour\u00f6se und modische Braut entworfen und verf\u00fcgt \u00fcber ein wundersch\u00f6nes Spitzenmieder mit tiefem Ausschnitt und durchsichtigen Seiten, die diesem Kleid ein sexy Flair verleihen. Der taillierte Rock aus glitzerndem T\u00fcll ist mit wundersch\u00f6nen Spitzenapplikationen verziert und l\u00e4uft unten in eine kapellenlange Schleppe aus.\",\"breadcrumb\":{\"@id\":\"https:\\\/\\\/www.koonings.com\\\/de\\\/product\\\/modeca-rian\\\/#breadcrumb\"},\"inLanguage\":\"de\",\"potentialAction\":[{\"@type\":\"ReadAction\",\"target\":[\"https:\\\/\\\/www.koonings.com\\\/de\\\/product\\\/modeca-rian\\\/\"]}]},{\"@type\":\"ImageObject\",\"inLanguage\":\"de\",\"@id\":\"https:\\\/\\\/www.koonings.com\\\/de\\\/product\\\/modeca-rian\\\/#primaryimage\",\"url\":\"https:\\\/\\\/www.koonings.com\\\/wp-content\\\/uploads\\\/2024\\\/11\\\/37544_6d066ff66dccb6dae23e104d465ab18bbf4973d0cfd397858255e5c903c708280837f390-scaled.jpeg\",\"contentUrl\":\"https:\\\/\\\/www.koonings.com\\\/wp-content\\\/uploads\\\/2024\\\/11\\\/37544_6d066ff66dccb6dae23e104d465ab18bbf4973d0cfd397858255e5c903c708280837f390-scaled.jpeg\",\"width\":1812,\"height\":2560},{\"@type\":\"BreadcrumbList\",\"@id\":\"https:\\\/\\\/www.koonings.com\\\/de\\\/product\\\/modeca-rian\\\/#breadcrumb\",\"itemListElement\":[{\"@type\":\"ListItem\",\"position\":1,\"name\":\"Home\",\"item\":\"https:\\\/\\\/www.koonings.com\\\/de\\\/\"},{\"@type\":\"ListItem\",\"position\":2,\"name\":\"Modeca Rian\"}]},{\"@type\":\"WebSite\",\"@id\":\"https:\\\/\\\/www.koonings.com\\\/de\\\/#website\",\"url\":\"https:\\\/\\\/www.koonings.com\\\/de\\\/\",\"name\":\"Koonings\",\"description\":\"De grootste bruidsmodewinkel ter wereld\",\"publisher\":{\"@id\":\"https:\\\/\\\/www.koonings.com\\\/de\\\/#organization\"},\"potentialAction\":[{\"@type\":\"SearchAction\",\"target\":{\"@type\":\"EntryPoint\",\"urlTemplate\":\"https:\\\/\\\/www.koonings.com\\\/de\\\/?s={search_term_string}\"},\"query-input\":{\"@type\":\"PropertyValueSpecification\",\"valueRequired\":true,\"valueName\":\"search_term_string\"}}],\"inLanguage\":\"de\"},{\"@type\":\"Organization\",\"@id\":\"https:\\\/\\\/www.koonings.com\\\/de\\\/#organization\",\"name\":\"Koonings\",\"url\":\"https:\\\/\\\/www.koonings.com\\\/de\\\/\",\"logo\":{\"@type\":\"ImageObject\",\"inLanguage\":\"de\",\"@id\":\"https:\\\/\\\/www.koonings.com\\\/de\\\/#\\\/schema\\\/logo\\\/image\\\/\",\"url\":\"https:\\\/\\\/www.koonings.com\\\/wp-content\\\/uploads\\\/2024\\\/07\\\/logo.png\",\"contentUrl\":\"https:\\\/\\\/www.koonings.com\\\/wp-content\\\/uploads\\\/2024\\\/07\\\/logo.png\",\"width\":600,\"height\":428,\"caption\":\"Koonings\"},\"image\":{\"@id\":\"https:\\\/\\\/www.koonings.com\\\/de\\\/#\\\/schema\\\/logo\\\/image\\\/\"},\"sameAs\":[\"https:\\\/\\\/www.facebook.com\\\/kooningstheweddingpalace\",\"https:\\\/\\\/www.instagram.com\\\/kooningstheweddingpalace\",\"https:\\\/\\\/www.pinterest.com\\\/koonings\",\"https:\\\/\\\/www.youtube.com\\\/kooningstheweddingpalace\"]}]}<\/script>\n<!-- \/ Yoast SEO plugin. -->","yoast_head_json":{"title":"Modeca Rian | Koonings","description":"Das Fit & Flare Kleid Rian wird Ihre Figur wundersch\u00f6n zur Geltung bringen. Dieses Kleid wurde f\u00fcr die glamour\u00f6se und modische Braut entworfen und verf\u00fcgt \u00fcber ein wundersch\u00f6nes Spitzenmieder mit tiefem Ausschnitt und durchsichtigen Seiten, die diesem Kleid ein sexy Flair verleihen. Der taillierte Rock aus glitzerndem T\u00fcll ist mit wundersch\u00f6nen Spitzenapplikationen verziert und l\u00e4uft unten in eine kapellenlange Schleppe aus.","robots":{"index":"index","follow":"follow","max-snippet":"max-snippet:-1","max-image-preview":"max-image-preview:large","max-video-preview":"max-video-preview:-1"},"canonical":"https:\/\/www.koonings.com\/de\/product\/modeca-rian\/","og_locale":"de_DE","og_type":"article","og_title":"Modeca Rian | Koonings","og_description":"Das Fit & Flare Kleid Rian wird Ihre Figur wundersch\u00f6n zur Geltung bringen. Dieses Kleid wurde f\u00fcr die glamour\u00f6se und modische Braut entworfen und verf\u00fcgt \u00fcber ein wundersch\u00f6nes Spitzenmieder mit tiefem Ausschnitt und durchsichtigen Seiten, die diesem Kleid ein sexy Flair verleihen. Der taillierte Rock aus glitzerndem T\u00fcll ist mit wundersch\u00f6nen Spitzenapplikationen verziert und l\u00e4uft unten in eine kapellenlange Schleppe aus.","og_url":"https:\/\/www.koonings.com\/de\/product\/modeca-rian\/","og_site_name":"Koonings","article_publisher":"https:\/\/www.facebook.com\/kooningstheweddingpalace","og_image":[{"width":1812,"height":2560,"url":"https:\/\/www.koonings.com\/wp-content\/uploads\/2024\/11\/37544_6d066ff66dccb6dae23e104d465ab18bbf4973d0cfd397858255e5c903c708280837f390-scaled.jpeg","type":"image\/jpeg"}],"twitter_card":"summary_large_image","schema":{"@context":"https:\/\/schema.org","@graph":[{"@type":"WebPage","@id":"https:\/\/www.koonings.com\/de\/product\/modeca-rian\/","url":"https:\/\/www.koonings.com\/de\/product\/modeca-rian\/","name":"Modeca Rian | Koonings","isPartOf":{"@id":"https:\/\/www.koonings.com\/de\/#website"},"primaryImageOfPage":{"@id":"https:\/\/www.koonings.com\/de\/product\/modeca-rian\/#primaryimage"},"image":{"@id":"https:\/\/www.koonings.com\/de\/product\/modeca-rian\/#primaryimage"},"thumbnailUrl":"https:\/\/www.koonings.com\/wp-content\/uploads\/2024\/11\/37544_6d066ff66dccb6dae23e104d465ab18bbf4973d0cfd397858255e5c903c708280837f390-scaled.jpeg","datePublished":"2026-04-28T16:08:14+00:00","description":"Das Fit & Flare Kleid Rian wird Ihre Figur wundersch\u00f6n zur Geltung bringen. Dieses Kleid wurde f\u00fcr die glamour\u00f6se und modische Braut entworfen und verf\u00fcgt \u00fcber ein wundersch\u00f6nes Spitzenmieder mit tiefem Ausschnitt und durchsichtigen Seiten, die diesem Kleid ein sexy Flair verleihen. Der taillierte Rock aus glitzerndem T\u00fcll ist mit wundersch\u00f6nen Spitzenapplikationen verziert und l\u00e4uft unten in eine kapellenlange Schleppe aus.","breadcrumb":{"@id":"https:\/\/www.koonings.com\/de\/product\/modeca-rian\/#breadcrumb"},"inLanguage":"de","potentialAction":[{"@type":"ReadAction","target":["https:\/\/www.koonings.com\/de\/product\/modeca-rian\/"]}]},{"@type":"ImageObject","inLanguage":"de","@id":"https:\/\/www.koonings.com\/de\/product\/modeca-rian\/#primaryimage","url":"https:\/\/www.koonings.com\/wp-content\/uploads\/2024\/11\/37544_6d066ff66dccb6dae23e104d465ab18bbf4973d0cfd397858255e5c903c708280837f390-scaled.jpeg","contentUrl":"https:\/\/www.koonings.com\/wp-content\/uploads\/2024\/11\/37544_6d066ff66dccb6dae23e104d465ab18bbf4973d0cfd397858255e5c903c708280837f390-scaled.jpeg","width":1812,"height":2560},{"@type":"BreadcrumbList","@id":"https:\/\/www.koonings.com\/de\/product\/modeca-rian\/#breadcrumb","itemListElement":[{"@type":"ListItem","position":1,"name":"Home","item":"https:\/\/www.koonings.com\/de\/"},{"@type":"ListItem","position":2,"name":"Modeca Rian"}]},{"@type":"WebSite","@id":"https:\/\/www.koonings.com\/de\/#website","url":"https:\/\/www.koonings.com\/de\/","name":"Koonings","description":"De grootste bruidsmodewinkel ter wereld","publisher":{"@id":"https:\/\/www.koonings.com\/de\/#organization"},"potentialAction":[{"@type":"SearchAction","target":{"@type":"EntryPoint","urlTemplate":"https:\/\/www.koonings.com\/de\/?s={search_term_string}"},"query-input":{"@type":"PropertyValueSpecification","valueRequired":true,"valueName":"search_term_string"}}],"inLanguage":"de"},{"@type":"Organization","@id":"https:\/\/www.koonings.com\/de\/#organization","name":"Koonings","url":"https:\/\/www.koonings.com\/de\/","logo":{"@type":"ImageObject","inLanguage":"de","@id":"https:\/\/www.koonings.com\/de\/#\/schema\/logo\/image\/","url":"https:\/\/www.koonings.com\/wp-content\/uploads\/2024\/07\/logo.png","contentUrl":"https:\/\/www.koonings.com\/wp-content\/uploads\/2024\/07\/logo.png","width":600,"height":428,"caption":"Koonings"},"image":{"@id":"https:\/\/www.koonings.com\/de\/#\/schema\/logo\/image\/"},"sameAs":["https:\/\/www.facebook.com\/kooningstheweddingpalace","https:\/\/www.instagram.com\/kooningstheweddingpalace","https:\/\/www.pinterest.com\/koonings","https:\/\/www.youtube.com\/kooningstheweddingpalace"]}]}},"_links":{"self":[{"href":"https:\/\/www.koonings.com\/de\/wp-json\/wp\/v2\/product\/78747","targetHints":{"allow":["GET"]}}],"collection":[{"href":"https:\/\/www.koonings.com\/de\/wp-json\/wp\/v2\/product"}],"about":[{"href":"https:\/\/www.koonings.com\/de\/wp-json\/wp\/v2\/types\/product"}],"wp:featuredmedia":[{"embeddable":true,"href":"https:\/\/www.koonings.com\/de\/wp-json\/wp\/v2\/media\/66223"}],"wp:attachment":[{"href":"https:\/\/www.koonings.com\/de\/wp-json\/wp\/v2\/media?parent=78747"}],"wp:term":[{"taxonomy":"productdetails","embeddable":true,"href":"https:\/\/www.koonings.com\/de\/wp-json\/wp\/v2\/productdetails?post=78747"},{"taxonomy":"productneck","embeddable":true,"href":"https:\/\/www.koonings.com\/de\/wp-json\/wp\/v2\/productneck?post=78747"},{"taxonomy":"productcolor","embeddable":true,"href":"https:\/\/www.koonings.com\/de\/wp-json\/wp\/v2\/productcolor?post=78747"},{"taxonomy":"maat","embeddable":true,"href":"https:\/\/www.koonings.com\/de\/wp-json\/wp\/v2\/maat?post=78747"},{"taxonomy":"productsupplier","embeddable":true,"href":"https:\/\/www.koonings.com\/de\/wp-json\/wp\/v2\/productsupplier?post=78747"},{"taxonomy":"productsleeve","embeddable":true,"href":"https:\/\/www.koonings.com\/de\/wp-json\/wp\/v2\/productsleeve?post=78747"},{"taxonomy":"productcategory","embeddable":true,"href":"https:\/\/www.koonings.com\/de\/wp-json\/wp\/v2\/productcategory?post=78747"},{"taxonomy":"productsilhouette","embeddable":true,"href":"https:\/\/www.koonings.com\/de\/wp-json\/wp\/v2\/productsilhouette?post=78747"},{"taxonomy":"productstyle","embeddable":true,"href":"https:\/\/www.koonings.com\/de\/wp-json\/wp\/v2\/productstyle?post=78747"}],"curies":[{"name":"wp","href":"https:\/\/api.w.org\/{rel}","templated":true}]}}