{"id":78734,"date":"2026-04-21T18:08:28","date_gmt":"2026-04-21T16:08:28","guid":{"rendered":"https:\/\/www.koonings.com\/product\/modeca-riva\/"},"modified":"2026-02-16T14:47:52","modified_gmt":"2026-02-16T13:47:52","slug":"modeca-riva","status":"publish","type":"product","link":"https:\/\/www.koonings.com\/de\/product\/modeca-riva\/","title":{"rendered":"Modeca Riva"},"content":{"rendered":"<p>Das wundersch\u00f6ne Ballkleid Riva ist so zeitlos wie die Liebe selbst. Das durchsichtige Mieder mit einem durchsichtigen Illusionsausschnitt, der eine wundersch\u00f6ne Sweetheart-Form enth\u00fcllt, ist mit wundersch\u00f6ner Perlenspitze und zarten Pailletten sowie romantischen kleinen Kappen\u00e4rmeln verziert. Zarte Spitzenapplikationen spiegeln den T\u00fcllrock wider und ein tiefer offener R\u00fccken vervollst\u00e4ndigt diesen Brautlook.  <\/p>\n","protected":false},"featured_media":66307,"template":"","meta":{"_acf_changed":false,"ghostkit_customizer_options":"","ghostkit_custom_css":"","ghostkit_custom_js_head":"","ghostkit_custom_js_foot":"","ghostkit_typography":""},"productdetails":[379,376,381],"productneck":[351],"productcolor":[393,392],"maat":[],"productsupplier":[434],"productsleeve":[359],"productcategory":[18],"productsilhouette":[388],"productstyle":[372,366],"class_list":["post-78734","product","type-product","status-publish","has-post-thumbnail","hentry","productdetails-379","productdetails-376","productdetails-381","productneck-351","productcolor-393","productcolor-392","productsupplier-modeca","productsleeve-359","productcategory-trouwjurken","productsilhouette-388","productstyle-372","productstyle-366"],"acf":[],"yoast_head":"<!-- This site is optimized with the Yoast SEO plugin v27.3 - https:\/\/yoast.com\/product\/yoast-seo-wordpress\/ -->\n<title>Modeca Riva | Koonings<\/title>\n<meta name=\"description\" content=\"Das wundersch\u00f6ne Ballkleid Riva ist so zeitlos wie die Liebe selbst. Das durchsichtige Mieder mit einem durchsichtigen Illusionsausschnitt, der eine wundersch\u00f6ne Sweetheart-Form enth\u00fcllt, ist mit wundersch\u00f6ner Perlenspitze und zarten Pailletten sowie romantischen kleinen Kappen\u00e4rmeln verziert. Zarte Spitzenapplikationen spiegeln den T\u00fcllrock wider und ein tiefer offener R\u00fccken vervollst\u00e4ndigt diesen Brautlook.\" \/>\n<meta name=\"robots\" content=\"index, follow, max-snippet:-1, max-image-preview:large, max-video-preview:-1\" \/>\n<link rel=\"canonical\" href=\"https:\/\/www.koonings.com\/de\/product\/modeca-riva\/\" \/>\n<meta property=\"og:locale\" content=\"de_DE\" \/>\n<meta property=\"og:type\" content=\"article\" \/>\n<meta property=\"og:title\" content=\"Modeca Riva | Koonings\" \/>\n<meta property=\"og:description\" content=\"Das wundersch\u00f6ne Ballkleid Riva ist so zeitlos wie die Liebe selbst. Das durchsichtige Mieder mit einem durchsichtigen Illusionsausschnitt, der eine wundersch\u00f6ne Sweetheart-Form enth\u00fcllt, ist mit wundersch\u00f6ner Perlenspitze und zarten Pailletten sowie romantischen kleinen Kappen\u00e4rmeln verziert. Zarte Spitzenapplikationen spiegeln den T\u00fcllrock wider und ein tiefer offener R\u00fccken vervollst\u00e4ndigt diesen Brautlook.\" \/>\n<meta property=\"og:url\" content=\"https:\/\/www.koonings.com\/de\/product\/modeca-riva\/\" \/>\n<meta property=\"og:site_name\" content=\"Koonings\" \/>\n<meta property=\"article:publisher\" content=\"https:\/\/www.facebook.com\/kooningstheweddingpalace\" \/>\n<meta property=\"og:image\" content=\"https:\/\/www.koonings.com\/wp-content\/uploads\/2024\/11\/37595_e328687c6b3a8fe2e00cbf8e9895b6a2cad49a145e318e2db9bf397e77c3f51746eed6a0.jpeg\" \/>\n\t<meta property=\"og:image:width\" content=\"1665\" \/>\n\t<meta property=\"og:image:height\" content=\"2354\" \/>\n\t<meta property=\"og:image:type\" content=\"image\/jpeg\" \/>\n<meta name=\"twitter:card\" content=\"summary_large_image\" \/>\n<script type=\"application\/ld+json\" class=\"yoast-schema-graph\">{\"@context\":\"https:\\\/\\\/schema.org\",\"@graph\":[{\"@type\":\"WebPage\",\"@id\":\"https:\\\/\\\/www.koonings.com\\\/de\\\/product\\\/modeca-riva\\\/\",\"url\":\"https:\\\/\\\/www.koonings.com\\\/de\\\/product\\\/modeca-riva\\\/\",\"name\":\"Modeca Riva | Koonings\",\"isPartOf\":{\"@id\":\"https:\\\/\\\/www.koonings.com\\\/de\\\/#website\"},\"primaryImageOfPage\":{\"@id\":\"https:\\\/\\\/www.koonings.com\\\/de\\\/product\\\/modeca-riva\\\/#primaryimage\"},\"image\":{\"@id\":\"https:\\\/\\\/www.koonings.com\\\/de\\\/product\\\/modeca-riva\\\/#primaryimage\"},\"thumbnailUrl\":\"https:\\\/\\\/www.koonings.com\\\/wp-content\\\/uploads\\\/2024\\\/11\\\/37595_e328687c6b3a8fe2e00cbf8e9895b6a2cad49a145e318e2db9bf397e77c3f51746eed6a0.jpeg\",\"datePublished\":\"2026-04-21T16:08:28+00:00\",\"description\":\"Das wundersch\u00f6ne Ballkleid Riva ist so zeitlos wie die Liebe selbst. Das durchsichtige Mieder mit einem durchsichtigen Illusionsausschnitt, der eine wundersch\u00f6ne Sweetheart-Form enth\u00fcllt, ist mit wundersch\u00f6ner Perlenspitze und zarten Pailletten sowie romantischen kleinen Kappen\u00e4rmeln verziert. Zarte Spitzenapplikationen spiegeln den T\u00fcllrock wider und ein tiefer offener R\u00fccken vervollst\u00e4ndigt diesen Brautlook.\",\"breadcrumb\":{\"@id\":\"https:\\\/\\\/www.koonings.com\\\/de\\\/product\\\/modeca-riva\\\/#breadcrumb\"},\"inLanguage\":\"de\",\"potentialAction\":[{\"@type\":\"ReadAction\",\"target\":[\"https:\\\/\\\/www.koonings.com\\\/de\\\/product\\\/modeca-riva\\\/\"]}]},{\"@type\":\"ImageObject\",\"inLanguage\":\"de\",\"@id\":\"https:\\\/\\\/www.koonings.com\\\/de\\\/product\\\/modeca-riva\\\/#primaryimage\",\"url\":\"https:\\\/\\\/www.koonings.com\\\/wp-content\\\/uploads\\\/2024\\\/11\\\/37595_e328687c6b3a8fe2e00cbf8e9895b6a2cad49a145e318e2db9bf397e77c3f51746eed6a0.jpeg\",\"contentUrl\":\"https:\\\/\\\/www.koonings.com\\\/wp-content\\\/uploads\\\/2024\\\/11\\\/37595_e328687c6b3a8fe2e00cbf8e9895b6a2cad49a145e318e2db9bf397e77c3f51746eed6a0.jpeg\",\"width\":1665,\"height\":2354},{\"@type\":\"BreadcrumbList\",\"@id\":\"https:\\\/\\\/www.koonings.com\\\/de\\\/product\\\/modeca-riva\\\/#breadcrumb\",\"itemListElement\":[{\"@type\":\"ListItem\",\"position\":1,\"name\":\"Home\",\"item\":\"https:\\\/\\\/www.koonings.com\\\/de\\\/\"},{\"@type\":\"ListItem\",\"position\":2,\"name\":\"Modeca Riva\"}]},{\"@type\":\"WebSite\",\"@id\":\"https:\\\/\\\/www.koonings.com\\\/de\\\/#website\",\"url\":\"https:\\\/\\\/www.koonings.com\\\/de\\\/\",\"name\":\"Koonings\",\"description\":\"De grootste bruidsmodewinkel ter wereld\",\"publisher\":{\"@id\":\"https:\\\/\\\/www.koonings.com\\\/de\\\/#organization\"},\"potentialAction\":[{\"@type\":\"SearchAction\",\"target\":{\"@type\":\"EntryPoint\",\"urlTemplate\":\"https:\\\/\\\/www.koonings.com\\\/de\\\/?s={search_term_string}\"},\"query-input\":{\"@type\":\"PropertyValueSpecification\",\"valueRequired\":true,\"valueName\":\"search_term_string\"}}],\"inLanguage\":\"de\"},{\"@type\":\"Organization\",\"@id\":\"https:\\\/\\\/www.koonings.com\\\/de\\\/#organization\",\"name\":\"Koonings\",\"url\":\"https:\\\/\\\/www.koonings.com\\\/de\\\/\",\"logo\":{\"@type\":\"ImageObject\",\"inLanguage\":\"de\",\"@id\":\"https:\\\/\\\/www.koonings.com\\\/de\\\/#\\\/schema\\\/logo\\\/image\\\/\",\"url\":\"https:\\\/\\\/www.koonings.com\\\/wp-content\\\/uploads\\\/2024\\\/07\\\/logo.png\",\"contentUrl\":\"https:\\\/\\\/www.koonings.com\\\/wp-content\\\/uploads\\\/2024\\\/07\\\/logo.png\",\"width\":600,\"height\":428,\"caption\":\"Koonings\"},\"image\":{\"@id\":\"https:\\\/\\\/www.koonings.com\\\/de\\\/#\\\/schema\\\/logo\\\/image\\\/\"},\"sameAs\":[\"https:\\\/\\\/www.facebook.com\\\/kooningstheweddingpalace\",\"https:\\\/\\\/www.instagram.com\\\/kooningstheweddingpalace\",\"https:\\\/\\\/www.pinterest.com\\\/koonings\",\"https:\\\/\\\/www.youtube.com\\\/kooningstheweddingpalace\"]}]}<\/script>\n<!-- \/ Yoast SEO plugin. -->","yoast_head_json":{"title":"Modeca Riva | Koonings","description":"Das wundersch\u00f6ne Ballkleid Riva ist so zeitlos wie die Liebe selbst. Das durchsichtige Mieder mit einem durchsichtigen Illusionsausschnitt, der eine wundersch\u00f6ne Sweetheart-Form enth\u00fcllt, ist mit wundersch\u00f6ner Perlenspitze und zarten Pailletten sowie romantischen kleinen Kappen\u00e4rmeln verziert. Zarte Spitzenapplikationen spiegeln den T\u00fcllrock wider und ein tiefer offener R\u00fccken vervollst\u00e4ndigt diesen Brautlook.","robots":{"index":"index","follow":"follow","max-snippet":"max-snippet:-1","max-image-preview":"max-image-preview:large","max-video-preview":"max-video-preview:-1"},"canonical":"https:\/\/www.koonings.com\/de\/product\/modeca-riva\/","og_locale":"de_DE","og_type":"article","og_title":"Modeca Riva | Koonings","og_description":"Das wundersch\u00f6ne Ballkleid Riva ist so zeitlos wie die Liebe selbst. Das durchsichtige Mieder mit einem durchsichtigen Illusionsausschnitt, der eine wundersch\u00f6ne Sweetheart-Form enth\u00fcllt, ist mit wundersch\u00f6ner Perlenspitze und zarten Pailletten sowie romantischen kleinen Kappen\u00e4rmeln verziert. Zarte Spitzenapplikationen spiegeln den T\u00fcllrock wider und ein tiefer offener R\u00fccken vervollst\u00e4ndigt diesen Brautlook.","og_url":"https:\/\/www.koonings.com\/de\/product\/modeca-riva\/","og_site_name":"Koonings","article_publisher":"https:\/\/www.facebook.com\/kooningstheweddingpalace","og_image":[{"width":1665,"height":2354,"url":"https:\/\/www.koonings.com\/wp-content\/uploads\/2024\/11\/37595_e328687c6b3a8fe2e00cbf8e9895b6a2cad49a145e318e2db9bf397e77c3f51746eed6a0.jpeg","type":"image\/jpeg"}],"twitter_card":"summary_large_image","schema":{"@context":"https:\/\/schema.org","@graph":[{"@type":"WebPage","@id":"https:\/\/www.koonings.com\/de\/product\/modeca-riva\/","url":"https:\/\/www.koonings.com\/de\/product\/modeca-riva\/","name":"Modeca Riva | Koonings","isPartOf":{"@id":"https:\/\/www.koonings.com\/de\/#website"},"primaryImageOfPage":{"@id":"https:\/\/www.koonings.com\/de\/product\/modeca-riva\/#primaryimage"},"image":{"@id":"https:\/\/www.koonings.com\/de\/product\/modeca-riva\/#primaryimage"},"thumbnailUrl":"https:\/\/www.koonings.com\/wp-content\/uploads\/2024\/11\/37595_e328687c6b3a8fe2e00cbf8e9895b6a2cad49a145e318e2db9bf397e77c3f51746eed6a0.jpeg","datePublished":"2026-04-21T16:08:28+00:00","description":"Das wundersch\u00f6ne Ballkleid Riva ist so zeitlos wie die Liebe selbst. Das durchsichtige Mieder mit einem durchsichtigen Illusionsausschnitt, der eine wundersch\u00f6ne Sweetheart-Form enth\u00fcllt, ist mit wundersch\u00f6ner Perlenspitze und zarten Pailletten sowie romantischen kleinen Kappen\u00e4rmeln verziert. Zarte Spitzenapplikationen spiegeln den T\u00fcllrock wider und ein tiefer offener R\u00fccken vervollst\u00e4ndigt diesen Brautlook.","breadcrumb":{"@id":"https:\/\/www.koonings.com\/de\/product\/modeca-riva\/#breadcrumb"},"inLanguage":"de","potentialAction":[{"@type":"ReadAction","target":["https:\/\/www.koonings.com\/de\/product\/modeca-riva\/"]}]},{"@type":"ImageObject","inLanguage":"de","@id":"https:\/\/www.koonings.com\/de\/product\/modeca-riva\/#primaryimage","url":"https:\/\/www.koonings.com\/wp-content\/uploads\/2024\/11\/37595_e328687c6b3a8fe2e00cbf8e9895b6a2cad49a145e318e2db9bf397e77c3f51746eed6a0.jpeg","contentUrl":"https:\/\/www.koonings.com\/wp-content\/uploads\/2024\/11\/37595_e328687c6b3a8fe2e00cbf8e9895b6a2cad49a145e318e2db9bf397e77c3f51746eed6a0.jpeg","width":1665,"height":2354},{"@type":"BreadcrumbList","@id":"https:\/\/www.koonings.com\/de\/product\/modeca-riva\/#breadcrumb","itemListElement":[{"@type":"ListItem","position":1,"name":"Home","item":"https:\/\/www.koonings.com\/de\/"},{"@type":"ListItem","position":2,"name":"Modeca Riva"}]},{"@type":"WebSite","@id":"https:\/\/www.koonings.com\/de\/#website","url":"https:\/\/www.koonings.com\/de\/","name":"Koonings","description":"De grootste bruidsmodewinkel ter wereld","publisher":{"@id":"https:\/\/www.koonings.com\/de\/#organization"},"potentialAction":[{"@type":"SearchAction","target":{"@type":"EntryPoint","urlTemplate":"https:\/\/www.koonings.com\/de\/?s={search_term_string}"},"query-input":{"@type":"PropertyValueSpecification","valueRequired":true,"valueName":"search_term_string"}}],"inLanguage":"de"},{"@type":"Organization","@id":"https:\/\/www.koonings.com\/de\/#organization","name":"Koonings","url":"https:\/\/www.koonings.com\/de\/","logo":{"@type":"ImageObject","inLanguage":"de","@id":"https:\/\/www.koonings.com\/de\/#\/schema\/logo\/image\/","url":"https:\/\/www.koonings.com\/wp-content\/uploads\/2024\/07\/logo.png","contentUrl":"https:\/\/www.koonings.com\/wp-content\/uploads\/2024\/07\/logo.png","width":600,"height":428,"caption":"Koonings"},"image":{"@id":"https:\/\/www.koonings.com\/de\/#\/schema\/logo\/image\/"},"sameAs":["https:\/\/www.facebook.com\/kooningstheweddingpalace","https:\/\/www.instagram.com\/kooningstheweddingpalace","https:\/\/www.pinterest.com\/koonings","https:\/\/www.youtube.com\/kooningstheweddingpalace"]}]}},"_links":{"self":[{"href":"https:\/\/www.koonings.com\/de\/wp-json\/wp\/v2\/product\/78734","targetHints":{"allow":["GET"]}}],"collection":[{"href":"https:\/\/www.koonings.com\/de\/wp-json\/wp\/v2\/product"}],"about":[{"href":"https:\/\/www.koonings.com\/de\/wp-json\/wp\/v2\/types\/product"}],"wp:featuredmedia":[{"embeddable":true,"href":"https:\/\/www.koonings.com\/de\/wp-json\/wp\/v2\/media\/66307"}],"wp:attachment":[{"href":"https:\/\/www.koonings.com\/de\/wp-json\/wp\/v2\/media?parent=78734"}],"wp:term":[{"taxonomy":"productdetails","embeddable":true,"href":"https:\/\/www.koonings.com\/de\/wp-json\/wp\/v2\/productdetails?post=78734"},{"taxonomy":"productneck","embeddable":true,"href":"https:\/\/www.koonings.com\/de\/wp-json\/wp\/v2\/productneck?post=78734"},{"taxonomy":"productcolor","embeddable":true,"href":"https:\/\/www.koonings.com\/de\/wp-json\/wp\/v2\/productcolor?post=78734"},{"taxonomy":"maat","embeddable":true,"href":"https:\/\/www.koonings.com\/de\/wp-json\/wp\/v2\/maat?post=78734"},{"taxonomy":"productsupplier","embeddable":true,"href":"https:\/\/www.koonings.com\/de\/wp-json\/wp\/v2\/productsupplier?post=78734"},{"taxonomy":"productsleeve","embeddable":true,"href":"https:\/\/www.koonings.com\/de\/wp-json\/wp\/v2\/productsleeve?post=78734"},{"taxonomy":"productcategory","embeddable":true,"href":"https:\/\/www.koonings.com\/de\/wp-json\/wp\/v2\/productcategory?post=78734"},{"taxonomy":"productsilhouette","embeddable":true,"href":"https:\/\/www.koonings.com\/de\/wp-json\/wp\/v2\/productsilhouette?post=78734"},{"taxonomy":"productstyle","embeddable":true,"href":"https:\/\/www.koonings.com\/de\/wp-json\/wp\/v2\/productstyle?post=78734"}],"curies":[{"name":"wp","href":"https:\/\/api.w.org\/{rel}","templated":true}]}}