{"id":78733,"date":"2026-04-28T18:10:23","date_gmt":"2026-04-28T16:10:23","guid":{"rendered":"https:\/\/www.koonings.com\/product\/modeca-zoya\/"},"modified":"2026-02-16T14:47:55","modified_gmt":"2026-02-16T13:47:55","slug":"modeca-zoya","status":"publish","type":"product","link":"https:\/\/www.koonings.com\/de\/product\/modeca-zoya\/","title":{"rendered":"Modeca Zoya"},"content":{"rendered":"<p>Sehen Sie aus wie eine echte Prinzessin, wenn Sie die Liebe Ihres Lebens mit dem Brautkleid Zoya heiraten. Das elegante Mieder mit herzf\u00f6rmigem Ausschnitt ist mit perlenbesetzter Spitze und wundersch\u00f6nen 3D-Bl\u00fctenbl\u00e4ttern verziert. Die flotten \u00c4rmel verleihen diesem raffinierten Kleid ein romantisches Flair. Dieses Kleid ist bei Koonings auch ohne die abnehmbaren \u00c4rmel erh\u00e4ltlich &#8211; Zoya-D.   <\/p>\n","protected":false},"featured_media":66366,"template":"","meta":{"_acf_changed":false,"ghostkit_customizer_options":"","ghostkit_custom_css":"","ghostkit_custom_js_head":"","ghostkit_custom_js_foot":"","ghostkit_typography":""},"productdetails":[379,376,381],"productneck":[355],"productcolor":[393,392],"maat":[],"productsupplier":[434],"productsleeve":[357,362],"productcategory":[18],"productsilhouette":[384,388],"productstyle":[372],"class_list":["post-78733","product","type-product","status-publish","has-post-thumbnail","hentry","productdetails-379","productdetails-376","productdetails-381","productneck-355","productcolor-393","productcolor-392","productsupplier-modeca","productsleeve-357","productsleeve-362","productcategory-trouwjurken","productsilhouette-384","productsilhouette-388","productstyle-372"],"acf":[],"yoast_head":"<!-- This site is optimized with the Yoast SEO plugin v27.3 - https:\/\/yoast.com\/product\/yoast-seo-wordpress\/ -->\n<title>Modeca Zoya | Koonings<\/title>\n<meta name=\"description\" content=\"Sehen Sie aus wie eine echte Prinzessin, wenn Sie die Liebe Ihres Lebens mit dem Brautkleid Zoya heiraten. Das elegante Mieder mit herzf\u00f6rmigem Ausschnitt ist mit perlenbesetzter Spitze und wundersch\u00f6nen 3D-Bl\u00fctenbl\u00e4ttern verziert. Die flotten \u00c4rmel verleihen diesem raffinierten Kleid ein romantisches Flair. Dieses Kleid ist bei Koonings auch ohne die abnehmbaren \u00c4rmel erh\u00e4ltlich - Zoya-D.\" \/>\n<meta name=\"robots\" content=\"index, follow, max-snippet:-1, max-image-preview:large, max-video-preview:-1\" \/>\n<link rel=\"canonical\" href=\"https:\/\/www.koonings.com\/de\/product\/modeca-zoya\/\" \/>\n<meta property=\"og:locale\" content=\"de_DE\" \/>\n<meta property=\"og:type\" content=\"article\" \/>\n<meta property=\"og:title\" content=\"Modeca Zoya | Koonings\" \/>\n<meta property=\"og:description\" content=\"Sehen Sie aus wie eine echte Prinzessin, wenn Sie die Liebe Ihres Lebens mit dem Brautkleid Zoya heiraten. Das elegante Mieder mit herzf\u00f6rmigem Ausschnitt ist mit perlenbesetzter Spitze und wundersch\u00f6nen 3D-Bl\u00fctenbl\u00e4ttern verziert. Die flotten \u00c4rmel verleihen diesem raffinierten Kleid ein romantisches Flair. Dieses Kleid ist bei Koonings auch ohne die abnehmbaren \u00c4rmel erh\u00e4ltlich - Zoya-D.\" \/>\n<meta property=\"og:url\" content=\"https:\/\/www.koonings.com\/de\/product\/modeca-zoya\/\" \/>\n<meta property=\"og:site_name\" content=\"Koonings\" \/>\n<meta property=\"article:publisher\" content=\"https:\/\/www.facebook.com\/kooningstheweddingpalace\" \/>\n<meta property=\"og:image\" content=\"https:\/\/www.koonings.com\/wp-content\/uploads\/2024\/11\/38445_3ea4f9340ea95de8dc76bf9b02863781b079c6a66c748634f547f0ee548ec72770844bbf.jpeg\" \/>\n\t<meta property=\"og:image:width\" content=\"398\" \/>\n\t<meta property=\"og:image:height\" content=\"708\" \/>\n\t<meta property=\"og:image:type\" content=\"image\/jpeg\" \/>\n<meta name=\"twitter:card\" content=\"summary_large_image\" \/>\n<script type=\"application\/ld+json\" class=\"yoast-schema-graph\">{\"@context\":\"https:\\\/\\\/schema.org\",\"@graph\":[{\"@type\":\"WebPage\",\"@id\":\"https:\\\/\\\/www.koonings.com\\\/de\\\/product\\\/modeca-zoya\\\/\",\"url\":\"https:\\\/\\\/www.koonings.com\\\/de\\\/product\\\/modeca-zoya\\\/\",\"name\":\"Modeca Zoya | Koonings\",\"isPartOf\":{\"@id\":\"https:\\\/\\\/www.koonings.com\\\/de\\\/#website\"},\"primaryImageOfPage\":{\"@id\":\"https:\\\/\\\/www.koonings.com\\\/de\\\/product\\\/modeca-zoya\\\/#primaryimage\"},\"image\":{\"@id\":\"https:\\\/\\\/www.koonings.com\\\/de\\\/product\\\/modeca-zoya\\\/#primaryimage\"},\"thumbnailUrl\":\"https:\\\/\\\/www.koonings.com\\\/wp-content\\\/uploads\\\/2024\\\/11\\\/38445_3ea4f9340ea95de8dc76bf9b02863781b079c6a66c748634f547f0ee548ec72770844bbf.jpeg\",\"datePublished\":\"2026-04-28T16:10:23+00:00\",\"description\":\"Sehen Sie aus wie eine echte Prinzessin, wenn Sie die Liebe Ihres Lebens mit dem Brautkleid Zoya heiraten. Das elegante Mieder mit herzf\u00f6rmigem Ausschnitt ist mit perlenbesetzter Spitze und wundersch\u00f6nen 3D-Bl\u00fctenbl\u00e4ttern verziert. Die flotten \u00c4rmel verleihen diesem raffinierten Kleid ein romantisches Flair. Dieses Kleid ist bei Koonings auch ohne die abnehmbaren \u00c4rmel erh\u00e4ltlich - Zoya-D.\",\"breadcrumb\":{\"@id\":\"https:\\\/\\\/www.koonings.com\\\/de\\\/product\\\/modeca-zoya\\\/#breadcrumb\"},\"inLanguage\":\"de\",\"potentialAction\":[{\"@type\":\"ReadAction\",\"target\":[\"https:\\\/\\\/www.koonings.com\\\/de\\\/product\\\/modeca-zoya\\\/\"]}]},{\"@type\":\"ImageObject\",\"inLanguage\":\"de\",\"@id\":\"https:\\\/\\\/www.koonings.com\\\/de\\\/product\\\/modeca-zoya\\\/#primaryimage\",\"url\":\"https:\\\/\\\/www.koonings.com\\\/wp-content\\\/uploads\\\/2024\\\/11\\\/38445_3ea4f9340ea95de8dc76bf9b02863781b079c6a66c748634f547f0ee548ec72770844bbf.jpeg\",\"contentUrl\":\"https:\\\/\\\/www.koonings.com\\\/wp-content\\\/uploads\\\/2024\\\/11\\\/38445_3ea4f9340ea95de8dc76bf9b02863781b079c6a66c748634f547f0ee548ec72770844bbf.jpeg\",\"width\":398,\"height\":708},{\"@type\":\"BreadcrumbList\",\"@id\":\"https:\\\/\\\/www.koonings.com\\\/de\\\/product\\\/modeca-zoya\\\/#breadcrumb\",\"itemListElement\":[{\"@type\":\"ListItem\",\"position\":1,\"name\":\"Home\",\"item\":\"https:\\\/\\\/www.koonings.com\\\/de\\\/\"},{\"@type\":\"ListItem\",\"position\":2,\"name\":\"Modeca Zoya\"}]},{\"@type\":\"WebSite\",\"@id\":\"https:\\\/\\\/www.koonings.com\\\/de\\\/#website\",\"url\":\"https:\\\/\\\/www.koonings.com\\\/de\\\/\",\"name\":\"Koonings\",\"description\":\"De grootste bruidsmodewinkel ter wereld\",\"publisher\":{\"@id\":\"https:\\\/\\\/www.koonings.com\\\/de\\\/#organization\"},\"potentialAction\":[{\"@type\":\"SearchAction\",\"target\":{\"@type\":\"EntryPoint\",\"urlTemplate\":\"https:\\\/\\\/www.koonings.com\\\/de\\\/?s={search_term_string}\"},\"query-input\":{\"@type\":\"PropertyValueSpecification\",\"valueRequired\":true,\"valueName\":\"search_term_string\"}}],\"inLanguage\":\"de\"},{\"@type\":\"Organization\",\"@id\":\"https:\\\/\\\/www.koonings.com\\\/de\\\/#organization\",\"name\":\"Koonings\",\"url\":\"https:\\\/\\\/www.koonings.com\\\/de\\\/\",\"logo\":{\"@type\":\"ImageObject\",\"inLanguage\":\"de\",\"@id\":\"https:\\\/\\\/www.koonings.com\\\/de\\\/#\\\/schema\\\/logo\\\/image\\\/\",\"url\":\"https:\\\/\\\/www.koonings.com\\\/wp-content\\\/uploads\\\/2024\\\/07\\\/logo.png\",\"contentUrl\":\"https:\\\/\\\/www.koonings.com\\\/wp-content\\\/uploads\\\/2024\\\/07\\\/logo.png\",\"width\":600,\"height\":428,\"caption\":\"Koonings\"},\"image\":{\"@id\":\"https:\\\/\\\/www.koonings.com\\\/de\\\/#\\\/schema\\\/logo\\\/image\\\/\"},\"sameAs\":[\"https:\\\/\\\/www.facebook.com\\\/kooningstheweddingpalace\",\"https:\\\/\\\/www.instagram.com\\\/kooningstheweddingpalace\",\"https:\\\/\\\/www.pinterest.com\\\/koonings\",\"https:\\\/\\\/www.youtube.com\\\/kooningstheweddingpalace\"]}]}<\/script>\n<!-- \/ Yoast SEO plugin. -->","yoast_head_json":{"title":"Modeca Zoya | Koonings","description":"Sehen Sie aus wie eine echte Prinzessin, wenn Sie die Liebe Ihres Lebens mit dem Brautkleid Zoya heiraten. Das elegante Mieder mit herzf\u00f6rmigem Ausschnitt ist mit perlenbesetzter Spitze und wundersch\u00f6nen 3D-Bl\u00fctenbl\u00e4ttern verziert. Die flotten \u00c4rmel verleihen diesem raffinierten Kleid ein romantisches Flair. Dieses Kleid ist bei Koonings auch ohne die abnehmbaren \u00c4rmel erh\u00e4ltlich - Zoya-D.","robots":{"index":"index","follow":"follow","max-snippet":"max-snippet:-1","max-image-preview":"max-image-preview:large","max-video-preview":"max-video-preview:-1"},"canonical":"https:\/\/www.koonings.com\/de\/product\/modeca-zoya\/","og_locale":"de_DE","og_type":"article","og_title":"Modeca Zoya | Koonings","og_description":"Sehen Sie aus wie eine echte Prinzessin, wenn Sie die Liebe Ihres Lebens mit dem Brautkleid Zoya heiraten. Das elegante Mieder mit herzf\u00f6rmigem Ausschnitt ist mit perlenbesetzter Spitze und wundersch\u00f6nen 3D-Bl\u00fctenbl\u00e4ttern verziert. Die flotten \u00c4rmel verleihen diesem raffinierten Kleid ein romantisches Flair. Dieses Kleid ist bei Koonings auch ohne die abnehmbaren \u00c4rmel erh\u00e4ltlich - Zoya-D.","og_url":"https:\/\/www.koonings.com\/de\/product\/modeca-zoya\/","og_site_name":"Koonings","article_publisher":"https:\/\/www.facebook.com\/kooningstheweddingpalace","og_image":[{"width":398,"height":708,"url":"https:\/\/www.koonings.com\/wp-content\/uploads\/2024\/11\/38445_3ea4f9340ea95de8dc76bf9b02863781b079c6a66c748634f547f0ee548ec72770844bbf.jpeg","type":"image\/jpeg"}],"twitter_card":"summary_large_image","schema":{"@context":"https:\/\/schema.org","@graph":[{"@type":"WebPage","@id":"https:\/\/www.koonings.com\/de\/product\/modeca-zoya\/","url":"https:\/\/www.koonings.com\/de\/product\/modeca-zoya\/","name":"Modeca Zoya | Koonings","isPartOf":{"@id":"https:\/\/www.koonings.com\/de\/#website"},"primaryImageOfPage":{"@id":"https:\/\/www.koonings.com\/de\/product\/modeca-zoya\/#primaryimage"},"image":{"@id":"https:\/\/www.koonings.com\/de\/product\/modeca-zoya\/#primaryimage"},"thumbnailUrl":"https:\/\/www.koonings.com\/wp-content\/uploads\/2024\/11\/38445_3ea4f9340ea95de8dc76bf9b02863781b079c6a66c748634f547f0ee548ec72770844bbf.jpeg","datePublished":"2026-04-28T16:10:23+00:00","description":"Sehen Sie aus wie eine echte Prinzessin, wenn Sie die Liebe Ihres Lebens mit dem Brautkleid Zoya heiraten. Das elegante Mieder mit herzf\u00f6rmigem Ausschnitt ist mit perlenbesetzter Spitze und wundersch\u00f6nen 3D-Bl\u00fctenbl\u00e4ttern verziert. Die flotten \u00c4rmel verleihen diesem raffinierten Kleid ein romantisches Flair. Dieses Kleid ist bei Koonings auch ohne die abnehmbaren \u00c4rmel erh\u00e4ltlich - Zoya-D.","breadcrumb":{"@id":"https:\/\/www.koonings.com\/de\/product\/modeca-zoya\/#breadcrumb"},"inLanguage":"de","potentialAction":[{"@type":"ReadAction","target":["https:\/\/www.koonings.com\/de\/product\/modeca-zoya\/"]}]},{"@type":"ImageObject","inLanguage":"de","@id":"https:\/\/www.koonings.com\/de\/product\/modeca-zoya\/#primaryimage","url":"https:\/\/www.koonings.com\/wp-content\/uploads\/2024\/11\/38445_3ea4f9340ea95de8dc76bf9b02863781b079c6a66c748634f547f0ee548ec72770844bbf.jpeg","contentUrl":"https:\/\/www.koonings.com\/wp-content\/uploads\/2024\/11\/38445_3ea4f9340ea95de8dc76bf9b02863781b079c6a66c748634f547f0ee548ec72770844bbf.jpeg","width":398,"height":708},{"@type":"BreadcrumbList","@id":"https:\/\/www.koonings.com\/de\/product\/modeca-zoya\/#breadcrumb","itemListElement":[{"@type":"ListItem","position":1,"name":"Home","item":"https:\/\/www.koonings.com\/de\/"},{"@type":"ListItem","position":2,"name":"Modeca Zoya"}]},{"@type":"WebSite","@id":"https:\/\/www.koonings.com\/de\/#website","url":"https:\/\/www.koonings.com\/de\/","name":"Koonings","description":"De grootste bruidsmodewinkel ter wereld","publisher":{"@id":"https:\/\/www.koonings.com\/de\/#organization"},"potentialAction":[{"@type":"SearchAction","target":{"@type":"EntryPoint","urlTemplate":"https:\/\/www.koonings.com\/de\/?s={search_term_string}"},"query-input":{"@type":"PropertyValueSpecification","valueRequired":true,"valueName":"search_term_string"}}],"inLanguage":"de"},{"@type":"Organization","@id":"https:\/\/www.koonings.com\/de\/#organization","name":"Koonings","url":"https:\/\/www.koonings.com\/de\/","logo":{"@type":"ImageObject","inLanguage":"de","@id":"https:\/\/www.koonings.com\/de\/#\/schema\/logo\/image\/","url":"https:\/\/www.koonings.com\/wp-content\/uploads\/2024\/07\/logo.png","contentUrl":"https:\/\/www.koonings.com\/wp-content\/uploads\/2024\/07\/logo.png","width":600,"height":428,"caption":"Koonings"},"image":{"@id":"https:\/\/www.koonings.com\/de\/#\/schema\/logo\/image\/"},"sameAs":["https:\/\/www.facebook.com\/kooningstheweddingpalace","https:\/\/www.instagram.com\/kooningstheweddingpalace","https:\/\/www.pinterest.com\/koonings","https:\/\/www.youtube.com\/kooningstheweddingpalace"]}]}},"_links":{"self":[{"href":"https:\/\/www.koonings.com\/de\/wp-json\/wp\/v2\/product\/78733","targetHints":{"allow":["GET"]}}],"collection":[{"href":"https:\/\/www.koonings.com\/de\/wp-json\/wp\/v2\/product"}],"about":[{"href":"https:\/\/www.koonings.com\/de\/wp-json\/wp\/v2\/types\/product"}],"wp:featuredmedia":[{"embeddable":true,"href":"https:\/\/www.koonings.com\/de\/wp-json\/wp\/v2\/media\/66366"}],"wp:attachment":[{"href":"https:\/\/www.koonings.com\/de\/wp-json\/wp\/v2\/media?parent=78733"}],"wp:term":[{"taxonomy":"productdetails","embeddable":true,"href":"https:\/\/www.koonings.com\/de\/wp-json\/wp\/v2\/productdetails?post=78733"},{"taxonomy":"productneck","embeddable":true,"href":"https:\/\/www.koonings.com\/de\/wp-json\/wp\/v2\/productneck?post=78733"},{"taxonomy":"productcolor","embeddable":true,"href":"https:\/\/www.koonings.com\/de\/wp-json\/wp\/v2\/productcolor?post=78733"},{"taxonomy":"maat","embeddable":true,"href":"https:\/\/www.koonings.com\/de\/wp-json\/wp\/v2\/maat?post=78733"},{"taxonomy":"productsupplier","embeddable":true,"href":"https:\/\/www.koonings.com\/de\/wp-json\/wp\/v2\/productsupplier?post=78733"},{"taxonomy":"productsleeve","embeddable":true,"href":"https:\/\/www.koonings.com\/de\/wp-json\/wp\/v2\/productsleeve?post=78733"},{"taxonomy":"productcategory","embeddable":true,"href":"https:\/\/www.koonings.com\/de\/wp-json\/wp\/v2\/productcategory?post=78733"},{"taxonomy":"productsilhouette","embeddable":true,"href":"https:\/\/www.koonings.com\/de\/wp-json\/wp\/v2\/productsilhouette?post=78733"},{"taxonomy":"productstyle","embeddable":true,"href":"https:\/\/www.koonings.com\/de\/wp-json\/wp\/v2\/productstyle?post=78733"}],"curies":[{"name":"wp","href":"https:\/\/api.w.org\/{rel}","templated":true}]}}