{"id":78730,"date":"2026-04-14T16:08:37","date_gmt":"2026-04-14T14:08:37","guid":{"rendered":"https:\/\/www.koonings.com\/product\/modeca-rania\/"},"modified":"2026-02-16T14:47:54","modified_gmt":"2026-02-16T13:47:54","slug":"modeca-rania","status":"publish","type":"product","link":"https:\/\/www.koonings.com\/de\/product\/modeca-rania\/","title":{"rendered":"Modeca Rania"},"content":{"rendered":"<p>Das klassische, vertr\u00e4umte und absolut zeitlose Ballkleid Rania wurde f\u00fcr die moderne, romantische Braut entworfen. Bestickte Spitze mit Pailletten ist mit einem klassischen herzf\u00f6rmigen Ausschnitt gepaart und flie\u00dft wundersch\u00f6n \u00fcber den weiten T\u00fcllrock. <\/p>\n","protected":false},"featured_media":66332,"template":"","meta":{"_acf_changed":false,"ghostkit_customizer_options":"","ghostkit_custom_css":"","ghostkit_custom_js_head":"","ghostkit_custom_js_foot":"","ghostkit_typography":""},"productdetails":[376,381],"productneck":[354],"productcolor":[393],"maat":[],"productsupplier":[434],"productsleeve":[],"productcategory":[18],"productsilhouette":[384,388,389],"productstyle":[369,372],"class_list":["post-78730","product","type-product","status-publish","has-post-thumbnail","hentry","productdetails-376","productdetails-381","productneck-354","productcolor-393","productsupplier-modeca","productcategory-trouwjurken","productsilhouette-384","productsilhouette-388","productsilhouette-389","productstyle-369","productstyle-372"],"acf":[],"yoast_head":"<!-- This site is optimized with the Yoast SEO plugin v27.3 - https:\/\/yoast.com\/product\/yoast-seo-wordpress\/ -->\n<title>Modeca Rania | Koonings<\/title>\n<meta name=\"description\" content=\"Das klassische, vertr\u00e4umte und absolut zeitlose Ballkleid Rania wurde f\u00fcr die moderne, romantische Braut entworfen. Bestickte Spitze mit Pailletten ist mit einem klassischen herzf\u00f6rmigen Ausschnitt gepaart und flie\u00dft wundersch\u00f6n \u00fcber den weiten T\u00fcllrock.\" \/>\n<meta name=\"robots\" content=\"index, follow, max-snippet:-1, max-image-preview:large, max-video-preview:-1\" \/>\n<link rel=\"canonical\" href=\"https:\/\/www.koonings.com\/de\/product\/modeca-rania\/\" \/>\n<meta property=\"og:locale\" content=\"de_DE\" \/>\n<meta property=\"og:type\" content=\"article\" \/>\n<meta property=\"og:title\" content=\"Modeca Rania | Koonings\" \/>\n<meta property=\"og:description\" content=\"Das klassische, vertr\u00e4umte und absolut zeitlose Ballkleid Rania wurde f\u00fcr die moderne, romantische Braut entworfen. Bestickte Spitze mit Pailletten ist mit einem klassischen herzf\u00f6rmigen Ausschnitt gepaart und flie\u00dft wundersch\u00f6n \u00fcber den weiten T\u00fcllrock.\" \/>\n<meta property=\"og:url\" content=\"https:\/\/www.koonings.com\/de\/product\/modeca-rania\/\" \/>\n<meta property=\"og:site_name\" content=\"Koonings\" \/>\n<meta property=\"article:publisher\" content=\"https:\/\/www.facebook.com\/kooningstheweddingpalace\" \/>\n<meta property=\"og:image\" content=\"https:\/\/www.koonings.com\/wp-content\/uploads\/2024\/11\/37602_d345cd12f8ccb8eee970a4787701ebabef53203c281034928de6e40ce5618c1ee1864f11-scaled.jpeg\" \/>\n\t<meta property=\"og:image:width\" content=\"1810\" \/>\n\t<meta property=\"og:image:height\" content=\"2560\" \/>\n\t<meta property=\"og:image:type\" content=\"image\/jpeg\" \/>\n<meta name=\"twitter:card\" content=\"summary_large_image\" \/>\n<script type=\"application\/ld+json\" class=\"yoast-schema-graph\">{\"@context\":\"https:\\\/\\\/schema.org\",\"@graph\":[{\"@type\":\"WebPage\",\"@id\":\"https:\\\/\\\/www.koonings.com\\\/de\\\/product\\\/modeca-rania\\\/\",\"url\":\"https:\\\/\\\/www.koonings.com\\\/de\\\/product\\\/modeca-rania\\\/\",\"name\":\"Modeca Rania | Koonings\",\"isPartOf\":{\"@id\":\"https:\\\/\\\/www.koonings.com\\\/de\\\/#website\"},\"primaryImageOfPage\":{\"@id\":\"https:\\\/\\\/www.koonings.com\\\/de\\\/product\\\/modeca-rania\\\/#primaryimage\"},\"image\":{\"@id\":\"https:\\\/\\\/www.koonings.com\\\/de\\\/product\\\/modeca-rania\\\/#primaryimage\"},\"thumbnailUrl\":\"https:\\\/\\\/www.koonings.com\\\/wp-content\\\/uploads\\\/2024\\\/11\\\/37602_d345cd12f8ccb8eee970a4787701ebabef53203c281034928de6e40ce5618c1ee1864f11-scaled.jpeg\",\"datePublished\":\"2026-04-14T14:08:37+00:00\",\"description\":\"Das klassische, vertr\u00e4umte und absolut zeitlose Ballkleid Rania wurde f\u00fcr die moderne, romantische Braut entworfen. Bestickte Spitze mit Pailletten ist mit einem klassischen herzf\u00f6rmigen Ausschnitt gepaart und flie\u00dft wundersch\u00f6n \u00fcber den weiten T\u00fcllrock.\",\"breadcrumb\":{\"@id\":\"https:\\\/\\\/www.koonings.com\\\/de\\\/product\\\/modeca-rania\\\/#breadcrumb\"},\"inLanguage\":\"de\",\"potentialAction\":[{\"@type\":\"ReadAction\",\"target\":[\"https:\\\/\\\/www.koonings.com\\\/de\\\/product\\\/modeca-rania\\\/\"]}]},{\"@type\":\"ImageObject\",\"inLanguage\":\"de\",\"@id\":\"https:\\\/\\\/www.koonings.com\\\/de\\\/product\\\/modeca-rania\\\/#primaryimage\",\"url\":\"https:\\\/\\\/www.koonings.com\\\/wp-content\\\/uploads\\\/2024\\\/11\\\/37602_d345cd12f8ccb8eee970a4787701ebabef53203c281034928de6e40ce5618c1ee1864f11-scaled.jpeg\",\"contentUrl\":\"https:\\\/\\\/www.koonings.com\\\/wp-content\\\/uploads\\\/2024\\\/11\\\/37602_d345cd12f8ccb8eee970a4787701ebabef53203c281034928de6e40ce5618c1ee1864f11-scaled.jpeg\",\"width\":1810,\"height\":2560},{\"@type\":\"BreadcrumbList\",\"@id\":\"https:\\\/\\\/www.koonings.com\\\/de\\\/product\\\/modeca-rania\\\/#breadcrumb\",\"itemListElement\":[{\"@type\":\"ListItem\",\"position\":1,\"name\":\"Home\",\"item\":\"https:\\\/\\\/www.koonings.com\\\/de\\\/\"},{\"@type\":\"ListItem\",\"position\":2,\"name\":\"Modeca Rania\"}]},{\"@type\":\"WebSite\",\"@id\":\"https:\\\/\\\/www.koonings.com\\\/de\\\/#website\",\"url\":\"https:\\\/\\\/www.koonings.com\\\/de\\\/\",\"name\":\"Koonings\",\"description\":\"De grootste bruidsmodewinkel ter wereld\",\"publisher\":{\"@id\":\"https:\\\/\\\/www.koonings.com\\\/de\\\/#organization\"},\"potentialAction\":[{\"@type\":\"SearchAction\",\"target\":{\"@type\":\"EntryPoint\",\"urlTemplate\":\"https:\\\/\\\/www.koonings.com\\\/de\\\/?s={search_term_string}\"},\"query-input\":{\"@type\":\"PropertyValueSpecification\",\"valueRequired\":true,\"valueName\":\"search_term_string\"}}],\"inLanguage\":\"de\"},{\"@type\":\"Organization\",\"@id\":\"https:\\\/\\\/www.koonings.com\\\/de\\\/#organization\",\"name\":\"Koonings\",\"url\":\"https:\\\/\\\/www.koonings.com\\\/de\\\/\",\"logo\":{\"@type\":\"ImageObject\",\"inLanguage\":\"de\",\"@id\":\"https:\\\/\\\/www.koonings.com\\\/de\\\/#\\\/schema\\\/logo\\\/image\\\/\",\"url\":\"https:\\\/\\\/www.koonings.com\\\/wp-content\\\/uploads\\\/2024\\\/07\\\/logo.png\",\"contentUrl\":\"https:\\\/\\\/www.koonings.com\\\/wp-content\\\/uploads\\\/2024\\\/07\\\/logo.png\",\"width\":600,\"height\":428,\"caption\":\"Koonings\"},\"image\":{\"@id\":\"https:\\\/\\\/www.koonings.com\\\/de\\\/#\\\/schema\\\/logo\\\/image\\\/\"},\"sameAs\":[\"https:\\\/\\\/www.facebook.com\\\/kooningstheweddingpalace\",\"https:\\\/\\\/www.instagram.com\\\/kooningstheweddingpalace\",\"https:\\\/\\\/www.pinterest.com\\\/koonings\",\"https:\\\/\\\/www.youtube.com\\\/kooningstheweddingpalace\"]}]}<\/script>\n<!-- \/ Yoast SEO plugin. -->","yoast_head_json":{"title":"Modeca Rania | Koonings","description":"Das klassische, vertr\u00e4umte und absolut zeitlose Ballkleid Rania wurde f\u00fcr die moderne, romantische Braut entworfen. Bestickte Spitze mit Pailletten ist mit einem klassischen herzf\u00f6rmigen Ausschnitt gepaart und flie\u00dft wundersch\u00f6n \u00fcber den weiten T\u00fcllrock.","robots":{"index":"index","follow":"follow","max-snippet":"max-snippet:-1","max-image-preview":"max-image-preview:large","max-video-preview":"max-video-preview:-1"},"canonical":"https:\/\/www.koonings.com\/de\/product\/modeca-rania\/","og_locale":"de_DE","og_type":"article","og_title":"Modeca Rania | Koonings","og_description":"Das klassische, vertr\u00e4umte und absolut zeitlose Ballkleid Rania wurde f\u00fcr die moderne, romantische Braut entworfen. Bestickte Spitze mit Pailletten ist mit einem klassischen herzf\u00f6rmigen Ausschnitt gepaart und flie\u00dft wundersch\u00f6n \u00fcber den weiten T\u00fcllrock.","og_url":"https:\/\/www.koonings.com\/de\/product\/modeca-rania\/","og_site_name":"Koonings","article_publisher":"https:\/\/www.facebook.com\/kooningstheweddingpalace","og_image":[{"width":1810,"height":2560,"url":"https:\/\/www.koonings.com\/wp-content\/uploads\/2024\/11\/37602_d345cd12f8ccb8eee970a4787701ebabef53203c281034928de6e40ce5618c1ee1864f11-scaled.jpeg","type":"image\/jpeg"}],"twitter_card":"summary_large_image","schema":{"@context":"https:\/\/schema.org","@graph":[{"@type":"WebPage","@id":"https:\/\/www.koonings.com\/de\/product\/modeca-rania\/","url":"https:\/\/www.koonings.com\/de\/product\/modeca-rania\/","name":"Modeca Rania | Koonings","isPartOf":{"@id":"https:\/\/www.koonings.com\/de\/#website"},"primaryImageOfPage":{"@id":"https:\/\/www.koonings.com\/de\/product\/modeca-rania\/#primaryimage"},"image":{"@id":"https:\/\/www.koonings.com\/de\/product\/modeca-rania\/#primaryimage"},"thumbnailUrl":"https:\/\/www.koonings.com\/wp-content\/uploads\/2024\/11\/37602_d345cd12f8ccb8eee970a4787701ebabef53203c281034928de6e40ce5618c1ee1864f11-scaled.jpeg","datePublished":"2026-04-14T14:08:37+00:00","description":"Das klassische, vertr\u00e4umte und absolut zeitlose Ballkleid Rania wurde f\u00fcr die moderne, romantische Braut entworfen. Bestickte Spitze mit Pailletten ist mit einem klassischen herzf\u00f6rmigen Ausschnitt gepaart und flie\u00dft wundersch\u00f6n \u00fcber den weiten T\u00fcllrock.","breadcrumb":{"@id":"https:\/\/www.koonings.com\/de\/product\/modeca-rania\/#breadcrumb"},"inLanguage":"de","potentialAction":[{"@type":"ReadAction","target":["https:\/\/www.koonings.com\/de\/product\/modeca-rania\/"]}]},{"@type":"ImageObject","inLanguage":"de","@id":"https:\/\/www.koonings.com\/de\/product\/modeca-rania\/#primaryimage","url":"https:\/\/www.koonings.com\/wp-content\/uploads\/2024\/11\/37602_d345cd12f8ccb8eee970a4787701ebabef53203c281034928de6e40ce5618c1ee1864f11-scaled.jpeg","contentUrl":"https:\/\/www.koonings.com\/wp-content\/uploads\/2024\/11\/37602_d345cd12f8ccb8eee970a4787701ebabef53203c281034928de6e40ce5618c1ee1864f11-scaled.jpeg","width":1810,"height":2560},{"@type":"BreadcrumbList","@id":"https:\/\/www.koonings.com\/de\/product\/modeca-rania\/#breadcrumb","itemListElement":[{"@type":"ListItem","position":1,"name":"Home","item":"https:\/\/www.koonings.com\/de\/"},{"@type":"ListItem","position":2,"name":"Modeca Rania"}]},{"@type":"WebSite","@id":"https:\/\/www.koonings.com\/de\/#website","url":"https:\/\/www.koonings.com\/de\/","name":"Koonings","description":"De grootste bruidsmodewinkel ter wereld","publisher":{"@id":"https:\/\/www.koonings.com\/de\/#organization"},"potentialAction":[{"@type":"SearchAction","target":{"@type":"EntryPoint","urlTemplate":"https:\/\/www.koonings.com\/de\/?s={search_term_string}"},"query-input":{"@type":"PropertyValueSpecification","valueRequired":true,"valueName":"search_term_string"}}],"inLanguage":"de"},{"@type":"Organization","@id":"https:\/\/www.koonings.com\/de\/#organization","name":"Koonings","url":"https:\/\/www.koonings.com\/de\/","logo":{"@type":"ImageObject","inLanguage":"de","@id":"https:\/\/www.koonings.com\/de\/#\/schema\/logo\/image\/","url":"https:\/\/www.koonings.com\/wp-content\/uploads\/2024\/07\/logo.png","contentUrl":"https:\/\/www.koonings.com\/wp-content\/uploads\/2024\/07\/logo.png","width":600,"height":428,"caption":"Koonings"},"image":{"@id":"https:\/\/www.koonings.com\/de\/#\/schema\/logo\/image\/"},"sameAs":["https:\/\/www.facebook.com\/kooningstheweddingpalace","https:\/\/www.instagram.com\/kooningstheweddingpalace","https:\/\/www.pinterest.com\/koonings","https:\/\/www.youtube.com\/kooningstheweddingpalace"]}]}},"_links":{"self":[{"href":"https:\/\/www.koonings.com\/de\/wp-json\/wp\/v2\/product\/78730","targetHints":{"allow":["GET"]}}],"collection":[{"href":"https:\/\/www.koonings.com\/de\/wp-json\/wp\/v2\/product"}],"about":[{"href":"https:\/\/www.koonings.com\/de\/wp-json\/wp\/v2\/types\/product"}],"wp:featuredmedia":[{"embeddable":true,"href":"https:\/\/www.koonings.com\/de\/wp-json\/wp\/v2\/media\/66332"}],"wp:attachment":[{"href":"https:\/\/www.koonings.com\/de\/wp-json\/wp\/v2\/media?parent=78730"}],"wp:term":[{"taxonomy":"productdetails","embeddable":true,"href":"https:\/\/www.koonings.com\/de\/wp-json\/wp\/v2\/productdetails?post=78730"},{"taxonomy":"productneck","embeddable":true,"href":"https:\/\/www.koonings.com\/de\/wp-json\/wp\/v2\/productneck?post=78730"},{"taxonomy":"productcolor","embeddable":true,"href":"https:\/\/www.koonings.com\/de\/wp-json\/wp\/v2\/productcolor?post=78730"},{"taxonomy":"maat","embeddable":true,"href":"https:\/\/www.koonings.com\/de\/wp-json\/wp\/v2\/maat?post=78730"},{"taxonomy":"productsupplier","embeddable":true,"href":"https:\/\/www.koonings.com\/de\/wp-json\/wp\/v2\/productsupplier?post=78730"},{"taxonomy":"productsleeve","embeddable":true,"href":"https:\/\/www.koonings.com\/de\/wp-json\/wp\/v2\/productsleeve?post=78730"},{"taxonomy":"productcategory","embeddable":true,"href":"https:\/\/www.koonings.com\/de\/wp-json\/wp\/v2\/productcategory?post=78730"},{"taxonomy":"productsilhouette","embeddable":true,"href":"https:\/\/www.koonings.com\/de\/wp-json\/wp\/v2\/productsilhouette?post=78730"},{"taxonomy":"productstyle","embeddable":true,"href":"https:\/\/www.koonings.com\/de\/wp-json\/wp\/v2\/productstyle?post=78730"}],"curies":[{"name":"wp","href":"https:\/\/api.w.org\/{rel}","templated":true}]}}