{"id":78724,"date":"2026-05-06T15:10:38","date_gmt":"2026-05-06T13:10:38","guid":{"rendered":"https:\/\/www.koonings.com\/product\/modeca-zaylee\/"},"modified":"2026-02-16T14:48:02","modified_gmt":"2026-02-16T13:48:02","slug":"modeca-zaylee","status":"publish","type":"product","link":"https:\/\/www.koonings.com\/de\/product\/modeca-zaylee\/","title":{"rendered":"Modeca Zaylee"},"content":{"rendered":"<p>Betonen Sie Ihre Form in diesem eng anliegenden Kleid von Zaylee. Das durchsichtige Mieder ist mit wundersch\u00f6ner Paillettenspitze \u00fcberzogen, die mit zarten Spitzentr\u00e4gern kombiniert wird, die zu einem sexy offenen R\u00fccken f\u00fchren. Die T\u00fcllschleppe mit Spitzenapplikationen ist das ultimative Detail, das alle Blicke auf sich ziehen wird. Koonings hat diese Kollektion in seinen Ausstellungsr\u00e4umen!   <\/p>\n","protected":false},"featured_media":66432,"template":"","meta":{"_acf_changed":false,"ghostkit_customizer_options":"","ghostkit_custom_css":"","ghostkit_custom_js_head":"","ghostkit_custom_js_foot":"","ghostkit_typography":""},"productdetails":[376,383],"productneck":[355],"productcolor":[393,392],"maat":[],"productsupplier":[434],"productsleeve":[359],"productcategory":[18],"productsilhouette":[387,389],"productstyle":[366],"class_list":["post-78724","product","type-product","status-publish","has-post-thumbnail","hentry","productdetails-376","productdetails-383","productneck-355","productcolor-393","productcolor-392","productsupplier-modeca","productsleeve-359","productcategory-trouwjurken","productsilhouette-387","productsilhouette-389","productstyle-366"],"acf":[],"yoast_head":"<!-- This site is optimized with the Yoast SEO plugin v27.3 - https:\/\/yoast.com\/product\/yoast-seo-wordpress\/ -->\n<title>Modeca Zaylee | Koonings<\/title>\n<meta name=\"description\" content=\"Betonen Sie Ihre Form in diesem eng anliegenden Kleid von Zaylee. Das durchsichtige Mieder ist mit wundersch\u00f6ner Paillettenspitze \u00fcberzogen, die mit zarten Spitzentr\u00e4gern kombiniert wird, die zu einem sexy offenen R\u00fccken f\u00fchren. Die T\u00fcllschleppe mit Spitzenapplikationen ist das ultimative Detail, das alle Blicke auf sich ziehen wird. Koonings hat diese Kollektion in seinen Ausstellungsr\u00e4umen!\" \/>\n<meta name=\"robots\" content=\"index, follow, max-snippet:-1, max-image-preview:large, max-video-preview:-1\" \/>\n<link rel=\"canonical\" href=\"https:\/\/www.koonings.com\/de\/product\/modeca-zaylee\/\" \/>\n<meta property=\"og:locale\" content=\"de_DE\" \/>\n<meta property=\"og:type\" content=\"article\" \/>\n<meta property=\"og:title\" content=\"Modeca Zaylee | Koonings\" \/>\n<meta property=\"og:description\" content=\"Betonen Sie Ihre Form in diesem eng anliegenden Kleid von Zaylee. Das durchsichtige Mieder ist mit wundersch\u00f6ner Paillettenspitze \u00fcberzogen, die mit zarten Spitzentr\u00e4gern kombiniert wird, die zu einem sexy offenen R\u00fccken f\u00fchren. Die T\u00fcllschleppe mit Spitzenapplikationen ist das ultimative Detail, das alle Blicke auf sich ziehen wird. Koonings hat diese Kollektion in seinen Ausstellungsr\u00e4umen!\" \/>\n<meta property=\"og:url\" content=\"https:\/\/www.koonings.com\/de\/product\/modeca-zaylee\/\" \/>\n<meta property=\"og:site_name\" content=\"Koonings\" \/>\n<meta property=\"article:publisher\" content=\"https:\/\/www.facebook.com\/kooningstheweddingpalace\" \/>\n<meta property=\"og:image\" content=\"https:\/\/www.koonings.com\/wp-content\/uploads\/2024\/11\/38476_c6a022885403042ef4a8080e483cf0cd03d9079cde65507611a421387f491b0513b502d2.jpeg\" \/>\n\t<meta property=\"og:image:width\" content=\"856\" \/>\n\t<meta property=\"og:image:height\" content=\"1211\" \/>\n\t<meta property=\"og:image:type\" content=\"image\/jpeg\" \/>\n<meta name=\"twitter:card\" content=\"summary_large_image\" \/>\n<script type=\"application\/ld+json\" class=\"yoast-schema-graph\">{\"@context\":\"https:\\\/\\\/schema.org\",\"@graph\":[{\"@type\":\"WebPage\",\"@id\":\"https:\\\/\\\/www.koonings.com\\\/de\\\/product\\\/modeca-zaylee\\\/\",\"url\":\"https:\\\/\\\/www.koonings.com\\\/de\\\/product\\\/modeca-zaylee\\\/\",\"name\":\"Modeca Zaylee | Koonings\",\"isPartOf\":{\"@id\":\"https:\\\/\\\/www.koonings.com\\\/de\\\/#website\"},\"primaryImageOfPage\":{\"@id\":\"https:\\\/\\\/www.koonings.com\\\/de\\\/product\\\/modeca-zaylee\\\/#primaryimage\"},\"image\":{\"@id\":\"https:\\\/\\\/www.koonings.com\\\/de\\\/product\\\/modeca-zaylee\\\/#primaryimage\"},\"thumbnailUrl\":\"https:\\\/\\\/www.koonings.com\\\/wp-content\\\/uploads\\\/2024\\\/11\\\/38476_c6a022885403042ef4a8080e483cf0cd03d9079cde65507611a421387f491b0513b502d2.jpeg\",\"datePublished\":\"2026-05-06T13:10:38+00:00\",\"description\":\"Betonen Sie Ihre Form in diesem eng anliegenden Kleid von Zaylee. Das durchsichtige Mieder ist mit wundersch\u00f6ner Paillettenspitze \u00fcberzogen, die mit zarten Spitzentr\u00e4gern kombiniert wird, die zu einem sexy offenen R\u00fccken f\u00fchren. Die T\u00fcllschleppe mit Spitzenapplikationen ist das ultimative Detail, das alle Blicke auf sich ziehen wird. Koonings hat diese Kollektion in seinen Ausstellungsr\u00e4umen!\",\"breadcrumb\":{\"@id\":\"https:\\\/\\\/www.koonings.com\\\/de\\\/product\\\/modeca-zaylee\\\/#breadcrumb\"},\"inLanguage\":\"de\",\"potentialAction\":[{\"@type\":\"ReadAction\",\"target\":[\"https:\\\/\\\/www.koonings.com\\\/de\\\/product\\\/modeca-zaylee\\\/\"]}]},{\"@type\":\"ImageObject\",\"inLanguage\":\"de\",\"@id\":\"https:\\\/\\\/www.koonings.com\\\/de\\\/product\\\/modeca-zaylee\\\/#primaryimage\",\"url\":\"https:\\\/\\\/www.koonings.com\\\/wp-content\\\/uploads\\\/2024\\\/11\\\/38476_c6a022885403042ef4a8080e483cf0cd03d9079cde65507611a421387f491b0513b502d2.jpeg\",\"contentUrl\":\"https:\\\/\\\/www.koonings.com\\\/wp-content\\\/uploads\\\/2024\\\/11\\\/38476_c6a022885403042ef4a8080e483cf0cd03d9079cde65507611a421387f491b0513b502d2.jpeg\",\"width\":856,\"height\":1211},{\"@type\":\"BreadcrumbList\",\"@id\":\"https:\\\/\\\/www.koonings.com\\\/de\\\/product\\\/modeca-zaylee\\\/#breadcrumb\",\"itemListElement\":[{\"@type\":\"ListItem\",\"position\":1,\"name\":\"Home\",\"item\":\"https:\\\/\\\/www.koonings.com\\\/de\\\/\"},{\"@type\":\"ListItem\",\"position\":2,\"name\":\"Modeca Zaylee\"}]},{\"@type\":\"WebSite\",\"@id\":\"https:\\\/\\\/www.koonings.com\\\/de\\\/#website\",\"url\":\"https:\\\/\\\/www.koonings.com\\\/de\\\/\",\"name\":\"Koonings\",\"description\":\"De grootste bruidsmodewinkel ter wereld\",\"publisher\":{\"@id\":\"https:\\\/\\\/www.koonings.com\\\/de\\\/#organization\"},\"potentialAction\":[{\"@type\":\"SearchAction\",\"target\":{\"@type\":\"EntryPoint\",\"urlTemplate\":\"https:\\\/\\\/www.koonings.com\\\/de\\\/?s={search_term_string}\"},\"query-input\":{\"@type\":\"PropertyValueSpecification\",\"valueRequired\":true,\"valueName\":\"search_term_string\"}}],\"inLanguage\":\"de\"},{\"@type\":\"Organization\",\"@id\":\"https:\\\/\\\/www.koonings.com\\\/de\\\/#organization\",\"name\":\"Koonings\",\"url\":\"https:\\\/\\\/www.koonings.com\\\/de\\\/\",\"logo\":{\"@type\":\"ImageObject\",\"inLanguage\":\"de\",\"@id\":\"https:\\\/\\\/www.koonings.com\\\/de\\\/#\\\/schema\\\/logo\\\/image\\\/\",\"url\":\"https:\\\/\\\/www.koonings.com\\\/wp-content\\\/uploads\\\/2024\\\/07\\\/logo.png\",\"contentUrl\":\"https:\\\/\\\/www.koonings.com\\\/wp-content\\\/uploads\\\/2024\\\/07\\\/logo.png\",\"width\":600,\"height\":428,\"caption\":\"Koonings\"},\"image\":{\"@id\":\"https:\\\/\\\/www.koonings.com\\\/de\\\/#\\\/schema\\\/logo\\\/image\\\/\"},\"sameAs\":[\"https:\\\/\\\/www.facebook.com\\\/kooningstheweddingpalace\",\"https:\\\/\\\/www.instagram.com\\\/kooningstheweddingpalace\",\"https:\\\/\\\/www.pinterest.com\\\/koonings\",\"https:\\\/\\\/www.youtube.com\\\/kooningstheweddingpalace\"]}]}<\/script>\n<!-- \/ Yoast SEO plugin. -->","yoast_head_json":{"title":"Modeca Zaylee | Koonings","description":"Betonen Sie Ihre Form in diesem eng anliegenden Kleid von Zaylee. Das durchsichtige Mieder ist mit wundersch\u00f6ner Paillettenspitze \u00fcberzogen, die mit zarten Spitzentr\u00e4gern kombiniert wird, die zu einem sexy offenen R\u00fccken f\u00fchren. Die T\u00fcllschleppe mit Spitzenapplikationen ist das ultimative Detail, das alle Blicke auf sich ziehen wird. Koonings hat diese Kollektion in seinen Ausstellungsr\u00e4umen!","robots":{"index":"index","follow":"follow","max-snippet":"max-snippet:-1","max-image-preview":"max-image-preview:large","max-video-preview":"max-video-preview:-1"},"canonical":"https:\/\/www.koonings.com\/de\/product\/modeca-zaylee\/","og_locale":"de_DE","og_type":"article","og_title":"Modeca Zaylee | Koonings","og_description":"Betonen Sie Ihre Form in diesem eng anliegenden Kleid von Zaylee. Das durchsichtige Mieder ist mit wundersch\u00f6ner Paillettenspitze \u00fcberzogen, die mit zarten Spitzentr\u00e4gern kombiniert wird, die zu einem sexy offenen R\u00fccken f\u00fchren. Die T\u00fcllschleppe mit Spitzenapplikationen ist das ultimative Detail, das alle Blicke auf sich ziehen wird. Koonings hat diese Kollektion in seinen Ausstellungsr\u00e4umen!","og_url":"https:\/\/www.koonings.com\/de\/product\/modeca-zaylee\/","og_site_name":"Koonings","article_publisher":"https:\/\/www.facebook.com\/kooningstheweddingpalace","og_image":[{"width":856,"height":1211,"url":"https:\/\/www.koonings.com\/wp-content\/uploads\/2024\/11\/38476_c6a022885403042ef4a8080e483cf0cd03d9079cde65507611a421387f491b0513b502d2.jpeg","type":"image\/jpeg"}],"twitter_card":"summary_large_image","schema":{"@context":"https:\/\/schema.org","@graph":[{"@type":"WebPage","@id":"https:\/\/www.koonings.com\/de\/product\/modeca-zaylee\/","url":"https:\/\/www.koonings.com\/de\/product\/modeca-zaylee\/","name":"Modeca Zaylee | Koonings","isPartOf":{"@id":"https:\/\/www.koonings.com\/de\/#website"},"primaryImageOfPage":{"@id":"https:\/\/www.koonings.com\/de\/product\/modeca-zaylee\/#primaryimage"},"image":{"@id":"https:\/\/www.koonings.com\/de\/product\/modeca-zaylee\/#primaryimage"},"thumbnailUrl":"https:\/\/www.koonings.com\/wp-content\/uploads\/2024\/11\/38476_c6a022885403042ef4a8080e483cf0cd03d9079cde65507611a421387f491b0513b502d2.jpeg","datePublished":"2026-05-06T13:10:38+00:00","description":"Betonen Sie Ihre Form in diesem eng anliegenden Kleid von Zaylee. Das durchsichtige Mieder ist mit wundersch\u00f6ner Paillettenspitze \u00fcberzogen, die mit zarten Spitzentr\u00e4gern kombiniert wird, die zu einem sexy offenen R\u00fccken f\u00fchren. Die T\u00fcllschleppe mit Spitzenapplikationen ist das ultimative Detail, das alle Blicke auf sich ziehen wird. Koonings hat diese Kollektion in seinen Ausstellungsr\u00e4umen!","breadcrumb":{"@id":"https:\/\/www.koonings.com\/de\/product\/modeca-zaylee\/#breadcrumb"},"inLanguage":"de","potentialAction":[{"@type":"ReadAction","target":["https:\/\/www.koonings.com\/de\/product\/modeca-zaylee\/"]}]},{"@type":"ImageObject","inLanguage":"de","@id":"https:\/\/www.koonings.com\/de\/product\/modeca-zaylee\/#primaryimage","url":"https:\/\/www.koonings.com\/wp-content\/uploads\/2024\/11\/38476_c6a022885403042ef4a8080e483cf0cd03d9079cde65507611a421387f491b0513b502d2.jpeg","contentUrl":"https:\/\/www.koonings.com\/wp-content\/uploads\/2024\/11\/38476_c6a022885403042ef4a8080e483cf0cd03d9079cde65507611a421387f491b0513b502d2.jpeg","width":856,"height":1211},{"@type":"BreadcrumbList","@id":"https:\/\/www.koonings.com\/de\/product\/modeca-zaylee\/#breadcrumb","itemListElement":[{"@type":"ListItem","position":1,"name":"Home","item":"https:\/\/www.koonings.com\/de\/"},{"@type":"ListItem","position":2,"name":"Modeca Zaylee"}]},{"@type":"WebSite","@id":"https:\/\/www.koonings.com\/de\/#website","url":"https:\/\/www.koonings.com\/de\/","name":"Koonings","description":"De grootste bruidsmodewinkel ter wereld","publisher":{"@id":"https:\/\/www.koonings.com\/de\/#organization"},"potentialAction":[{"@type":"SearchAction","target":{"@type":"EntryPoint","urlTemplate":"https:\/\/www.koonings.com\/de\/?s={search_term_string}"},"query-input":{"@type":"PropertyValueSpecification","valueRequired":true,"valueName":"search_term_string"}}],"inLanguage":"de"},{"@type":"Organization","@id":"https:\/\/www.koonings.com\/de\/#organization","name":"Koonings","url":"https:\/\/www.koonings.com\/de\/","logo":{"@type":"ImageObject","inLanguage":"de","@id":"https:\/\/www.koonings.com\/de\/#\/schema\/logo\/image\/","url":"https:\/\/www.koonings.com\/wp-content\/uploads\/2024\/07\/logo.png","contentUrl":"https:\/\/www.koonings.com\/wp-content\/uploads\/2024\/07\/logo.png","width":600,"height":428,"caption":"Koonings"},"image":{"@id":"https:\/\/www.koonings.com\/de\/#\/schema\/logo\/image\/"},"sameAs":["https:\/\/www.facebook.com\/kooningstheweddingpalace","https:\/\/www.instagram.com\/kooningstheweddingpalace","https:\/\/www.pinterest.com\/koonings","https:\/\/www.youtube.com\/kooningstheweddingpalace"]}]}},"_links":{"self":[{"href":"https:\/\/www.koonings.com\/de\/wp-json\/wp\/v2\/product\/78724","targetHints":{"allow":["GET"]}}],"collection":[{"href":"https:\/\/www.koonings.com\/de\/wp-json\/wp\/v2\/product"}],"about":[{"href":"https:\/\/www.koonings.com\/de\/wp-json\/wp\/v2\/types\/product"}],"wp:featuredmedia":[{"embeddable":true,"href":"https:\/\/www.koonings.com\/de\/wp-json\/wp\/v2\/media\/66432"}],"wp:attachment":[{"href":"https:\/\/www.koonings.com\/de\/wp-json\/wp\/v2\/media?parent=78724"}],"wp:term":[{"taxonomy":"productdetails","embeddable":true,"href":"https:\/\/www.koonings.com\/de\/wp-json\/wp\/v2\/productdetails?post=78724"},{"taxonomy":"productneck","embeddable":true,"href":"https:\/\/www.koonings.com\/de\/wp-json\/wp\/v2\/productneck?post=78724"},{"taxonomy":"productcolor","embeddable":true,"href":"https:\/\/www.koonings.com\/de\/wp-json\/wp\/v2\/productcolor?post=78724"},{"taxonomy":"maat","embeddable":true,"href":"https:\/\/www.koonings.com\/de\/wp-json\/wp\/v2\/maat?post=78724"},{"taxonomy":"productsupplier","embeddable":true,"href":"https:\/\/www.koonings.com\/de\/wp-json\/wp\/v2\/productsupplier?post=78724"},{"taxonomy":"productsleeve","embeddable":true,"href":"https:\/\/www.koonings.com\/de\/wp-json\/wp\/v2\/productsleeve?post=78724"},{"taxonomy":"productcategory","embeddable":true,"href":"https:\/\/www.koonings.com\/de\/wp-json\/wp\/v2\/productcategory?post=78724"},{"taxonomy":"productsilhouette","embeddable":true,"href":"https:\/\/www.koonings.com\/de\/wp-json\/wp\/v2\/productsilhouette?post=78724"},{"taxonomy":"productstyle","embeddable":true,"href":"https:\/\/www.koonings.com\/de\/wp-json\/wp\/v2\/productstyle?post=78724"}],"curies":[{"name":"wp","href":"https:\/\/api.w.org\/{rel}","templated":true}]}}