{"id":78723,"date":"2026-04-28T18:10:32","date_gmt":"2026-04-28T16:10:32","guid":{"rendered":"https:\/\/www.koonings.com\/product\/modeca-veerle\/"},"modified":"2026-02-16T14:48:04","modified_gmt":"2026-02-16T13:48:04","slug":"modeca-veerle","status":"publish","type":"product","link":"https:\/\/www.koonings.com\/de\/product\/modeca-veerle\/","title":{"rendered":"Modeca Veerle"},"content":{"rendered":"<p>Feiern Sie die Liebe mit dem leichten und luftigen A-Linien-Kleid Veerle. Das h\u00fcbsche Spitzenmieder passt perfekt zu dem romantischen Chiffonrock. Dieses kurvenreiche Kleid besticht durch seine abnehmbaren langen \u00c4rmel. Dieses verwegene Kleid ist bei Koonings The Wedding Palace auch ohne die abnehmbaren \u00c4rmel erh\u00e4ltlich &#8211; Veerle-D.   <\/p>\n","protected":false},"featured_media":66490,"template":"","meta":{"_acf_changed":false,"ghostkit_customizer_options":"","ghostkit_custom_css":"","ghostkit_custom_js_head":"","ghostkit_custom_js_foot":"","ghostkit_typography":""},"productdetails":[376],"productneck":[355],"productcolor":[393,392],"maat":[375],"productsupplier":[434],"productsleeve":[362],"productcategory":[18],"productsilhouette":[384],"productstyle":[364],"class_list":["post-78723","product","type-product","status-publish","has-post-thumbnail","hentry","productdetails-376","productneck-355","productcolor-393","productcolor-392","maat-375","productsupplier-modeca","productsleeve-362","productcategory-trouwjurken","productsilhouette-384","productstyle-364"],"acf":[],"yoast_head":"<!-- This site is optimized with the Yoast SEO plugin v27.3 - https:\/\/yoast.com\/product\/yoast-seo-wordpress\/ -->\n<title>Modeca Veerle | Koonings<\/title>\n<meta name=\"description\" content=\"Feiern Sie die Liebe mit dem leichten und luftigen A-Linien-Kleid Veerle. Das h\u00fcbsche Spitzenmieder passt perfekt zu dem romantischen Chiffonrock. Dieses kurvenreiche Kleid besticht durch seine abnehmbaren langen \u00c4rmel. Dieses verwegene Kleid ist bei Koonings The Wedding Palace auch ohne die abnehmbaren \u00c4rmel erh\u00e4ltlich - Veerle-D.\" \/>\n<meta name=\"robots\" content=\"index, follow, max-snippet:-1, max-image-preview:large, max-video-preview:-1\" \/>\n<link rel=\"canonical\" href=\"https:\/\/www.koonings.com\/de\/product\/modeca-veerle\/\" \/>\n<meta property=\"og:locale\" content=\"de_DE\" \/>\n<meta property=\"og:type\" content=\"article\" \/>\n<meta property=\"og:title\" content=\"Modeca Veerle | Koonings\" \/>\n<meta property=\"og:description\" content=\"Feiern Sie die Liebe mit dem leichten und luftigen A-Linien-Kleid Veerle. Das h\u00fcbsche Spitzenmieder passt perfekt zu dem romantischen Chiffonrock. Dieses kurvenreiche Kleid besticht durch seine abnehmbaren langen \u00c4rmel. Dieses verwegene Kleid ist bei Koonings The Wedding Palace auch ohne die abnehmbaren \u00c4rmel erh\u00e4ltlich - Veerle-D.\" \/>\n<meta property=\"og:url\" content=\"https:\/\/www.koonings.com\/de\/product\/modeca-veerle\/\" \/>\n<meta property=\"og:site_name\" content=\"Koonings\" \/>\n<meta property=\"article:publisher\" content=\"https:\/\/www.facebook.com\/kooningstheweddingpalace\" \/>\n<meta property=\"og:image\" content=\"https:\/\/www.koonings.com\/wp-content\/uploads\/2024\/11\/38483_b50eb73aad52da506cd0bef25052172cd8b6cc3ee0346ad8e0c171dcbd04940515e48b53.jpeg\" \/>\n\t<meta property=\"og:image:width\" content=\"798\" \/>\n\t<meta property=\"og:image:height\" content=\"1130\" \/>\n\t<meta property=\"og:image:type\" content=\"image\/jpeg\" \/>\n<meta name=\"twitter:card\" content=\"summary_large_image\" \/>\n<script type=\"application\/ld+json\" class=\"yoast-schema-graph\">{\"@context\":\"https:\\\/\\\/schema.org\",\"@graph\":[{\"@type\":\"WebPage\",\"@id\":\"https:\\\/\\\/www.koonings.com\\\/de\\\/product\\\/modeca-veerle\\\/\",\"url\":\"https:\\\/\\\/www.koonings.com\\\/de\\\/product\\\/modeca-veerle\\\/\",\"name\":\"Modeca Veerle | Koonings\",\"isPartOf\":{\"@id\":\"https:\\\/\\\/www.koonings.com\\\/de\\\/#website\"},\"primaryImageOfPage\":{\"@id\":\"https:\\\/\\\/www.koonings.com\\\/de\\\/product\\\/modeca-veerle\\\/#primaryimage\"},\"image\":{\"@id\":\"https:\\\/\\\/www.koonings.com\\\/de\\\/product\\\/modeca-veerle\\\/#primaryimage\"},\"thumbnailUrl\":\"https:\\\/\\\/www.koonings.com\\\/wp-content\\\/uploads\\\/2024\\\/11\\\/38483_b50eb73aad52da506cd0bef25052172cd8b6cc3ee0346ad8e0c171dcbd04940515e48b53.jpeg\",\"datePublished\":\"2026-04-28T16:10:32+00:00\",\"description\":\"Feiern Sie die Liebe mit dem leichten und luftigen A-Linien-Kleid Veerle. Das h\u00fcbsche Spitzenmieder passt perfekt zu dem romantischen Chiffonrock. Dieses kurvenreiche Kleid besticht durch seine abnehmbaren langen \u00c4rmel. Dieses verwegene Kleid ist bei Koonings The Wedding Palace auch ohne die abnehmbaren \u00c4rmel erh\u00e4ltlich - Veerle-D.\",\"breadcrumb\":{\"@id\":\"https:\\\/\\\/www.koonings.com\\\/de\\\/product\\\/modeca-veerle\\\/#breadcrumb\"},\"inLanguage\":\"de\",\"potentialAction\":[{\"@type\":\"ReadAction\",\"target\":[\"https:\\\/\\\/www.koonings.com\\\/de\\\/product\\\/modeca-veerle\\\/\"]}]},{\"@type\":\"ImageObject\",\"inLanguage\":\"de\",\"@id\":\"https:\\\/\\\/www.koonings.com\\\/de\\\/product\\\/modeca-veerle\\\/#primaryimage\",\"url\":\"https:\\\/\\\/www.koonings.com\\\/wp-content\\\/uploads\\\/2024\\\/11\\\/38483_b50eb73aad52da506cd0bef25052172cd8b6cc3ee0346ad8e0c171dcbd04940515e48b53.jpeg\",\"contentUrl\":\"https:\\\/\\\/www.koonings.com\\\/wp-content\\\/uploads\\\/2024\\\/11\\\/38483_b50eb73aad52da506cd0bef25052172cd8b6cc3ee0346ad8e0c171dcbd04940515e48b53.jpeg\",\"width\":798,\"height\":1130},{\"@type\":\"BreadcrumbList\",\"@id\":\"https:\\\/\\\/www.koonings.com\\\/de\\\/product\\\/modeca-veerle\\\/#breadcrumb\",\"itemListElement\":[{\"@type\":\"ListItem\",\"position\":1,\"name\":\"Home\",\"item\":\"https:\\\/\\\/www.koonings.com\\\/de\\\/\"},{\"@type\":\"ListItem\",\"position\":2,\"name\":\"Modeca Veerle\"}]},{\"@type\":\"WebSite\",\"@id\":\"https:\\\/\\\/www.koonings.com\\\/de\\\/#website\",\"url\":\"https:\\\/\\\/www.koonings.com\\\/de\\\/\",\"name\":\"Koonings\",\"description\":\"De grootste bruidsmodewinkel ter wereld\",\"publisher\":{\"@id\":\"https:\\\/\\\/www.koonings.com\\\/de\\\/#organization\"},\"potentialAction\":[{\"@type\":\"SearchAction\",\"target\":{\"@type\":\"EntryPoint\",\"urlTemplate\":\"https:\\\/\\\/www.koonings.com\\\/de\\\/?s={search_term_string}\"},\"query-input\":{\"@type\":\"PropertyValueSpecification\",\"valueRequired\":true,\"valueName\":\"search_term_string\"}}],\"inLanguage\":\"de\"},{\"@type\":\"Organization\",\"@id\":\"https:\\\/\\\/www.koonings.com\\\/de\\\/#organization\",\"name\":\"Koonings\",\"url\":\"https:\\\/\\\/www.koonings.com\\\/de\\\/\",\"logo\":{\"@type\":\"ImageObject\",\"inLanguage\":\"de\",\"@id\":\"https:\\\/\\\/www.koonings.com\\\/de\\\/#\\\/schema\\\/logo\\\/image\\\/\",\"url\":\"https:\\\/\\\/www.koonings.com\\\/wp-content\\\/uploads\\\/2024\\\/07\\\/logo.png\",\"contentUrl\":\"https:\\\/\\\/www.koonings.com\\\/wp-content\\\/uploads\\\/2024\\\/07\\\/logo.png\",\"width\":600,\"height\":428,\"caption\":\"Koonings\"},\"image\":{\"@id\":\"https:\\\/\\\/www.koonings.com\\\/de\\\/#\\\/schema\\\/logo\\\/image\\\/\"},\"sameAs\":[\"https:\\\/\\\/www.facebook.com\\\/kooningstheweddingpalace\",\"https:\\\/\\\/www.instagram.com\\\/kooningstheweddingpalace\",\"https:\\\/\\\/www.pinterest.com\\\/koonings\",\"https:\\\/\\\/www.youtube.com\\\/kooningstheweddingpalace\"]}]}<\/script>\n<!-- \/ Yoast SEO plugin. -->","yoast_head_json":{"title":"Modeca Veerle | Koonings","description":"Feiern Sie die Liebe mit dem leichten und luftigen A-Linien-Kleid Veerle. Das h\u00fcbsche Spitzenmieder passt perfekt zu dem romantischen Chiffonrock. Dieses kurvenreiche Kleid besticht durch seine abnehmbaren langen \u00c4rmel. Dieses verwegene Kleid ist bei Koonings The Wedding Palace auch ohne die abnehmbaren \u00c4rmel erh\u00e4ltlich - Veerle-D.","robots":{"index":"index","follow":"follow","max-snippet":"max-snippet:-1","max-image-preview":"max-image-preview:large","max-video-preview":"max-video-preview:-1"},"canonical":"https:\/\/www.koonings.com\/de\/product\/modeca-veerle\/","og_locale":"de_DE","og_type":"article","og_title":"Modeca Veerle | Koonings","og_description":"Feiern Sie die Liebe mit dem leichten und luftigen A-Linien-Kleid Veerle. Das h\u00fcbsche Spitzenmieder passt perfekt zu dem romantischen Chiffonrock. Dieses kurvenreiche Kleid besticht durch seine abnehmbaren langen \u00c4rmel. Dieses verwegene Kleid ist bei Koonings The Wedding Palace auch ohne die abnehmbaren \u00c4rmel erh\u00e4ltlich - Veerle-D.","og_url":"https:\/\/www.koonings.com\/de\/product\/modeca-veerle\/","og_site_name":"Koonings","article_publisher":"https:\/\/www.facebook.com\/kooningstheweddingpalace","og_image":[{"width":798,"height":1130,"url":"https:\/\/www.koonings.com\/wp-content\/uploads\/2024\/11\/38483_b50eb73aad52da506cd0bef25052172cd8b6cc3ee0346ad8e0c171dcbd04940515e48b53.jpeg","type":"image\/jpeg"}],"twitter_card":"summary_large_image","schema":{"@context":"https:\/\/schema.org","@graph":[{"@type":"WebPage","@id":"https:\/\/www.koonings.com\/de\/product\/modeca-veerle\/","url":"https:\/\/www.koonings.com\/de\/product\/modeca-veerle\/","name":"Modeca Veerle | Koonings","isPartOf":{"@id":"https:\/\/www.koonings.com\/de\/#website"},"primaryImageOfPage":{"@id":"https:\/\/www.koonings.com\/de\/product\/modeca-veerle\/#primaryimage"},"image":{"@id":"https:\/\/www.koonings.com\/de\/product\/modeca-veerle\/#primaryimage"},"thumbnailUrl":"https:\/\/www.koonings.com\/wp-content\/uploads\/2024\/11\/38483_b50eb73aad52da506cd0bef25052172cd8b6cc3ee0346ad8e0c171dcbd04940515e48b53.jpeg","datePublished":"2026-04-28T16:10:32+00:00","description":"Feiern Sie die Liebe mit dem leichten und luftigen A-Linien-Kleid Veerle. Das h\u00fcbsche Spitzenmieder passt perfekt zu dem romantischen Chiffonrock. Dieses kurvenreiche Kleid besticht durch seine abnehmbaren langen \u00c4rmel. Dieses verwegene Kleid ist bei Koonings The Wedding Palace auch ohne die abnehmbaren \u00c4rmel erh\u00e4ltlich - Veerle-D.","breadcrumb":{"@id":"https:\/\/www.koonings.com\/de\/product\/modeca-veerle\/#breadcrumb"},"inLanguage":"de","potentialAction":[{"@type":"ReadAction","target":["https:\/\/www.koonings.com\/de\/product\/modeca-veerle\/"]}]},{"@type":"ImageObject","inLanguage":"de","@id":"https:\/\/www.koonings.com\/de\/product\/modeca-veerle\/#primaryimage","url":"https:\/\/www.koonings.com\/wp-content\/uploads\/2024\/11\/38483_b50eb73aad52da506cd0bef25052172cd8b6cc3ee0346ad8e0c171dcbd04940515e48b53.jpeg","contentUrl":"https:\/\/www.koonings.com\/wp-content\/uploads\/2024\/11\/38483_b50eb73aad52da506cd0bef25052172cd8b6cc3ee0346ad8e0c171dcbd04940515e48b53.jpeg","width":798,"height":1130},{"@type":"BreadcrumbList","@id":"https:\/\/www.koonings.com\/de\/product\/modeca-veerle\/#breadcrumb","itemListElement":[{"@type":"ListItem","position":1,"name":"Home","item":"https:\/\/www.koonings.com\/de\/"},{"@type":"ListItem","position":2,"name":"Modeca Veerle"}]},{"@type":"WebSite","@id":"https:\/\/www.koonings.com\/de\/#website","url":"https:\/\/www.koonings.com\/de\/","name":"Koonings","description":"De grootste bruidsmodewinkel ter wereld","publisher":{"@id":"https:\/\/www.koonings.com\/de\/#organization"},"potentialAction":[{"@type":"SearchAction","target":{"@type":"EntryPoint","urlTemplate":"https:\/\/www.koonings.com\/de\/?s={search_term_string}"},"query-input":{"@type":"PropertyValueSpecification","valueRequired":true,"valueName":"search_term_string"}}],"inLanguage":"de"},{"@type":"Organization","@id":"https:\/\/www.koonings.com\/de\/#organization","name":"Koonings","url":"https:\/\/www.koonings.com\/de\/","logo":{"@type":"ImageObject","inLanguage":"de","@id":"https:\/\/www.koonings.com\/de\/#\/schema\/logo\/image\/","url":"https:\/\/www.koonings.com\/wp-content\/uploads\/2024\/07\/logo.png","contentUrl":"https:\/\/www.koonings.com\/wp-content\/uploads\/2024\/07\/logo.png","width":600,"height":428,"caption":"Koonings"},"image":{"@id":"https:\/\/www.koonings.com\/de\/#\/schema\/logo\/image\/"},"sameAs":["https:\/\/www.facebook.com\/kooningstheweddingpalace","https:\/\/www.instagram.com\/kooningstheweddingpalace","https:\/\/www.pinterest.com\/koonings","https:\/\/www.youtube.com\/kooningstheweddingpalace"]}]}},"_links":{"self":[{"href":"https:\/\/www.koonings.com\/de\/wp-json\/wp\/v2\/product\/78723","targetHints":{"allow":["GET"]}}],"collection":[{"href":"https:\/\/www.koonings.com\/de\/wp-json\/wp\/v2\/product"}],"about":[{"href":"https:\/\/www.koonings.com\/de\/wp-json\/wp\/v2\/types\/product"}],"wp:featuredmedia":[{"embeddable":true,"href":"https:\/\/www.koonings.com\/de\/wp-json\/wp\/v2\/media\/66490"}],"wp:attachment":[{"href":"https:\/\/www.koonings.com\/de\/wp-json\/wp\/v2\/media?parent=78723"}],"wp:term":[{"taxonomy":"productdetails","embeddable":true,"href":"https:\/\/www.koonings.com\/de\/wp-json\/wp\/v2\/productdetails?post=78723"},{"taxonomy":"productneck","embeddable":true,"href":"https:\/\/www.koonings.com\/de\/wp-json\/wp\/v2\/productneck?post=78723"},{"taxonomy":"productcolor","embeddable":true,"href":"https:\/\/www.koonings.com\/de\/wp-json\/wp\/v2\/productcolor?post=78723"},{"taxonomy":"maat","embeddable":true,"href":"https:\/\/www.koonings.com\/de\/wp-json\/wp\/v2\/maat?post=78723"},{"taxonomy":"productsupplier","embeddable":true,"href":"https:\/\/www.koonings.com\/de\/wp-json\/wp\/v2\/productsupplier?post=78723"},{"taxonomy":"productsleeve","embeddable":true,"href":"https:\/\/www.koonings.com\/de\/wp-json\/wp\/v2\/productsleeve?post=78723"},{"taxonomy":"productcategory","embeddable":true,"href":"https:\/\/www.koonings.com\/de\/wp-json\/wp\/v2\/productcategory?post=78723"},{"taxonomy":"productsilhouette","embeddable":true,"href":"https:\/\/www.koonings.com\/de\/wp-json\/wp\/v2\/productsilhouette?post=78723"},{"taxonomy":"productstyle","embeddable":true,"href":"https:\/\/www.koonings.com\/de\/wp-json\/wp\/v2\/productstyle?post=78723"}],"curies":[{"name":"wp","href":"https:\/\/api.w.org\/{rel}","templated":true}]}}