{"id":78717,"date":"2026-04-28T18:10:33","date_gmt":"2026-04-28T16:10:33","guid":{"rendered":"https:\/\/www.koonings.com\/product\/modeca-venus\/"},"modified":"2026-02-16T14:48:09","modified_gmt":"2026-02-16T13:48:09","slug":"modeca-venus","status":"publish","type":"product","link":"https:\/\/www.koonings.com\/de\/product\/modeca-venus\/","title":{"rendered":"Modeca Venus"},"content":{"rendered":"<p>Ihre kurvige Figur wird in diesem Kleid mit Passform und ausgestellter Silhouette absolut umwerfend aussehen. Dieses tr\u00e4gerlose Kleid ist mit abnehmbaren \u00c4rmeln und Schultertr\u00e4gern kombiniert, so dass Sie Ihren eigenen Stil kreieren k\u00f6nnen. Dieses wundersch\u00f6ne Kleid aus Spitze und T\u00fcll ist bei Koonings The Wedding Palace auch ohne die abnehmbaren \u00c4rmel und Tr\u00e4ger erh\u00e4ltlich &#8211; Venus-D.  <\/p>\n","protected":false},"featured_media":66519,"template":"","meta":{"_acf_changed":false,"ghostkit_customizer_options":"","ghostkit_custom_css":"","ghostkit_custom_js_head":"","ghostkit_custom_js_foot":"","ghostkit_typography":""},"productdetails":[379,381],"productneck":[354,355],"productcolor":[393,392],"maat":[375],"productsupplier":[434],"productsleeve":[359,362],"productcategory":[18],"productsilhouette":[387],"productstyle":[366],"class_list":["post-78717","product","type-product","status-publish","has-post-thumbnail","hentry","productdetails-379","productdetails-381","productneck-354","productneck-355","productcolor-393","productcolor-392","maat-375","productsupplier-modeca","productsleeve-359","productsleeve-362","productcategory-trouwjurken","productsilhouette-387","productstyle-366"],"acf":[],"yoast_head":"<!-- This site is optimized with the Yoast SEO plugin v27.3 - https:\/\/yoast.com\/product\/yoast-seo-wordpress\/ -->\n<title>Modeca Venus | Koonings<\/title>\n<meta name=\"description\" content=\"Ihre kurvige Figur wird in diesem Kleid mit Passform und ausgestellter Silhouette absolut umwerfend aussehen. Dieses tr\u00e4gerlose Kleid ist mit abnehmbaren \u00c4rmeln und Schultertr\u00e4gern kombiniert, so dass Sie Ihren eigenen Stil kreieren k\u00f6nnen. Dieses wundersch\u00f6ne Kleid aus Spitze und T\u00fcll ist bei Koonings The Wedding Palace auch ohne die abnehmbaren \u00c4rmel und Tr\u00e4ger erh\u00e4ltlich - Venus-D.\" \/>\n<meta name=\"robots\" content=\"index, follow, max-snippet:-1, max-image-preview:large, max-video-preview:-1\" \/>\n<link rel=\"canonical\" href=\"https:\/\/www.koonings.com\/de\/product\/modeca-venus\/\" \/>\n<meta property=\"og:locale\" content=\"de_DE\" \/>\n<meta property=\"og:type\" content=\"article\" \/>\n<meta property=\"og:title\" content=\"Modeca Venus | Koonings\" \/>\n<meta property=\"og:description\" content=\"Ihre kurvige Figur wird in diesem Kleid mit Passform und ausgestellter Silhouette absolut umwerfend aussehen. Dieses tr\u00e4gerlose Kleid ist mit abnehmbaren \u00c4rmeln und Schultertr\u00e4gern kombiniert, so dass Sie Ihren eigenen Stil kreieren k\u00f6nnen. Dieses wundersch\u00f6ne Kleid aus Spitze und T\u00fcll ist bei Koonings The Wedding Palace auch ohne die abnehmbaren \u00c4rmel und Tr\u00e4ger erh\u00e4ltlich - Venus-D.\" \/>\n<meta property=\"og:url\" content=\"https:\/\/www.koonings.com\/de\/product\/modeca-venus\/\" \/>\n<meta property=\"og:site_name\" content=\"Koonings\" \/>\n<meta property=\"article:publisher\" content=\"https:\/\/www.facebook.com\/kooningstheweddingpalace\" \/>\n<meta property=\"og:image\" content=\"https:\/\/www.koonings.com\/wp-content\/uploads\/2024\/11\/38484_4221c6588d6ffa0c710845fbd9a500be0fb6b7c93f4494b1d3a68f0e5e5efc7e3fe8f2ae.jpeg\" \/>\n\t<meta property=\"og:image:width\" content=\"794\" \/>\n\t<meta property=\"og:image:height\" content=\"1124\" \/>\n\t<meta property=\"og:image:type\" content=\"image\/jpeg\" \/>\n<meta name=\"twitter:card\" content=\"summary_large_image\" \/>\n<script type=\"application\/ld+json\" class=\"yoast-schema-graph\">{\"@context\":\"https:\\\/\\\/schema.org\",\"@graph\":[{\"@type\":\"WebPage\",\"@id\":\"https:\\\/\\\/www.koonings.com\\\/de\\\/product\\\/modeca-venus\\\/\",\"url\":\"https:\\\/\\\/www.koonings.com\\\/de\\\/product\\\/modeca-venus\\\/\",\"name\":\"Modeca Venus | Koonings\",\"isPartOf\":{\"@id\":\"https:\\\/\\\/www.koonings.com\\\/de\\\/#website\"},\"primaryImageOfPage\":{\"@id\":\"https:\\\/\\\/www.koonings.com\\\/de\\\/product\\\/modeca-venus\\\/#primaryimage\"},\"image\":{\"@id\":\"https:\\\/\\\/www.koonings.com\\\/de\\\/product\\\/modeca-venus\\\/#primaryimage\"},\"thumbnailUrl\":\"https:\\\/\\\/www.koonings.com\\\/wp-content\\\/uploads\\\/2024\\\/11\\\/38484_4221c6588d6ffa0c710845fbd9a500be0fb6b7c93f4494b1d3a68f0e5e5efc7e3fe8f2ae.jpeg\",\"datePublished\":\"2026-04-28T16:10:33+00:00\",\"description\":\"Ihre kurvige Figur wird in diesem Kleid mit Passform und ausgestellter Silhouette absolut umwerfend aussehen. Dieses tr\u00e4gerlose Kleid ist mit abnehmbaren \u00c4rmeln und Schultertr\u00e4gern kombiniert, so dass Sie Ihren eigenen Stil kreieren k\u00f6nnen. Dieses wundersch\u00f6ne Kleid aus Spitze und T\u00fcll ist bei Koonings The Wedding Palace auch ohne die abnehmbaren \u00c4rmel und Tr\u00e4ger erh\u00e4ltlich - Venus-D.\",\"breadcrumb\":{\"@id\":\"https:\\\/\\\/www.koonings.com\\\/de\\\/product\\\/modeca-venus\\\/#breadcrumb\"},\"inLanguage\":\"de\",\"potentialAction\":[{\"@type\":\"ReadAction\",\"target\":[\"https:\\\/\\\/www.koonings.com\\\/de\\\/product\\\/modeca-venus\\\/\"]}]},{\"@type\":\"ImageObject\",\"inLanguage\":\"de\",\"@id\":\"https:\\\/\\\/www.koonings.com\\\/de\\\/product\\\/modeca-venus\\\/#primaryimage\",\"url\":\"https:\\\/\\\/www.koonings.com\\\/wp-content\\\/uploads\\\/2024\\\/11\\\/38484_4221c6588d6ffa0c710845fbd9a500be0fb6b7c93f4494b1d3a68f0e5e5efc7e3fe8f2ae.jpeg\",\"contentUrl\":\"https:\\\/\\\/www.koonings.com\\\/wp-content\\\/uploads\\\/2024\\\/11\\\/38484_4221c6588d6ffa0c710845fbd9a500be0fb6b7c93f4494b1d3a68f0e5e5efc7e3fe8f2ae.jpeg\",\"width\":794,\"height\":1124},{\"@type\":\"BreadcrumbList\",\"@id\":\"https:\\\/\\\/www.koonings.com\\\/de\\\/product\\\/modeca-venus\\\/#breadcrumb\",\"itemListElement\":[{\"@type\":\"ListItem\",\"position\":1,\"name\":\"Home\",\"item\":\"https:\\\/\\\/www.koonings.com\\\/de\\\/\"},{\"@type\":\"ListItem\",\"position\":2,\"name\":\"Modeca Venus\"}]},{\"@type\":\"WebSite\",\"@id\":\"https:\\\/\\\/www.koonings.com\\\/de\\\/#website\",\"url\":\"https:\\\/\\\/www.koonings.com\\\/de\\\/\",\"name\":\"Koonings\",\"description\":\"De grootste bruidsmodewinkel ter wereld\",\"publisher\":{\"@id\":\"https:\\\/\\\/www.koonings.com\\\/de\\\/#organization\"},\"potentialAction\":[{\"@type\":\"SearchAction\",\"target\":{\"@type\":\"EntryPoint\",\"urlTemplate\":\"https:\\\/\\\/www.koonings.com\\\/de\\\/?s={search_term_string}\"},\"query-input\":{\"@type\":\"PropertyValueSpecification\",\"valueRequired\":true,\"valueName\":\"search_term_string\"}}],\"inLanguage\":\"de\"},{\"@type\":\"Organization\",\"@id\":\"https:\\\/\\\/www.koonings.com\\\/de\\\/#organization\",\"name\":\"Koonings\",\"url\":\"https:\\\/\\\/www.koonings.com\\\/de\\\/\",\"logo\":{\"@type\":\"ImageObject\",\"inLanguage\":\"de\",\"@id\":\"https:\\\/\\\/www.koonings.com\\\/de\\\/#\\\/schema\\\/logo\\\/image\\\/\",\"url\":\"https:\\\/\\\/www.koonings.com\\\/wp-content\\\/uploads\\\/2024\\\/07\\\/logo.png\",\"contentUrl\":\"https:\\\/\\\/www.koonings.com\\\/wp-content\\\/uploads\\\/2024\\\/07\\\/logo.png\",\"width\":600,\"height\":428,\"caption\":\"Koonings\"},\"image\":{\"@id\":\"https:\\\/\\\/www.koonings.com\\\/de\\\/#\\\/schema\\\/logo\\\/image\\\/\"},\"sameAs\":[\"https:\\\/\\\/www.facebook.com\\\/kooningstheweddingpalace\",\"https:\\\/\\\/www.instagram.com\\\/kooningstheweddingpalace\",\"https:\\\/\\\/www.pinterest.com\\\/koonings\",\"https:\\\/\\\/www.youtube.com\\\/kooningstheweddingpalace\"]}]}<\/script>\n<!-- \/ Yoast SEO plugin. -->","yoast_head_json":{"title":"Modeca Venus | Koonings","description":"Ihre kurvige Figur wird in diesem Kleid mit Passform und ausgestellter Silhouette absolut umwerfend aussehen. Dieses tr\u00e4gerlose Kleid ist mit abnehmbaren \u00c4rmeln und Schultertr\u00e4gern kombiniert, so dass Sie Ihren eigenen Stil kreieren k\u00f6nnen. Dieses wundersch\u00f6ne Kleid aus Spitze und T\u00fcll ist bei Koonings The Wedding Palace auch ohne die abnehmbaren \u00c4rmel und Tr\u00e4ger erh\u00e4ltlich - Venus-D.","robots":{"index":"index","follow":"follow","max-snippet":"max-snippet:-1","max-image-preview":"max-image-preview:large","max-video-preview":"max-video-preview:-1"},"canonical":"https:\/\/www.koonings.com\/de\/product\/modeca-venus\/","og_locale":"de_DE","og_type":"article","og_title":"Modeca Venus | Koonings","og_description":"Ihre kurvige Figur wird in diesem Kleid mit Passform und ausgestellter Silhouette absolut umwerfend aussehen. Dieses tr\u00e4gerlose Kleid ist mit abnehmbaren \u00c4rmeln und Schultertr\u00e4gern kombiniert, so dass Sie Ihren eigenen Stil kreieren k\u00f6nnen. Dieses wundersch\u00f6ne Kleid aus Spitze und T\u00fcll ist bei Koonings The Wedding Palace auch ohne die abnehmbaren \u00c4rmel und Tr\u00e4ger erh\u00e4ltlich - Venus-D.","og_url":"https:\/\/www.koonings.com\/de\/product\/modeca-venus\/","og_site_name":"Koonings","article_publisher":"https:\/\/www.facebook.com\/kooningstheweddingpalace","og_image":[{"width":794,"height":1124,"url":"https:\/\/www.koonings.com\/wp-content\/uploads\/2024\/11\/38484_4221c6588d6ffa0c710845fbd9a500be0fb6b7c93f4494b1d3a68f0e5e5efc7e3fe8f2ae.jpeg","type":"image\/jpeg"}],"twitter_card":"summary_large_image","schema":{"@context":"https:\/\/schema.org","@graph":[{"@type":"WebPage","@id":"https:\/\/www.koonings.com\/de\/product\/modeca-venus\/","url":"https:\/\/www.koonings.com\/de\/product\/modeca-venus\/","name":"Modeca Venus | Koonings","isPartOf":{"@id":"https:\/\/www.koonings.com\/de\/#website"},"primaryImageOfPage":{"@id":"https:\/\/www.koonings.com\/de\/product\/modeca-venus\/#primaryimage"},"image":{"@id":"https:\/\/www.koonings.com\/de\/product\/modeca-venus\/#primaryimage"},"thumbnailUrl":"https:\/\/www.koonings.com\/wp-content\/uploads\/2024\/11\/38484_4221c6588d6ffa0c710845fbd9a500be0fb6b7c93f4494b1d3a68f0e5e5efc7e3fe8f2ae.jpeg","datePublished":"2026-04-28T16:10:33+00:00","description":"Ihre kurvige Figur wird in diesem Kleid mit Passform und ausgestellter Silhouette absolut umwerfend aussehen. Dieses tr\u00e4gerlose Kleid ist mit abnehmbaren \u00c4rmeln und Schultertr\u00e4gern kombiniert, so dass Sie Ihren eigenen Stil kreieren k\u00f6nnen. Dieses wundersch\u00f6ne Kleid aus Spitze und T\u00fcll ist bei Koonings The Wedding Palace auch ohne die abnehmbaren \u00c4rmel und Tr\u00e4ger erh\u00e4ltlich - Venus-D.","breadcrumb":{"@id":"https:\/\/www.koonings.com\/de\/product\/modeca-venus\/#breadcrumb"},"inLanguage":"de","potentialAction":[{"@type":"ReadAction","target":["https:\/\/www.koonings.com\/de\/product\/modeca-venus\/"]}]},{"@type":"ImageObject","inLanguage":"de","@id":"https:\/\/www.koonings.com\/de\/product\/modeca-venus\/#primaryimage","url":"https:\/\/www.koonings.com\/wp-content\/uploads\/2024\/11\/38484_4221c6588d6ffa0c710845fbd9a500be0fb6b7c93f4494b1d3a68f0e5e5efc7e3fe8f2ae.jpeg","contentUrl":"https:\/\/www.koonings.com\/wp-content\/uploads\/2024\/11\/38484_4221c6588d6ffa0c710845fbd9a500be0fb6b7c93f4494b1d3a68f0e5e5efc7e3fe8f2ae.jpeg","width":794,"height":1124},{"@type":"BreadcrumbList","@id":"https:\/\/www.koonings.com\/de\/product\/modeca-venus\/#breadcrumb","itemListElement":[{"@type":"ListItem","position":1,"name":"Home","item":"https:\/\/www.koonings.com\/de\/"},{"@type":"ListItem","position":2,"name":"Modeca Venus"}]},{"@type":"WebSite","@id":"https:\/\/www.koonings.com\/de\/#website","url":"https:\/\/www.koonings.com\/de\/","name":"Koonings","description":"De grootste bruidsmodewinkel ter wereld","publisher":{"@id":"https:\/\/www.koonings.com\/de\/#organization"},"potentialAction":[{"@type":"SearchAction","target":{"@type":"EntryPoint","urlTemplate":"https:\/\/www.koonings.com\/de\/?s={search_term_string}"},"query-input":{"@type":"PropertyValueSpecification","valueRequired":true,"valueName":"search_term_string"}}],"inLanguage":"de"},{"@type":"Organization","@id":"https:\/\/www.koonings.com\/de\/#organization","name":"Koonings","url":"https:\/\/www.koonings.com\/de\/","logo":{"@type":"ImageObject","inLanguage":"de","@id":"https:\/\/www.koonings.com\/de\/#\/schema\/logo\/image\/","url":"https:\/\/www.koonings.com\/wp-content\/uploads\/2024\/07\/logo.png","contentUrl":"https:\/\/www.koonings.com\/wp-content\/uploads\/2024\/07\/logo.png","width":600,"height":428,"caption":"Koonings"},"image":{"@id":"https:\/\/www.koonings.com\/de\/#\/schema\/logo\/image\/"},"sameAs":["https:\/\/www.facebook.com\/kooningstheweddingpalace","https:\/\/www.instagram.com\/kooningstheweddingpalace","https:\/\/www.pinterest.com\/koonings","https:\/\/www.youtube.com\/kooningstheweddingpalace"]}]}},"_links":{"self":[{"href":"https:\/\/www.koonings.com\/de\/wp-json\/wp\/v2\/product\/78717","targetHints":{"allow":["GET"]}}],"collection":[{"href":"https:\/\/www.koonings.com\/de\/wp-json\/wp\/v2\/product"}],"about":[{"href":"https:\/\/www.koonings.com\/de\/wp-json\/wp\/v2\/types\/product"}],"wp:featuredmedia":[{"embeddable":true,"href":"https:\/\/www.koonings.com\/de\/wp-json\/wp\/v2\/media\/66519"}],"wp:attachment":[{"href":"https:\/\/www.koonings.com\/de\/wp-json\/wp\/v2\/media?parent=78717"}],"wp:term":[{"taxonomy":"productdetails","embeddable":true,"href":"https:\/\/www.koonings.com\/de\/wp-json\/wp\/v2\/productdetails?post=78717"},{"taxonomy":"productneck","embeddable":true,"href":"https:\/\/www.koonings.com\/de\/wp-json\/wp\/v2\/productneck?post=78717"},{"taxonomy":"productcolor","embeddable":true,"href":"https:\/\/www.koonings.com\/de\/wp-json\/wp\/v2\/productcolor?post=78717"},{"taxonomy":"maat","embeddable":true,"href":"https:\/\/www.koonings.com\/de\/wp-json\/wp\/v2\/maat?post=78717"},{"taxonomy":"productsupplier","embeddable":true,"href":"https:\/\/www.koonings.com\/de\/wp-json\/wp\/v2\/productsupplier?post=78717"},{"taxonomy":"productsleeve","embeddable":true,"href":"https:\/\/www.koonings.com\/de\/wp-json\/wp\/v2\/productsleeve?post=78717"},{"taxonomy":"productcategory","embeddable":true,"href":"https:\/\/www.koonings.com\/de\/wp-json\/wp\/v2\/productcategory?post=78717"},{"taxonomy":"productsilhouette","embeddable":true,"href":"https:\/\/www.koonings.com\/de\/wp-json\/wp\/v2\/productsilhouette?post=78717"},{"taxonomy":"productstyle","embeddable":true,"href":"https:\/\/www.koonings.com\/de\/wp-json\/wp\/v2\/productstyle?post=78717"}],"curies":[{"name":"wp","href":"https:\/\/api.w.org\/{rel}","templated":true}]}}