{"id":78704,"date":"2025-12-15T00:14:50","date_gmt":"2025-12-14T23:14:50","guid":{"rendered":"https:\/\/www.koonings.com\/product\/modeca-vanessa\/"},"modified":"2026-02-03T19:46:00","modified_gmt":"2026-02-03T18:46:00","slug":"modeca-vanessa","status":"publish","type":"product","link":"https:\/\/www.koonings.com\/de\/product\/modeca-vanessa\/","title":{"rendered":"Modeca Vanessa"},"content":{"rendered":"<p>Seien Sie eine sch\u00f6ne Prinzessin mit Kurven in diesem atemberaubenden Mikado-Ballkleid mit einem umwerfenden Illusionsausschnitt, der in wundersch\u00f6ne Kappen\u00e4rmel \u00fcbergeht. Das Mieder ist wundersch\u00f6n mit Spitze \u00fcberzogen, die diesem kurvigen Brautlook einen romantischen Touch verleiht. Koonings hat einen eigenen &#8216;Kurven Shop-in-Shop&#8217;.  <\/p>\n","protected":false},"featured_media":66623,"template":"","meta":{"_acf_changed":false,"ghostkit_customizer_options":"","ghostkit_custom_css":"","ghostkit_custom_js_head":"","ghostkit_custom_js_foot":"","ghostkit_typography":""},"productdetails":[376],"productneck":[355],"productcolor":[393,392],"maat":[375],"productsupplier":[434],"productsleeve":[359],"productcategory":[18],"productsilhouette":[384,388],"productstyle":[372],"class_list":["post-78704","product","type-product","status-publish","has-post-thumbnail","hentry","productdetails-376","productneck-355","productcolor-393","productcolor-392","maat-375","productsupplier-modeca","productsleeve-359","productcategory-trouwjurken","productsilhouette-384","productsilhouette-388","productstyle-372"],"acf":[],"yoast_head":"<!-- This site is optimized with the Yoast SEO plugin v27.3 - https:\/\/yoast.com\/product\/yoast-seo-wordpress\/ -->\n<title>Modeca Vanessa | Koonings<\/title>\n<meta name=\"description\" content=\"Seien Sie eine sch\u00f6ne Prinzessin mit Kurven in diesem atemberaubenden Mikado-Ballkleid mit einem umwerfenden Illusionsausschnitt, der in wundersch\u00f6ne Kappen\u00e4rmel \u00fcbergeht. Das Mieder ist wundersch\u00f6n mit Spitze \u00fcberzogen, die diesem kurvigen Brautlook einen romantischen Touch verleiht. Koonings hat einen eigenen &#039;Kurven Shop-in-Shop&#039;.\" \/>\n<meta name=\"robots\" content=\"index, follow, max-snippet:-1, max-image-preview:large, max-video-preview:-1\" \/>\n<link rel=\"canonical\" href=\"https:\/\/www.koonings.com\/de\/product\/modeca-vanessa\/\" \/>\n<meta property=\"og:locale\" content=\"de_DE\" \/>\n<meta property=\"og:type\" content=\"article\" \/>\n<meta property=\"og:title\" content=\"Modeca Vanessa | Koonings\" \/>\n<meta property=\"og:description\" content=\"Seien Sie eine sch\u00f6ne Prinzessin mit Kurven in diesem atemberaubenden Mikado-Ballkleid mit einem umwerfenden Illusionsausschnitt, der in wundersch\u00f6ne Kappen\u00e4rmel \u00fcbergeht. Das Mieder ist wundersch\u00f6n mit Spitze \u00fcberzogen, die diesem kurvigen Brautlook einen romantischen Touch verleiht. Koonings hat einen eigenen &#039;Kurven Shop-in-Shop&#039;.\" \/>\n<meta property=\"og:url\" content=\"https:\/\/www.koonings.com\/de\/product\/modeca-vanessa\/\" \/>\n<meta property=\"og:site_name\" content=\"Koonings\" \/>\n<meta property=\"article:publisher\" content=\"https:\/\/www.facebook.com\/kooningstheweddingpalace\" \/>\n<meta property=\"article:modified_time\" content=\"2026-02-03T18:46:00+00:00\" \/>\n<meta property=\"og:image\" content=\"https:\/\/www.koonings.com\/wp-content\/uploads\/2024\/11\/38502_d11063c81b54720672c2bd011fe16062e4e7d0e4b4391a59e73ec63d0dba3cf8e34b9635.jpeg\" \/>\n\t<meta property=\"og:image:width\" content=\"878\" \/>\n\t<meta property=\"og:image:height\" content=\"1239\" \/>\n\t<meta property=\"og:image:type\" content=\"image\/jpeg\" \/>\n<meta name=\"twitter:card\" content=\"summary_large_image\" \/>\n<script type=\"application\/ld+json\" class=\"yoast-schema-graph\">{\"@context\":\"https:\\\/\\\/schema.org\",\"@graph\":[{\"@type\":\"WebPage\",\"@id\":\"https:\\\/\\\/www.koonings.com\\\/de\\\/product\\\/modeca-vanessa\\\/\",\"url\":\"https:\\\/\\\/www.koonings.com\\\/de\\\/product\\\/modeca-vanessa\\\/\",\"name\":\"Modeca Vanessa | Koonings\",\"isPartOf\":{\"@id\":\"https:\\\/\\\/www.koonings.com\\\/de\\\/#website\"},\"primaryImageOfPage\":{\"@id\":\"https:\\\/\\\/www.koonings.com\\\/de\\\/product\\\/modeca-vanessa\\\/#primaryimage\"},\"image\":{\"@id\":\"https:\\\/\\\/www.koonings.com\\\/de\\\/product\\\/modeca-vanessa\\\/#primaryimage\"},\"thumbnailUrl\":\"https:\\\/\\\/www.koonings.com\\\/wp-content\\\/uploads\\\/2024\\\/11\\\/38502_d11063c81b54720672c2bd011fe16062e4e7d0e4b4391a59e73ec63d0dba3cf8e34b9635.jpeg\",\"datePublished\":\"2025-12-14T23:14:50+00:00\",\"dateModified\":\"2026-02-03T18:46:00+00:00\",\"description\":\"Seien Sie eine sch\u00f6ne Prinzessin mit Kurven in diesem atemberaubenden Mikado-Ballkleid mit einem umwerfenden Illusionsausschnitt, der in wundersch\u00f6ne Kappen\u00e4rmel \u00fcbergeht. Das Mieder ist wundersch\u00f6n mit Spitze \u00fcberzogen, die diesem kurvigen Brautlook einen romantischen Touch verleiht. Koonings hat einen eigenen 'Kurven Shop-in-Shop'.\",\"breadcrumb\":{\"@id\":\"https:\\\/\\\/www.koonings.com\\\/de\\\/product\\\/modeca-vanessa\\\/#breadcrumb\"},\"inLanguage\":\"de\",\"potentialAction\":[{\"@type\":\"ReadAction\",\"target\":[\"https:\\\/\\\/www.koonings.com\\\/de\\\/product\\\/modeca-vanessa\\\/\"]}]},{\"@type\":\"ImageObject\",\"inLanguage\":\"de\",\"@id\":\"https:\\\/\\\/www.koonings.com\\\/de\\\/product\\\/modeca-vanessa\\\/#primaryimage\",\"url\":\"https:\\\/\\\/www.koonings.com\\\/wp-content\\\/uploads\\\/2024\\\/11\\\/38502_d11063c81b54720672c2bd011fe16062e4e7d0e4b4391a59e73ec63d0dba3cf8e34b9635.jpeg\",\"contentUrl\":\"https:\\\/\\\/www.koonings.com\\\/wp-content\\\/uploads\\\/2024\\\/11\\\/38502_d11063c81b54720672c2bd011fe16062e4e7d0e4b4391a59e73ec63d0dba3cf8e34b9635.jpeg\",\"width\":878,\"height\":1239},{\"@type\":\"BreadcrumbList\",\"@id\":\"https:\\\/\\\/www.koonings.com\\\/de\\\/product\\\/modeca-vanessa\\\/#breadcrumb\",\"itemListElement\":[{\"@type\":\"ListItem\",\"position\":1,\"name\":\"Home\",\"item\":\"https:\\\/\\\/www.koonings.com\\\/de\\\/\"},{\"@type\":\"ListItem\",\"position\":2,\"name\":\"Modeca Vanessa\"}]},{\"@type\":\"WebSite\",\"@id\":\"https:\\\/\\\/www.koonings.com\\\/de\\\/#website\",\"url\":\"https:\\\/\\\/www.koonings.com\\\/de\\\/\",\"name\":\"Koonings\",\"description\":\"De grootste bruidsmodewinkel ter wereld\",\"publisher\":{\"@id\":\"https:\\\/\\\/www.koonings.com\\\/de\\\/#organization\"},\"potentialAction\":[{\"@type\":\"SearchAction\",\"target\":{\"@type\":\"EntryPoint\",\"urlTemplate\":\"https:\\\/\\\/www.koonings.com\\\/de\\\/?s={search_term_string}\"},\"query-input\":{\"@type\":\"PropertyValueSpecification\",\"valueRequired\":true,\"valueName\":\"search_term_string\"}}],\"inLanguage\":\"de\"},{\"@type\":\"Organization\",\"@id\":\"https:\\\/\\\/www.koonings.com\\\/de\\\/#organization\",\"name\":\"Koonings\",\"url\":\"https:\\\/\\\/www.koonings.com\\\/de\\\/\",\"logo\":{\"@type\":\"ImageObject\",\"inLanguage\":\"de\",\"@id\":\"https:\\\/\\\/www.koonings.com\\\/de\\\/#\\\/schema\\\/logo\\\/image\\\/\",\"url\":\"https:\\\/\\\/www.koonings.com\\\/wp-content\\\/uploads\\\/2024\\\/07\\\/logo.png\",\"contentUrl\":\"https:\\\/\\\/www.koonings.com\\\/wp-content\\\/uploads\\\/2024\\\/07\\\/logo.png\",\"width\":600,\"height\":428,\"caption\":\"Koonings\"},\"image\":{\"@id\":\"https:\\\/\\\/www.koonings.com\\\/de\\\/#\\\/schema\\\/logo\\\/image\\\/\"},\"sameAs\":[\"https:\\\/\\\/www.facebook.com\\\/kooningstheweddingpalace\",\"https:\\\/\\\/www.instagram.com\\\/kooningstheweddingpalace\",\"https:\\\/\\\/www.pinterest.com\\\/koonings\",\"https:\\\/\\\/www.youtube.com\\\/kooningstheweddingpalace\"]}]}<\/script>\n<!-- \/ Yoast SEO plugin. -->","yoast_head_json":{"title":"Modeca Vanessa | Koonings","description":"Seien Sie eine sch\u00f6ne Prinzessin mit Kurven in diesem atemberaubenden Mikado-Ballkleid mit einem umwerfenden Illusionsausschnitt, der in wundersch\u00f6ne Kappen\u00e4rmel \u00fcbergeht. Das Mieder ist wundersch\u00f6n mit Spitze \u00fcberzogen, die diesem kurvigen Brautlook einen romantischen Touch verleiht. Koonings hat einen eigenen 'Kurven Shop-in-Shop'.","robots":{"index":"index","follow":"follow","max-snippet":"max-snippet:-1","max-image-preview":"max-image-preview:large","max-video-preview":"max-video-preview:-1"},"canonical":"https:\/\/www.koonings.com\/de\/product\/modeca-vanessa\/","og_locale":"de_DE","og_type":"article","og_title":"Modeca Vanessa | Koonings","og_description":"Seien Sie eine sch\u00f6ne Prinzessin mit Kurven in diesem atemberaubenden Mikado-Ballkleid mit einem umwerfenden Illusionsausschnitt, der in wundersch\u00f6ne Kappen\u00e4rmel \u00fcbergeht. Das Mieder ist wundersch\u00f6n mit Spitze \u00fcberzogen, die diesem kurvigen Brautlook einen romantischen Touch verleiht. Koonings hat einen eigenen 'Kurven Shop-in-Shop'.","og_url":"https:\/\/www.koonings.com\/de\/product\/modeca-vanessa\/","og_site_name":"Koonings","article_publisher":"https:\/\/www.facebook.com\/kooningstheweddingpalace","article_modified_time":"2026-02-03T18:46:00+00:00","og_image":[{"width":878,"height":1239,"url":"https:\/\/www.koonings.com\/wp-content\/uploads\/2024\/11\/38502_d11063c81b54720672c2bd011fe16062e4e7d0e4b4391a59e73ec63d0dba3cf8e34b9635.jpeg","type":"image\/jpeg"}],"twitter_card":"summary_large_image","schema":{"@context":"https:\/\/schema.org","@graph":[{"@type":"WebPage","@id":"https:\/\/www.koonings.com\/de\/product\/modeca-vanessa\/","url":"https:\/\/www.koonings.com\/de\/product\/modeca-vanessa\/","name":"Modeca Vanessa | Koonings","isPartOf":{"@id":"https:\/\/www.koonings.com\/de\/#website"},"primaryImageOfPage":{"@id":"https:\/\/www.koonings.com\/de\/product\/modeca-vanessa\/#primaryimage"},"image":{"@id":"https:\/\/www.koonings.com\/de\/product\/modeca-vanessa\/#primaryimage"},"thumbnailUrl":"https:\/\/www.koonings.com\/wp-content\/uploads\/2024\/11\/38502_d11063c81b54720672c2bd011fe16062e4e7d0e4b4391a59e73ec63d0dba3cf8e34b9635.jpeg","datePublished":"2025-12-14T23:14:50+00:00","dateModified":"2026-02-03T18:46:00+00:00","description":"Seien Sie eine sch\u00f6ne Prinzessin mit Kurven in diesem atemberaubenden Mikado-Ballkleid mit einem umwerfenden Illusionsausschnitt, der in wundersch\u00f6ne Kappen\u00e4rmel \u00fcbergeht. Das Mieder ist wundersch\u00f6n mit Spitze \u00fcberzogen, die diesem kurvigen Brautlook einen romantischen Touch verleiht. Koonings hat einen eigenen 'Kurven Shop-in-Shop'.","breadcrumb":{"@id":"https:\/\/www.koonings.com\/de\/product\/modeca-vanessa\/#breadcrumb"},"inLanguage":"de","potentialAction":[{"@type":"ReadAction","target":["https:\/\/www.koonings.com\/de\/product\/modeca-vanessa\/"]}]},{"@type":"ImageObject","inLanguage":"de","@id":"https:\/\/www.koonings.com\/de\/product\/modeca-vanessa\/#primaryimage","url":"https:\/\/www.koonings.com\/wp-content\/uploads\/2024\/11\/38502_d11063c81b54720672c2bd011fe16062e4e7d0e4b4391a59e73ec63d0dba3cf8e34b9635.jpeg","contentUrl":"https:\/\/www.koonings.com\/wp-content\/uploads\/2024\/11\/38502_d11063c81b54720672c2bd011fe16062e4e7d0e4b4391a59e73ec63d0dba3cf8e34b9635.jpeg","width":878,"height":1239},{"@type":"BreadcrumbList","@id":"https:\/\/www.koonings.com\/de\/product\/modeca-vanessa\/#breadcrumb","itemListElement":[{"@type":"ListItem","position":1,"name":"Home","item":"https:\/\/www.koonings.com\/de\/"},{"@type":"ListItem","position":2,"name":"Modeca Vanessa"}]},{"@type":"WebSite","@id":"https:\/\/www.koonings.com\/de\/#website","url":"https:\/\/www.koonings.com\/de\/","name":"Koonings","description":"De grootste bruidsmodewinkel ter wereld","publisher":{"@id":"https:\/\/www.koonings.com\/de\/#organization"},"potentialAction":[{"@type":"SearchAction","target":{"@type":"EntryPoint","urlTemplate":"https:\/\/www.koonings.com\/de\/?s={search_term_string}"},"query-input":{"@type":"PropertyValueSpecification","valueRequired":true,"valueName":"search_term_string"}}],"inLanguage":"de"},{"@type":"Organization","@id":"https:\/\/www.koonings.com\/de\/#organization","name":"Koonings","url":"https:\/\/www.koonings.com\/de\/","logo":{"@type":"ImageObject","inLanguage":"de","@id":"https:\/\/www.koonings.com\/de\/#\/schema\/logo\/image\/","url":"https:\/\/www.koonings.com\/wp-content\/uploads\/2024\/07\/logo.png","contentUrl":"https:\/\/www.koonings.com\/wp-content\/uploads\/2024\/07\/logo.png","width":600,"height":428,"caption":"Koonings"},"image":{"@id":"https:\/\/www.koonings.com\/de\/#\/schema\/logo\/image\/"},"sameAs":["https:\/\/www.facebook.com\/kooningstheweddingpalace","https:\/\/www.instagram.com\/kooningstheweddingpalace","https:\/\/www.pinterest.com\/koonings","https:\/\/www.youtube.com\/kooningstheweddingpalace"]}]}},"_links":{"self":[{"href":"https:\/\/www.koonings.com\/de\/wp-json\/wp\/v2\/product\/78704","targetHints":{"allow":["GET"]}}],"collection":[{"href":"https:\/\/www.koonings.com\/de\/wp-json\/wp\/v2\/product"}],"about":[{"href":"https:\/\/www.koonings.com\/de\/wp-json\/wp\/v2\/types\/product"}],"wp:featuredmedia":[{"embeddable":true,"href":"https:\/\/www.koonings.com\/de\/wp-json\/wp\/v2\/media\/66623"}],"wp:attachment":[{"href":"https:\/\/www.koonings.com\/de\/wp-json\/wp\/v2\/media?parent=78704"}],"wp:term":[{"taxonomy":"productdetails","embeddable":true,"href":"https:\/\/www.koonings.com\/de\/wp-json\/wp\/v2\/productdetails?post=78704"},{"taxonomy":"productneck","embeddable":true,"href":"https:\/\/www.koonings.com\/de\/wp-json\/wp\/v2\/productneck?post=78704"},{"taxonomy":"productcolor","embeddable":true,"href":"https:\/\/www.koonings.com\/de\/wp-json\/wp\/v2\/productcolor?post=78704"},{"taxonomy":"maat","embeddable":true,"href":"https:\/\/www.koonings.com\/de\/wp-json\/wp\/v2\/maat?post=78704"},{"taxonomy":"productsupplier","embeddable":true,"href":"https:\/\/www.koonings.com\/de\/wp-json\/wp\/v2\/productsupplier?post=78704"},{"taxonomy":"productsleeve","embeddable":true,"href":"https:\/\/www.koonings.com\/de\/wp-json\/wp\/v2\/productsleeve?post=78704"},{"taxonomy":"productcategory","embeddable":true,"href":"https:\/\/www.koonings.com\/de\/wp-json\/wp\/v2\/productcategory?post=78704"},{"taxonomy":"productsilhouette","embeddable":true,"href":"https:\/\/www.koonings.com\/de\/wp-json\/wp\/v2\/productsilhouette?post=78704"},{"taxonomy":"productstyle","embeddable":true,"href":"https:\/\/www.koonings.com\/de\/wp-json\/wp\/v2\/productstyle?post=78704"}],"curies":[{"name":"wp","href":"https:\/\/api.w.org\/{rel}","templated":true}]}}