{"id":78701,"date":"2025-12-15T00:16:38","date_gmt":"2025-12-14T23:16:38","guid":{"rendered":"https:\/\/www.koonings.com\/product\/modeca-zania\/"},"modified":"2026-02-03T19:46:15","modified_gmt":"2026-02-03T18:46:15","slug":"modeca-zania","status":"publish","type":"product","link":"https:\/\/www.koonings.com\/de\/product\/modeca-zania\/","title":{"rendered":"Modeca Zania"},"content":{"rendered":"<p>Bringen Sie Ihren Brautstil zum Leben in diesem sexy taillierten Brautkleid Zania. Das Kleid ist mit gestickten floralen Applikationen mit Pailletten verziert, die diesem Brautlook den perfekten Glanz verleihen. Der zeitlose herzf\u00f6rmige Ausschnitt wird mit abnehmbaren Schultertr\u00e4gern kombiniert und sorgt f\u00fcr einen vielseitigen Look.  <\/p>\n","protected":false},"featured_media":66677,"template":"","meta":{"_acf_changed":false,"ghostkit_customizer_options":"","ghostkit_custom_css":"","ghostkit_custom_js_head":"","ghostkit_custom_js_foot":"","ghostkit_typography":""},"productdetails":[379],"productneck":[355],"productcolor":[393,392],"maat":[],"productsupplier":[434],"productsleeve":[359],"productcategory":[18],"productsilhouette":[384],"productstyle":[366,370],"class_list":["post-78701","product","type-product","status-publish","has-post-thumbnail","hentry","productdetails-379","productneck-355","productcolor-393","productcolor-392","productsupplier-modeca","productsleeve-359","productcategory-trouwjurken","productsilhouette-384","productstyle-366","productstyle-370"],"acf":[],"yoast_head":"<!-- This site is optimized with the Yoast SEO plugin v27.3 - https:\/\/yoast.com\/product\/yoast-seo-wordpress\/ -->\n<title>Modeca Zania | Koonings<\/title>\n<meta name=\"description\" content=\"Bringen Sie Ihren Brautstil zum Leben in diesem sexy taillierten Brautkleid Zania. Das Kleid ist mit gestickten floralen Applikationen mit Pailletten verziert, die diesem Brautlook den perfekten Glanz verleihen. Der zeitlose herzf\u00f6rmige Ausschnitt wird mit abnehmbaren Schultertr\u00e4gern kombiniert und sorgt f\u00fcr einen vielseitigen Look.\" \/>\n<meta name=\"robots\" content=\"index, follow, max-snippet:-1, max-image-preview:large, max-video-preview:-1\" \/>\n<link rel=\"canonical\" href=\"https:\/\/www.koonings.com\/de\/product\/modeca-zania\/\" \/>\n<meta property=\"og:locale\" content=\"de_DE\" \/>\n<meta property=\"og:type\" content=\"article\" \/>\n<meta property=\"og:title\" content=\"Modeca Zania | Koonings\" \/>\n<meta property=\"og:description\" content=\"Bringen Sie Ihren Brautstil zum Leben in diesem sexy taillierten Brautkleid Zania. Das Kleid ist mit gestickten floralen Applikationen mit Pailletten verziert, die diesem Brautlook den perfekten Glanz verleihen. Der zeitlose herzf\u00f6rmige Ausschnitt wird mit abnehmbaren Schultertr\u00e4gern kombiniert und sorgt f\u00fcr einen vielseitigen Look.\" \/>\n<meta property=\"og:url\" content=\"https:\/\/www.koonings.com\/de\/product\/modeca-zania\/\" \/>\n<meta property=\"og:site_name\" content=\"Koonings\" \/>\n<meta property=\"article:publisher\" content=\"https:\/\/www.facebook.com\/kooningstheweddingpalace\" \/>\n<meta property=\"article:modified_time\" content=\"2026-02-03T18:46:15+00:00\" \/>\n<meta property=\"og:image\" content=\"https:\/\/www.koonings.com\/wp-content\/uploads\/2024\/11\/38762_28569b53631aca2cf678be3a9fffc54af19fb5b1e872c77eb6f4d9f0bffb2e4a478b4368.jpeg\" \/>\n\t<meta property=\"og:image:width\" content=\"781\" \/>\n\t<meta property=\"og:image:height\" content=\"1106\" \/>\n\t<meta property=\"og:image:type\" content=\"image\/jpeg\" \/>\n<meta name=\"twitter:card\" content=\"summary_large_image\" \/>\n<script type=\"application\/ld+json\" class=\"yoast-schema-graph\">{\"@context\":\"https:\\\/\\\/schema.org\",\"@graph\":[{\"@type\":\"WebPage\",\"@id\":\"https:\\\/\\\/www.koonings.com\\\/de\\\/product\\\/modeca-zania\\\/\",\"url\":\"https:\\\/\\\/www.koonings.com\\\/de\\\/product\\\/modeca-zania\\\/\",\"name\":\"Modeca Zania | Koonings\",\"isPartOf\":{\"@id\":\"https:\\\/\\\/www.koonings.com\\\/de\\\/#website\"},\"primaryImageOfPage\":{\"@id\":\"https:\\\/\\\/www.koonings.com\\\/de\\\/product\\\/modeca-zania\\\/#primaryimage\"},\"image\":{\"@id\":\"https:\\\/\\\/www.koonings.com\\\/de\\\/product\\\/modeca-zania\\\/#primaryimage\"},\"thumbnailUrl\":\"https:\\\/\\\/www.koonings.com\\\/wp-content\\\/uploads\\\/2024\\\/11\\\/38762_28569b53631aca2cf678be3a9fffc54af19fb5b1e872c77eb6f4d9f0bffb2e4a478b4368.jpeg\",\"datePublished\":\"2025-12-14T23:16:38+00:00\",\"dateModified\":\"2026-02-03T18:46:15+00:00\",\"description\":\"Bringen Sie Ihren Brautstil zum Leben in diesem sexy taillierten Brautkleid Zania. Das Kleid ist mit gestickten floralen Applikationen mit Pailletten verziert, die diesem Brautlook den perfekten Glanz verleihen. Der zeitlose herzf\u00f6rmige Ausschnitt wird mit abnehmbaren Schultertr\u00e4gern kombiniert und sorgt f\u00fcr einen vielseitigen Look.\",\"breadcrumb\":{\"@id\":\"https:\\\/\\\/www.koonings.com\\\/de\\\/product\\\/modeca-zania\\\/#breadcrumb\"},\"inLanguage\":\"de\",\"potentialAction\":[{\"@type\":\"ReadAction\",\"target\":[\"https:\\\/\\\/www.koonings.com\\\/de\\\/product\\\/modeca-zania\\\/\"]}]},{\"@type\":\"ImageObject\",\"inLanguage\":\"de\",\"@id\":\"https:\\\/\\\/www.koonings.com\\\/de\\\/product\\\/modeca-zania\\\/#primaryimage\",\"url\":\"https:\\\/\\\/www.koonings.com\\\/wp-content\\\/uploads\\\/2024\\\/11\\\/38762_28569b53631aca2cf678be3a9fffc54af19fb5b1e872c77eb6f4d9f0bffb2e4a478b4368.jpeg\",\"contentUrl\":\"https:\\\/\\\/www.koonings.com\\\/wp-content\\\/uploads\\\/2024\\\/11\\\/38762_28569b53631aca2cf678be3a9fffc54af19fb5b1e872c77eb6f4d9f0bffb2e4a478b4368.jpeg\",\"width\":781,\"height\":1106},{\"@type\":\"BreadcrumbList\",\"@id\":\"https:\\\/\\\/www.koonings.com\\\/de\\\/product\\\/modeca-zania\\\/#breadcrumb\",\"itemListElement\":[{\"@type\":\"ListItem\",\"position\":1,\"name\":\"Home\",\"item\":\"https:\\\/\\\/www.koonings.com\\\/de\\\/\"},{\"@type\":\"ListItem\",\"position\":2,\"name\":\"Modeca Zania\"}]},{\"@type\":\"WebSite\",\"@id\":\"https:\\\/\\\/www.koonings.com\\\/de\\\/#website\",\"url\":\"https:\\\/\\\/www.koonings.com\\\/de\\\/\",\"name\":\"Koonings\",\"description\":\"De grootste bruidsmodewinkel ter wereld\",\"publisher\":{\"@id\":\"https:\\\/\\\/www.koonings.com\\\/de\\\/#organization\"},\"potentialAction\":[{\"@type\":\"SearchAction\",\"target\":{\"@type\":\"EntryPoint\",\"urlTemplate\":\"https:\\\/\\\/www.koonings.com\\\/de\\\/?s={search_term_string}\"},\"query-input\":{\"@type\":\"PropertyValueSpecification\",\"valueRequired\":true,\"valueName\":\"search_term_string\"}}],\"inLanguage\":\"de\"},{\"@type\":\"Organization\",\"@id\":\"https:\\\/\\\/www.koonings.com\\\/de\\\/#organization\",\"name\":\"Koonings\",\"url\":\"https:\\\/\\\/www.koonings.com\\\/de\\\/\",\"logo\":{\"@type\":\"ImageObject\",\"inLanguage\":\"de\",\"@id\":\"https:\\\/\\\/www.koonings.com\\\/de\\\/#\\\/schema\\\/logo\\\/image\\\/\",\"url\":\"https:\\\/\\\/www.koonings.com\\\/wp-content\\\/uploads\\\/2024\\\/07\\\/logo.png\",\"contentUrl\":\"https:\\\/\\\/www.koonings.com\\\/wp-content\\\/uploads\\\/2024\\\/07\\\/logo.png\",\"width\":600,\"height\":428,\"caption\":\"Koonings\"},\"image\":{\"@id\":\"https:\\\/\\\/www.koonings.com\\\/de\\\/#\\\/schema\\\/logo\\\/image\\\/\"},\"sameAs\":[\"https:\\\/\\\/www.facebook.com\\\/kooningstheweddingpalace\",\"https:\\\/\\\/www.instagram.com\\\/kooningstheweddingpalace\",\"https:\\\/\\\/www.pinterest.com\\\/koonings\",\"https:\\\/\\\/www.youtube.com\\\/kooningstheweddingpalace\"]}]}<\/script>\n<!-- \/ Yoast SEO plugin. -->","yoast_head_json":{"title":"Modeca Zania | Koonings","description":"Bringen Sie Ihren Brautstil zum Leben in diesem sexy taillierten Brautkleid Zania. Das Kleid ist mit gestickten floralen Applikationen mit Pailletten verziert, die diesem Brautlook den perfekten Glanz verleihen. Der zeitlose herzf\u00f6rmige Ausschnitt wird mit abnehmbaren Schultertr\u00e4gern kombiniert und sorgt f\u00fcr einen vielseitigen Look.","robots":{"index":"index","follow":"follow","max-snippet":"max-snippet:-1","max-image-preview":"max-image-preview:large","max-video-preview":"max-video-preview:-1"},"canonical":"https:\/\/www.koonings.com\/de\/product\/modeca-zania\/","og_locale":"de_DE","og_type":"article","og_title":"Modeca Zania | Koonings","og_description":"Bringen Sie Ihren Brautstil zum Leben in diesem sexy taillierten Brautkleid Zania. Das Kleid ist mit gestickten floralen Applikationen mit Pailletten verziert, die diesem Brautlook den perfekten Glanz verleihen. Der zeitlose herzf\u00f6rmige Ausschnitt wird mit abnehmbaren Schultertr\u00e4gern kombiniert und sorgt f\u00fcr einen vielseitigen Look.","og_url":"https:\/\/www.koonings.com\/de\/product\/modeca-zania\/","og_site_name":"Koonings","article_publisher":"https:\/\/www.facebook.com\/kooningstheweddingpalace","article_modified_time":"2026-02-03T18:46:15+00:00","og_image":[{"width":781,"height":1106,"url":"https:\/\/www.koonings.com\/wp-content\/uploads\/2024\/11\/38762_28569b53631aca2cf678be3a9fffc54af19fb5b1e872c77eb6f4d9f0bffb2e4a478b4368.jpeg","type":"image\/jpeg"}],"twitter_card":"summary_large_image","schema":{"@context":"https:\/\/schema.org","@graph":[{"@type":"WebPage","@id":"https:\/\/www.koonings.com\/de\/product\/modeca-zania\/","url":"https:\/\/www.koonings.com\/de\/product\/modeca-zania\/","name":"Modeca Zania | Koonings","isPartOf":{"@id":"https:\/\/www.koonings.com\/de\/#website"},"primaryImageOfPage":{"@id":"https:\/\/www.koonings.com\/de\/product\/modeca-zania\/#primaryimage"},"image":{"@id":"https:\/\/www.koonings.com\/de\/product\/modeca-zania\/#primaryimage"},"thumbnailUrl":"https:\/\/www.koonings.com\/wp-content\/uploads\/2024\/11\/38762_28569b53631aca2cf678be3a9fffc54af19fb5b1e872c77eb6f4d9f0bffb2e4a478b4368.jpeg","datePublished":"2025-12-14T23:16:38+00:00","dateModified":"2026-02-03T18:46:15+00:00","description":"Bringen Sie Ihren Brautstil zum Leben in diesem sexy taillierten Brautkleid Zania. Das Kleid ist mit gestickten floralen Applikationen mit Pailletten verziert, die diesem Brautlook den perfekten Glanz verleihen. Der zeitlose herzf\u00f6rmige Ausschnitt wird mit abnehmbaren Schultertr\u00e4gern kombiniert und sorgt f\u00fcr einen vielseitigen Look.","breadcrumb":{"@id":"https:\/\/www.koonings.com\/de\/product\/modeca-zania\/#breadcrumb"},"inLanguage":"de","potentialAction":[{"@type":"ReadAction","target":["https:\/\/www.koonings.com\/de\/product\/modeca-zania\/"]}]},{"@type":"ImageObject","inLanguage":"de","@id":"https:\/\/www.koonings.com\/de\/product\/modeca-zania\/#primaryimage","url":"https:\/\/www.koonings.com\/wp-content\/uploads\/2024\/11\/38762_28569b53631aca2cf678be3a9fffc54af19fb5b1e872c77eb6f4d9f0bffb2e4a478b4368.jpeg","contentUrl":"https:\/\/www.koonings.com\/wp-content\/uploads\/2024\/11\/38762_28569b53631aca2cf678be3a9fffc54af19fb5b1e872c77eb6f4d9f0bffb2e4a478b4368.jpeg","width":781,"height":1106},{"@type":"BreadcrumbList","@id":"https:\/\/www.koonings.com\/de\/product\/modeca-zania\/#breadcrumb","itemListElement":[{"@type":"ListItem","position":1,"name":"Home","item":"https:\/\/www.koonings.com\/de\/"},{"@type":"ListItem","position":2,"name":"Modeca Zania"}]},{"@type":"WebSite","@id":"https:\/\/www.koonings.com\/de\/#website","url":"https:\/\/www.koonings.com\/de\/","name":"Koonings","description":"De grootste bruidsmodewinkel ter wereld","publisher":{"@id":"https:\/\/www.koonings.com\/de\/#organization"},"potentialAction":[{"@type":"SearchAction","target":{"@type":"EntryPoint","urlTemplate":"https:\/\/www.koonings.com\/de\/?s={search_term_string}"},"query-input":{"@type":"PropertyValueSpecification","valueRequired":true,"valueName":"search_term_string"}}],"inLanguage":"de"},{"@type":"Organization","@id":"https:\/\/www.koonings.com\/de\/#organization","name":"Koonings","url":"https:\/\/www.koonings.com\/de\/","logo":{"@type":"ImageObject","inLanguage":"de","@id":"https:\/\/www.koonings.com\/de\/#\/schema\/logo\/image\/","url":"https:\/\/www.koonings.com\/wp-content\/uploads\/2024\/07\/logo.png","contentUrl":"https:\/\/www.koonings.com\/wp-content\/uploads\/2024\/07\/logo.png","width":600,"height":428,"caption":"Koonings"},"image":{"@id":"https:\/\/www.koonings.com\/de\/#\/schema\/logo\/image\/"},"sameAs":["https:\/\/www.facebook.com\/kooningstheweddingpalace","https:\/\/www.instagram.com\/kooningstheweddingpalace","https:\/\/www.pinterest.com\/koonings","https:\/\/www.youtube.com\/kooningstheweddingpalace"]}]}},"_links":{"self":[{"href":"https:\/\/www.koonings.com\/de\/wp-json\/wp\/v2\/product\/78701","targetHints":{"allow":["GET"]}}],"collection":[{"href":"https:\/\/www.koonings.com\/de\/wp-json\/wp\/v2\/product"}],"about":[{"href":"https:\/\/www.koonings.com\/de\/wp-json\/wp\/v2\/types\/product"}],"wp:featuredmedia":[{"embeddable":true,"href":"https:\/\/www.koonings.com\/de\/wp-json\/wp\/v2\/media\/66677"}],"wp:attachment":[{"href":"https:\/\/www.koonings.com\/de\/wp-json\/wp\/v2\/media?parent=78701"}],"wp:term":[{"taxonomy":"productdetails","embeddable":true,"href":"https:\/\/www.koonings.com\/de\/wp-json\/wp\/v2\/productdetails?post=78701"},{"taxonomy":"productneck","embeddable":true,"href":"https:\/\/www.koonings.com\/de\/wp-json\/wp\/v2\/productneck?post=78701"},{"taxonomy":"productcolor","embeddable":true,"href":"https:\/\/www.koonings.com\/de\/wp-json\/wp\/v2\/productcolor?post=78701"},{"taxonomy":"maat","embeddable":true,"href":"https:\/\/www.koonings.com\/de\/wp-json\/wp\/v2\/maat?post=78701"},{"taxonomy":"productsupplier","embeddable":true,"href":"https:\/\/www.koonings.com\/de\/wp-json\/wp\/v2\/productsupplier?post=78701"},{"taxonomy":"productsleeve","embeddable":true,"href":"https:\/\/www.koonings.com\/de\/wp-json\/wp\/v2\/productsleeve?post=78701"},{"taxonomy":"productcategory","embeddable":true,"href":"https:\/\/www.koonings.com\/de\/wp-json\/wp\/v2\/productcategory?post=78701"},{"taxonomy":"productsilhouette","embeddable":true,"href":"https:\/\/www.koonings.com\/de\/wp-json\/wp\/v2\/productsilhouette?post=78701"},{"taxonomy":"productstyle","embeddable":true,"href":"https:\/\/www.koonings.com\/de\/wp-json\/wp\/v2\/productstyle?post=78701"}],"curies":[{"name":"wp","href":"https:\/\/api.w.org\/{rel}","templated":true}]}}