{"id":78673,"date":"2026-04-14T16:18:38","date_gmt":"2026-04-14T14:18:38","guid":{"rendered":"https:\/\/www.koonings.com\/product\/modeca-elmas\/"},"modified":"2025-06-05T13:37:59","modified_gmt":"2025-06-05T11:37:59","slug":"modeca-elmas","status":"publish","type":"product","link":"https:\/\/www.koonings.com\/de\/product\/modeca-elmas\/","title":{"rendered":"Modeca Elmas"},"content":{"rendered":"<p>Elmas ist ein atemberaubendes Kleid in A-Linie, das zeitlose Eleganz ausstrahlt. Der Ausschnitt aus Illusionsspitze, der dezent mit Perlen und Pailletten verziert ist, verleiht ihm eine subtile Raffinesse. Der bezaubernde, mit Pailletten besetzte T\u00fcllrock sorgt f\u00fcr einen Hauch von Skurrilit\u00e4t, w\u00e4hrend der mit einer Reihe von Kn\u00f6pfen akzentuierte Illusionsr\u00fccken einen Hauch von klassischem Charme verspr\u00fcht. Dieses Kleid ist auch mit einfarbigem T\u00fcll erh\u00e4ltlich &#8211; Elmas-A.   <\/p>\n","protected":false},"featured_media":66876,"template":"","meta":{"_acf_changed":false,"ghostkit_customizer_options":"","ghostkit_custom_css":"","ghostkit_custom_js_head":"","ghostkit_custom_js_foot":"","ghostkit_typography":""},"productdetails":[379,381],"productneck":[350],"productcolor":[393,392],"maat":[],"productsupplier":[434],"productsleeve":[],"productcategory":[18],"productsilhouette":[384],"productstyle":[369,366],"class_list":["post-78673","product","type-product","status-publish","has-post-thumbnail","hentry","productdetails-379","productdetails-381","productneck-350","productcolor-393","productcolor-392","productsupplier-modeca","productcategory-trouwjurken","productsilhouette-384","productstyle-369","productstyle-366"],"acf":[],"yoast_head":"<!-- This site is optimized with the Yoast SEO plugin v27.3 - https:\/\/yoast.com\/product\/yoast-seo-wordpress\/ -->\n<title>Modeca Elmas | Koonings<\/title>\n<meta name=\"description\" content=\"Elmas ist ein atemberaubendes Kleid in A-Linie, das zeitlose Eleganz ausstrahlt. Der Ausschnitt aus Illusionsspitze, der dezent mit Perlen und Pailletten verziert ist, verleiht ihm eine subtile Raffinesse. Der bezaubernde, mit Pailletten besetzte T\u00fcllrock sorgt f\u00fcr einen Hauch von Skurrilit\u00e4t, w\u00e4hrend der mit einer Reihe von Kn\u00f6pfen akzentuierte Illusionsr\u00fccken einen Hauch von klassischem Charme verspr\u00fcht. Dieses Kleid ist auch mit einfarbigem T\u00fcll erh\u00e4ltlich - Elmas-A.\" \/>\n<meta name=\"robots\" content=\"index, follow, max-snippet:-1, max-image-preview:large, max-video-preview:-1\" \/>\n<link rel=\"canonical\" href=\"https:\/\/www.koonings.com\/de\/product\/modeca-elmas\/\" \/>\n<meta property=\"og:locale\" content=\"de_DE\" \/>\n<meta property=\"og:type\" content=\"article\" \/>\n<meta property=\"og:title\" content=\"Modeca Elmas | Koonings\" \/>\n<meta property=\"og:description\" content=\"Elmas ist ein atemberaubendes Kleid in A-Linie, das zeitlose Eleganz ausstrahlt. Der Ausschnitt aus Illusionsspitze, der dezent mit Perlen und Pailletten verziert ist, verleiht ihm eine subtile Raffinesse. Der bezaubernde, mit Pailletten besetzte T\u00fcllrock sorgt f\u00fcr einen Hauch von Skurrilit\u00e4t, w\u00e4hrend der mit einer Reihe von Kn\u00f6pfen akzentuierte Illusionsr\u00fccken einen Hauch von klassischem Charme verspr\u00fcht. Dieses Kleid ist auch mit einfarbigem T\u00fcll erh\u00e4ltlich - Elmas-A.\" \/>\n<meta property=\"og:url\" content=\"https:\/\/www.koonings.com\/de\/product\/modeca-elmas\/\" \/>\n<meta property=\"og:site_name\" content=\"Koonings\" \/>\n<meta property=\"article:publisher\" content=\"https:\/\/www.facebook.com\/kooningstheweddingpalace\" \/>\n<meta property=\"og:image\" content=\"https:\/\/www.koonings.com\/wp-content\/uploads\/2024\/11\/40349_2d439261111c51bb317f98ee67e67af9a47850d538ff41b6a82621bca336d64e067bd9e9.jpeg\" \/>\n\t<meta property=\"og:image:width\" content=\"828\" \/>\n\t<meta property=\"og:image:height\" content=\"1169\" \/>\n\t<meta property=\"og:image:type\" content=\"image\/jpeg\" \/>\n<meta name=\"twitter:card\" content=\"summary_large_image\" \/>\n<script type=\"application\/ld+json\" class=\"yoast-schema-graph\">{\"@context\":\"https:\\\/\\\/schema.org\",\"@graph\":[{\"@type\":\"WebPage\",\"@id\":\"https:\\\/\\\/www.koonings.com\\\/de\\\/product\\\/modeca-elmas\\\/\",\"url\":\"https:\\\/\\\/www.koonings.com\\\/de\\\/product\\\/modeca-elmas\\\/\",\"name\":\"Modeca Elmas | Koonings\",\"isPartOf\":{\"@id\":\"https:\\\/\\\/www.koonings.com\\\/de\\\/#website\"},\"primaryImageOfPage\":{\"@id\":\"https:\\\/\\\/www.koonings.com\\\/de\\\/product\\\/modeca-elmas\\\/#primaryimage\"},\"image\":{\"@id\":\"https:\\\/\\\/www.koonings.com\\\/de\\\/product\\\/modeca-elmas\\\/#primaryimage\"},\"thumbnailUrl\":\"https:\\\/\\\/www.koonings.com\\\/wp-content\\\/uploads\\\/2024\\\/11\\\/40349_2d439261111c51bb317f98ee67e67af9a47850d538ff41b6a82621bca336d64e067bd9e9.jpeg\",\"datePublished\":\"2026-04-14T14:18:38+00:00\",\"description\":\"Elmas ist ein atemberaubendes Kleid in A-Linie, das zeitlose Eleganz ausstrahlt. Der Ausschnitt aus Illusionsspitze, der dezent mit Perlen und Pailletten verziert ist, verleiht ihm eine subtile Raffinesse. Der bezaubernde, mit Pailletten besetzte T\u00fcllrock sorgt f\u00fcr einen Hauch von Skurrilit\u00e4t, w\u00e4hrend der mit einer Reihe von Kn\u00f6pfen akzentuierte Illusionsr\u00fccken einen Hauch von klassischem Charme verspr\u00fcht. Dieses Kleid ist auch mit einfarbigem T\u00fcll erh\u00e4ltlich - Elmas-A.\",\"breadcrumb\":{\"@id\":\"https:\\\/\\\/www.koonings.com\\\/de\\\/product\\\/modeca-elmas\\\/#breadcrumb\"},\"inLanguage\":\"de\",\"potentialAction\":[{\"@type\":\"ReadAction\",\"target\":[\"https:\\\/\\\/www.koonings.com\\\/de\\\/product\\\/modeca-elmas\\\/\"]}]},{\"@type\":\"ImageObject\",\"inLanguage\":\"de\",\"@id\":\"https:\\\/\\\/www.koonings.com\\\/de\\\/product\\\/modeca-elmas\\\/#primaryimage\",\"url\":\"https:\\\/\\\/www.koonings.com\\\/wp-content\\\/uploads\\\/2024\\\/11\\\/40349_2d439261111c51bb317f98ee67e67af9a47850d538ff41b6a82621bca336d64e067bd9e9.jpeg\",\"contentUrl\":\"https:\\\/\\\/www.koonings.com\\\/wp-content\\\/uploads\\\/2024\\\/11\\\/40349_2d439261111c51bb317f98ee67e67af9a47850d538ff41b6a82621bca336d64e067bd9e9.jpeg\",\"width\":828,\"height\":1169},{\"@type\":\"BreadcrumbList\",\"@id\":\"https:\\\/\\\/www.koonings.com\\\/de\\\/product\\\/modeca-elmas\\\/#breadcrumb\",\"itemListElement\":[{\"@type\":\"ListItem\",\"position\":1,\"name\":\"Home\",\"item\":\"https:\\\/\\\/www.koonings.com\\\/de\\\/\"},{\"@type\":\"ListItem\",\"position\":2,\"name\":\"Modeca Elmas\"}]},{\"@type\":\"WebSite\",\"@id\":\"https:\\\/\\\/www.koonings.com\\\/de\\\/#website\",\"url\":\"https:\\\/\\\/www.koonings.com\\\/de\\\/\",\"name\":\"Koonings\",\"description\":\"De grootste bruidsmodewinkel ter wereld\",\"publisher\":{\"@id\":\"https:\\\/\\\/www.koonings.com\\\/de\\\/#organization\"},\"potentialAction\":[{\"@type\":\"SearchAction\",\"target\":{\"@type\":\"EntryPoint\",\"urlTemplate\":\"https:\\\/\\\/www.koonings.com\\\/de\\\/?s={search_term_string}\"},\"query-input\":{\"@type\":\"PropertyValueSpecification\",\"valueRequired\":true,\"valueName\":\"search_term_string\"}}],\"inLanguage\":\"de\"},{\"@type\":\"Organization\",\"@id\":\"https:\\\/\\\/www.koonings.com\\\/de\\\/#organization\",\"name\":\"Koonings\",\"url\":\"https:\\\/\\\/www.koonings.com\\\/de\\\/\",\"logo\":{\"@type\":\"ImageObject\",\"inLanguage\":\"de\",\"@id\":\"https:\\\/\\\/www.koonings.com\\\/de\\\/#\\\/schema\\\/logo\\\/image\\\/\",\"url\":\"https:\\\/\\\/www.koonings.com\\\/wp-content\\\/uploads\\\/2024\\\/07\\\/logo.png\",\"contentUrl\":\"https:\\\/\\\/www.koonings.com\\\/wp-content\\\/uploads\\\/2024\\\/07\\\/logo.png\",\"width\":600,\"height\":428,\"caption\":\"Koonings\"},\"image\":{\"@id\":\"https:\\\/\\\/www.koonings.com\\\/de\\\/#\\\/schema\\\/logo\\\/image\\\/\"},\"sameAs\":[\"https:\\\/\\\/www.facebook.com\\\/kooningstheweddingpalace\",\"https:\\\/\\\/www.instagram.com\\\/kooningstheweddingpalace\",\"https:\\\/\\\/www.pinterest.com\\\/koonings\",\"https:\\\/\\\/www.youtube.com\\\/kooningstheweddingpalace\"]}]}<\/script>\n<!-- \/ Yoast SEO plugin. -->","yoast_head_json":{"title":"Modeca Elmas | Koonings","description":"Elmas ist ein atemberaubendes Kleid in A-Linie, das zeitlose Eleganz ausstrahlt. Der Ausschnitt aus Illusionsspitze, der dezent mit Perlen und Pailletten verziert ist, verleiht ihm eine subtile Raffinesse. Der bezaubernde, mit Pailletten besetzte T\u00fcllrock sorgt f\u00fcr einen Hauch von Skurrilit\u00e4t, w\u00e4hrend der mit einer Reihe von Kn\u00f6pfen akzentuierte Illusionsr\u00fccken einen Hauch von klassischem Charme verspr\u00fcht. Dieses Kleid ist auch mit einfarbigem T\u00fcll erh\u00e4ltlich - Elmas-A.","robots":{"index":"index","follow":"follow","max-snippet":"max-snippet:-1","max-image-preview":"max-image-preview:large","max-video-preview":"max-video-preview:-1"},"canonical":"https:\/\/www.koonings.com\/de\/product\/modeca-elmas\/","og_locale":"de_DE","og_type":"article","og_title":"Modeca Elmas | Koonings","og_description":"Elmas ist ein atemberaubendes Kleid in A-Linie, das zeitlose Eleganz ausstrahlt. Der Ausschnitt aus Illusionsspitze, der dezent mit Perlen und Pailletten verziert ist, verleiht ihm eine subtile Raffinesse. Der bezaubernde, mit Pailletten besetzte T\u00fcllrock sorgt f\u00fcr einen Hauch von Skurrilit\u00e4t, w\u00e4hrend der mit einer Reihe von Kn\u00f6pfen akzentuierte Illusionsr\u00fccken einen Hauch von klassischem Charme verspr\u00fcht. Dieses Kleid ist auch mit einfarbigem T\u00fcll erh\u00e4ltlich - Elmas-A.","og_url":"https:\/\/www.koonings.com\/de\/product\/modeca-elmas\/","og_site_name":"Koonings","article_publisher":"https:\/\/www.facebook.com\/kooningstheweddingpalace","og_image":[{"width":828,"height":1169,"url":"https:\/\/www.koonings.com\/wp-content\/uploads\/2024\/11\/40349_2d439261111c51bb317f98ee67e67af9a47850d538ff41b6a82621bca336d64e067bd9e9.jpeg","type":"image\/jpeg"}],"twitter_card":"summary_large_image","schema":{"@context":"https:\/\/schema.org","@graph":[{"@type":"WebPage","@id":"https:\/\/www.koonings.com\/de\/product\/modeca-elmas\/","url":"https:\/\/www.koonings.com\/de\/product\/modeca-elmas\/","name":"Modeca Elmas | Koonings","isPartOf":{"@id":"https:\/\/www.koonings.com\/de\/#website"},"primaryImageOfPage":{"@id":"https:\/\/www.koonings.com\/de\/product\/modeca-elmas\/#primaryimage"},"image":{"@id":"https:\/\/www.koonings.com\/de\/product\/modeca-elmas\/#primaryimage"},"thumbnailUrl":"https:\/\/www.koonings.com\/wp-content\/uploads\/2024\/11\/40349_2d439261111c51bb317f98ee67e67af9a47850d538ff41b6a82621bca336d64e067bd9e9.jpeg","datePublished":"2026-04-14T14:18:38+00:00","description":"Elmas ist ein atemberaubendes Kleid in A-Linie, das zeitlose Eleganz ausstrahlt. Der Ausschnitt aus Illusionsspitze, der dezent mit Perlen und Pailletten verziert ist, verleiht ihm eine subtile Raffinesse. Der bezaubernde, mit Pailletten besetzte T\u00fcllrock sorgt f\u00fcr einen Hauch von Skurrilit\u00e4t, w\u00e4hrend der mit einer Reihe von Kn\u00f6pfen akzentuierte Illusionsr\u00fccken einen Hauch von klassischem Charme verspr\u00fcht. Dieses Kleid ist auch mit einfarbigem T\u00fcll erh\u00e4ltlich - Elmas-A.","breadcrumb":{"@id":"https:\/\/www.koonings.com\/de\/product\/modeca-elmas\/#breadcrumb"},"inLanguage":"de","potentialAction":[{"@type":"ReadAction","target":["https:\/\/www.koonings.com\/de\/product\/modeca-elmas\/"]}]},{"@type":"ImageObject","inLanguage":"de","@id":"https:\/\/www.koonings.com\/de\/product\/modeca-elmas\/#primaryimage","url":"https:\/\/www.koonings.com\/wp-content\/uploads\/2024\/11\/40349_2d439261111c51bb317f98ee67e67af9a47850d538ff41b6a82621bca336d64e067bd9e9.jpeg","contentUrl":"https:\/\/www.koonings.com\/wp-content\/uploads\/2024\/11\/40349_2d439261111c51bb317f98ee67e67af9a47850d538ff41b6a82621bca336d64e067bd9e9.jpeg","width":828,"height":1169},{"@type":"BreadcrumbList","@id":"https:\/\/www.koonings.com\/de\/product\/modeca-elmas\/#breadcrumb","itemListElement":[{"@type":"ListItem","position":1,"name":"Home","item":"https:\/\/www.koonings.com\/de\/"},{"@type":"ListItem","position":2,"name":"Modeca Elmas"}]},{"@type":"WebSite","@id":"https:\/\/www.koonings.com\/de\/#website","url":"https:\/\/www.koonings.com\/de\/","name":"Koonings","description":"De grootste bruidsmodewinkel ter wereld","publisher":{"@id":"https:\/\/www.koonings.com\/de\/#organization"},"potentialAction":[{"@type":"SearchAction","target":{"@type":"EntryPoint","urlTemplate":"https:\/\/www.koonings.com\/de\/?s={search_term_string}"},"query-input":{"@type":"PropertyValueSpecification","valueRequired":true,"valueName":"search_term_string"}}],"inLanguage":"de"},{"@type":"Organization","@id":"https:\/\/www.koonings.com\/de\/#organization","name":"Koonings","url":"https:\/\/www.koonings.com\/de\/","logo":{"@type":"ImageObject","inLanguage":"de","@id":"https:\/\/www.koonings.com\/de\/#\/schema\/logo\/image\/","url":"https:\/\/www.koonings.com\/wp-content\/uploads\/2024\/07\/logo.png","contentUrl":"https:\/\/www.koonings.com\/wp-content\/uploads\/2024\/07\/logo.png","width":600,"height":428,"caption":"Koonings"},"image":{"@id":"https:\/\/www.koonings.com\/de\/#\/schema\/logo\/image\/"},"sameAs":["https:\/\/www.facebook.com\/kooningstheweddingpalace","https:\/\/www.instagram.com\/kooningstheweddingpalace","https:\/\/www.pinterest.com\/koonings","https:\/\/www.youtube.com\/kooningstheweddingpalace"]}]}},"_links":{"self":[{"href":"https:\/\/www.koonings.com\/de\/wp-json\/wp\/v2\/product\/78673","targetHints":{"allow":["GET"]}}],"collection":[{"href":"https:\/\/www.koonings.com\/de\/wp-json\/wp\/v2\/product"}],"about":[{"href":"https:\/\/www.koonings.com\/de\/wp-json\/wp\/v2\/types\/product"}],"wp:featuredmedia":[{"embeddable":true,"href":"https:\/\/www.koonings.com\/de\/wp-json\/wp\/v2\/media\/66876"}],"wp:attachment":[{"href":"https:\/\/www.koonings.com\/de\/wp-json\/wp\/v2\/media?parent=78673"}],"wp:term":[{"taxonomy":"productdetails","embeddable":true,"href":"https:\/\/www.koonings.com\/de\/wp-json\/wp\/v2\/productdetails?post=78673"},{"taxonomy":"productneck","embeddable":true,"href":"https:\/\/www.koonings.com\/de\/wp-json\/wp\/v2\/productneck?post=78673"},{"taxonomy":"productcolor","embeddable":true,"href":"https:\/\/www.koonings.com\/de\/wp-json\/wp\/v2\/productcolor?post=78673"},{"taxonomy":"maat","embeddable":true,"href":"https:\/\/www.koonings.com\/de\/wp-json\/wp\/v2\/maat?post=78673"},{"taxonomy":"productsupplier","embeddable":true,"href":"https:\/\/www.koonings.com\/de\/wp-json\/wp\/v2\/productsupplier?post=78673"},{"taxonomy":"productsleeve","embeddable":true,"href":"https:\/\/www.koonings.com\/de\/wp-json\/wp\/v2\/productsleeve?post=78673"},{"taxonomy":"productcategory","embeddable":true,"href":"https:\/\/www.koonings.com\/de\/wp-json\/wp\/v2\/productcategory?post=78673"},{"taxonomy":"productsilhouette","embeddable":true,"href":"https:\/\/www.koonings.com\/de\/wp-json\/wp\/v2\/productsilhouette?post=78673"},{"taxonomy":"productstyle","embeddable":true,"href":"https:\/\/www.koonings.com\/de\/wp-json\/wp\/v2\/productstyle?post=78673"}],"curies":[{"name":"wp","href":"https:\/\/api.w.org\/{rel}","templated":true}]}}