{"id":78662,"date":"2026-05-06T15:18:18","date_gmt":"2026-05-06T13:18:18","guid":{"rendered":"https:\/\/www.koonings.com\/product\/modeca-eloise\/"},"modified":"2025-06-05T13:38:08","modified_gmt":"2025-06-05T11:38:08","slug":"modeca-eloise","status":"publish","type":"product","link":"https:\/\/www.koonings.com\/de\/product\/modeca-eloise\/","title":{"rendered":"Modeca Eloise"},"content":{"rendered":"<p>Das Hochzeitskleid von Eloise ist eine Vision von zeitloser Romantik und anmutiger Eleganz. Dieses Kleid in A-Linie hat einen glitzernden T\u00fcllrock und das Mieder ist mit zarter Paillettenspitze verziert. Bezaubernde Schleifen aus T\u00fcll schm\u00fccken die Schultern und verleihen dem Stil einen verspielten und romantischen Charme. Dieses Kleid ist auch mit einfarbigem T\u00fcll erh\u00e4ltlich &#8211; Eloise-A.   <\/p>\n","protected":false},"featured_media":66906,"template":"","meta":{"_acf_changed":false,"ghostkit_customizer_options":"","ghostkit_custom_css":"","ghostkit_custom_js_head":"","ghostkit_custom_js_foot":"","ghostkit_typography":""},"productdetails":[379,381],"productneck":[355],"productcolor":[393,392],"maat":[],"productsupplier":[434],"productsleeve":[359],"productcategory":[18],"productsilhouette":[384,389],"productstyle":[366],"class_list":["post-78662","product","type-product","status-publish","has-post-thumbnail","hentry","productdetails-379","productdetails-381","productneck-355","productcolor-393","productcolor-392","productsupplier-modeca","productsleeve-359","productcategory-trouwjurken","productsilhouette-384","productsilhouette-389","productstyle-366"],"acf":[],"yoast_head":"<!-- This site is optimized with the Yoast SEO plugin v27.3 - https:\/\/yoast.com\/product\/yoast-seo-wordpress\/ -->\n<title>Modeca Eloise | Koonings<\/title>\n<meta name=\"description\" content=\"Das Hochzeitskleid von Eloise ist eine Vision von zeitloser Romantik und anmutiger Eleganz. Dieses Kleid in A-Linie hat einen glitzernden T\u00fcllrock und das Mieder ist mit zarter Paillettenspitze verziert. Bezaubernde Schleifen aus T\u00fcll schm\u00fccken die Schultern und verleihen dem Stil einen verspielten und romantischen Charme. Dieses Kleid ist auch mit einfarbigem T\u00fcll erh\u00e4ltlich - Eloise-A.\" \/>\n<meta name=\"robots\" content=\"index, follow, max-snippet:-1, max-image-preview:large, max-video-preview:-1\" \/>\n<link rel=\"canonical\" href=\"https:\/\/www.koonings.com\/de\/product\/modeca-eloise\/\" \/>\n<meta property=\"og:locale\" content=\"de_DE\" \/>\n<meta property=\"og:type\" content=\"article\" \/>\n<meta property=\"og:title\" content=\"Modeca Eloise | Koonings\" \/>\n<meta property=\"og:description\" content=\"Das Hochzeitskleid von Eloise ist eine Vision von zeitloser Romantik und anmutiger Eleganz. Dieses Kleid in A-Linie hat einen glitzernden T\u00fcllrock und das Mieder ist mit zarter Paillettenspitze verziert. Bezaubernde Schleifen aus T\u00fcll schm\u00fccken die Schultern und verleihen dem Stil einen verspielten und romantischen Charme. Dieses Kleid ist auch mit einfarbigem T\u00fcll erh\u00e4ltlich - Eloise-A.\" \/>\n<meta property=\"og:url\" content=\"https:\/\/www.koonings.com\/de\/product\/modeca-eloise\/\" \/>\n<meta property=\"og:site_name\" content=\"Koonings\" \/>\n<meta property=\"article:publisher\" content=\"https:\/\/www.facebook.com\/kooningstheweddingpalace\" \/>\n<meta property=\"og:image\" content=\"https:\/\/www.koonings.com\/wp-content\/uploads\/2024\/11\/40385_60bfb18bdf1b267efd3dd3352c99179406029191b2b83ffade5f5286b9f4ceb81ba97c2c.jpeg\" \/>\n\t<meta property=\"og:image:width\" content=\"782\" \/>\n\t<meta property=\"og:image:height\" content=\"1107\" \/>\n\t<meta property=\"og:image:type\" content=\"image\/jpeg\" \/>\n<meta name=\"twitter:card\" content=\"summary_large_image\" \/>\n<script type=\"application\/ld+json\" class=\"yoast-schema-graph\">{\"@context\":\"https:\\\/\\\/schema.org\",\"@graph\":[{\"@type\":\"WebPage\",\"@id\":\"https:\\\/\\\/www.koonings.com\\\/de\\\/product\\\/modeca-eloise\\\/\",\"url\":\"https:\\\/\\\/www.koonings.com\\\/de\\\/product\\\/modeca-eloise\\\/\",\"name\":\"Modeca Eloise | Koonings\",\"isPartOf\":{\"@id\":\"https:\\\/\\\/www.koonings.com\\\/de\\\/#website\"},\"primaryImageOfPage\":{\"@id\":\"https:\\\/\\\/www.koonings.com\\\/de\\\/product\\\/modeca-eloise\\\/#primaryimage\"},\"image\":{\"@id\":\"https:\\\/\\\/www.koonings.com\\\/de\\\/product\\\/modeca-eloise\\\/#primaryimage\"},\"thumbnailUrl\":\"https:\\\/\\\/www.koonings.com\\\/wp-content\\\/uploads\\\/2024\\\/11\\\/40385_60bfb18bdf1b267efd3dd3352c99179406029191b2b83ffade5f5286b9f4ceb81ba97c2c.jpeg\",\"datePublished\":\"2026-05-06T13:18:18+00:00\",\"description\":\"Das Hochzeitskleid von Eloise ist eine Vision von zeitloser Romantik und anmutiger Eleganz. Dieses Kleid in A-Linie hat einen glitzernden T\u00fcllrock und das Mieder ist mit zarter Paillettenspitze verziert. Bezaubernde Schleifen aus T\u00fcll schm\u00fccken die Schultern und verleihen dem Stil einen verspielten und romantischen Charme. Dieses Kleid ist auch mit einfarbigem T\u00fcll erh\u00e4ltlich - Eloise-A.\",\"breadcrumb\":{\"@id\":\"https:\\\/\\\/www.koonings.com\\\/de\\\/product\\\/modeca-eloise\\\/#breadcrumb\"},\"inLanguage\":\"de\",\"potentialAction\":[{\"@type\":\"ReadAction\",\"target\":[\"https:\\\/\\\/www.koonings.com\\\/de\\\/product\\\/modeca-eloise\\\/\"]}]},{\"@type\":\"ImageObject\",\"inLanguage\":\"de\",\"@id\":\"https:\\\/\\\/www.koonings.com\\\/de\\\/product\\\/modeca-eloise\\\/#primaryimage\",\"url\":\"https:\\\/\\\/www.koonings.com\\\/wp-content\\\/uploads\\\/2024\\\/11\\\/40385_60bfb18bdf1b267efd3dd3352c99179406029191b2b83ffade5f5286b9f4ceb81ba97c2c.jpeg\",\"contentUrl\":\"https:\\\/\\\/www.koonings.com\\\/wp-content\\\/uploads\\\/2024\\\/11\\\/40385_60bfb18bdf1b267efd3dd3352c99179406029191b2b83ffade5f5286b9f4ceb81ba97c2c.jpeg\",\"width\":782,\"height\":1107},{\"@type\":\"BreadcrumbList\",\"@id\":\"https:\\\/\\\/www.koonings.com\\\/de\\\/product\\\/modeca-eloise\\\/#breadcrumb\",\"itemListElement\":[{\"@type\":\"ListItem\",\"position\":1,\"name\":\"Home\",\"item\":\"https:\\\/\\\/www.koonings.com\\\/de\\\/\"},{\"@type\":\"ListItem\",\"position\":2,\"name\":\"Modeca Eloise\"}]},{\"@type\":\"WebSite\",\"@id\":\"https:\\\/\\\/www.koonings.com\\\/de\\\/#website\",\"url\":\"https:\\\/\\\/www.koonings.com\\\/de\\\/\",\"name\":\"Koonings\",\"description\":\"De grootste bruidsmodewinkel ter wereld\",\"publisher\":{\"@id\":\"https:\\\/\\\/www.koonings.com\\\/de\\\/#organization\"},\"potentialAction\":[{\"@type\":\"SearchAction\",\"target\":{\"@type\":\"EntryPoint\",\"urlTemplate\":\"https:\\\/\\\/www.koonings.com\\\/de\\\/?s={search_term_string}\"},\"query-input\":{\"@type\":\"PropertyValueSpecification\",\"valueRequired\":true,\"valueName\":\"search_term_string\"}}],\"inLanguage\":\"de\"},{\"@type\":\"Organization\",\"@id\":\"https:\\\/\\\/www.koonings.com\\\/de\\\/#organization\",\"name\":\"Koonings\",\"url\":\"https:\\\/\\\/www.koonings.com\\\/de\\\/\",\"logo\":{\"@type\":\"ImageObject\",\"inLanguage\":\"de\",\"@id\":\"https:\\\/\\\/www.koonings.com\\\/de\\\/#\\\/schema\\\/logo\\\/image\\\/\",\"url\":\"https:\\\/\\\/www.koonings.com\\\/wp-content\\\/uploads\\\/2024\\\/07\\\/logo.png\",\"contentUrl\":\"https:\\\/\\\/www.koonings.com\\\/wp-content\\\/uploads\\\/2024\\\/07\\\/logo.png\",\"width\":600,\"height\":428,\"caption\":\"Koonings\"},\"image\":{\"@id\":\"https:\\\/\\\/www.koonings.com\\\/de\\\/#\\\/schema\\\/logo\\\/image\\\/\"},\"sameAs\":[\"https:\\\/\\\/www.facebook.com\\\/kooningstheweddingpalace\",\"https:\\\/\\\/www.instagram.com\\\/kooningstheweddingpalace\",\"https:\\\/\\\/www.pinterest.com\\\/koonings\",\"https:\\\/\\\/www.youtube.com\\\/kooningstheweddingpalace\"]}]}<\/script>\n<!-- \/ Yoast SEO plugin. -->","yoast_head_json":{"title":"Modeca Eloise | Koonings","description":"Das Hochzeitskleid von Eloise ist eine Vision von zeitloser Romantik und anmutiger Eleganz. Dieses Kleid in A-Linie hat einen glitzernden T\u00fcllrock und das Mieder ist mit zarter Paillettenspitze verziert. Bezaubernde Schleifen aus T\u00fcll schm\u00fccken die Schultern und verleihen dem Stil einen verspielten und romantischen Charme. Dieses Kleid ist auch mit einfarbigem T\u00fcll erh\u00e4ltlich - Eloise-A.","robots":{"index":"index","follow":"follow","max-snippet":"max-snippet:-1","max-image-preview":"max-image-preview:large","max-video-preview":"max-video-preview:-1"},"canonical":"https:\/\/www.koonings.com\/de\/product\/modeca-eloise\/","og_locale":"de_DE","og_type":"article","og_title":"Modeca Eloise | Koonings","og_description":"Das Hochzeitskleid von Eloise ist eine Vision von zeitloser Romantik und anmutiger Eleganz. Dieses Kleid in A-Linie hat einen glitzernden T\u00fcllrock und das Mieder ist mit zarter Paillettenspitze verziert. Bezaubernde Schleifen aus T\u00fcll schm\u00fccken die Schultern und verleihen dem Stil einen verspielten und romantischen Charme. Dieses Kleid ist auch mit einfarbigem T\u00fcll erh\u00e4ltlich - Eloise-A.","og_url":"https:\/\/www.koonings.com\/de\/product\/modeca-eloise\/","og_site_name":"Koonings","article_publisher":"https:\/\/www.facebook.com\/kooningstheweddingpalace","og_image":[{"width":782,"height":1107,"url":"https:\/\/www.koonings.com\/wp-content\/uploads\/2024\/11\/40385_60bfb18bdf1b267efd3dd3352c99179406029191b2b83ffade5f5286b9f4ceb81ba97c2c.jpeg","type":"image\/jpeg"}],"twitter_card":"summary_large_image","schema":{"@context":"https:\/\/schema.org","@graph":[{"@type":"WebPage","@id":"https:\/\/www.koonings.com\/de\/product\/modeca-eloise\/","url":"https:\/\/www.koonings.com\/de\/product\/modeca-eloise\/","name":"Modeca Eloise | Koonings","isPartOf":{"@id":"https:\/\/www.koonings.com\/de\/#website"},"primaryImageOfPage":{"@id":"https:\/\/www.koonings.com\/de\/product\/modeca-eloise\/#primaryimage"},"image":{"@id":"https:\/\/www.koonings.com\/de\/product\/modeca-eloise\/#primaryimage"},"thumbnailUrl":"https:\/\/www.koonings.com\/wp-content\/uploads\/2024\/11\/40385_60bfb18bdf1b267efd3dd3352c99179406029191b2b83ffade5f5286b9f4ceb81ba97c2c.jpeg","datePublished":"2026-05-06T13:18:18+00:00","description":"Das Hochzeitskleid von Eloise ist eine Vision von zeitloser Romantik und anmutiger Eleganz. Dieses Kleid in A-Linie hat einen glitzernden T\u00fcllrock und das Mieder ist mit zarter Paillettenspitze verziert. Bezaubernde Schleifen aus T\u00fcll schm\u00fccken die Schultern und verleihen dem Stil einen verspielten und romantischen Charme. Dieses Kleid ist auch mit einfarbigem T\u00fcll erh\u00e4ltlich - Eloise-A.","breadcrumb":{"@id":"https:\/\/www.koonings.com\/de\/product\/modeca-eloise\/#breadcrumb"},"inLanguage":"de","potentialAction":[{"@type":"ReadAction","target":["https:\/\/www.koonings.com\/de\/product\/modeca-eloise\/"]}]},{"@type":"ImageObject","inLanguage":"de","@id":"https:\/\/www.koonings.com\/de\/product\/modeca-eloise\/#primaryimage","url":"https:\/\/www.koonings.com\/wp-content\/uploads\/2024\/11\/40385_60bfb18bdf1b267efd3dd3352c99179406029191b2b83ffade5f5286b9f4ceb81ba97c2c.jpeg","contentUrl":"https:\/\/www.koonings.com\/wp-content\/uploads\/2024\/11\/40385_60bfb18bdf1b267efd3dd3352c99179406029191b2b83ffade5f5286b9f4ceb81ba97c2c.jpeg","width":782,"height":1107},{"@type":"BreadcrumbList","@id":"https:\/\/www.koonings.com\/de\/product\/modeca-eloise\/#breadcrumb","itemListElement":[{"@type":"ListItem","position":1,"name":"Home","item":"https:\/\/www.koonings.com\/de\/"},{"@type":"ListItem","position":2,"name":"Modeca Eloise"}]},{"@type":"WebSite","@id":"https:\/\/www.koonings.com\/de\/#website","url":"https:\/\/www.koonings.com\/de\/","name":"Koonings","description":"De grootste bruidsmodewinkel ter wereld","publisher":{"@id":"https:\/\/www.koonings.com\/de\/#organization"},"potentialAction":[{"@type":"SearchAction","target":{"@type":"EntryPoint","urlTemplate":"https:\/\/www.koonings.com\/de\/?s={search_term_string}"},"query-input":{"@type":"PropertyValueSpecification","valueRequired":true,"valueName":"search_term_string"}}],"inLanguage":"de"},{"@type":"Organization","@id":"https:\/\/www.koonings.com\/de\/#organization","name":"Koonings","url":"https:\/\/www.koonings.com\/de\/","logo":{"@type":"ImageObject","inLanguage":"de","@id":"https:\/\/www.koonings.com\/de\/#\/schema\/logo\/image\/","url":"https:\/\/www.koonings.com\/wp-content\/uploads\/2024\/07\/logo.png","contentUrl":"https:\/\/www.koonings.com\/wp-content\/uploads\/2024\/07\/logo.png","width":600,"height":428,"caption":"Koonings"},"image":{"@id":"https:\/\/www.koonings.com\/de\/#\/schema\/logo\/image\/"},"sameAs":["https:\/\/www.facebook.com\/kooningstheweddingpalace","https:\/\/www.instagram.com\/kooningstheweddingpalace","https:\/\/www.pinterest.com\/koonings","https:\/\/www.youtube.com\/kooningstheweddingpalace"]}]}},"_links":{"self":[{"href":"https:\/\/www.koonings.com\/de\/wp-json\/wp\/v2\/product\/78662","targetHints":{"allow":["GET"]}}],"collection":[{"href":"https:\/\/www.koonings.com\/de\/wp-json\/wp\/v2\/product"}],"about":[{"href":"https:\/\/www.koonings.com\/de\/wp-json\/wp\/v2\/types\/product"}],"wp:featuredmedia":[{"embeddable":true,"href":"https:\/\/www.koonings.com\/de\/wp-json\/wp\/v2\/media\/66906"}],"wp:attachment":[{"href":"https:\/\/www.koonings.com\/de\/wp-json\/wp\/v2\/media?parent=78662"}],"wp:term":[{"taxonomy":"productdetails","embeddable":true,"href":"https:\/\/www.koonings.com\/de\/wp-json\/wp\/v2\/productdetails?post=78662"},{"taxonomy":"productneck","embeddable":true,"href":"https:\/\/www.koonings.com\/de\/wp-json\/wp\/v2\/productneck?post=78662"},{"taxonomy":"productcolor","embeddable":true,"href":"https:\/\/www.koonings.com\/de\/wp-json\/wp\/v2\/productcolor?post=78662"},{"taxonomy":"maat","embeddable":true,"href":"https:\/\/www.koonings.com\/de\/wp-json\/wp\/v2\/maat?post=78662"},{"taxonomy":"productsupplier","embeddable":true,"href":"https:\/\/www.koonings.com\/de\/wp-json\/wp\/v2\/productsupplier?post=78662"},{"taxonomy":"productsleeve","embeddable":true,"href":"https:\/\/www.koonings.com\/de\/wp-json\/wp\/v2\/productsleeve?post=78662"},{"taxonomy":"productcategory","embeddable":true,"href":"https:\/\/www.koonings.com\/de\/wp-json\/wp\/v2\/productcategory?post=78662"},{"taxonomy":"productsilhouette","embeddable":true,"href":"https:\/\/www.koonings.com\/de\/wp-json\/wp\/v2\/productsilhouette?post=78662"},{"taxonomy":"productstyle","embeddable":true,"href":"https:\/\/www.koonings.com\/de\/wp-json\/wp\/v2\/productstyle?post=78662"}],"curies":[{"name":"wp","href":"https:\/\/api.w.org\/{rel}","templated":true}]}}