{"id":78650,"date":"2026-05-06T15:02:25","date_gmt":"2026-05-06T13:02:25","guid":{"rendered":"https:\/\/www.koonings.com\/product\/maison-signore-deva\/"},"modified":"2026-02-16T14:45:57","modified_gmt":"2026-02-16T13:45:57","slug":"maison-signore-deva","status":"publish","type":"product","link":"https:\/\/www.koonings.com\/de\/product\/maison-signore-deva\/","title":{"rendered":"Maison Signore Deva"},"content":{"rendered":"<p>Dieses exklusive Hochzeitskleid ist ganz aus Spitze gefertigt. Das transparente Spitzenmieder hat einen sch\u00f6nen Ausschnitt, Schultertr\u00e4ger und einen super tiefen R\u00fccken. Der enge Rock hat eine lange Schleppe und wird ab dem Knie leicht breiter. Dieses Kleid hat eine zus\u00e4tzliche Schleppe, die an der Taille befestigt wird.   <\/p>\n","protected":false},"featured_media":62784,"template":"","meta":{"_acf_changed":false,"ghostkit_customizer_options":"","ghostkit_custom_css":"","ghostkit_custom_js_head":"","ghostkit_custom_js_foot":"","ghostkit_typography":""},"productdetails":[376],"productneck":[356],"productcolor":[392],"maat":[],"productsupplier":[481],"productsleeve":[359],"productcategory":[18],"productsilhouette":[384,387],"productstyle":[366,370],"class_list":["post-78650","product","type-product","status-publish","has-post-thumbnail","hentry","productdetails-376","productneck-356","productcolor-392","productsupplier-maison-signore","productsleeve-359","productcategory-trouwjurken","productsilhouette-384","productsilhouette-387","productstyle-366","productstyle-370"],"acf":[],"yoast_head":"<!-- This site is optimized with the Yoast SEO plugin v27.3 - https:\/\/yoast.com\/product\/yoast-seo-wordpress\/ -->\n<title>Maison Signore Deva | Koonings<\/title>\n<meta name=\"description\" content=\"Dieses exklusive Hochzeitskleid ist ganz aus Spitze gefertigt. Das transparente Spitzenmieder hat einen sch\u00f6nen Ausschnitt, Schultertr\u00e4ger und einen super tiefen R\u00fccken. Der enge Rock hat eine lange Schleppe und wird ab dem Knie leicht breiter. Dieses Kleid hat eine zus\u00e4tzliche Schleppe, die an der Taille befestigt wird.\" \/>\n<meta name=\"robots\" content=\"index, follow, max-snippet:-1, max-image-preview:large, max-video-preview:-1\" \/>\n<link rel=\"canonical\" href=\"https:\/\/www.koonings.com\/de\/product\/maison-signore-deva\/\" \/>\n<meta property=\"og:locale\" content=\"de_DE\" \/>\n<meta property=\"og:type\" content=\"article\" \/>\n<meta property=\"og:title\" content=\"Maison Signore Deva | Koonings\" \/>\n<meta property=\"og:description\" content=\"Dieses exklusive Hochzeitskleid ist ganz aus Spitze gefertigt. Das transparente Spitzenmieder hat einen sch\u00f6nen Ausschnitt, Schultertr\u00e4ger und einen super tiefen R\u00fccken. Der enge Rock hat eine lange Schleppe und wird ab dem Knie leicht breiter. Dieses Kleid hat eine zus\u00e4tzliche Schleppe, die an der Taille befestigt wird.\" \/>\n<meta property=\"og:url\" content=\"https:\/\/www.koonings.com\/de\/product\/maison-signore-deva\/\" \/>\n<meta property=\"og:site_name\" content=\"Koonings\" \/>\n<meta property=\"article:publisher\" content=\"https:\/\/www.facebook.com\/kooningstheweddingpalace\" \/>\n<meta property=\"og:image\" content=\"https:\/\/www.koonings.com\/wp-content\/uploads\/2024\/11\/6590_879ea0a3f6395ed743526bbacd330de19313457919607f3660fed7228b9759f60cf0439b.jpeg\" \/>\n\t<meta property=\"og:image:width\" content=\"1519\" \/>\n\t<meta property=\"og:image:height\" content=\"2154\" \/>\n\t<meta property=\"og:image:type\" content=\"image\/jpeg\" \/>\n<meta name=\"twitter:card\" content=\"summary_large_image\" \/>\n<script type=\"application\/ld+json\" class=\"yoast-schema-graph\">{\"@context\":\"https:\\\/\\\/schema.org\",\"@graph\":[{\"@type\":\"WebPage\",\"@id\":\"https:\\\/\\\/www.koonings.com\\\/de\\\/product\\\/maison-signore-deva\\\/\",\"url\":\"https:\\\/\\\/www.koonings.com\\\/de\\\/product\\\/maison-signore-deva\\\/\",\"name\":\"Maison Signore Deva | Koonings\",\"isPartOf\":{\"@id\":\"https:\\\/\\\/www.koonings.com\\\/de\\\/#website\"},\"primaryImageOfPage\":{\"@id\":\"https:\\\/\\\/www.koonings.com\\\/de\\\/product\\\/maison-signore-deva\\\/#primaryimage\"},\"image\":{\"@id\":\"https:\\\/\\\/www.koonings.com\\\/de\\\/product\\\/maison-signore-deva\\\/#primaryimage\"},\"thumbnailUrl\":\"https:\\\/\\\/www.koonings.com\\\/wp-content\\\/uploads\\\/2024\\\/11\\\/6590_879ea0a3f6395ed743526bbacd330de19313457919607f3660fed7228b9759f60cf0439b.jpeg\",\"datePublished\":\"2026-05-06T13:02:25+00:00\",\"description\":\"Dieses exklusive Hochzeitskleid ist ganz aus Spitze gefertigt. Das transparente Spitzenmieder hat einen sch\u00f6nen Ausschnitt, Schultertr\u00e4ger und einen super tiefen R\u00fccken. Der enge Rock hat eine lange Schleppe und wird ab dem Knie leicht breiter. Dieses Kleid hat eine zus\u00e4tzliche Schleppe, die an der Taille befestigt wird.\",\"breadcrumb\":{\"@id\":\"https:\\\/\\\/www.koonings.com\\\/de\\\/product\\\/maison-signore-deva\\\/#breadcrumb\"},\"inLanguage\":\"de\",\"potentialAction\":[{\"@type\":\"ReadAction\",\"target\":[\"https:\\\/\\\/www.koonings.com\\\/de\\\/product\\\/maison-signore-deva\\\/\"]}]},{\"@type\":\"ImageObject\",\"inLanguage\":\"de\",\"@id\":\"https:\\\/\\\/www.koonings.com\\\/de\\\/product\\\/maison-signore-deva\\\/#primaryimage\",\"url\":\"https:\\\/\\\/www.koonings.com\\\/wp-content\\\/uploads\\\/2024\\\/11\\\/6590_879ea0a3f6395ed743526bbacd330de19313457919607f3660fed7228b9759f60cf0439b.jpeg\",\"contentUrl\":\"https:\\\/\\\/www.koonings.com\\\/wp-content\\\/uploads\\\/2024\\\/11\\\/6590_879ea0a3f6395ed743526bbacd330de19313457919607f3660fed7228b9759f60cf0439b.jpeg\",\"width\":1519,\"height\":2154},{\"@type\":\"BreadcrumbList\",\"@id\":\"https:\\\/\\\/www.koonings.com\\\/de\\\/product\\\/maison-signore-deva\\\/#breadcrumb\",\"itemListElement\":[{\"@type\":\"ListItem\",\"position\":1,\"name\":\"Home\",\"item\":\"https:\\\/\\\/www.koonings.com\\\/de\\\/\"},{\"@type\":\"ListItem\",\"position\":2,\"name\":\"Maison Signore Deva\"}]},{\"@type\":\"WebSite\",\"@id\":\"https:\\\/\\\/www.koonings.com\\\/de\\\/#website\",\"url\":\"https:\\\/\\\/www.koonings.com\\\/de\\\/\",\"name\":\"Koonings\",\"description\":\"De grootste bruidsmodewinkel ter wereld\",\"publisher\":{\"@id\":\"https:\\\/\\\/www.koonings.com\\\/de\\\/#organization\"},\"potentialAction\":[{\"@type\":\"SearchAction\",\"target\":{\"@type\":\"EntryPoint\",\"urlTemplate\":\"https:\\\/\\\/www.koonings.com\\\/de\\\/?s={search_term_string}\"},\"query-input\":{\"@type\":\"PropertyValueSpecification\",\"valueRequired\":true,\"valueName\":\"search_term_string\"}}],\"inLanguage\":\"de\"},{\"@type\":\"Organization\",\"@id\":\"https:\\\/\\\/www.koonings.com\\\/de\\\/#organization\",\"name\":\"Koonings\",\"url\":\"https:\\\/\\\/www.koonings.com\\\/de\\\/\",\"logo\":{\"@type\":\"ImageObject\",\"inLanguage\":\"de\",\"@id\":\"https:\\\/\\\/www.koonings.com\\\/de\\\/#\\\/schema\\\/logo\\\/image\\\/\",\"url\":\"https:\\\/\\\/www.koonings.com\\\/wp-content\\\/uploads\\\/2024\\\/07\\\/logo.png\",\"contentUrl\":\"https:\\\/\\\/www.koonings.com\\\/wp-content\\\/uploads\\\/2024\\\/07\\\/logo.png\",\"width\":600,\"height\":428,\"caption\":\"Koonings\"},\"image\":{\"@id\":\"https:\\\/\\\/www.koonings.com\\\/de\\\/#\\\/schema\\\/logo\\\/image\\\/\"},\"sameAs\":[\"https:\\\/\\\/www.facebook.com\\\/kooningstheweddingpalace\",\"https:\\\/\\\/www.instagram.com\\\/kooningstheweddingpalace\",\"https:\\\/\\\/www.pinterest.com\\\/koonings\",\"https:\\\/\\\/www.youtube.com\\\/kooningstheweddingpalace\"]}]}<\/script>\n<!-- \/ Yoast SEO plugin. -->","yoast_head_json":{"title":"Maison Signore Deva | Koonings","description":"Dieses exklusive Hochzeitskleid ist ganz aus Spitze gefertigt. Das transparente Spitzenmieder hat einen sch\u00f6nen Ausschnitt, Schultertr\u00e4ger und einen super tiefen R\u00fccken. Der enge Rock hat eine lange Schleppe und wird ab dem Knie leicht breiter. Dieses Kleid hat eine zus\u00e4tzliche Schleppe, die an der Taille befestigt wird.","robots":{"index":"index","follow":"follow","max-snippet":"max-snippet:-1","max-image-preview":"max-image-preview:large","max-video-preview":"max-video-preview:-1"},"canonical":"https:\/\/www.koonings.com\/de\/product\/maison-signore-deva\/","og_locale":"de_DE","og_type":"article","og_title":"Maison Signore Deva | Koonings","og_description":"Dieses exklusive Hochzeitskleid ist ganz aus Spitze gefertigt. Das transparente Spitzenmieder hat einen sch\u00f6nen Ausschnitt, Schultertr\u00e4ger und einen super tiefen R\u00fccken. Der enge Rock hat eine lange Schleppe und wird ab dem Knie leicht breiter. Dieses Kleid hat eine zus\u00e4tzliche Schleppe, die an der Taille befestigt wird.","og_url":"https:\/\/www.koonings.com\/de\/product\/maison-signore-deva\/","og_site_name":"Koonings","article_publisher":"https:\/\/www.facebook.com\/kooningstheweddingpalace","og_image":[{"width":1519,"height":2154,"url":"https:\/\/www.koonings.com\/wp-content\/uploads\/2024\/11\/6590_879ea0a3f6395ed743526bbacd330de19313457919607f3660fed7228b9759f60cf0439b.jpeg","type":"image\/jpeg"}],"twitter_card":"summary_large_image","schema":{"@context":"https:\/\/schema.org","@graph":[{"@type":"WebPage","@id":"https:\/\/www.koonings.com\/de\/product\/maison-signore-deva\/","url":"https:\/\/www.koonings.com\/de\/product\/maison-signore-deva\/","name":"Maison Signore Deva | Koonings","isPartOf":{"@id":"https:\/\/www.koonings.com\/de\/#website"},"primaryImageOfPage":{"@id":"https:\/\/www.koonings.com\/de\/product\/maison-signore-deva\/#primaryimage"},"image":{"@id":"https:\/\/www.koonings.com\/de\/product\/maison-signore-deva\/#primaryimage"},"thumbnailUrl":"https:\/\/www.koonings.com\/wp-content\/uploads\/2024\/11\/6590_879ea0a3f6395ed743526bbacd330de19313457919607f3660fed7228b9759f60cf0439b.jpeg","datePublished":"2026-05-06T13:02:25+00:00","description":"Dieses exklusive Hochzeitskleid ist ganz aus Spitze gefertigt. Das transparente Spitzenmieder hat einen sch\u00f6nen Ausschnitt, Schultertr\u00e4ger und einen super tiefen R\u00fccken. Der enge Rock hat eine lange Schleppe und wird ab dem Knie leicht breiter. Dieses Kleid hat eine zus\u00e4tzliche Schleppe, die an der Taille befestigt wird.","breadcrumb":{"@id":"https:\/\/www.koonings.com\/de\/product\/maison-signore-deva\/#breadcrumb"},"inLanguage":"de","potentialAction":[{"@type":"ReadAction","target":["https:\/\/www.koonings.com\/de\/product\/maison-signore-deva\/"]}]},{"@type":"ImageObject","inLanguage":"de","@id":"https:\/\/www.koonings.com\/de\/product\/maison-signore-deva\/#primaryimage","url":"https:\/\/www.koonings.com\/wp-content\/uploads\/2024\/11\/6590_879ea0a3f6395ed743526bbacd330de19313457919607f3660fed7228b9759f60cf0439b.jpeg","contentUrl":"https:\/\/www.koonings.com\/wp-content\/uploads\/2024\/11\/6590_879ea0a3f6395ed743526bbacd330de19313457919607f3660fed7228b9759f60cf0439b.jpeg","width":1519,"height":2154},{"@type":"BreadcrumbList","@id":"https:\/\/www.koonings.com\/de\/product\/maison-signore-deva\/#breadcrumb","itemListElement":[{"@type":"ListItem","position":1,"name":"Home","item":"https:\/\/www.koonings.com\/de\/"},{"@type":"ListItem","position":2,"name":"Maison Signore Deva"}]},{"@type":"WebSite","@id":"https:\/\/www.koonings.com\/de\/#website","url":"https:\/\/www.koonings.com\/de\/","name":"Koonings","description":"De grootste bruidsmodewinkel ter wereld","publisher":{"@id":"https:\/\/www.koonings.com\/de\/#organization"},"potentialAction":[{"@type":"SearchAction","target":{"@type":"EntryPoint","urlTemplate":"https:\/\/www.koonings.com\/de\/?s={search_term_string}"},"query-input":{"@type":"PropertyValueSpecification","valueRequired":true,"valueName":"search_term_string"}}],"inLanguage":"de"},{"@type":"Organization","@id":"https:\/\/www.koonings.com\/de\/#organization","name":"Koonings","url":"https:\/\/www.koonings.com\/de\/","logo":{"@type":"ImageObject","inLanguage":"de","@id":"https:\/\/www.koonings.com\/de\/#\/schema\/logo\/image\/","url":"https:\/\/www.koonings.com\/wp-content\/uploads\/2024\/07\/logo.png","contentUrl":"https:\/\/www.koonings.com\/wp-content\/uploads\/2024\/07\/logo.png","width":600,"height":428,"caption":"Koonings"},"image":{"@id":"https:\/\/www.koonings.com\/de\/#\/schema\/logo\/image\/"},"sameAs":["https:\/\/www.facebook.com\/kooningstheweddingpalace","https:\/\/www.instagram.com\/kooningstheweddingpalace","https:\/\/www.pinterest.com\/koonings","https:\/\/www.youtube.com\/kooningstheweddingpalace"]}]}},"_links":{"self":[{"href":"https:\/\/www.koonings.com\/de\/wp-json\/wp\/v2\/product\/78650","targetHints":{"allow":["GET"]}}],"collection":[{"href":"https:\/\/www.koonings.com\/de\/wp-json\/wp\/v2\/product"}],"about":[{"href":"https:\/\/www.koonings.com\/de\/wp-json\/wp\/v2\/types\/product"}],"wp:featuredmedia":[{"embeddable":true,"href":"https:\/\/www.koonings.com\/de\/wp-json\/wp\/v2\/media\/62784"}],"wp:attachment":[{"href":"https:\/\/www.koonings.com\/de\/wp-json\/wp\/v2\/media?parent=78650"}],"wp:term":[{"taxonomy":"productdetails","embeddable":true,"href":"https:\/\/www.koonings.com\/de\/wp-json\/wp\/v2\/productdetails?post=78650"},{"taxonomy":"productneck","embeddable":true,"href":"https:\/\/www.koonings.com\/de\/wp-json\/wp\/v2\/productneck?post=78650"},{"taxonomy":"productcolor","embeddable":true,"href":"https:\/\/www.koonings.com\/de\/wp-json\/wp\/v2\/productcolor?post=78650"},{"taxonomy":"maat","embeddable":true,"href":"https:\/\/www.koonings.com\/de\/wp-json\/wp\/v2\/maat?post=78650"},{"taxonomy":"productsupplier","embeddable":true,"href":"https:\/\/www.koonings.com\/de\/wp-json\/wp\/v2\/productsupplier?post=78650"},{"taxonomy":"productsleeve","embeddable":true,"href":"https:\/\/www.koonings.com\/de\/wp-json\/wp\/v2\/productsleeve?post=78650"},{"taxonomy":"productcategory","embeddable":true,"href":"https:\/\/www.koonings.com\/de\/wp-json\/wp\/v2\/productcategory?post=78650"},{"taxonomy":"productsilhouette","embeddable":true,"href":"https:\/\/www.koonings.com\/de\/wp-json\/wp\/v2\/productsilhouette?post=78650"},{"taxonomy":"productstyle","embeddable":true,"href":"https:\/\/www.koonings.com\/de\/wp-json\/wp\/v2\/productstyle?post=78650"}],"curies":[{"name":"wp","href":"https:\/\/api.w.org\/{rel}","templated":true}]}}