{"id":78642,"date":"2026-04-10T16:02:17","date_gmt":"2026-04-10T14:02:17","guid":{"rendered":"https:\/\/www.koonings.com\/product\/elihav-sasson-fg-028\/"},"modified":"2026-02-16T14:46:00","modified_gmt":"2026-02-16T13:46:00","slug":"elihav-sasson-fg-028","status":"publish","type":"product","link":"https:\/\/www.koonings.com\/de\/product\/elihav-sasson-fg-028\/","title":{"rendered":"Elihav Sasson FG-028"},"content":{"rendered":"<p>Das Elihav Sasson FG-028 ist ein romantisches Hochzeitskleid mit einer eleganten A-Linien-Silhouette und einer sanft flie\u00dfenden Passform. Dieses bezaubernde Design verf\u00fcgt \u00fcber einen tr\u00e4gerlosen, herzf\u00f6rmigen Ausschnitt und zarte, schulterfreie Tr\u00e4ger, die einen raffinierten und femininen Look kreieren. Das Kleid ist mit wundersch\u00f6nen 3D-Blumendetails verziert und in den Farben Rouge und Elfenbein erh\u00e4ltlich. Die lange Schleppe verleiht ihm einen zus\u00e4tzlichen Hauch von Eleganz. Dieses atemberaubende Design von Elihav Sasson ist bei Koonings erh\u00e4ltlich.    <\/p>\n","protected":false},"featured_media":62803,"template":"","meta":{"_acf_changed":false,"ghostkit_customizer_options":"","ghostkit_custom_css":"","ghostkit_custom_js_head":"","ghostkit_custom_js_foot":"","ghostkit_typography":""},"productdetails":[379],"productneck":[354,355],"productcolor":[393,392],"maat":[],"productsupplier":[473],"productsleeve":[359,363],"productcategory":[18],"productsilhouette":[384,389],"productstyle":[366],"class_list":["post-78642","product","type-product","status-publish","has-post-thumbnail","hentry","productdetails-379","productneck-354","productneck-355","productcolor-393","productcolor-392","productsupplier-elihav-sasson","productsleeve-359","productsleeve-363","productcategory-trouwjurken","productsilhouette-384","productsilhouette-389","productstyle-366"],"acf":[],"yoast_head":"<!-- This site is optimized with the Yoast SEO plugin v27.3 - https:\/\/yoast.com\/product\/yoast-seo-wordpress\/ -->\n<title>Elihav Sasson FG-028 | Koonings<\/title>\n<meta name=\"description\" content=\"Das Elihav Sasson FG-028 ist ein romantisches Hochzeitskleid mit einer eleganten A-Linien-Silhouette und einer sanft flie\u00dfenden Passform. Dieses bezaubernde Design verf\u00fcgt \u00fcber einen tr\u00e4gerlosen, herzf\u00f6rmigen Ausschnitt und zarte, schulterfreie Tr\u00e4ger, die einen raffinierten und femininen Look kreieren. Das Kleid ist mit wundersch\u00f6nen 3D-Blumendetails verziert und in den Farben Rouge und Elfenbein erh\u00e4ltlich. Die lange Schleppe verleiht ihm einen zus\u00e4tzlichen Hauch von Eleganz. Dieses atemberaubende Design von Elihav Sasson ist bei Koonings erh\u00e4ltlich.\" \/>\n<meta name=\"robots\" content=\"index, follow, max-snippet:-1, max-image-preview:large, max-video-preview:-1\" \/>\n<link rel=\"canonical\" href=\"https:\/\/www.koonings.com\/de\/product\/elihav-sasson-fg-028\/\" \/>\n<meta property=\"og:locale\" content=\"de_DE\" \/>\n<meta property=\"og:type\" content=\"article\" \/>\n<meta property=\"og:title\" content=\"Elihav Sasson FG-028 | Koonings\" \/>\n<meta property=\"og:description\" content=\"Das Elihav Sasson FG-028 ist ein romantisches Hochzeitskleid mit einer eleganten A-Linien-Silhouette und einer sanft flie\u00dfenden Passform. Dieses bezaubernde Design verf\u00fcgt \u00fcber einen tr\u00e4gerlosen, herzf\u00f6rmigen Ausschnitt und zarte, schulterfreie Tr\u00e4ger, die einen raffinierten und femininen Look kreieren. Das Kleid ist mit wundersch\u00f6nen 3D-Blumendetails verziert und in den Farben Rouge und Elfenbein erh\u00e4ltlich. Die lange Schleppe verleiht ihm einen zus\u00e4tzlichen Hauch von Eleganz. Dieses atemberaubende Design von Elihav Sasson ist bei Koonings erh\u00e4ltlich.\" \/>\n<meta property=\"og:url\" content=\"https:\/\/www.koonings.com\/de\/product\/elihav-sasson-fg-028\/\" \/>\n<meta property=\"og:site_name\" content=\"Koonings\" \/>\n<meta property=\"article:publisher\" content=\"https:\/\/www.facebook.com\/kooningstheweddingpalace\" \/>\n<meta property=\"og:image\" content=\"https:\/\/www.koonings.com\/wp-content\/uploads\/2024\/11\/2674_011b77b8a748f05d7ca1ceeed71c670a810e44ba97bd505cd61b821606655a45670053ea.jpeg\" \/>\n\t<meta property=\"og:image:width\" content=\"703\" \/>\n\t<meta property=\"og:image:height\" content=\"1055\" \/>\n\t<meta property=\"og:image:type\" content=\"image\/jpeg\" \/>\n<meta name=\"twitter:card\" content=\"summary_large_image\" \/>\n<script type=\"application\/ld+json\" class=\"yoast-schema-graph\">{\"@context\":\"https:\\\/\\\/schema.org\",\"@graph\":[{\"@type\":\"WebPage\",\"@id\":\"https:\\\/\\\/www.koonings.com\\\/de\\\/product\\\/elihav-sasson-fg-028\\\/\",\"url\":\"https:\\\/\\\/www.koonings.com\\\/de\\\/product\\\/elihav-sasson-fg-028\\\/\",\"name\":\"Elihav Sasson FG-028 | Koonings\",\"isPartOf\":{\"@id\":\"https:\\\/\\\/www.koonings.com\\\/de\\\/#website\"},\"primaryImageOfPage\":{\"@id\":\"https:\\\/\\\/www.koonings.com\\\/de\\\/product\\\/elihav-sasson-fg-028\\\/#primaryimage\"},\"image\":{\"@id\":\"https:\\\/\\\/www.koonings.com\\\/de\\\/product\\\/elihav-sasson-fg-028\\\/#primaryimage\"},\"thumbnailUrl\":\"https:\\\/\\\/www.koonings.com\\\/wp-content\\\/uploads\\\/2024\\\/11\\\/2674_011b77b8a748f05d7ca1ceeed71c670a810e44ba97bd505cd61b821606655a45670053ea.jpeg\",\"datePublished\":\"2026-04-10T14:02:17+00:00\",\"description\":\"Das Elihav Sasson FG-028 ist ein romantisches Hochzeitskleid mit einer eleganten A-Linien-Silhouette und einer sanft flie\u00dfenden Passform. Dieses bezaubernde Design verf\u00fcgt \u00fcber einen tr\u00e4gerlosen, herzf\u00f6rmigen Ausschnitt und zarte, schulterfreie Tr\u00e4ger, die einen raffinierten und femininen Look kreieren. Das Kleid ist mit wundersch\u00f6nen 3D-Blumendetails verziert und in den Farben Rouge und Elfenbein erh\u00e4ltlich. Die lange Schleppe verleiht ihm einen zus\u00e4tzlichen Hauch von Eleganz. Dieses atemberaubende Design von Elihav Sasson ist bei Koonings erh\u00e4ltlich.\",\"breadcrumb\":{\"@id\":\"https:\\\/\\\/www.koonings.com\\\/de\\\/product\\\/elihav-sasson-fg-028\\\/#breadcrumb\"},\"inLanguage\":\"de\",\"potentialAction\":[{\"@type\":\"ReadAction\",\"target\":[\"https:\\\/\\\/www.koonings.com\\\/de\\\/product\\\/elihav-sasson-fg-028\\\/\"]}]},{\"@type\":\"ImageObject\",\"inLanguage\":\"de\",\"@id\":\"https:\\\/\\\/www.koonings.com\\\/de\\\/product\\\/elihav-sasson-fg-028\\\/#primaryimage\",\"url\":\"https:\\\/\\\/www.koonings.com\\\/wp-content\\\/uploads\\\/2024\\\/11\\\/2674_011b77b8a748f05d7ca1ceeed71c670a810e44ba97bd505cd61b821606655a45670053ea.jpeg\",\"contentUrl\":\"https:\\\/\\\/www.koonings.com\\\/wp-content\\\/uploads\\\/2024\\\/11\\\/2674_011b77b8a748f05d7ca1ceeed71c670a810e44ba97bd505cd61b821606655a45670053ea.jpeg\",\"width\":703,\"height\":1055},{\"@type\":\"BreadcrumbList\",\"@id\":\"https:\\\/\\\/www.koonings.com\\\/de\\\/product\\\/elihav-sasson-fg-028\\\/#breadcrumb\",\"itemListElement\":[{\"@type\":\"ListItem\",\"position\":1,\"name\":\"Home\",\"item\":\"https:\\\/\\\/www.koonings.com\\\/de\\\/\"},{\"@type\":\"ListItem\",\"position\":2,\"name\":\"Elihav Sasson FG-028\"}]},{\"@type\":\"WebSite\",\"@id\":\"https:\\\/\\\/www.koonings.com\\\/de\\\/#website\",\"url\":\"https:\\\/\\\/www.koonings.com\\\/de\\\/\",\"name\":\"Koonings\",\"description\":\"De grootste bruidsmodewinkel ter wereld\",\"publisher\":{\"@id\":\"https:\\\/\\\/www.koonings.com\\\/de\\\/#organization\"},\"potentialAction\":[{\"@type\":\"SearchAction\",\"target\":{\"@type\":\"EntryPoint\",\"urlTemplate\":\"https:\\\/\\\/www.koonings.com\\\/de\\\/?s={search_term_string}\"},\"query-input\":{\"@type\":\"PropertyValueSpecification\",\"valueRequired\":true,\"valueName\":\"search_term_string\"}}],\"inLanguage\":\"de\"},{\"@type\":\"Organization\",\"@id\":\"https:\\\/\\\/www.koonings.com\\\/de\\\/#organization\",\"name\":\"Koonings\",\"url\":\"https:\\\/\\\/www.koonings.com\\\/de\\\/\",\"logo\":{\"@type\":\"ImageObject\",\"inLanguage\":\"de\",\"@id\":\"https:\\\/\\\/www.koonings.com\\\/de\\\/#\\\/schema\\\/logo\\\/image\\\/\",\"url\":\"https:\\\/\\\/www.koonings.com\\\/wp-content\\\/uploads\\\/2024\\\/07\\\/logo.png\",\"contentUrl\":\"https:\\\/\\\/www.koonings.com\\\/wp-content\\\/uploads\\\/2024\\\/07\\\/logo.png\",\"width\":600,\"height\":428,\"caption\":\"Koonings\"},\"image\":{\"@id\":\"https:\\\/\\\/www.koonings.com\\\/de\\\/#\\\/schema\\\/logo\\\/image\\\/\"},\"sameAs\":[\"https:\\\/\\\/www.facebook.com\\\/kooningstheweddingpalace\",\"https:\\\/\\\/www.instagram.com\\\/kooningstheweddingpalace\",\"https:\\\/\\\/www.pinterest.com\\\/koonings\",\"https:\\\/\\\/www.youtube.com\\\/kooningstheweddingpalace\"]}]}<\/script>\n<!-- \/ Yoast SEO plugin. -->","yoast_head_json":{"title":"Elihav Sasson FG-028 | Koonings","description":"Das Elihav Sasson FG-028 ist ein romantisches Hochzeitskleid mit einer eleganten A-Linien-Silhouette und einer sanft flie\u00dfenden Passform. Dieses bezaubernde Design verf\u00fcgt \u00fcber einen tr\u00e4gerlosen, herzf\u00f6rmigen Ausschnitt und zarte, schulterfreie Tr\u00e4ger, die einen raffinierten und femininen Look kreieren. Das Kleid ist mit wundersch\u00f6nen 3D-Blumendetails verziert und in den Farben Rouge und Elfenbein erh\u00e4ltlich. Die lange Schleppe verleiht ihm einen zus\u00e4tzlichen Hauch von Eleganz. Dieses atemberaubende Design von Elihav Sasson ist bei Koonings erh\u00e4ltlich.","robots":{"index":"index","follow":"follow","max-snippet":"max-snippet:-1","max-image-preview":"max-image-preview:large","max-video-preview":"max-video-preview:-1"},"canonical":"https:\/\/www.koonings.com\/de\/product\/elihav-sasson-fg-028\/","og_locale":"de_DE","og_type":"article","og_title":"Elihav Sasson FG-028 | Koonings","og_description":"Das Elihav Sasson FG-028 ist ein romantisches Hochzeitskleid mit einer eleganten A-Linien-Silhouette und einer sanft flie\u00dfenden Passform. Dieses bezaubernde Design verf\u00fcgt \u00fcber einen tr\u00e4gerlosen, herzf\u00f6rmigen Ausschnitt und zarte, schulterfreie Tr\u00e4ger, die einen raffinierten und femininen Look kreieren. Das Kleid ist mit wundersch\u00f6nen 3D-Blumendetails verziert und in den Farben Rouge und Elfenbein erh\u00e4ltlich. Die lange Schleppe verleiht ihm einen zus\u00e4tzlichen Hauch von Eleganz. Dieses atemberaubende Design von Elihav Sasson ist bei Koonings erh\u00e4ltlich.","og_url":"https:\/\/www.koonings.com\/de\/product\/elihav-sasson-fg-028\/","og_site_name":"Koonings","article_publisher":"https:\/\/www.facebook.com\/kooningstheweddingpalace","og_image":[{"width":703,"height":1055,"url":"https:\/\/www.koonings.com\/wp-content\/uploads\/2024\/11\/2674_011b77b8a748f05d7ca1ceeed71c670a810e44ba97bd505cd61b821606655a45670053ea.jpeg","type":"image\/jpeg"}],"twitter_card":"summary_large_image","schema":{"@context":"https:\/\/schema.org","@graph":[{"@type":"WebPage","@id":"https:\/\/www.koonings.com\/de\/product\/elihav-sasson-fg-028\/","url":"https:\/\/www.koonings.com\/de\/product\/elihav-sasson-fg-028\/","name":"Elihav Sasson FG-028 | Koonings","isPartOf":{"@id":"https:\/\/www.koonings.com\/de\/#website"},"primaryImageOfPage":{"@id":"https:\/\/www.koonings.com\/de\/product\/elihav-sasson-fg-028\/#primaryimage"},"image":{"@id":"https:\/\/www.koonings.com\/de\/product\/elihav-sasson-fg-028\/#primaryimage"},"thumbnailUrl":"https:\/\/www.koonings.com\/wp-content\/uploads\/2024\/11\/2674_011b77b8a748f05d7ca1ceeed71c670a810e44ba97bd505cd61b821606655a45670053ea.jpeg","datePublished":"2026-04-10T14:02:17+00:00","description":"Das Elihav Sasson FG-028 ist ein romantisches Hochzeitskleid mit einer eleganten A-Linien-Silhouette und einer sanft flie\u00dfenden Passform. Dieses bezaubernde Design verf\u00fcgt \u00fcber einen tr\u00e4gerlosen, herzf\u00f6rmigen Ausschnitt und zarte, schulterfreie Tr\u00e4ger, die einen raffinierten und femininen Look kreieren. Das Kleid ist mit wundersch\u00f6nen 3D-Blumendetails verziert und in den Farben Rouge und Elfenbein erh\u00e4ltlich. Die lange Schleppe verleiht ihm einen zus\u00e4tzlichen Hauch von Eleganz. Dieses atemberaubende Design von Elihav Sasson ist bei Koonings erh\u00e4ltlich.","breadcrumb":{"@id":"https:\/\/www.koonings.com\/de\/product\/elihav-sasson-fg-028\/#breadcrumb"},"inLanguage":"de","potentialAction":[{"@type":"ReadAction","target":["https:\/\/www.koonings.com\/de\/product\/elihav-sasson-fg-028\/"]}]},{"@type":"ImageObject","inLanguage":"de","@id":"https:\/\/www.koonings.com\/de\/product\/elihav-sasson-fg-028\/#primaryimage","url":"https:\/\/www.koonings.com\/wp-content\/uploads\/2024\/11\/2674_011b77b8a748f05d7ca1ceeed71c670a810e44ba97bd505cd61b821606655a45670053ea.jpeg","contentUrl":"https:\/\/www.koonings.com\/wp-content\/uploads\/2024\/11\/2674_011b77b8a748f05d7ca1ceeed71c670a810e44ba97bd505cd61b821606655a45670053ea.jpeg","width":703,"height":1055},{"@type":"BreadcrumbList","@id":"https:\/\/www.koonings.com\/de\/product\/elihav-sasson-fg-028\/#breadcrumb","itemListElement":[{"@type":"ListItem","position":1,"name":"Home","item":"https:\/\/www.koonings.com\/de\/"},{"@type":"ListItem","position":2,"name":"Elihav Sasson FG-028"}]},{"@type":"WebSite","@id":"https:\/\/www.koonings.com\/de\/#website","url":"https:\/\/www.koonings.com\/de\/","name":"Koonings","description":"De grootste bruidsmodewinkel ter wereld","publisher":{"@id":"https:\/\/www.koonings.com\/de\/#organization"},"potentialAction":[{"@type":"SearchAction","target":{"@type":"EntryPoint","urlTemplate":"https:\/\/www.koonings.com\/de\/?s={search_term_string}"},"query-input":{"@type":"PropertyValueSpecification","valueRequired":true,"valueName":"search_term_string"}}],"inLanguage":"de"},{"@type":"Organization","@id":"https:\/\/www.koonings.com\/de\/#organization","name":"Koonings","url":"https:\/\/www.koonings.com\/de\/","logo":{"@type":"ImageObject","inLanguage":"de","@id":"https:\/\/www.koonings.com\/de\/#\/schema\/logo\/image\/","url":"https:\/\/www.koonings.com\/wp-content\/uploads\/2024\/07\/logo.png","contentUrl":"https:\/\/www.koonings.com\/wp-content\/uploads\/2024\/07\/logo.png","width":600,"height":428,"caption":"Koonings"},"image":{"@id":"https:\/\/www.koonings.com\/de\/#\/schema\/logo\/image\/"},"sameAs":["https:\/\/www.facebook.com\/kooningstheweddingpalace","https:\/\/www.instagram.com\/kooningstheweddingpalace","https:\/\/www.pinterest.com\/koonings","https:\/\/www.youtube.com\/kooningstheweddingpalace"]}]}},"_links":{"self":[{"href":"https:\/\/www.koonings.com\/de\/wp-json\/wp\/v2\/product\/78642","targetHints":{"allow":["GET"]}}],"collection":[{"href":"https:\/\/www.koonings.com\/de\/wp-json\/wp\/v2\/product"}],"about":[{"href":"https:\/\/www.koonings.com\/de\/wp-json\/wp\/v2\/types\/product"}],"wp:featuredmedia":[{"embeddable":true,"href":"https:\/\/www.koonings.com\/de\/wp-json\/wp\/v2\/media\/62803"}],"wp:attachment":[{"href":"https:\/\/www.koonings.com\/de\/wp-json\/wp\/v2\/media?parent=78642"}],"wp:term":[{"taxonomy":"productdetails","embeddable":true,"href":"https:\/\/www.koonings.com\/de\/wp-json\/wp\/v2\/productdetails?post=78642"},{"taxonomy":"productneck","embeddable":true,"href":"https:\/\/www.koonings.com\/de\/wp-json\/wp\/v2\/productneck?post=78642"},{"taxonomy":"productcolor","embeddable":true,"href":"https:\/\/www.koonings.com\/de\/wp-json\/wp\/v2\/productcolor?post=78642"},{"taxonomy":"maat","embeddable":true,"href":"https:\/\/www.koonings.com\/de\/wp-json\/wp\/v2\/maat?post=78642"},{"taxonomy":"productsupplier","embeddable":true,"href":"https:\/\/www.koonings.com\/de\/wp-json\/wp\/v2\/productsupplier?post=78642"},{"taxonomy":"productsleeve","embeddable":true,"href":"https:\/\/www.koonings.com\/de\/wp-json\/wp\/v2\/productsleeve?post=78642"},{"taxonomy":"productcategory","embeddable":true,"href":"https:\/\/www.koonings.com\/de\/wp-json\/wp\/v2\/productcategory?post=78642"},{"taxonomy":"productsilhouette","embeddable":true,"href":"https:\/\/www.koonings.com\/de\/wp-json\/wp\/v2\/productsilhouette?post=78642"},{"taxonomy":"productstyle","embeddable":true,"href":"https:\/\/www.koonings.com\/de\/wp-json\/wp\/v2\/productstyle?post=78642"}],"curies":[{"name":"wp","href":"https:\/\/api.w.org\/{rel}","templated":true}]}}