{"id":78603,"date":"2025-12-15T00:06:10","date_gmt":"2025-12-14T23:06:10","guid":{"rendered":"https:\/\/www.koonings.com\/product\/tarik-ediz-92394\/"},"modified":"2026-02-03T19:33:36","modified_gmt":"2026-02-03T18:33:36","slug":"tarik-ediz-92394","status":"publish","type":"product","link":"https:\/\/www.koonings.com\/de\/product\/tarik-ediz-92394\/","title":{"rendered":"Tarik Ediz 92394"},"content":{"rendered":"<p>Suchen Sie ein Galakleid mit spanischen Einfl\u00fcssen? Dann ist dieses beige und rote Kleid von Tarik Ediz genau das Richtige f\u00fcr Sie. Das tr\u00e4gerlose Kleid hat einen herzf\u00f6rmigen Ausschnitt und eine kleine Schleppe und ist mit roten Details versehen, die das Dekollet\u00e9 und den Po betonen. Dieses Kleid ist perfekt f\u00fcr eine Veranstaltung auf dem roten Teppich oder einen Sch\u00f6nheitswettbewerb.   <\/p>\n","protected":false},"featured_media":62912,"template":"","meta":{"_acf_changed":false,"ghostkit_customizer_options":"","ghostkit_custom_css":"","ghostkit_custom_js_head":"","ghostkit_custom_js_foot":"","ghostkit_typography":""},"productdetails":[],"productneck":[354,355],"productcolor":[394],"maat":[],"productsupplier":[472],"productsleeve":[],"productcategory":[259],"productsilhouette":[387,389],"productstyle":[369],"class_list":["post-78603","product","type-product","status-publish","has-post-thumbnail","hentry","productneck-354","productneck-355","productcolor-394","productsupplier-tarik-ediz","productcategory-avondkleding","productsilhouette-387","productsilhouette-389","productstyle-369"],"acf":[],"yoast_head":"<!-- This site is optimized with the Yoast SEO plugin v27.3 - https:\/\/yoast.com\/product\/yoast-seo-wordpress\/ -->\n<title>Tarik Ediz 92394 | Koonings<\/title>\n<meta name=\"description\" content=\"Suchen Sie ein Galakleid mit spanischen Einfl\u00fcssen? Dann ist dieses beige und rote Kleid von Tarik Ediz genau das Richtige f\u00fcr Sie. Das tr\u00e4gerlose Kleid hat einen herzf\u00f6rmigen Ausschnitt und eine kleine Schleppe und ist mit roten Details versehen, die das Dekollet\u00e9 und den Po betonen. Dieses Kleid ist perfekt f\u00fcr eine Veranstaltung auf dem roten Teppich oder einen Sch\u00f6nheitswettbewerb.\" \/>\n<meta name=\"robots\" content=\"index, follow, max-snippet:-1, max-image-preview:large, max-video-preview:-1\" \/>\n<link rel=\"canonical\" href=\"https:\/\/www.koonings.com\/de\/product\/tarik-ediz-92394\/\" \/>\n<meta property=\"og:locale\" content=\"de_DE\" \/>\n<meta property=\"og:type\" content=\"article\" \/>\n<meta property=\"og:title\" content=\"Tarik Ediz 92394 | Koonings\" \/>\n<meta property=\"og:description\" content=\"Suchen Sie ein Galakleid mit spanischen Einfl\u00fcssen? Dann ist dieses beige und rote Kleid von Tarik Ediz genau das Richtige f\u00fcr Sie. Das tr\u00e4gerlose Kleid hat einen herzf\u00f6rmigen Ausschnitt und eine kleine Schleppe und ist mit roten Details versehen, die das Dekollet\u00e9 und den Po betonen. Dieses Kleid ist perfekt f\u00fcr eine Veranstaltung auf dem roten Teppich oder einen Sch\u00f6nheitswettbewerb.\" \/>\n<meta property=\"og:url\" content=\"https:\/\/www.koonings.com\/de\/product\/tarik-ediz-92394\/\" \/>\n<meta property=\"og:site_name\" content=\"Koonings\" \/>\n<meta property=\"article:publisher\" content=\"https:\/\/www.facebook.com\/kooningstheweddingpalace\" \/>\n<meta property=\"article:modified_time\" content=\"2026-02-03T18:33:36+00:00\" \/>\n<meta property=\"og:image\" content=\"https:\/\/www.koonings.com\/wp-content\/uploads\/2024\/11\/22331_1fdcb02e2427605314be4eb07d3f24857b44a31d1387147b950aa1508786fda44819fc33-scaled.jpeg\" \/>\n\t<meta property=\"og:image:width\" content=\"1808\" \/>\n\t<meta property=\"og:image:height\" content=\"2560\" \/>\n\t<meta property=\"og:image:type\" content=\"image\/jpeg\" \/>\n<meta name=\"twitter:card\" content=\"summary_large_image\" \/>\n<script type=\"application\/ld+json\" class=\"yoast-schema-graph\">{\"@context\":\"https:\\\/\\\/schema.org\",\"@graph\":[{\"@type\":\"WebPage\",\"@id\":\"https:\\\/\\\/www.koonings.com\\\/de\\\/product\\\/tarik-ediz-92394\\\/\",\"url\":\"https:\\\/\\\/www.koonings.com\\\/de\\\/product\\\/tarik-ediz-92394\\\/\",\"name\":\"Tarik Ediz 92394 | Koonings\",\"isPartOf\":{\"@id\":\"https:\\\/\\\/www.koonings.com\\\/de\\\/#website\"},\"primaryImageOfPage\":{\"@id\":\"https:\\\/\\\/www.koonings.com\\\/de\\\/product\\\/tarik-ediz-92394\\\/#primaryimage\"},\"image\":{\"@id\":\"https:\\\/\\\/www.koonings.com\\\/de\\\/product\\\/tarik-ediz-92394\\\/#primaryimage\"},\"thumbnailUrl\":\"https:\\\/\\\/www.koonings.com\\\/wp-content\\\/uploads\\\/2024\\\/11\\\/22331_1fdcb02e2427605314be4eb07d3f24857b44a31d1387147b950aa1508786fda44819fc33-scaled.jpeg\",\"datePublished\":\"2025-12-14T23:06:10+00:00\",\"dateModified\":\"2026-02-03T18:33:36+00:00\",\"description\":\"Suchen Sie ein Galakleid mit spanischen Einfl\u00fcssen? Dann ist dieses beige und rote Kleid von Tarik Ediz genau das Richtige f\u00fcr Sie. Das tr\u00e4gerlose Kleid hat einen herzf\u00f6rmigen Ausschnitt und eine kleine Schleppe und ist mit roten Details versehen, die das Dekollet\u00e9 und den Po betonen. Dieses Kleid ist perfekt f\u00fcr eine Veranstaltung auf dem roten Teppich oder einen Sch\u00f6nheitswettbewerb.\",\"breadcrumb\":{\"@id\":\"https:\\\/\\\/www.koonings.com\\\/de\\\/product\\\/tarik-ediz-92394\\\/#breadcrumb\"},\"inLanguage\":\"de\",\"potentialAction\":[{\"@type\":\"ReadAction\",\"target\":[\"https:\\\/\\\/www.koonings.com\\\/de\\\/product\\\/tarik-ediz-92394\\\/\"]}]},{\"@type\":\"ImageObject\",\"inLanguage\":\"de\",\"@id\":\"https:\\\/\\\/www.koonings.com\\\/de\\\/product\\\/tarik-ediz-92394\\\/#primaryimage\",\"url\":\"https:\\\/\\\/www.koonings.com\\\/wp-content\\\/uploads\\\/2024\\\/11\\\/22331_1fdcb02e2427605314be4eb07d3f24857b44a31d1387147b950aa1508786fda44819fc33-scaled.jpeg\",\"contentUrl\":\"https:\\\/\\\/www.koonings.com\\\/wp-content\\\/uploads\\\/2024\\\/11\\\/22331_1fdcb02e2427605314be4eb07d3f24857b44a31d1387147b950aa1508786fda44819fc33-scaled.jpeg\",\"width\":1808,\"height\":2560},{\"@type\":\"BreadcrumbList\",\"@id\":\"https:\\\/\\\/www.koonings.com\\\/de\\\/product\\\/tarik-ediz-92394\\\/#breadcrumb\",\"itemListElement\":[{\"@type\":\"ListItem\",\"position\":1,\"name\":\"Home\",\"item\":\"https:\\\/\\\/www.koonings.com\\\/de\\\/\"},{\"@type\":\"ListItem\",\"position\":2,\"name\":\"Tarik Ediz 92394\"}]},{\"@type\":\"WebSite\",\"@id\":\"https:\\\/\\\/www.koonings.com\\\/de\\\/#website\",\"url\":\"https:\\\/\\\/www.koonings.com\\\/de\\\/\",\"name\":\"Koonings\",\"description\":\"De grootste bruidsmodewinkel ter wereld\",\"publisher\":{\"@id\":\"https:\\\/\\\/www.koonings.com\\\/de\\\/#organization\"},\"potentialAction\":[{\"@type\":\"SearchAction\",\"target\":{\"@type\":\"EntryPoint\",\"urlTemplate\":\"https:\\\/\\\/www.koonings.com\\\/de\\\/?s={search_term_string}\"},\"query-input\":{\"@type\":\"PropertyValueSpecification\",\"valueRequired\":true,\"valueName\":\"search_term_string\"}}],\"inLanguage\":\"de\"},{\"@type\":\"Organization\",\"@id\":\"https:\\\/\\\/www.koonings.com\\\/de\\\/#organization\",\"name\":\"Koonings\",\"url\":\"https:\\\/\\\/www.koonings.com\\\/de\\\/\",\"logo\":{\"@type\":\"ImageObject\",\"inLanguage\":\"de\",\"@id\":\"https:\\\/\\\/www.koonings.com\\\/de\\\/#\\\/schema\\\/logo\\\/image\\\/\",\"url\":\"https:\\\/\\\/www.koonings.com\\\/wp-content\\\/uploads\\\/2024\\\/07\\\/logo.png\",\"contentUrl\":\"https:\\\/\\\/www.koonings.com\\\/wp-content\\\/uploads\\\/2024\\\/07\\\/logo.png\",\"width\":600,\"height\":428,\"caption\":\"Koonings\"},\"image\":{\"@id\":\"https:\\\/\\\/www.koonings.com\\\/de\\\/#\\\/schema\\\/logo\\\/image\\\/\"},\"sameAs\":[\"https:\\\/\\\/www.facebook.com\\\/kooningstheweddingpalace\",\"https:\\\/\\\/www.instagram.com\\\/kooningstheweddingpalace\",\"https:\\\/\\\/www.pinterest.com\\\/koonings\",\"https:\\\/\\\/www.youtube.com\\\/kooningstheweddingpalace\"]}]}<\/script>\n<!-- \/ Yoast SEO plugin. -->","yoast_head_json":{"title":"Tarik Ediz 92394 | Koonings","description":"Suchen Sie ein Galakleid mit spanischen Einfl\u00fcssen? Dann ist dieses beige und rote Kleid von Tarik Ediz genau das Richtige f\u00fcr Sie. Das tr\u00e4gerlose Kleid hat einen herzf\u00f6rmigen Ausschnitt und eine kleine Schleppe und ist mit roten Details versehen, die das Dekollet\u00e9 und den Po betonen. Dieses Kleid ist perfekt f\u00fcr eine Veranstaltung auf dem roten Teppich oder einen Sch\u00f6nheitswettbewerb.","robots":{"index":"index","follow":"follow","max-snippet":"max-snippet:-1","max-image-preview":"max-image-preview:large","max-video-preview":"max-video-preview:-1"},"canonical":"https:\/\/www.koonings.com\/de\/product\/tarik-ediz-92394\/","og_locale":"de_DE","og_type":"article","og_title":"Tarik Ediz 92394 | Koonings","og_description":"Suchen Sie ein Galakleid mit spanischen Einfl\u00fcssen? Dann ist dieses beige und rote Kleid von Tarik Ediz genau das Richtige f\u00fcr Sie. Das tr\u00e4gerlose Kleid hat einen herzf\u00f6rmigen Ausschnitt und eine kleine Schleppe und ist mit roten Details versehen, die das Dekollet\u00e9 und den Po betonen. Dieses Kleid ist perfekt f\u00fcr eine Veranstaltung auf dem roten Teppich oder einen Sch\u00f6nheitswettbewerb.","og_url":"https:\/\/www.koonings.com\/de\/product\/tarik-ediz-92394\/","og_site_name":"Koonings","article_publisher":"https:\/\/www.facebook.com\/kooningstheweddingpalace","article_modified_time":"2026-02-03T18:33:36+00:00","og_image":[{"width":1808,"height":2560,"url":"https:\/\/www.koonings.com\/wp-content\/uploads\/2024\/11\/22331_1fdcb02e2427605314be4eb07d3f24857b44a31d1387147b950aa1508786fda44819fc33-scaled.jpeg","type":"image\/jpeg"}],"twitter_card":"summary_large_image","schema":{"@context":"https:\/\/schema.org","@graph":[{"@type":"WebPage","@id":"https:\/\/www.koonings.com\/de\/product\/tarik-ediz-92394\/","url":"https:\/\/www.koonings.com\/de\/product\/tarik-ediz-92394\/","name":"Tarik Ediz 92394 | Koonings","isPartOf":{"@id":"https:\/\/www.koonings.com\/de\/#website"},"primaryImageOfPage":{"@id":"https:\/\/www.koonings.com\/de\/product\/tarik-ediz-92394\/#primaryimage"},"image":{"@id":"https:\/\/www.koonings.com\/de\/product\/tarik-ediz-92394\/#primaryimage"},"thumbnailUrl":"https:\/\/www.koonings.com\/wp-content\/uploads\/2024\/11\/22331_1fdcb02e2427605314be4eb07d3f24857b44a31d1387147b950aa1508786fda44819fc33-scaled.jpeg","datePublished":"2025-12-14T23:06:10+00:00","dateModified":"2026-02-03T18:33:36+00:00","description":"Suchen Sie ein Galakleid mit spanischen Einfl\u00fcssen? Dann ist dieses beige und rote Kleid von Tarik Ediz genau das Richtige f\u00fcr Sie. Das tr\u00e4gerlose Kleid hat einen herzf\u00f6rmigen Ausschnitt und eine kleine Schleppe und ist mit roten Details versehen, die das Dekollet\u00e9 und den Po betonen. Dieses Kleid ist perfekt f\u00fcr eine Veranstaltung auf dem roten Teppich oder einen Sch\u00f6nheitswettbewerb.","breadcrumb":{"@id":"https:\/\/www.koonings.com\/de\/product\/tarik-ediz-92394\/#breadcrumb"},"inLanguage":"de","potentialAction":[{"@type":"ReadAction","target":["https:\/\/www.koonings.com\/de\/product\/tarik-ediz-92394\/"]}]},{"@type":"ImageObject","inLanguage":"de","@id":"https:\/\/www.koonings.com\/de\/product\/tarik-ediz-92394\/#primaryimage","url":"https:\/\/www.koonings.com\/wp-content\/uploads\/2024\/11\/22331_1fdcb02e2427605314be4eb07d3f24857b44a31d1387147b950aa1508786fda44819fc33-scaled.jpeg","contentUrl":"https:\/\/www.koonings.com\/wp-content\/uploads\/2024\/11\/22331_1fdcb02e2427605314be4eb07d3f24857b44a31d1387147b950aa1508786fda44819fc33-scaled.jpeg","width":1808,"height":2560},{"@type":"BreadcrumbList","@id":"https:\/\/www.koonings.com\/de\/product\/tarik-ediz-92394\/#breadcrumb","itemListElement":[{"@type":"ListItem","position":1,"name":"Home","item":"https:\/\/www.koonings.com\/de\/"},{"@type":"ListItem","position":2,"name":"Tarik Ediz 92394"}]},{"@type":"WebSite","@id":"https:\/\/www.koonings.com\/de\/#website","url":"https:\/\/www.koonings.com\/de\/","name":"Koonings","description":"De grootste bruidsmodewinkel ter wereld","publisher":{"@id":"https:\/\/www.koonings.com\/de\/#organization"},"potentialAction":[{"@type":"SearchAction","target":{"@type":"EntryPoint","urlTemplate":"https:\/\/www.koonings.com\/de\/?s={search_term_string}"},"query-input":{"@type":"PropertyValueSpecification","valueRequired":true,"valueName":"search_term_string"}}],"inLanguage":"de"},{"@type":"Organization","@id":"https:\/\/www.koonings.com\/de\/#organization","name":"Koonings","url":"https:\/\/www.koonings.com\/de\/","logo":{"@type":"ImageObject","inLanguage":"de","@id":"https:\/\/www.koonings.com\/de\/#\/schema\/logo\/image\/","url":"https:\/\/www.koonings.com\/wp-content\/uploads\/2024\/07\/logo.png","contentUrl":"https:\/\/www.koonings.com\/wp-content\/uploads\/2024\/07\/logo.png","width":600,"height":428,"caption":"Koonings"},"image":{"@id":"https:\/\/www.koonings.com\/de\/#\/schema\/logo\/image\/"},"sameAs":["https:\/\/www.facebook.com\/kooningstheweddingpalace","https:\/\/www.instagram.com\/kooningstheweddingpalace","https:\/\/www.pinterest.com\/koonings","https:\/\/www.youtube.com\/kooningstheweddingpalace"]}]}},"_links":{"self":[{"href":"https:\/\/www.koonings.com\/de\/wp-json\/wp\/v2\/product\/78603","targetHints":{"allow":["GET"]}}],"collection":[{"href":"https:\/\/www.koonings.com\/de\/wp-json\/wp\/v2\/product"}],"about":[{"href":"https:\/\/www.koonings.com\/de\/wp-json\/wp\/v2\/types\/product"}],"wp:featuredmedia":[{"embeddable":true,"href":"https:\/\/www.koonings.com\/de\/wp-json\/wp\/v2\/media\/62912"}],"wp:attachment":[{"href":"https:\/\/www.koonings.com\/de\/wp-json\/wp\/v2\/media?parent=78603"}],"wp:term":[{"taxonomy":"productdetails","embeddable":true,"href":"https:\/\/www.koonings.com\/de\/wp-json\/wp\/v2\/productdetails?post=78603"},{"taxonomy":"productneck","embeddable":true,"href":"https:\/\/www.koonings.com\/de\/wp-json\/wp\/v2\/productneck?post=78603"},{"taxonomy":"productcolor","embeddable":true,"href":"https:\/\/www.koonings.com\/de\/wp-json\/wp\/v2\/productcolor?post=78603"},{"taxonomy":"maat","embeddable":true,"href":"https:\/\/www.koonings.com\/de\/wp-json\/wp\/v2\/maat?post=78603"},{"taxonomy":"productsupplier","embeddable":true,"href":"https:\/\/www.koonings.com\/de\/wp-json\/wp\/v2\/productsupplier?post=78603"},{"taxonomy":"productsleeve","embeddable":true,"href":"https:\/\/www.koonings.com\/de\/wp-json\/wp\/v2\/productsleeve?post=78603"},{"taxonomy":"productcategory","embeddable":true,"href":"https:\/\/www.koonings.com\/de\/wp-json\/wp\/v2\/productcategory?post=78603"},{"taxonomy":"productsilhouette","embeddable":true,"href":"https:\/\/www.koonings.com\/de\/wp-json\/wp\/v2\/productsilhouette?post=78603"},{"taxonomy":"productstyle","embeddable":true,"href":"https:\/\/www.koonings.com\/de\/wp-json\/wp\/v2\/productstyle?post=78603"}],"curies":[{"name":"wp","href":"https:\/\/api.w.org\/{rel}","templated":true}]}}