{"id":78597,"date":"2026-05-06T15:06:17","date_gmt":"2026-05-06T13:06:17","guid":{"rendered":"https:\/\/www.koonings.com\/product\/olvis-4523\/"},"modified":"2026-02-16T14:46:05","modified_gmt":"2026-02-16T13:46:05","slug":"olvis-4523","status":"publish","type":"product","link":"https:\/\/www.koonings.com\/de\/product\/olvis-4523\/","title":{"rendered":"Olvi&#8217;s 4523"},"content":{"rendered":"<p>Bei diesem Hochzeitskleid m\u00fcssen Sie sich nicht zwischen kurz und lang entscheiden. Dieses wundersch\u00f6ne kurze Kleid mit tiefem herzf\u00f6rmigem Ausschnitt, schulterfreiem Ausschnitt und tiefem R\u00fcckenausschnitt k\u00f6nnen Sie in der Partynacht sehr gut tragen. F\u00fcr den offiziellen Teil tragen Sie einen lockeren, transparenten Rock mit kleiner Schleppe, der unten mit breiter Spitze abgeschlossen ist.  <\/p>\n","protected":false},"featured_media":62917,"template":"","meta":{"_acf_changed":false,"ghostkit_customizer_options":"","ghostkit_custom_css":"","ghostkit_custom_js_head":"","ghostkit_custom_js_foot":"","ghostkit_typography":""},"productdetails":[376],"productneck":[356],"productcolor":[392],"maat":[],"productsupplier":[474],"productsleeve":[359],"productcategory":[18],"productsilhouette":[386,391],"productstyle":[370,373],"class_list":["post-78597","product","type-product","status-publish","has-post-thumbnail","hentry","productdetails-376","productneck-356","productcolor-392","productsupplier-olvis","productsleeve-359","productcategory-trouwjurken","productsilhouette-386","productsilhouette-391","productstyle-370","productstyle-373"],"acf":[],"yoast_head":"<!-- This site is optimized with the Yoast SEO plugin v27.3 - https:\/\/yoast.com\/product\/yoast-seo-wordpress\/ -->\n<title>Olvi&#039;s 4523 | Koonings<\/title>\n<meta name=\"description\" content=\"Bei diesem Hochzeitskleid m\u00fcssen Sie sich nicht zwischen kurz und lang entscheiden. Dieses wundersch\u00f6ne kurze Kleid mit tiefem herzf\u00f6rmigem Ausschnitt, schulterfreiem Ausschnitt und tiefem R\u00fcckenausschnitt k\u00f6nnen Sie in der Partynacht sehr gut tragen. F\u00fcr den offiziellen Teil tragen Sie einen lockeren, transparenten Rock mit kleiner Schleppe, der unten mit breiter Spitze abgeschlossen ist.\" \/>\n<meta name=\"robots\" content=\"index, follow, max-snippet:-1, max-image-preview:large, max-video-preview:-1\" \/>\n<link rel=\"canonical\" href=\"https:\/\/www.koonings.com\/de\/product\/olvis-4523\/\" \/>\n<meta property=\"og:locale\" content=\"de_DE\" \/>\n<meta property=\"og:type\" content=\"article\" \/>\n<meta property=\"og:title\" content=\"Olvi&#039;s 4523 | Koonings\" \/>\n<meta property=\"og:description\" content=\"Bei diesem Hochzeitskleid m\u00fcssen Sie sich nicht zwischen kurz und lang entscheiden. Dieses wundersch\u00f6ne kurze Kleid mit tiefem herzf\u00f6rmigem Ausschnitt, schulterfreiem Ausschnitt und tiefem R\u00fcckenausschnitt k\u00f6nnen Sie in der Partynacht sehr gut tragen. F\u00fcr den offiziellen Teil tragen Sie einen lockeren, transparenten Rock mit kleiner Schleppe, der unten mit breiter Spitze abgeschlossen ist.\" \/>\n<meta property=\"og:url\" content=\"https:\/\/www.koonings.com\/de\/product\/olvis-4523\/\" \/>\n<meta property=\"og:site_name\" content=\"Koonings\" \/>\n<meta property=\"article:publisher\" content=\"https:\/\/www.facebook.com\/kooningstheweddingpalace\" \/>\n<meta property=\"og:image\" content=\"https:\/\/www.koonings.com\/wp-content\/uploads\/2024\/11\/28448_bbd914a9a71532449f5ae10fc21cf2fe7c8a9435fd62544a20260ca1f1a3414b081dca08.jpeg\" \/>\n\t<meta property=\"og:image:width\" content=\"1194\" \/>\n\t<meta property=\"og:image:height\" content=\"1794\" \/>\n\t<meta property=\"og:image:type\" content=\"image\/jpeg\" \/>\n<meta name=\"twitter:card\" content=\"summary_large_image\" \/>\n<script type=\"application\/ld+json\" class=\"yoast-schema-graph\">{\"@context\":\"https:\\\/\\\/schema.org\",\"@graph\":[{\"@type\":\"WebPage\",\"@id\":\"https:\\\/\\\/www.koonings.com\\\/de\\\/product\\\/olvis-4523\\\/\",\"url\":\"https:\\\/\\\/www.koonings.com\\\/de\\\/product\\\/olvis-4523\\\/\",\"name\":\"Olvi's 4523 | Koonings\",\"isPartOf\":{\"@id\":\"https:\\\/\\\/www.koonings.com\\\/de\\\/#website\"},\"primaryImageOfPage\":{\"@id\":\"https:\\\/\\\/www.koonings.com\\\/de\\\/product\\\/olvis-4523\\\/#primaryimage\"},\"image\":{\"@id\":\"https:\\\/\\\/www.koonings.com\\\/de\\\/product\\\/olvis-4523\\\/#primaryimage\"},\"thumbnailUrl\":\"https:\\\/\\\/www.koonings.com\\\/wp-content\\\/uploads\\\/2024\\\/11\\\/28448_bbd914a9a71532449f5ae10fc21cf2fe7c8a9435fd62544a20260ca1f1a3414b081dca08.jpeg\",\"datePublished\":\"2026-05-06T13:06:17+00:00\",\"description\":\"Bei diesem Hochzeitskleid m\u00fcssen Sie sich nicht zwischen kurz und lang entscheiden. Dieses wundersch\u00f6ne kurze Kleid mit tiefem herzf\u00f6rmigem Ausschnitt, schulterfreiem Ausschnitt und tiefem R\u00fcckenausschnitt k\u00f6nnen Sie in der Partynacht sehr gut tragen. F\u00fcr den offiziellen Teil tragen Sie einen lockeren, transparenten Rock mit kleiner Schleppe, der unten mit breiter Spitze abgeschlossen ist.\",\"breadcrumb\":{\"@id\":\"https:\\\/\\\/www.koonings.com\\\/de\\\/product\\\/olvis-4523\\\/#breadcrumb\"},\"inLanguage\":\"de\",\"potentialAction\":[{\"@type\":\"ReadAction\",\"target\":[\"https:\\\/\\\/www.koonings.com\\\/de\\\/product\\\/olvis-4523\\\/\"]}]},{\"@type\":\"ImageObject\",\"inLanguage\":\"de\",\"@id\":\"https:\\\/\\\/www.koonings.com\\\/de\\\/product\\\/olvis-4523\\\/#primaryimage\",\"url\":\"https:\\\/\\\/www.koonings.com\\\/wp-content\\\/uploads\\\/2024\\\/11\\\/28448_bbd914a9a71532449f5ae10fc21cf2fe7c8a9435fd62544a20260ca1f1a3414b081dca08.jpeg\",\"contentUrl\":\"https:\\\/\\\/www.koonings.com\\\/wp-content\\\/uploads\\\/2024\\\/11\\\/28448_bbd914a9a71532449f5ae10fc21cf2fe7c8a9435fd62544a20260ca1f1a3414b081dca08.jpeg\",\"width\":1194,\"height\":1794},{\"@type\":\"BreadcrumbList\",\"@id\":\"https:\\\/\\\/www.koonings.com\\\/de\\\/product\\\/olvis-4523\\\/#breadcrumb\",\"itemListElement\":[{\"@type\":\"ListItem\",\"position\":1,\"name\":\"Home\",\"item\":\"https:\\\/\\\/www.koonings.com\\\/de\\\/\"},{\"@type\":\"ListItem\",\"position\":2,\"name\":\"Olvi&#8217;s 4523\"}]},{\"@type\":\"WebSite\",\"@id\":\"https:\\\/\\\/www.koonings.com\\\/de\\\/#website\",\"url\":\"https:\\\/\\\/www.koonings.com\\\/de\\\/\",\"name\":\"Koonings\",\"description\":\"De grootste bruidsmodewinkel ter wereld\",\"publisher\":{\"@id\":\"https:\\\/\\\/www.koonings.com\\\/de\\\/#organization\"},\"potentialAction\":[{\"@type\":\"SearchAction\",\"target\":{\"@type\":\"EntryPoint\",\"urlTemplate\":\"https:\\\/\\\/www.koonings.com\\\/de\\\/?s={search_term_string}\"},\"query-input\":{\"@type\":\"PropertyValueSpecification\",\"valueRequired\":true,\"valueName\":\"search_term_string\"}}],\"inLanguage\":\"de\"},{\"@type\":\"Organization\",\"@id\":\"https:\\\/\\\/www.koonings.com\\\/de\\\/#organization\",\"name\":\"Koonings\",\"url\":\"https:\\\/\\\/www.koonings.com\\\/de\\\/\",\"logo\":{\"@type\":\"ImageObject\",\"inLanguage\":\"de\",\"@id\":\"https:\\\/\\\/www.koonings.com\\\/de\\\/#\\\/schema\\\/logo\\\/image\\\/\",\"url\":\"https:\\\/\\\/www.koonings.com\\\/wp-content\\\/uploads\\\/2024\\\/07\\\/logo.png\",\"contentUrl\":\"https:\\\/\\\/www.koonings.com\\\/wp-content\\\/uploads\\\/2024\\\/07\\\/logo.png\",\"width\":600,\"height\":428,\"caption\":\"Koonings\"},\"image\":{\"@id\":\"https:\\\/\\\/www.koonings.com\\\/de\\\/#\\\/schema\\\/logo\\\/image\\\/\"},\"sameAs\":[\"https:\\\/\\\/www.facebook.com\\\/kooningstheweddingpalace\",\"https:\\\/\\\/www.instagram.com\\\/kooningstheweddingpalace\",\"https:\\\/\\\/www.pinterest.com\\\/koonings\",\"https:\\\/\\\/www.youtube.com\\\/kooningstheweddingpalace\"]}]}<\/script>\n<!-- \/ Yoast SEO plugin. -->","yoast_head_json":{"title":"Olvi's 4523 | Koonings","description":"Bei diesem Hochzeitskleid m\u00fcssen Sie sich nicht zwischen kurz und lang entscheiden. Dieses wundersch\u00f6ne kurze Kleid mit tiefem herzf\u00f6rmigem Ausschnitt, schulterfreiem Ausschnitt und tiefem R\u00fcckenausschnitt k\u00f6nnen Sie in der Partynacht sehr gut tragen. F\u00fcr den offiziellen Teil tragen Sie einen lockeren, transparenten Rock mit kleiner Schleppe, der unten mit breiter Spitze abgeschlossen ist.","robots":{"index":"index","follow":"follow","max-snippet":"max-snippet:-1","max-image-preview":"max-image-preview:large","max-video-preview":"max-video-preview:-1"},"canonical":"https:\/\/www.koonings.com\/de\/product\/olvis-4523\/","og_locale":"de_DE","og_type":"article","og_title":"Olvi's 4523 | Koonings","og_description":"Bei diesem Hochzeitskleid m\u00fcssen Sie sich nicht zwischen kurz und lang entscheiden. Dieses wundersch\u00f6ne kurze Kleid mit tiefem herzf\u00f6rmigem Ausschnitt, schulterfreiem Ausschnitt und tiefem R\u00fcckenausschnitt k\u00f6nnen Sie in der Partynacht sehr gut tragen. F\u00fcr den offiziellen Teil tragen Sie einen lockeren, transparenten Rock mit kleiner Schleppe, der unten mit breiter Spitze abgeschlossen ist.","og_url":"https:\/\/www.koonings.com\/de\/product\/olvis-4523\/","og_site_name":"Koonings","article_publisher":"https:\/\/www.facebook.com\/kooningstheweddingpalace","og_image":[{"width":1194,"height":1794,"url":"https:\/\/www.koonings.com\/wp-content\/uploads\/2024\/11\/28448_bbd914a9a71532449f5ae10fc21cf2fe7c8a9435fd62544a20260ca1f1a3414b081dca08.jpeg","type":"image\/jpeg"}],"twitter_card":"summary_large_image","schema":{"@context":"https:\/\/schema.org","@graph":[{"@type":"WebPage","@id":"https:\/\/www.koonings.com\/de\/product\/olvis-4523\/","url":"https:\/\/www.koonings.com\/de\/product\/olvis-4523\/","name":"Olvi's 4523 | Koonings","isPartOf":{"@id":"https:\/\/www.koonings.com\/de\/#website"},"primaryImageOfPage":{"@id":"https:\/\/www.koonings.com\/de\/product\/olvis-4523\/#primaryimage"},"image":{"@id":"https:\/\/www.koonings.com\/de\/product\/olvis-4523\/#primaryimage"},"thumbnailUrl":"https:\/\/www.koonings.com\/wp-content\/uploads\/2024\/11\/28448_bbd914a9a71532449f5ae10fc21cf2fe7c8a9435fd62544a20260ca1f1a3414b081dca08.jpeg","datePublished":"2026-05-06T13:06:17+00:00","description":"Bei diesem Hochzeitskleid m\u00fcssen Sie sich nicht zwischen kurz und lang entscheiden. Dieses wundersch\u00f6ne kurze Kleid mit tiefem herzf\u00f6rmigem Ausschnitt, schulterfreiem Ausschnitt und tiefem R\u00fcckenausschnitt k\u00f6nnen Sie in der Partynacht sehr gut tragen. F\u00fcr den offiziellen Teil tragen Sie einen lockeren, transparenten Rock mit kleiner Schleppe, der unten mit breiter Spitze abgeschlossen ist.","breadcrumb":{"@id":"https:\/\/www.koonings.com\/de\/product\/olvis-4523\/#breadcrumb"},"inLanguage":"de","potentialAction":[{"@type":"ReadAction","target":["https:\/\/www.koonings.com\/de\/product\/olvis-4523\/"]}]},{"@type":"ImageObject","inLanguage":"de","@id":"https:\/\/www.koonings.com\/de\/product\/olvis-4523\/#primaryimage","url":"https:\/\/www.koonings.com\/wp-content\/uploads\/2024\/11\/28448_bbd914a9a71532449f5ae10fc21cf2fe7c8a9435fd62544a20260ca1f1a3414b081dca08.jpeg","contentUrl":"https:\/\/www.koonings.com\/wp-content\/uploads\/2024\/11\/28448_bbd914a9a71532449f5ae10fc21cf2fe7c8a9435fd62544a20260ca1f1a3414b081dca08.jpeg","width":1194,"height":1794},{"@type":"BreadcrumbList","@id":"https:\/\/www.koonings.com\/de\/product\/olvis-4523\/#breadcrumb","itemListElement":[{"@type":"ListItem","position":1,"name":"Home","item":"https:\/\/www.koonings.com\/de\/"},{"@type":"ListItem","position":2,"name":"Olvi&#8217;s 4523"}]},{"@type":"WebSite","@id":"https:\/\/www.koonings.com\/de\/#website","url":"https:\/\/www.koonings.com\/de\/","name":"Koonings","description":"De grootste bruidsmodewinkel ter wereld","publisher":{"@id":"https:\/\/www.koonings.com\/de\/#organization"},"potentialAction":[{"@type":"SearchAction","target":{"@type":"EntryPoint","urlTemplate":"https:\/\/www.koonings.com\/de\/?s={search_term_string}"},"query-input":{"@type":"PropertyValueSpecification","valueRequired":true,"valueName":"search_term_string"}}],"inLanguage":"de"},{"@type":"Organization","@id":"https:\/\/www.koonings.com\/de\/#organization","name":"Koonings","url":"https:\/\/www.koonings.com\/de\/","logo":{"@type":"ImageObject","inLanguage":"de","@id":"https:\/\/www.koonings.com\/de\/#\/schema\/logo\/image\/","url":"https:\/\/www.koonings.com\/wp-content\/uploads\/2024\/07\/logo.png","contentUrl":"https:\/\/www.koonings.com\/wp-content\/uploads\/2024\/07\/logo.png","width":600,"height":428,"caption":"Koonings"},"image":{"@id":"https:\/\/www.koonings.com\/de\/#\/schema\/logo\/image\/"},"sameAs":["https:\/\/www.facebook.com\/kooningstheweddingpalace","https:\/\/www.instagram.com\/kooningstheweddingpalace","https:\/\/www.pinterest.com\/koonings","https:\/\/www.youtube.com\/kooningstheweddingpalace"]}]}},"_links":{"self":[{"href":"https:\/\/www.koonings.com\/de\/wp-json\/wp\/v2\/product\/78597","targetHints":{"allow":["GET"]}}],"collection":[{"href":"https:\/\/www.koonings.com\/de\/wp-json\/wp\/v2\/product"}],"about":[{"href":"https:\/\/www.koonings.com\/de\/wp-json\/wp\/v2\/types\/product"}],"wp:featuredmedia":[{"embeddable":true,"href":"https:\/\/www.koonings.com\/de\/wp-json\/wp\/v2\/media\/62917"}],"wp:attachment":[{"href":"https:\/\/www.koonings.com\/de\/wp-json\/wp\/v2\/media?parent=78597"}],"wp:term":[{"taxonomy":"productdetails","embeddable":true,"href":"https:\/\/www.koonings.com\/de\/wp-json\/wp\/v2\/productdetails?post=78597"},{"taxonomy":"productneck","embeddable":true,"href":"https:\/\/www.koonings.com\/de\/wp-json\/wp\/v2\/productneck?post=78597"},{"taxonomy":"productcolor","embeddable":true,"href":"https:\/\/www.koonings.com\/de\/wp-json\/wp\/v2\/productcolor?post=78597"},{"taxonomy":"maat","embeddable":true,"href":"https:\/\/www.koonings.com\/de\/wp-json\/wp\/v2\/maat?post=78597"},{"taxonomy":"productsupplier","embeddable":true,"href":"https:\/\/www.koonings.com\/de\/wp-json\/wp\/v2\/productsupplier?post=78597"},{"taxonomy":"productsleeve","embeddable":true,"href":"https:\/\/www.koonings.com\/de\/wp-json\/wp\/v2\/productsleeve?post=78597"},{"taxonomy":"productcategory","embeddable":true,"href":"https:\/\/www.koonings.com\/de\/wp-json\/wp\/v2\/productcategory?post=78597"},{"taxonomy":"productsilhouette","embeddable":true,"href":"https:\/\/www.koonings.com\/de\/wp-json\/wp\/v2\/productsilhouette?post=78597"},{"taxonomy":"productstyle","embeddable":true,"href":"https:\/\/www.koonings.com\/de\/wp-json\/wp\/v2\/productstyle?post=78597"}],"curies":[{"name":"wp","href":"https:\/\/api.w.org\/{rel}","templated":true}]}}