{"id":78594,"date":"2025-12-15T00:08:39","date_gmt":"2025-12-14T23:08:39","guid":{"rendered":"https:\/\/www.koonings.com\/product\/enzoani-love-collection-bijou\/"},"modified":"2026-02-03T19:33:48","modified_gmt":"2026-02-03T18:33:48","slug":"enzoani-love-collection-bijou","status":"publish","type":"product","link":"https:\/\/www.koonings.com\/de\/product\/enzoani-love-collection-bijou\/","title":{"rendered":"Enzoani Liebe Kollektion Bijou"},"content":{"rendered":"<p>Eine Mischung aus leichtem Stretch-Georgette und einem weichen, aber strukturierten Mieder mit einem klassischen herzf\u00f6rmigen Ausschnitt und einem auff\u00e4lligen Illusionskorsett im R\u00fccken sorgt f\u00fcr ein figurbetontes Kleid mit der perfekten Balance aus Weiblichkeit und Sch\u00e4rfe. Die kunstvolle Drapierung der schulterfreien \u00c4rmel erg\u00e4nzt das schlichte und schicke Kleid auf wunderbare Weise.  Die charakteristische Schleppe hat einen auff\u00e4lligen, floralen Saum aus Barockspitze.<\/p>\n","protected":false},"featured_media":62968,"template":"","meta":{"_acf_changed":false,"ghostkit_customizer_options":"","ghostkit_custom_css":"","ghostkit_custom_js_head":"","ghostkit_custom_js_foot":"","ghostkit_typography":""},"productdetails":[376],"productneck":[355],"productcolor":[393,392],"maat":[],"productsupplier":[475],"productsleeve":[363],"productcategory":[18],"productsilhouette":[387,390],"productstyle":[369,365],"class_list":["post-78594","product","type-product","status-publish","has-post-thumbnail","hentry","productdetails-376","productneck-355","productcolor-393","productcolor-392","productsupplier-enzoani-love-collection","productsleeve-363","productcategory-trouwjurken","productsilhouette-387","productsilhouette-390","productstyle-369","productstyle-365"],"acf":[],"yoast_head":"<!-- This site is optimized with the Yoast SEO plugin v27.3 - https:\/\/yoast.com\/product\/yoast-seo-wordpress\/ -->\n<title>Enzoani Liebe Kollektion Bijou | Koonings<\/title>\n<meta name=\"description\" content=\"Eine Mischung aus leichtem Stretch-Georgette und einem weichen, aber strukturierten Mieder mit einem klassischen herzf\u00f6rmigen Ausschnitt und einem auff\u00e4lligen Illusionskorsett im R\u00fccken sorgt f\u00fcr ein figurbetontes Kleid mit der perfekten Balance aus Weiblichkeit und Sch\u00e4rfe. Die kunstvolle Drapierung der schulterfreien \u00c4rmel erg\u00e4nzt das schlichte und schicke Kleid auf wunderbare Weise. Die charakteristische Schleppe hat einen auff\u00e4lligen, floralen Saum aus Barockspitze.\" \/>\n<meta name=\"robots\" content=\"index, follow, max-snippet:-1, max-image-preview:large, max-video-preview:-1\" \/>\n<link rel=\"canonical\" href=\"https:\/\/www.koonings.com\/de\/product\/enzoani-love-collection-bijou\/\" \/>\n<meta property=\"og:locale\" content=\"de_DE\" \/>\n<meta property=\"og:type\" content=\"article\" \/>\n<meta property=\"og:title\" content=\"Enzoani Liebe Kollektion Bijou | Koonings\" \/>\n<meta property=\"og:description\" content=\"Eine Mischung aus leichtem Stretch-Georgette und einem weichen, aber strukturierten Mieder mit einem klassischen herzf\u00f6rmigen Ausschnitt und einem auff\u00e4lligen Illusionskorsett im R\u00fccken sorgt f\u00fcr ein figurbetontes Kleid mit der perfekten Balance aus Weiblichkeit und Sch\u00e4rfe. Die kunstvolle Drapierung der schulterfreien \u00c4rmel erg\u00e4nzt das schlichte und schicke Kleid auf wunderbare Weise. Die charakteristische Schleppe hat einen auff\u00e4lligen, floralen Saum aus Barockspitze.\" \/>\n<meta property=\"og:url\" content=\"https:\/\/www.koonings.com\/de\/product\/enzoani-love-collection-bijou\/\" \/>\n<meta property=\"og:site_name\" content=\"Koonings\" \/>\n<meta property=\"article:publisher\" content=\"https:\/\/www.facebook.com\/kooningstheweddingpalace\" \/>\n<meta property=\"article:modified_time\" content=\"2026-02-03T18:33:48+00:00\" \/>\n<meta property=\"og:image\" content=\"https:\/\/www.koonings.com\/wp-content\/uploads\/2024\/11\/37062_bda32ca971230b899e8912612bdd6f374a9ed3db74074f2f28dafd57c2ddbddb64e53893.jpeg\" \/>\n\t<meta property=\"og:image:width\" content=\"1035\" \/>\n\t<meta property=\"og:image:height\" content=\"1380\" \/>\n\t<meta property=\"og:image:type\" content=\"image\/jpeg\" \/>\n<meta name=\"twitter:card\" content=\"summary_large_image\" \/>\n<script type=\"application\/ld+json\" class=\"yoast-schema-graph\">{\"@context\":\"https:\\\/\\\/schema.org\",\"@graph\":[{\"@type\":\"WebPage\",\"@id\":\"https:\\\/\\\/www.koonings.com\\\/de\\\/product\\\/enzoani-love-collection-bijou\\\/\",\"url\":\"https:\\\/\\\/www.koonings.com\\\/de\\\/product\\\/enzoani-love-collection-bijou\\\/\",\"name\":\"Enzoani Liebe Kollektion Bijou | Koonings\",\"isPartOf\":{\"@id\":\"https:\\\/\\\/www.koonings.com\\\/de\\\/#website\"},\"primaryImageOfPage\":{\"@id\":\"https:\\\/\\\/www.koonings.com\\\/de\\\/product\\\/enzoani-love-collection-bijou\\\/#primaryimage\"},\"image\":{\"@id\":\"https:\\\/\\\/www.koonings.com\\\/de\\\/product\\\/enzoani-love-collection-bijou\\\/#primaryimage\"},\"thumbnailUrl\":\"https:\\\/\\\/www.koonings.com\\\/wp-content\\\/uploads\\\/2024\\\/11\\\/37062_bda32ca971230b899e8912612bdd6f374a9ed3db74074f2f28dafd57c2ddbddb64e53893.jpeg\",\"datePublished\":\"2025-12-14T23:08:39+00:00\",\"dateModified\":\"2026-02-03T18:33:48+00:00\",\"description\":\"Eine Mischung aus leichtem Stretch-Georgette und einem weichen, aber strukturierten Mieder mit einem klassischen herzf\u00f6rmigen Ausschnitt und einem auff\u00e4lligen Illusionskorsett im R\u00fccken sorgt f\u00fcr ein figurbetontes Kleid mit der perfekten Balance aus Weiblichkeit und Sch\u00e4rfe. Die kunstvolle Drapierung der schulterfreien \u00c4rmel erg\u00e4nzt das schlichte und schicke Kleid auf wunderbare Weise. Die charakteristische Schleppe hat einen auff\u00e4lligen, floralen Saum aus Barockspitze.\",\"breadcrumb\":{\"@id\":\"https:\\\/\\\/www.koonings.com\\\/de\\\/product\\\/enzoani-love-collection-bijou\\\/#breadcrumb\"},\"inLanguage\":\"de\",\"potentialAction\":[{\"@type\":\"ReadAction\",\"target\":[\"https:\\\/\\\/www.koonings.com\\\/de\\\/product\\\/enzoani-love-collection-bijou\\\/\"]}]},{\"@type\":\"ImageObject\",\"inLanguage\":\"de\",\"@id\":\"https:\\\/\\\/www.koonings.com\\\/de\\\/product\\\/enzoani-love-collection-bijou\\\/#primaryimage\",\"url\":\"https:\\\/\\\/www.koonings.com\\\/wp-content\\\/uploads\\\/2024\\\/11\\\/37062_bda32ca971230b899e8912612bdd6f374a9ed3db74074f2f28dafd57c2ddbddb64e53893.jpeg\",\"contentUrl\":\"https:\\\/\\\/www.koonings.com\\\/wp-content\\\/uploads\\\/2024\\\/11\\\/37062_bda32ca971230b899e8912612bdd6f374a9ed3db74074f2f28dafd57c2ddbddb64e53893.jpeg\",\"width\":1035,\"height\":1380},{\"@type\":\"BreadcrumbList\",\"@id\":\"https:\\\/\\\/www.koonings.com\\\/de\\\/product\\\/enzoani-love-collection-bijou\\\/#breadcrumb\",\"itemListElement\":[{\"@type\":\"ListItem\",\"position\":1,\"name\":\"Home\",\"item\":\"https:\\\/\\\/www.koonings.com\\\/de\\\/\"},{\"@type\":\"ListItem\",\"position\":2,\"name\":\"Enzoani Liebe Kollektion Bijou\"}]},{\"@type\":\"WebSite\",\"@id\":\"https:\\\/\\\/www.koonings.com\\\/de\\\/#website\",\"url\":\"https:\\\/\\\/www.koonings.com\\\/de\\\/\",\"name\":\"Koonings\",\"description\":\"De grootste bruidsmodewinkel ter wereld\",\"publisher\":{\"@id\":\"https:\\\/\\\/www.koonings.com\\\/de\\\/#organization\"},\"potentialAction\":[{\"@type\":\"SearchAction\",\"target\":{\"@type\":\"EntryPoint\",\"urlTemplate\":\"https:\\\/\\\/www.koonings.com\\\/de\\\/?s={search_term_string}\"},\"query-input\":{\"@type\":\"PropertyValueSpecification\",\"valueRequired\":true,\"valueName\":\"search_term_string\"}}],\"inLanguage\":\"de\"},{\"@type\":\"Organization\",\"@id\":\"https:\\\/\\\/www.koonings.com\\\/de\\\/#organization\",\"name\":\"Koonings\",\"url\":\"https:\\\/\\\/www.koonings.com\\\/de\\\/\",\"logo\":{\"@type\":\"ImageObject\",\"inLanguage\":\"de\",\"@id\":\"https:\\\/\\\/www.koonings.com\\\/de\\\/#\\\/schema\\\/logo\\\/image\\\/\",\"url\":\"https:\\\/\\\/www.koonings.com\\\/wp-content\\\/uploads\\\/2024\\\/07\\\/logo.png\",\"contentUrl\":\"https:\\\/\\\/www.koonings.com\\\/wp-content\\\/uploads\\\/2024\\\/07\\\/logo.png\",\"width\":600,\"height\":428,\"caption\":\"Koonings\"},\"image\":{\"@id\":\"https:\\\/\\\/www.koonings.com\\\/de\\\/#\\\/schema\\\/logo\\\/image\\\/\"},\"sameAs\":[\"https:\\\/\\\/www.facebook.com\\\/kooningstheweddingpalace\",\"https:\\\/\\\/www.instagram.com\\\/kooningstheweddingpalace\",\"https:\\\/\\\/www.pinterest.com\\\/koonings\",\"https:\\\/\\\/www.youtube.com\\\/kooningstheweddingpalace\"]}]}<\/script>\n<!-- \/ Yoast SEO plugin. -->","yoast_head_json":{"title":"Enzoani Liebe Kollektion Bijou | Koonings","description":"Eine Mischung aus leichtem Stretch-Georgette und einem weichen, aber strukturierten Mieder mit einem klassischen herzf\u00f6rmigen Ausschnitt und einem auff\u00e4lligen Illusionskorsett im R\u00fccken sorgt f\u00fcr ein figurbetontes Kleid mit der perfekten Balance aus Weiblichkeit und Sch\u00e4rfe. Die kunstvolle Drapierung der schulterfreien \u00c4rmel erg\u00e4nzt das schlichte und schicke Kleid auf wunderbare Weise. Die charakteristische Schleppe hat einen auff\u00e4lligen, floralen Saum aus Barockspitze.","robots":{"index":"index","follow":"follow","max-snippet":"max-snippet:-1","max-image-preview":"max-image-preview:large","max-video-preview":"max-video-preview:-1"},"canonical":"https:\/\/www.koonings.com\/de\/product\/enzoani-love-collection-bijou\/","og_locale":"de_DE","og_type":"article","og_title":"Enzoani Liebe Kollektion Bijou | Koonings","og_description":"Eine Mischung aus leichtem Stretch-Georgette und einem weichen, aber strukturierten Mieder mit einem klassischen herzf\u00f6rmigen Ausschnitt und einem auff\u00e4lligen Illusionskorsett im R\u00fccken sorgt f\u00fcr ein figurbetontes Kleid mit der perfekten Balance aus Weiblichkeit und Sch\u00e4rfe. Die kunstvolle Drapierung der schulterfreien \u00c4rmel erg\u00e4nzt das schlichte und schicke Kleid auf wunderbare Weise. Die charakteristische Schleppe hat einen auff\u00e4lligen, floralen Saum aus Barockspitze.","og_url":"https:\/\/www.koonings.com\/de\/product\/enzoani-love-collection-bijou\/","og_site_name":"Koonings","article_publisher":"https:\/\/www.facebook.com\/kooningstheweddingpalace","article_modified_time":"2026-02-03T18:33:48+00:00","og_image":[{"width":1035,"height":1380,"url":"https:\/\/www.koonings.com\/wp-content\/uploads\/2024\/11\/37062_bda32ca971230b899e8912612bdd6f374a9ed3db74074f2f28dafd57c2ddbddb64e53893.jpeg","type":"image\/jpeg"}],"twitter_card":"summary_large_image","schema":{"@context":"https:\/\/schema.org","@graph":[{"@type":"WebPage","@id":"https:\/\/www.koonings.com\/de\/product\/enzoani-love-collection-bijou\/","url":"https:\/\/www.koonings.com\/de\/product\/enzoani-love-collection-bijou\/","name":"Enzoani Liebe Kollektion Bijou | Koonings","isPartOf":{"@id":"https:\/\/www.koonings.com\/de\/#website"},"primaryImageOfPage":{"@id":"https:\/\/www.koonings.com\/de\/product\/enzoani-love-collection-bijou\/#primaryimage"},"image":{"@id":"https:\/\/www.koonings.com\/de\/product\/enzoani-love-collection-bijou\/#primaryimage"},"thumbnailUrl":"https:\/\/www.koonings.com\/wp-content\/uploads\/2024\/11\/37062_bda32ca971230b899e8912612bdd6f374a9ed3db74074f2f28dafd57c2ddbddb64e53893.jpeg","datePublished":"2025-12-14T23:08:39+00:00","dateModified":"2026-02-03T18:33:48+00:00","description":"Eine Mischung aus leichtem Stretch-Georgette und einem weichen, aber strukturierten Mieder mit einem klassischen herzf\u00f6rmigen Ausschnitt und einem auff\u00e4lligen Illusionskorsett im R\u00fccken sorgt f\u00fcr ein figurbetontes Kleid mit der perfekten Balance aus Weiblichkeit und Sch\u00e4rfe. Die kunstvolle Drapierung der schulterfreien \u00c4rmel erg\u00e4nzt das schlichte und schicke Kleid auf wunderbare Weise. Die charakteristische Schleppe hat einen auff\u00e4lligen, floralen Saum aus Barockspitze.","breadcrumb":{"@id":"https:\/\/www.koonings.com\/de\/product\/enzoani-love-collection-bijou\/#breadcrumb"},"inLanguage":"de","potentialAction":[{"@type":"ReadAction","target":["https:\/\/www.koonings.com\/de\/product\/enzoani-love-collection-bijou\/"]}]},{"@type":"ImageObject","inLanguage":"de","@id":"https:\/\/www.koonings.com\/de\/product\/enzoani-love-collection-bijou\/#primaryimage","url":"https:\/\/www.koonings.com\/wp-content\/uploads\/2024\/11\/37062_bda32ca971230b899e8912612bdd6f374a9ed3db74074f2f28dafd57c2ddbddb64e53893.jpeg","contentUrl":"https:\/\/www.koonings.com\/wp-content\/uploads\/2024\/11\/37062_bda32ca971230b899e8912612bdd6f374a9ed3db74074f2f28dafd57c2ddbddb64e53893.jpeg","width":1035,"height":1380},{"@type":"BreadcrumbList","@id":"https:\/\/www.koonings.com\/de\/product\/enzoani-love-collection-bijou\/#breadcrumb","itemListElement":[{"@type":"ListItem","position":1,"name":"Home","item":"https:\/\/www.koonings.com\/de\/"},{"@type":"ListItem","position":2,"name":"Enzoani Liebe Kollektion Bijou"}]},{"@type":"WebSite","@id":"https:\/\/www.koonings.com\/de\/#website","url":"https:\/\/www.koonings.com\/de\/","name":"Koonings","description":"De grootste bruidsmodewinkel ter wereld","publisher":{"@id":"https:\/\/www.koonings.com\/de\/#organization"},"potentialAction":[{"@type":"SearchAction","target":{"@type":"EntryPoint","urlTemplate":"https:\/\/www.koonings.com\/de\/?s={search_term_string}"},"query-input":{"@type":"PropertyValueSpecification","valueRequired":true,"valueName":"search_term_string"}}],"inLanguage":"de"},{"@type":"Organization","@id":"https:\/\/www.koonings.com\/de\/#organization","name":"Koonings","url":"https:\/\/www.koonings.com\/de\/","logo":{"@type":"ImageObject","inLanguage":"de","@id":"https:\/\/www.koonings.com\/de\/#\/schema\/logo\/image\/","url":"https:\/\/www.koonings.com\/wp-content\/uploads\/2024\/07\/logo.png","contentUrl":"https:\/\/www.koonings.com\/wp-content\/uploads\/2024\/07\/logo.png","width":600,"height":428,"caption":"Koonings"},"image":{"@id":"https:\/\/www.koonings.com\/de\/#\/schema\/logo\/image\/"},"sameAs":["https:\/\/www.facebook.com\/kooningstheweddingpalace","https:\/\/www.instagram.com\/kooningstheweddingpalace","https:\/\/www.pinterest.com\/koonings","https:\/\/www.youtube.com\/kooningstheweddingpalace"]}]}},"_links":{"self":[{"href":"https:\/\/www.koonings.com\/de\/wp-json\/wp\/v2\/product\/78594","targetHints":{"allow":["GET"]}}],"collection":[{"href":"https:\/\/www.koonings.com\/de\/wp-json\/wp\/v2\/product"}],"about":[{"href":"https:\/\/www.koonings.com\/de\/wp-json\/wp\/v2\/types\/product"}],"wp:featuredmedia":[{"embeddable":true,"href":"https:\/\/www.koonings.com\/de\/wp-json\/wp\/v2\/media\/62968"}],"wp:attachment":[{"href":"https:\/\/www.koonings.com\/de\/wp-json\/wp\/v2\/media?parent=78594"}],"wp:term":[{"taxonomy":"productdetails","embeddable":true,"href":"https:\/\/www.koonings.com\/de\/wp-json\/wp\/v2\/productdetails?post=78594"},{"taxonomy":"productneck","embeddable":true,"href":"https:\/\/www.koonings.com\/de\/wp-json\/wp\/v2\/productneck?post=78594"},{"taxonomy":"productcolor","embeddable":true,"href":"https:\/\/www.koonings.com\/de\/wp-json\/wp\/v2\/productcolor?post=78594"},{"taxonomy":"maat","embeddable":true,"href":"https:\/\/www.koonings.com\/de\/wp-json\/wp\/v2\/maat?post=78594"},{"taxonomy":"productsupplier","embeddable":true,"href":"https:\/\/www.koonings.com\/de\/wp-json\/wp\/v2\/productsupplier?post=78594"},{"taxonomy":"productsleeve","embeddable":true,"href":"https:\/\/www.koonings.com\/de\/wp-json\/wp\/v2\/productsleeve?post=78594"},{"taxonomy":"productcategory","embeddable":true,"href":"https:\/\/www.koonings.com\/de\/wp-json\/wp\/v2\/productcategory?post=78594"},{"taxonomy":"productsilhouette","embeddable":true,"href":"https:\/\/www.koonings.com\/de\/wp-json\/wp\/v2\/productsilhouette?post=78594"},{"taxonomy":"productstyle","embeddable":true,"href":"https:\/\/www.koonings.com\/de\/wp-json\/wp\/v2\/productstyle?post=78594"}],"curies":[{"name":"wp","href":"https:\/\/api.w.org\/{rel}","templated":true}]}}