{"id":78584,"date":"2025-12-15T00:12:29","date_gmt":"2025-12-14T23:12:29","guid":{"rendered":"https:\/\/www.koonings.com\/product\/enzoani-love-collection-bellarose\/"},"modified":"2026-02-03T19:34:01","modified_gmt":"2026-02-03T18:34:01","slug":"enzoani-love-collection-bellarose","status":"publish","type":"product","link":"https:\/\/www.koonings.com\/de\/product\/enzoani-love-collection-bellarose\/","title":{"rendered":"Enzoani Liebe Kollektion Bellarose"},"content":{"rendered":"<p>Verlieben Sie sich in Bellarose. Der schlichte herzf\u00f6rmige Ausschnitt und das auff\u00e4llige Detail am R\u00fccken sind perfekt. Zusammen mit dem modernen Mieder mit Illusionskorsett setzt sich das umwerfende Drama mit dem auff\u00e4lligen Schleifendetail am R\u00fccken fort, das die zarten, verdeckten Kn\u00f6pfe erg\u00e4nzt, die \u00fcber den gesamten R\u00fccken des Kleides verlaufen. Und vergessen Sie nicht: Es gibt Taschen!   <\/p>\n","protected":false},"featured_media":63040,"template":"","meta":{"_acf_changed":false,"ghostkit_customizer_options":"","ghostkit_custom_css":"","ghostkit_custom_js_head":"","ghostkit_custom_js_foot":"","ghostkit_typography":""},"productdetails":[],"productneck":[354,355],"productcolor":[392],"maat":[],"productsupplier":[475],"productsleeve":[],"productcategory":[18],"productsilhouette":[384],"productstyle":[365],"class_list":["post-78584","product","type-product","status-publish","has-post-thumbnail","hentry","productneck-354","productneck-355","productcolor-392","productsupplier-enzoani-love-collection","productcategory-trouwjurken","productsilhouette-384","productstyle-365"],"acf":[],"yoast_head":"<!-- This site is optimized with the Yoast SEO plugin v27.3 - https:\/\/yoast.com\/product\/yoast-seo-wordpress\/ -->\n<title>Enzoani Liebe Kollektion Bellarose | Koonings<\/title>\n<meta name=\"description\" content=\"Verlieben Sie sich in Bellarose. Der schlichte herzf\u00f6rmige Ausschnitt und das auff\u00e4llige Detail am R\u00fccken sind perfekt. Zusammen mit dem modernen Mieder mit Illusionskorsett setzt sich das umwerfende Drama mit dem auff\u00e4lligen Schleifendetail am R\u00fccken fort, das die zarten, verdeckten Kn\u00f6pfe erg\u00e4nzt, die \u00fcber den gesamten R\u00fccken des Kleides verlaufen. Und vergessen Sie nicht: Es gibt Taschen!\" \/>\n<meta name=\"robots\" content=\"index, follow, max-snippet:-1, max-image-preview:large, max-video-preview:-1\" \/>\n<link rel=\"canonical\" href=\"https:\/\/www.koonings.com\/de\/product\/enzoani-love-collection-bellarose\/\" \/>\n<meta property=\"og:locale\" content=\"de_DE\" \/>\n<meta property=\"og:type\" content=\"article\" \/>\n<meta property=\"og:title\" content=\"Enzoani Liebe Kollektion Bellarose | Koonings\" \/>\n<meta property=\"og:description\" content=\"Verlieben Sie sich in Bellarose. Der schlichte herzf\u00f6rmige Ausschnitt und das auff\u00e4llige Detail am R\u00fccken sind perfekt. Zusammen mit dem modernen Mieder mit Illusionskorsett setzt sich das umwerfende Drama mit dem auff\u00e4lligen Schleifendetail am R\u00fccken fort, das die zarten, verdeckten Kn\u00f6pfe erg\u00e4nzt, die \u00fcber den gesamten R\u00fccken des Kleides verlaufen. Und vergessen Sie nicht: Es gibt Taschen!\" \/>\n<meta property=\"og:url\" content=\"https:\/\/www.koonings.com\/de\/product\/enzoani-love-collection-bellarose\/\" \/>\n<meta property=\"og:site_name\" content=\"Koonings\" \/>\n<meta property=\"article:publisher\" content=\"https:\/\/www.facebook.com\/kooningstheweddingpalace\" \/>\n<meta property=\"article:modified_time\" content=\"2026-02-03T18:34:01+00:00\" \/>\n<meta property=\"og:image\" content=\"https:\/\/www.koonings.com\/wp-content\/uploads\/2024\/11\/37763_df596efd31abbbda7fd790b53ddaccfb8cfccb5586bb142c9aa081eff557d981a2c5b049.jpeg\" \/>\n\t<meta property=\"og:image:width\" content=\"1035\" \/>\n\t<meta property=\"og:image:height\" content=\"1380\" \/>\n\t<meta property=\"og:image:type\" content=\"image\/jpeg\" \/>\n<meta name=\"twitter:card\" content=\"summary_large_image\" \/>\n<script type=\"application\/ld+json\" class=\"yoast-schema-graph\">{\"@context\":\"https:\\\/\\\/schema.org\",\"@graph\":[{\"@type\":\"WebPage\",\"@id\":\"https:\\\/\\\/www.koonings.com\\\/de\\\/product\\\/enzoani-love-collection-bellarose\\\/\",\"url\":\"https:\\\/\\\/www.koonings.com\\\/de\\\/product\\\/enzoani-love-collection-bellarose\\\/\",\"name\":\"Enzoani Liebe Kollektion Bellarose | Koonings\",\"isPartOf\":{\"@id\":\"https:\\\/\\\/www.koonings.com\\\/de\\\/#website\"},\"primaryImageOfPage\":{\"@id\":\"https:\\\/\\\/www.koonings.com\\\/de\\\/product\\\/enzoani-love-collection-bellarose\\\/#primaryimage\"},\"image\":{\"@id\":\"https:\\\/\\\/www.koonings.com\\\/de\\\/product\\\/enzoani-love-collection-bellarose\\\/#primaryimage\"},\"thumbnailUrl\":\"https:\\\/\\\/www.koonings.com\\\/wp-content\\\/uploads\\\/2024\\\/11\\\/37763_df596efd31abbbda7fd790b53ddaccfb8cfccb5586bb142c9aa081eff557d981a2c5b049.jpeg\",\"datePublished\":\"2025-12-14T23:12:29+00:00\",\"dateModified\":\"2026-02-03T18:34:01+00:00\",\"description\":\"Verlieben Sie sich in Bellarose. Der schlichte herzf\u00f6rmige Ausschnitt und das auff\u00e4llige Detail am R\u00fccken sind perfekt. Zusammen mit dem modernen Mieder mit Illusionskorsett setzt sich das umwerfende Drama mit dem auff\u00e4lligen Schleifendetail am R\u00fccken fort, das die zarten, verdeckten Kn\u00f6pfe erg\u00e4nzt, die \u00fcber den gesamten R\u00fccken des Kleides verlaufen. Und vergessen Sie nicht: Es gibt Taschen!\",\"breadcrumb\":{\"@id\":\"https:\\\/\\\/www.koonings.com\\\/de\\\/product\\\/enzoani-love-collection-bellarose\\\/#breadcrumb\"},\"inLanguage\":\"de\",\"potentialAction\":[{\"@type\":\"ReadAction\",\"target\":[\"https:\\\/\\\/www.koonings.com\\\/de\\\/product\\\/enzoani-love-collection-bellarose\\\/\"]}]},{\"@type\":\"ImageObject\",\"inLanguage\":\"de\",\"@id\":\"https:\\\/\\\/www.koonings.com\\\/de\\\/product\\\/enzoani-love-collection-bellarose\\\/#primaryimage\",\"url\":\"https:\\\/\\\/www.koonings.com\\\/wp-content\\\/uploads\\\/2024\\\/11\\\/37763_df596efd31abbbda7fd790b53ddaccfb8cfccb5586bb142c9aa081eff557d981a2c5b049.jpeg\",\"contentUrl\":\"https:\\\/\\\/www.koonings.com\\\/wp-content\\\/uploads\\\/2024\\\/11\\\/37763_df596efd31abbbda7fd790b53ddaccfb8cfccb5586bb142c9aa081eff557d981a2c5b049.jpeg\",\"width\":1035,\"height\":1380},{\"@type\":\"BreadcrumbList\",\"@id\":\"https:\\\/\\\/www.koonings.com\\\/de\\\/product\\\/enzoani-love-collection-bellarose\\\/#breadcrumb\",\"itemListElement\":[{\"@type\":\"ListItem\",\"position\":1,\"name\":\"Home\",\"item\":\"https:\\\/\\\/www.koonings.com\\\/de\\\/\"},{\"@type\":\"ListItem\",\"position\":2,\"name\":\"Enzoani Liebe Kollektion Bellarose\"}]},{\"@type\":\"WebSite\",\"@id\":\"https:\\\/\\\/www.koonings.com\\\/de\\\/#website\",\"url\":\"https:\\\/\\\/www.koonings.com\\\/de\\\/\",\"name\":\"Koonings\",\"description\":\"De grootste bruidsmodewinkel ter wereld\",\"publisher\":{\"@id\":\"https:\\\/\\\/www.koonings.com\\\/de\\\/#organization\"},\"potentialAction\":[{\"@type\":\"SearchAction\",\"target\":{\"@type\":\"EntryPoint\",\"urlTemplate\":\"https:\\\/\\\/www.koonings.com\\\/de\\\/?s={search_term_string}\"},\"query-input\":{\"@type\":\"PropertyValueSpecification\",\"valueRequired\":true,\"valueName\":\"search_term_string\"}}],\"inLanguage\":\"de\"},{\"@type\":\"Organization\",\"@id\":\"https:\\\/\\\/www.koonings.com\\\/de\\\/#organization\",\"name\":\"Koonings\",\"url\":\"https:\\\/\\\/www.koonings.com\\\/de\\\/\",\"logo\":{\"@type\":\"ImageObject\",\"inLanguage\":\"de\",\"@id\":\"https:\\\/\\\/www.koonings.com\\\/de\\\/#\\\/schema\\\/logo\\\/image\\\/\",\"url\":\"https:\\\/\\\/www.koonings.com\\\/wp-content\\\/uploads\\\/2024\\\/07\\\/logo.png\",\"contentUrl\":\"https:\\\/\\\/www.koonings.com\\\/wp-content\\\/uploads\\\/2024\\\/07\\\/logo.png\",\"width\":600,\"height\":428,\"caption\":\"Koonings\"},\"image\":{\"@id\":\"https:\\\/\\\/www.koonings.com\\\/de\\\/#\\\/schema\\\/logo\\\/image\\\/\"},\"sameAs\":[\"https:\\\/\\\/www.facebook.com\\\/kooningstheweddingpalace\",\"https:\\\/\\\/www.instagram.com\\\/kooningstheweddingpalace\",\"https:\\\/\\\/www.pinterest.com\\\/koonings\",\"https:\\\/\\\/www.youtube.com\\\/kooningstheweddingpalace\"]}]}<\/script>\n<!-- \/ Yoast SEO plugin. -->","yoast_head_json":{"title":"Enzoani Liebe Kollektion Bellarose | Koonings","description":"Verlieben Sie sich in Bellarose. Der schlichte herzf\u00f6rmige Ausschnitt und das auff\u00e4llige Detail am R\u00fccken sind perfekt. Zusammen mit dem modernen Mieder mit Illusionskorsett setzt sich das umwerfende Drama mit dem auff\u00e4lligen Schleifendetail am R\u00fccken fort, das die zarten, verdeckten Kn\u00f6pfe erg\u00e4nzt, die \u00fcber den gesamten R\u00fccken des Kleides verlaufen. Und vergessen Sie nicht: Es gibt Taschen!","robots":{"index":"index","follow":"follow","max-snippet":"max-snippet:-1","max-image-preview":"max-image-preview:large","max-video-preview":"max-video-preview:-1"},"canonical":"https:\/\/www.koonings.com\/de\/product\/enzoani-love-collection-bellarose\/","og_locale":"de_DE","og_type":"article","og_title":"Enzoani Liebe Kollektion Bellarose | Koonings","og_description":"Verlieben Sie sich in Bellarose. Der schlichte herzf\u00f6rmige Ausschnitt und das auff\u00e4llige Detail am R\u00fccken sind perfekt. Zusammen mit dem modernen Mieder mit Illusionskorsett setzt sich das umwerfende Drama mit dem auff\u00e4lligen Schleifendetail am R\u00fccken fort, das die zarten, verdeckten Kn\u00f6pfe erg\u00e4nzt, die \u00fcber den gesamten R\u00fccken des Kleides verlaufen. Und vergessen Sie nicht: Es gibt Taschen!","og_url":"https:\/\/www.koonings.com\/de\/product\/enzoani-love-collection-bellarose\/","og_site_name":"Koonings","article_publisher":"https:\/\/www.facebook.com\/kooningstheweddingpalace","article_modified_time":"2026-02-03T18:34:01+00:00","og_image":[{"width":1035,"height":1380,"url":"https:\/\/www.koonings.com\/wp-content\/uploads\/2024\/11\/37763_df596efd31abbbda7fd790b53ddaccfb8cfccb5586bb142c9aa081eff557d981a2c5b049.jpeg","type":"image\/jpeg"}],"twitter_card":"summary_large_image","schema":{"@context":"https:\/\/schema.org","@graph":[{"@type":"WebPage","@id":"https:\/\/www.koonings.com\/de\/product\/enzoani-love-collection-bellarose\/","url":"https:\/\/www.koonings.com\/de\/product\/enzoani-love-collection-bellarose\/","name":"Enzoani Liebe Kollektion Bellarose | Koonings","isPartOf":{"@id":"https:\/\/www.koonings.com\/de\/#website"},"primaryImageOfPage":{"@id":"https:\/\/www.koonings.com\/de\/product\/enzoani-love-collection-bellarose\/#primaryimage"},"image":{"@id":"https:\/\/www.koonings.com\/de\/product\/enzoani-love-collection-bellarose\/#primaryimage"},"thumbnailUrl":"https:\/\/www.koonings.com\/wp-content\/uploads\/2024\/11\/37763_df596efd31abbbda7fd790b53ddaccfb8cfccb5586bb142c9aa081eff557d981a2c5b049.jpeg","datePublished":"2025-12-14T23:12:29+00:00","dateModified":"2026-02-03T18:34:01+00:00","description":"Verlieben Sie sich in Bellarose. Der schlichte herzf\u00f6rmige Ausschnitt und das auff\u00e4llige Detail am R\u00fccken sind perfekt. Zusammen mit dem modernen Mieder mit Illusionskorsett setzt sich das umwerfende Drama mit dem auff\u00e4lligen Schleifendetail am R\u00fccken fort, das die zarten, verdeckten Kn\u00f6pfe erg\u00e4nzt, die \u00fcber den gesamten R\u00fccken des Kleides verlaufen. Und vergessen Sie nicht: Es gibt Taschen!","breadcrumb":{"@id":"https:\/\/www.koonings.com\/de\/product\/enzoani-love-collection-bellarose\/#breadcrumb"},"inLanguage":"de","potentialAction":[{"@type":"ReadAction","target":["https:\/\/www.koonings.com\/de\/product\/enzoani-love-collection-bellarose\/"]}]},{"@type":"ImageObject","inLanguage":"de","@id":"https:\/\/www.koonings.com\/de\/product\/enzoani-love-collection-bellarose\/#primaryimage","url":"https:\/\/www.koonings.com\/wp-content\/uploads\/2024\/11\/37763_df596efd31abbbda7fd790b53ddaccfb8cfccb5586bb142c9aa081eff557d981a2c5b049.jpeg","contentUrl":"https:\/\/www.koonings.com\/wp-content\/uploads\/2024\/11\/37763_df596efd31abbbda7fd790b53ddaccfb8cfccb5586bb142c9aa081eff557d981a2c5b049.jpeg","width":1035,"height":1380},{"@type":"BreadcrumbList","@id":"https:\/\/www.koonings.com\/de\/product\/enzoani-love-collection-bellarose\/#breadcrumb","itemListElement":[{"@type":"ListItem","position":1,"name":"Home","item":"https:\/\/www.koonings.com\/de\/"},{"@type":"ListItem","position":2,"name":"Enzoani Liebe Kollektion Bellarose"}]},{"@type":"WebSite","@id":"https:\/\/www.koonings.com\/de\/#website","url":"https:\/\/www.koonings.com\/de\/","name":"Koonings","description":"De grootste bruidsmodewinkel ter wereld","publisher":{"@id":"https:\/\/www.koonings.com\/de\/#organization"},"potentialAction":[{"@type":"SearchAction","target":{"@type":"EntryPoint","urlTemplate":"https:\/\/www.koonings.com\/de\/?s={search_term_string}"},"query-input":{"@type":"PropertyValueSpecification","valueRequired":true,"valueName":"search_term_string"}}],"inLanguage":"de"},{"@type":"Organization","@id":"https:\/\/www.koonings.com\/de\/#organization","name":"Koonings","url":"https:\/\/www.koonings.com\/de\/","logo":{"@type":"ImageObject","inLanguage":"de","@id":"https:\/\/www.koonings.com\/de\/#\/schema\/logo\/image\/","url":"https:\/\/www.koonings.com\/wp-content\/uploads\/2024\/07\/logo.png","contentUrl":"https:\/\/www.koonings.com\/wp-content\/uploads\/2024\/07\/logo.png","width":600,"height":428,"caption":"Koonings"},"image":{"@id":"https:\/\/www.koonings.com\/de\/#\/schema\/logo\/image\/"},"sameAs":["https:\/\/www.facebook.com\/kooningstheweddingpalace","https:\/\/www.instagram.com\/kooningstheweddingpalace","https:\/\/www.pinterest.com\/koonings","https:\/\/www.youtube.com\/kooningstheweddingpalace"]}]}},"_links":{"self":[{"href":"https:\/\/www.koonings.com\/de\/wp-json\/wp\/v2\/product\/78584","targetHints":{"allow":["GET"]}}],"collection":[{"href":"https:\/\/www.koonings.com\/de\/wp-json\/wp\/v2\/product"}],"about":[{"href":"https:\/\/www.koonings.com\/de\/wp-json\/wp\/v2\/types\/product"}],"wp:featuredmedia":[{"embeddable":true,"href":"https:\/\/www.koonings.com\/de\/wp-json\/wp\/v2\/media\/63040"}],"wp:attachment":[{"href":"https:\/\/www.koonings.com\/de\/wp-json\/wp\/v2\/media?parent=78584"}],"wp:term":[{"taxonomy":"productdetails","embeddable":true,"href":"https:\/\/www.koonings.com\/de\/wp-json\/wp\/v2\/productdetails?post=78584"},{"taxonomy":"productneck","embeddable":true,"href":"https:\/\/www.koonings.com\/de\/wp-json\/wp\/v2\/productneck?post=78584"},{"taxonomy":"productcolor","embeddable":true,"href":"https:\/\/www.koonings.com\/de\/wp-json\/wp\/v2\/productcolor?post=78584"},{"taxonomy":"maat","embeddable":true,"href":"https:\/\/www.koonings.com\/de\/wp-json\/wp\/v2\/maat?post=78584"},{"taxonomy":"productsupplier","embeddable":true,"href":"https:\/\/www.koonings.com\/de\/wp-json\/wp\/v2\/productsupplier?post=78584"},{"taxonomy":"productsleeve","embeddable":true,"href":"https:\/\/www.koonings.com\/de\/wp-json\/wp\/v2\/productsleeve?post=78584"},{"taxonomy":"productcategory","embeddable":true,"href":"https:\/\/www.koonings.com\/de\/wp-json\/wp\/v2\/productcategory?post=78584"},{"taxonomy":"productsilhouette","embeddable":true,"href":"https:\/\/www.koonings.com\/de\/wp-json\/wp\/v2\/productsilhouette?post=78584"},{"taxonomy":"productstyle","embeddable":true,"href":"https:\/\/www.koonings.com\/de\/wp-json\/wp\/v2\/productstyle?post=78584"}],"curies":[{"name":"wp","href":"https:\/\/api.w.org\/{rel}","templated":true}]}}