{"id":78556,"date":"2026-05-06T15:10:59","date_gmt":"2026-05-06T13:10:59","guid":{"rendered":"https:\/\/www.koonings.com\/product\/enzoani-love-collection-caroline\/"},"modified":"2026-02-16T14:46:16","modified_gmt":"2026-02-16T13:46:16","slug":"enzoani-love-collection-caroline","status":"publish","type":"product","link":"https:\/\/www.koonings.com\/de\/product\/enzoani-love-collection-caroline\/","title":{"rendered":"Enzoani Liebe Kollektion Caroline"},"content":{"rendered":"<p>Pure Brautmagie in Modell Caroline, mit ihrer atemberaubenden linearen Spitze mit Perlen. Dieses atemberaubende Kleid in A-Linie hat einen schmeichelhaften Bootsausschnitt mit st\u00fctzenden Tr\u00e4gern und seitlichen Ausschnitten f\u00fcr eine atemberaubende Passform. Die glamour\u00f6se, mit Perlen besetzte Spitze ist am Mieder und am R\u00fccken mit Juwelen besetzt und geht in einen zierlichen Rock aus Glitzert\u00fcll und einem kleinen Schlitz \u00fcber, der f\u00fcr ein verspieltes Finish sorgt.  <\/p>\n","protected":false},"featured_media":63210,"template":"","meta":{"_acf_changed":false,"ghostkit_customizer_options":"","ghostkit_custom_css":"","ghostkit_custom_js_head":"","ghostkit_custom_js_foot":"","ghostkit_typography":""},"productdetails":[376,378],"productneck":[349],"productcolor":[393,392],"maat":[],"productsupplier":[475],"productsleeve":[359],"productcategory":[18],"productsilhouette":[384],"productstyle":[],"class_list":["post-78556","product","type-product","status-publish","has-post-thumbnail","hentry","productdetails-376","productdetails-378","productneck-349","productcolor-393","productcolor-392","productsupplier-enzoani-love-collection","productsleeve-359","productcategory-trouwjurken","productsilhouette-384"],"acf":[],"yoast_head":"<!-- This site is optimized with the Yoast SEO plugin v27.3 - https:\/\/yoast.com\/product\/yoast-seo-wordpress\/ -->\n<title>Enzoani Liebe Kollektion Caroline | Koonings<\/title>\n<meta name=\"description\" content=\"Pure Brautmagie in Modell Caroline, mit ihrer atemberaubenden linearen Spitze mit Perlen. Dieses atemberaubende Kleid in A-Linie hat einen schmeichelhaften Bootsausschnitt mit st\u00fctzenden Tr\u00e4gern und seitlichen Ausschnitten f\u00fcr eine atemberaubende Passform. Die glamour\u00f6se, mit Perlen besetzte Spitze ist am Mieder und am R\u00fccken mit Juwelen besetzt und geht in einen zierlichen Rock aus Glitzert\u00fcll und einem kleinen Schlitz \u00fcber, der f\u00fcr ein verspieltes Finish sorgt.\" \/>\n<meta name=\"robots\" content=\"index, follow, max-snippet:-1, max-image-preview:large, max-video-preview:-1\" \/>\n<link rel=\"canonical\" href=\"https:\/\/www.koonings.com\/de\/product\/enzoani-love-collection-caroline\/\" \/>\n<meta property=\"og:locale\" content=\"de_DE\" \/>\n<meta property=\"og:type\" content=\"article\" \/>\n<meta property=\"og:title\" content=\"Enzoani Liebe Kollektion Caroline | Koonings\" \/>\n<meta property=\"og:description\" content=\"Pure Brautmagie in Modell Caroline, mit ihrer atemberaubenden linearen Spitze mit Perlen. Dieses atemberaubende Kleid in A-Linie hat einen schmeichelhaften Bootsausschnitt mit st\u00fctzenden Tr\u00e4gern und seitlichen Ausschnitten f\u00fcr eine atemberaubende Passform. Die glamour\u00f6se, mit Perlen besetzte Spitze ist am Mieder und am R\u00fccken mit Juwelen besetzt und geht in einen zierlichen Rock aus Glitzert\u00fcll und einem kleinen Schlitz \u00fcber, der f\u00fcr ein verspieltes Finish sorgt.\" \/>\n<meta property=\"og:url\" content=\"https:\/\/www.koonings.com\/de\/product\/enzoani-love-collection-caroline\/\" \/>\n<meta property=\"og:site_name\" content=\"Koonings\" \/>\n<meta property=\"article:publisher\" content=\"https:\/\/www.facebook.com\/kooningstheweddingpalace\" \/>\n<meta property=\"og:image\" content=\"https:\/\/www.koonings.com\/wp-content\/uploads\/2024\/11\/38681_8217c00478fbd9c5550fd039b05b48bc63fd06c2365c6310804608896de465b9b9e2bea9.jpeg\" \/>\n\t<meta property=\"og:image:width\" content=\"1035\" \/>\n\t<meta property=\"og:image:height\" content=\"1380\" \/>\n\t<meta property=\"og:image:type\" content=\"image\/jpeg\" \/>\n<meta name=\"twitter:card\" content=\"summary_large_image\" \/>\n<script type=\"application\/ld+json\" class=\"yoast-schema-graph\">{\"@context\":\"https:\\\/\\\/schema.org\",\"@graph\":[{\"@type\":\"WebPage\",\"@id\":\"https:\\\/\\\/www.koonings.com\\\/de\\\/product\\\/enzoani-love-collection-caroline\\\/\",\"url\":\"https:\\\/\\\/www.koonings.com\\\/de\\\/product\\\/enzoani-love-collection-caroline\\\/\",\"name\":\"Enzoani Liebe Kollektion Caroline | Koonings\",\"isPartOf\":{\"@id\":\"https:\\\/\\\/www.koonings.com\\\/de\\\/#website\"},\"primaryImageOfPage\":{\"@id\":\"https:\\\/\\\/www.koonings.com\\\/de\\\/product\\\/enzoani-love-collection-caroline\\\/#primaryimage\"},\"image\":{\"@id\":\"https:\\\/\\\/www.koonings.com\\\/de\\\/product\\\/enzoani-love-collection-caroline\\\/#primaryimage\"},\"thumbnailUrl\":\"https:\\\/\\\/www.koonings.com\\\/wp-content\\\/uploads\\\/2024\\\/11\\\/38681_8217c00478fbd9c5550fd039b05b48bc63fd06c2365c6310804608896de465b9b9e2bea9.jpeg\",\"datePublished\":\"2026-05-06T13:10:59+00:00\",\"description\":\"Pure Brautmagie in Modell Caroline, mit ihrer atemberaubenden linearen Spitze mit Perlen. Dieses atemberaubende Kleid in A-Linie hat einen schmeichelhaften Bootsausschnitt mit st\u00fctzenden Tr\u00e4gern und seitlichen Ausschnitten f\u00fcr eine atemberaubende Passform. Die glamour\u00f6se, mit Perlen besetzte Spitze ist am Mieder und am R\u00fccken mit Juwelen besetzt und geht in einen zierlichen Rock aus Glitzert\u00fcll und einem kleinen Schlitz \u00fcber, der f\u00fcr ein verspieltes Finish sorgt.\",\"breadcrumb\":{\"@id\":\"https:\\\/\\\/www.koonings.com\\\/de\\\/product\\\/enzoani-love-collection-caroline\\\/#breadcrumb\"},\"inLanguage\":\"de\",\"potentialAction\":[{\"@type\":\"ReadAction\",\"target\":[\"https:\\\/\\\/www.koonings.com\\\/de\\\/product\\\/enzoani-love-collection-caroline\\\/\"]}]},{\"@type\":\"ImageObject\",\"inLanguage\":\"de\",\"@id\":\"https:\\\/\\\/www.koonings.com\\\/de\\\/product\\\/enzoani-love-collection-caroline\\\/#primaryimage\",\"url\":\"https:\\\/\\\/www.koonings.com\\\/wp-content\\\/uploads\\\/2024\\\/11\\\/38681_8217c00478fbd9c5550fd039b05b48bc63fd06c2365c6310804608896de465b9b9e2bea9.jpeg\",\"contentUrl\":\"https:\\\/\\\/www.koonings.com\\\/wp-content\\\/uploads\\\/2024\\\/11\\\/38681_8217c00478fbd9c5550fd039b05b48bc63fd06c2365c6310804608896de465b9b9e2bea9.jpeg\",\"width\":1035,\"height\":1380},{\"@type\":\"BreadcrumbList\",\"@id\":\"https:\\\/\\\/www.koonings.com\\\/de\\\/product\\\/enzoani-love-collection-caroline\\\/#breadcrumb\",\"itemListElement\":[{\"@type\":\"ListItem\",\"position\":1,\"name\":\"Home\",\"item\":\"https:\\\/\\\/www.koonings.com\\\/de\\\/\"},{\"@type\":\"ListItem\",\"position\":2,\"name\":\"Enzoani Liebe Kollektion Caroline\"}]},{\"@type\":\"WebSite\",\"@id\":\"https:\\\/\\\/www.koonings.com\\\/de\\\/#website\",\"url\":\"https:\\\/\\\/www.koonings.com\\\/de\\\/\",\"name\":\"Koonings\",\"description\":\"De grootste bruidsmodewinkel ter wereld\",\"publisher\":{\"@id\":\"https:\\\/\\\/www.koonings.com\\\/de\\\/#organization\"},\"potentialAction\":[{\"@type\":\"SearchAction\",\"target\":{\"@type\":\"EntryPoint\",\"urlTemplate\":\"https:\\\/\\\/www.koonings.com\\\/de\\\/?s={search_term_string}\"},\"query-input\":{\"@type\":\"PropertyValueSpecification\",\"valueRequired\":true,\"valueName\":\"search_term_string\"}}],\"inLanguage\":\"de\"},{\"@type\":\"Organization\",\"@id\":\"https:\\\/\\\/www.koonings.com\\\/de\\\/#organization\",\"name\":\"Koonings\",\"url\":\"https:\\\/\\\/www.koonings.com\\\/de\\\/\",\"logo\":{\"@type\":\"ImageObject\",\"inLanguage\":\"de\",\"@id\":\"https:\\\/\\\/www.koonings.com\\\/de\\\/#\\\/schema\\\/logo\\\/image\\\/\",\"url\":\"https:\\\/\\\/www.koonings.com\\\/wp-content\\\/uploads\\\/2024\\\/07\\\/logo.png\",\"contentUrl\":\"https:\\\/\\\/www.koonings.com\\\/wp-content\\\/uploads\\\/2024\\\/07\\\/logo.png\",\"width\":600,\"height\":428,\"caption\":\"Koonings\"},\"image\":{\"@id\":\"https:\\\/\\\/www.koonings.com\\\/de\\\/#\\\/schema\\\/logo\\\/image\\\/\"},\"sameAs\":[\"https:\\\/\\\/www.facebook.com\\\/kooningstheweddingpalace\",\"https:\\\/\\\/www.instagram.com\\\/kooningstheweddingpalace\",\"https:\\\/\\\/www.pinterest.com\\\/koonings\",\"https:\\\/\\\/www.youtube.com\\\/kooningstheweddingpalace\"]}]}<\/script>\n<!-- \/ Yoast SEO plugin. -->","yoast_head_json":{"title":"Enzoani Liebe Kollektion Caroline | Koonings","description":"Pure Brautmagie in Modell Caroline, mit ihrer atemberaubenden linearen Spitze mit Perlen. Dieses atemberaubende Kleid in A-Linie hat einen schmeichelhaften Bootsausschnitt mit st\u00fctzenden Tr\u00e4gern und seitlichen Ausschnitten f\u00fcr eine atemberaubende Passform. Die glamour\u00f6se, mit Perlen besetzte Spitze ist am Mieder und am R\u00fccken mit Juwelen besetzt und geht in einen zierlichen Rock aus Glitzert\u00fcll und einem kleinen Schlitz \u00fcber, der f\u00fcr ein verspieltes Finish sorgt.","robots":{"index":"index","follow":"follow","max-snippet":"max-snippet:-1","max-image-preview":"max-image-preview:large","max-video-preview":"max-video-preview:-1"},"canonical":"https:\/\/www.koonings.com\/de\/product\/enzoani-love-collection-caroline\/","og_locale":"de_DE","og_type":"article","og_title":"Enzoani Liebe Kollektion Caroline | Koonings","og_description":"Pure Brautmagie in Modell Caroline, mit ihrer atemberaubenden linearen Spitze mit Perlen. Dieses atemberaubende Kleid in A-Linie hat einen schmeichelhaften Bootsausschnitt mit st\u00fctzenden Tr\u00e4gern und seitlichen Ausschnitten f\u00fcr eine atemberaubende Passform. Die glamour\u00f6se, mit Perlen besetzte Spitze ist am Mieder und am R\u00fccken mit Juwelen besetzt und geht in einen zierlichen Rock aus Glitzert\u00fcll und einem kleinen Schlitz \u00fcber, der f\u00fcr ein verspieltes Finish sorgt.","og_url":"https:\/\/www.koonings.com\/de\/product\/enzoani-love-collection-caroline\/","og_site_name":"Koonings","article_publisher":"https:\/\/www.facebook.com\/kooningstheweddingpalace","og_image":[{"width":1035,"height":1380,"url":"https:\/\/www.koonings.com\/wp-content\/uploads\/2024\/11\/38681_8217c00478fbd9c5550fd039b05b48bc63fd06c2365c6310804608896de465b9b9e2bea9.jpeg","type":"image\/jpeg"}],"twitter_card":"summary_large_image","schema":{"@context":"https:\/\/schema.org","@graph":[{"@type":"WebPage","@id":"https:\/\/www.koonings.com\/de\/product\/enzoani-love-collection-caroline\/","url":"https:\/\/www.koonings.com\/de\/product\/enzoani-love-collection-caroline\/","name":"Enzoani Liebe Kollektion Caroline | Koonings","isPartOf":{"@id":"https:\/\/www.koonings.com\/de\/#website"},"primaryImageOfPage":{"@id":"https:\/\/www.koonings.com\/de\/product\/enzoani-love-collection-caroline\/#primaryimage"},"image":{"@id":"https:\/\/www.koonings.com\/de\/product\/enzoani-love-collection-caroline\/#primaryimage"},"thumbnailUrl":"https:\/\/www.koonings.com\/wp-content\/uploads\/2024\/11\/38681_8217c00478fbd9c5550fd039b05b48bc63fd06c2365c6310804608896de465b9b9e2bea9.jpeg","datePublished":"2026-05-06T13:10:59+00:00","description":"Pure Brautmagie in Modell Caroline, mit ihrer atemberaubenden linearen Spitze mit Perlen. Dieses atemberaubende Kleid in A-Linie hat einen schmeichelhaften Bootsausschnitt mit st\u00fctzenden Tr\u00e4gern und seitlichen Ausschnitten f\u00fcr eine atemberaubende Passform. Die glamour\u00f6se, mit Perlen besetzte Spitze ist am Mieder und am R\u00fccken mit Juwelen besetzt und geht in einen zierlichen Rock aus Glitzert\u00fcll und einem kleinen Schlitz \u00fcber, der f\u00fcr ein verspieltes Finish sorgt.","breadcrumb":{"@id":"https:\/\/www.koonings.com\/de\/product\/enzoani-love-collection-caroline\/#breadcrumb"},"inLanguage":"de","potentialAction":[{"@type":"ReadAction","target":["https:\/\/www.koonings.com\/de\/product\/enzoani-love-collection-caroline\/"]}]},{"@type":"ImageObject","inLanguage":"de","@id":"https:\/\/www.koonings.com\/de\/product\/enzoani-love-collection-caroline\/#primaryimage","url":"https:\/\/www.koonings.com\/wp-content\/uploads\/2024\/11\/38681_8217c00478fbd9c5550fd039b05b48bc63fd06c2365c6310804608896de465b9b9e2bea9.jpeg","contentUrl":"https:\/\/www.koonings.com\/wp-content\/uploads\/2024\/11\/38681_8217c00478fbd9c5550fd039b05b48bc63fd06c2365c6310804608896de465b9b9e2bea9.jpeg","width":1035,"height":1380},{"@type":"BreadcrumbList","@id":"https:\/\/www.koonings.com\/de\/product\/enzoani-love-collection-caroline\/#breadcrumb","itemListElement":[{"@type":"ListItem","position":1,"name":"Home","item":"https:\/\/www.koonings.com\/de\/"},{"@type":"ListItem","position":2,"name":"Enzoani Liebe Kollektion Caroline"}]},{"@type":"WebSite","@id":"https:\/\/www.koonings.com\/de\/#website","url":"https:\/\/www.koonings.com\/de\/","name":"Koonings","description":"De grootste bruidsmodewinkel ter wereld","publisher":{"@id":"https:\/\/www.koonings.com\/de\/#organization"},"potentialAction":[{"@type":"SearchAction","target":{"@type":"EntryPoint","urlTemplate":"https:\/\/www.koonings.com\/de\/?s={search_term_string}"},"query-input":{"@type":"PropertyValueSpecification","valueRequired":true,"valueName":"search_term_string"}}],"inLanguage":"de"},{"@type":"Organization","@id":"https:\/\/www.koonings.com\/de\/#organization","name":"Koonings","url":"https:\/\/www.koonings.com\/de\/","logo":{"@type":"ImageObject","inLanguage":"de","@id":"https:\/\/www.koonings.com\/de\/#\/schema\/logo\/image\/","url":"https:\/\/www.koonings.com\/wp-content\/uploads\/2024\/07\/logo.png","contentUrl":"https:\/\/www.koonings.com\/wp-content\/uploads\/2024\/07\/logo.png","width":600,"height":428,"caption":"Koonings"},"image":{"@id":"https:\/\/www.koonings.com\/de\/#\/schema\/logo\/image\/"},"sameAs":["https:\/\/www.facebook.com\/kooningstheweddingpalace","https:\/\/www.instagram.com\/kooningstheweddingpalace","https:\/\/www.pinterest.com\/koonings","https:\/\/www.youtube.com\/kooningstheweddingpalace"]}]}},"_links":{"self":[{"href":"https:\/\/www.koonings.com\/de\/wp-json\/wp\/v2\/product\/78556","targetHints":{"allow":["GET"]}}],"collection":[{"href":"https:\/\/www.koonings.com\/de\/wp-json\/wp\/v2\/product"}],"about":[{"href":"https:\/\/www.koonings.com\/de\/wp-json\/wp\/v2\/types\/product"}],"wp:featuredmedia":[{"embeddable":true,"href":"https:\/\/www.koonings.com\/de\/wp-json\/wp\/v2\/media\/63210"}],"wp:attachment":[{"href":"https:\/\/www.koonings.com\/de\/wp-json\/wp\/v2\/media?parent=78556"}],"wp:term":[{"taxonomy":"productdetails","embeddable":true,"href":"https:\/\/www.koonings.com\/de\/wp-json\/wp\/v2\/productdetails?post=78556"},{"taxonomy":"productneck","embeddable":true,"href":"https:\/\/www.koonings.com\/de\/wp-json\/wp\/v2\/productneck?post=78556"},{"taxonomy":"productcolor","embeddable":true,"href":"https:\/\/www.koonings.com\/de\/wp-json\/wp\/v2\/productcolor?post=78556"},{"taxonomy":"maat","embeddable":true,"href":"https:\/\/www.koonings.com\/de\/wp-json\/wp\/v2\/maat?post=78556"},{"taxonomy":"productsupplier","embeddable":true,"href":"https:\/\/www.koonings.com\/de\/wp-json\/wp\/v2\/productsupplier?post=78556"},{"taxonomy":"productsleeve","embeddable":true,"href":"https:\/\/www.koonings.com\/de\/wp-json\/wp\/v2\/productsleeve?post=78556"},{"taxonomy":"productcategory","embeddable":true,"href":"https:\/\/www.koonings.com\/de\/wp-json\/wp\/v2\/productcategory?post=78556"},{"taxonomy":"productsilhouette","embeddable":true,"href":"https:\/\/www.koonings.com\/de\/wp-json\/wp\/v2\/productsilhouette?post=78556"},{"taxonomy":"productstyle","embeddable":true,"href":"https:\/\/www.koonings.com\/de\/wp-json\/wp\/v2\/productstyle?post=78556"}],"curies":[{"name":"wp","href":"https:\/\/api.w.org\/{rel}","templated":true}]}}