{"id":78547,"date":"2026-04-14T16:12:25","date_gmt":"2026-04-14T14:12:25","guid":{"rendered":"https:\/\/www.koonings.com\/product\/enzoani-love-collection-carlin\/"},"modified":"2026-02-16T14:46:16","modified_gmt":"2026-02-16T13:46:16","slug":"enzoani-love-collection-carlin","status":"publish","type":"product","link":"https:\/\/www.koonings.com\/de\/product\/enzoani-love-collection-carlin\/","title":{"rendered":"Enzoani Liebe Kollektion Carlin"},"content":{"rendered":"<p>Perfekt gemacht f\u00fcr unsere eleganten Br\u00e4ute, die dennoch einen subtilen, verf\u00fchrerischen Look w\u00fcnschen. Das Modell Carlin hat einen tiefen, herzf\u00f6rmigen Ausschnitt mit sichtbaren Korsettst\u00e4bchen und Illusionsausschnitten. 3D-Blumenmotive sind wundersch\u00f6n entlang der Ausschnitte platziert und flie\u00dfen in den luftigen T\u00fcllrock. Der schimmernde Glitzer-T\u00fcll erg\u00e4nzt den sexy hohen Schlitz und verzaubert von allen Seiten. Die zierlichen Spitzendetails auf der R\u00fcckseite sorgen in Kombination mit der bestickten Spitze f\u00fcr einen vertr\u00e4umten Touch, der seinesgleichen sucht.    <\/p>\n","protected":false},"featured_media":63265,"template":"","meta":{"_acf_changed":false,"ghostkit_customizer_options":"","ghostkit_custom_css":"","ghostkit_custom_js_head":"","ghostkit_custom_js_foot":"","ghostkit_typography":""},"productdetails":[377,381],"productneck":[355],"productcolor":[393,392],"maat":[],"productsupplier":[475],"productsleeve":[363],"productcategory":[18],"productsilhouette":[384,389],"productstyle":[370],"class_list":["post-78547","product","type-product","status-publish","has-post-thumbnail","hentry","productdetails-377","productdetails-381","productneck-355","productcolor-393","productcolor-392","productsupplier-enzoani-love-collection","productsleeve-363","productcategory-trouwjurken","productsilhouette-384","productsilhouette-389","productstyle-370"],"acf":[],"yoast_head":"<!-- This site is optimized with the Yoast SEO plugin v27.3 - https:\/\/yoast.com\/product\/yoast-seo-wordpress\/ -->\n<title>Enzoani Liebe Kollektion Carlin | Koonings<\/title>\n<meta name=\"description\" content=\"Perfekt gemacht f\u00fcr unsere eleganten Br\u00e4ute, die dennoch einen subtilen, verf\u00fchrerischen Look w\u00fcnschen. Das Modell Carlin hat einen tiefen, herzf\u00f6rmigen Ausschnitt mit sichtbaren Korsettst\u00e4bchen und Illusionsausschnitten. 3D-Blumenmotive sind wundersch\u00f6n entlang der Ausschnitte platziert und flie\u00dfen in den luftigen T\u00fcllrock. Der schimmernde Glitzer-T\u00fcll erg\u00e4nzt den sexy hohen Schlitz und verzaubert von allen Seiten. Die zierlichen Spitzendetails auf der R\u00fcckseite sorgen in Kombination mit der bestickten Spitze f\u00fcr einen vertr\u00e4umten Touch, der seinesgleichen sucht.\" \/>\n<meta name=\"robots\" content=\"index, follow, max-snippet:-1, max-image-preview:large, max-video-preview:-1\" \/>\n<link rel=\"canonical\" href=\"https:\/\/www.koonings.com\/de\/product\/enzoani-love-collection-carlin\/\" \/>\n<meta property=\"og:locale\" content=\"de_DE\" \/>\n<meta property=\"og:type\" content=\"article\" \/>\n<meta property=\"og:title\" content=\"Enzoani Liebe Kollektion Carlin | Koonings\" \/>\n<meta property=\"og:description\" content=\"Perfekt gemacht f\u00fcr unsere eleganten Br\u00e4ute, die dennoch einen subtilen, verf\u00fchrerischen Look w\u00fcnschen. Das Modell Carlin hat einen tiefen, herzf\u00f6rmigen Ausschnitt mit sichtbaren Korsettst\u00e4bchen und Illusionsausschnitten. 3D-Blumenmotive sind wundersch\u00f6n entlang der Ausschnitte platziert und flie\u00dfen in den luftigen T\u00fcllrock. Der schimmernde Glitzer-T\u00fcll erg\u00e4nzt den sexy hohen Schlitz und verzaubert von allen Seiten. Die zierlichen Spitzendetails auf der R\u00fcckseite sorgen in Kombination mit der bestickten Spitze f\u00fcr einen vertr\u00e4umten Touch, der seinesgleichen sucht.\" \/>\n<meta property=\"og:url\" content=\"https:\/\/www.koonings.com\/de\/product\/enzoani-love-collection-carlin\/\" \/>\n<meta property=\"og:site_name\" content=\"Koonings\" \/>\n<meta property=\"article:publisher\" content=\"https:\/\/www.facebook.com\/kooningstheweddingpalace\" \/>\n<meta property=\"og:image\" content=\"https:\/\/www.koonings.com\/wp-content\/uploads\/2024\/11\/38719_f611921ffadcb37027ee950d6549064ca82523b716e480bca31ea01e212dfd2d7a0cb377.jpeg\" \/>\n\t<meta property=\"og:image:width\" content=\"1035\" \/>\n\t<meta property=\"og:image:height\" content=\"1380\" \/>\n\t<meta property=\"og:image:type\" content=\"image\/jpeg\" \/>\n<meta name=\"twitter:card\" content=\"summary_large_image\" \/>\n<script type=\"application\/ld+json\" class=\"yoast-schema-graph\">{\"@context\":\"https:\\\/\\\/schema.org\",\"@graph\":[{\"@type\":\"WebPage\",\"@id\":\"https:\\\/\\\/www.koonings.com\\\/de\\\/product\\\/enzoani-love-collection-carlin\\\/\",\"url\":\"https:\\\/\\\/www.koonings.com\\\/de\\\/product\\\/enzoani-love-collection-carlin\\\/\",\"name\":\"Enzoani Liebe Kollektion Carlin | Koonings\",\"isPartOf\":{\"@id\":\"https:\\\/\\\/www.koonings.com\\\/de\\\/#website\"},\"primaryImageOfPage\":{\"@id\":\"https:\\\/\\\/www.koonings.com\\\/de\\\/product\\\/enzoani-love-collection-carlin\\\/#primaryimage\"},\"image\":{\"@id\":\"https:\\\/\\\/www.koonings.com\\\/de\\\/product\\\/enzoani-love-collection-carlin\\\/#primaryimage\"},\"thumbnailUrl\":\"https:\\\/\\\/www.koonings.com\\\/wp-content\\\/uploads\\\/2024\\\/11\\\/38719_f611921ffadcb37027ee950d6549064ca82523b716e480bca31ea01e212dfd2d7a0cb377.jpeg\",\"datePublished\":\"2026-04-14T14:12:25+00:00\",\"description\":\"Perfekt gemacht f\u00fcr unsere eleganten Br\u00e4ute, die dennoch einen subtilen, verf\u00fchrerischen Look w\u00fcnschen. Das Modell Carlin hat einen tiefen, herzf\u00f6rmigen Ausschnitt mit sichtbaren Korsettst\u00e4bchen und Illusionsausschnitten. 3D-Blumenmotive sind wundersch\u00f6n entlang der Ausschnitte platziert und flie\u00dfen in den luftigen T\u00fcllrock. Der schimmernde Glitzer-T\u00fcll erg\u00e4nzt den sexy hohen Schlitz und verzaubert von allen Seiten. Die zierlichen Spitzendetails auf der R\u00fcckseite sorgen in Kombination mit der bestickten Spitze f\u00fcr einen vertr\u00e4umten Touch, der seinesgleichen sucht.\",\"breadcrumb\":{\"@id\":\"https:\\\/\\\/www.koonings.com\\\/de\\\/product\\\/enzoani-love-collection-carlin\\\/#breadcrumb\"},\"inLanguage\":\"de\",\"potentialAction\":[{\"@type\":\"ReadAction\",\"target\":[\"https:\\\/\\\/www.koonings.com\\\/de\\\/product\\\/enzoani-love-collection-carlin\\\/\"]}]},{\"@type\":\"ImageObject\",\"inLanguage\":\"de\",\"@id\":\"https:\\\/\\\/www.koonings.com\\\/de\\\/product\\\/enzoani-love-collection-carlin\\\/#primaryimage\",\"url\":\"https:\\\/\\\/www.koonings.com\\\/wp-content\\\/uploads\\\/2024\\\/11\\\/38719_f611921ffadcb37027ee950d6549064ca82523b716e480bca31ea01e212dfd2d7a0cb377.jpeg\",\"contentUrl\":\"https:\\\/\\\/www.koonings.com\\\/wp-content\\\/uploads\\\/2024\\\/11\\\/38719_f611921ffadcb37027ee950d6549064ca82523b716e480bca31ea01e212dfd2d7a0cb377.jpeg\",\"width\":1035,\"height\":1380},{\"@type\":\"BreadcrumbList\",\"@id\":\"https:\\\/\\\/www.koonings.com\\\/de\\\/product\\\/enzoani-love-collection-carlin\\\/#breadcrumb\",\"itemListElement\":[{\"@type\":\"ListItem\",\"position\":1,\"name\":\"Home\",\"item\":\"https:\\\/\\\/www.koonings.com\\\/de\\\/\"},{\"@type\":\"ListItem\",\"position\":2,\"name\":\"Enzoani Liebe Kollektion Carlin\"}]},{\"@type\":\"WebSite\",\"@id\":\"https:\\\/\\\/www.koonings.com\\\/de\\\/#website\",\"url\":\"https:\\\/\\\/www.koonings.com\\\/de\\\/\",\"name\":\"Koonings\",\"description\":\"De grootste bruidsmodewinkel ter wereld\",\"publisher\":{\"@id\":\"https:\\\/\\\/www.koonings.com\\\/de\\\/#organization\"},\"potentialAction\":[{\"@type\":\"SearchAction\",\"target\":{\"@type\":\"EntryPoint\",\"urlTemplate\":\"https:\\\/\\\/www.koonings.com\\\/de\\\/?s={search_term_string}\"},\"query-input\":{\"@type\":\"PropertyValueSpecification\",\"valueRequired\":true,\"valueName\":\"search_term_string\"}}],\"inLanguage\":\"de\"},{\"@type\":\"Organization\",\"@id\":\"https:\\\/\\\/www.koonings.com\\\/de\\\/#organization\",\"name\":\"Koonings\",\"url\":\"https:\\\/\\\/www.koonings.com\\\/de\\\/\",\"logo\":{\"@type\":\"ImageObject\",\"inLanguage\":\"de\",\"@id\":\"https:\\\/\\\/www.koonings.com\\\/de\\\/#\\\/schema\\\/logo\\\/image\\\/\",\"url\":\"https:\\\/\\\/www.koonings.com\\\/wp-content\\\/uploads\\\/2024\\\/07\\\/logo.png\",\"contentUrl\":\"https:\\\/\\\/www.koonings.com\\\/wp-content\\\/uploads\\\/2024\\\/07\\\/logo.png\",\"width\":600,\"height\":428,\"caption\":\"Koonings\"},\"image\":{\"@id\":\"https:\\\/\\\/www.koonings.com\\\/de\\\/#\\\/schema\\\/logo\\\/image\\\/\"},\"sameAs\":[\"https:\\\/\\\/www.facebook.com\\\/kooningstheweddingpalace\",\"https:\\\/\\\/www.instagram.com\\\/kooningstheweddingpalace\",\"https:\\\/\\\/www.pinterest.com\\\/koonings\",\"https:\\\/\\\/www.youtube.com\\\/kooningstheweddingpalace\"]}]}<\/script>\n<!-- \/ Yoast SEO plugin. -->","yoast_head_json":{"title":"Enzoani Liebe Kollektion Carlin | Koonings","description":"Perfekt gemacht f\u00fcr unsere eleganten Br\u00e4ute, die dennoch einen subtilen, verf\u00fchrerischen Look w\u00fcnschen. Das Modell Carlin hat einen tiefen, herzf\u00f6rmigen Ausschnitt mit sichtbaren Korsettst\u00e4bchen und Illusionsausschnitten. 3D-Blumenmotive sind wundersch\u00f6n entlang der Ausschnitte platziert und flie\u00dfen in den luftigen T\u00fcllrock. Der schimmernde Glitzer-T\u00fcll erg\u00e4nzt den sexy hohen Schlitz und verzaubert von allen Seiten. Die zierlichen Spitzendetails auf der R\u00fcckseite sorgen in Kombination mit der bestickten Spitze f\u00fcr einen vertr\u00e4umten Touch, der seinesgleichen sucht.","robots":{"index":"index","follow":"follow","max-snippet":"max-snippet:-1","max-image-preview":"max-image-preview:large","max-video-preview":"max-video-preview:-1"},"canonical":"https:\/\/www.koonings.com\/de\/product\/enzoani-love-collection-carlin\/","og_locale":"de_DE","og_type":"article","og_title":"Enzoani Liebe Kollektion Carlin | Koonings","og_description":"Perfekt gemacht f\u00fcr unsere eleganten Br\u00e4ute, die dennoch einen subtilen, verf\u00fchrerischen Look w\u00fcnschen. Das Modell Carlin hat einen tiefen, herzf\u00f6rmigen Ausschnitt mit sichtbaren Korsettst\u00e4bchen und Illusionsausschnitten. 3D-Blumenmotive sind wundersch\u00f6n entlang der Ausschnitte platziert und flie\u00dfen in den luftigen T\u00fcllrock. Der schimmernde Glitzer-T\u00fcll erg\u00e4nzt den sexy hohen Schlitz und verzaubert von allen Seiten. Die zierlichen Spitzendetails auf der R\u00fcckseite sorgen in Kombination mit der bestickten Spitze f\u00fcr einen vertr\u00e4umten Touch, der seinesgleichen sucht.","og_url":"https:\/\/www.koonings.com\/de\/product\/enzoani-love-collection-carlin\/","og_site_name":"Koonings","article_publisher":"https:\/\/www.facebook.com\/kooningstheweddingpalace","og_image":[{"width":1035,"height":1380,"url":"https:\/\/www.koonings.com\/wp-content\/uploads\/2024\/11\/38719_f611921ffadcb37027ee950d6549064ca82523b716e480bca31ea01e212dfd2d7a0cb377.jpeg","type":"image\/jpeg"}],"twitter_card":"summary_large_image","schema":{"@context":"https:\/\/schema.org","@graph":[{"@type":"WebPage","@id":"https:\/\/www.koonings.com\/de\/product\/enzoani-love-collection-carlin\/","url":"https:\/\/www.koonings.com\/de\/product\/enzoani-love-collection-carlin\/","name":"Enzoani Liebe Kollektion Carlin | Koonings","isPartOf":{"@id":"https:\/\/www.koonings.com\/de\/#website"},"primaryImageOfPage":{"@id":"https:\/\/www.koonings.com\/de\/product\/enzoani-love-collection-carlin\/#primaryimage"},"image":{"@id":"https:\/\/www.koonings.com\/de\/product\/enzoani-love-collection-carlin\/#primaryimage"},"thumbnailUrl":"https:\/\/www.koonings.com\/wp-content\/uploads\/2024\/11\/38719_f611921ffadcb37027ee950d6549064ca82523b716e480bca31ea01e212dfd2d7a0cb377.jpeg","datePublished":"2026-04-14T14:12:25+00:00","description":"Perfekt gemacht f\u00fcr unsere eleganten Br\u00e4ute, die dennoch einen subtilen, verf\u00fchrerischen Look w\u00fcnschen. Das Modell Carlin hat einen tiefen, herzf\u00f6rmigen Ausschnitt mit sichtbaren Korsettst\u00e4bchen und Illusionsausschnitten. 3D-Blumenmotive sind wundersch\u00f6n entlang der Ausschnitte platziert und flie\u00dfen in den luftigen T\u00fcllrock. Der schimmernde Glitzer-T\u00fcll erg\u00e4nzt den sexy hohen Schlitz und verzaubert von allen Seiten. Die zierlichen Spitzendetails auf der R\u00fcckseite sorgen in Kombination mit der bestickten Spitze f\u00fcr einen vertr\u00e4umten Touch, der seinesgleichen sucht.","breadcrumb":{"@id":"https:\/\/www.koonings.com\/de\/product\/enzoani-love-collection-carlin\/#breadcrumb"},"inLanguage":"de","potentialAction":[{"@type":"ReadAction","target":["https:\/\/www.koonings.com\/de\/product\/enzoani-love-collection-carlin\/"]}]},{"@type":"ImageObject","inLanguage":"de","@id":"https:\/\/www.koonings.com\/de\/product\/enzoani-love-collection-carlin\/#primaryimage","url":"https:\/\/www.koonings.com\/wp-content\/uploads\/2024\/11\/38719_f611921ffadcb37027ee950d6549064ca82523b716e480bca31ea01e212dfd2d7a0cb377.jpeg","contentUrl":"https:\/\/www.koonings.com\/wp-content\/uploads\/2024\/11\/38719_f611921ffadcb37027ee950d6549064ca82523b716e480bca31ea01e212dfd2d7a0cb377.jpeg","width":1035,"height":1380},{"@type":"BreadcrumbList","@id":"https:\/\/www.koonings.com\/de\/product\/enzoani-love-collection-carlin\/#breadcrumb","itemListElement":[{"@type":"ListItem","position":1,"name":"Home","item":"https:\/\/www.koonings.com\/de\/"},{"@type":"ListItem","position":2,"name":"Enzoani Liebe Kollektion Carlin"}]},{"@type":"WebSite","@id":"https:\/\/www.koonings.com\/de\/#website","url":"https:\/\/www.koonings.com\/de\/","name":"Koonings","description":"De grootste bruidsmodewinkel ter wereld","publisher":{"@id":"https:\/\/www.koonings.com\/de\/#organization"},"potentialAction":[{"@type":"SearchAction","target":{"@type":"EntryPoint","urlTemplate":"https:\/\/www.koonings.com\/de\/?s={search_term_string}"},"query-input":{"@type":"PropertyValueSpecification","valueRequired":true,"valueName":"search_term_string"}}],"inLanguage":"de"},{"@type":"Organization","@id":"https:\/\/www.koonings.com\/de\/#organization","name":"Koonings","url":"https:\/\/www.koonings.com\/de\/","logo":{"@type":"ImageObject","inLanguage":"de","@id":"https:\/\/www.koonings.com\/de\/#\/schema\/logo\/image\/","url":"https:\/\/www.koonings.com\/wp-content\/uploads\/2024\/07\/logo.png","contentUrl":"https:\/\/www.koonings.com\/wp-content\/uploads\/2024\/07\/logo.png","width":600,"height":428,"caption":"Koonings"},"image":{"@id":"https:\/\/www.koonings.com\/de\/#\/schema\/logo\/image\/"},"sameAs":["https:\/\/www.facebook.com\/kooningstheweddingpalace","https:\/\/www.instagram.com\/kooningstheweddingpalace","https:\/\/www.pinterest.com\/koonings","https:\/\/www.youtube.com\/kooningstheweddingpalace"]}]}},"_links":{"self":[{"href":"https:\/\/www.koonings.com\/de\/wp-json\/wp\/v2\/product\/78547","targetHints":{"allow":["GET"]}}],"collection":[{"href":"https:\/\/www.koonings.com\/de\/wp-json\/wp\/v2\/product"}],"about":[{"href":"https:\/\/www.koonings.com\/de\/wp-json\/wp\/v2\/types\/product"}],"wp:featuredmedia":[{"embeddable":true,"href":"https:\/\/www.koonings.com\/de\/wp-json\/wp\/v2\/media\/63265"}],"wp:attachment":[{"href":"https:\/\/www.koonings.com\/de\/wp-json\/wp\/v2\/media?parent=78547"}],"wp:term":[{"taxonomy":"productdetails","embeddable":true,"href":"https:\/\/www.koonings.com\/de\/wp-json\/wp\/v2\/productdetails?post=78547"},{"taxonomy":"productneck","embeddable":true,"href":"https:\/\/www.koonings.com\/de\/wp-json\/wp\/v2\/productneck?post=78547"},{"taxonomy":"productcolor","embeddable":true,"href":"https:\/\/www.koonings.com\/de\/wp-json\/wp\/v2\/productcolor?post=78547"},{"taxonomy":"maat","embeddable":true,"href":"https:\/\/www.koonings.com\/de\/wp-json\/wp\/v2\/maat?post=78547"},{"taxonomy":"productsupplier","embeddable":true,"href":"https:\/\/www.koonings.com\/de\/wp-json\/wp\/v2\/productsupplier?post=78547"},{"taxonomy":"productsleeve","embeddable":true,"href":"https:\/\/www.koonings.com\/de\/wp-json\/wp\/v2\/productsleeve?post=78547"},{"taxonomy":"productcategory","embeddable":true,"href":"https:\/\/www.koonings.com\/de\/wp-json\/wp\/v2\/productcategory?post=78547"},{"taxonomy":"productsilhouette","embeddable":true,"href":"https:\/\/www.koonings.com\/de\/wp-json\/wp\/v2\/productsilhouette?post=78547"},{"taxonomy":"productstyle","embeddable":true,"href":"https:\/\/www.koonings.com\/de\/wp-json\/wp\/v2\/productstyle?post=78547"}],"curies":[{"name":"wp","href":"https:\/\/api.w.org\/{rel}","templated":true}]}}