{"id":78541,"date":"2025-12-15T00:16:28","date_gmt":"2025-12-14T23:16:28","guid":{"rendered":"https:\/\/www.koonings.com\/product\/enzoani-love-collection-claire\/"},"modified":"2026-02-03T19:35:09","modified_gmt":"2026-02-03T18:35:09","slug":"enzoani-love-collection-claire","status":"publish","type":"product","link":"https:\/\/www.koonings.com\/de\/product\/enzoani-love-collection-claire\/","title":{"rendered":"Enzoani Liebe Kollektion Claire"},"content":{"rendered":"<p>Das Modell Claire versetzt uns in Trance und ist perfekt f\u00fcr unsere vertr\u00e4umten Romantiker. Diese \u00e4therische A-Linien-Sch\u00f6nheit verf\u00fcgt \u00fcber einen tief ausgeschnittenen Sweetheart-Ausschnitt mit detaillierten 3D-Blumenmustern und bestickter Spitze auf glitzerndem T\u00fcllstoff. Die romantischen sichtbaren Korsettst\u00e4bchen, die seitlichen Illusionsausschnitte und die schulterfreien T\u00fclltr\u00e4ger sorgen f\u00fcr einen bezaubernden Brautlook. Die wundersch\u00f6ne Spitze ist sorgf\u00e4ltig entlang des Korsettr\u00fcckens und des Schlitzes platziert und l\u00e4uft in einen weichen und schimmernden T\u00fcllrock aus.   <\/p>\n","protected":false},"featured_media":63282,"template":"","meta":{"_acf_changed":false,"ghostkit_customizer_options":"","ghostkit_custom_css":"","ghostkit_custom_js_head":"","ghostkit_custom_js_foot":"","ghostkit_typography":""},"productdetails":[378,381],"productneck":[351,356],"productcolor":[392],"maat":[],"productsupplier":[475],"productsleeve":[360,363],"productcategory":[18],"productsilhouette":[384,389],"productstyle":[366,370],"class_list":["post-78541","product","type-product","status-publish","has-post-thumbnail","hentry","productdetails-378","productdetails-381","productneck-351","productneck-356","productcolor-392","productsupplier-enzoani-love-collection","productsleeve-360","productsleeve-363","productcategory-trouwjurken","productsilhouette-384","productsilhouette-389","productstyle-366","productstyle-370"],"acf":[],"yoast_head":"<!-- This site is optimized with the Yoast SEO plugin v27.3 - https:\/\/yoast.com\/product\/yoast-seo-wordpress\/ -->\n<title>Enzoani Liebe Kollektion Claire | Koonings<\/title>\n<meta name=\"description\" content=\"Das Modell Claire versetzt uns in Trance und ist perfekt f\u00fcr unsere vertr\u00e4umten Romantiker. Diese \u00e4therische A-Linien-Sch\u00f6nheit verf\u00fcgt \u00fcber einen tief ausgeschnittenen Sweetheart-Ausschnitt mit detaillierten 3D-Blumenmustern und bestickter Spitze auf glitzerndem T\u00fcllstoff. Die romantischen sichtbaren Korsettst\u00e4bchen, die seitlichen Illusionsausschnitte und die schulterfreien T\u00fclltr\u00e4ger sorgen f\u00fcr einen bezaubernden Brautlook. Die wundersch\u00f6ne Spitze ist sorgf\u00e4ltig entlang des Korsettr\u00fcckens und des Schlitzes platziert und l\u00e4uft in einen weichen und schimmernden T\u00fcllrock aus.\" \/>\n<meta name=\"robots\" content=\"index, follow, max-snippet:-1, max-image-preview:large, max-video-preview:-1\" \/>\n<link rel=\"canonical\" href=\"https:\/\/www.koonings.com\/de\/product\/enzoani-love-collection-claire\/\" \/>\n<meta property=\"og:locale\" content=\"de_DE\" \/>\n<meta property=\"og:type\" content=\"article\" \/>\n<meta property=\"og:title\" content=\"Enzoani Liebe Kollektion Claire | Koonings\" \/>\n<meta property=\"og:description\" content=\"Das Modell Claire versetzt uns in Trance und ist perfekt f\u00fcr unsere vertr\u00e4umten Romantiker. Diese \u00e4therische A-Linien-Sch\u00f6nheit verf\u00fcgt \u00fcber einen tief ausgeschnittenen Sweetheart-Ausschnitt mit detaillierten 3D-Blumenmustern und bestickter Spitze auf glitzerndem T\u00fcllstoff. Die romantischen sichtbaren Korsettst\u00e4bchen, die seitlichen Illusionsausschnitte und die schulterfreien T\u00fclltr\u00e4ger sorgen f\u00fcr einen bezaubernden Brautlook. Die wundersch\u00f6ne Spitze ist sorgf\u00e4ltig entlang des Korsettr\u00fcckens und des Schlitzes platziert und l\u00e4uft in einen weichen und schimmernden T\u00fcllrock aus.\" \/>\n<meta property=\"og:url\" content=\"https:\/\/www.koonings.com\/de\/product\/enzoani-love-collection-claire\/\" \/>\n<meta property=\"og:site_name\" content=\"Koonings\" \/>\n<meta property=\"article:publisher\" content=\"https:\/\/www.facebook.com\/kooningstheweddingpalace\" \/>\n<meta property=\"article:modified_time\" content=\"2026-02-03T18:35:09+00:00\" \/>\n<meta property=\"og:image\" content=\"https:\/\/www.koonings.com\/wp-content\/uploads\/2024\/11\/38721_82422af10c6b3a69c37b4e4467833e3c0797f2933ce85b7c529fb7d400074e15a5d334f2.jpeg\" \/>\n\t<meta property=\"og:image:width\" content=\"1035\" \/>\n\t<meta property=\"og:image:height\" content=\"1380\" \/>\n\t<meta property=\"og:image:type\" content=\"image\/jpeg\" \/>\n<meta name=\"twitter:card\" content=\"summary_large_image\" \/>\n<script type=\"application\/ld+json\" class=\"yoast-schema-graph\">{\"@context\":\"https:\\\/\\\/schema.org\",\"@graph\":[{\"@type\":\"WebPage\",\"@id\":\"https:\\\/\\\/www.koonings.com\\\/de\\\/product\\\/enzoani-love-collection-claire\\\/\",\"url\":\"https:\\\/\\\/www.koonings.com\\\/de\\\/product\\\/enzoani-love-collection-claire\\\/\",\"name\":\"Enzoani Liebe Kollektion Claire | Koonings\",\"isPartOf\":{\"@id\":\"https:\\\/\\\/www.koonings.com\\\/de\\\/#website\"},\"primaryImageOfPage\":{\"@id\":\"https:\\\/\\\/www.koonings.com\\\/de\\\/product\\\/enzoani-love-collection-claire\\\/#primaryimage\"},\"image\":{\"@id\":\"https:\\\/\\\/www.koonings.com\\\/de\\\/product\\\/enzoani-love-collection-claire\\\/#primaryimage\"},\"thumbnailUrl\":\"https:\\\/\\\/www.koonings.com\\\/wp-content\\\/uploads\\\/2024\\\/11\\\/38721_82422af10c6b3a69c37b4e4467833e3c0797f2933ce85b7c529fb7d400074e15a5d334f2.jpeg\",\"datePublished\":\"2025-12-14T23:16:28+00:00\",\"dateModified\":\"2026-02-03T18:35:09+00:00\",\"description\":\"Das Modell Claire versetzt uns in Trance und ist perfekt f\u00fcr unsere vertr\u00e4umten Romantiker. Diese \u00e4therische A-Linien-Sch\u00f6nheit verf\u00fcgt \u00fcber einen tief ausgeschnittenen Sweetheart-Ausschnitt mit detaillierten 3D-Blumenmustern und bestickter Spitze auf glitzerndem T\u00fcllstoff. Die romantischen sichtbaren Korsettst\u00e4bchen, die seitlichen Illusionsausschnitte und die schulterfreien T\u00fclltr\u00e4ger sorgen f\u00fcr einen bezaubernden Brautlook. Die wundersch\u00f6ne Spitze ist sorgf\u00e4ltig entlang des Korsettr\u00fcckens und des Schlitzes platziert und l\u00e4uft in einen weichen und schimmernden T\u00fcllrock aus.\",\"breadcrumb\":{\"@id\":\"https:\\\/\\\/www.koonings.com\\\/de\\\/product\\\/enzoani-love-collection-claire\\\/#breadcrumb\"},\"inLanguage\":\"de\",\"potentialAction\":[{\"@type\":\"ReadAction\",\"target\":[\"https:\\\/\\\/www.koonings.com\\\/de\\\/product\\\/enzoani-love-collection-claire\\\/\"]}]},{\"@type\":\"ImageObject\",\"inLanguage\":\"de\",\"@id\":\"https:\\\/\\\/www.koonings.com\\\/de\\\/product\\\/enzoani-love-collection-claire\\\/#primaryimage\",\"url\":\"https:\\\/\\\/www.koonings.com\\\/wp-content\\\/uploads\\\/2024\\\/11\\\/38721_82422af10c6b3a69c37b4e4467833e3c0797f2933ce85b7c529fb7d400074e15a5d334f2.jpeg\",\"contentUrl\":\"https:\\\/\\\/www.koonings.com\\\/wp-content\\\/uploads\\\/2024\\\/11\\\/38721_82422af10c6b3a69c37b4e4467833e3c0797f2933ce85b7c529fb7d400074e15a5d334f2.jpeg\",\"width\":1035,\"height\":1380},{\"@type\":\"BreadcrumbList\",\"@id\":\"https:\\\/\\\/www.koonings.com\\\/de\\\/product\\\/enzoani-love-collection-claire\\\/#breadcrumb\",\"itemListElement\":[{\"@type\":\"ListItem\",\"position\":1,\"name\":\"Home\",\"item\":\"https:\\\/\\\/www.koonings.com\\\/de\\\/\"},{\"@type\":\"ListItem\",\"position\":2,\"name\":\"Enzoani Liebe Kollektion Claire\"}]},{\"@type\":\"WebSite\",\"@id\":\"https:\\\/\\\/www.koonings.com\\\/de\\\/#website\",\"url\":\"https:\\\/\\\/www.koonings.com\\\/de\\\/\",\"name\":\"Koonings\",\"description\":\"De grootste bruidsmodewinkel ter wereld\",\"publisher\":{\"@id\":\"https:\\\/\\\/www.koonings.com\\\/de\\\/#organization\"},\"potentialAction\":[{\"@type\":\"SearchAction\",\"target\":{\"@type\":\"EntryPoint\",\"urlTemplate\":\"https:\\\/\\\/www.koonings.com\\\/de\\\/?s={search_term_string}\"},\"query-input\":{\"@type\":\"PropertyValueSpecification\",\"valueRequired\":true,\"valueName\":\"search_term_string\"}}],\"inLanguage\":\"de\"},{\"@type\":\"Organization\",\"@id\":\"https:\\\/\\\/www.koonings.com\\\/de\\\/#organization\",\"name\":\"Koonings\",\"url\":\"https:\\\/\\\/www.koonings.com\\\/de\\\/\",\"logo\":{\"@type\":\"ImageObject\",\"inLanguage\":\"de\",\"@id\":\"https:\\\/\\\/www.koonings.com\\\/de\\\/#\\\/schema\\\/logo\\\/image\\\/\",\"url\":\"https:\\\/\\\/www.koonings.com\\\/wp-content\\\/uploads\\\/2024\\\/07\\\/logo.png\",\"contentUrl\":\"https:\\\/\\\/www.koonings.com\\\/wp-content\\\/uploads\\\/2024\\\/07\\\/logo.png\",\"width\":600,\"height\":428,\"caption\":\"Koonings\"},\"image\":{\"@id\":\"https:\\\/\\\/www.koonings.com\\\/de\\\/#\\\/schema\\\/logo\\\/image\\\/\"},\"sameAs\":[\"https:\\\/\\\/www.facebook.com\\\/kooningstheweddingpalace\",\"https:\\\/\\\/www.instagram.com\\\/kooningstheweddingpalace\",\"https:\\\/\\\/www.pinterest.com\\\/koonings\",\"https:\\\/\\\/www.youtube.com\\\/kooningstheweddingpalace\"]}]}<\/script>\n<!-- \/ Yoast SEO plugin. -->","yoast_head_json":{"title":"Enzoani Liebe Kollektion Claire | Koonings","description":"Das Modell Claire versetzt uns in Trance und ist perfekt f\u00fcr unsere vertr\u00e4umten Romantiker. Diese \u00e4therische A-Linien-Sch\u00f6nheit verf\u00fcgt \u00fcber einen tief ausgeschnittenen Sweetheart-Ausschnitt mit detaillierten 3D-Blumenmustern und bestickter Spitze auf glitzerndem T\u00fcllstoff. Die romantischen sichtbaren Korsettst\u00e4bchen, die seitlichen Illusionsausschnitte und die schulterfreien T\u00fclltr\u00e4ger sorgen f\u00fcr einen bezaubernden Brautlook. Die wundersch\u00f6ne Spitze ist sorgf\u00e4ltig entlang des Korsettr\u00fcckens und des Schlitzes platziert und l\u00e4uft in einen weichen und schimmernden T\u00fcllrock aus.","robots":{"index":"index","follow":"follow","max-snippet":"max-snippet:-1","max-image-preview":"max-image-preview:large","max-video-preview":"max-video-preview:-1"},"canonical":"https:\/\/www.koonings.com\/de\/product\/enzoani-love-collection-claire\/","og_locale":"de_DE","og_type":"article","og_title":"Enzoani Liebe Kollektion Claire | Koonings","og_description":"Das Modell Claire versetzt uns in Trance und ist perfekt f\u00fcr unsere vertr\u00e4umten Romantiker. Diese \u00e4therische A-Linien-Sch\u00f6nheit verf\u00fcgt \u00fcber einen tief ausgeschnittenen Sweetheart-Ausschnitt mit detaillierten 3D-Blumenmustern und bestickter Spitze auf glitzerndem T\u00fcllstoff. Die romantischen sichtbaren Korsettst\u00e4bchen, die seitlichen Illusionsausschnitte und die schulterfreien T\u00fclltr\u00e4ger sorgen f\u00fcr einen bezaubernden Brautlook. Die wundersch\u00f6ne Spitze ist sorgf\u00e4ltig entlang des Korsettr\u00fcckens und des Schlitzes platziert und l\u00e4uft in einen weichen und schimmernden T\u00fcllrock aus.","og_url":"https:\/\/www.koonings.com\/de\/product\/enzoani-love-collection-claire\/","og_site_name":"Koonings","article_publisher":"https:\/\/www.facebook.com\/kooningstheweddingpalace","article_modified_time":"2026-02-03T18:35:09+00:00","og_image":[{"width":1035,"height":1380,"url":"https:\/\/www.koonings.com\/wp-content\/uploads\/2024\/11\/38721_82422af10c6b3a69c37b4e4467833e3c0797f2933ce85b7c529fb7d400074e15a5d334f2.jpeg","type":"image\/jpeg"}],"twitter_card":"summary_large_image","schema":{"@context":"https:\/\/schema.org","@graph":[{"@type":"WebPage","@id":"https:\/\/www.koonings.com\/de\/product\/enzoani-love-collection-claire\/","url":"https:\/\/www.koonings.com\/de\/product\/enzoani-love-collection-claire\/","name":"Enzoani Liebe Kollektion Claire | Koonings","isPartOf":{"@id":"https:\/\/www.koonings.com\/de\/#website"},"primaryImageOfPage":{"@id":"https:\/\/www.koonings.com\/de\/product\/enzoani-love-collection-claire\/#primaryimage"},"image":{"@id":"https:\/\/www.koonings.com\/de\/product\/enzoani-love-collection-claire\/#primaryimage"},"thumbnailUrl":"https:\/\/www.koonings.com\/wp-content\/uploads\/2024\/11\/38721_82422af10c6b3a69c37b4e4467833e3c0797f2933ce85b7c529fb7d400074e15a5d334f2.jpeg","datePublished":"2025-12-14T23:16:28+00:00","dateModified":"2026-02-03T18:35:09+00:00","description":"Das Modell Claire versetzt uns in Trance und ist perfekt f\u00fcr unsere vertr\u00e4umten Romantiker. Diese \u00e4therische A-Linien-Sch\u00f6nheit verf\u00fcgt \u00fcber einen tief ausgeschnittenen Sweetheart-Ausschnitt mit detaillierten 3D-Blumenmustern und bestickter Spitze auf glitzerndem T\u00fcllstoff. Die romantischen sichtbaren Korsettst\u00e4bchen, die seitlichen Illusionsausschnitte und die schulterfreien T\u00fclltr\u00e4ger sorgen f\u00fcr einen bezaubernden Brautlook. Die wundersch\u00f6ne Spitze ist sorgf\u00e4ltig entlang des Korsettr\u00fcckens und des Schlitzes platziert und l\u00e4uft in einen weichen und schimmernden T\u00fcllrock aus.","breadcrumb":{"@id":"https:\/\/www.koonings.com\/de\/product\/enzoani-love-collection-claire\/#breadcrumb"},"inLanguage":"de","potentialAction":[{"@type":"ReadAction","target":["https:\/\/www.koonings.com\/de\/product\/enzoani-love-collection-claire\/"]}]},{"@type":"ImageObject","inLanguage":"de","@id":"https:\/\/www.koonings.com\/de\/product\/enzoani-love-collection-claire\/#primaryimage","url":"https:\/\/www.koonings.com\/wp-content\/uploads\/2024\/11\/38721_82422af10c6b3a69c37b4e4467833e3c0797f2933ce85b7c529fb7d400074e15a5d334f2.jpeg","contentUrl":"https:\/\/www.koonings.com\/wp-content\/uploads\/2024\/11\/38721_82422af10c6b3a69c37b4e4467833e3c0797f2933ce85b7c529fb7d400074e15a5d334f2.jpeg","width":1035,"height":1380},{"@type":"BreadcrumbList","@id":"https:\/\/www.koonings.com\/de\/product\/enzoani-love-collection-claire\/#breadcrumb","itemListElement":[{"@type":"ListItem","position":1,"name":"Home","item":"https:\/\/www.koonings.com\/de\/"},{"@type":"ListItem","position":2,"name":"Enzoani Liebe Kollektion Claire"}]},{"@type":"WebSite","@id":"https:\/\/www.koonings.com\/de\/#website","url":"https:\/\/www.koonings.com\/de\/","name":"Koonings","description":"De grootste bruidsmodewinkel ter wereld","publisher":{"@id":"https:\/\/www.koonings.com\/de\/#organization"},"potentialAction":[{"@type":"SearchAction","target":{"@type":"EntryPoint","urlTemplate":"https:\/\/www.koonings.com\/de\/?s={search_term_string}"},"query-input":{"@type":"PropertyValueSpecification","valueRequired":true,"valueName":"search_term_string"}}],"inLanguage":"de"},{"@type":"Organization","@id":"https:\/\/www.koonings.com\/de\/#organization","name":"Koonings","url":"https:\/\/www.koonings.com\/de\/","logo":{"@type":"ImageObject","inLanguage":"de","@id":"https:\/\/www.koonings.com\/de\/#\/schema\/logo\/image\/","url":"https:\/\/www.koonings.com\/wp-content\/uploads\/2024\/07\/logo.png","contentUrl":"https:\/\/www.koonings.com\/wp-content\/uploads\/2024\/07\/logo.png","width":600,"height":428,"caption":"Koonings"},"image":{"@id":"https:\/\/www.koonings.com\/de\/#\/schema\/logo\/image\/"},"sameAs":["https:\/\/www.facebook.com\/kooningstheweddingpalace","https:\/\/www.instagram.com\/kooningstheweddingpalace","https:\/\/www.pinterest.com\/koonings","https:\/\/www.youtube.com\/kooningstheweddingpalace"]}]}},"_links":{"self":[{"href":"https:\/\/www.koonings.com\/de\/wp-json\/wp\/v2\/product\/78541","targetHints":{"allow":["GET"]}}],"collection":[{"href":"https:\/\/www.koonings.com\/de\/wp-json\/wp\/v2\/product"}],"about":[{"href":"https:\/\/www.koonings.com\/de\/wp-json\/wp\/v2\/types\/product"}],"wp:featuredmedia":[{"embeddable":true,"href":"https:\/\/www.koonings.com\/de\/wp-json\/wp\/v2\/media\/63282"}],"wp:attachment":[{"href":"https:\/\/www.koonings.com\/de\/wp-json\/wp\/v2\/media?parent=78541"}],"wp:term":[{"taxonomy":"productdetails","embeddable":true,"href":"https:\/\/www.koonings.com\/de\/wp-json\/wp\/v2\/productdetails?post=78541"},{"taxonomy":"productneck","embeddable":true,"href":"https:\/\/www.koonings.com\/de\/wp-json\/wp\/v2\/productneck?post=78541"},{"taxonomy":"productcolor","embeddable":true,"href":"https:\/\/www.koonings.com\/de\/wp-json\/wp\/v2\/productcolor?post=78541"},{"taxonomy":"maat","embeddable":true,"href":"https:\/\/www.koonings.com\/de\/wp-json\/wp\/v2\/maat?post=78541"},{"taxonomy":"productsupplier","embeddable":true,"href":"https:\/\/www.koonings.com\/de\/wp-json\/wp\/v2\/productsupplier?post=78541"},{"taxonomy":"productsleeve","embeddable":true,"href":"https:\/\/www.koonings.com\/de\/wp-json\/wp\/v2\/productsleeve?post=78541"},{"taxonomy":"productcategory","embeddable":true,"href":"https:\/\/www.koonings.com\/de\/wp-json\/wp\/v2\/productcategory?post=78541"},{"taxonomy":"productsilhouette","embeddable":true,"href":"https:\/\/www.koonings.com\/de\/wp-json\/wp\/v2\/productsilhouette?post=78541"},{"taxonomy":"productstyle","embeddable":true,"href":"https:\/\/www.koonings.com\/de\/wp-json\/wp\/v2\/productstyle?post=78541"}],"curies":[{"name":"wp","href":"https:\/\/api.w.org\/{rel}","templated":true}]}}