{"id":78540,"date":"2025-12-15T00:16:32","date_gmt":"2025-12-14T23:16:32","guid":{"rendered":"https:\/\/www.koonings.com\/product\/enzoani-love-collection-catalina\/"},"modified":"2026-02-03T19:35:24","modified_gmt":"2026-02-03T18:35:24","slug":"enzoani-love-collection-catalina","status":"publish","type":"product","link":"https:\/\/www.koonings.com\/de\/product\/enzoani-love-collection-catalina\/","title":{"rendered":"Enzoani Liebe Kollektion Catalina"},"content":{"rendered":"<p>Diese figurschmeichelnde Meerjungfrauen-Sch\u00f6nheit ist elegant und zeitlos und bringt all Ihre Vorz\u00fcge zur Geltung. Dieses minimalistische Hochzeitskleid hat einen tiefen V-Ausschnitt mit Illusion, seitliche Ausschnitte und kunstvolle N\u00e4hte, die den K\u00f6rper umspielen. Die breiten Tr\u00e4ger geben Ihnen die n\u00f6tige Unterst\u00fctzung, w\u00e4hrend der dramatisch tief geschwungene R\u00fccken und die zarten Kn\u00f6pfe das Kleid zusammenhalten.  <\/p>\n","protected":false},"featured_media":63316,"template":"","meta":{"_acf_changed":false,"ghostkit_customizer_options":"","ghostkit_custom_css":"","ghostkit_custom_js_head":"","ghostkit_custom_js_foot":"","ghostkit_typography":""},"productdetails":[],"productneck":[351,356],"productcolor":[392],"maat":[],"productsupplier":[475],"productsleeve":[359,360],"productcategory":[18],"productsilhouette":[387,389,390],"productstyle":[365],"class_list":["post-78540","product","type-product","status-publish","has-post-thumbnail","hentry","productneck-351","productneck-356","productcolor-392","productsupplier-enzoani-love-collection","productsleeve-359","productsleeve-360","productcategory-trouwjurken","productsilhouette-387","productsilhouette-389","productsilhouette-390","productstyle-365"],"acf":[],"yoast_head":"<!-- This site is optimized with the Yoast SEO plugin v27.3 - https:\/\/yoast.com\/product\/yoast-seo-wordpress\/ -->\n<title>Enzoani Liebe Kollektion Catalina | Koonings<\/title>\n<meta name=\"description\" content=\"Diese figurschmeichelnde Meerjungfrauen-Sch\u00f6nheit ist elegant und zeitlos und bringt all Ihre Vorz\u00fcge zur Geltung. Dieses minimalistische Hochzeitskleid hat einen tiefen V-Ausschnitt mit Illusion, seitliche Ausschnitte und kunstvolle N\u00e4hte, die den K\u00f6rper umspielen. Die breiten Tr\u00e4ger geben Ihnen die n\u00f6tige Unterst\u00fctzung, w\u00e4hrend der dramatisch tief geschwungene R\u00fccken und die zarten Kn\u00f6pfe das Kleid zusammenhalten.\" \/>\n<meta name=\"robots\" content=\"index, follow, max-snippet:-1, max-image-preview:large, max-video-preview:-1\" \/>\n<link rel=\"canonical\" href=\"https:\/\/www.koonings.com\/de\/product\/enzoani-love-collection-catalina\/\" \/>\n<meta property=\"og:locale\" content=\"de_DE\" \/>\n<meta property=\"og:type\" content=\"article\" \/>\n<meta property=\"og:title\" content=\"Enzoani Liebe Kollektion Catalina | Koonings\" \/>\n<meta property=\"og:description\" content=\"Diese figurschmeichelnde Meerjungfrauen-Sch\u00f6nheit ist elegant und zeitlos und bringt all Ihre Vorz\u00fcge zur Geltung. Dieses minimalistische Hochzeitskleid hat einen tiefen V-Ausschnitt mit Illusion, seitliche Ausschnitte und kunstvolle N\u00e4hte, die den K\u00f6rper umspielen. Die breiten Tr\u00e4ger geben Ihnen die n\u00f6tige Unterst\u00fctzung, w\u00e4hrend der dramatisch tief geschwungene R\u00fccken und die zarten Kn\u00f6pfe das Kleid zusammenhalten.\" \/>\n<meta property=\"og:url\" content=\"https:\/\/www.koonings.com\/de\/product\/enzoani-love-collection-catalina\/\" \/>\n<meta property=\"og:site_name\" content=\"Koonings\" \/>\n<meta property=\"article:publisher\" content=\"https:\/\/www.facebook.com\/kooningstheweddingpalace\" \/>\n<meta property=\"article:modified_time\" content=\"2026-02-03T18:35:24+00:00\" \/>\n<meta property=\"og:image\" content=\"https:\/\/www.koonings.com\/wp-content\/uploads\/2024\/11\/38733_8af2774c4dc036b60b681f671f65d6f1fa823e88f66397a1c538c0082af518c8a2cb874d.jpeg\" \/>\n\t<meta property=\"og:image:width\" content=\"1035\" \/>\n\t<meta property=\"og:image:height\" content=\"1380\" \/>\n\t<meta property=\"og:image:type\" content=\"image\/jpeg\" \/>\n<meta name=\"twitter:card\" content=\"summary_large_image\" \/>\n<script type=\"application\/ld+json\" class=\"yoast-schema-graph\">{\"@context\":\"https:\\\/\\\/schema.org\",\"@graph\":[{\"@type\":\"WebPage\",\"@id\":\"https:\\\/\\\/www.koonings.com\\\/de\\\/product\\\/enzoani-love-collection-catalina\\\/\",\"url\":\"https:\\\/\\\/www.koonings.com\\\/de\\\/product\\\/enzoani-love-collection-catalina\\\/\",\"name\":\"Enzoani Liebe Kollektion Catalina | Koonings\",\"isPartOf\":{\"@id\":\"https:\\\/\\\/www.koonings.com\\\/de\\\/#website\"},\"primaryImageOfPage\":{\"@id\":\"https:\\\/\\\/www.koonings.com\\\/de\\\/product\\\/enzoani-love-collection-catalina\\\/#primaryimage\"},\"image\":{\"@id\":\"https:\\\/\\\/www.koonings.com\\\/de\\\/product\\\/enzoani-love-collection-catalina\\\/#primaryimage\"},\"thumbnailUrl\":\"https:\\\/\\\/www.koonings.com\\\/wp-content\\\/uploads\\\/2024\\\/11\\\/38733_8af2774c4dc036b60b681f671f65d6f1fa823e88f66397a1c538c0082af518c8a2cb874d.jpeg\",\"datePublished\":\"2025-12-14T23:16:32+00:00\",\"dateModified\":\"2026-02-03T18:35:24+00:00\",\"description\":\"Diese figurschmeichelnde Meerjungfrauen-Sch\u00f6nheit ist elegant und zeitlos und bringt all Ihre Vorz\u00fcge zur Geltung. Dieses minimalistische Hochzeitskleid hat einen tiefen V-Ausschnitt mit Illusion, seitliche Ausschnitte und kunstvolle N\u00e4hte, die den K\u00f6rper umspielen. Die breiten Tr\u00e4ger geben Ihnen die n\u00f6tige Unterst\u00fctzung, w\u00e4hrend der dramatisch tief geschwungene R\u00fccken und die zarten Kn\u00f6pfe das Kleid zusammenhalten.\",\"breadcrumb\":{\"@id\":\"https:\\\/\\\/www.koonings.com\\\/de\\\/product\\\/enzoani-love-collection-catalina\\\/#breadcrumb\"},\"inLanguage\":\"de\",\"potentialAction\":[{\"@type\":\"ReadAction\",\"target\":[\"https:\\\/\\\/www.koonings.com\\\/de\\\/product\\\/enzoani-love-collection-catalina\\\/\"]}]},{\"@type\":\"ImageObject\",\"inLanguage\":\"de\",\"@id\":\"https:\\\/\\\/www.koonings.com\\\/de\\\/product\\\/enzoani-love-collection-catalina\\\/#primaryimage\",\"url\":\"https:\\\/\\\/www.koonings.com\\\/wp-content\\\/uploads\\\/2024\\\/11\\\/38733_8af2774c4dc036b60b681f671f65d6f1fa823e88f66397a1c538c0082af518c8a2cb874d.jpeg\",\"contentUrl\":\"https:\\\/\\\/www.koonings.com\\\/wp-content\\\/uploads\\\/2024\\\/11\\\/38733_8af2774c4dc036b60b681f671f65d6f1fa823e88f66397a1c538c0082af518c8a2cb874d.jpeg\",\"width\":1035,\"height\":1380},{\"@type\":\"BreadcrumbList\",\"@id\":\"https:\\\/\\\/www.koonings.com\\\/de\\\/product\\\/enzoani-love-collection-catalina\\\/#breadcrumb\",\"itemListElement\":[{\"@type\":\"ListItem\",\"position\":1,\"name\":\"Home\",\"item\":\"https:\\\/\\\/www.koonings.com\\\/de\\\/\"},{\"@type\":\"ListItem\",\"position\":2,\"name\":\"Enzoani Liebe Kollektion Catalina\"}]},{\"@type\":\"WebSite\",\"@id\":\"https:\\\/\\\/www.koonings.com\\\/de\\\/#website\",\"url\":\"https:\\\/\\\/www.koonings.com\\\/de\\\/\",\"name\":\"Koonings\",\"description\":\"De grootste bruidsmodewinkel ter wereld\",\"publisher\":{\"@id\":\"https:\\\/\\\/www.koonings.com\\\/de\\\/#organization\"},\"potentialAction\":[{\"@type\":\"SearchAction\",\"target\":{\"@type\":\"EntryPoint\",\"urlTemplate\":\"https:\\\/\\\/www.koonings.com\\\/de\\\/?s={search_term_string}\"},\"query-input\":{\"@type\":\"PropertyValueSpecification\",\"valueRequired\":true,\"valueName\":\"search_term_string\"}}],\"inLanguage\":\"de\"},{\"@type\":\"Organization\",\"@id\":\"https:\\\/\\\/www.koonings.com\\\/de\\\/#organization\",\"name\":\"Koonings\",\"url\":\"https:\\\/\\\/www.koonings.com\\\/de\\\/\",\"logo\":{\"@type\":\"ImageObject\",\"inLanguage\":\"de\",\"@id\":\"https:\\\/\\\/www.koonings.com\\\/de\\\/#\\\/schema\\\/logo\\\/image\\\/\",\"url\":\"https:\\\/\\\/www.koonings.com\\\/wp-content\\\/uploads\\\/2024\\\/07\\\/logo.png\",\"contentUrl\":\"https:\\\/\\\/www.koonings.com\\\/wp-content\\\/uploads\\\/2024\\\/07\\\/logo.png\",\"width\":600,\"height\":428,\"caption\":\"Koonings\"},\"image\":{\"@id\":\"https:\\\/\\\/www.koonings.com\\\/de\\\/#\\\/schema\\\/logo\\\/image\\\/\"},\"sameAs\":[\"https:\\\/\\\/www.facebook.com\\\/kooningstheweddingpalace\",\"https:\\\/\\\/www.instagram.com\\\/kooningstheweddingpalace\",\"https:\\\/\\\/www.pinterest.com\\\/koonings\",\"https:\\\/\\\/www.youtube.com\\\/kooningstheweddingpalace\"]}]}<\/script>\n<!-- \/ Yoast SEO plugin. -->","yoast_head_json":{"title":"Enzoani Liebe Kollektion Catalina | Koonings","description":"Diese figurschmeichelnde Meerjungfrauen-Sch\u00f6nheit ist elegant und zeitlos und bringt all Ihre Vorz\u00fcge zur Geltung. Dieses minimalistische Hochzeitskleid hat einen tiefen V-Ausschnitt mit Illusion, seitliche Ausschnitte und kunstvolle N\u00e4hte, die den K\u00f6rper umspielen. Die breiten Tr\u00e4ger geben Ihnen die n\u00f6tige Unterst\u00fctzung, w\u00e4hrend der dramatisch tief geschwungene R\u00fccken und die zarten Kn\u00f6pfe das Kleid zusammenhalten.","robots":{"index":"index","follow":"follow","max-snippet":"max-snippet:-1","max-image-preview":"max-image-preview:large","max-video-preview":"max-video-preview:-1"},"canonical":"https:\/\/www.koonings.com\/de\/product\/enzoani-love-collection-catalina\/","og_locale":"de_DE","og_type":"article","og_title":"Enzoani Liebe Kollektion Catalina | Koonings","og_description":"Diese figurschmeichelnde Meerjungfrauen-Sch\u00f6nheit ist elegant und zeitlos und bringt all Ihre Vorz\u00fcge zur Geltung. Dieses minimalistische Hochzeitskleid hat einen tiefen V-Ausschnitt mit Illusion, seitliche Ausschnitte und kunstvolle N\u00e4hte, die den K\u00f6rper umspielen. Die breiten Tr\u00e4ger geben Ihnen die n\u00f6tige Unterst\u00fctzung, w\u00e4hrend der dramatisch tief geschwungene R\u00fccken und die zarten Kn\u00f6pfe das Kleid zusammenhalten.","og_url":"https:\/\/www.koonings.com\/de\/product\/enzoani-love-collection-catalina\/","og_site_name":"Koonings","article_publisher":"https:\/\/www.facebook.com\/kooningstheweddingpalace","article_modified_time":"2026-02-03T18:35:24+00:00","og_image":[{"width":1035,"height":1380,"url":"https:\/\/www.koonings.com\/wp-content\/uploads\/2024\/11\/38733_8af2774c4dc036b60b681f671f65d6f1fa823e88f66397a1c538c0082af518c8a2cb874d.jpeg","type":"image\/jpeg"}],"twitter_card":"summary_large_image","schema":{"@context":"https:\/\/schema.org","@graph":[{"@type":"WebPage","@id":"https:\/\/www.koonings.com\/de\/product\/enzoani-love-collection-catalina\/","url":"https:\/\/www.koonings.com\/de\/product\/enzoani-love-collection-catalina\/","name":"Enzoani Liebe Kollektion Catalina | Koonings","isPartOf":{"@id":"https:\/\/www.koonings.com\/de\/#website"},"primaryImageOfPage":{"@id":"https:\/\/www.koonings.com\/de\/product\/enzoani-love-collection-catalina\/#primaryimage"},"image":{"@id":"https:\/\/www.koonings.com\/de\/product\/enzoani-love-collection-catalina\/#primaryimage"},"thumbnailUrl":"https:\/\/www.koonings.com\/wp-content\/uploads\/2024\/11\/38733_8af2774c4dc036b60b681f671f65d6f1fa823e88f66397a1c538c0082af518c8a2cb874d.jpeg","datePublished":"2025-12-14T23:16:32+00:00","dateModified":"2026-02-03T18:35:24+00:00","description":"Diese figurschmeichelnde Meerjungfrauen-Sch\u00f6nheit ist elegant und zeitlos und bringt all Ihre Vorz\u00fcge zur Geltung. Dieses minimalistische Hochzeitskleid hat einen tiefen V-Ausschnitt mit Illusion, seitliche Ausschnitte und kunstvolle N\u00e4hte, die den K\u00f6rper umspielen. Die breiten Tr\u00e4ger geben Ihnen die n\u00f6tige Unterst\u00fctzung, w\u00e4hrend der dramatisch tief geschwungene R\u00fccken und die zarten Kn\u00f6pfe das Kleid zusammenhalten.","breadcrumb":{"@id":"https:\/\/www.koonings.com\/de\/product\/enzoani-love-collection-catalina\/#breadcrumb"},"inLanguage":"de","potentialAction":[{"@type":"ReadAction","target":["https:\/\/www.koonings.com\/de\/product\/enzoani-love-collection-catalina\/"]}]},{"@type":"ImageObject","inLanguage":"de","@id":"https:\/\/www.koonings.com\/de\/product\/enzoani-love-collection-catalina\/#primaryimage","url":"https:\/\/www.koonings.com\/wp-content\/uploads\/2024\/11\/38733_8af2774c4dc036b60b681f671f65d6f1fa823e88f66397a1c538c0082af518c8a2cb874d.jpeg","contentUrl":"https:\/\/www.koonings.com\/wp-content\/uploads\/2024\/11\/38733_8af2774c4dc036b60b681f671f65d6f1fa823e88f66397a1c538c0082af518c8a2cb874d.jpeg","width":1035,"height":1380},{"@type":"BreadcrumbList","@id":"https:\/\/www.koonings.com\/de\/product\/enzoani-love-collection-catalina\/#breadcrumb","itemListElement":[{"@type":"ListItem","position":1,"name":"Home","item":"https:\/\/www.koonings.com\/de\/"},{"@type":"ListItem","position":2,"name":"Enzoani Liebe Kollektion Catalina"}]},{"@type":"WebSite","@id":"https:\/\/www.koonings.com\/de\/#website","url":"https:\/\/www.koonings.com\/de\/","name":"Koonings","description":"De grootste bruidsmodewinkel ter wereld","publisher":{"@id":"https:\/\/www.koonings.com\/de\/#organization"},"potentialAction":[{"@type":"SearchAction","target":{"@type":"EntryPoint","urlTemplate":"https:\/\/www.koonings.com\/de\/?s={search_term_string}"},"query-input":{"@type":"PropertyValueSpecification","valueRequired":true,"valueName":"search_term_string"}}],"inLanguage":"de"},{"@type":"Organization","@id":"https:\/\/www.koonings.com\/de\/#organization","name":"Koonings","url":"https:\/\/www.koonings.com\/de\/","logo":{"@type":"ImageObject","inLanguage":"de","@id":"https:\/\/www.koonings.com\/de\/#\/schema\/logo\/image\/","url":"https:\/\/www.koonings.com\/wp-content\/uploads\/2024\/07\/logo.png","contentUrl":"https:\/\/www.koonings.com\/wp-content\/uploads\/2024\/07\/logo.png","width":600,"height":428,"caption":"Koonings"},"image":{"@id":"https:\/\/www.koonings.com\/de\/#\/schema\/logo\/image\/"},"sameAs":["https:\/\/www.facebook.com\/kooningstheweddingpalace","https:\/\/www.instagram.com\/kooningstheweddingpalace","https:\/\/www.pinterest.com\/koonings","https:\/\/www.youtube.com\/kooningstheweddingpalace"]}]}},"_links":{"self":[{"href":"https:\/\/www.koonings.com\/de\/wp-json\/wp\/v2\/product\/78540","targetHints":{"allow":["GET"]}}],"collection":[{"href":"https:\/\/www.koonings.com\/de\/wp-json\/wp\/v2\/product"}],"about":[{"href":"https:\/\/www.koonings.com\/de\/wp-json\/wp\/v2\/types\/product"}],"wp:featuredmedia":[{"embeddable":true,"href":"https:\/\/www.koonings.com\/de\/wp-json\/wp\/v2\/media\/63316"}],"wp:attachment":[{"href":"https:\/\/www.koonings.com\/de\/wp-json\/wp\/v2\/media?parent=78540"}],"wp:term":[{"taxonomy":"productdetails","embeddable":true,"href":"https:\/\/www.koonings.com\/de\/wp-json\/wp\/v2\/productdetails?post=78540"},{"taxonomy":"productneck","embeddable":true,"href":"https:\/\/www.koonings.com\/de\/wp-json\/wp\/v2\/productneck?post=78540"},{"taxonomy":"productcolor","embeddable":true,"href":"https:\/\/www.koonings.com\/de\/wp-json\/wp\/v2\/productcolor?post=78540"},{"taxonomy":"maat","embeddable":true,"href":"https:\/\/www.koonings.com\/de\/wp-json\/wp\/v2\/maat?post=78540"},{"taxonomy":"productsupplier","embeddable":true,"href":"https:\/\/www.koonings.com\/de\/wp-json\/wp\/v2\/productsupplier?post=78540"},{"taxonomy":"productsleeve","embeddable":true,"href":"https:\/\/www.koonings.com\/de\/wp-json\/wp\/v2\/productsleeve?post=78540"},{"taxonomy":"productcategory","embeddable":true,"href":"https:\/\/www.koonings.com\/de\/wp-json\/wp\/v2\/productcategory?post=78540"},{"taxonomy":"productsilhouette","embeddable":true,"href":"https:\/\/www.koonings.com\/de\/wp-json\/wp\/v2\/productsilhouette?post=78540"},{"taxonomy":"productstyle","embeddable":true,"href":"https:\/\/www.koonings.com\/de\/wp-json\/wp\/v2\/productstyle?post=78540"}],"curies":[{"name":"wp","href":"https:\/\/api.w.org\/{rel}","templated":true}]}}