{"id":78535,"date":"2026-04-21T18:02:07","date_gmt":"2026-04-21T16:02:07","guid":{"rendered":"https:\/\/www.koonings.com\/product\/two-by-rosa-clara-omeya\/"},"modified":"2026-02-16T14:46:19","modified_gmt":"2026-02-16T13:46:19","slug":"two-by-rosa-clara-omeya","status":"publish","type":"product","link":"https:\/\/www.koonings.com\/de\/product\/two-by-rosa-clara-omeya\/","title":{"rendered":"Zwei von Rosa Clara Omeya"},"content":{"rendered":"<p>Omeya ist ein elegantes und raffiniertes Hochzeitskleid, das die weiblichen Formen perfekt unterstreicht. Das Kleid in zartem Elfenbein hat einen raffinierten V-Ausschnitt, der das Dekollet\u00e9 dezent betont. Die A-Linien-Silhouette f\u00e4llt sanft und elegant und verleiht dem Kleid eine luftige und zeitlose Ausstrahlung. Die zarten Tr\u00e4ger verleihen einen zus\u00e4tzlichen Hauch von Raffinesse, ohne den romantischen Look zu st\u00f6ren. Das Omeya ist die ideale Wahl f\u00fcr die Braut, die ein stilvolles, bequemes Kleid sucht, das sowohl modern als auch klassisch ist. Exklusiv bei Koonings The Wedding Palace erh\u00e4ltlich, bietet dieses Kleid die perfekte Balance zwischen Romantik und Schlichtheit.     <\/p>\n","protected":false},"featured_media":63363,"template":"","meta":{"_acf_changed":false,"ghostkit_customizer_options":"","ghostkit_custom_css":"","ghostkit_custom_js_head":"","ghostkit_custom_js_foot":"","ghostkit_typography":""},"productdetails":[],"productneck":[356],"productcolor":[392],"maat":[],"productsupplier":[397],"productsleeve":[359],"productcategory":[18],"productsilhouette":[384,389],"productstyle":[369,366],"class_list":["post-78535","product","type-product","status-publish","has-post-thumbnail","hentry","productneck-356","productcolor-392","productsupplier-two-by-rosa-clara","productsleeve-359","productcategory-trouwjurken","productsilhouette-384","productsilhouette-389","productstyle-369","productstyle-366"],"acf":[],"yoast_head":"<!-- This site is optimized with the Yoast SEO plugin v27.3 - https:\/\/yoast.com\/product\/yoast-seo-wordpress\/ -->\n<title>Zwei von Rosa Clara Omeya | Koonings<\/title>\n<meta name=\"description\" content=\"Omeya ist ein elegantes und raffiniertes Hochzeitskleid, das die weiblichen Formen perfekt unterstreicht. Das Kleid in zartem Elfenbein hat einen raffinierten V-Ausschnitt, der das Dekollet\u00e9 dezent betont. Die A-Linien-Silhouette f\u00e4llt sanft und elegant und verleiht dem Kleid eine luftige und zeitlose Ausstrahlung. Die zarten Tr\u00e4ger verleihen einen zus\u00e4tzlichen Hauch von Raffinesse, ohne den romantischen Look zu st\u00f6ren. Das Omeya ist die ideale Wahl f\u00fcr die Braut, die ein stilvolles, bequemes Kleid sucht, das sowohl modern als auch klassisch ist. Exklusiv bei Koonings The Wedding Palace erh\u00e4ltlich, bietet dieses Kleid die perfekte Balance zwischen Romantik und Schlichtheit.\" \/>\n<meta name=\"robots\" content=\"index, follow, max-snippet:-1, max-image-preview:large, max-video-preview:-1\" \/>\n<link rel=\"canonical\" href=\"https:\/\/www.koonings.com\/de\/product\/two-by-rosa-clara-omeya\/\" \/>\n<meta property=\"og:locale\" content=\"de_DE\" \/>\n<meta property=\"og:type\" content=\"article\" \/>\n<meta property=\"og:title\" content=\"Zwei von Rosa Clara Omeya | Koonings\" \/>\n<meta property=\"og:description\" content=\"Omeya ist ein elegantes und raffiniertes Hochzeitskleid, das die weiblichen Formen perfekt unterstreicht. Das Kleid in zartem Elfenbein hat einen raffinierten V-Ausschnitt, der das Dekollet\u00e9 dezent betont. Die A-Linien-Silhouette f\u00e4llt sanft und elegant und verleiht dem Kleid eine luftige und zeitlose Ausstrahlung. Die zarten Tr\u00e4ger verleihen einen zus\u00e4tzlichen Hauch von Raffinesse, ohne den romantischen Look zu st\u00f6ren. Das Omeya ist die ideale Wahl f\u00fcr die Braut, die ein stilvolles, bequemes Kleid sucht, das sowohl modern als auch klassisch ist. Exklusiv bei Koonings The Wedding Palace erh\u00e4ltlich, bietet dieses Kleid die perfekte Balance zwischen Romantik und Schlichtheit.\" \/>\n<meta property=\"og:url\" content=\"https:\/\/www.koonings.com\/de\/product\/two-by-rosa-clara-omeya\/\" \/>\n<meta property=\"og:site_name\" content=\"Koonings\" \/>\n<meta property=\"article:publisher\" content=\"https:\/\/www.facebook.com\/kooningstheweddingpalace\" \/>\n<meta property=\"og:image\" content=\"https:\/\/www.koonings.com\/wp-content\/uploads\/2024\/11\/105_c173b39e7bca35ea450e0886d701fd2bc0bb3d621f2efb5996b348d0480492aa89c32df2-scaled.jpeg\" \/>\n\t<meta property=\"og:image:width\" content=\"1810\" \/>\n\t<meta property=\"og:image:height\" content=\"2560\" \/>\n\t<meta property=\"og:image:type\" content=\"image\/jpeg\" \/>\n<meta name=\"twitter:card\" content=\"summary_large_image\" \/>\n<meta name=\"twitter:label1\" content=\"Gesch\u00e4tzte Lesezeit\" \/>\n\t<meta name=\"twitter:data1\" content=\"1\u00a0Minute\" \/>\n<script type=\"application\/ld+json\" class=\"yoast-schema-graph\">{\"@context\":\"https:\\\/\\\/schema.org\",\"@graph\":[{\"@type\":\"WebPage\",\"@id\":\"https:\\\/\\\/www.koonings.com\\\/de\\\/product\\\/two-by-rosa-clara-omeya\\\/\",\"url\":\"https:\\\/\\\/www.koonings.com\\\/de\\\/product\\\/two-by-rosa-clara-omeya\\\/\",\"name\":\"Zwei von Rosa Clara Omeya | Koonings\",\"isPartOf\":{\"@id\":\"https:\\\/\\\/www.koonings.com\\\/de\\\/#website\"},\"primaryImageOfPage\":{\"@id\":\"https:\\\/\\\/www.koonings.com\\\/de\\\/product\\\/two-by-rosa-clara-omeya\\\/#primaryimage\"},\"image\":{\"@id\":\"https:\\\/\\\/www.koonings.com\\\/de\\\/product\\\/two-by-rosa-clara-omeya\\\/#primaryimage\"},\"thumbnailUrl\":\"https:\\\/\\\/www.koonings.com\\\/wp-content\\\/uploads\\\/2024\\\/11\\\/105_c173b39e7bca35ea450e0886d701fd2bc0bb3d621f2efb5996b348d0480492aa89c32df2-scaled.jpeg\",\"datePublished\":\"2026-04-21T16:02:07+00:00\",\"description\":\"Omeya ist ein elegantes und raffiniertes Hochzeitskleid, das die weiblichen Formen perfekt unterstreicht. Das Kleid in zartem Elfenbein hat einen raffinierten V-Ausschnitt, der das Dekollet\u00e9 dezent betont. Die A-Linien-Silhouette f\u00e4llt sanft und elegant und verleiht dem Kleid eine luftige und zeitlose Ausstrahlung. Die zarten Tr\u00e4ger verleihen einen zus\u00e4tzlichen Hauch von Raffinesse, ohne den romantischen Look zu st\u00f6ren. Das Omeya ist die ideale Wahl f\u00fcr die Braut, die ein stilvolles, bequemes Kleid sucht, das sowohl modern als auch klassisch ist. Exklusiv bei Koonings The Wedding Palace erh\u00e4ltlich, bietet dieses Kleid die perfekte Balance zwischen Romantik und Schlichtheit.\",\"breadcrumb\":{\"@id\":\"https:\\\/\\\/www.koonings.com\\\/de\\\/product\\\/two-by-rosa-clara-omeya\\\/#breadcrumb\"},\"inLanguage\":\"de\",\"potentialAction\":[{\"@type\":\"ReadAction\",\"target\":[\"https:\\\/\\\/www.koonings.com\\\/de\\\/product\\\/two-by-rosa-clara-omeya\\\/\"]}]},{\"@type\":\"ImageObject\",\"inLanguage\":\"de\",\"@id\":\"https:\\\/\\\/www.koonings.com\\\/de\\\/product\\\/two-by-rosa-clara-omeya\\\/#primaryimage\",\"url\":\"https:\\\/\\\/www.koonings.com\\\/wp-content\\\/uploads\\\/2024\\\/11\\\/105_c173b39e7bca35ea450e0886d701fd2bc0bb3d621f2efb5996b348d0480492aa89c32df2-scaled.jpeg\",\"contentUrl\":\"https:\\\/\\\/www.koonings.com\\\/wp-content\\\/uploads\\\/2024\\\/11\\\/105_c173b39e7bca35ea450e0886d701fd2bc0bb3d621f2efb5996b348d0480492aa89c32df2-scaled.jpeg\",\"width\":1810,\"height\":2560},{\"@type\":\"BreadcrumbList\",\"@id\":\"https:\\\/\\\/www.koonings.com\\\/de\\\/product\\\/two-by-rosa-clara-omeya\\\/#breadcrumb\",\"itemListElement\":[{\"@type\":\"ListItem\",\"position\":1,\"name\":\"Home\",\"item\":\"https:\\\/\\\/www.koonings.com\\\/de\\\/\"},{\"@type\":\"ListItem\",\"position\":2,\"name\":\"Zwei von Rosa Clara Omeya\"}]},{\"@type\":\"WebSite\",\"@id\":\"https:\\\/\\\/www.koonings.com\\\/de\\\/#website\",\"url\":\"https:\\\/\\\/www.koonings.com\\\/de\\\/\",\"name\":\"Koonings\",\"description\":\"De grootste bruidsmodewinkel ter wereld\",\"publisher\":{\"@id\":\"https:\\\/\\\/www.koonings.com\\\/de\\\/#organization\"},\"potentialAction\":[{\"@type\":\"SearchAction\",\"target\":{\"@type\":\"EntryPoint\",\"urlTemplate\":\"https:\\\/\\\/www.koonings.com\\\/de\\\/?s={search_term_string}\"},\"query-input\":{\"@type\":\"PropertyValueSpecification\",\"valueRequired\":true,\"valueName\":\"search_term_string\"}}],\"inLanguage\":\"de\"},{\"@type\":\"Organization\",\"@id\":\"https:\\\/\\\/www.koonings.com\\\/de\\\/#organization\",\"name\":\"Koonings\",\"url\":\"https:\\\/\\\/www.koonings.com\\\/de\\\/\",\"logo\":{\"@type\":\"ImageObject\",\"inLanguage\":\"de\",\"@id\":\"https:\\\/\\\/www.koonings.com\\\/de\\\/#\\\/schema\\\/logo\\\/image\\\/\",\"url\":\"https:\\\/\\\/www.koonings.com\\\/wp-content\\\/uploads\\\/2024\\\/07\\\/logo.png\",\"contentUrl\":\"https:\\\/\\\/www.koonings.com\\\/wp-content\\\/uploads\\\/2024\\\/07\\\/logo.png\",\"width\":600,\"height\":428,\"caption\":\"Koonings\"},\"image\":{\"@id\":\"https:\\\/\\\/www.koonings.com\\\/de\\\/#\\\/schema\\\/logo\\\/image\\\/\"},\"sameAs\":[\"https:\\\/\\\/www.facebook.com\\\/kooningstheweddingpalace\",\"https:\\\/\\\/www.instagram.com\\\/kooningstheweddingpalace\",\"https:\\\/\\\/www.pinterest.com\\\/koonings\",\"https:\\\/\\\/www.youtube.com\\\/kooningstheweddingpalace\"]}]}<\/script>\n<!-- \/ Yoast SEO plugin. -->","yoast_head_json":{"title":"Zwei von Rosa Clara Omeya | Koonings","description":"Omeya ist ein elegantes und raffiniertes Hochzeitskleid, das die weiblichen Formen perfekt unterstreicht. Das Kleid in zartem Elfenbein hat einen raffinierten V-Ausschnitt, der das Dekollet\u00e9 dezent betont. Die A-Linien-Silhouette f\u00e4llt sanft und elegant und verleiht dem Kleid eine luftige und zeitlose Ausstrahlung. Die zarten Tr\u00e4ger verleihen einen zus\u00e4tzlichen Hauch von Raffinesse, ohne den romantischen Look zu st\u00f6ren. Das Omeya ist die ideale Wahl f\u00fcr die Braut, die ein stilvolles, bequemes Kleid sucht, das sowohl modern als auch klassisch ist. Exklusiv bei Koonings The Wedding Palace erh\u00e4ltlich, bietet dieses Kleid die perfekte Balance zwischen Romantik und Schlichtheit.","robots":{"index":"index","follow":"follow","max-snippet":"max-snippet:-1","max-image-preview":"max-image-preview:large","max-video-preview":"max-video-preview:-1"},"canonical":"https:\/\/www.koonings.com\/de\/product\/two-by-rosa-clara-omeya\/","og_locale":"de_DE","og_type":"article","og_title":"Zwei von Rosa Clara Omeya | Koonings","og_description":"Omeya ist ein elegantes und raffiniertes Hochzeitskleid, das die weiblichen Formen perfekt unterstreicht. Das Kleid in zartem Elfenbein hat einen raffinierten V-Ausschnitt, der das Dekollet\u00e9 dezent betont. Die A-Linien-Silhouette f\u00e4llt sanft und elegant und verleiht dem Kleid eine luftige und zeitlose Ausstrahlung. Die zarten Tr\u00e4ger verleihen einen zus\u00e4tzlichen Hauch von Raffinesse, ohne den romantischen Look zu st\u00f6ren. Das Omeya ist die ideale Wahl f\u00fcr die Braut, die ein stilvolles, bequemes Kleid sucht, das sowohl modern als auch klassisch ist. Exklusiv bei Koonings The Wedding Palace erh\u00e4ltlich, bietet dieses Kleid die perfekte Balance zwischen Romantik und Schlichtheit.","og_url":"https:\/\/www.koonings.com\/de\/product\/two-by-rosa-clara-omeya\/","og_site_name":"Koonings","article_publisher":"https:\/\/www.facebook.com\/kooningstheweddingpalace","og_image":[{"width":1810,"height":2560,"url":"https:\/\/www.koonings.com\/wp-content\/uploads\/2024\/11\/105_c173b39e7bca35ea450e0886d701fd2bc0bb3d621f2efb5996b348d0480492aa89c32df2-scaled.jpeg","type":"image\/jpeg"}],"twitter_card":"summary_large_image","twitter_misc":{"Gesch\u00e4tzte Lesezeit":"1\u00a0Minute"},"schema":{"@context":"https:\/\/schema.org","@graph":[{"@type":"WebPage","@id":"https:\/\/www.koonings.com\/de\/product\/two-by-rosa-clara-omeya\/","url":"https:\/\/www.koonings.com\/de\/product\/two-by-rosa-clara-omeya\/","name":"Zwei von Rosa Clara Omeya | Koonings","isPartOf":{"@id":"https:\/\/www.koonings.com\/de\/#website"},"primaryImageOfPage":{"@id":"https:\/\/www.koonings.com\/de\/product\/two-by-rosa-clara-omeya\/#primaryimage"},"image":{"@id":"https:\/\/www.koonings.com\/de\/product\/two-by-rosa-clara-omeya\/#primaryimage"},"thumbnailUrl":"https:\/\/www.koonings.com\/wp-content\/uploads\/2024\/11\/105_c173b39e7bca35ea450e0886d701fd2bc0bb3d621f2efb5996b348d0480492aa89c32df2-scaled.jpeg","datePublished":"2026-04-21T16:02:07+00:00","description":"Omeya ist ein elegantes und raffiniertes Hochzeitskleid, das die weiblichen Formen perfekt unterstreicht. Das Kleid in zartem Elfenbein hat einen raffinierten V-Ausschnitt, der das Dekollet\u00e9 dezent betont. Die A-Linien-Silhouette f\u00e4llt sanft und elegant und verleiht dem Kleid eine luftige und zeitlose Ausstrahlung. Die zarten Tr\u00e4ger verleihen einen zus\u00e4tzlichen Hauch von Raffinesse, ohne den romantischen Look zu st\u00f6ren. Das Omeya ist die ideale Wahl f\u00fcr die Braut, die ein stilvolles, bequemes Kleid sucht, das sowohl modern als auch klassisch ist. Exklusiv bei Koonings The Wedding Palace erh\u00e4ltlich, bietet dieses Kleid die perfekte Balance zwischen Romantik und Schlichtheit.","breadcrumb":{"@id":"https:\/\/www.koonings.com\/de\/product\/two-by-rosa-clara-omeya\/#breadcrumb"},"inLanguage":"de","potentialAction":[{"@type":"ReadAction","target":["https:\/\/www.koonings.com\/de\/product\/two-by-rosa-clara-omeya\/"]}]},{"@type":"ImageObject","inLanguage":"de","@id":"https:\/\/www.koonings.com\/de\/product\/two-by-rosa-clara-omeya\/#primaryimage","url":"https:\/\/www.koonings.com\/wp-content\/uploads\/2024\/11\/105_c173b39e7bca35ea450e0886d701fd2bc0bb3d621f2efb5996b348d0480492aa89c32df2-scaled.jpeg","contentUrl":"https:\/\/www.koonings.com\/wp-content\/uploads\/2024\/11\/105_c173b39e7bca35ea450e0886d701fd2bc0bb3d621f2efb5996b348d0480492aa89c32df2-scaled.jpeg","width":1810,"height":2560},{"@type":"BreadcrumbList","@id":"https:\/\/www.koonings.com\/de\/product\/two-by-rosa-clara-omeya\/#breadcrumb","itemListElement":[{"@type":"ListItem","position":1,"name":"Home","item":"https:\/\/www.koonings.com\/de\/"},{"@type":"ListItem","position":2,"name":"Zwei von Rosa Clara Omeya"}]},{"@type":"WebSite","@id":"https:\/\/www.koonings.com\/de\/#website","url":"https:\/\/www.koonings.com\/de\/","name":"Koonings","description":"De grootste bruidsmodewinkel ter wereld","publisher":{"@id":"https:\/\/www.koonings.com\/de\/#organization"},"potentialAction":[{"@type":"SearchAction","target":{"@type":"EntryPoint","urlTemplate":"https:\/\/www.koonings.com\/de\/?s={search_term_string}"},"query-input":{"@type":"PropertyValueSpecification","valueRequired":true,"valueName":"search_term_string"}}],"inLanguage":"de"},{"@type":"Organization","@id":"https:\/\/www.koonings.com\/de\/#organization","name":"Koonings","url":"https:\/\/www.koonings.com\/de\/","logo":{"@type":"ImageObject","inLanguage":"de","@id":"https:\/\/www.koonings.com\/de\/#\/schema\/logo\/image\/","url":"https:\/\/www.koonings.com\/wp-content\/uploads\/2024\/07\/logo.png","contentUrl":"https:\/\/www.koonings.com\/wp-content\/uploads\/2024\/07\/logo.png","width":600,"height":428,"caption":"Koonings"},"image":{"@id":"https:\/\/www.koonings.com\/de\/#\/schema\/logo\/image\/"},"sameAs":["https:\/\/www.facebook.com\/kooningstheweddingpalace","https:\/\/www.instagram.com\/kooningstheweddingpalace","https:\/\/www.pinterest.com\/koonings","https:\/\/www.youtube.com\/kooningstheweddingpalace"]}]}},"_links":{"self":[{"href":"https:\/\/www.koonings.com\/de\/wp-json\/wp\/v2\/product\/78535","targetHints":{"allow":["GET"]}}],"collection":[{"href":"https:\/\/www.koonings.com\/de\/wp-json\/wp\/v2\/product"}],"about":[{"href":"https:\/\/www.koonings.com\/de\/wp-json\/wp\/v2\/types\/product"}],"wp:featuredmedia":[{"embeddable":true,"href":"https:\/\/www.koonings.com\/de\/wp-json\/wp\/v2\/media\/63363"}],"wp:attachment":[{"href":"https:\/\/www.koonings.com\/de\/wp-json\/wp\/v2\/media?parent=78535"}],"wp:term":[{"taxonomy":"productdetails","embeddable":true,"href":"https:\/\/www.koonings.com\/de\/wp-json\/wp\/v2\/productdetails?post=78535"},{"taxonomy":"productneck","embeddable":true,"href":"https:\/\/www.koonings.com\/de\/wp-json\/wp\/v2\/productneck?post=78535"},{"taxonomy":"productcolor","embeddable":true,"href":"https:\/\/www.koonings.com\/de\/wp-json\/wp\/v2\/productcolor?post=78535"},{"taxonomy":"maat","embeddable":true,"href":"https:\/\/www.koonings.com\/de\/wp-json\/wp\/v2\/maat?post=78535"},{"taxonomy":"productsupplier","embeddable":true,"href":"https:\/\/www.koonings.com\/de\/wp-json\/wp\/v2\/productsupplier?post=78535"},{"taxonomy":"productsleeve","embeddable":true,"href":"https:\/\/www.koonings.com\/de\/wp-json\/wp\/v2\/productsleeve?post=78535"},{"taxonomy":"productcategory","embeddable":true,"href":"https:\/\/www.koonings.com\/de\/wp-json\/wp\/v2\/productcategory?post=78535"},{"taxonomy":"productsilhouette","embeddable":true,"href":"https:\/\/www.koonings.com\/de\/wp-json\/wp\/v2\/productsilhouette?post=78535"},{"taxonomy":"productstyle","embeddable":true,"href":"https:\/\/www.koonings.com\/de\/wp-json\/wp\/v2\/productstyle?post=78535"}],"curies":[{"name":"wp","href":"https:\/\/api.w.org\/{rel}","templated":true}]}}