{"id":78534,"date":"2026-03-27T16:02:06","date_gmt":"2026-03-27T15:02:06","guid":{"rendered":"https:\/\/www.koonings.com\/product\/two-by-rosa-clara-eco\/"},"modified":"2026-02-16T14:46:16","modified_gmt":"2026-02-16T13:46:16","slug":"two-by-rosa-clara-eco","status":"publish","type":"product","link":"https:\/\/www.koonings.com\/de\/product\/two-by-rosa-clara-eco\/","title":{"rendered":"Zwei von Rosa Clara Eco"},"content":{"rendered":"<p>Eco ist ein atemberaubendes Hochzeitskleid, das die perfekte Balance zwischen klassischer Eleganz und romantischem Charme findet. Das Kleid in zartem Elfenbein hat einen hochgeschlossenen, herzf\u00f6rmigen Ausschnitt, der f\u00fcr einen raffinierten und modernen Look sorgt und gleichzeitig die weiblichen Formen dezent betont. Die A-Linien-Silhouette f\u00e4llt sanft \u00fcber den K\u00f6rper und schafft einen leichten, luftigen Look, der perfekt f\u00fcr eine romantische Hochzeit ist. Die Tr\u00e4ger verleihen dem Kleid einen zus\u00e4tzlichen Hauch von Eleganz, ohne den zeitlosen Look zu st\u00f6ren. Das Eco ist die ideale Wahl f\u00fcr die Braut, die ein klassisches, aber dennoch modernes Kleid sucht. Dieses Kleid ist exklusiv bei Koonings The Wedding Palace erh\u00e4ltlich und bietet eine perfekte Kombination aus Raffinesse, Romantik und Komfort.     <\/p>\n","protected":false},"featured_media":63333,"template":"","meta":{"_acf_changed":false,"ghostkit_customizer_options":"","ghostkit_custom_css":"","ghostkit_custom_js_head":"","ghostkit_custom_js_foot":"","ghostkit_typography":""},"productdetails":[],"productneck":[350,355],"productcolor":[392],"maat":[],"productsupplier":[397],"productsleeve":[359],"productcategory":[18],"productsilhouette":[384,389],"productstyle":[369,366],"class_list":["post-78534","product","type-product","status-publish","has-post-thumbnail","hentry","productneck-350","productneck-355","productcolor-392","productsupplier-two-by-rosa-clara","productsleeve-359","productcategory-trouwjurken","productsilhouette-384","productsilhouette-389","productstyle-369","productstyle-366"],"acf":[],"yoast_head":"<!-- This site is optimized with the Yoast SEO plugin v26.8 - https:\/\/yoast.com\/product\/yoast-seo-wordpress\/ -->\n<title>Zwei von Rosa Clara Eco | Koonings<\/title>\n<meta name=\"description\" content=\"Eco ist ein atemberaubendes Hochzeitskleid, das die perfekte Balance zwischen klassischer Eleganz und romantischem Charme findet. Das Kleid in zartem Elfenbein hat einen hochgeschlossenen, herzf\u00f6rmigen Ausschnitt, der f\u00fcr einen raffinierten und modernen Look sorgt und gleichzeitig die weiblichen Formen dezent betont. Die A-Linien-Silhouette f\u00e4llt sanft \u00fcber den K\u00f6rper und schafft einen leichten, luftigen Look, der perfekt f\u00fcr eine romantische Hochzeit ist. Die Tr\u00e4ger verleihen dem Kleid einen zus\u00e4tzlichen Hauch von Eleganz, ohne den zeitlosen Look zu st\u00f6ren. Das Eco ist die ideale Wahl f\u00fcr die Braut, die ein klassisches, aber dennoch modernes Kleid sucht. Dieses Kleid ist exklusiv bei Koonings The Wedding Palace erh\u00e4ltlich und bietet eine perfekte Kombination aus Raffinesse, Romantik und Komfort.\" \/>\n<meta name=\"robots\" content=\"index, follow, max-snippet:-1, max-image-preview:large, max-video-preview:-1\" \/>\n<link rel=\"canonical\" href=\"https:\/\/www.koonings.com\/de\/product\/two-by-rosa-clara-eco\/\" \/>\n<meta property=\"og:locale\" content=\"de_DE\" \/>\n<meta property=\"og:type\" content=\"article\" \/>\n<meta property=\"og:title\" content=\"Zwei von Rosa Clara Eco | Koonings\" \/>\n<meta property=\"og:description\" content=\"Eco ist ein atemberaubendes Hochzeitskleid, das die perfekte Balance zwischen klassischer Eleganz und romantischem Charme findet. Das Kleid in zartem Elfenbein hat einen hochgeschlossenen, herzf\u00f6rmigen Ausschnitt, der f\u00fcr einen raffinierten und modernen Look sorgt und gleichzeitig die weiblichen Formen dezent betont. Die A-Linien-Silhouette f\u00e4llt sanft \u00fcber den K\u00f6rper und schafft einen leichten, luftigen Look, der perfekt f\u00fcr eine romantische Hochzeit ist. Die Tr\u00e4ger verleihen dem Kleid einen zus\u00e4tzlichen Hauch von Eleganz, ohne den zeitlosen Look zu st\u00f6ren. Das Eco ist die ideale Wahl f\u00fcr die Braut, die ein klassisches, aber dennoch modernes Kleid sucht. Dieses Kleid ist exklusiv bei Koonings The Wedding Palace erh\u00e4ltlich und bietet eine perfekte Kombination aus Raffinesse, Romantik und Komfort.\" \/>\n<meta property=\"og:url\" content=\"https:\/\/www.koonings.com\/de\/product\/two-by-rosa-clara-eco\/\" \/>\n<meta property=\"og:site_name\" content=\"Koonings\" \/>\n<meta property=\"article:publisher\" content=\"https:\/\/www.facebook.com\/kooningstheweddingpalace\" \/>\n<meta property=\"og:image\" content=\"https:\/\/www.koonings.com\/wp-content\/uploads\/2024\/11\/52_a20c1b0925f2cc6837e03ae3cb2a679370e4b8673b5cbe5b2e8170b8289629be6779efd0.jpeg\" \/>\n\t<meta property=\"og:image:width\" content=\"703\" \/>\n\t<meta property=\"og:image:height\" content=\"907\" \/>\n\t<meta property=\"og:image:type\" content=\"image\/jpeg\" \/>\n<meta name=\"twitter:card\" content=\"summary_large_image\" \/>\n<meta name=\"twitter:label1\" content=\"Gesch\u00e4tzte Lesezeit\" \/>\n\t<meta name=\"twitter:data1\" content=\"1\u00a0Minute\" \/>\n<script type=\"application\/ld+json\" class=\"yoast-schema-graph\">{\"@context\":\"https:\/\/schema.org\",\"@graph\":[{\"@type\":\"WebPage\",\"@id\":\"https:\/\/www.koonings.com\/de\/product\/two-by-rosa-clara-eco\/\",\"url\":\"https:\/\/www.koonings.com\/de\/product\/two-by-rosa-clara-eco\/\",\"name\":\"Zwei von Rosa Clara Eco | Koonings\",\"isPartOf\":{\"@id\":\"https:\/\/www.koonings.com\/de\/#website\"},\"primaryImageOfPage\":{\"@id\":\"https:\/\/www.koonings.com\/de\/product\/two-by-rosa-clara-eco\/#primaryimage\"},\"image\":{\"@id\":\"https:\/\/www.koonings.com\/de\/product\/two-by-rosa-clara-eco\/#primaryimage\"},\"thumbnailUrl\":\"https:\/\/www.koonings.com\/wp-content\/uploads\/2024\/11\/52_a20c1b0925f2cc6837e03ae3cb2a679370e4b8673b5cbe5b2e8170b8289629be6779efd0.jpeg\",\"datePublished\":\"2026-03-27T15:02:06+00:00\",\"description\":\"Eco ist ein atemberaubendes Hochzeitskleid, das die perfekte Balance zwischen klassischer Eleganz und romantischem Charme findet. Das Kleid in zartem Elfenbein hat einen hochgeschlossenen, herzf\u00f6rmigen Ausschnitt, der f\u00fcr einen raffinierten und modernen Look sorgt und gleichzeitig die weiblichen Formen dezent betont. Die A-Linien-Silhouette f\u00e4llt sanft \u00fcber den K\u00f6rper und schafft einen leichten, luftigen Look, der perfekt f\u00fcr eine romantische Hochzeit ist. Die Tr\u00e4ger verleihen dem Kleid einen zus\u00e4tzlichen Hauch von Eleganz, ohne den zeitlosen Look zu st\u00f6ren. Das Eco ist die ideale Wahl f\u00fcr die Braut, die ein klassisches, aber dennoch modernes Kleid sucht. Dieses Kleid ist exklusiv bei Koonings The Wedding Palace erh\u00e4ltlich und bietet eine perfekte Kombination aus Raffinesse, Romantik und Komfort.\",\"breadcrumb\":{\"@id\":\"https:\/\/www.koonings.com\/de\/product\/two-by-rosa-clara-eco\/#breadcrumb\"},\"inLanguage\":\"de\",\"potentialAction\":[{\"@type\":\"ReadAction\",\"target\":[\"https:\/\/www.koonings.com\/de\/product\/two-by-rosa-clara-eco\/\"]}]},{\"@type\":\"ImageObject\",\"inLanguage\":\"de\",\"@id\":\"https:\/\/www.koonings.com\/de\/product\/two-by-rosa-clara-eco\/#primaryimage\",\"url\":\"https:\/\/www.koonings.com\/wp-content\/uploads\/2024\/11\/52_a20c1b0925f2cc6837e03ae3cb2a679370e4b8673b5cbe5b2e8170b8289629be6779efd0.jpeg\",\"contentUrl\":\"https:\/\/www.koonings.com\/wp-content\/uploads\/2024\/11\/52_a20c1b0925f2cc6837e03ae3cb2a679370e4b8673b5cbe5b2e8170b8289629be6779efd0.jpeg\",\"width\":703,\"height\":907},{\"@type\":\"BreadcrumbList\",\"@id\":\"https:\/\/www.koonings.com\/de\/product\/two-by-rosa-clara-eco\/#breadcrumb\",\"itemListElement\":[{\"@type\":\"ListItem\",\"position\":1,\"name\":\"Home\",\"item\":\"https:\/\/www.koonings.com\/de\/\"},{\"@type\":\"ListItem\",\"position\":2,\"name\":\"Zwei von Rosa Clara Eco\"}]},{\"@type\":\"WebSite\",\"@id\":\"https:\/\/www.koonings.com\/de\/#website\",\"url\":\"https:\/\/www.koonings.com\/de\/\",\"name\":\"Koonings\",\"description\":\"De grootste bruidsmodewinkel ter wereld\",\"publisher\":{\"@id\":\"https:\/\/www.koonings.com\/de\/#organization\"},\"potentialAction\":[{\"@type\":\"SearchAction\",\"target\":{\"@type\":\"EntryPoint\",\"urlTemplate\":\"https:\/\/www.koonings.com\/de\/?s={search_term_string}\"},\"query-input\":{\"@type\":\"PropertyValueSpecification\",\"valueRequired\":true,\"valueName\":\"search_term_string\"}}],\"inLanguage\":\"de\"},{\"@type\":\"Organization\",\"@id\":\"https:\/\/www.koonings.com\/de\/#organization\",\"name\":\"Koonings\",\"url\":\"https:\/\/www.koonings.com\/de\/\",\"logo\":{\"@type\":\"ImageObject\",\"inLanguage\":\"de\",\"@id\":\"https:\/\/www.koonings.com\/de\/#\/schema\/logo\/image\/\",\"url\":\"https:\/\/www.koonings.com\/wp-content\/uploads\/2024\/07\/logo.png\",\"contentUrl\":\"https:\/\/www.koonings.com\/wp-content\/uploads\/2024\/07\/logo.png\",\"width\":600,\"height\":428,\"caption\":\"Koonings\"},\"image\":{\"@id\":\"https:\/\/www.koonings.com\/de\/#\/schema\/logo\/image\/\"},\"sameAs\":[\"https:\/\/www.facebook.com\/kooningstheweddingpalace\",\"https:\/\/www.instagram.com\/kooningstheweddingpalace\",\"https:\/\/www.pinterest.com\/koonings\",\"https:\/\/www.youtube.com\/kooningstheweddingpalace\"]}]}<\/script>\n<!-- \/ Yoast SEO plugin. -->","yoast_head_json":{"title":"Zwei von Rosa Clara Eco | Koonings","description":"Eco ist ein atemberaubendes Hochzeitskleid, das die perfekte Balance zwischen klassischer Eleganz und romantischem Charme findet. Das Kleid in zartem Elfenbein hat einen hochgeschlossenen, herzf\u00f6rmigen Ausschnitt, der f\u00fcr einen raffinierten und modernen Look sorgt und gleichzeitig die weiblichen Formen dezent betont. Die A-Linien-Silhouette f\u00e4llt sanft \u00fcber den K\u00f6rper und schafft einen leichten, luftigen Look, der perfekt f\u00fcr eine romantische Hochzeit ist. Die Tr\u00e4ger verleihen dem Kleid einen zus\u00e4tzlichen Hauch von Eleganz, ohne den zeitlosen Look zu st\u00f6ren. Das Eco ist die ideale Wahl f\u00fcr die Braut, die ein klassisches, aber dennoch modernes Kleid sucht. Dieses Kleid ist exklusiv bei Koonings The Wedding Palace erh\u00e4ltlich und bietet eine perfekte Kombination aus Raffinesse, Romantik und Komfort.","robots":{"index":"index","follow":"follow","max-snippet":"max-snippet:-1","max-image-preview":"max-image-preview:large","max-video-preview":"max-video-preview:-1"},"canonical":"https:\/\/www.koonings.com\/de\/product\/two-by-rosa-clara-eco\/","og_locale":"de_DE","og_type":"article","og_title":"Zwei von Rosa Clara Eco | Koonings","og_description":"Eco ist ein atemberaubendes Hochzeitskleid, das die perfekte Balance zwischen klassischer Eleganz und romantischem Charme findet. Das Kleid in zartem Elfenbein hat einen hochgeschlossenen, herzf\u00f6rmigen Ausschnitt, der f\u00fcr einen raffinierten und modernen Look sorgt und gleichzeitig die weiblichen Formen dezent betont. Die A-Linien-Silhouette f\u00e4llt sanft \u00fcber den K\u00f6rper und schafft einen leichten, luftigen Look, der perfekt f\u00fcr eine romantische Hochzeit ist. Die Tr\u00e4ger verleihen dem Kleid einen zus\u00e4tzlichen Hauch von Eleganz, ohne den zeitlosen Look zu st\u00f6ren. Das Eco ist die ideale Wahl f\u00fcr die Braut, die ein klassisches, aber dennoch modernes Kleid sucht. Dieses Kleid ist exklusiv bei Koonings The Wedding Palace erh\u00e4ltlich und bietet eine perfekte Kombination aus Raffinesse, Romantik und Komfort.","og_url":"https:\/\/www.koonings.com\/de\/product\/two-by-rosa-clara-eco\/","og_site_name":"Koonings","article_publisher":"https:\/\/www.facebook.com\/kooningstheweddingpalace","og_image":[{"width":703,"height":907,"url":"https:\/\/www.koonings.com\/wp-content\/uploads\/2024\/11\/52_a20c1b0925f2cc6837e03ae3cb2a679370e4b8673b5cbe5b2e8170b8289629be6779efd0.jpeg","type":"image\/jpeg"}],"twitter_card":"summary_large_image","twitter_misc":{"Gesch\u00e4tzte Lesezeit":"1\u00a0Minute"},"schema":{"@context":"https:\/\/schema.org","@graph":[{"@type":"WebPage","@id":"https:\/\/www.koonings.com\/de\/product\/two-by-rosa-clara-eco\/","url":"https:\/\/www.koonings.com\/de\/product\/two-by-rosa-clara-eco\/","name":"Zwei von Rosa Clara Eco | Koonings","isPartOf":{"@id":"https:\/\/www.koonings.com\/de\/#website"},"primaryImageOfPage":{"@id":"https:\/\/www.koonings.com\/de\/product\/two-by-rosa-clara-eco\/#primaryimage"},"image":{"@id":"https:\/\/www.koonings.com\/de\/product\/two-by-rosa-clara-eco\/#primaryimage"},"thumbnailUrl":"https:\/\/www.koonings.com\/wp-content\/uploads\/2024\/11\/52_a20c1b0925f2cc6837e03ae3cb2a679370e4b8673b5cbe5b2e8170b8289629be6779efd0.jpeg","datePublished":"2026-03-27T15:02:06+00:00","description":"Eco ist ein atemberaubendes Hochzeitskleid, das die perfekte Balance zwischen klassischer Eleganz und romantischem Charme findet. Das Kleid in zartem Elfenbein hat einen hochgeschlossenen, herzf\u00f6rmigen Ausschnitt, der f\u00fcr einen raffinierten und modernen Look sorgt und gleichzeitig die weiblichen Formen dezent betont. Die A-Linien-Silhouette f\u00e4llt sanft \u00fcber den K\u00f6rper und schafft einen leichten, luftigen Look, der perfekt f\u00fcr eine romantische Hochzeit ist. Die Tr\u00e4ger verleihen dem Kleid einen zus\u00e4tzlichen Hauch von Eleganz, ohne den zeitlosen Look zu st\u00f6ren. Das Eco ist die ideale Wahl f\u00fcr die Braut, die ein klassisches, aber dennoch modernes Kleid sucht. Dieses Kleid ist exklusiv bei Koonings The Wedding Palace erh\u00e4ltlich und bietet eine perfekte Kombination aus Raffinesse, Romantik und Komfort.","breadcrumb":{"@id":"https:\/\/www.koonings.com\/de\/product\/two-by-rosa-clara-eco\/#breadcrumb"},"inLanguage":"de","potentialAction":[{"@type":"ReadAction","target":["https:\/\/www.koonings.com\/de\/product\/two-by-rosa-clara-eco\/"]}]},{"@type":"ImageObject","inLanguage":"de","@id":"https:\/\/www.koonings.com\/de\/product\/two-by-rosa-clara-eco\/#primaryimage","url":"https:\/\/www.koonings.com\/wp-content\/uploads\/2024\/11\/52_a20c1b0925f2cc6837e03ae3cb2a679370e4b8673b5cbe5b2e8170b8289629be6779efd0.jpeg","contentUrl":"https:\/\/www.koonings.com\/wp-content\/uploads\/2024\/11\/52_a20c1b0925f2cc6837e03ae3cb2a679370e4b8673b5cbe5b2e8170b8289629be6779efd0.jpeg","width":703,"height":907},{"@type":"BreadcrumbList","@id":"https:\/\/www.koonings.com\/de\/product\/two-by-rosa-clara-eco\/#breadcrumb","itemListElement":[{"@type":"ListItem","position":1,"name":"Home","item":"https:\/\/www.koonings.com\/de\/"},{"@type":"ListItem","position":2,"name":"Zwei von Rosa Clara Eco"}]},{"@type":"WebSite","@id":"https:\/\/www.koonings.com\/de\/#website","url":"https:\/\/www.koonings.com\/de\/","name":"Koonings","description":"De grootste bruidsmodewinkel ter wereld","publisher":{"@id":"https:\/\/www.koonings.com\/de\/#organization"},"potentialAction":[{"@type":"SearchAction","target":{"@type":"EntryPoint","urlTemplate":"https:\/\/www.koonings.com\/de\/?s={search_term_string}"},"query-input":{"@type":"PropertyValueSpecification","valueRequired":true,"valueName":"search_term_string"}}],"inLanguage":"de"},{"@type":"Organization","@id":"https:\/\/www.koonings.com\/de\/#organization","name":"Koonings","url":"https:\/\/www.koonings.com\/de\/","logo":{"@type":"ImageObject","inLanguage":"de","@id":"https:\/\/www.koonings.com\/de\/#\/schema\/logo\/image\/","url":"https:\/\/www.koonings.com\/wp-content\/uploads\/2024\/07\/logo.png","contentUrl":"https:\/\/www.koonings.com\/wp-content\/uploads\/2024\/07\/logo.png","width":600,"height":428,"caption":"Koonings"},"image":{"@id":"https:\/\/www.koonings.com\/de\/#\/schema\/logo\/image\/"},"sameAs":["https:\/\/www.facebook.com\/kooningstheweddingpalace","https:\/\/www.instagram.com\/kooningstheweddingpalace","https:\/\/www.pinterest.com\/koonings","https:\/\/www.youtube.com\/kooningstheweddingpalace"]}]}},"_links":{"self":[{"href":"https:\/\/www.koonings.com\/de\/wp-json\/wp\/v2\/product\/78534","targetHints":{"allow":["GET"]}}],"collection":[{"href":"https:\/\/www.koonings.com\/de\/wp-json\/wp\/v2\/product"}],"about":[{"href":"https:\/\/www.koonings.com\/de\/wp-json\/wp\/v2\/types\/product"}],"wp:featuredmedia":[{"embeddable":true,"href":"https:\/\/www.koonings.com\/de\/wp-json\/wp\/v2\/media\/63333"}],"wp:attachment":[{"href":"https:\/\/www.koonings.com\/de\/wp-json\/wp\/v2\/media?parent=78534"}],"wp:term":[{"taxonomy":"productdetails","embeddable":true,"href":"https:\/\/www.koonings.com\/de\/wp-json\/wp\/v2\/productdetails?post=78534"},{"taxonomy":"productneck","embeddable":true,"href":"https:\/\/www.koonings.com\/de\/wp-json\/wp\/v2\/productneck?post=78534"},{"taxonomy":"productcolor","embeddable":true,"href":"https:\/\/www.koonings.com\/de\/wp-json\/wp\/v2\/productcolor?post=78534"},{"taxonomy":"maat","embeddable":true,"href":"https:\/\/www.koonings.com\/de\/wp-json\/wp\/v2\/maat?post=78534"},{"taxonomy":"productsupplier","embeddable":true,"href":"https:\/\/www.koonings.com\/de\/wp-json\/wp\/v2\/productsupplier?post=78534"},{"taxonomy":"productsleeve","embeddable":true,"href":"https:\/\/www.koonings.com\/de\/wp-json\/wp\/v2\/productsleeve?post=78534"},{"taxonomy":"productcategory","embeddable":true,"href":"https:\/\/www.koonings.com\/de\/wp-json\/wp\/v2\/productcategory?post=78534"},{"taxonomy":"productsilhouette","embeddable":true,"href":"https:\/\/www.koonings.com\/de\/wp-json\/wp\/v2\/productsilhouette?post=78534"},{"taxonomy":"productstyle","embeddable":true,"href":"https:\/\/www.koonings.com\/de\/wp-json\/wp\/v2\/productstyle?post=78534"}],"curies":[{"name":"wp","href":"https:\/\/api.w.org\/{rel}","templated":true}]}}